{"id":3,"date":"2020-12-13T06:29:18","date_gmt":"2020-12-13T06:29:18","guid":{"rendered":"https:\/\/potteryart.eu\/?page_id=3"},"modified":"2021-03-30T09:14:19","modified_gmt":"2021-03-30T09:14:19","slug":"splosni-pogoji-poslovanja","status":"publish","type":"page","link":"https:\/\/potteryart.eu\/en_gb\/splosni-pogoji-poslovanja\/","title":{"rendered":"General terms and conditions"},"content":{"rendered":"<div data-elementor-type=\"wp-page\" data-elementor-id=\"3\" class=\"elementor elementor-3\" data-elementor-post-type=\"page\">\n\t\t\t\t\t\t<section class=\"elementor-section elementor-top-section elementor-element elementor-element-256f8d8a elementor-section-boxed elementor-section-height-default elementor-section-height-default\" data-id=\"256f8d8a\" data-element_type=\"section\" data-e-type=\"section\">\n\t\t\t\t\t\t<div class=\"elementor-container elementor-column-gap-default\">\n\t\t\t\t\t<div class=\"elementor-column elementor-col-100 elementor-top-column elementor-element elementor-element-6eb69544\" data-id=\"6eb69544\" data-element_type=\"column\" data-e-type=\"column\">\n\t\t\t<div class=\"elementor-widget-wrap elementor-element-populated\">\n\t\t\t\t\t\t<div class=\"elementor-element elementor-element-a436339 elementor-widget elementor-widget-heading\" data-id=\"a436339\" data-element_type=\"widget\" data-e-type=\"widget\" data-widget_type=\"heading.default\">\n\t\t\t\t<div class=\"elementor-widget-container\">\n\t\t\t\t\t<h4 class=\"elementor-heading-title elementor-size-default\">General terms and conditions<\/h4>\t\t\t\t<\/div>\n\t\t\t\t<\/div>\n\t\t\t\t<div class=\"elementor-element elementor-element-767f4a56 elementor-widget elementor-widget-text-editor\" data-id=\"767f4a56\" data-element_type=\"widget\" data-e-type=\"widget\" data-widget_type=\"text-editor.default\">\n\t\t\t\t<div class=\"elementor-widget-container\">\n\t\t\t\t\t\t\t\t\t<p><\/p>\n<p><strong>Company information:<\/strong><br>Zajc Polona s.p.<br>Muljava 3, 1234 Menge\u0161, Slovenija<br>Tax number: SI64347354<br>Registration number: 5493904000<br>SKD: C23.410<br>Taxpayer: No<br>Tel: 031-500-054<br>E-mail: info@potteryart.eu<\/p>\n<p><\/p>\n<p>General terms and conditions determine the work of the Zajc Polona s.p. online shop (hereinafter \u00bbthe shop\u00ab), the rights and obligations of the user and the shop, govern the business relationship between Zajc Polona s.p. and the buyer, and determine the individual rules of buying items listed in the online shop. The general terms of the online shop are made in concordance with Consumer Protection Law, Personal Data Protection Act and Law on Electronic Communications.&nbsp;<\/p>\n<p><\/p>\n<p>Prices of the made items are the same for a natural person as for a legal entity. The price of the individual item is listed at the each item seperately. Depending on the weight of the product, there will be a direct link next to the photo that leads to the table with the postal charge for different countries (delivery service: Post of Slovenia), where you will be able to calculate the postal charge for the order.<br>Method of payment is pro forma invoice. You make the payment based on the pro forma invoice, which you recieve via email. After the payment has been made, you send me the confirmation of payment on the email address and I send you the ordered items via post. The original invoice will be a part of the sent package.<\/p>\n<p><\/p>\n<p><strong>Payment details:<\/strong><br>Zajc Polona<br>Muljava 3<br>1234 Menge\u0161<br>Slovenija<\/p>\n<p><\/p>\n<p>The shipment of goods is done on the same or the next (working) day for the items in store. For the items that are custom-made the delivery period is determined individually. The ordered items can be acquired in person at the address, where the company is based - Zajc Polona s.p. Muljava 3, 1234 Menge\u0161, by prior arrangement.<\/p>\n<p><\/p>\n<p>Pravica do vra\u010dila izdelka je kupcem zagotovljena po Zakonu o varstvu potro\u0161nikov (43. \u010dlen), in sicer imajo kupci pravico do vra\u010dila kupljenega izdelka v \u0161tirinajstih dneh, brez navedenega razloga. V primeru, da prejmete po\u0161kodovan izdelek se prosim obrnite direktno na mene preko elektronske po\u0161te:&nbsp;info@potteryart.eu ali po telefonu: 031-500-054.<\/p>\n<p><\/p>\n<p>Personal data protection is ensured by Personal Data Protection Act.<\/p>\n<p><\/p>\n<p>Your personal information is gathered to process the payment. All the personal data is carefully secured and will not be forwarded to any unauthorised person. Personal data is stored as long as necessary to reach the goal for which the data was gathered. After the data is processed, your personal information will be deleted.<\/p>\n<p><\/p>\n<p>Each product found on the website zajcpolona.si is made in my workshop, based on my own ideas. The products are created by hand through different techniques. You will find details about that next to each specific item. High quality materials are used at work, which I fire at adequate temperatures. The producer's instructions are followed. The products, which are purposed get in contact with food, have an additional certificate that states all the used materials. The tracibility of the product is thus provided.<\/p>\n<p><\/p>\n<p>I can make a special custom made product by prior arrangement, if you are unable to find one for you within the shown products.\nEach product is unique. There is a number of mades pieces listed at every product. If you would need several identical items that can be made possible by prior arrangement.<\/p>\n<p><\/p>\t\t\t\t\t\t\t\t<\/div>\n\t\t\t\t<\/div>\n\t\t\t\t\t<\/div>\n\t\t<\/div>\n\t\t\t\t\t<\/div>\n\t\t<\/section>\n\t\t\t\t<\/div>","protected":false},"excerpt":{"rendered":"<p>Splo\u0161ni pogoji poslovanja Podatki o podjetju:Zajc Polona s.p.Muljava 3, 1234 Menge\u0161, SlovenijaD\u0160: SI64347354M\u0160: 5493904000SKD: C23.410Dav\u010dni zavezanec: NeTel: 031-500-054E-mail: info@potteryart.eu Splo\u0161ni&nbsp;pogoji poslovanja dolo\u010dajo delovanje spletne trgovine Zajc Polona s.p. (v nadaljevanju \u00bbtrgovina\u00ab), pravice in obveznosti uporabnika in trgovine, urejajo poslovni odnos med Zajc Polono s.p in kupcem ter urejajo posamezna pravila nakupa&nbsp;izdelkov v spletni trgovini. Splo\u0161ni [&hellip;]<\/p>\n","protected":false},"author":1,"featured_media":0,"parent":0,"menu_order":0,"comment_status":"closed","ping_status":"closed","template":"","meta":{"footnotes":""},"class_list":["post-3","page","type-page","status-publish","hentry"],"yoast_head":"<!-- This site is optimized with the Yoast SEO Premium plugin v27.5 (Yoast SEO v27.5) - https:\/\/yoast.com\/product\/yoast-seo-premium-wordpress\/ -->\n<title>Splo\u0161ni pogoji poslovanja - Zajc Polona<\/title>\n<meta name=\"robots\" content=\"index, follow, max-snippet:-1, max-image-preview:large, max-video-preview:-1\" \/>\n<link rel=\"canonical\" href=\"https:\/\/potteryart.eu\/en_gb\/splosni-pogoji-poslovanja\/\" \/>\n<meta property=\"og:locale\" content=\"en_GB\" \/>\n<meta property=\"og:type\" content=\"article\" \/>\n<meta property=\"og:title\" content=\"Splo\u0161ni pogoji poslovanja\" \/>\n<meta property=\"og:description\" content=\"Splo\u0161ni pogoji poslovanja Podatki o podjetju:Zajc Polona s.p.Muljava 3, 1234 Menge\u0161, SlovenijaD\u0160: SI64347354M\u0160: 5493904000SKD: C23.410Dav\u010dni zavezanec: NeTel: 031-500-054E-mail: info@potteryart.eu Splo\u0161ni&nbsp;pogoji poslovanja dolo\u010dajo delovanje spletne trgovine Zajc Polona s.p. (v nadaljevanju \u00bbtrgovina\u00ab), pravice in obveznosti uporabnika in trgovine, urejajo poslovni odnos med Zajc Polono s.p in kupcem ter urejajo posamezna pravila nakupa&nbsp;izdelkov v spletni trgovini. Splo\u0161ni [&hellip;]\" \/>\n<meta property=\"og:url\" content=\"https:\/\/potteryart.eu\/en_gb\/splosni-pogoji-poslovanja\/\" \/>\n<meta property=\"og:site_name\" content=\"Zajc Polona\" \/>\n<meta property=\"article:modified_time\" content=\"2021-03-30T09:14:19+00:00\" \/>\n<meta name=\"twitter:card\" content=\"summary_large_image\" \/>\n<meta name=\"twitter:label1\" content=\"Estimated reading time\" \/>\n\t<meta name=\"twitter:data1\" content=\"3 minutes\" \/>\n<script type=\"application\/ld+json\" class=\"yoast-schema-graph\">{\"@context\":\"https:\\\/\\\/schema.org\",\"@graph\":[{\"@type\":\"WebPage\",\"@id\":\"https:\\\/\\\/potteryart.eu\\\/splosni-pogoji-poslovanja\\\/\",\"url\":\"https:\\\/\\\/potteryart.eu\\\/splosni-pogoji-poslovanja\\\/\",\"name\":\"Splo\u0161ni pogoji poslovanja - Zajc Polona\",\"isPartOf\":{\"@id\":\"https:\\\/\\\/potteryart.eu\\\/#website\"},\"datePublished\":\"2020-12-13T06:29:18+00:00\",\"dateModified\":\"2021-03-30T09:14:19+00:00\",\"breadcrumb\":{\"@id\":\"https:\\\/\\\/potteryart.eu\\\/splosni-pogoji-poslovanja\\\/#breadcrumb\"},\"inLanguage\":\"en-GB\",\"potentialAction\":[{\"@type\":\"ReadAction\",\"target\":[\"https:\\\/\\\/potteryart.eu\\\/splosni-pogoji-poslovanja\\\/\"]}]},{\"@type\":\"BreadcrumbList\",\"@id\":\"https:\\\/\\\/potteryart.eu\\\/splosni-pogoji-poslovanja\\\/#breadcrumb\",\"itemListElement\":[{\"@type\":\"ListItem\",\"position\":1,\"name\":\"Home\",\"item\":\"https:\\\/\\\/potteryart.eu\\\/\"},{\"@type\":\"ListItem\",\"position\":2,\"name\":\"Splo\u0161ni pogoji poslovanja\"}]},{\"@type\":\"WebSite\",\"@id\":\"https:\\\/\\\/potteryart.eu\\\/#website\",\"url\":\"https:\\\/\\\/potteryart.eu\\\/\",\"name\":\"Zajc Polona\",\"description\":\"\",\"publisher\":{\"@id\":\"https:\\\/\\\/potteryart.eu\\\/#\\\/schema\\\/person\\\/819de6034d3dd0bbdcc3a95a0b6c7e4d\"},\"potentialAction\":[{\"@type\":\"SearchAction\",\"target\":{\"@type\":\"EntryPoint\",\"urlTemplate\":\"https:\\\/\\\/potteryart.eu\\\/?s={search_term_string}\"},\"query-input\":{\"@type\":\"PropertyValueSpecification\",\"valueRequired\":true,\"valueName\":\"search_term_string\"}}],\"inLanguage\":\"en-GB\"},{\"@type\":[\"Person\",\"Organization\"],\"@id\":\"https:\\\/\\\/potteryart.eu\\\/#\\\/schema\\\/person\\\/819de6034d3dd0bbdcc3a95a0b6c7e4d\",\"name\":\"polonazajc_admin\",\"image\":{\"@type\":\"ImageObject\",\"inLanguage\":\"en-GB\",\"@id\":\"https:\\\/\\\/potteryart.eu\\\/wp-content\\\/uploads\\\/2020\\\/12\\\/cropped-Logo-1.png\",\"url\":\"https:\\\/\\\/potteryart.eu\\\/wp-content\\\/uploads\\\/2020\\\/12\\\/cropped-Logo-1.png\",\"contentUrl\":\"https:\\\/\\\/potteryart.eu\\\/wp-content\\\/uploads\\\/2020\\\/12\\\/cropped-Logo-1.png\",\"width\":2113,\"height\":280,\"caption\":\"polonazajc_admin\"},\"logo\":{\"@id\":\"https:\\\/\\\/potteryart.eu\\\/wp-content\\\/uploads\\\/2020\\\/12\\\/cropped-Logo-1.png\"}}]}<\/script>\n<!-- \/ Yoast SEO Premium plugin. -->","yoast_head_json":{"title":"Splo\u0161ni pogoji poslovanja - Zajc Polona","robots":{"index":"index","follow":"follow","max-snippet":"max-snippet:-1","max-image-preview":"max-image-preview:large","max-video-preview":"max-video-preview:-1"},"canonical":"https:\/\/potteryart.eu\/en_gb\/splosni-pogoji-poslovanja\/","og_locale":"en_GB","og_type":"article","og_title":"Splo\u0161ni pogoji poslovanja","og_description":"Splo\u0161ni pogoji poslovanja Podatki o podjetju:Zajc Polona s.p.Muljava 3, 1234 Menge\u0161, SlovenijaD\u0160: SI64347354M\u0160: 5493904000SKD: C23.410Dav\u010dni zavezanec: NeTel: 031-500-054E-mail: info@potteryart.eu Splo\u0161ni&nbsp;pogoji poslovanja dolo\u010dajo delovanje spletne trgovine Zajc Polona s.p. (v nadaljevanju \u00bbtrgovina\u00ab), pravice in obveznosti uporabnika in trgovine, urejajo poslovni odnos med Zajc Polono s.p in kupcem ter urejajo posamezna pravila nakupa&nbsp;izdelkov v spletni trgovini. Splo\u0161ni [&hellip;]","og_url":"https:\/\/potteryart.eu\/en_gb\/splosni-pogoji-poslovanja\/","og_site_name":"Zajc Polona","article_modified_time":"2021-03-30T09:14:19+00:00","twitter_card":"summary_large_image","twitter_misc":{"Estimated reading time":"3 minutes"},"schema":{"@context":"https:\/\/schema.org","@graph":[{"@type":"WebPage","@id":"https:\/\/potteryart.eu\/splosni-pogoji-poslovanja\/","url":"https:\/\/potteryart.eu\/splosni-pogoji-poslovanja\/","name":"Splo\u0161ni pogoji poslovanja - Zajc Polona","isPartOf":{"@id":"https:\/\/potteryart.eu\/#website"},"datePublished":"2020-12-13T06:29:18+00:00","dateModified":"2021-03-30T09:14:19+00:00","breadcrumb":{"@id":"https:\/\/potteryart.eu\/splosni-pogoji-poslovanja\/#breadcrumb"},"inLanguage":"en-GB","potentialAction":[{"@type":"ReadAction","target":["https:\/\/potteryart.eu\/splosni-pogoji-poslovanja\/"]}]},{"@type":"BreadcrumbList","@id":"https:\/\/potteryart.eu\/splosni-pogoji-poslovanja\/#breadcrumb","itemListElement":[{"@type":"ListItem","position":1,"name":"Home","item":"https:\/\/potteryart.eu\/"},{"@type":"ListItem","position":2,"name":"Splo\u0161ni pogoji poslovanja"}]},{"@type":"WebSite","@id":"https:\/\/potteryart.eu\/#website","url":"https:\/\/potteryart.eu\/","name":"Zajc Polona","description":"","publisher":{"@id":"https:\/\/potteryart.eu\/#\/schema\/person\/819de6034d3dd0bbdcc3a95a0b6c7e4d"},"potentialAction":[{"@type":"SearchAction","target":{"@type":"EntryPoint","urlTemplate":"https:\/\/potteryart.eu\/?s={search_term_string}"},"query-input":{"@type":"PropertyValueSpecification","valueRequired":true,"valueName":"search_term_string"}}],"inLanguage":"en-GB"},{"@type":["Person","Organization"],"@id":"https:\/\/potteryart.eu\/#\/schema\/person\/819de6034d3dd0bbdcc3a95a0b6c7e4d","name":"polonazajc_admin","image":{"@type":"ImageObject","inLanguage":"en-GB","@id":"https:\/\/potteryart.eu\/wp-content\/uploads\/2020\/12\/cropped-Logo-1.png","url":"https:\/\/potteryart.eu\/wp-content\/uploads\/2020\/12\/cropped-Logo-1.png","contentUrl":"https:\/\/potteryart.eu\/wp-content\/uploads\/2020\/12\/cropped-Logo-1.png","width":2113,"height":280,"caption":"polonazajc_admin"},"logo":{"@id":"https:\/\/potteryart.eu\/wp-content\/uploads\/2020\/12\/cropped-Logo-1.png"}}]}},"_links":{"self":[{"href":"https:\/\/potteryart.eu\/en_gb\/wp-json\/wp\/v2\/pages\/3","targetHints":{"allow":["GET"]}}],"collection":[{"href":"https:\/\/potteryart.eu\/en_gb\/wp-json\/wp\/v2\/pages"}],"about":[{"href":"https:\/\/potteryart.eu\/en_gb\/wp-json\/wp\/v2\/types\/page"}],"author":[{"embeddable":true,"href":"https:\/\/potteryart.eu\/en_gb\/wp-json\/wp\/v2\/users\/1"}],"replies":[{"embeddable":true,"href":"https:\/\/potteryart.eu\/en_gb\/wp-json\/wp\/v2\/comments?post=3"}],"version-history":[{"count":19,"href":"https:\/\/potteryart.eu\/en_gb\/wp-json\/wp\/v2\/pages\/3\/revisions"}],"predecessor-version":[{"id":1117,"href":"https:\/\/potteryart.eu\/en_gb\/wp-json\/wp\/v2\/pages\/3\/revisions\/1117"}],"wp:attachment":[{"href":"https:\/\/potteryart.eu\/en_gb\/wp-json\/wp\/v2\/media?parent=3"}],"curies":[{"name":"wp","href":"https:\/\/api.w.org\/{rel}","templated":true}]}}