{"id":795,"date":"2021-02-21T19:27:18","date_gmt":"2021-02-21T19:27:18","guid":{"rendered":"https:\/\/potteryart.eu\/?page_id=795"},"modified":"2021-03-28T12:11:23","modified_gmt":"2021-03-28T12:11:23","slug":"keramika","status":"publish","type":"page","link":"https:\/\/potteryart.eu\/en_gb\/keramika\/","title":{"rendered":"Ceramics"},"content":{"rendered":"<div data-elementor-type=\"wp-page\" data-elementor-id=\"795\" class=\"elementor elementor-795\" data-elementor-post-type=\"page\">\n\t\t\t\t\t\t<section class=\"elementor-section elementor-top-section elementor-element elementor-element-b19088e elementor-section-boxed elementor-section-height-default elementor-section-height-default\" data-id=\"b19088e\" data-element_type=\"section\" data-e-type=\"section\">\n\t\t\t\t\t\t<div class=\"elementor-container elementor-column-gap-default\">\n\t\t\t\t\t<div class=\"elementor-column elementor-col-100 elementor-top-column elementor-element elementor-element-dc6646a\" data-id=\"dc6646a\" data-element_type=\"column\" data-e-type=\"column\">\n\t\t\t<div class=\"elementor-widget-wrap elementor-element-populated\">\n\t\t\t\t\t\t<div class=\"elementor-element elementor-element-257aca9 elementor-widget elementor-widget-heading\" data-id=\"257aca9\" data-element_type=\"widget\" data-e-type=\"widget\" data-widget_type=\"heading.default\">\n\t\t\t\t<div class=\"elementor-widget-container\">\n\t\t\t\t\t<h4 class=\"elementor-heading-title elementor-size-default\">Ceramics<\/h4>\t\t\t\t<\/div>\n\t\t\t\t<\/div>\n\t\t\t\t<div class=\"elementor-element elementor-element-5dfc214 elementor-widget elementor-widget-text-editor\" data-id=\"5dfc214\" data-element_type=\"widget\" data-e-type=\"widget\" data-widget_type=\"text-editor.default\">\n\t\t\t\t<div class=\"elementor-widget-container\">\n\t\t\t\t\t\t\t\t\t<p>Ceramics is fired clay. The items on these pages, which fall under category of ceramics are all made of clay. They are shaped by different techniques. I use malleable clay to spin it on pottery spindle, and liquified clay to pour it into plaster molds. I use different coloured clay, and even clay with various degrees of granulation from added grog, depending on the purpose of the final product. All slip casting molds are handmade. After drying, the designed products are fired in an electric kiln at 980\u00b0C. What follows is colouring and glazing with different materials, specifically made to colour ceramics. All ceramic dinnerware is glazed with a glaze that is safe for food (enclosed are the certificates). Processed products are then fired again at a temperature between 1020\u00b0C and 1050\u00b0C, depending on which material has been used. After that the pottery is finished and ready to use.<\/p>\t\t\t\t\t\t\t\t<\/div>\n\t\t\t\t<\/div>\n\t\t\t\t\t<\/div>\n\t\t<\/div>\n\t\t\t\t\t<\/div>\n\t\t<\/section>\n\t\t\t\t<\/div>","protected":false},"excerpt":{"rendered":"<p>Keramika Keramika je \u017egana glina. Izdelki na teh straneh, ki so razvr\u0161\u010deni v kategorijo keramika so narejeni iz gline. Oblikovani so v razli\u010dnih tehnikah. Za vrtenje na lon\u010darskem vretenu uporabljam gnetljivo glino, za vlivanje v mav\u010dne modele pa teko\u010do glino. Uporabljam razli\u010dne barve glin, pa tudi gline z razli\u010dno granulacijo dodanega \u0161amota, odvisno od namena [&hellip;]<\/p>\n","protected":false},"author":1,"featured_media":0,"parent":0,"menu_order":0,"comment_status":"closed","ping_status":"closed","template":"","meta":{"footnotes":""},"class_list":["post-795","page","type-page","status-publish","hentry"],"yoast_head":"<!-- This site is optimized with the Yoast SEO Premium plugin v27.5 (Yoast SEO v27.5) - https:\/\/yoast.com\/product\/yoast-seo-premium-wordpress\/ -->\n<title>Keramika - Zajc Polona<\/title>\n<meta name=\"robots\" content=\"index, follow, max-snippet:-1, max-image-preview:large, max-video-preview:-1\" \/>\n<link rel=\"canonical\" href=\"https:\/\/potteryart.eu\/en_gb\/keramika\/\" \/>\n<meta property=\"og:locale\" content=\"en_GB\" \/>\n<meta property=\"og:type\" content=\"article\" \/>\n<meta property=\"og:title\" content=\"Keramika\" \/>\n<meta property=\"og:description\" content=\"Keramika Keramika je \u017egana glina. Izdelki na teh straneh, ki so razvr\u0161\u010deni v kategorijo keramika so narejeni iz gline. Oblikovani so v razli\u010dnih tehnikah. Za vrtenje na lon\u010darskem vretenu uporabljam gnetljivo glino, za vlivanje v mav\u010dne modele pa teko\u010do glino. Uporabljam razli\u010dne barve glin, pa tudi gline z razli\u010dno granulacijo dodanega \u0161amota, odvisno od namena [&hellip;]\" \/>\n<meta property=\"og:url\" content=\"https:\/\/potteryart.eu\/en_gb\/keramika\/\" \/>\n<meta property=\"og:site_name\" content=\"Zajc Polona\" \/>\n<meta property=\"article:modified_time\" content=\"2021-03-28T12:11:23+00:00\" \/>\n<meta name=\"twitter:card\" content=\"summary_large_image\" \/>\n<meta name=\"twitter:label1\" content=\"Estimated reading time\" \/>\n\t<meta name=\"twitter:data1\" content=\"1 minute\" \/>\n<script type=\"application\/ld+json\" class=\"yoast-schema-graph\">{\"@context\":\"https:\\\/\\\/schema.org\",\"@graph\":[{\"@type\":\"WebPage\",\"@id\":\"https:\\\/\\\/potteryart.eu\\\/keramika\\\/\",\"url\":\"https:\\\/\\\/potteryart.eu\\\/keramika\\\/\",\"name\":\"Keramika - Zajc Polona\",\"isPartOf\":{\"@id\":\"https:\\\/\\\/potteryart.eu\\\/#website\"},\"datePublished\":\"2021-02-21T19:27:18+00:00\",\"dateModified\":\"2021-03-28T12:11:23+00:00\",\"breadcrumb\":{\"@id\":\"https:\\\/\\\/potteryart.eu\\\/keramika\\\/#breadcrumb\"},\"inLanguage\":\"en-GB\",\"potentialAction\":[{\"@type\":\"ReadAction\",\"target\":[\"https:\\\/\\\/potteryart.eu\\\/keramika\\\/\"]}]},{\"@type\":\"BreadcrumbList\",\"@id\":\"https:\\\/\\\/potteryart.eu\\\/keramika\\\/#breadcrumb\",\"itemListElement\":[{\"@type\":\"ListItem\",\"position\":1,\"name\":\"Home\",\"item\":\"https:\\\/\\\/potteryart.eu\\\/\"},{\"@type\":\"ListItem\",\"position\":2,\"name\":\"Keramika\"}]},{\"@type\":\"WebSite\",\"@id\":\"https:\\\/\\\/potteryart.eu\\\/#website\",\"url\":\"https:\\\/\\\/potteryart.eu\\\/\",\"name\":\"Zajc Polona\",\"description\":\"\",\"publisher\":{\"@id\":\"https:\\\/\\\/potteryart.eu\\\/#\\\/schema\\\/person\\\/819de6034d3dd0bbdcc3a95a0b6c7e4d\"},\"potentialAction\":[{\"@type\":\"SearchAction\",\"target\":{\"@type\":\"EntryPoint\",\"urlTemplate\":\"https:\\\/\\\/potteryart.eu\\\/?s={search_term_string}\"},\"query-input\":{\"@type\":\"PropertyValueSpecification\",\"valueRequired\":true,\"valueName\":\"search_term_string\"}}],\"inLanguage\":\"en-GB\"},{\"@type\":[\"Person\",\"Organization\"],\"@id\":\"https:\\\/\\\/potteryart.eu\\\/#\\\/schema\\\/person\\\/819de6034d3dd0bbdcc3a95a0b6c7e4d\",\"name\":\"polonazajc_admin\",\"image\":{\"@type\":\"ImageObject\",\"inLanguage\":\"en-GB\",\"@id\":\"https:\\\/\\\/potteryart.eu\\\/wp-content\\\/uploads\\\/2020\\\/12\\\/cropped-Logo-1.png\",\"url\":\"https:\\\/\\\/potteryart.eu\\\/wp-content\\\/uploads\\\/2020\\\/12\\\/cropped-Logo-1.png\",\"contentUrl\":\"https:\\\/\\\/potteryart.eu\\\/wp-content\\\/uploads\\\/2020\\\/12\\\/cropped-Logo-1.png\",\"width\":2113,\"height\":280,\"caption\":\"polonazajc_admin\"},\"logo\":{\"@id\":\"https:\\\/\\\/potteryart.eu\\\/wp-content\\\/uploads\\\/2020\\\/12\\\/cropped-Logo-1.png\"}}]}<\/script>\n<!-- \/ Yoast SEO Premium plugin. -->","yoast_head_json":{"title":"Keramika - Zajc Polona","robots":{"index":"index","follow":"follow","max-snippet":"max-snippet:-1","max-image-preview":"max-image-preview:large","max-video-preview":"max-video-preview:-1"},"canonical":"https:\/\/potteryart.eu\/en_gb\/keramika\/","og_locale":"en_GB","og_type":"article","og_title":"Keramika","og_description":"Keramika Keramika je \u017egana glina. Izdelki na teh straneh, ki so razvr\u0161\u010deni v kategorijo keramika so narejeni iz gline. Oblikovani so v razli\u010dnih tehnikah. Za vrtenje na lon\u010darskem vretenu uporabljam gnetljivo glino, za vlivanje v mav\u010dne modele pa teko\u010do glino. Uporabljam razli\u010dne barve glin, pa tudi gline z razli\u010dno granulacijo dodanega \u0161amota, odvisno od namena [&hellip;]","og_url":"https:\/\/potteryart.eu\/en_gb\/keramika\/","og_site_name":"Zajc Polona","article_modified_time":"2021-03-28T12:11:23+00:00","twitter_card":"summary_large_image","twitter_misc":{"Estimated reading time":"1 minute"},"schema":{"@context":"https:\/\/schema.org","@graph":[{"@type":"WebPage","@id":"https:\/\/potteryart.eu\/keramika\/","url":"https:\/\/potteryart.eu\/keramika\/","name":"Keramika - Zajc Polona","isPartOf":{"@id":"https:\/\/potteryart.eu\/#website"},"datePublished":"2021-02-21T19:27:18+00:00","dateModified":"2021-03-28T12:11:23+00:00","breadcrumb":{"@id":"https:\/\/potteryart.eu\/keramika\/#breadcrumb"},"inLanguage":"en-GB","potentialAction":[{"@type":"ReadAction","target":["https:\/\/potteryart.eu\/keramika\/"]}]},{"@type":"BreadcrumbList","@id":"https:\/\/potteryart.eu\/keramika\/#breadcrumb","itemListElement":[{"@type":"ListItem","position":1,"name":"Home","item":"https:\/\/potteryart.eu\/"},{"@type":"ListItem","position":2,"name":"Keramika"}]},{"@type":"WebSite","@id":"https:\/\/potteryart.eu\/#website","url":"https:\/\/potteryart.eu\/","name":"Zajc Polona","description":"","publisher":{"@id":"https:\/\/potteryart.eu\/#\/schema\/person\/819de6034d3dd0bbdcc3a95a0b6c7e4d"},"potentialAction":[{"@type":"SearchAction","target":{"@type":"EntryPoint","urlTemplate":"https:\/\/potteryart.eu\/?s={search_term_string}"},"query-input":{"@type":"PropertyValueSpecification","valueRequired":true,"valueName":"search_term_string"}}],"inLanguage":"en-GB"},{"@type":["Person","Organization"],"@id":"https:\/\/potteryart.eu\/#\/schema\/person\/819de6034d3dd0bbdcc3a95a0b6c7e4d","name":"polonazajc_admin","image":{"@type":"ImageObject","inLanguage":"en-GB","@id":"https:\/\/potteryart.eu\/wp-content\/uploads\/2020\/12\/cropped-Logo-1.png","url":"https:\/\/potteryart.eu\/wp-content\/uploads\/2020\/12\/cropped-Logo-1.png","contentUrl":"https:\/\/potteryart.eu\/wp-content\/uploads\/2020\/12\/cropped-Logo-1.png","width":2113,"height":280,"caption":"polonazajc_admin"},"logo":{"@id":"https:\/\/potteryart.eu\/wp-content\/uploads\/2020\/12\/cropped-Logo-1.png"}}]}},"_links":{"self":[{"href":"https:\/\/potteryart.eu\/en_gb\/wp-json\/wp\/v2\/pages\/795","targetHints":{"allow":["GET"]}}],"collection":[{"href":"https:\/\/potteryart.eu\/en_gb\/wp-json\/wp\/v2\/pages"}],"about":[{"href":"https:\/\/potteryart.eu\/en_gb\/wp-json\/wp\/v2\/types\/page"}],"author":[{"embeddable":true,"href":"https:\/\/potteryart.eu\/en_gb\/wp-json\/wp\/v2\/users\/1"}],"replies":[{"embeddable":true,"href":"https:\/\/potteryart.eu\/en_gb\/wp-json\/wp\/v2\/comments?post=795"}],"version-history":[{"count":13,"href":"https:\/\/potteryart.eu\/en_gb\/wp-json\/wp\/v2\/pages\/795\/revisions"}],"predecessor-version":[{"id":977,"href":"https:\/\/potteryart.eu\/en_gb\/wp-json\/wp\/v2\/pages\/795\/revisions\/977"}],"wp:attachment":[{"href":"https:\/\/potteryart.eu\/en_gb\/wp-json\/wp\/v2\/media?parent=795"}],"curies":[{"name":"wp","href":"https:\/\/api.w.org\/{rel}","templated":true}]}}