{"id":800,"date":"2021-02-21T19:31:18","date_gmt":"2021-02-21T19:31:18","guid":{"rendered":"https:\/\/potteryart.eu\/?page_id=800"},"modified":"2021-03-28T12:11:11","modified_gmt":"2021-03-28T12:11:11","slug":"kamenina","status":"publish","type":"page","link":"https:\/\/potteryart.eu\/en_gb\/kamenina\/","title":{"rendered":"Stoneware"},"content":{"rendered":"<div data-elementor-type=\"wp-page\" data-elementor-id=\"800\" class=\"elementor elementor-800\" data-elementor-post-type=\"page\">\n\t\t\t\t\t\t<section class=\"elementor-section elementor-top-section elementor-element elementor-element-6f8ae84 elementor-section-boxed elementor-section-height-default elementor-section-height-default\" data-id=\"6f8ae84\" data-element_type=\"section\" data-e-type=\"section\">\n\t\t\t\t\t\t<div class=\"elementor-container elementor-column-gap-default\">\n\t\t\t\t\t<div class=\"elementor-column elementor-col-100 elementor-top-column elementor-element elementor-element-a3b04d3\" data-id=\"a3b04d3\" data-element_type=\"column\" data-e-type=\"column\">\n\t\t\t<div class=\"elementor-widget-wrap elementor-element-populated\">\n\t\t\t\t\t\t<div class=\"elementor-element elementor-element-444e6b1 elementor-widget elementor-widget-heading\" data-id=\"444e6b1\" data-element_type=\"widget\" data-e-type=\"widget\" data-widget_type=\"heading.default\">\n\t\t\t\t<div class=\"elementor-widget-container\">\n\t\t\t\t\t<h4 class=\"elementor-heading-title elementor-size-default\">Stoneware<\/h4>\t\t\t\t<\/div>\n\t\t\t\t<\/div>\n\t\t\t\t<div class=\"elementor-element elementor-element-5bb0c37 elementor-widget elementor-widget-text-editor\" data-id=\"5bb0c37\" data-element_type=\"widget\" data-e-type=\"widget\" data-widget_type=\"text-editor.default\">\n\t\t\t\t<div class=\"elementor-widget-container\">\n\t\t\t\t\t\t\t\t\t<p>Stoneware is clay fired on a much higher temperature than ceramics. Thus not all kinds of clay are suitable for stoneware. This makes such pottery of a higher quality, less porous and less affected by external factors. Stoneware is classified under ceramics and porcelain. Pottery that falls under category of stoneware is made out of such clay. I shape them on pottery spindle with malleable clay on some products, while I use slip casting molds for liquified clay on others. I use different coloured clay for them. The first fire is set at 980\u00b0C. What follows is glazing and another fire set at a temperature between 1220\u00b0C and 1260\u00b0C, depending on the glaze. All stoneware dinnerware is glazed with a glaze that is safe for food (enclosed are the certificates). Then the product is finished. Some finished pottery gets additional enhancement of certain details with real gold or silver, which I apply on the glaze and then fire the third time, at the temperature of 800\u00b0C. <\/p>\t\t\t\t\t\t\t\t<\/div>\n\t\t\t\t<\/div>\n\t\t\t\t\t<\/div>\n\t\t<\/div>\n\t\t\t\t\t<\/div>\n\t\t<\/section>\n\t\t\t\t<\/div>","protected":false},"excerpt":{"rendered":"<p>Kamenina Kamenina je glina, ki je \u017egana na veliko vi\u0161ji temperaturi kot keramika. Zato niso vse vrste glin primerne za kamenino. Posledi\u010dno je tak izdelek bolj kvaliteten, manj porozen in manj ob\u010dutljiv na zunanje vplive. Kamenina se uvr\u0161\u010da med keramiko in porcelan. Izdelki, ki so razvr\u0161\u010deni v kategorijo kamenina, so narejeni iz take gline. Oblikujem [&hellip;]<\/p>\n","protected":false},"author":1,"featured_media":0,"parent":0,"menu_order":0,"comment_status":"closed","ping_status":"closed","template":"","meta":{"footnotes":""},"class_list":["post-800","page","type-page","status-publish","hentry"],"yoast_head":"<!-- This site is optimized with the Yoast SEO Premium plugin v27.5 (Yoast SEO v27.5) - https:\/\/yoast.com\/product\/yoast-seo-premium-wordpress\/ -->\n<title>Kamenina - Zajc Polona<\/title>\n<meta name=\"robots\" content=\"index, follow, max-snippet:-1, max-image-preview:large, max-video-preview:-1\" \/>\n<link rel=\"canonical\" href=\"https:\/\/potteryart.eu\/en_gb\/kamenina\/\" \/>\n<meta property=\"og:locale\" content=\"en_GB\" \/>\n<meta property=\"og:type\" content=\"article\" \/>\n<meta property=\"og:title\" content=\"Kamenina\" \/>\n<meta property=\"og:description\" content=\"Kamenina Kamenina je glina, ki je \u017egana na veliko vi\u0161ji temperaturi kot keramika. Zato niso vse vrste glin primerne za kamenino. Posledi\u010dno je tak izdelek bolj kvaliteten, manj porozen in manj ob\u010dutljiv na zunanje vplive. Kamenina se uvr\u0161\u010da med keramiko in porcelan. Izdelki, ki so razvr\u0161\u010deni v kategorijo kamenina, so narejeni iz take gline. Oblikujem [&hellip;]\" \/>\n<meta property=\"og:url\" content=\"https:\/\/potteryart.eu\/en_gb\/kamenina\/\" \/>\n<meta property=\"og:site_name\" content=\"Zajc Polona\" \/>\n<meta property=\"article:modified_time\" content=\"2021-03-28T12:11:11+00:00\" \/>\n<meta name=\"twitter:card\" content=\"summary_large_image\" \/>\n<meta name=\"twitter:label1\" content=\"Estimated reading time\" \/>\n\t<meta name=\"twitter:data1\" content=\"1 minute\" \/>\n<script type=\"application\/ld+json\" class=\"yoast-schema-graph\">{\"@context\":\"https:\\\/\\\/schema.org\",\"@graph\":[{\"@type\":\"WebPage\",\"@id\":\"https:\\\/\\\/potteryart.eu\\\/kamenina\\\/\",\"url\":\"https:\\\/\\\/potteryart.eu\\\/kamenina\\\/\",\"name\":\"Kamenina - Zajc Polona\",\"isPartOf\":{\"@id\":\"https:\\\/\\\/potteryart.eu\\\/#website\"},\"datePublished\":\"2021-02-21T19:31:18+00:00\",\"dateModified\":\"2021-03-28T12:11:11+00:00\",\"breadcrumb\":{\"@id\":\"https:\\\/\\\/potteryart.eu\\\/kamenina\\\/#breadcrumb\"},\"inLanguage\":\"en-GB\",\"potentialAction\":[{\"@type\":\"ReadAction\",\"target\":[\"https:\\\/\\\/potteryart.eu\\\/kamenina\\\/\"]}]},{\"@type\":\"BreadcrumbList\",\"@id\":\"https:\\\/\\\/potteryart.eu\\\/kamenina\\\/#breadcrumb\",\"itemListElement\":[{\"@type\":\"ListItem\",\"position\":1,\"name\":\"Home\",\"item\":\"https:\\\/\\\/potteryart.eu\\\/\"},{\"@type\":\"ListItem\",\"position\":2,\"name\":\"Kamenina\"}]},{\"@type\":\"WebSite\",\"@id\":\"https:\\\/\\\/potteryart.eu\\\/#website\",\"url\":\"https:\\\/\\\/potteryart.eu\\\/\",\"name\":\"Zajc Polona\",\"description\":\"\",\"publisher\":{\"@id\":\"https:\\\/\\\/potteryart.eu\\\/#\\\/schema\\\/person\\\/819de6034d3dd0bbdcc3a95a0b6c7e4d\"},\"potentialAction\":[{\"@type\":\"SearchAction\",\"target\":{\"@type\":\"EntryPoint\",\"urlTemplate\":\"https:\\\/\\\/potteryart.eu\\\/?s={search_term_string}\"},\"query-input\":{\"@type\":\"PropertyValueSpecification\",\"valueRequired\":true,\"valueName\":\"search_term_string\"}}],\"inLanguage\":\"en-GB\"},{\"@type\":[\"Person\",\"Organization\"],\"@id\":\"https:\\\/\\\/potteryart.eu\\\/#\\\/schema\\\/person\\\/819de6034d3dd0bbdcc3a95a0b6c7e4d\",\"name\":\"polonazajc_admin\",\"image\":{\"@type\":\"ImageObject\",\"inLanguage\":\"en-GB\",\"@id\":\"https:\\\/\\\/potteryart.eu\\\/wp-content\\\/uploads\\\/2020\\\/12\\\/cropped-Logo-1.png\",\"url\":\"https:\\\/\\\/potteryart.eu\\\/wp-content\\\/uploads\\\/2020\\\/12\\\/cropped-Logo-1.png\",\"contentUrl\":\"https:\\\/\\\/potteryart.eu\\\/wp-content\\\/uploads\\\/2020\\\/12\\\/cropped-Logo-1.png\",\"width\":2113,\"height\":280,\"caption\":\"polonazajc_admin\"},\"logo\":{\"@id\":\"https:\\\/\\\/potteryart.eu\\\/wp-content\\\/uploads\\\/2020\\\/12\\\/cropped-Logo-1.png\"}}]}<\/script>\n<!-- \/ Yoast SEO Premium plugin. -->","yoast_head_json":{"title":"Kamenina - Zajc Polona","robots":{"index":"index","follow":"follow","max-snippet":"max-snippet:-1","max-image-preview":"max-image-preview:large","max-video-preview":"max-video-preview:-1"},"canonical":"https:\/\/potteryart.eu\/en_gb\/kamenina\/","og_locale":"en_GB","og_type":"article","og_title":"Kamenina","og_description":"Kamenina Kamenina je glina, ki je \u017egana na veliko vi\u0161ji temperaturi kot keramika. Zato niso vse vrste glin primerne za kamenino. Posledi\u010dno je tak izdelek bolj kvaliteten, manj porozen in manj ob\u010dutljiv na zunanje vplive. Kamenina se uvr\u0161\u010da med keramiko in porcelan. Izdelki, ki so razvr\u0161\u010deni v kategorijo kamenina, so narejeni iz take gline. Oblikujem [&hellip;]","og_url":"https:\/\/potteryart.eu\/en_gb\/kamenina\/","og_site_name":"Zajc Polona","article_modified_time":"2021-03-28T12:11:11+00:00","twitter_card":"summary_large_image","twitter_misc":{"Estimated reading time":"1 minute"},"schema":{"@context":"https:\/\/schema.org","@graph":[{"@type":"WebPage","@id":"https:\/\/potteryart.eu\/kamenina\/","url":"https:\/\/potteryart.eu\/kamenina\/","name":"Kamenina - Zajc Polona","isPartOf":{"@id":"https:\/\/potteryart.eu\/#website"},"datePublished":"2021-02-21T19:31:18+00:00","dateModified":"2021-03-28T12:11:11+00:00","breadcrumb":{"@id":"https:\/\/potteryart.eu\/kamenina\/#breadcrumb"},"inLanguage":"en-GB","potentialAction":[{"@type":"ReadAction","target":["https:\/\/potteryart.eu\/kamenina\/"]}]},{"@type":"BreadcrumbList","@id":"https:\/\/potteryart.eu\/kamenina\/#breadcrumb","itemListElement":[{"@type":"ListItem","position":1,"name":"Home","item":"https:\/\/potteryart.eu\/"},{"@type":"ListItem","position":2,"name":"Kamenina"}]},{"@type":"WebSite","@id":"https:\/\/potteryart.eu\/#website","url":"https:\/\/potteryart.eu\/","name":"Zajc Polona","description":"","publisher":{"@id":"https:\/\/potteryart.eu\/#\/schema\/person\/819de6034d3dd0bbdcc3a95a0b6c7e4d"},"potentialAction":[{"@type":"SearchAction","target":{"@type":"EntryPoint","urlTemplate":"https:\/\/potteryart.eu\/?s={search_term_string}"},"query-input":{"@type":"PropertyValueSpecification","valueRequired":true,"valueName":"search_term_string"}}],"inLanguage":"en-GB"},{"@type":["Person","Organization"],"@id":"https:\/\/potteryart.eu\/#\/schema\/person\/819de6034d3dd0bbdcc3a95a0b6c7e4d","name":"polonazajc_admin","image":{"@type":"ImageObject","inLanguage":"en-GB","@id":"https:\/\/potteryart.eu\/wp-content\/uploads\/2020\/12\/cropped-Logo-1.png","url":"https:\/\/potteryart.eu\/wp-content\/uploads\/2020\/12\/cropped-Logo-1.png","contentUrl":"https:\/\/potteryart.eu\/wp-content\/uploads\/2020\/12\/cropped-Logo-1.png","width":2113,"height":280,"caption":"polonazajc_admin"},"logo":{"@id":"https:\/\/potteryart.eu\/wp-content\/uploads\/2020\/12\/cropped-Logo-1.png"}}]}},"_links":{"self":[{"href":"https:\/\/potteryart.eu\/en_gb\/wp-json\/wp\/v2\/pages\/800","targetHints":{"allow":["GET"]}}],"collection":[{"href":"https:\/\/potteryart.eu\/en_gb\/wp-json\/wp\/v2\/pages"}],"about":[{"href":"https:\/\/potteryart.eu\/en_gb\/wp-json\/wp\/v2\/types\/page"}],"author":[{"embeddable":true,"href":"https:\/\/potteryart.eu\/en_gb\/wp-json\/wp\/v2\/users\/1"}],"replies":[{"embeddable":true,"href":"https:\/\/potteryart.eu\/en_gb\/wp-json\/wp\/v2\/comments?post=800"}],"version-history":[{"count":17,"href":"https:\/\/potteryart.eu\/en_gb\/wp-json\/wp\/v2\/pages\/800\/revisions"}],"predecessor-version":[{"id":1017,"href":"https:\/\/potteryart.eu\/en_gb\/wp-json\/wp\/v2\/pages\/800\/revisions\/1017"}],"wp:attachment":[{"href":"https:\/\/potteryart.eu\/en_gb\/wp-json\/wp\/v2\/media?parent=800"}],"curies":[{"name":"wp","href":"https:\/\/api.w.org\/{rel}","templated":true}]}}