{"id":1264,"date":"2021-08-29T08:47:20","date_gmt":"2021-08-29T06:47:20","guid":{"rendered":"https:\/\/potteryart.eu\/?post_type=product&#038;p=1264"},"modified":"2023-01-08T14:11:38","modified_gmt":"2023-01-08T13:11:38","slug":"skodelica-z-luninim-labirintom1038","status":"publish","type":"product","link":"https:\/\/potteryart.eu\/en_gb\/spletna-trgovina\/labirinti\/labirint-obcutij-ali-lunun-labirint\/skodelica-z-luninim-labirintom1038\/","title":{"rendered":"Cup with Moon Labyrinth 3038"},"content":{"rendered":"<h1>Cup with Moon Labyrinth<\/h1>\n<p class=\"translation-block\">The Moon Labyrinth cup is handmade on a potter's spindle from grey-white clay. Its interior is covered with black clay. On the outside, it is engraved with the Labyrinth of Feelings or the Labyrinth of the Moon. It is accentuated with black paint. The cup is fired at 1040 \u00b0C. It is glazed with a suitable glaze (LOT15) on the surfaces where it comes into contact with food. The height of the cup is 11 cm, the diameter 10 cm.  This ceramic cup has a special purpose and meaning, both for the person who uses it and for the surroundings in which it is placed, due to the presence of a labyrinth of sensations on its surface.<\/p>\n<h2>Pottery art clay design by Polona Zajc<\/h2>\n<p>Among the many cups of pottery art clay design Polona Zajc, the cup with the Moon Labyrinth is unique. Each cup with a labyrinth has a different labyrinth shape sculpted on its surface. That is why each one is unique. They are made of the finest quality clay, glazed with a glaze that is certified suitable for household use, so they are of the highest quality. They are made exclusively by hand, from the lump of clay to the product. The presence of the labyrinth symbol gives them each a special meaning, just as labyrinths do.<\/p>\n<h3>Labyrinth of feelings<\/h3>\n<p class=\"translation-block\">The Labyrinth of Feelings is probably one of the oldest labyrinths. The spiral, the oldest symbol of humanity, is the basis of its shape. It is connected to the whole emotional life of the individual. But it also relates to deeper levels of our spirit, such as intuition. Balanced emotions are extremely important for successful interaction with other people, as well as for the relationship with oneself. Instability in this area brings hypersensitivity, agitation and anxiety into our lives. Therefore, the use of the expressive form, which is sculpted into the present cup, will be useful in eliminating coldness, shyness, anxiety and moodlessness. Like any labyrinth, the Labyrinth of Feelings is a reservoir of positive energy and a well from which it flows out into the environment. The presence of the Moon Labyrinth strengthens compassion in people, they become good and warm-hearted hosts. And this is also true of the Moon Labyrinth Cup, wherever it is located.<\/p>\n<p>&nbsp;<\/p>","protected":false},"excerpt":{"rendered":"<p>Skodelica z Luninim labirintom Skodelica z Luninim labirintom je ro\u010dno narejena na lon\u010darskem vretenu iz sivo bele gline. Njena notranjost je oblita s \u010drno glino. Na zunanji strani ima vrezan Labirint ob\u010dutij ali Lunin labirint. Poudarjen je s \u010drno barvo. Skodelica je \u017egana\u00a0 pri 1040\u00b0C. Na povr\u0161inah, kjer prihaja v stik z \u017eivili je glazirana [&hellip;]<\/p>\n","protected":false},"featured_media":1253,"comment_status":"open","ping_status":"closed","template":"","meta":[],"product_brand":[],"product_cat":[241,38,249],"product_tag":[],"class_list":{"0":"post-1264","1":"product","2":"type-product","3":"status-publish","4":"has-post-thumbnail","6":"product_cat-labirint-obcutij-ali-lunun-labirint","7":"product_cat-labirinti","8":"product_cat-unikatne-skodelice-iz-gline","9":"product_shipping_class-1kg","11":"first","12":"instock","13":"purchasable","14":"product-type-simple"},"yoast_head":"<!-- This site is optimized with the Yoast SEO Premium plugin v27.4 (Yoast SEO v27.4) - https:\/\/yoast.com\/product\/yoast-seo-premium-wordpress\/ -->\n<title>Skodelica z Luninim labirintom<\/title>\n<meta name=\"description\" content=\"Skodelica z Luninim labirintom je izdelek pottery art oblikovanje gline Polone Zajc, imenujemo ga tudi Labirint ob\u010dutij\" \/>\n<meta name=\"robots\" content=\"index, follow, max-snippet:-1, max-image-preview:large, max-video-preview:-1\" \/>\n<link rel=\"canonical\" href=\"https:\/\/potteryart.eu\/en_gb\/spletna-trgovina\/labirinti\/labirint-obcutij-ali-lunun-labirint\/skodelica-z-luninim-labirintom1038\/\" \/>\n<meta property=\"og:locale\" content=\"en_GB\" \/>\n<meta property=\"og:type\" content=\"article\" \/>\n<meta property=\"og:title\" content=\"Skodelica z Luninim labirintom 3038\" \/>\n<meta property=\"og:description\" content=\"Skodelica z Luninim labirintom je izdelek pottery art oblikovanje gline Polone Zajc, imenujemo ga tudi Labirint ob\u010dutij\" \/>\n<meta property=\"og:url\" content=\"https:\/\/potteryart.eu\/en_gb\/spletna-trgovina\/labirinti\/labirint-obcutij-ali-lunun-labirint\/skodelica-z-luninim-labirintom1038\/\" \/>\n<meta property=\"og:site_name\" content=\"Zajc Polona\" \/>\n<meta property=\"article:modified_time\" content=\"2023-01-08T13:11:38+00:00\" \/>\n<meta property=\"og:image\" content=\"https:\/\/potteryart.eu\/wp-content\/uploads\/2021\/08\/20210815_084103-scaled.jpg\" \/>\n\t<meta property=\"og:image:width\" content=\"1902\" \/>\n\t<meta property=\"og:image:height\" content=\"2560\" \/>\n\t<meta property=\"og:image:type\" content=\"image\/jpeg\" \/>\n<meta name=\"twitter:card\" content=\"summary_large_image\" \/>\n<meta name=\"twitter:label1\" content=\"Estimated reading time\" \/>\n\t<meta name=\"twitter:data1\" content=\"2 minutes\" \/>\n<script type=\"application\/ld+json\" class=\"yoast-schema-graph\">{\"@context\":\"https:\\\/\\\/schema.org\",\"@graph\":[{\"@type\":\"WebPage\",\"@id\":\"https:\\\/\\\/potteryart.eu\\\/spletna-trgovina\\\/labirinti\\\/labirint-obcutij-ali-lunun-labirint\\\/skodelica-z-luninim-labirintom1038\\\/\",\"url\":\"https:\\\/\\\/potteryart.eu\\\/spletna-trgovina\\\/labirinti\\\/labirint-obcutij-ali-lunun-labirint\\\/skodelica-z-luninim-labirintom1038\\\/\",\"name\":\"Skodelica z Luninim labirintom\",\"isPartOf\":{\"@id\":\"https:\\\/\\\/potteryart.eu\\\/#website\"},\"primaryImageOfPage\":{\"@id\":\"https:\\\/\\\/potteryart.eu\\\/spletna-trgovina\\\/labirinti\\\/labirint-obcutij-ali-lunun-labirint\\\/skodelica-z-luninim-labirintom1038\\\/#primaryimage\"},\"image\":{\"@id\":\"https:\\\/\\\/potteryart.eu\\\/spletna-trgovina\\\/labirinti\\\/labirint-obcutij-ali-lunun-labirint\\\/skodelica-z-luninim-labirintom1038\\\/#primaryimage\"},\"thumbnailUrl\":\"https:\\\/\\\/potteryart.eu\\\/wp-content\\\/uploads\\\/2021\\\/08\\\/20210815_084103-scaled.jpg\",\"datePublished\":\"2021-08-29T06:47:20+00:00\",\"dateModified\":\"2023-01-08T13:11:38+00:00\",\"description\":\"Skodelica z Luninim labirintom je izdelek pottery art oblikovanje gline Polone Zajc, imenujemo ga tudi Labirint ob\u010dutij\",\"breadcrumb\":{\"@id\":\"https:\\\/\\\/potteryart.eu\\\/spletna-trgovina\\\/labirinti\\\/labirint-obcutij-ali-lunun-labirint\\\/skodelica-z-luninim-labirintom1038\\\/#breadcrumb\"},\"inLanguage\":\"en-GB\",\"potentialAction\":[{\"@type\":\"ReadAction\",\"target\":[\"https:\\\/\\\/potteryart.eu\\\/spletna-trgovina\\\/labirinti\\\/labirint-obcutij-ali-lunun-labirint\\\/skodelica-z-luninim-labirintom1038\\\/\"]}]},{\"@type\":\"ImageObject\",\"inLanguage\":\"en-GB\",\"@id\":\"https:\\\/\\\/potteryart.eu\\\/spletna-trgovina\\\/labirinti\\\/labirint-obcutij-ali-lunun-labirint\\\/skodelica-z-luninim-labirintom1038\\\/#primaryimage\",\"url\":\"https:\\\/\\\/potteryart.eu\\\/wp-content\\\/uploads\\\/2021\\\/08\\\/20210815_084103-scaled.jpg\",\"contentUrl\":\"https:\\\/\\\/potteryart.eu\\\/wp-content\\\/uploads\\\/2021\\\/08\\\/20210815_084103-scaled.jpg\",\"width\":1902,\"height\":2560,\"caption\":\"Skodelica z Luninim labirintom, pottery art oblikovanje gline Polone Zajc, Labirint ob\u010dutij\"},{\"@type\":\"BreadcrumbList\",\"@id\":\"https:\\\/\\\/potteryart.eu\\\/spletna-trgovina\\\/labirinti\\\/labirint-obcutij-ali-lunun-labirint\\\/skodelica-z-luninim-labirintom1038\\\/#breadcrumb\",\"itemListElement\":[{\"@type\":\"ListItem\",\"position\":1,\"name\":\"Home\",\"item\":\"https:\\\/\\\/potteryart.eu\\\/\"},{\"@type\":\"ListItem\",\"position\":2,\"name\":\"Spletna trgovina\",\"item\":\"https:\\\/\\\/potteryart.eu\\\/spletna-trgovina\\\/\"},{\"@type\":\"ListItem\",\"position\":3,\"name\":\"Skodelica z Luninim labirintom 3038\"}]},{\"@type\":\"WebSite\",\"@id\":\"https:\\\/\\\/potteryart.eu\\\/#website\",\"url\":\"https:\\\/\\\/potteryart.eu\\\/\",\"name\":\"Zajc Polona\",\"description\":\"\",\"publisher\":{\"@id\":\"https:\\\/\\\/potteryart.eu\\\/#\\\/schema\\\/person\\\/819de6034d3dd0bbdcc3a95a0b6c7e4d\"},\"potentialAction\":[{\"@type\":\"SearchAction\",\"target\":{\"@type\":\"EntryPoint\",\"urlTemplate\":\"https:\\\/\\\/potteryart.eu\\\/?s={search_term_string}\"},\"query-input\":{\"@type\":\"PropertyValueSpecification\",\"valueRequired\":true,\"valueName\":\"search_term_string\"}}],\"inLanguage\":\"en-GB\"},{\"@type\":[\"Person\",\"Organization\"],\"@id\":\"https:\\\/\\\/potteryart.eu\\\/#\\\/schema\\\/person\\\/819de6034d3dd0bbdcc3a95a0b6c7e4d\",\"name\":\"polonazajc_admin\",\"image\":{\"@type\":\"ImageObject\",\"inLanguage\":\"en-GB\",\"@id\":\"https:\\\/\\\/potteryart.eu\\\/wp-content\\\/uploads\\\/2020\\\/12\\\/cropped-Logo-1.png\",\"url\":\"https:\\\/\\\/potteryart.eu\\\/wp-content\\\/uploads\\\/2020\\\/12\\\/cropped-Logo-1.png\",\"contentUrl\":\"https:\\\/\\\/potteryart.eu\\\/wp-content\\\/uploads\\\/2020\\\/12\\\/cropped-Logo-1.png\",\"width\":2113,\"height\":280,\"caption\":\"polonazajc_admin\"},\"logo\":{\"@id\":\"https:\\\/\\\/potteryart.eu\\\/wp-content\\\/uploads\\\/2020\\\/12\\\/cropped-Logo-1.png\"}}]}<\/script>\n<!-- \/ Yoast SEO Premium plugin. -->","yoast_head_json":{"title":"Cup with Moon Labyrinth","description":"Skodelica z Luninim labirintom je izdelek pottery art oblikovanje gline Polone Zajc, imenujemo ga tudi Labirint ob\u010dutij","robots":{"index":"index","follow":"follow","max-snippet":"max-snippet:-1","max-image-preview":"max-image-preview:large","max-video-preview":"max-video-preview:-1"},"canonical":"https:\/\/potteryart.eu\/en_gb\/spletna-trgovina\/labirinti\/labirint-obcutij-ali-lunun-labirint\/skodelica-z-luninim-labirintom1038\/","og_locale":"en_GB","og_type":"article","og_title":"Skodelica z Luninim labirintom 3038","og_description":"Skodelica z Luninim labirintom je izdelek pottery art oblikovanje gline Polone Zajc, imenujemo ga tudi Labirint ob\u010dutij","og_url":"https:\/\/potteryart.eu\/en_gb\/spletna-trgovina\/labirinti\/labirint-obcutij-ali-lunun-labirint\/skodelica-z-luninim-labirintom1038\/","og_site_name":"Zajc Polona","article_modified_time":"2023-01-08T13:11:38+00:00","og_image":[{"width":1902,"height":2560,"url":"https:\/\/potteryart.eu\/wp-content\/uploads\/2021\/08\/20210815_084103-scaled.jpg","type":"image\/jpeg"}],"twitter_card":"summary_large_image","twitter_misc":{"Estimated reading time":"2 minutes"},"schema":{"@context":"https:\/\/schema.org","@graph":[{"@type":"WebPage","@id":"https:\/\/potteryart.eu\/spletna-trgovina\/labirinti\/labirint-obcutij-ali-lunun-labirint\/skodelica-z-luninim-labirintom1038\/","url":"https:\/\/potteryart.eu\/spletna-trgovina\/labirinti\/labirint-obcutij-ali-lunun-labirint\/skodelica-z-luninim-labirintom1038\/","name":"Cup with Moon Labyrinth","isPartOf":{"@id":"https:\/\/potteryart.eu\/#website"},"primaryImageOfPage":{"@id":"https:\/\/potteryart.eu\/spletna-trgovina\/labirinti\/labirint-obcutij-ali-lunun-labirint\/skodelica-z-luninim-labirintom1038\/#primaryimage"},"image":{"@id":"https:\/\/potteryart.eu\/spletna-trgovina\/labirinti\/labirint-obcutij-ali-lunun-labirint\/skodelica-z-luninim-labirintom1038\/#primaryimage"},"thumbnailUrl":"https:\/\/potteryart.eu\/wp-content\/uploads\/2021\/08\/20210815_084103-scaled.jpg","datePublished":"2021-08-29T06:47:20+00:00","dateModified":"2023-01-08T13:11:38+00:00","description":"Skodelica z Luninim labirintom je izdelek pottery art oblikovanje gline Polone Zajc, imenujemo ga tudi Labirint ob\u010dutij","breadcrumb":{"@id":"https:\/\/potteryart.eu\/spletna-trgovina\/labirinti\/labirint-obcutij-ali-lunun-labirint\/skodelica-z-luninim-labirintom1038\/#breadcrumb"},"inLanguage":"en-GB","potentialAction":[{"@type":"ReadAction","target":["https:\/\/potteryart.eu\/spletna-trgovina\/labirinti\/labirint-obcutij-ali-lunun-labirint\/skodelica-z-luninim-labirintom1038\/"]}]},{"@type":"ImageObject","inLanguage":"en-GB","@id":"https:\/\/potteryart.eu\/spletna-trgovina\/labirinti\/labirint-obcutij-ali-lunun-labirint\/skodelica-z-luninim-labirintom1038\/#primaryimage","url":"https:\/\/potteryart.eu\/wp-content\/uploads\/2021\/08\/20210815_084103-scaled.jpg","contentUrl":"https:\/\/potteryart.eu\/wp-content\/uploads\/2021\/08\/20210815_084103-scaled.jpg","width":1902,"height":2560,"caption":"Skodelica z Luninim labirintom, pottery art oblikovanje gline Polone Zajc, Labirint ob\u010dutij"},{"@type":"BreadcrumbList","@id":"https:\/\/potteryart.eu\/spletna-trgovina\/labirinti\/labirint-obcutij-ali-lunun-labirint\/skodelica-z-luninim-labirintom1038\/#breadcrumb","itemListElement":[{"@type":"ListItem","position":1,"name":"Home","item":"https:\/\/potteryart.eu\/"},{"@type":"ListItem","position":2,"name":"Spletna trgovina","item":"https:\/\/potteryart.eu\/spletna-trgovina\/"},{"@type":"ListItem","position":3,"name":"Skodelica z Luninim labirintom 3038"}]},{"@type":"WebSite","@id":"https:\/\/potteryart.eu\/#website","url":"https:\/\/potteryart.eu\/","name":"Zajc Polona","description":"","publisher":{"@id":"https:\/\/potteryart.eu\/#\/schema\/person\/819de6034d3dd0bbdcc3a95a0b6c7e4d"},"potentialAction":[{"@type":"SearchAction","target":{"@type":"EntryPoint","urlTemplate":"https:\/\/potteryart.eu\/?s={search_term_string}"},"query-input":{"@type":"PropertyValueSpecification","valueRequired":true,"valueName":"search_term_string"}}],"inLanguage":"en-GB"},{"@type":["Person","Organization"],"@id":"https:\/\/potteryart.eu\/#\/schema\/person\/819de6034d3dd0bbdcc3a95a0b6c7e4d","name":"polonazajc_admin","image":{"@type":"ImageObject","inLanguage":"en-GB","@id":"https:\/\/potteryart.eu\/wp-content\/uploads\/2020\/12\/cropped-Logo-1.png","url":"https:\/\/potteryart.eu\/wp-content\/uploads\/2020\/12\/cropped-Logo-1.png","contentUrl":"https:\/\/potteryart.eu\/wp-content\/uploads\/2020\/12\/cropped-Logo-1.png","width":2113,"height":280,"caption":"polonazajc_admin"},"logo":{"@id":"https:\/\/potteryart.eu\/wp-content\/uploads\/2020\/12\/cropped-Logo-1.png"}}]}},"_links":{"self":[{"href":"https:\/\/potteryart.eu\/en_gb\/wp-json\/wp\/v2\/product\/1264","targetHints":{"allow":["GET"]}}],"collection":[{"href":"https:\/\/potteryart.eu\/en_gb\/wp-json\/wp\/v2\/product"}],"about":[{"href":"https:\/\/potteryart.eu\/en_gb\/wp-json\/wp\/v2\/types\/product"}],"replies":[{"embeddable":true,"href":"https:\/\/potteryart.eu\/en_gb\/wp-json\/wp\/v2\/comments?post=1264"}],"wp:featuredmedia":[{"embeddable":true,"href":"https:\/\/potteryart.eu\/en_gb\/wp-json\/wp\/v2\/media\/1253"}],"wp:attachment":[{"href":"https:\/\/potteryart.eu\/en_gb\/wp-json\/wp\/v2\/media?parent=1264"}],"wp:term":[{"taxonomy":"product_brand","embeddable":true,"href":"https:\/\/potteryart.eu\/en_gb\/wp-json\/wp\/v2\/product_brand?post=1264"},{"taxonomy":"product_cat","embeddable":true,"href":"https:\/\/potteryart.eu\/en_gb\/wp-json\/wp\/v2\/product_cat?post=1264"},{"taxonomy":"product_tag","embeddable":true,"href":"https:\/\/potteryart.eu\/en_gb\/wp-json\/wp\/v2\/product_tag?post=1264"}],"curies":[{"name":"wp","href":"https:\/\/api.w.org\/{rel}","templated":true}]}}