{"id":1269,"date":"2021-08-29T09:20:22","date_gmt":"2021-08-29T07:20:22","guid":{"rendered":"https:\/\/potteryart.eu\/?post_type=product&#038;p=1269"},"modified":"2026-04-28T10:10:20","modified_gmt":"2026-04-28T08:10:20","slug":"jupitrov-labirint-na-skodelici-3043","status":"publish","type":"product","link":"https:\/\/potteryart.eu\/en_gb\/spletna-trgovina\/labirinti\/labirint-modrosti-ali-jupitrov-labirint\/jupitrov-labirint-na-skodelici-3043\/","title":{"rendered":"Jupiter's labyrinth on a cup"},"content":{"rendered":"<h1>Jupiter's labyrinth on a cup<\/h1>\n<p>The Jupiter Labyrinth on a cup is a symbol of a labyrinth carved into a ceramic cup. It is made by hand on a potter's spindle from grey-white clay. Its interior is covered with black clay. On the outside is the Labyrinth of Wisdom or Labyrinth of Jupiter. The cup is fired at 1040 \u00b0C. It is glazed with a suitable glaze (LOT15) on the surfaces where it comes into contact with foodstuffs. The height of the cup is 11 cm, the diameter 10 cm.  The Jupiter labyrinth on the cup gives the pottery art clay design by Polona Zajc a special meaning and use.<\/p>\n<h2>Pottery art clay design by Polona Zajc<\/h2>\n<p>Polona Zajc's Pottery art clay design collection includes hand-turned cups made from the finest quality clay. The cups have a labyrinth symbol carved on the outside. Since there are nine different shapes of labyrinths, seven of which have their own mirror image, this makes 16 different labyrinth shapes, i.e. 16 different cups. They are useful for eating and storing food, as well as for decoration, because the different labyrinths give them a special charm and effect both on the person using them and on the surroundings.<\/p>\n<h3>The Labyrinth of Wisdom<\/h3>\n<p class=\"translation-block\">In addition to being called the Labyrinth of Jupiter, the Labyrinth of Wisdom can also be called the Labyrinth of Knowledge. It is linked to the acquisition of knowledge. Of course, there are several types of knowledge acquisition. In schools, it is mainly about acquiring large amounts of information. However, scholarship is not just the accumulation of a quantity of information, but at its foundations is a disposition towards the acquisition of knowledge. And part of wisdom is continuous learning and progress. That is why the Wisdom Labyrinth, which encourages this process in us all, either by its use or by its mere presence, in our case on the ceramic cup, is so important. It will be particularly useful for pupils and students and all those who are learning new skills, but it is also excellent for teachers or anyone who imparts knowledge. In addition to these qualities, the purpose of the labyrinth also encompasses deeper levels of wisdom. For example, doing the right thing at all times, regardless of the knowledge we have about a particular situation.<\/p>","protected":false},"excerpt":{"rendered":"<p>Jupitrov labirint na skodelici Jupitrov labirint na skodelici je simbol labirinta, ki je vrezan v kerami\u010dno skodelico. Narejena je ro\u010dno, na lon\u010darskem vretenu iz sivo bele gline. Njena notranjost je oblita s \u010drno glino. Na zunanji strani je prisoten Labirint modrosti ali Jupitrov labirint. Skodelica je \u017egana pri 1040\u00b0C. Na povr\u0161inah, kjer prihaja v stik [&hellip;]<\/p>\n","protected":false},"featured_media":1246,"comment_status":"open","ping_status":"closed","template":"","meta":[],"product_brand":[],"product_cat":[244,38,249],"product_tag":[],"class_list":{"0":"post-1269","1":"product","2":"type-product","3":"status-publish","4":"has-post-thumbnail","6":"product_cat-labirint-modrosti-ali-jupitrov-labirint","7":"product_cat-labirinti","8":"product_cat-unikatne-skodelice-iz-gline","9":"product_shipping_class-1kg","11":"first","12":"outofstock","13":"purchasable","14":"product-type-simple"},"yoast_head":"<!-- This site is optimized with the Yoast SEO Premium plugin v27.5 (Yoast SEO v27.5) - https:\/\/yoast.com\/product\/yoast-seo-premium-wordpress\/ -->\n<title>Jupitrov labirint na skodelici<\/title>\n<meta name=\"description\" content=\"Jupitrov labirint na skodelici je izdelek pottery art oblikovanje gline Polone Zajc, Labirint modrosti ali tudi labirint znanja\" \/>\n<meta name=\"robots\" content=\"index, follow, max-snippet:-1, max-image-preview:large, max-video-preview:-1\" \/>\n<link rel=\"canonical\" href=\"https:\/\/potteryart.eu\/en_gb\/spletna-trgovina\/labirinti\/labirint-modrosti-ali-jupitrov-labirint\/jupitrov-labirint-na-skodelici-3043\/\" \/>\n<meta property=\"og:locale\" content=\"en_GB\" \/>\n<meta property=\"og:type\" content=\"article\" \/>\n<meta property=\"og:title\" content=\"Jupitrov labirint na skodelici 3043\" \/>\n<meta property=\"og:description\" content=\"Jupitrov labirint na skodelici je izdelek pottery art oblikovanje gline Polone Zajc, Labirint modrosti ali tudi labirint znanja\" \/>\n<meta property=\"og:url\" content=\"https:\/\/potteryart.eu\/en_gb\/spletna-trgovina\/labirinti\/labirint-modrosti-ali-jupitrov-labirint\/jupitrov-labirint-na-skodelici-3043\/\" \/>\n<meta property=\"og:site_name\" content=\"Zajc Polona\" \/>\n<meta property=\"article:modified_time\" content=\"2026-04-28T08:10:20+00:00\" \/>\n<meta property=\"og:image\" content=\"https:\/\/potteryart.eu\/wp-content\/uploads\/2021\/08\/20210815_083610-scaled.jpg\" \/>\n\t<meta property=\"og:image:width\" content=\"1857\" \/>\n\t<meta property=\"og:image:height\" content=\"2560\" \/>\n\t<meta property=\"og:image:type\" content=\"image\/jpeg\" \/>\n<meta name=\"twitter:card\" content=\"summary_large_image\" \/>\n<meta name=\"twitter:label1\" content=\"Estimated reading time\" \/>\n\t<meta name=\"twitter:data1\" content=\"2 minutes\" \/>\n<script type=\"application\/ld+json\" class=\"yoast-schema-graph\">{\"@context\":\"https:\\\/\\\/schema.org\",\"@graph\":[{\"@type\":\"WebPage\",\"@id\":\"https:\\\/\\\/potteryart.eu\\\/spletna-trgovina\\\/labirinti\\\/labirint-modrosti-ali-jupitrov-labirint\\\/jupitrov-labirint-na-skodelici-3043\\\/\",\"url\":\"https:\\\/\\\/potteryart.eu\\\/spletna-trgovina\\\/labirinti\\\/labirint-modrosti-ali-jupitrov-labirint\\\/jupitrov-labirint-na-skodelici-3043\\\/\",\"name\":\"Jupitrov labirint na skodelici\",\"isPartOf\":{\"@id\":\"https:\\\/\\\/potteryart.eu\\\/#website\"},\"primaryImageOfPage\":{\"@id\":\"https:\\\/\\\/potteryart.eu\\\/spletna-trgovina\\\/labirinti\\\/labirint-modrosti-ali-jupitrov-labirint\\\/jupitrov-labirint-na-skodelici-3043\\\/#primaryimage\"},\"image\":{\"@id\":\"https:\\\/\\\/potteryart.eu\\\/spletna-trgovina\\\/labirinti\\\/labirint-modrosti-ali-jupitrov-labirint\\\/jupitrov-labirint-na-skodelici-3043\\\/#primaryimage\"},\"thumbnailUrl\":\"https:\\\/\\\/potteryart.eu\\\/wp-content\\\/uploads\\\/2021\\\/08\\\/20210815_083610-scaled.jpg\",\"datePublished\":\"2021-08-29T07:20:22+00:00\",\"dateModified\":\"2026-04-28T08:10:20+00:00\",\"description\":\"Jupitrov labirint na skodelici je izdelek pottery art oblikovanje gline Polone Zajc, Labirint modrosti ali tudi labirint znanja\",\"breadcrumb\":{\"@id\":\"https:\\\/\\\/potteryart.eu\\\/spletna-trgovina\\\/labirinti\\\/labirint-modrosti-ali-jupitrov-labirint\\\/jupitrov-labirint-na-skodelici-3043\\\/#breadcrumb\"},\"inLanguage\":\"en-GB\",\"potentialAction\":[{\"@type\":\"ReadAction\",\"target\":[\"https:\\\/\\\/potteryart.eu\\\/spletna-trgovina\\\/labirinti\\\/labirint-modrosti-ali-jupitrov-labirint\\\/jupitrov-labirint-na-skodelici-3043\\\/\"]}]},{\"@type\":\"ImageObject\",\"inLanguage\":\"en-GB\",\"@id\":\"https:\\\/\\\/potteryart.eu\\\/spletna-trgovina\\\/labirinti\\\/labirint-modrosti-ali-jupitrov-labirint\\\/jupitrov-labirint-na-skodelici-3043\\\/#primaryimage\",\"url\":\"https:\\\/\\\/potteryart.eu\\\/wp-content\\\/uploads\\\/2021\\\/08\\\/20210815_083610-scaled.jpg\",\"contentUrl\":\"https:\\\/\\\/potteryart.eu\\\/wp-content\\\/uploads\\\/2021\\\/08\\\/20210815_083610-scaled.jpg\",\"width\":1857,\"height\":2560,\"caption\":\"Jupitrov labirint na skodelici, pottery art oblikovanje gline Polone Zajc, Labirint modrosti\"},{\"@type\":\"BreadcrumbList\",\"@id\":\"https:\\\/\\\/potteryart.eu\\\/spletna-trgovina\\\/labirinti\\\/labirint-modrosti-ali-jupitrov-labirint\\\/jupitrov-labirint-na-skodelici-3043\\\/#breadcrumb\",\"itemListElement\":[{\"@type\":\"ListItem\",\"position\":1,\"name\":\"Home\",\"item\":\"https:\\\/\\\/potteryart.eu\\\/\"},{\"@type\":\"ListItem\",\"position\":2,\"name\":\"Spletna trgovina\",\"item\":\"https:\\\/\\\/potteryart.eu\\\/spletna-trgovina\\\/\"},{\"@type\":\"ListItem\",\"position\":3,\"name\":\"Jupitrov labirint na skodelici 3043\"}]},{\"@type\":\"WebSite\",\"@id\":\"https:\\\/\\\/potteryart.eu\\\/#website\",\"url\":\"https:\\\/\\\/potteryart.eu\\\/\",\"name\":\"Zajc Polona\",\"description\":\"\",\"publisher\":{\"@id\":\"https:\\\/\\\/potteryart.eu\\\/#\\\/schema\\\/person\\\/819de6034d3dd0bbdcc3a95a0b6c7e4d\"},\"potentialAction\":[{\"@type\":\"SearchAction\",\"target\":{\"@type\":\"EntryPoint\",\"urlTemplate\":\"https:\\\/\\\/potteryart.eu\\\/?s={search_term_string}\"},\"query-input\":{\"@type\":\"PropertyValueSpecification\",\"valueRequired\":true,\"valueName\":\"search_term_string\"}}],\"inLanguage\":\"en-GB\"},{\"@type\":[\"Person\",\"Organization\"],\"@id\":\"https:\\\/\\\/potteryart.eu\\\/#\\\/schema\\\/person\\\/819de6034d3dd0bbdcc3a95a0b6c7e4d\",\"name\":\"polonazajc_admin\",\"image\":{\"@type\":\"ImageObject\",\"inLanguage\":\"en-GB\",\"@id\":\"https:\\\/\\\/potteryart.eu\\\/wp-content\\\/uploads\\\/2020\\\/12\\\/cropped-Logo-1.png\",\"url\":\"https:\\\/\\\/potteryart.eu\\\/wp-content\\\/uploads\\\/2020\\\/12\\\/cropped-Logo-1.png\",\"contentUrl\":\"https:\\\/\\\/potteryart.eu\\\/wp-content\\\/uploads\\\/2020\\\/12\\\/cropped-Logo-1.png\",\"width\":2113,\"height\":280,\"caption\":\"polonazajc_admin\"},\"logo\":{\"@id\":\"https:\\\/\\\/potteryart.eu\\\/wp-content\\\/uploads\\\/2020\\\/12\\\/cropped-Logo-1.png\"}}]}<\/script>\n<!-- \/ Yoast SEO Premium plugin. -->","yoast_head_json":{"title":"Jupiter's labyrinth on a cup","description":"Jupitrov labirint na skodelici je izdelek pottery art oblikovanje gline Polone Zajc, Labirint modrosti ali tudi labirint znanja","robots":{"index":"index","follow":"follow","max-snippet":"max-snippet:-1","max-image-preview":"max-image-preview:large","max-video-preview":"max-video-preview:-1"},"canonical":"https:\/\/potteryart.eu\/en_gb\/spletna-trgovina\/labirinti\/labirint-modrosti-ali-jupitrov-labirint\/jupitrov-labirint-na-skodelici-3043\/","og_locale":"en_GB","og_type":"article","og_title":"Jupitrov labirint na skodelici 3043","og_description":"Jupitrov labirint na skodelici je izdelek pottery art oblikovanje gline Polone Zajc, Labirint modrosti ali tudi labirint znanja","og_url":"https:\/\/potteryart.eu\/en_gb\/spletna-trgovina\/labirinti\/labirint-modrosti-ali-jupitrov-labirint\/jupitrov-labirint-na-skodelici-3043\/","og_site_name":"Zajc Polona","article_modified_time":"2026-04-28T08:10:20+00:00","og_image":[{"width":1857,"height":2560,"url":"https:\/\/potteryart.eu\/wp-content\/uploads\/2021\/08\/20210815_083610-scaled.jpg","type":"image\/jpeg"}],"twitter_card":"summary_large_image","twitter_misc":{"Estimated reading time":"2 minutes"},"schema":{"@context":"https:\/\/schema.org","@graph":[{"@type":"WebPage","@id":"https:\/\/potteryart.eu\/spletna-trgovina\/labirinti\/labirint-modrosti-ali-jupitrov-labirint\/jupitrov-labirint-na-skodelici-3043\/","url":"https:\/\/potteryart.eu\/spletna-trgovina\/labirinti\/labirint-modrosti-ali-jupitrov-labirint\/jupitrov-labirint-na-skodelici-3043\/","name":"Jupiter's labyrinth on a cup","isPartOf":{"@id":"https:\/\/potteryart.eu\/#website"},"primaryImageOfPage":{"@id":"https:\/\/potteryart.eu\/spletna-trgovina\/labirinti\/labirint-modrosti-ali-jupitrov-labirint\/jupitrov-labirint-na-skodelici-3043\/#primaryimage"},"image":{"@id":"https:\/\/potteryart.eu\/spletna-trgovina\/labirinti\/labirint-modrosti-ali-jupitrov-labirint\/jupitrov-labirint-na-skodelici-3043\/#primaryimage"},"thumbnailUrl":"https:\/\/potteryart.eu\/wp-content\/uploads\/2021\/08\/20210815_083610-scaled.jpg","datePublished":"2021-08-29T07:20:22+00:00","dateModified":"2026-04-28T08:10:20+00:00","description":"Jupitrov labirint na skodelici je izdelek pottery art oblikovanje gline Polone Zajc, Labirint modrosti ali tudi labirint znanja","breadcrumb":{"@id":"https:\/\/potteryart.eu\/spletna-trgovina\/labirinti\/labirint-modrosti-ali-jupitrov-labirint\/jupitrov-labirint-na-skodelici-3043\/#breadcrumb"},"inLanguage":"en-GB","potentialAction":[{"@type":"ReadAction","target":["https:\/\/potteryart.eu\/spletna-trgovina\/labirinti\/labirint-modrosti-ali-jupitrov-labirint\/jupitrov-labirint-na-skodelici-3043\/"]}]},{"@type":"ImageObject","inLanguage":"en-GB","@id":"https:\/\/potteryart.eu\/spletna-trgovina\/labirinti\/labirint-modrosti-ali-jupitrov-labirint\/jupitrov-labirint-na-skodelici-3043\/#primaryimage","url":"https:\/\/potteryart.eu\/wp-content\/uploads\/2021\/08\/20210815_083610-scaled.jpg","contentUrl":"https:\/\/potteryart.eu\/wp-content\/uploads\/2021\/08\/20210815_083610-scaled.jpg","width":1857,"height":2560,"caption":"Jupitrov labirint na skodelici, pottery art oblikovanje gline Polone Zajc, Labirint modrosti"},{"@type":"BreadcrumbList","@id":"https:\/\/potteryart.eu\/spletna-trgovina\/labirinti\/labirint-modrosti-ali-jupitrov-labirint\/jupitrov-labirint-na-skodelici-3043\/#breadcrumb","itemListElement":[{"@type":"ListItem","position":1,"name":"Home","item":"https:\/\/potteryart.eu\/"},{"@type":"ListItem","position":2,"name":"Spletna trgovina","item":"https:\/\/potteryart.eu\/spletna-trgovina\/"},{"@type":"ListItem","position":3,"name":"Jupitrov labirint na skodelici 3043"}]},{"@type":"WebSite","@id":"https:\/\/potteryart.eu\/#website","url":"https:\/\/potteryart.eu\/","name":"Zajc Polona","description":"","publisher":{"@id":"https:\/\/potteryart.eu\/#\/schema\/person\/819de6034d3dd0bbdcc3a95a0b6c7e4d"},"potentialAction":[{"@type":"SearchAction","target":{"@type":"EntryPoint","urlTemplate":"https:\/\/potteryart.eu\/?s={search_term_string}"},"query-input":{"@type":"PropertyValueSpecification","valueRequired":true,"valueName":"search_term_string"}}],"inLanguage":"en-GB"},{"@type":["Person","Organization"],"@id":"https:\/\/potteryart.eu\/#\/schema\/person\/819de6034d3dd0bbdcc3a95a0b6c7e4d","name":"polonazajc_admin","image":{"@type":"ImageObject","inLanguage":"en-GB","@id":"https:\/\/potteryart.eu\/wp-content\/uploads\/2020\/12\/cropped-Logo-1.png","url":"https:\/\/potteryart.eu\/wp-content\/uploads\/2020\/12\/cropped-Logo-1.png","contentUrl":"https:\/\/potteryart.eu\/wp-content\/uploads\/2020\/12\/cropped-Logo-1.png","width":2113,"height":280,"caption":"polonazajc_admin"},"logo":{"@id":"https:\/\/potteryart.eu\/wp-content\/uploads\/2020\/12\/cropped-Logo-1.png"}}]}},"_links":{"self":[{"href":"https:\/\/potteryart.eu\/en_gb\/wp-json\/wp\/v2\/product\/1269","targetHints":{"allow":["GET"]}}],"collection":[{"href":"https:\/\/potteryart.eu\/en_gb\/wp-json\/wp\/v2\/product"}],"about":[{"href":"https:\/\/potteryart.eu\/en_gb\/wp-json\/wp\/v2\/types\/product"}],"replies":[{"embeddable":true,"href":"https:\/\/potteryart.eu\/en_gb\/wp-json\/wp\/v2\/comments?post=1269"}],"wp:featuredmedia":[{"embeddable":true,"href":"https:\/\/potteryart.eu\/en_gb\/wp-json\/wp\/v2\/media\/1246"}],"wp:attachment":[{"href":"https:\/\/potteryart.eu\/en_gb\/wp-json\/wp\/v2\/media?parent=1269"}],"wp:term":[{"taxonomy":"product_brand","embeddable":true,"href":"https:\/\/potteryart.eu\/en_gb\/wp-json\/wp\/v2\/product_brand?post=1269"},{"taxonomy":"product_cat","embeddable":true,"href":"https:\/\/potteryart.eu\/en_gb\/wp-json\/wp\/v2\/product_cat?post=1269"},{"taxonomy":"product_tag","embeddable":true,"href":"https:\/\/potteryart.eu\/en_gb\/wp-json\/wp\/v2\/product_tag?post=1269"}],"curies":[{"name":"wp","href":"https:\/\/api.w.org\/{rel}","templated":true}]}}