{"id":1270,"date":"2021-08-29T09:25:51","date_gmt":"2021-08-29T07:25:51","guid":{"rendered":"https:\/\/potteryart.eu\/?post_type=product&#038;p=1270"},"modified":"2022-11-22T17:31:38","modified_gmt":"2022-11-22T16:31:38","slug":"skodelica-z-jupitrovim-labirintom-3044","status":"publish","type":"product","link":"https:\/\/potteryart.eu\/en_gb\/spletna-trgovina\/labirinti\/labirint-modrosti-ali-jupitrov-labirint\/skodelica-z-jupitrovim-labirintom-3044\/","title":{"rendered":"Cup with Jupiter's labyrinth"},"content":{"rendered":"<h1>Cup with Jupiter's labyrinth<\/h1>\n<p class=\"translation-block\">Ceramic cup with Jupiter's labyrinth is one of the cups in the pottery art collection of Polona Zajc. The cup is made on a pottery spindle from grey-white clay. Its interior is covered with black clay. It is fired at 1040\u00b0C. On the outside, it has the symbol of the labyrinth of wisdom or Jupiter's labyrinth carved on it. It is highlighted in black. It is glazed with a suitable glaze (LOT15) on the surfaces where it comes into contact with foodstuffs. The height of the cup is 11 cm, the diameter 10 cm. The labyrinth of wisdom gives it a special significance, as it has a strong influence on the surroundings in which it appears.<\/p>\n<h2>Pottery art clay design by Polona Zajc<\/h2>\n<p>The cups are made of the finest quality clay and glazed with a glaze that is certified for quality and suitability for household use. The cups are therefore of the highest quality and are given a special charm by the sculpted symbols of the labyrinths, each of which has its own characteristics of action. Both on the surroundings in which it is placed and on the user.<\/p>\n<h3>The Labyrinth of Wisdom or Jupiter's Labyrinth<\/h3>\n<p class=\"translation-block\">The Labyrinth of Wisdom or the Labyrinth of Jupiter can also be called the Labyrinth of Knowledge. The main themes of this labyrinth are learning and teaching. It is a very important theme in life. One could say that the moment people stop learning, they die in a way. Consequently, negative traits such as possessiveness, prejudice, bad judgement and impatience start to manifest themselves in life. And it is the receptive form that is engraved on the present cup that will have such an effect when used. Part of non-wisdom is the conviction that only one's own truth exists. The elevation of self above others is the product of ignorance. So the Labyrinth of Wisdom in its receptive form equates these very qualities. The presence of this labyrinth in the environment stimulates innate human curiosity, and redirects people's thoughts and actions towards the accomplishment of tasks that are beneficial to all.<\/p>","protected":false},"excerpt":{"rendered":"<p>Skodelica z Jupitrovim labirintom Kerami\u010dna skodelica z Jupitrovim labirintom je ena izmed skodelic v zbirki pottery art oblikovanje gline Polone Zajc. Skodelica je narejena na lon\u010darskem vretenu iz sivo bele gline. Njena notranjost je oblita s \u010drno glino. \u017dgana je pri 1040\u00b0C. Na zunanji strani ima vrezan simbol labirinta modrosti ali Jupitrov labirint. Poudarjen je [&hellip;]<\/p>\n","protected":false},"featured_media":1247,"comment_status":"open","ping_status":"closed","template":"","meta":[],"product_brand":[],"product_cat":[244,38,249],"product_tag":[],"class_list":{"0":"post-1270","1":"product","2":"type-product","3":"status-publish","4":"has-post-thumbnail","6":"product_cat-labirint-modrosti-ali-jupitrov-labirint","7":"product_cat-labirinti","8":"product_cat-unikatne-skodelice-iz-gline","9":"product_shipping_class-1kg","11":"first","12":"instock","13":"taxable","14":"shipping-taxable","15":"purchasable","16":"product-type-simple"},"yoast_head":"<!-- This site is optimized with the Yoast SEO Premium plugin v27.4 (Yoast SEO v27.4) - https:\/\/yoast.com\/product\/yoast-seo-premium-wordpress\/ -->\n<title>Skodelica z Jupitrovim labirintom<\/title>\n<meta name=\"description\" content=\"skodelica z Jupitrovim labirintom je izdelek pottery art oblikovanje gline Polone Zajc, imenujemo ga Labirint modrosti ali Jupitrov labirint\" \/>\n<meta name=\"robots\" content=\"index, follow, max-snippet:-1, max-image-preview:large, max-video-preview:-1\" \/>\n<link rel=\"canonical\" href=\"https:\/\/potteryart.eu\/en_gb\/spletna-trgovina\/labirinti\/labirint-modrosti-ali-jupitrov-labirint\/skodelica-z-jupitrovim-labirintom-3044\/\" \/>\n<meta property=\"og:locale\" content=\"en_GB\" \/>\n<meta property=\"og:type\" content=\"article\" \/>\n<meta property=\"og:title\" content=\"Skodelica z Jupitrovim labirintom 3044\" \/>\n<meta property=\"og:description\" content=\"skodelica z Jupitrovim labirintom je izdelek pottery art oblikovanje gline Polone Zajc, imenujemo ga Labirint modrosti ali Jupitrov labirint\" \/>\n<meta property=\"og:url\" content=\"https:\/\/potteryart.eu\/en_gb\/spletna-trgovina\/labirinti\/labirint-modrosti-ali-jupitrov-labirint\/skodelica-z-jupitrovim-labirintom-3044\/\" \/>\n<meta property=\"og:site_name\" content=\"Zajc Polona\" \/>\n<meta property=\"article:modified_time\" content=\"2022-11-22T16:31:38+00:00\" \/>\n<meta property=\"og:image\" content=\"https:\/\/potteryart.eu\/wp-content\/uploads\/2021\/08\/20210815_083642-scaled.jpg\" \/>\n\t<meta property=\"og:image:width\" content=\"1802\" \/>\n\t<meta property=\"og:image:height\" content=\"2560\" \/>\n\t<meta property=\"og:image:type\" content=\"image\/jpeg\" \/>\n<meta name=\"twitter:card\" content=\"summary_large_image\" \/>\n<meta name=\"twitter:label1\" content=\"Estimated reading time\" \/>\n\t<meta name=\"twitter:data1\" content=\"2 minutes\" \/>\n<script type=\"application\/ld+json\" class=\"yoast-schema-graph\">{\"@context\":\"https:\\\/\\\/schema.org\",\"@graph\":[{\"@type\":\"WebPage\",\"@id\":\"https:\\\/\\\/potteryart.eu\\\/spletna-trgovina\\\/labirinti\\\/labirint-modrosti-ali-jupitrov-labirint\\\/skodelica-z-jupitrovim-labirintom-3044\\\/\",\"url\":\"https:\\\/\\\/potteryart.eu\\\/spletna-trgovina\\\/labirinti\\\/labirint-modrosti-ali-jupitrov-labirint\\\/skodelica-z-jupitrovim-labirintom-3044\\\/\",\"name\":\"Skodelica z Jupitrovim labirintom\",\"isPartOf\":{\"@id\":\"https:\\\/\\\/potteryart.eu\\\/#website\"},\"primaryImageOfPage\":{\"@id\":\"https:\\\/\\\/potteryart.eu\\\/spletna-trgovina\\\/labirinti\\\/labirint-modrosti-ali-jupitrov-labirint\\\/skodelica-z-jupitrovim-labirintom-3044\\\/#primaryimage\"},\"image\":{\"@id\":\"https:\\\/\\\/potteryart.eu\\\/spletna-trgovina\\\/labirinti\\\/labirint-modrosti-ali-jupitrov-labirint\\\/skodelica-z-jupitrovim-labirintom-3044\\\/#primaryimage\"},\"thumbnailUrl\":\"https:\\\/\\\/potteryart.eu\\\/wp-content\\\/uploads\\\/2021\\\/08\\\/20210815_083642-scaled.jpg\",\"datePublished\":\"2021-08-29T07:25:51+00:00\",\"dateModified\":\"2022-11-22T16:31:38+00:00\",\"description\":\"skodelica z Jupitrovim labirintom je izdelek pottery art oblikovanje gline Polone Zajc, imenujemo ga Labirint modrosti ali Jupitrov labirint\",\"breadcrumb\":{\"@id\":\"https:\\\/\\\/potteryart.eu\\\/spletna-trgovina\\\/labirinti\\\/labirint-modrosti-ali-jupitrov-labirint\\\/skodelica-z-jupitrovim-labirintom-3044\\\/#breadcrumb\"},\"inLanguage\":\"en-GB\",\"potentialAction\":[{\"@type\":\"ReadAction\",\"target\":[\"https:\\\/\\\/potteryart.eu\\\/spletna-trgovina\\\/labirinti\\\/labirint-modrosti-ali-jupitrov-labirint\\\/skodelica-z-jupitrovim-labirintom-3044\\\/\"]}]},{\"@type\":\"ImageObject\",\"inLanguage\":\"en-GB\",\"@id\":\"https:\\\/\\\/potteryart.eu\\\/spletna-trgovina\\\/labirinti\\\/labirint-modrosti-ali-jupitrov-labirint\\\/skodelica-z-jupitrovim-labirintom-3044\\\/#primaryimage\",\"url\":\"https:\\\/\\\/potteryart.eu\\\/wp-content\\\/uploads\\\/2021\\\/08\\\/20210815_083642-scaled.jpg\",\"contentUrl\":\"https:\\\/\\\/potteryart.eu\\\/wp-content\\\/uploads\\\/2021\\\/08\\\/20210815_083642-scaled.jpg\",\"width\":1802,\"height\":2560,\"caption\":\"skodelica z Jupitrovim labirintom, pottery art oblikovanje gline Polone Zajc, Labirint modrosti ali Jupitrov labirint\"},{\"@type\":\"BreadcrumbList\",\"@id\":\"https:\\\/\\\/potteryart.eu\\\/spletna-trgovina\\\/labirinti\\\/labirint-modrosti-ali-jupitrov-labirint\\\/skodelica-z-jupitrovim-labirintom-3044\\\/#breadcrumb\",\"itemListElement\":[{\"@type\":\"ListItem\",\"position\":1,\"name\":\"Home\",\"item\":\"https:\\\/\\\/potteryart.eu\\\/\"},{\"@type\":\"ListItem\",\"position\":2,\"name\":\"Spletna trgovina\",\"item\":\"https:\\\/\\\/potteryart.eu\\\/spletna-trgovina\\\/\"},{\"@type\":\"ListItem\",\"position\":3,\"name\":\"Skodelica z Jupitrovim labirintom 3044\"}]},{\"@type\":\"WebSite\",\"@id\":\"https:\\\/\\\/potteryart.eu\\\/#website\",\"url\":\"https:\\\/\\\/potteryart.eu\\\/\",\"name\":\"Zajc Polona\",\"description\":\"\",\"publisher\":{\"@id\":\"https:\\\/\\\/potteryart.eu\\\/#\\\/schema\\\/person\\\/819de6034d3dd0bbdcc3a95a0b6c7e4d\"},\"potentialAction\":[{\"@type\":\"SearchAction\",\"target\":{\"@type\":\"EntryPoint\",\"urlTemplate\":\"https:\\\/\\\/potteryart.eu\\\/?s={search_term_string}\"},\"query-input\":{\"@type\":\"PropertyValueSpecification\",\"valueRequired\":true,\"valueName\":\"search_term_string\"}}],\"inLanguage\":\"en-GB\"},{\"@type\":[\"Person\",\"Organization\"],\"@id\":\"https:\\\/\\\/potteryart.eu\\\/#\\\/schema\\\/person\\\/819de6034d3dd0bbdcc3a95a0b6c7e4d\",\"name\":\"polonazajc_admin\",\"image\":{\"@type\":\"ImageObject\",\"inLanguage\":\"en-GB\",\"@id\":\"https:\\\/\\\/potteryart.eu\\\/wp-content\\\/uploads\\\/2020\\\/12\\\/cropped-Logo-1.png\",\"url\":\"https:\\\/\\\/potteryart.eu\\\/wp-content\\\/uploads\\\/2020\\\/12\\\/cropped-Logo-1.png\",\"contentUrl\":\"https:\\\/\\\/potteryart.eu\\\/wp-content\\\/uploads\\\/2020\\\/12\\\/cropped-Logo-1.png\",\"width\":2113,\"height\":280,\"caption\":\"polonazajc_admin\"},\"logo\":{\"@id\":\"https:\\\/\\\/potteryart.eu\\\/wp-content\\\/uploads\\\/2020\\\/12\\\/cropped-Logo-1.png\"}}]}<\/script>\n<!-- \/ Yoast SEO Premium plugin. -->","yoast_head_json":{"title":"Cup with Jupiter's labyrinth","description":"skodelica z Jupitrovim labirintom je izdelek pottery art oblikovanje gline Polone Zajc, imenujemo ga Labirint modrosti ali Jupitrov labirint","robots":{"index":"index","follow":"follow","max-snippet":"max-snippet:-1","max-image-preview":"max-image-preview:large","max-video-preview":"max-video-preview:-1"},"canonical":"https:\/\/potteryart.eu\/en_gb\/spletna-trgovina\/labirinti\/labirint-modrosti-ali-jupitrov-labirint\/skodelica-z-jupitrovim-labirintom-3044\/","og_locale":"en_GB","og_type":"article","og_title":"Skodelica z Jupitrovim labirintom 3044","og_description":"skodelica z Jupitrovim labirintom je izdelek pottery art oblikovanje gline Polone Zajc, imenujemo ga Labirint modrosti ali Jupitrov labirint","og_url":"https:\/\/potteryart.eu\/en_gb\/spletna-trgovina\/labirinti\/labirint-modrosti-ali-jupitrov-labirint\/skodelica-z-jupitrovim-labirintom-3044\/","og_site_name":"Zajc Polona","article_modified_time":"2022-11-22T16:31:38+00:00","og_image":[{"width":1802,"height":2560,"url":"https:\/\/potteryart.eu\/wp-content\/uploads\/2021\/08\/20210815_083642-scaled.jpg","type":"image\/jpeg"}],"twitter_card":"summary_large_image","twitter_misc":{"Estimated reading time":"2 minutes"},"schema":{"@context":"https:\/\/schema.org","@graph":[{"@type":"WebPage","@id":"https:\/\/potteryart.eu\/spletna-trgovina\/labirinti\/labirint-modrosti-ali-jupitrov-labirint\/skodelica-z-jupitrovim-labirintom-3044\/","url":"https:\/\/potteryart.eu\/spletna-trgovina\/labirinti\/labirint-modrosti-ali-jupitrov-labirint\/skodelica-z-jupitrovim-labirintom-3044\/","name":"Cup with Jupiter's labyrinth","isPartOf":{"@id":"https:\/\/potteryart.eu\/#website"},"primaryImageOfPage":{"@id":"https:\/\/potteryart.eu\/spletna-trgovina\/labirinti\/labirint-modrosti-ali-jupitrov-labirint\/skodelica-z-jupitrovim-labirintom-3044\/#primaryimage"},"image":{"@id":"https:\/\/potteryart.eu\/spletna-trgovina\/labirinti\/labirint-modrosti-ali-jupitrov-labirint\/skodelica-z-jupitrovim-labirintom-3044\/#primaryimage"},"thumbnailUrl":"https:\/\/potteryart.eu\/wp-content\/uploads\/2021\/08\/20210815_083642-scaled.jpg","datePublished":"2021-08-29T07:25:51+00:00","dateModified":"2022-11-22T16:31:38+00:00","description":"skodelica z Jupitrovim labirintom je izdelek pottery art oblikovanje gline Polone Zajc, imenujemo ga Labirint modrosti ali Jupitrov labirint","breadcrumb":{"@id":"https:\/\/potteryart.eu\/spletna-trgovina\/labirinti\/labirint-modrosti-ali-jupitrov-labirint\/skodelica-z-jupitrovim-labirintom-3044\/#breadcrumb"},"inLanguage":"en-GB","potentialAction":[{"@type":"ReadAction","target":["https:\/\/potteryart.eu\/spletna-trgovina\/labirinti\/labirint-modrosti-ali-jupitrov-labirint\/skodelica-z-jupitrovim-labirintom-3044\/"]}]},{"@type":"ImageObject","inLanguage":"en-GB","@id":"https:\/\/potteryart.eu\/spletna-trgovina\/labirinti\/labirint-modrosti-ali-jupitrov-labirint\/skodelica-z-jupitrovim-labirintom-3044\/#primaryimage","url":"https:\/\/potteryart.eu\/wp-content\/uploads\/2021\/08\/20210815_083642-scaled.jpg","contentUrl":"https:\/\/potteryart.eu\/wp-content\/uploads\/2021\/08\/20210815_083642-scaled.jpg","width":1802,"height":2560,"caption":"skodelica z Jupitrovim labirintom, pottery art oblikovanje gline Polone Zajc, Labirint modrosti ali Jupitrov labirint"},{"@type":"BreadcrumbList","@id":"https:\/\/potteryart.eu\/spletna-trgovina\/labirinti\/labirint-modrosti-ali-jupitrov-labirint\/skodelica-z-jupitrovim-labirintom-3044\/#breadcrumb","itemListElement":[{"@type":"ListItem","position":1,"name":"Home","item":"https:\/\/potteryart.eu\/"},{"@type":"ListItem","position":2,"name":"Spletna trgovina","item":"https:\/\/potteryart.eu\/spletna-trgovina\/"},{"@type":"ListItem","position":3,"name":"Skodelica z Jupitrovim labirintom 3044"}]},{"@type":"WebSite","@id":"https:\/\/potteryart.eu\/#website","url":"https:\/\/potteryart.eu\/","name":"Zajc Polona","description":"","publisher":{"@id":"https:\/\/potteryart.eu\/#\/schema\/person\/819de6034d3dd0bbdcc3a95a0b6c7e4d"},"potentialAction":[{"@type":"SearchAction","target":{"@type":"EntryPoint","urlTemplate":"https:\/\/potteryart.eu\/?s={search_term_string}"},"query-input":{"@type":"PropertyValueSpecification","valueRequired":true,"valueName":"search_term_string"}}],"inLanguage":"en-GB"},{"@type":["Person","Organization"],"@id":"https:\/\/potteryart.eu\/#\/schema\/person\/819de6034d3dd0bbdcc3a95a0b6c7e4d","name":"polonazajc_admin","image":{"@type":"ImageObject","inLanguage":"en-GB","@id":"https:\/\/potteryart.eu\/wp-content\/uploads\/2020\/12\/cropped-Logo-1.png","url":"https:\/\/potteryart.eu\/wp-content\/uploads\/2020\/12\/cropped-Logo-1.png","contentUrl":"https:\/\/potteryart.eu\/wp-content\/uploads\/2020\/12\/cropped-Logo-1.png","width":2113,"height":280,"caption":"polonazajc_admin"},"logo":{"@id":"https:\/\/potteryart.eu\/wp-content\/uploads\/2020\/12\/cropped-Logo-1.png"}}]}},"_links":{"self":[{"href":"https:\/\/potteryart.eu\/en_gb\/wp-json\/wp\/v2\/product\/1270","targetHints":{"allow":["GET"]}}],"collection":[{"href":"https:\/\/potteryart.eu\/en_gb\/wp-json\/wp\/v2\/product"}],"about":[{"href":"https:\/\/potteryart.eu\/en_gb\/wp-json\/wp\/v2\/types\/product"}],"replies":[{"embeddable":true,"href":"https:\/\/potteryart.eu\/en_gb\/wp-json\/wp\/v2\/comments?post=1270"}],"wp:featuredmedia":[{"embeddable":true,"href":"https:\/\/potteryart.eu\/en_gb\/wp-json\/wp\/v2\/media\/1247"}],"wp:attachment":[{"href":"https:\/\/potteryart.eu\/en_gb\/wp-json\/wp\/v2\/media?parent=1270"}],"wp:term":[{"taxonomy":"product_brand","embeddable":true,"href":"https:\/\/potteryart.eu\/en_gb\/wp-json\/wp\/v2\/product_brand?post=1270"},{"taxonomy":"product_cat","embeddable":true,"href":"https:\/\/potteryart.eu\/en_gb\/wp-json\/wp\/v2\/product_cat?post=1270"},{"taxonomy":"product_tag","embeddable":true,"href":"https:\/\/potteryart.eu\/en_gb\/wp-json\/wp\/v2\/product_tag?post=1270"}],"curies":[{"name":"wp","href":"https:\/\/api.w.org\/{rel}","templated":true}]}}