{"id":1277,"date":"2021-08-29T09:53:42","date_gmt":"2021-08-29T07:53:42","guid":{"rendered":"https:\/\/potteryart.eu\/?post_type=product&#038;p=1277"},"modified":"2026-02-11T15:20:58","modified_gmt":"2026-02-11T14:20:58","slug":"venerin-labirint-na-skodelici-3046","status":"publish","type":"product","link":"https:\/\/potteryart.eu\/en_gb\/spletna-trgovina\/labirinti\/labirint-ljubezni-in-ustvarjalnosti\/venerin-labirint-na-skodelici-3046\/","title":{"rendered":"Venus Labyrinth on a cup"},"content":{"rendered":"<h1>Venus Labyrinth on a cup<\/h1>\n<p>Venus Labyrinth on a Cup is a product of pottery art clay design by Polona Zajc. Its name is also Labyrinth of Love and Creativity. It gives the ceramic cup on which it is carved a special meaning and also a purpose. The cup is made on a pottery spindle from grey-white clay. The interior is covered with black clay. On the outside, the symbol of a labyrinth is incised and highlighted in black. It is fired at 1040 \u00b0C. It is glazed with a suitable glaze (LOT15) on the surfaces where it comes into contact with food. The height of the cup is 11 cm, the diameter 10 cm.<\/p>\n<h2>Pottery art clay design by Polona Zajc<\/h2>\n<p>Pottery art clay design by Polona Zajc has a cup with the symbol Labyrinth of Love and Creativity engraved on it in her collection. The presence of the labyrinth gives the cup a special charm and meaning. The cup is made of the finest quality clay and a matching glaze. It is therefore useful for storing drinks and food as well as for enjoying them. Of course, the Venus labyrinth on the cup also implies a unique decor and meaning.<\/p>\n<h3>Labyrinth of love and creativity<\/h3>\n<p class=\"translation-block\">The Labyrinth of Love and Creativity or Venus Labyrinth is associated with the area of love and relationships.  It represents all the inner and outer happenings associated with falling in love, the feelings we have for our partners, sexuality, fertility and procreation. The present cup depicts an expressive labyrinth shape, so imaginatively moving around the sculpted form will help to eradicate negative feelings such as greed and jealousy. These are derivatives of fear, which is the opposite of love. As with all labyrinths, it is about creating balance. The direct effect of the labyrinth on the body is to preserve youth and beauty. Love and creativity are indispensable for all people. Labyrinths are like receivers and transmitters of energy, so the labyrinth on the cup will influence the surroundings in such a way that the whole environment will take on the qualities of love and creativity. This is also why in the Pottery Art collection, Polona Zajc's clay design is a ceramic cup with a sculpted labyrinth.<\/p>","protected":false},"excerpt":{"rendered":"<p>Venerin labirint na skodelici Venerin labirint na skodelici je izdelek pottery art oblikovanje gline Polone Zajc. Njegovo ime je tudi Labirint ljubezni in ustvarjalnosti. Ta daje kerami\u010dni skodelici, na katero je vrezan poseben pomen in tudi namen. Skodelica je narejena na lon\u010darskem vretenu iz sivo bele gline. Notranjost je oblita s \u010drno glino. Na zunanjosti [&hellip;]<\/p>\n","protected":false},"featured_media":1245,"comment_status":"open","ping_status":"closed","template":"","meta":[],"product_brand":[],"product_cat":[245,38,249],"product_tag":[],"class_list":{"0":"post-1277","1":"product","2":"type-product","3":"status-publish","4":"has-post-thumbnail","6":"product_cat-labirint-ljubezni-in-ustvarjalnosti","7":"product_cat-labirinti","8":"product_cat-unikatne-skodelice-iz-gline","9":"product_shipping_class-1kg","11":"first","12":"outofstock","13":"purchasable","14":"product-type-simple"},"yoast_head":"<!-- This site is optimized with the Yoast SEO Premium plugin v27.5 (Yoast SEO v27.5) - https:\/\/yoast.com\/product\/yoast-seo-premium-wordpress\/ -->\n<title>VENERIN LABIRINT NA SKODELICI<\/title>\n<meta name=\"description\" content=\"Venerin labirint na skodelici je izdelek iz zbirke pottery art oblikovanje gline Polone Zajc, Labirint ustvarjalnosti ali Venerin labirint\" \/>\n<meta name=\"robots\" content=\"index, follow, max-snippet:-1, max-image-preview:large, max-video-preview:-1\" \/>\n<link rel=\"canonical\" href=\"https:\/\/potteryart.eu\/en_gb\/spletna-trgovina\/labirinti\/labirint-ljubezni-in-ustvarjalnosti\/venerin-labirint-na-skodelici-3046\/\" \/>\n<meta property=\"og:locale\" content=\"en_GB\" \/>\n<meta property=\"og:type\" content=\"article\" \/>\n<meta property=\"og:title\" content=\"Venerin labirint na skodelici 3046\" \/>\n<meta property=\"og:description\" content=\"Venerin labirint na skodelici je izdelek iz zbirke pottery art oblikovanje gline Polone Zajc, Labirint ustvarjalnosti ali Venerin labirint\" \/>\n<meta property=\"og:url\" content=\"https:\/\/potteryart.eu\/en_gb\/spletna-trgovina\/labirinti\/labirint-ljubezni-in-ustvarjalnosti\/venerin-labirint-na-skodelici-3046\/\" \/>\n<meta property=\"og:site_name\" content=\"Zajc Polona\" \/>\n<meta property=\"article:modified_time\" content=\"2026-02-11T14:20:58+00:00\" \/>\n<meta property=\"og:image\" content=\"https:\/\/potteryart.eu\/wp-content\/uploads\/2021\/08\/20210815_083501-scaled.jpg\" \/>\n\t<meta property=\"og:image:width\" content=\"1837\" \/>\n\t<meta property=\"og:image:height\" content=\"2560\" \/>\n\t<meta property=\"og:image:type\" content=\"image\/jpeg\" \/>\n<meta name=\"twitter:card\" content=\"summary_large_image\" \/>\n<meta name=\"twitter:label1\" content=\"Estimated reading time\" \/>\n\t<meta name=\"twitter:data1\" content=\"2 minutes\" \/>\n<script type=\"application\/ld+json\" class=\"yoast-schema-graph\">{\"@context\":\"https:\\\/\\\/schema.org\",\"@graph\":[{\"@type\":\"WebPage\",\"@id\":\"https:\\\/\\\/potteryart.eu\\\/spletna-trgovina\\\/labirinti\\\/labirint-ljubezni-in-ustvarjalnosti\\\/venerin-labirint-na-skodelici-3046\\\/\",\"url\":\"https:\\\/\\\/potteryart.eu\\\/spletna-trgovina\\\/labirinti\\\/labirint-ljubezni-in-ustvarjalnosti\\\/venerin-labirint-na-skodelici-3046\\\/\",\"name\":\"VENERIN LABIRINT NA SKODELICI\",\"isPartOf\":{\"@id\":\"https:\\\/\\\/potteryart.eu\\\/#website\"},\"primaryImageOfPage\":{\"@id\":\"https:\\\/\\\/potteryart.eu\\\/spletna-trgovina\\\/labirinti\\\/labirint-ljubezni-in-ustvarjalnosti\\\/venerin-labirint-na-skodelici-3046\\\/#primaryimage\"},\"image\":{\"@id\":\"https:\\\/\\\/potteryart.eu\\\/spletna-trgovina\\\/labirinti\\\/labirint-ljubezni-in-ustvarjalnosti\\\/venerin-labirint-na-skodelici-3046\\\/#primaryimage\"},\"thumbnailUrl\":\"https:\\\/\\\/potteryart.eu\\\/wp-content\\\/uploads\\\/2021\\\/08\\\/20210815_083501-scaled.jpg\",\"datePublished\":\"2021-08-29T07:53:42+00:00\",\"dateModified\":\"2026-02-11T14:20:58+00:00\",\"description\":\"Venerin labirint na skodelici je izdelek iz zbirke pottery art oblikovanje gline Polone Zajc, Labirint ustvarjalnosti ali Venerin labirint\",\"breadcrumb\":{\"@id\":\"https:\\\/\\\/potteryart.eu\\\/spletna-trgovina\\\/labirinti\\\/labirint-ljubezni-in-ustvarjalnosti\\\/venerin-labirint-na-skodelici-3046\\\/#breadcrumb\"},\"inLanguage\":\"en-GB\",\"potentialAction\":[{\"@type\":\"ReadAction\",\"target\":[\"https:\\\/\\\/potteryart.eu\\\/spletna-trgovina\\\/labirinti\\\/labirint-ljubezni-in-ustvarjalnosti\\\/venerin-labirint-na-skodelici-3046\\\/\"]}]},{\"@type\":\"ImageObject\",\"inLanguage\":\"en-GB\",\"@id\":\"https:\\\/\\\/potteryart.eu\\\/spletna-trgovina\\\/labirinti\\\/labirint-ljubezni-in-ustvarjalnosti\\\/venerin-labirint-na-skodelici-3046\\\/#primaryimage\",\"url\":\"https:\\\/\\\/potteryart.eu\\\/wp-content\\\/uploads\\\/2021\\\/08\\\/20210815_083501-scaled.jpg\",\"contentUrl\":\"https:\\\/\\\/potteryart.eu\\\/wp-content\\\/uploads\\\/2021\\\/08\\\/20210815_083501-scaled.jpg\",\"width\":1837,\"height\":2560,\"caption\":\"venerin labirint na skodelici, pottery art oblikovanje gline Polone Zajc, labirint ljubezni in ustvarjalnosti ali Veneri labirint\"},{\"@type\":\"BreadcrumbList\",\"@id\":\"https:\\\/\\\/potteryart.eu\\\/spletna-trgovina\\\/labirinti\\\/labirint-ljubezni-in-ustvarjalnosti\\\/venerin-labirint-na-skodelici-3046\\\/#breadcrumb\",\"itemListElement\":[{\"@type\":\"ListItem\",\"position\":1,\"name\":\"Home\",\"item\":\"https:\\\/\\\/potteryart.eu\\\/\"},{\"@type\":\"ListItem\",\"position\":2,\"name\":\"Spletna trgovina\",\"item\":\"https:\\\/\\\/potteryart.eu\\\/spletna-trgovina\\\/\"},{\"@type\":\"ListItem\",\"position\":3,\"name\":\"Venerin labirint na skodelici 3046\"}]},{\"@type\":\"WebSite\",\"@id\":\"https:\\\/\\\/potteryart.eu\\\/#website\",\"url\":\"https:\\\/\\\/potteryart.eu\\\/\",\"name\":\"Zajc Polona\",\"description\":\"\",\"publisher\":{\"@id\":\"https:\\\/\\\/potteryart.eu\\\/#\\\/schema\\\/person\\\/819de6034d3dd0bbdcc3a95a0b6c7e4d\"},\"potentialAction\":[{\"@type\":\"SearchAction\",\"target\":{\"@type\":\"EntryPoint\",\"urlTemplate\":\"https:\\\/\\\/potteryart.eu\\\/?s={search_term_string}\"},\"query-input\":{\"@type\":\"PropertyValueSpecification\",\"valueRequired\":true,\"valueName\":\"search_term_string\"}}],\"inLanguage\":\"en-GB\"},{\"@type\":[\"Person\",\"Organization\"],\"@id\":\"https:\\\/\\\/potteryart.eu\\\/#\\\/schema\\\/person\\\/819de6034d3dd0bbdcc3a95a0b6c7e4d\",\"name\":\"polonazajc_admin\",\"image\":{\"@type\":\"ImageObject\",\"inLanguage\":\"en-GB\",\"@id\":\"https:\\\/\\\/potteryart.eu\\\/wp-content\\\/uploads\\\/2020\\\/12\\\/cropped-Logo-1.png\",\"url\":\"https:\\\/\\\/potteryart.eu\\\/wp-content\\\/uploads\\\/2020\\\/12\\\/cropped-Logo-1.png\",\"contentUrl\":\"https:\\\/\\\/potteryart.eu\\\/wp-content\\\/uploads\\\/2020\\\/12\\\/cropped-Logo-1.png\",\"width\":2113,\"height\":280,\"caption\":\"polonazajc_admin\"},\"logo\":{\"@id\":\"https:\\\/\\\/potteryart.eu\\\/wp-content\\\/uploads\\\/2020\\\/12\\\/cropped-Logo-1.png\"}}]}<\/script>\n<!-- \/ Yoast SEO Premium plugin. -->","yoast_head_json":{"title":"VENERIN LABIRINT NA SKODELICI","description":"Venerin labirint na skodelici je izdelek iz zbirke pottery art oblikovanje gline Polone Zajc, Labirint ustvarjalnosti ali Venerin labirint","robots":{"index":"index","follow":"follow","max-snippet":"max-snippet:-1","max-image-preview":"max-image-preview:large","max-video-preview":"max-video-preview:-1"},"canonical":"https:\/\/potteryart.eu\/en_gb\/spletna-trgovina\/labirinti\/labirint-ljubezni-in-ustvarjalnosti\/venerin-labirint-na-skodelici-3046\/","og_locale":"en_GB","og_type":"article","og_title":"Venerin labirint na skodelici 3046","og_description":"Venerin labirint na skodelici je izdelek iz zbirke pottery art oblikovanje gline Polone Zajc, Labirint ustvarjalnosti ali Venerin labirint","og_url":"https:\/\/potteryart.eu\/en_gb\/spletna-trgovina\/labirinti\/labirint-ljubezni-in-ustvarjalnosti\/venerin-labirint-na-skodelici-3046\/","og_site_name":"Zajc Polona","article_modified_time":"2026-02-11T14:20:58+00:00","og_image":[{"width":1837,"height":2560,"url":"https:\/\/potteryart.eu\/wp-content\/uploads\/2021\/08\/20210815_083501-scaled.jpg","type":"image\/jpeg"}],"twitter_card":"summary_large_image","twitter_misc":{"Estimated reading time":"2 minutes"},"schema":{"@context":"https:\/\/schema.org","@graph":[{"@type":"WebPage","@id":"https:\/\/potteryart.eu\/spletna-trgovina\/labirinti\/labirint-ljubezni-in-ustvarjalnosti\/venerin-labirint-na-skodelici-3046\/","url":"https:\/\/potteryart.eu\/spletna-trgovina\/labirinti\/labirint-ljubezni-in-ustvarjalnosti\/venerin-labirint-na-skodelici-3046\/","name":"VENERIN LABIRINT NA SKODELICI","isPartOf":{"@id":"https:\/\/potteryart.eu\/#website"},"primaryImageOfPage":{"@id":"https:\/\/potteryart.eu\/spletna-trgovina\/labirinti\/labirint-ljubezni-in-ustvarjalnosti\/venerin-labirint-na-skodelici-3046\/#primaryimage"},"image":{"@id":"https:\/\/potteryart.eu\/spletna-trgovina\/labirinti\/labirint-ljubezni-in-ustvarjalnosti\/venerin-labirint-na-skodelici-3046\/#primaryimage"},"thumbnailUrl":"https:\/\/potteryart.eu\/wp-content\/uploads\/2021\/08\/20210815_083501-scaled.jpg","datePublished":"2021-08-29T07:53:42+00:00","dateModified":"2026-02-11T14:20:58+00:00","description":"Venerin labirint na skodelici je izdelek iz zbirke pottery art oblikovanje gline Polone Zajc, Labirint ustvarjalnosti ali Venerin labirint","breadcrumb":{"@id":"https:\/\/potteryart.eu\/spletna-trgovina\/labirinti\/labirint-ljubezni-in-ustvarjalnosti\/venerin-labirint-na-skodelici-3046\/#breadcrumb"},"inLanguage":"en-GB","potentialAction":[{"@type":"ReadAction","target":["https:\/\/potteryart.eu\/spletna-trgovina\/labirinti\/labirint-ljubezni-in-ustvarjalnosti\/venerin-labirint-na-skodelici-3046\/"]}]},{"@type":"ImageObject","inLanguage":"en-GB","@id":"https:\/\/potteryart.eu\/spletna-trgovina\/labirinti\/labirint-ljubezni-in-ustvarjalnosti\/venerin-labirint-na-skodelici-3046\/#primaryimage","url":"https:\/\/potteryart.eu\/wp-content\/uploads\/2021\/08\/20210815_083501-scaled.jpg","contentUrl":"https:\/\/potteryart.eu\/wp-content\/uploads\/2021\/08\/20210815_083501-scaled.jpg","width":1837,"height":2560,"caption":"venerin labirint na skodelici, pottery art oblikovanje gline Polone Zajc, labirint ljubezni in ustvarjalnosti ali Veneri labirint"},{"@type":"BreadcrumbList","@id":"https:\/\/potteryart.eu\/spletna-trgovina\/labirinti\/labirint-ljubezni-in-ustvarjalnosti\/venerin-labirint-na-skodelici-3046\/#breadcrumb","itemListElement":[{"@type":"ListItem","position":1,"name":"Home","item":"https:\/\/potteryart.eu\/"},{"@type":"ListItem","position":2,"name":"Spletna trgovina","item":"https:\/\/potteryart.eu\/spletna-trgovina\/"},{"@type":"ListItem","position":3,"name":"Venerin labirint na skodelici 3046"}]},{"@type":"WebSite","@id":"https:\/\/potteryart.eu\/#website","url":"https:\/\/potteryart.eu\/","name":"Zajc Polona","description":"","publisher":{"@id":"https:\/\/potteryart.eu\/#\/schema\/person\/819de6034d3dd0bbdcc3a95a0b6c7e4d"},"potentialAction":[{"@type":"SearchAction","target":{"@type":"EntryPoint","urlTemplate":"https:\/\/potteryart.eu\/?s={search_term_string}"},"query-input":{"@type":"PropertyValueSpecification","valueRequired":true,"valueName":"search_term_string"}}],"inLanguage":"en-GB"},{"@type":["Person","Organization"],"@id":"https:\/\/potteryart.eu\/#\/schema\/person\/819de6034d3dd0bbdcc3a95a0b6c7e4d","name":"polonazajc_admin","image":{"@type":"ImageObject","inLanguage":"en-GB","@id":"https:\/\/potteryart.eu\/wp-content\/uploads\/2020\/12\/cropped-Logo-1.png","url":"https:\/\/potteryart.eu\/wp-content\/uploads\/2020\/12\/cropped-Logo-1.png","contentUrl":"https:\/\/potteryart.eu\/wp-content\/uploads\/2020\/12\/cropped-Logo-1.png","width":2113,"height":280,"caption":"polonazajc_admin"},"logo":{"@id":"https:\/\/potteryart.eu\/wp-content\/uploads\/2020\/12\/cropped-Logo-1.png"}}]}},"_links":{"self":[{"href":"https:\/\/potteryart.eu\/en_gb\/wp-json\/wp\/v2\/product\/1277","targetHints":{"allow":["GET"]}}],"collection":[{"href":"https:\/\/potteryart.eu\/en_gb\/wp-json\/wp\/v2\/product"}],"about":[{"href":"https:\/\/potteryart.eu\/en_gb\/wp-json\/wp\/v2\/types\/product"}],"replies":[{"embeddable":true,"href":"https:\/\/potteryart.eu\/en_gb\/wp-json\/wp\/v2\/comments?post=1277"}],"wp:featuredmedia":[{"embeddable":true,"href":"https:\/\/potteryart.eu\/en_gb\/wp-json\/wp\/v2\/media\/1245"}],"wp:attachment":[{"href":"https:\/\/potteryart.eu\/en_gb\/wp-json\/wp\/v2\/media?parent=1277"}],"wp:term":[{"taxonomy":"product_brand","embeddable":true,"href":"https:\/\/potteryart.eu\/en_gb\/wp-json\/wp\/v2\/product_brand?post=1277"},{"taxonomy":"product_cat","embeddable":true,"href":"https:\/\/potteryart.eu\/en_gb\/wp-json\/wp\/v2\/product_cat?post=1277"},{"taxonomy":"product_tag","embeddable":true,"href":"https:\/\/potteryart.eu\/en_gb\/wp-json\/wp\/v2\/product_tag?post=1277"}],"curies":[{"name":"wp","href":"https:\/\/api.w.org\/{rel}","templated":true}]}}