{"id":1281,"date":"2021-08-29T10:08:10","date_gmt":"2021-08-29T08:08:10","guid":{"rendered":"https:\/\/potteryart.eu\/?post_type=product&#038;p=1281"},"modified":"2022-11-22T17:30:40","modified_gmt":"2022-11-22T16:30:40","slug":"saturnov-labirint-na-skodelici-3048","status":"publish","type":"product","link":"https:\/\/potteryart.eu\/en_gb\/spletna-trgovina\/labirinti\/labirint-zivljenja-in-smrti\/saturnov-labirint-na-skodelici-3048\/","title":{"rendered":"Saturn's labyrinth on a cup"},"content":{"rendered":"<h1>Saturn's labyrinth on a cup<\/h1>\n<p>Saturn's Labyrinth on a Cup is a product of pottery art clay design by Polona Zajc. The cup is made on a pottery spindle from grey-white clay. Its interior is covered with black clay. Saturn's labyrinth or the labyrinth of life and death is sculpted into the clay and accentuated with black paint. The cup is fired at 1040 \u00b0C. It is glazed with a suitable glaze (LOT15) on the surfaces where it comes into contact with foodstuffs. The height of the cup is 11 cm, the diameter 10 cm.  The cup is suitable for food and beverage use, as well as for decoration, and the Saturn labyrinth on the cup gives it a special utility and purpose.<\/p>\n<h2>Pottery art clay design by Polona Zajc<\/h2>\n<p>Pottery art clay design by Polona Zajc has a Labyrinth of Life and Death or Saturn's Labyrinth in her collection of labyrinth cups. The cups are made of grey white and black clay. They are glazed with a glaze that is certified for quality and integrity for food and beverage use. The symbols of the labyrinths are engraved on the outside and give the cups a special purpose and meaning, as their presence always makes an impression.<\/p>\n<h3>The Labyrinth of Life and Death or Saturn's Labyrinth<\/h3>\n<p class=\"translation-block\">The Labyrinth of Life and Death, or Saturn's Labyrinth, covers a very wide area of meaning. It carries in its name the concept of death, which is the only experience we will all have. It is also important because its symbolism depicts death as a process rather than an end. Death becomes part of life. This labyrinth represents spirituality and spiritual growth in general. By using it, either by walking through it or by imaginary walking through the symbols of the labyrinths, people who care about the development of consciousness will accelerate the process of maturation. The cup shows its expressive form, which is particularly good at counteracting negative qualities. These are selfishness, insensitivity, laziness, inconsideration, even wickedness and dishonesty. In a physical sense, it represents ageing and old age in general, and therefore has a beneficial effect on the illnesses and ailments it brings.<\/p>","protected":false},"excerpt":{"rendered":"<p>Saturnov labirint na skodelici Saturnov labirint na skodelici, je izdelek pottery art oblikovanje gline Polone Zajc. Skodelica je narejena na lon\u010darskem vretenu iz sivo bele gline. Njena notranjost je oblita s \u010drno glino. Saturnov labirint ali labirint \u017eivljenja in smrti je vrezan v glino in poudarjen s \u010drno barvo. Skodelica je \u017egana\u00a0 pri 1040\u00b0C. Na [&hellip;]<\/p>\n","protected":false},"featured_media":1243,"comment_status":"open","ping_status":"closed","template":"","meta":[],"product_brand":[],"product_cat":[246,38,249],"product_tag":[],"class_list":{"0":"post-1281","1":"product","2":"type-product","3":"status-publish","4":"has-post-thumbnail","6":"product_cat-labirint-zivljenja-in-smrti","7":"product_cat-labirinti","8":"product_cat-unikatne-skodelice-iz-gline","9":"product_shipping_class-1kg","11":"first","12":"instock","13":"taxable","14":"shipping-taxable","15":"purchasable","16":"product-type-simple"},"yoast_head":"<!-- This site is optimized with the Yoast SEO Premium plugin v27.4 (Yoast SEO v27.4) - https:\/\/yoast.com\/product\/yoast-seo-premium-wordpress\/ -->\n<title>Saturnov labirint na skodelici 3048 - Zajc Polona<\/title>\n<meta name=\"description\" content=\"Saturnov labirint na skodelici je izdelek pottery art oblikovanje gline Polone Zajc, Labirint \u017eivljenja in smrti\" \/>\n<meta name=\"robots\" content=\"index, follow, max-snippet:-1, max-image-preview:large, max-video-preview:-1\" \/>\n<link rel=\"canonical\" href=\"https:\/\/potteryart.eu\/en_gb\/spletna-trgovina\/labirinti\/labirint-zivljenja-in-smrti\/saturnov-labirint-na-skodelici-3048\/\" \/>\n<meta property=\"og:locale\" content=\"en_GB\" \/>\n<meta property=\"og:type\" content=\"article\" \/>\n<meta property=\"og:title\" content=\"Saturnov labirint na skodelici 3048\" \/>\n<meta property=\"og:description\" content=\"Saturnov labirint na skodelici je izdelek pottery art oblikovanje gline Polone Zajc, Labirint \u017eivljenja in smrti\" \/>\n<meta property=\"og:url\" content=\"https:\/\/potteryart.eu\/en_gb\/spletna-trgovina\/labirinti\/labirint-zivljenja-in-smrti\/saturnov-labirint-na-skodelici-3048\/\" \/>\n<meta property=\"og:site_name\" content=\"Zajc Polona\" \/>\n<meta property=\"article:modified_time\" content=\"2022-11-22T16:30:40+00:00\" \/>\n<meta property=\"og:image\" content=\"https:\/\/potteryart.eu\/wp-content\/uploads\/2021\/08\/20210815_083333-scaled.jpg\" \/>\n\t<meta property=\"og:image:width\" content=\"1874\" \/>\n\t<meta property=\"og:image:height\" content=\"2560\" \/>\n\t<meta property=\"og:image:type\" content=\"image\/jpeg\" \/>\n<meta name=\"twitter:card\" content=\"summary_large_image\" \/>\n<meta name=\"twitter:label1\" content=\"Estimated reading time\" \/>\n\t<meta name=\"twitter:data1\" content=\"2 minutes\" \/>\n<script type=\"application\/ld+json\" class=\"yoast-schema-graph\">{\"@context\":\"https:\\\/\\\/schema.org\",\"@graph\":[{\"@type\":\"WebPage\",\"@id\":\"https:\\\/\\\/potteryart.eu\\\/spletna-trgovina\\\/labirinti\\\/labirint-zivljenja-in-smrti\\\/saturnov-labirint-na-skodelici-3048\\\/\",\"url\":\"https:\\\/\\\/potteryart.eu\\\/spletna-trgovina\\\/labirinti\\\/labirint-zivljenja-in-smrti\\\/saturnov-labirint-na-skodelici-3048\\\/\",\"name\":\"Saturnov labirint na skodelici 3048 - Zajc Polona\",\"isPartOf\":{\"@id\":\"https:\\\/\\\/potteryart.eu\\\/#website\"},\"primaryImageOfPage\":{\"@id\":\"https:\\\/\\\/potteryart.eu\\\/spletna-trgovina\\\/labirinti\\\/labirint-zivljenja-in-smrti\\\/saturnov-labirint-na-skodelici-3048\\\/#primaryimage\"},\"image\":{\"@id\":\"https:\\\/\\\/potteryart.eu\\\/spletna-trgovina\\\/labirinti\\\/labirint-zivljenja-in-smrti\\\/saturnov-labirint-na-skodelici-3048\\\/#primaryimage\"},\"thumbnailUrl\":\"https:\\\/\\\/potteryart.eu\\\/wp-content\\\/uploads\\\/2021\\\/08\\\/20210815_083333-scaled.jpg\",\"datePublished\":\"2021-08-29T08:08:10+00:00\",\"dateModified\":\"2022-11-22T16:30:40+00:00\",\"description\":\"Saturnov labirint na skodelici je izdelek pottery art oblikovanje gline Polone Zajc, Labirint \u017eivljenja in smrti\",\"breadcrumb\":{\"@id\":\"https:\\\/\\\/potteryart.eu\\\/spletna-trgovina\\\/labirinti\\\/labirint-zivljenja-in-smrti\\\/saturnov-labirint-na-skodelici-3048\\\/#breadcrumb\"},\"inLanguage\":\"en-GB\",\"potentialAction\":[{\"@type\":\"ReadAction\",\"target\":[\"https:\\\/\\\/potteryart.eu\\\/spletna-trgovina\\\/labirinti\\\/labirint-zivljenja-in-smrti\\\/saturnov-labirint-na-skodelici-3048\\\/\"]}]},{\"@type\":\"ImageObject\",\"inLanguage\":\"en-GB\",\"@id\":\"https:\\\/\\\/potteryart.eu\\\/spletna-trgovina\\\/labirinti\\\/labirint-zivljenja-in-smrti\\\/saturnov-labirint-na-skodelici-3048\\\/#primaryimage\",\"url\":\"https:\\\/\\\/potteryart.eu\\\/wp-content\\\/uploads\\\/2021\\\/08\\\/20210815_083333-scaled.jpg\",\"contentUrl\":\"https:\\\/\\\/potteryart.eu\\\/wp-content\\\/uploads\\\/2021\\\/08\\\/20210815_083333-scaled.jpg\",\"width\":1874,\"height\":2560,\"caption\":\"Saturnov labirint na skodelici, pottery art oblikovanje gline Polone Zajc, Labirint \u017eivljenja in smrti\"},{\"@type\":\"BreadcrumbList\",\"@id\":\"https:\\\/\\\/potteryart.eu\\\/spletna-trgovina\\\/labirinti\\\/labirint-zivljenja-in-smrti\\\/saturnov-labirint-na-skodelici-3048\\\/#breadcrumb\",\"itemListElement\":[{\"@type\":\"ListItem\",\"position\":1,\"name\":\"Home\",\"item\":\"https:\\\/\\\/potteryart.eu\\\/\"},{\"@type\":\"ListItem\",\"position\":2,\"name\":\"Spletna trgovina\",\"item\":\"https:\\\/\\\/potteryart.eu\\\/spletna-trgovina\\\/\"},{\"@type\":\"ListItem\",\"position\":3,\"name\":\"Saturnov labirint na skodelici 3048\"}]},{\"@type\":\"WebSite\",\"@id\":\"https:\\\/\\\/potteryart.eu\\\/#website\",\"url\":\"https:\\\/\\\/potteryart.eu\\\/\",\"name\":\"Zajc Polona\",\"description\":\"\",\"publisher\":{\"@id\":\"https:\\\/\\\/potteryart.eu\\\/#\\\/schema\\\/person\\\/819de6034d3dd0bbdcc3a95a0b6c7e4d\"},\"potentialAction\":[{\"@type\":\"SearchAction\",\"target\":{\"@type\":\"EntryPoint\",\"urlTemplate\":\"https:\\\/\\\/potteryart.eu\\\/?s={search_term_string}\"},\"query-input\":{\"@type\":\"PropertyValueSpecification\",\"valueRequired\":true,\"valueName\":\"search_term_string\"}}],\"inLanguage\":\"en-GB\"},{\"@type\":[\"Person\",\"Organization\"],\"@id\":\"https:\\\/\\\/potteryart.eu\\\/#\\\/schema\\\/person\\\/819de6034d3dd0bbdcc3a95a0b6c7e4d\",\"name\":\"polonazajc_admin\",\"image\":{\"@type\":\"ImageObject\",\"inLanguage\":\"en-GB\",\"@id\":\"https:\\\/\\\/potteryart.eu\\\/wp-content\\\/uploads\\\/2020\\\/12\\\/cropped-Logo-1.png\",\"url\":\"https:\\\/\\\/potteryart.eu\\\/wp-content\\\/uploads\\\/2020\\\/12\\\/cropped-Logo-1.png\",\"contentUrl\":\"https:\\\/\\\/potteryart.eu\\\/wp-content\\\/uploads\\\/2020\\\/12\\\/cropped-Logo-1.png\",\"width\":2113,\"height\":280,\"caption\":\"polonazajc_admin\"},\"logo\":{\"@id\":\"https:\\\/\\\/potteryart.eu\\\/wp-content\\\/uploads\\\/2020\\\/12\\\/cropped-Logo-1.png\"}}]}<\/script>\n<!-- \/ Yoast SEO Premium plugin. -->","yoast_head_json":{"title":"Saturnov labirint na skodelici 3048 - Zajc Polona","description":"Saturnov labirint na skodelici je izdelek pottery art oblikovanje gline Polone Zajc, Labirint \u017eivljenja in smrti","robots":{"index":"index","follow":"follow","max-snippet":"max-snippet:-1","max-image-preview":"max-image-preview:large","max-video-preview":"max-video-preview:-1"},"canonical":"https:\/\/potteryart.eu\/en_gb\/spletna-trgovina\/labirinti\/labirint-zivljenja-in-smrti\/saturnov-labirint-na-skodelici-3048\/","og_locale":"en_GB","og_type":"article","og_title":"Saturnov labirint na skodelici 3048","og_description":"Saturnov labirint na skodelici je izdelek pottery art oblikovanje gline Polone Zajc, Labirint \u017eivljenja in smrti","og_url":"https:\/\/potteryart.eu\/en_gb\/spletna-trgovina\/labirinti\/labirint-zivljenja-in-smrti\/saturnov-labirint-na-skodelici-3048\/","og_site_name":"Zajc Polona","article_modified_time":"2022-11-22T16:30:40+00:00","og_image":[{"width":1874,"height":2560,"url":"https:\/\/potteryart.eu\/wp-content\/uploads\/2021\/08\/20210815_083333-scaled.jpg","type":"image\/jpeg"}],"twitter_card":"summary_large_image","twitter_misc":{"Estimated reading time":"2 minutes"},"schema":{"@context":"https:\/\/schema.org","@graph":[{"@type":"WebPage","@id":"https:\/\/potteryart.eu\/spletna-trgovina\/labirinti\/labirint-zivljenja-in-smrti\/saturnov-labirint-na-skodelici-3048\/","url":"https:\/\/potteryart.eu\/spletna-trgovina\/labirinti\/labirint-zivljenja-in-smrti\/saturnov-labirint-na-skodelici-3048\/","name":"Saturnov labirint na skodelici 3048 - Zajc Polona","isPartOf":{"@id":"https:\/\/potteryart.eu\/#website"},"primaryImageOfPage":{"@id":"https:\/\/potteryart.eu\/spletna-trgovina\/labirinti\/labirint-zivljenja-in-smrti\/saturnov-labirint-na-skodelici-3048\/#primaryimage"},"image":{"@id":"https:\/\/potteryart.eu\/spletna-trgovina\/labirinti\/labirint-zivljenja-in-smrti\/saturnov-labirint-na-skodelici-3048\/#primaryimage"},"thumbnailUrl":"https:\/\/potteryart.eu\/wp-content\/uploads\/2021\/08\/20210815_083333-scaled.jpg","datePublished":"2021-08-29T08:08:10+00:00","dateModified":"2022-11-22T16:30:40+00:00","description":"Saturnov labirint na skodelici je izdelek pottery art oblikovanje gline Polone Zajc, Labirint \u017eivljenja in smrti","breadcrumb":{"@id":"https:\/\/potteryart.eu\/spletna-trgovina\/labirinti\/labirint-zivljenja-in-smrti\/saturnov-labirint-na-skodelici-3048\/#breadcrumb"},"inLanguage":"en-GB","potentialAction":[{"@type":"ReadAction","target":["https:\/\/potteryart.eu\/spletna-trgovina\/labirinti\/labirint-zivljenja-in-smrti\/saturnov-labirint-na-skodelici-3048\/"]}]},{"@type":"ImageObject","inLanguage":"en-GB","@id":"https:\/\/potteryart.eu\/spletna-trgovina\/labirinti\/labirint-zivljenja-in-smrti\/saturnov-labirint-na-skodelici-3048\/#primaryimage","url":"https:\/\/potteryart.eu\/wp-content\/uploads\/2021\/08\/20210815_083333-scaled.jpg","contentUrl":"https:\/\/potteryart.eu\/wp-content\/uploads\/2021\/08\/20210815_083333-scaled.jpg","width":1874,"height":2560,"caption":"Saturnov labirint na skodelici, pottery art oblikovanje gline Polone Zajc, Labirint \u017eivljenja in smrti"},{"@type":"BreadcrumbList","@id":"https:\/\/potteryart.eu\/spletna-trgovina\/labirinti\/labirint-zivljenja-in-smrti\/saturnov-labirint-na-skodelici-3048\/#breadcrumb","itemListElement":[{"@type":"ListItem","position":1,"name":"Home","item":"https:\/\/potteryart.eu\/"},{"@type":"ListItem","position":2,"name":"Spletna trgovina","item":"https:\/\/potteryart.eu\/spletna-trgovina\/"},{"@type":"ListItem","position":3,"name":"Saturnov labirint na skodelici 3048"}]},{"@type":"WebSite","@id":"https:\/\/potteryart.eu\/#website","url":"https:\/\/potteryart.eu\/","name":"Zajc Polona","description":"","publisher":{"@id":"https:\/\/potteryart.eu\/#\/schema\/person\/819de6034d3dd0bbdcc3a95a0b6c7e4d"},"potentialAction":[{"@type":"SearchAction","target":{"@type":"EntryPoint","urlTemplate":"https:\/\/potteryart.eu\/?s={search_term_string}"},"query-input":{"@type":"PropertyValueSpecification","valueRequired":true,"valueName":"search_term_string"}}],"inLanguage":"en-GB"},{"@type":["Person","Organization"],"@id":"https:\/\/potteryart.eu\/#\/schema\/person\/819de6034d3dd0bbdcc3a95a0b6c7e4d","name":"polonazajc_admin","image":{"@type":"ImageObject","inLanguage":"en-GB","@id":"https:\/\/potteryart.eu\/wp-content\/uploads\/2020\/12\/cropped-Logo-1.png","url":"https:\/\/potteryart.eu\/wp-content\/uploads\/2020\/12\/cropped-Logo-1.png","contentUrl":"https:\/\/potteryart.eu\/wp-content\/uploads\/2020\/12\/cropped-Logo-1.png","width":2113,"height":280,"caption":"polonazajc_admin"},"logo":{"@id":"https:\/\/potteryart.eu\/wp-content\/uploads\/2020\/12\/cropped-Logo-1.png"}}]}},"_links":{"self":[{"href":"https:\/\/potteryart.eu\/en_gb\/wp-json\/wp\/v2\/product\/1281","targetHints":{"allow":["GET"]}}],"collection":[{"href":"https:\/\/potteryart.eu\/en_gb\/wp-json\/wp\/v2\/product"}],"about":[{"href":"https:\/\/potteryart.eu\/en_gb\/wp-json\/wp\/v2\/types\/product"}],"replies":[{"embeddable":true,"href":"https:\/\/potteryart.eu\/en_gb\/wp-json\/wp\/v2\/comments?post=1281"}],"wp:featuredmedia":[{"embeddable":true,"href":"https:\/\/potteryart.eu\/en_gb\/wp-json\/wp\/v2\/media\/1243"}],"wp:attachment":[{"href":"https:\/\/potteryart.eu\/en_gb\/wp-json\/wp\/v2\/media?parent=1281"}],"wp:term":[{"taxonomy":"product_brand","embeddable":true,"href":"https:\/\/potteryart.eu\/en_gb\/wp-json\/wp\/v2\/product_brand?post=1281"},{"taxonomy":"product_cat","embeddable":true,"href":"https:\/\/potteryart.eu\/en_gb\/wp-json\/wp\/v2\/product_cat?post=1281"},{"taxonomy":"product_tag","embeddable":true,"href":"https:\/\/potteryart.eu\/en_gb\/wp-json\/wp\/v2\/product_tag?post=1281"}],"curies":[{"name":"wp","href":"https:\/\/api.w.org\/{rel}","templated":true}]}}