{"id":1283,"date":"2021-08-29T10:16:12","date_gmt":"2021-08-29T08:16:12","guid":{"rendered":"https:\/\/potteryart.eu\/?post_type=product&#038;p=1283"},"modified":"2025-08-05T07:02:00","modified_gmt":"2025-08-05T05:02:00","slug":"skodelica-z-rahujevim-labirintom-3048","status":"publish","type":"product","link":"https:\/\/potteryart.eu\/en_gb\/spletna-trgovina\/labirinti\/labirint-preobrazbe-ali-rahujev-labirint\/skodelica-z-rahujevim-labirintom-3048\/","title":{"rendered":"Cup with R\u0101hu's Labyrinth"},"content":{"rendered":"<h1>Cup with Rahu's Labyrinth<\/h1>\n<p>The cup with Rahu's Labyrinth is made on a potter's spindle from off-white clay. Its interior is covered with black clay. The surface is engraved with the symbol of the labyrinth of the transformation. It is accentuated with black paint. The cup is fired at 1040 \u00b0C. It is glazed with a suitable glaze (LOT15) on the surfaces where it comes into contact with food. The height of the cup is 11 cm, the diameter 10 cm. The labyrinth symbol on the cup is represented by its natural receptive movement.<\/p>\n<h2>Pottery art clay design by Polona Zajc<\/h2>\n<p>Pottery art clay design by Polona Zajc presents a series of products depicting various labyrinths. On the cup, their shape is sculpted into the soft clay, which is then painted with black clay when dry. Such a cup is suitable for food and drink, but also as a decorative object. This is especially so because it depicts a labyrinth of transformation, which represents a certain purpose and influence on the surroundings.<\/p>\n<h3>Labyrinth of transformation<\/h3>\n<p class=\"translation-block\">The Labyrinth of Transformation has a special power that is felt when it is used, or is just present in the surroundings and is already acting on them. On the present cup, this is the symbol of the labyrinth engraved on it. It is one of two labyrinths without a centre, and can be moved in either a receptive or expressive direction. Of course, labyrinths are easiest to navigate when they are built on the ground and walk along their paths, but the effect of use can also be felt when using products that feature a labyrinth. One such product is the R\u0101hu's Labyrinth pottery art clay cup by Polona Zajc. The labyrinth's level of transformation indicates the absence of a goal. There is no purpose, no goal, just the fact that we are constantly changing. Here we come to the realisation that the only constant in this world is change. The best time to use it will be when life's difficult situations come knocking at the door. The best impact of Rahu's Labyrinth is to promote adaptability and the ability to accept new conditions.<\/p>\n<p>&nbsp;<\/p>","protected":false},"excerpt":{"rendered":"<p>Skodelica z Rahujevim labirintom Skodelica z Rahujevim labirintom je narejena na lon\u010darskem vretenu iz sivo bele gline. Njena\u00a0 notranjost je oblita s \u010drno glino. Na povr\u0161ini ima vrezan simbol labirinta probrazbe. Poudarjen je s \u010drno barvo. Skodelica je\u00a0 \u017egana je pri 1040\u00b0C. Na povr\u0161inah, kjer prihaja v stik z \u017eivili je glazirana z zato primerno [&hellip;]<\/p>\n","protected":false},"featured_media":1241,"comment_status":"open","ping_status":"closed","template":"","meta":[],"product_brand":[],"product_cat":[247,38,249],"product_tag":[],"class_list":{"0":"post-1283","1":"product","2":"type-product","3":"status-publish","4":"has-post-thumbnail","6":"product_cat-labirint-preobrazbe-ali-rahujev-labirint","7":"product_cat-labirinti","8":"product_cat-unikatne-skodelice-iz-gline","9":"product_shipping_class-1kg","11":"first","12":"instock","13":"purchasable","14":"product-type-simple"},"yoast_head":"<!-- This site is optimized with the Yoast SEO Premium plugin v27.4 (Yoast SEO v27.4) - https:\/\/yoast.com\/product\/yoast-seo-premium-wordpress\/ -->\n<title>SKODELICA Z RAHUJEVIM LABIRINTOM<\/title>\n<meta name=\"description\" content=\"Skodelica z Rahujevim labirintom je izdelek pottery art oblikovanje gline Polone Zajc, imenujemo ga tudi Labirint preobrazbe\" \/>\n<meta name=\"robots\" content=\"index, follow, max-snippet:-1, max-image-preview:large, max-video-preview:-1\" \/>\n<link rel=\"canonical\" href=\"https:\/\/potteryart.eu\/en_gb\/spletna-trgovina\/labirinti\/labirint-preobrazbe-ali-rahujev-labirint\/skodelica-z-rahujevim-labirintom-3048\/\" \/>\n<meta property=\"og:locale\" content=\"en_GB\" \/>\n<meta property=\"og:type\" content=\"article\" \/>\n<meta property=\"og:title\" content=\"Skodelica z Rahujevim labirintom 3048\" \/>\n<meta property=\"og:description\" content=\"Skodelica z Rahujevim labirintom je izdelek pottery art oblikovanje gline Polone Zajc, imenujemo ga tudi Labirint preobrazbe\" \/>\n<meta property=\"og:url\" content=\"https:\/\/potteryart.eu\/en_gb\/spletna-trgovina\/labirinti\/labirint-preobrazbe-ali-rahujev-labirint\/skodelica-z-rahujevim-labirintom-3048\/\" \/>\n<meta property=\"og:site_name\" content=\"Zajc Polona\" \/>\n<meta property=\"article:modified_time\" content=\"2025-08-05T05:02:00+00:00\" \/>\n<meta property=\"og:image\" content=\"https:\/\/potteryart.eu\/wp-content\/uploads\/2021\/08\/20210815_083220-scaled.jpg\" \/>\n\t<meta property=\"og:image:width\" content=\"2044\" \/>\n\t<meta property=\"og:image:height\" content=\"2560\" \/>\n\t<meta property=\"og:image:type\" content=\"image\/jpeg\" \/>\n<meta name=\"twitter:card\" content=\"summary_large_image\" \/>\n<meta name=\"twitter:label1\" content=\"Estimated reading time\" \/>\n\t<meta name=\"twitter:data1\" content=\"2 minutes\" \/>\n<script type=\"application\/ld+json\" class=\"yoast-schema-graph\">{\"@context\":\"https:\\\/\\\/schema.org\",\"@graph\":[{\"@type\":\"WebPage\",\"@id\":\"https:\\\/\\\/potteryart.eu\\\/spletna-trgovina\\\/labirinti\\\/labirint-preobrazbe-ali-rahujev-labirint\\\/skodelica-z-rahujevim-labirintom-3048\\\/\",\"url\":\"https:\\\/\\\/potteryart.eu\\\/spletna-trgovina\\\/labirinti\\\/labirint-preobrazbe-ali-rahujev-labirint\\\/skodelica-z-rahujevim-labirintom-3048\\\/\",\"name\":\"SKODELICA Z RAHUJEVIM LABIRINTOM\",\"isPartOf\":{\"@id\":\"https:\\\/\\\/potteryart.eu\\\/#website\"},\"primaryImageOfPage\":{\"@id\":\"https:\\\/\\\/potteryart.eu\\\/spletna-trgovina\\\/labirinti\\\/labirint-preobrazbe-ali-rahujev-labirint\\\/skodelica-z-rahujevim-labirintom-3048\\\/#primaryimage\"},\"image\":{\"@id\":\"https:\\\/\\\/potteryart.eu\\\/spletna-trgovina\\\/labirinti\\\/labirint-preobrazbe-ali-rahujev-labirint\\\/skodelica-z-rahujevim-labirintom-3048\\\/#primaryimage\"},\"thumbnailUrl\":\"https:\\\/\\\/potteryart.eu\\\/wp-content\\\/uploads\\\/2021\\\/08\\\/20210815_083220-scaled.jpg\",\"datePublished\":\"2021-08-29T08:16:12+00:00\",\"dateModified\":\"2025-08-05T05:02:00+00:00\",\"description\":\"Skodelica z Rahujevim labirintom je izdelek pottery art oblikovanje gline Polone Zajc, imenujemo ga tudi Labirint preobrazbe\",\"breadcrumb\":{\"@id\":\"https:\\\/\\\/potteryart.eu\\\/spletna-trgovina\\\/labirinti\\\/labirint-preobrazbe-ali-rahujev-labirint\\\/skodelica-z-rahujevim-labirintom-3048\\\/#breadcrumb\"},\"inLanguage\":\"en-GB\",\"potentialAction\":[{\"@type\":\"ReadAction\",\"target\":[\"https:\\\/\\\/potteryart.eu\\\/spletna-trgovina\\\/labirinti\\\/labirint-preobrazbe-ali-rahujev-labirint\\\/skodelica-z-rahujevim-labirintom-3048\\\/\"]}]},{\"@type\":\"ImageObject\",\"inLanguage\":\"en-GB\",\"@id\":\"https:\\\/\\\/potteryart.eu\\\/spletna-trgovina\\\/labirinti\\\/labirint-preobrazbe-ali-rahujev-labirint\\\/skodelica-z-rahujevim-labirintom-3048\\\/#primaryimage\",\"url\":\"https:\\\/\\\/potteryart.eu\\\/wp-content\\\/uploads\\\/2021\\\/08\\\/20210815_083220-scaled.jpg\",\"contentUrl\":\"https:\\\/\\\/potteryart.eu\\\/wp-content\\\/uploads\\\/2021\\\/08\\\/20210815_083220-scaled.jpg\",\"width\":2044,\"height\":2560,\"caption\":\"skodelica z Rahujevim labirintom, pottery art oblikovanje gline Polone Zajc, Labirint preobrazbe\"},{\"@type\":\"BreadcrumbList\",\"@id\":\"https:\\\/\\\/potteryart.eu\\\/spletna-trgovina\\\/labirinti\\\/labirint-preobrazbe-ali-rahujev-labirint\\\/skodelica-z-rahujevim-labirintom-3048\\\/#breadcrumb\",\"itemListElement\":[{\"@type\":\"ListItem\",\"position\":1,\"name\":\"Home\",\"item\":\"https:\\\/\\\/potteryart.eu\\\/\"},{\"@type\":\"ListItem\",\"position\":2,\"name\":\"Spletna trgovina\",\"item\":\"https:\\\/\\\/potteryart.eu\\\/spletna-trgovina\\\/\"},{\"@type\":\"ListItem\",\"position\":3,\"name\":\"Skodelica z Rahujevim labirintom 3048\"}]},{\"@type\":\"WebSite\",\"@id\":\"https:\\\/\\\/potteryart.eu\\\/#website\",\"url\":\"https:\\\/\\\/potteryart.eu\\\/\",\"name\":\"Zajc Polona\",\"description\":\"\",\"publisher\":{\"@id\":\"https:\\\/\\\/potteryart.eu\\\/#\\\/schema\\\/person\\\/819de6034d3dd0bbdcc3a95a0b6c7e4d\"},\"potentialAction\":[{\"@type\":\"SearchAction\",\"target\":{\"@type\":\"EntryPoint\",\"urlTemplate\":\"https:\\\/\\\/potteryart.eu\\\/?s={search_term_string}\"},\"query-input\":{\"@type\":\"PropertyValueSpecification\",\"valueRequired\":true,\"valueName\":\"search_term_string\"}}],\"inLanguage\":\"en-GB\"},{\"@type\":[\"Person\",\"Organization\"],\"@id\":\"https:\\\/\\\/potteryart.eu\\\/#\\\/schema\\\/person\\\/819de6034d3dd0bbdcc3a95a0b6c7e4d\",\"name\":\"polonazajc_admin\",\"image\":{\"@type\":\"ImageObject\",\"inLanguage\":\"en-GB\",\"@id\":\"https:\\\/\\\/potteryart.eu\\\/wp-content\\\/uploads\\\/2020\\\/12\\\/cropped-Logo-1.png\",\"url\":\"https:\\\/\\\/potteryart.eu\\\/wp-content\\\/uploads\\\/2020\\\/12\\\/cropped-Logo-1.png\",\"contentUrl\":\"https:\\\/\\\/potteryart.eu\\\/wp-content\\\/uploads\\\/2020\\\/12\\\/cropped-Logo-1.png\",\"width\":2113,\"height\":280,\"caption\":\"polonazajc_admin\"},\"logo\":{\"@id\":\"https:\\\/\\\/potteryart.eu\\\/wp-content\\\/uploads\\\/2020\\\/12\\\/cropped-Logo-1.png\"}}]}<\/script>\n<!-- \/ Yoast SEO Premium plugin. -->","yoast_head_json":{"title":"SKODELICA Z RAHUJEVIM LABIRINTOM","description":"Skodelica z Rahujevim labirintom je izdelek pottery art oblikovanje gline Polone Zajc, imenujemo ga tudi Labirint preobrazbe","robots":{"index":"index","follow":"follow","max-snippet":"max-snippet:-1","max-image-preview":"max-image-preview:large","max-video-preview":"max-video-preview:-1"},"canonical":"https:\/\/potteryart.eu\/en_gb\/spletna-trgovina\/labirinti\/labirint-preobrazbe-ali-rahujev-labirint\/skodelica-z-rahujevim-labirintom-3048\/","og_locale":"en_GB","og_type":"article","og_title":"Skodelica z Rahujevim labirintom 3048","og_description":"Skodelica z Rahujevim labirintom je izdelek pottery art oblikovanje gline Polone Zajc, imenujemo ga tudi Labirint preobrazbe","og_url":"https:\/\/potteryart.eu\/en_gb\/spletna-trgovina\/labirinti\/labirint-preobrazbe-ali-rahujev-labirint\/skodelica-z-rahujevim-labirintom-3048\/","og_site_name":"Zajc Polona","article_modified_time":"2025-08-05T05:02:00+00:00","og_image":[{"width":2044,"height":2560,"url":"https:\/\/potteryart.eu\/wp-content\/uploads\/2021\/08\/20210815_083220-scaled.jpg","type":"image\/jpeg"}],"twitter_card":"summary_large_image","twitter_misc":{"Estimated reading time":"2 minutes"},"schema":{"@context":"https:\/\/schema.org","@graph":[{"@type":"WebPage","@id":"https:\/\/potteryart.eu\/spletna-trgovina\/labirinti\/labirint-preobrazbe-ali-rahujev-labirint\/skodelica-z-rahujevim-labirintom-3048\/","url":"https:\/\/potteryart.eu\/spletna-trgovina\/labirinti\/labirint-preobrazbe-ali-rahujev-labirint\/skodelica-z-rahujevim-labirintom-3048\/","name":"SKODELICA Z RAHUJEVIM LABIRINTOM","isPartOf":{"@id":"https:\/\/potteryart.eu\/#website"},"primaryImageOfPage":{"@id":"https:\/\/potteryart.eu\/spletna-trgovina\/labirinti\/labirint-preobrazbe-ali-rahujev-labirint\/skodelica-z-rahujevim-labirintom-3048\/#primaryimage"},"image":{"@id":"https:\/\/potteryart.eu\/spletna-trgovina\/labirinti\/labirint-preobrazbe-ali-rahujev-labirint\/skodelica-z-rahujevim-labirintom-3048\/#primaryimage"},"thumbnailUrl":"https:\/\/potteryart.eu\/wp-content\/uploads\/2021\/08\/20210815_083220-scaled.jpg","datePublished":"2021-08-29T08:16:12+00:00","dateModified":"2025-08-05T05:02:00+00:00","description":"Skodelica z Rahujevim labirintom je izdelek pottery art oblikovanje gline Polone Zajc, imenujemo ga tudi Labirint preobrazbe","breadcrumb":{"@id":"https:\/\/potteryart.eu\/spletna-trgovina\/labirinti\/labirint-preobrazbe-ali-rahujev-labirint\/skodelica-z-rahujevim-labirintom-3048\/#breadcrumb"},"inLanguage":"en-GB","potentialAction":[{"@type":"ReadAction","target":["https:\/\/potteryart.eu\/spletna-trgovina\/labirinti\/labirint-preobrazbe-ali-rahujev-labirint\/skodelica-z-rahujevim-labirintom-3048\/"]}]},{"@type":"ImageObject","inLanguage":"en-GB","@id":"https:\/\/potteryart.eu\/spletna-trgovina\/labirinti\/labirint-preobrazbe-ali-rahujev-labirint\/skodelica-z-rahujevim-labirintom-3048\/#primaryimage","url":"https:\/\/potteryart.eu\/wp-content\/uploads\/2021\/08\/20210815_083220-scaled.jpg","contentUrl":"https:\/\/potteryart.eu\/wp-content\/uploads\/2021\/08\/20210815_083220-scaled.jpg","width":2044,"height":2560,"caption":"skodelica z Rahujevim labirintom, pottery art oblikovanje gline Polone Zajc, Labirint preobrazbe"},{"@type":"BreadcrumbList","@id":"https:\/\/potteryart.eu\/spletna-trgovina\/labirinti\/labirint-preobrazbe-ali-rahujev-labirint\/skodelica-z-rahujevim-labirintom-3048\/#breadcrumb","itemListElement":[{"@type":"ListItem","position":1,"name":"Home","item":"https:\/\/potteryart.eu\/"},{"@type":"ListItem","position":2,"name":"Spletna trgovina","item":"https:\/\/potteryart.eu\/spletna-trgovina\/"},{"@type":"ListItem","position":3,"name":"Skodelica z Rahujevim labirintom 3048"}]},{"@type":"WebSite","@id":"https:\/\/potteryart.eu\/#website","url":"https:\/\/potteryart.eu\/","name":"Zajc Polona","description":"","publisher":{"@id":"https:\/\/potteryart.eu\/#\/schema\/person\/819de6034d3dd0bbdcc3a95a0b6c7e4d"},"potentialAction":[{"@type":"SearchAction","target":{"@type":"EntryPoint","urlTemplate":"https:\/\/potteryart.eu\/?s={search_term_string}"},"query-input":{"@type":"PropertyValueSpecification","valueRequired":true,"valueName":"search_term_string"}}],"inLanguage":"en-GB"},{"@type":["Person","Organization"],"@id":"https:\/\/potteryart.eu\/#\/schema\/person\/819de6034d3dd0bbdcc3a95a0b6c7e4d","name":"polonazajc_admin","image":{"@type":"ImageObject","inLanguage":"en-GB","@id":"https:\/\/potteryart.eu\/wp-content\/uploads\/2020\/12\/cropped-Logo-1.png","url":"https:\/\/potteryart.eu\/wp-content\/uploads\/2020\/12\/cropped-Logo-1.png","contentUrl":"https:\/\/potteryart.eu\/wp-content\/uploads\/2020\/12\/cropped-Logo-1.png","width":2113,"height":280,"caption":"polonazajc_admin"},"logo":{"@id":"https:\/\/potteryart.eu\/wp-content\/uploads\/2020\/12\/cropped-Logo-1.png"}}]}},"_links":{"self":[{"href":"https:\/\/potteryart.eu\/en_gb\/wp-json\/wp\/v2\/product\/1283","targetHints":{"allow":["GET"]}}],"collection":[{"href":"https:\/\/potteryart.eu\/en_gb\/wp-json\/wp\/v2\/product"}],"about":[{"href":"https:\/\/potteryart.eu\/en_gb\/wp-json\/wp\/v2\/types\/product"}],"replies":[{"embeddable":true,"href":"https:\/\/potteryart.eu\/en_gb\/wp-json\/wp\/v2\/comments?post=1283"}],"wp:featuredmedia":[{"embeddable":true,"href":"https:\/\/potteryart.eu\/en_gb\/wp-json\/wp\/v2\/media\/1241"}],"wp:attachment":[{"href":"https:\/\/potteryart.eu\/en_gb\/wp-json\/wp\/v2\/media?parent=1283"}],"wp:term":[{"taxonomy":"product_brand","embeddable":true,"href":"https:\/\/potteryart.eu\/en_gb\/wp-json\/wp\/v2\/product_brand?post=1283"},{"taxonomy":"product_cat","embeddable":true,"href":"https:\/\/potteryart.eu\/en_gb\/wp-json\/wp\/v2\/product_cat?post=1283"},{"taxonomy":"product_tag","embeddable":true,"href":"https:\/\/potteryart.eu\/en_gb\/wp-json\/wp\/v2\/product_tag?post=1283"}],"curies":[{"name":"wp","href":"https:\/\/api.w.org\/{rel}","templated":true}]}}