{"id":1286,"date":"2021-08-29T10:25:32","date_gmt":"2021-08-29T08:25:32","guid":{"rendered":"https:\/\/potteryart.eu\/?post_type=product&#038;p=1286"},"modified":"2023-10-27T19:51:42","modified_gmt":"2023-10-27T17:51:42","slug":"skodelica-s-ketujevim-labirintom-3050","status":"publish","type":"product","link":"https:\/\/potteryart.eu\/en_gb\/spletna-trgovina\/labirinti\/labirint-svobode-ali-ketujev-labirint\/skodelica-s-ketujevim-labirintom-3050\/","title":{"rendered":"Cup with Ketu's Labyrinth 3050"},"content":{"rendered":"<h1>Cup with Ketu's Labyrinth<\/h1>\n<p>The Ketu Labyrinth cup is handmade on a potter's spindle from off-white clay. Its interior is covered with black clay. Its special feature is the sculpted symbol of the labyrinth of freedom. It is highlighted in black. It is fired at 1040 \u00b0C. It is glazed with a suitable glaze (LOT15) on the surfaces where it comes into contact with foodstuffs. The height of the cup is 11 cm, the diameter 10 cm. It is useful for eating and drinking from, as well as for storing food and, of course, as a decoration. This is mainly because it is a unique cup with a labyrinth symbol engraved on it.<\/p>\n<h2>Pottery art clay design by Polona Zajc<\/h2>\n<p>The cups with the symbol of different labyrinths carved into them belong to the Pottery Art Clay Design products by Polona Zajc. They are made of the finest quality clays and matching glazes. Special attention is paid to products intended to come into contact with foodstuffs. They always have a glaze on the inside, which is certified as proof of quality and integrity. This is also the case of the cup with the symbol of the labyrinth of freedom.<\/p>\n<h3>\u00a0The Labyrinth of Freedom<\/h3>\n<p class=\"translation-block\">The present cup is engraved with the symbol of the Labyrinth of Liberty or Ketu's Labyrinth. Labyrinths are sources of power and their presence anywhere makes them work. They are usually structures made on the ground that we walk through. However, we can also imagine moving through a labyrinth. And that's how the labyrinth sculpted in Polona Zajc's pottery art clay design works.  The labyrinth works on some hidden and mysterious areas of our spirit. If we move through it expressively, it will deepen our mental acuity, logic, mathematical skills and insight. Receptive movement will eliminate fear, panic, discomfort, restlessness. The basic symbol of this labyrinth is, of course, freedom, so its main task is to erase boundaries and uproot patterns. Thus, a cup with the symbol of the labyrinth will also work on our spirituality. It is recommended for use by people who are under a lot of stress, who are already showing symptoms of psychosomatic disorders or mental imbalance.<\/p>","protected":false},"excerpt":{"rendered":"<p>Skodelica s Ketujevim labirintom Skodelica s Ketujevim labirintom je ro\u010dno narejena na lon\u010darskem vretenu iz sivo bele gline. Njena notranjost je oblita s \u010drno glino. Njena posebnost je vrezan simbol labirinta svobode. Poudarjen je s \u010drno barvo. \u017dgana je pri 1040\u00b0C. Na povr\u0161inah, kjer prihaja v stik z \u017eivili je glazirana z zato primerno glazuro [&hellip;]<\/p>\n","protected":false},"featured_media":1240,"comment_status":"open","ping_status":"closed","template":"","meta":[],"product_brand":[],"product_cat":[248,38,249],"product_tag":[],"class_list":{"0":"post-1286","1":"product","2":"type-product","3":"status-publish","4":"has-post-thumbnail","6":"product_cat-labirint-svobode-ali-ketujev-labirint","7":"product_cat-labirinti","8":"product_cat-unikatne-skodelice-iz-gline","9":"product_shipping_class-1kg","11":"first","12":"instock","13":"taxable","14":"shipping-taxable","15":"purchasable","16":"product-type-simple"},"yoast_head":"<!-- This site is optimized with the Yoast SEO Premium plugin v27.4 (Yoast SEO v27.4) - https:\/\/yoast.com\/product\/yoast-seo-premium-wordpress\/ -->\n<title>Skodelica s Ketujevim labirintom<\/title>\n<meta name=\"description\" content=\"Skodelica s Ketujevim labirintom je izdelek pottery art oblikovanje gline Polone Zajc, imenujemo ga tudi Labirint svobode\" \/>\n<meta name=\"robots\" content=\"index, follow, max-snippet:-1, max-image-preview:large, max-video-preview:-1\" \/>\n<link rel=\"canonical\" href=\"https:\/\/potteryart.eu\/en_gb\/spletna-trgovina\/labirinti\/labirint-svobode-ali-ketujev-labirint\/skodelica-s-ketujevim-labirintom-3050\/\" \/>\n<meta property=\"og:locale\" content=\"en_GB\" \/>\n<meta property=\"og:type\" content=\"article\" \/>\n<meta property=\"og:title\" content=\"Skodelica z Ketujevim labirintom 3050\" \/>\n<meta property=\"og:description\" content=\"Skodelica s Ketujevim labirintom je izdelek pottery art oblikovanje gline Polone Zajc, imenujemo ga tudi Labirint svobode\" \/>\n<meta property=\"og:url\" content=\"https:\/\/potteryart.eu\/en_gb\/spletna-trgovina\/labirinti\/labirint-svobode-ali-ketujev-labirint\/skodelica-s-ketujevim-labirintom-3050\/\" \/>\n<meta property=\"og:site_name\" content=\"Zajc Polona\" \/>\n<meta property=\"article:modified_time\" content=\"2023-10-27T17:51:42+00:00\" \/>\n<meta property=\"og:image\" content=\"https:\/\/potteryart.eu\/wp-content\/uploads\/2021\/08\/20210815_083143-scaled.jpg\" \/>\n\t<meta property=\"og:image:width\" content=\"1976\" \/>\n\t<meta property=\"og:image:height\" content=\"2560\" \/>\n\t<meta property=\"og:image:type\" content=\"image\/jpeg\" \/>\n<meta name=\"twitter:card\" content=\"summary_large_image\" \/>\n<meta name=\"twitter:label1\" content=\"Estimated reading time\" \/>\n\t<meta name=\"twitter:data1\" content=\"2 minutes\" \/>\n<script type=\"application\/ld+json\" class=\"yoast-schema-graph\">{\"@context\":\"https:\\\/\\\/schema.org\",\"@graph\":[{\"@type\":\"WebPage\",\"@id\":\"https:\\\/\\\/potteryart.eu\\\/spletna-trgovina\\\/labirinti\\\/labirint-svobode-ali-ketujev-labirint\\\/skodelica-s-ketujevim-labirintom-3050\\\/\",\"url\":\"https:\\\/\\\/potteryart.eu\\\/spletna-trgovina\\\/labirinti\\\/labirint-svobode-ali-ketujev-labirint\\\/skodelica-s-ketujevim-labirintom-3050\\\/\",\"name\":\"Skodelica s Ketujevim labirintom\",\"isPartOf\":{\"@id\":\"https:\\\/\\\/potteryart.eu\\\/#website\"},\"primaryImageOfPage\":{\"@id\":\"https:\\\/\\\/potteryart.eu\\\/spletna-trgovina\\\/labirinti\\\/labirint-svobode-ali-ketujev-labirint\\\/skodelica-s-ketujevim-labirintom-3050\\\/#primaryimage\"},\"image\":{\"@id\":\"https:\\\/\\\/potteryart.eu\\\/spletna-trgovina\\\/labirinti\\\/labirint-svobode-ali-ketujev-labirint\\\/skodelica-s-ketujevim-labirintom-3050\\\/#primaryimage\"},\"thumbnailUrl\":\"https:\\\/\\\/potteryart.eu\\\/wp-content\\\/uploads\\\/2021\\\/08\\\/20210815_083143-scaled.jpg\",\"datePublished\":\"2021-08-29T08:25:32+00:00\",\"dateModified\":\"2023-10-27T17:51:42+00:00\",\"description\":\"Skodelica s Ketujevim labirintom je izdelek pottery art oblikovanje gline Polone Zajc, imenujemo ga tudi Labirint svobode\",\"breadcrumb\":{\"@id\":\"https:\\\/\\\/potteryart.eu\\\/spletna-trgovina\\\/labirinti\\\/labirint-svobode-ali-ketujev-labirint\\\/skodelica-s-ketujevim-labirintom-3050\\\/#breadcrumb\"},\"inLanguage\":\"en-GB\",\"potentialAction\":[{\"@type\":\"ReadAction\",\"target\":[\"https:\\\/\\\/potteryart.eu\\\/spletna-trgovina\\\/labirinti\\\/labirint-svobode-ali-ketujev-labirint\\\/skodelica-s-ketujevim-labirintom-3050\\\/\"]}]},{\"@type\":\"ImageObject\",\"inLanguage\":\"en-GB\",\"@id\":\"https:\\\/\\\/potteryart.eu\\\/spletna-trgovina\\\/labirinti\\\/labirint-svobode-ali-ketujev-labirint\\\/skodelica-s-ketujevim-labirintom-3050\\\/#primaryimage\",\"url\":\"https:\\\/\\\/potteryart.eu\\\/wp-content\\\/uploads\\\/2021\\\/08\\\/20210815_083143-scaled.jpg\",\"contentUrl\":\"https:\\\/\\\/potteryart.eu\\\/wp-content\\\/uploads\\\/2021\\\/08\\\/20210815_083143-scaled.jpg\",\"width\":1976,\"height\":2560},{\"@type\":\"BreadcrumbList\",\"@id\":\"https:\\\/\\\/potteryart.eu\\\/spletna-trgovina\\\/labirinti\\\/labirint-svobode-ali-ketujev-labirint\\\/skodelica-s-ketujevim-labirintom-3050\\\/#breadcrumb\",\"itemListElement\":[{\"@type\":\"ListItem\",\"position\":1,\"name\":\"Home\",\"item\":\"https:\\\/\\\/potteryart.eu\\\/\"},{\"@type\":\"ListItem\",\"position\":2,\"name\":\"Spletna trgovina\",\"item\":\"https:\\\/\\\/potteryart.eu\\\/spletna-trgovina\\\/\"},{\"@type\":\"ListItem\",\"position\":3,\"name\":\"Skodelica z Ketujevim labirintom 3050\"}]},{\"@type\":\"WebSite\",\"@id\":\"https:\\\/\\\/potteryart.eu\\\/#website\",\"url\":\"https:\\\/\\\/potteryart.eu\\\/\",\"name\":\"Zajc Polona\",\"description\":\"\",\"publisher\":{\"@id\":\"https:\\\/\\\/potteryart.eu\\\/#\\\/schema\\\/person\\\/819de6034d3dd0bbdcc3a95a0b6c7e4d\"},\"potentialAction\":[{\"@type\":\"SearchAction\",\"target\":{\"@type\":\"EntryPoint\",\"urlTemplate\":\"https:\\\/\\\/potteryart.eu\\\/?s={search_term_string}\"},\"query-input\":{\"@type\":\"PropertyValueSpecification\",\"valueRequired\":true,\"valueName\":\"search_term_string\"}}],\"inLanguage\":\"en-GB\"},{\"@type\":[\"Person\",\"Organization\"],\"@id\":\"https:\\\/\\\/potteryart.eu\\\/#\\\/schema\\\/person\\\/819de6034d3dd0bbdcc3a95a0b6c7e4d\",\"name\":\"polonazajc_admin\",\"image\":{\"@type\":\"ImageObject\",\"inLanguage\":\"en-GB\",\"@id\":\"https:\\\/\\\/potteryart.eu\\\/wp-content\\\/uploads\\\/2020\\\/12\\\/cropped-Logo-1.png\",\"url\":\"https:\\\/\\\/potteryart.eu\\\/wp-content\\\/uploads\\\/2020\\\/12\\\/cropped-Logo-1.png\",\"contentUrl\":\"https:\\\/\\\/potteryart.eu\\\/wp-content\\\/uploads\\\/2020\\\/12\\\/cropped-Logo-1.png\",\"width\":2113,\"height\":280,\"caption\":\"polonazajc_admin\"},\"logo\":{\"@id\":\"https:\\\/\\\/potteryart.eu\\\/wp-content\\\/uploads\\\/2020\\\/12\\\/cropped-Logo-1.png\"}}]}<\/script>\n<!-- \/ Yoast SEO Premium plugin. -->","yoast_head_json":{"title":"Cup with Ketu's Labyrinth","description":"Skodelica s Ketujevim labirintom je izdelek pottery art oblikovanje gline Polone Zajc, imenujemo ga tudi Labirint svobode","robots":{"index":"index","follow":"follow","max-snippet":"max-snippet:-1","max-image-preview":"max-image-preview:large","max-video-preview":"max-video-preview:-1"},"canonical":"https:\/\/potteryart.eu\/en_gb\/spletna-trgovina\/labirinti\/labirint-svobode-ali-ketujev-labirint\/skodelica-s-ketujevim-labirintom-3050\/","og_locale":"en_GB","og_type":"article","og_title":"Skodelica z Ketujevim labirintom 3050","og_description":"Skodelica s Ketujevim labirintom je izdelek pottery art oblikovanje gline Polone Zajc, imenujemo ga tudi Labirint svobode","og_url":"https:\/\/potteryart.eu\/en_gb\/spletna-trgovina\/labirinti\/labirint-svobode-ali-ketujev-labirint\/skodelica-s-ketujevim-labirintom-3050\/","og_site_name":"Zajc Polona","article_modified_time":"2023-10-27T17:51:42+00:00","og_image":[{"width":1976,"height":2560,"url":"https:\/\/potteryart.eu\/wp-content\/uploads\/2021\/08\/20210815_083143-scaled.jpg","type":"image\/jpeg"}],"twitter_card":"summary_large_image","twitter_misc":{"Estimated reading time":"2 minutes"},"schema":{"@context":"https:\/\/schema.org","@graph":[{"@type":"WebPage","@id":"https:\/\/potteryart.eu\/spletna-trgovina\/labirinti\/labirint-svobode-ali-ketujev-labirint\/skodelica-s-ketujevim-labirintom-3050\/","url":"https:\/\/potteryart.eu\/spletna-trgovina\/labirinti\/labirint-svobode-ali-ketujev-labirint\/skodelica-s-ketujevim-labirintom-3050\/","name":"Cup with Ketu's Labyrinth","isPartOf":{"@id":"https:\/\/potteryart.eu\/#website"},"primaryImageOfPage":{"@id":"https:\/\/potteryart.eu\/spletna-trgovina\/labirinti\/labirint-svobode-ali-ketujev-labirint\/skodelica-s-ketujevim-labirintom-3050\/#primaryimage"},"image":{"@id":"https:\/\/potteryart.eu\/spletna-trgovina\/labirinti\/labirint-svobode-ali-ketujev-labirint\/skodelica-s-ketujevim-labirintom-3050\/#primaryimage"},"thumbnailUrl":"https:\/\/potteryart.eu\/wp-content\/uploads\/2021\/08\/20210815_083143-scaled.jpg","datePublished":"2021-08-29T08:25:32+00:00","dateModified":"2023-10-27T17:51:42+00:00","description":"Skodelica s Ketujevim labirintom je izdelek pottery art oblikovanje gline Polone Zajc, imenujemo ga tudi Labirint svobode","breadcrumb":{"@id":"https:\/\/potteryart.eu\/spletna-trgovina\/labirinti\/labirint-svobode-ali-ketujev-labirint\/skodelica-s-ketujevim-labirintom-3050\/#breadcrumb"},"inLanguage":"en-GB","potentialAction":[{"@type":"ReadAction","target":["https:\/\/potteryart.eu\/spletna-trgovina\/labirinti\/labirint-svobode-ali-ketujev-labirint\/skodelica-s-ketujevim-labirintom-3050\/"]}]},{"@type":"ImageObject","inLanguage":"en-GB","@id":"https:\/\/potteryart.eu\/spletna-trgovina\/labirinti\/labirint-svobode-ali-ketujev-labirint\/skodelica-s-ketujevim-labirintom-3050\/#primaryimage","url":"https:\/\/potteryart.eu\/wp-content\/uploads\/2021\/08\/20210815_083143-scaled.jpg","contentUrl":"https:\/\/potteryart.eu\/wp-content\/uploads\/2021\/08\/20210815_083143-scaled.jpg","width":1976,"height":2560},{"@type":"BreadcrumbList","@id":"https:\/\/potteryart.eu\/spletna-trgovina\/labirinti\/labirint-svobode-ali-ketujev-labirint\/skodelica-s-ketujevim-labirintom-3050\/#breadcrumb","itemListElement":[{"@type":"ListItem","position":1,"name":"Home","item":"https:\/\/potteryart.eu\/"},{"@type":"ListItem","position":2,"name":"Spletna trgovina","item":"https:\/\/potteryart.eu\/spletna-trgovina\/"},{"@type":"ListItem","position":3,"name":"Skodelica z Ketujevim labirintom 3050"}]},{"@type":"WebSite","@id":"https:\/\/potteryart.eu\/#website","url":"https:\/\/potteryart.eu\/","name":"Zajc Polona","description":"","publisher":{"@id":"https:\/\/potteryart.eu\/#\/schema\/person\/819de6034d3dd0bbdcc3a95a0b6c7e4d"},"potentialAction":[{"@type":"SearchAction","target":{"@type":"EntryPoint","urlTemplate":"https:\/\/potteryart.eu\/?s={search_term_string}"},"query-input":{"@type":"PropertyValueSpecification","valueRequired":true,"valueName":"search_term_string"}}],"inLanguage":"en-GB"},{"@type":["Person","Organization"],"@id":"https:\/\/potteryart.eu\/#\/schema\/person\/819de6034d3dd0bbdcc3a95a0b6c7e4d","name":"polonazajc_admin","image":{"@type":"ImageObject","inLanguage":"en-GB","@id":"https:\/\/potteryart.eu\/wp-content\/uploads\/2020\/12\/cropped-Logo-1.png","url":"https:\/\/potteryart.eu\/wp-content\/uploads\/2020\/12\/cropped-Logo-1.png","contentUrl":"https:\/\/potteryart.eu\/wp-content\/uploads\/2020\/12\/cropped-Logo-1.png","width":2113,"height":280,"caption":"polonazajc_admin"},"logo":{"@id":"https:\/\/potteryart.eu\/wp-content\/uploads\/2020\/12\/cropped-Logo-1.png"}}]}},"_links":{"self":[{"href":"https:\/\/potteryart.eu\/en_gb\/wp-json\/wp\/v2\/product\/1286","targetHints":{"allow":["GET"]}}],"collection":[{"href":"https:\/\/potteryart.eu\/en_gb\/wp-json\/wp\/v2\/product"}],"about":[{"href":"https:\/\/potteryart.eu\/en_gb\/wp-json\/wp\/v2\/types\/product"}],"replies":[{"embeddable":true,"href":"https:\/\/potteryart.eu\/en_gb\/wp-json\/wp\/v2\/comments?post=1286"}],"wp:featuredmedia":[{"embeddable":true,"href":"https:\/\/potteryart.eu\/en_gb\/wp-json\/wp\/v2\/media\/1240"}],"wp:attachment":[{"href":"https:\/\/potteryart.eu\/en_gb\/wp-json\/wp\/v2\/media?parent=1286"}],"wp:term":[{"taxonomy":"product_brand","embeddable":true,"href":"https:\/\/potteryart.eu\/en_gb\/wp-json\/wp\/v2\/product_brand?post=1286"},{"taxonomy":"product_cat","embeddable":true,"href":"https:\/\/potteryart.eu\/en_gb\/wp-json\/wp\/v2\/product_cat?post=1286"},{"taxonomy":"product_tag","embeddable":true,"href":"https:\/\/potteryart.eu\/en_gb\/wp-json\/wp\/v2\/product_tag?post=1286"}],"curies":[{"name":"wp","href":"https:\/\/api.w.org\/{rel}","templated":true}]}}