{"id":2440,"date":"2023-02-04T18:49:17","date_gmt":"2023-02-04T17:49:17","guid":{"rendered":"https:\/\/potteryart.eu\/?post_type=product&#038;p=2440"},"modified":"2024-06-03T10:52:39","modified_gmt":"2024-06-03T08:52:39","slug":"loncena-flaska-povodni-moz-in-urska","status":"publish","type":"product","link":"https:\/\/potteryart.eu\/en_gb\/spletna-trgovina\/unikatni-loncarski-izdelki-iz-kamenine\/unikatni-izdelki-iz-kamenine-za-kuhinjo\/loncena-flaska-povodni-moz-in-urska\/","title":{"rendered":"Potted bottle The Waterman and Ur\u0161ka"},"content":{"rendered":"<h1>Potted bottle The Waterman and Ur\u0161ka<\/h1>\n<p class=\"translation-block\">Potted bottle The Waterman and Ur\u0161ka is a product of pottery art clay design by Polona Zajc. It is a pottery  sculpture of a dancing couple, which depicts the myth of the water man from the Ljubljanica River, as depicted by France Pre\u0161eren. It is made by hand, from liquid black stoneware cast in a plaster model. The interior is glazed with a glaze suitable for household use. The exterior is glazed in different shades to represent the green colour of the Ljubljanica River, into which Ur\u0161ka and Waterman danced. The pot is fired at a temperature of 1220\u00b0C. It is 14,5 cm high and the volume is approx. 150 ml.<\/p>\n<h2>Pottery art clay design by Polona Zajc<\/h2>\n<p>Polona Zajc's Pottery art clay design also has a clay souvenir category in its collection of clay products. The images and characters depicted on them are reminiscent of stories and images from the past from different parts of Slovenia. They are made by hand from different types of clay and in different design techniques. They can be turned on a potter's spindle, as impressions of images in clay, or as vessels cast in plaster moulds with liquid clay to give them their shape. This is how the pottery of The Waterman and Ur\u0161ka was created. The plaster mould that gives shape to the flask is made from a handmade figurine in the Pottery Art workshop.<\/p>\n<h3>Potted bottle the Water man and Ur\u0161ka<\/h3>\n<p class=\"translation-block\">The potted bootle The Water Man and Ur\u0161ka is an image of a dancing couple who, at a Ljubljana Sunday dance, were forever cast into the Ljubljanica River, which flows through the capital of Slovenia. The myth of the water man, who seduced the beautiful and captivating  girl Ur\u0161ka, was depicted by the greatest Slovenian poet, France Pre\u0161eren, in his poem Povodni mo\u017e. Thus, a piece of rich Slovenian culture is presented in the form of a handmade pottery flask, The Water Man and Ur\u0161ka. They are depicted on their separate sides, yet close together, as they danced and danced faster and faster and finally danced into the waves of the Ljubljanica River. And so became the myth of Ljubljana.<\/p>","protected":false},"excerpt":{"rendered":"<p>Lon\u010dena fla\u0161ka Povodni mo\u017e in Ur\u0161ka Lon\u010dena fla\u0161ka Povodni mo\u017e in Ur\u0161ka je izdelek pottery art oblikovanje gline Polone Zajc. To je lon\u010denka ple\u0161o\u010dega para, ki upodablja mit povodnega mo\u017ea iz Ljubljanice, ki ga je upesnil France Pre\u0161eren. Narejena je ro\u010dno, iz teko\u010de \u010drne kamenine, vlite v mav\u010dni model. Notranjost je glazirana z glazuro, ki [&hellip;]<\/p>\n","protected":false},"featured_media":2417,"comment_status":"open","ping_status":"closed","template":"","meta":[],"product_brand":[],"product_cat":[260,275,265],"product_tag":[],"class_list":{"0":"post-2440","1":"product","2":"type-product","3":"status-publish","4":"has-post-thumbnail","6":"product_cat-glineni-spominki","7":"product_cat-unikatni-izdelki-iz-kamenine-za-kuhinjo","8":"product_cat-unikatni-loncarski-izdelki-iz-kamenine","9":"product_shipping_class-1kg","11":"first","12":"instock","13":"purchasable","14":"product-type-simple"},"yoast_head":"<!-- This site is optimized with the Yoast SEO Premium plugin v27.4 (Yoast SEO v27.4) - https:\/\/yoast.com\/product\/yoast-seo-premium-wordpress\/ -->\n<title>Lon\u010dena fla\u0161ka Povodni mo\u017e in Ur\u0161ka<\/title>\n<meta name=\"description\" content=\"Lon\u010dena fla\u0161ka Povodni mo\u017e in Ur\u0161ka je izdelek pottery art oblikovanje gline Polone Zajc, to je lon\u010denka Povodni mo\u017e in Ur\u0161ka\" \/>\n<meta name=\"robots\" content=\"index, follow, max-snippet:-1, max-image-preview:large, max-video-preview:-1\" \/>\n<link rel=\"canonical\" href=\"https:\/\/potteryart.eu\/en_gb\/spletna-trgovina\/unikatni-loncarski-izdelki-iz-kamenine\/unikatni-izdelki-iz-kamenine-za-kuhinjo\/loncena-flaska-povodni-moz-in-urska\/\" \/>\n<meta property=\"og:locale\" content=\"en_GB\" \/>\n<meta property=\"og:type\" content=\"article\" \/>\n<meta property=\"og:title\" content=\"Lon\u010dena fla\u0161ka Povodni mo\u017e in Ur\u0161ka\" \/>\n<meta property=\"og:description\" content=\"Lon\u010dena fla\u0161ka Povodni mo\u017e in Ur\u0161ka je izdelek pottery art oblikovanje gline Polone Zajc, to je lon\u010denka Povodni mo\u017e in Ur\u0161ka\" \/>\n<meta property=\"og:url\" content=\"https:\/\/potteryart.eu\/en_gb\/spletna-trgovina\/unikatni-loncarski-izdelki-iz-kamenine\/unikatni-izdelki-iz-kamenine-za-kuhinjo\/loncena-flaska-povodni-moz-in-urska\/\" \/>\n<meta property=\"og:site_name\" content=\"Zajc Polona\" \/>\n<meta property=\"article:modified_time\" content=\"2024-06-03T08:52:39+00:00\" \/>\n<meta property=\"og:image\" content=\"https:\/\/potteryart.eu\/wp-content\/uploads\/2023\/02\/image00001-scaled.jpeg\" \/>\n\t<meta property=\"og:image:width\" content=\"1920\" \/>\n\t<meta property=\"og:image:height\" content=\"2560\" \/>\n\t<meta property=\"og:image:type\" content=\"image\/jpeg\" \/>\n<meta name=\"twitter:card\" content=\"summary_large_image\" \/>\n<meta name=\"twitter:label1\" content=\"Estimated reading time\" \/>\n\t<meta name=\"twitter:data1\" content=\"2 minutes\" \/>\n<script type=\"application\/ld+json\" class=\"yoast-schema-graph\">{\"@context\":\"https:\\\/\\\/schema.org\",\"@graph\":[{\"@type\":\"WebPage\",\"@id\":\"https:\\\/\\\/potteryart.eu\\\/en_gb\\\/spletna-trgovina\\\/unikatni-loncarski-izdelki-iz-kamenine\\\/unikatni-izdelki-iz-kamenine-za-kuhinjo\\\/loncena-flaska-povodni-moz-in-urska\\\/\",\"url\":\"https:\\\/\\\/potteryart.eu\\\/en_gb\\\/spletna-trgovina\\\/unikatni-loncarski-izdelki-iz-kamenine\\\/unikatni-izdelki-iz-kamenine-za-kuhinjo\\\/loncena-flaska-povodni-moz-in-urska\\\/\",\"name\":\"Lon\u010dena fla\u0161ka Povodni mo\u017e in Ur\u0161ka\",\"isPartOf\":{\"@id\":\"https:\\\/\\\/potteryart.eu\\\/#website\"},\"primaryImageOfPage\":{\"@id\":\"https:\\\/\\\/potteryart.eu\\\/en_gb\\\/spletna-trgovina\\\/unikatni-loncarski-izdelki-iz-kamenine\\\/unikatni-izdelki-iz-kamenine-za-kuhinjo\\\/loncena-flaska-povodni-moz-in-urska\\\/#primaryimage\"},\"image\":{\"@id\":\"https:\\\/\\\/potteryart.eu\\\/en_gb\\\/spletna-trgovina\\\/unikatni-loncarski-izdelki-iz-kamenine\\\/unikatni-izdelki-iz-kamenine-za-kuhinjo\\\/loncena-flaska-povodni-moz-in-urska\\\/#primaryimage\"},\"thumbnailUrl\":\"https:\\\/\\\/potteryart.eu\\\/wp-content\\\/uploads\\\/2023\\\/02\\\/image00001-scaled.jpeg\",\"datePublished\":\"2023-02-04T17:49:17+00:00\",\"dateModified\":\"2024-06-03T08:52:39+00:00\",\"description\":\"Lon\u010dena fla\u0161ka Povodni mo\u017e in Ur\u0161ka je izdelek pottery art oblikovanje gline Polone Zajc, to je lon\u010denka Povodni mo\u017e in Ur\u0161ka\",\"breadcrumb\":{\"@id\":\"https:\\\/\\\/potteryart.eu\\\/en_gb\\\/spletna-trgovina\\\/unikatni-loncarski-izdelki-iz-kamenine\\\/unikatni-izdelki-iz-kamenine-za-kuhinjo\\\/loncena-flaska-povodni-moz-in-urska\\\/#breadcrumb\"},\"inLanguage\":\"en-GB\",\"potentialAction\":[{\"@type\":\"ReadAction\",\"target\":[\"https:\\\/\\\/potteryart.eu\\\/en_gb\\\/spletna-trgovina\\\/unikatni-loncarski-izdelki-iz-kamenine\\\/unikatni-izdelki-iz-kamenine-za-kuhinjo\\\/loncena-flaska-povodni-moz-in-urska\\\/\"]}]},{\"@type\":\"ImageObject\",\"inLanguage\":\"en-GB\",\"@id\":\"https:\\\/\\\/potteryart.eu\\\/en_gb\\\/spletna-trgovina\\\/unikatni-loncarski-izdelki-iz-kamenine\\\/unikatni-izdelki-iz-kamenine-za-kuhinjo\\\/loncena-flaska-povodni-moz-in-urska\\\/#primaryimage\",\"url\":\"https:\\\/\\\/potteryart.eu\\\/wp-content\\\/uploads\\\/2023\\\/02\\\/image00001-scaled.jpeg\",\"contentUrl\":\"https:\\\/\\\/potteryart.eu\\\/wp-content\\\/uploads\\\/2023\\\/02\\\/image00001-scaled.jpeg\",\"width\":1920,\"height\":2560,\"caption\":\"lon\u010dena fla\u0161ka povodni mo\u017e in Ur\u0161ka, pottery art, lon\u010denka povodni mo\u017e in Ur\u0161ka\"},{\"@type\":\"BreadcrumbList\",\"@id\":\"https:\\\/\\\/potteryart.eu\\\/en_gb\\\/spletna-trgovina\\\/unikatni-loncarski-izdelki-iz-kamenine\\\/unikatni-izdelki-iz-kamenine-za-kuhinjo\\\/loncena-flaska-povodni-moz-in-urska\\\/#breadcrumb\",\"itemListElement\":[{\"@type\":\"ListItem\",\"position\":1,\"name\":\"Home\",\"item\":\"https:\\\/\\\/potteryart.eu\\\/\"},{\"@type\":\"ListItem\",\"position\":2,\"name\":\"Spletna trgovina\",\"item\":\"https:\\\/\\\/potteryart.eu\\\/spletna-trgovina\\\/\"},{\"@type\":\"ListItem\",\"position\":3,\"name\":\"Lon\u010dena fla\u0161ka Povodni mo\u017e in Ur\u0161ka\"}]},{\"@type\":\"WebSite\",\"@id\":\"https:\\\/\\\/potteryart.eu\\\/#website\",\"url\":\"https:\\\/\\\/potteryart.eu\\\/\",\"name\":\"Zajc Polona\",\"description\":\"\",\"publisher\":{\"@id\":\"https:\\\/\\\/potteryart.eu\\\/#\\\/schema\\\/person\\\/819de6034d3dd0bbdcc3a95a0b6c7e4d\"},\"potentialAction\":[{\"@type\":\"SearchAction\",\"target\":{\"@type\":\"EntryPoint\",\"urlTemplate\":\"https:\\\/\\\/potteryart.eu\\\/?s={search_term_string}\"},\"query-input\":{\"@type\":\"PropertyValueSpecification\",\"valueRequired\":true,\"valueName\":\"search_term_string\"}}],\"inLanguage\":\"en-GB\"},{\"@type\":[\"Person\",\"Organization\"],\"@id\":\"https:\\\/\\\/potteryart.eu\\\/#\\\/schema\\\/person\\\/819de6034d3dd0bbdcc3a95a0b6c7e4d\",\"name\":\"polonazajc_admin\",\"image\":{\"@type\":\"ImageObject\",\"inLanguage\":\"en-GB\",\"@id\":\"https:\\\/\\\/potteryart.eu\\\/wp-content\\\/uploads\\\/2020\\\/12\\\/cropped-Logo-1.png\",\"url\":\"https:\\\/\\\/potteryart.eu\\\/wp-content\\\/uploads\\\/2020\\\/12\\\/cropped-Logo-1.png\",\"contentUrl\":\"https:\\\/\\\/potteryart.eu\\\/wp-content\\\/uploads\\\/2020\\\/12\\\/cropped-Logo-1.png\",\"width\":2113,\"height\":280,\"caption\":\"polonazajc_admin\"},\"logo\":{\"@id\":\"https:\\\/\\\/potteryart.eu\\\/wp-content\\\/uploads\\\/2020\\\/12\\\/cropped-Logo-1.png\"}}]}<\/script>\n<!-- \/ Yoast SEO Premium plugin. -->","yoast_head_json":{"title":"Potted bottle The Waterman and Ur\u0161ka","description":"Lon\u010dena fla\u0161ka Povodni mo\u017e in Ur\u0161ka je izdelek pottery art oblikovanje gline Polone Zajc, to je lon\u010denka Povodni mo\u017e in Ur\u0161ka","robots":{"index":"index","follow":"follow","max-snippet":"max-snippet:-1","max-image-preview":"max-image-preview:large","max-video-preview":"max-video-preview:-1"},"canonical":"https:\/\/potteryart.eu\/en_gb\/spletna-trgovina\/unikatni-loncarski-izdelki-iz-kamenine\/unikatni-izdelki-iz-kamenine-za-kuhinjo\/loncena-flaska-povodni-moz-in-urska\/","og_locale":"en_GB","og_type":"article","og_title":"Lon\u010dena fla\u0161ka Povodni mo\u017e in Ur\u0161ka","og_description":"Lon\u010dena fla\u0161ka Povodni mo\u017e in Ur\u0161ka je izdelek pottery art oblikovanje gline Polone Zajc, to je lon\u010denka Povodni mo\u017e in Ur\u0161ka","og_url":"https:\/\/potteryart.eu\/en_gb\/spletna-trgovina\/unikatni-loncarski-izdelki-iz-kamenine\/unikatni-izdelki-iz-kamenine-za-kuhinjo\/loncena-flaska-povodni-moz-in-urska\/","og_site_name":"Zajc Polona","article_modified_time":"2024-06-03T08:52:39+00:00","og_image":[{"width":1920,"height":2560,"url":"https:\/\/potteryart.eu\/wp-content\/uploads\/2023\/02\/image00001-scaled.jpeg","type":"image\/jpeg"}],"twitter_card":"summary_large_image","twitter_misc":{"Estimated reading time":"2 minutes"},"schema":{"@context":"https:\/\/schema.org","@graph":[{"@type":"WebPage","@id":"https:\/\/potteryart.eu\/en_gb\/spletna-trgovina\/unikatni-loncarski-izdelki-iz-kamenine\/unikatni-izdelki-iz-kamenine-za-kuhinjo\/loncena-flaska-povodni-moz-in-urska\/","url":"https:\/\/potteryart.eu\/en_gb\/spletna-trgovina\/unikatni-loncarski-izdelki-iz-kamenine\/unikatni-izdelki-iz-kamenine-za-kuhinjo\/loncena-flaska-povodni-moz-in-urska\/","name":"Potted bottle The Waterman and Ur\u0161ka","isPartOf":{"@id":"https:\/\/potteryart.eu\/#website"},"primaryImageOfPage":{"@id":"https:\/\/potteryart.eu\/en_gb\/spletna-trgovina\/unikatni-loncarski-izdelki-iz-kamenine\/unikatni-izdelki-iz-kamenine-za-kuhinjo\/loncena-flaska-povodni-moz-in-urska\/#primaryimage"},"image":{"@id":"https:\/\/potteryart.eu\/en_gb\/spletna-trgovina\/unikatni-loncarski-izdelki-iz-kamenine\/unikatni-izdelki-iz-kamenine-za-kuhinjo\/loncena-flaska-povodni-moz-in-urska\/#primaryimage"},"thumbnailUrl":"https:\/\/potteryart.eu\/wp-content\/uploads\/2023\/02\/image00001-scaled.jpeg","datePublished":"2023-02-04T17:49:17+00:00","dateModified":"2024-06-03T08:52:39+00:00","description":"Lon\u010dena fla\u0161ka Povodni mo\u017e in Ur\u0161ka je izdelek pottery art oblikovanje gline Polone Zajc, to je lon\u010denka Povodni mo\u017e in Ur\u0161ka","breadcrumb":{"@id":"https:\/\/potteryart.eu\/en_gb\/spletna-trgovina\/unikatni-loncarski-izdelki-iz-kamenine\/unikatni-izdelki-iz-kamenine-za-kuhinjo\/loncena-flaska-povodni-moz-in-urska\/#breadcrumb"},"inLanguage":"en-GB","potentialAction":[{"@type":"ReadAction","target":["https:\/\/potteryart.eu\/en_gb\/spletna-trgovina\/unikatni-loncarski-izdelki-iz-kamenine\/unikatni-izdelki-iz-kamenine-za-kuhinjo\/loncena-flaska-povodni-moz-in-urska\/"]}]},{"@type":"ImageObject","inLanguage":"en-GB","@id":"https:\/\/potteryart.eu\/en_gb\/spletna-trgovina\/unikatni-loncarski-izdelki-iz-kamenine\/unikatni-izdelki-iz-kamenine-za-kuhinjo\/loncena-flaska-povodni-moz-in-urska\/#primaryimage","url":"https:\/\/potteryart.eu\/wp-content\/uploads\/2023\/02\/image00001-scaled.jpeg","contentUrl":"https:\/\/potteryart.eu\/wp-content\/uploads\/2023\/02\/image00001-scaled.jpeg","width":1920,"height":2560,"caption":"lon\u010dena fla\u0161ka povodni mo\u017e in Ur\u0161ka, pottery art, lon\u010denka povodni mo\u017e in Ur\u0161ka"},{"@type":"BreadcrumbList","@id":"https:\/\/potteryart.eu\/en_gb\/spletna-trgovina\/unikatni-loncarski-izdelki-iz-kamenine\/unikatni-izdelki-iz-kamenine-za-kuhinjo\/loncena-flaska-povodni-moz-in-urska\/#breadcrumb","itemListElement":[{"@type":"ListItem","position":1,"name":"Home","item":"https:\/\/potteryart.eu\/"},{"@type":"ListItem","position":2,"name":"Spletna trgovina","item":"https:\/\/potteryart.eu\/spletna-trgovina\/"},{"@type":"ListItem","position":3,"name":"Lon\u010dena fla\u0161ka Povodni mo\u017e in Ur\u0161ka"}]},{"@type":"WebSite","@id":"https:\/\/potteryart.eu\/#website","url":"https:\/\/potteryart.eu\/","name":"Zajc Polona","description":"","publisher":{"@id":"https:\/\/potteryart.eu\/#\/schema\/person\/819de6034d3dd0bbdcc3a95a0b6c7e4d"},"potentialAction":[{"@type":"SearchAction","target":{"@type":"EntryPoint","urlTemplate":"https:\/\/potteryart.eu\/?s={search_term_string}"},"query-input":{"@type":"PropertyValueSpecification","valueRequired":true,"valueName":"search_term_string"}}],"inLanguage":"en-GB"},{"@type":["Person","Organization"],"@id":"https:\/\/potteryart.eu\/#\/schema\/person\/819de6034d3dd0bbdcc3a95a0b6c7e4d","name":"polonazajc_admin","image":{"@type":"ImageObject","inLanguage":"en-GB","@id":"https:\/\/potteryart.eu\/wp-content\/uploads\/2020\/12\/cropped-Logo-1.png","url":"https:\/\/potteryart.eu\/wp-content\/uploads\/2020\/12\/cropped-Logo-1.png","contentUrl":"https:\/\/potteryart.eu\/wp-content\/uploads\/2020\/12\/cropped-Logo-1.png","width":2113,"height":280,"caption":"polonazajc_admin"},"logo":{"@id":"https:\/\/potteryart.eu\/wp-content\/uploads\/2020\/12\/cropped-Logo-1.png"}}]}},"_links":{"self":[{"href":"https:\/\/potteryart.eu\/en_gb\/wp-json\/wp\/v2\/product\/2440","targetHints":{"allow":["GET"]}}],"collection":[{"href":"https:\/\/potteryart.eu\/en_gb\/wp-json\/wp\/v2\/product"}],"about":[{"href":"https:\/\/potteryart.eu\/en_gb\/wp-json\/wp\/v2\/types\/product"}],"replies":[{"embeddable":true,"href":"https:\/\/potteryart.eu\/en_gb\/wp-json\/wp\/v2\/comments?post=2440"}],"wp:featuredmedia":[{"embeddable":true,"href":"https:\/\/potteryart.eu\/en_gb\/wp-json\/wp\/v2\/media\/2417"}],"wp:attachment":[{"href":"https:\/\/potteryart.eu\/en_gb\/wp-json\/wp\/v2\/media?parent=2440"}],"wp:term":[{"taxonomy":"product_brand","embeddable":true,"href":"https:\/\/potteryart.eu\/en_gb\/wp-json\/wp\/v2\/product_brand?post=2440"},{"taxonomy":"product_cat","embeddable":true,"href":"https:\/\/potteryart.eu\/en_gb\/wp-json\/wp\/v2\/product_cat?post=2440"},{"taxonomy":"product_tag","embeddable":true,"href":"https:\/\/potteryart.eu\/en_gb\/wp-json\/wp\/v2\/product_tag?post=2440"}],"curies":[{"name":"wp","href":"https:\/\/api.w.org\/{rel}","templated":true}]}}