{"id":2512,"date":"2023-05-16T14:25:08","date_gmt":"2023-05-16T12:25:08","guid":{"rendered":"https:\/\/potteryart.eu\/?post_type=product&#038;p=2512"},"modified":"2025-01-12T10:54:57","modified_gmt":"2025-01-12T09:54:57","slug":"unikaten-glinen-kroznik-trave","status":"publish","type":"product","link":"https:\/\/potteryart.eu\/en_gb\/spletna-trgovina\/unikatni-loncarski-izdelki-iz-kamenine\/unikatni-loncarski-izdelki-iz-keramike\/unikaten-glinen-kroznik-trave\/","title":{"rendered":"Unique clay grass plate"},"content":{"rendered":"<h1>Unique clay grass plate<\/h1>\n<p>Unique clay grass plate is a product of pottery art clay design by Polona Zajc. It is a unique, handmade plate made of white clay. Different grasses are stamped into the surface. Their impressions are highlighted with blue colour. The rim of the plate is glazed with an antique gold glaze, while the surface is glazed with a transparent glaze that cracks in contact with the air, creating an interesting aged ceramic effect. The decorative plate is fired at 1030\u00b0C. It measures 30 cm in diameter.<\/p>\n<h2>Pottery art clay design by Polona Zajc<\/h2>\n<p>Pottery art clay design by Polona Zajc also has unique clay plates in her collection. They are made exclusively by hand, in different colours of clay and glazes. In this line you will find plates that are designed for everyday use in the kitchen, as well as decorative plates that can be hung on the wall. Even though some are classified as decorative plates, they can also be used for serving food. They are made from the finest clays and glazes, fired at the appropriate temperature to ensure a high quality product.  The grass clay plate is one of this series of plates.<\/p>\n<h3>Handmade ceramic grass plate<\/h3>\n<p>The handmade ceramic grass plate is a decorative plate that brightens up the surroundings in which it is placed. I shaped the white clay on a potter's spindle into a plate. After a short drying time, I pressed into the surface various grasses from a neighbour's meadow at the time when it was at its most vigorous. Each grass left a unique impression in the soft clay. After the first firing, I painted the surface with blue paint, which caught the impressions of the grasses. I coated the grass with an interesting transparent glaze which cracks as soon as it comes into contact with cold air. This creates a wonderful effect of interweaving countless tiny lines that give texture to the surface of the plate. The shapes of the printed grasses seep through the surface. The result is a unique clay grass plate, which, with its distinctive appearance, is intended to enliven and decorate the furniture in any home where it is placed.<\/p>","protected":false},"excerpt":{"rendered":"<p>Unikaten glinen kro\u017enik trave Unikaten glinen kro\u017enik trave je izdelek pottery art oblikovanje gline Polone Zajc. To je unikaten, ro\u010dno izdelan kro\u017enik iz bele gline. V povr\u0161ino so odtisnjene razli\u010dne trave. Njihovi odtisi so poudarjeni z modro barvo. Obod kro\u017enika je glaziran z antik zlato glazuro, povr\u0161ina pa s transparentno glazuro, ki v stiku z [&hellip;]<\/p>\n","protected":false},"featured_media":3260,"comment_status":"open","ping_status":"closed","template":"","meta":[],"product_brand":[],"product_cat":[269,262,264],"product_tag":[],"class_list":{"0":"post-2512","1":"product","2":"type-product","3":"status-publish","4":"has-post-thumbnail","6":"product_cat-unikatni-krozniki-iz-gline","7":"product_cat-unikatni-loncarski-izdelki-iz-keramike","8":"product_cat-unikatni-loncarski-izdelki-za-dom","10":"first","11":"instock","12":"purchasable","13":"product-type-simple"},"yoast_head":"<!-- This site is optimized with the Yoast SEO Premium plugin v27.4 (Yoast SEO v27.4) - https:\/\/yoast.com\/product\/yoast-seo-premium-wordpress\/ -->\n<title>Unikaten glinen kro\u017enik trave<\/title>\n<meta name=\"description\" content=\"Unikaten glinen kro\u017enik trave je izdelek pottery art oblikovanje gline Polone Zajc, to je ro\u010dno izdelan kerami\u010den kro\u017enik trave\" \/>\n<meta name=\"robots\" content=\"index, follow, max-snippet:-1, max-image-preview:large, max-video-preview:-1\" \/>\n<link rel=\"canonical\" href=\"https:\/\/potteryart.eu\/en_gb\/spletna-trgovina\/unikatni-loncarski-izdelki-iz-kamenine\/unikatni-loncarski-izdelki-iz-keramike\/unikaten-glinen-kroznik-trave\/\" \/>\n<meta property=\"og:locale\" content=\"en_GB\" \/>\n<meta property=\"og:type\" content=\"article\" \/>\n<meta property=\"og:title\" content=\"Unikaten glinen kro\u017enik trave\" \/>\n<meta property=\"og:description\" content=\"Unikaten glinen kro\u017enik trave je izdelek pottery art oblikovanje gline Polone Zajc, to je ro\u010dno izdelan kerami\u010den kro\u017enik trave\" \/>\n<meta property=\"og:url\" content=\"https:\/\/potteryart.eu\/en_gb\/spletna-trgovina\/unikatni-loncarski-izdelki-iz-kamenine\/unikatni-loncarski-izdelki-iz-keramike\/unikaten-glinen-kroznik-trave\/\" \/>\n<meta property=\"og:site_name\" content=\"Zajc Polona\" \/>\n<meta property=\"article:modified_time\" content=\"2025-01-12T09:54:57+00:00\" \/>\n<meta property=\"og:image\" content=\"https:\/\/potteryart.eu\/wp-content\/uploads\/2023\/05\/20230515_113517-scaled.jpg\" \/>\n\t<meta property=\"og:image:width\" content=\"1920\" \/>\n\t<meta property=\"og:image:height\" content=\"2560\" \/>\n\t<meta property=\"og:image:type\" content=\"image\/jpeg\" \/>\n<meta name=\"twitter:card\" content=\"summary_large_image\" \/>\n<meta name=\"twitter:label1\" content=\"Estimated reading time\" \/>\n\t<meta name=\"twitter:data1\" content=\"2 minutes\" \/>\n<script type=\"application\/ld+json\" class=\"yoast-schema-graph\">{\"@context\":\"https:\\\/\\\/schema.org\",\"@graph\":[{\"@type\":\"WebPage\",\"@id\":\"https:\\\/\\\/potteryart.eu\\\/spletna-trgovina\\\/unikatni-loncarski-izdelki-iz-kamenine\\\/unikatni-loncarski-izdelki-iz-keramike\\\/unikaten-glinen-kroznik-trave\\\/\",\"url\":\"https:\\\/\\\/potteryart.eu\\\/spletna-trgovina\\\/unikatni-loncarski-izdelki-iz-kamenine\\\/unikatni-loncarski-izdelki-iz-keramike\\\/unikaten-glinen-kroznik-trave\\\/\",\"name\":\"Unikaten glinen kro\u017enik trave\",\"isPartOf\":{\"@id\":\"https:\\\/\\\/potteryart.eu\\\/#website\"},\"primaryImageOfPage\":{\"@id\":\"https:\\\/\\\/potteryart.eu\\\/spletna-trgovina\\\/unikatni-loncarski-izdelki-iz-kamenine\\\/unikatni-loncarski-izdelki-iz-keramike\\\/unikaten-glinen-kroznik-trave\\\/#primaryimage\"},\"image\":{\"@id\":\"https:\\\/\\\/potteryart.eu\\\/spletna-trgovina\\\/unikatni-loncarski-izdelki-iz-kamenine\\\/unikatni-loncarski-izdelki-iz-keramike\\\/unikaten-glinen-kroznik-trave\\\/#primaryimage\"},\"thumbnailUrl\":\"https:\\\/\\\/potteryart.eu\\\/wp-content\\\/uploads\\\/2023\\\/05\\\/20230515_113517-scaled.jpg\",\"datePublished\":\"2023-05-16T12:25:08+00:00\",\"dateModified\":\"2025-01-12T09:54:57+00:00\",\"description\":\"Unikaten glinen kro\u017enik trave je izdelek pottery art oblikovanje gline Polone Zajc, to je ro\u010dno izdelan kerami\u010den kro\u017enik trave\",\"breadcrumb\":{\"@id\":\"https:\\\/\\\/potteryart.eu\\\/spletna-trgovina\\\/unikatni-loncarski-izdelki-iz-kamenine\\\/unikatni-loncarski-izdelki-iz-keramike\\\/unikaten-glinen-kroznik-trave\\\/#breadcrumb\"},\"inLanguage\":\"en-GB\",\"potentialAction\":[{\"@type\":\"ReadAction\",\"target\":[\"https:\\\/\\\/potteryart.eu\\\/spletna-trgovina\\\/unikatni-loncarski-izdelki-iz-kamenine\\\/unikatni-loncarski-izdelki-iz-keramike\\\/unikaten-glinen-kroznik-trave\\\/\"]}]},{\"@type\":\"ImageObject\",\"inLanguage\":\"en-GB\",\"@id\":\"https:\\\/\\\/potteryart.eu\\\/spletna-trgovina\\\/unikatni-loncarski-izdelki-iz-kamenine\\\/unikatni-loncarski-izdelki-iz-keramike\\\/unikaten-glinen-kroznik-trave\\\/#primaryimage\",\"url\":\"https:\\\/\\\/potteryart.eu\\\/wp-content\\\/uploads\\\/2023\\\/05\\\/20230515_113517-scaled.jpg\",\"contentUrl\":\"https:\\\/\\\/potteryart.eu\\\/wp-content\\\/uploads\\\/2023\\\/05\\\/20230515_113517-scaled.jpg\",\"width\":1920,\"height\":2560,\"caption\":\"unikaten glinen kro\u017enik trave, pottery art, ro\u010dno izdelan kerami\u010den kro\u017enik trave\"},{\"@type\":\"BreadcrumbList\",\"@id\":\"https:\\\/\\\/potteryart.eu\\\/spletna-trgovina\\\/unikatni-loncarski-izdelki-iz-kamenine\\\/unikatni-loncarski-izdelki-iz-keramike\\\/unikaten-glinen-kroznik-trave\\\/#breadcrumb\",\"itemListElement\":[{\"@type\":\"ListItem\",\"position\":1,\"name\":\"Home\",\"item\":\"https:\\\/\\\/potteryart.eu\\\/\"},{\"@type\":\"ListItem\",\"position\":2,\"name\":\"Spletna trgovina\",\"item\":\"https:\\\/\\\/potteryart.eu\\\/spletna-trgovina\\\/\"},{\"@type\":\"ListItem\",\"position\":3,\"name\":\"Unikaten glinen kro\u017enik trave\"}]},{\"@type\":\"WebSite\",\"@id\":\"https:\\\/\\\/potteryart.eu\\\/#website\",\"url\":\"https:\\\/\\\/potteryart.eu\\\/\",\"name\":\"Zajc Polona\",\"description\":\"\",\"publisher\":{\"@id\":\"https:\\\/\\\/potteryart.eu\\\/#\\\/schema\\\/person\\\/819de6034d3dd0bbdcc3a95a0b6c7e4d\"},\"potentialAction\":[{\"@type\":\"SearchAction\",\"target\":{\"@type\":\"EntryPoint\",\"urlTemplate\":\"https:\\\/\\\/potteryart.eu\\\/?s={search_term_string}\"},\"query-input\":{\"@type\":\"PropertyValueSpecification\",\"valueRequired\":true,\"valueName\":\"search_term_string\"}}],\"inLanguage\":\"en-GB\"},{\"@type\":[\"Person\",\"Organization\"],\"@id\":\"https:\\\/\\\/potteryart.eu\\\/#\\\/schema\\\/person\\\/819de6034d3dd0bbdcc3a95a0b6c7e4d\",\"name\":\"polonazajc_admin\",\"image\":{\"@type\":\"ImageObject\",\"inLanguage\":\"en-GB\",\"@id\":\"https:\\\/\\\/potteryart.eu\\\/wp-content\\\/uploads\\\/2020\\\/12\\\/cropped-Logo-1.png\",\"url\":\"https:\\\/\\\/potteryart.eu\\\/wp-content\\\/uploads\\\/2020\\\/12\\\/cropped-Logo-1.png\",\"contentUrl\":\"https:\\\/\\\/potteryart.eu\\\/wp-content\\\/uploads\\\/2020\\\/12\\\/cropped-Logo-1.png\",\"width\":2113,\"height\":280,\"caption\":\"polonazajc_admin\"},\"logo\":{\"@id\":\"https:\\\/\\\/potteryart.eu\\\/wp-content\\\/uploads\\\/2020\\\/12\\\/cropped-Logo-1.png\"}}]}<\/script>\n<!-- \/ Yoast SEO Premium plugin. -->","yoast_head_json":{"title":"Unique clay grass plate","description":"Unikaten glinen kro\u017enik trave je izdelek pottery art oblikovanje gline Polone Zajc, to je ro\u010dno izdelan kerami\u010den kro\u017enik trave","robots":{"index":"index","follow":"follow","max-snippet":"max-snippet:-1","max-image-preview":"max-image-preview:large","max-video-preview":"max-video-preview:-1"},"canonical":"https:\/\/potteryart.eu\/en_gb\/spletna-trgovina\/unikatni-loncarski-izdelki-iz-kamenine\/unikatni-loncarski-izdelki-iz-keramike\/unikaten-glinen-kroznik-trave\/","og_locale":"en_GB","og_type":"article","og_title":"Unikaten glinen kro\u017enik trave","og_description":"Unikaten glinen kro\u017enik trave je izdelek pottery art oblikovanje gline Polone Zajc, to je ro\u010dno izdelan kerami\u010den kro\u017enik trave","og_url":"https:\/\/potteryart.eu\/en_gb\/spletna-trgovina\/unikatni-loncarski-izdelki-iz-kamenine\/unikatni-loncarski-izdelki-iz-keramike\/unikaten-glinen-kroznik-trave\/","og_site_name":"Zajc Polona","article_modified_time":"2025-01-12T09:54:57+00:00","og_image":[{"width":1920,"height":2560,"url":"https:\/\/potteryart.eu\/wp-content\/uploads\/2023\/05\/20230515_113517-scaled.jpg","type":"image\/jpeg"}],"twitter_card":"summary_large_image","twitter_misc":{"Estimated reading time":"2 minutes"},"schema":{"@context":"https:\/\/schema.org","@graph":[{"@type":"WebPage","@id":"https:\/\/potteryart.eu\/spletna-trgovina\/unikatni-loncarski-izdelki-iz-kamenine\/unikatni-loncarski-izdelki-iz-keramike\/unikaten-glinen-kroznik-trave\/","url":"https:\/\/potteryart.eu\/spletna-trgovina\/unikatni-loncarski-izdelki-iz-kamenine\/unikatni-loncarski-izdelki-iz-keramike\/unikaten-glinen-kroznik-trave\/","name":"Unique clay grass plate","isPartOf":{"@id":"https:\/\/potteryart.eu\/#website"},"primaryImageOfPage":{"@id":"https:\/\/potteryart.eu\/spletna-trgovina\/unikatni-loncarski-izdelki-iz-kamenine\/unikatni-loncarski-izdelki-iz-keramike\/unikaten-glinen-kroznik-trave\/#primaryimage"},"image":{"@id":"https:\/\/potteryart.eu\/spletna-trgovina\/unikatni-loncarski-izdelki-iz-kamenine\/unikatni-loncarski-izdelki-iz-keramike\/unikaten-glinen-kroznik-trave\/#primaryimage"},"thumbnailUrl":"https:\/\/potteryart.eu\/wp-content\/uploads\/2023\/05\/20230515_113517-scaled.jpg","datePublished":"2023-05-16T12:25:08+00:00","dateModified":"2025-01-12T09:54:57+00:00","description":"Unikaten glinen kro\u017enik trave je izdelek pottery art oblikovanje gline Polone Zajc, to je ro\u010dno izdelan kerami\u010den kro\u017enik trave","breadcrumb":{"@id":"https:\/\/potteryart.eu\/spletna-trgovina\/unikatni-loncarski-izdelki-iz-kamenine\/unikatni-loncarski-izdelki-iz-keramike\/unikaten-glinen-kroznik-trave\/#breadcrumb"},"inLanguage":"en-GB","potentialAction":[{"@type":"ReadAction","target":["https:\/\/potteryart.eu\/spletna-trgovina\/unikatni-loncarski-izdelki-iz-kamenine\/unikatni-loncarski-izdelki-iz-keramike\/unikaten-glinen-kroznik-trave\/"]}]},{"@type":"ImageObject","inLanguage":"en-GB","@id":"https:\/\/potteryart.eu\/spletna-trgovina\/unikatni-loncarski-izdelki-iz-kamenine\/unikatni-loncarski-izdelki-iz-keramike\/unikaten-glinen-kroznik-trave\/#primaryimage","url":"https:\/\/potteryart.eu\/wp-content\/uploads\/2023\/05\/20230515_113517-scaled.jpg","contentUrl":"https:\/\/potteryart.eu\/wp-content\/uploads\/2023\/05\/20230515_113517-scaled.jpg","width":1920,"height":2560,"caption":"unikaten glinen kro\u017enik trave, pottery art, ro\u010dno izdelan kerami\u010den kro\u017enik trave"},{"@type":"BreadcrumbList","@id":"https:\/\/potteryart.eu\/spletna-trgovina\/unikatni-loncarski-izdelki-iz-kamenine\/unikatni-loncarski-izdelki-iz-keramike\/unikaten-glinen-kroznik-trave\/#breadcrumb","itemListElement":[{"@type":"ListItem","position":1,"name":"Home","item":"https:\/\/potteryart.eu\/"},{"@type":"ListItem","position":2,"name":"Spletna trgovina","item":"https:\/\/potteryart.eu\/spletna-trgovina\/"},{"@type":"ListItem","position":3,"name":"Unikaten glinen kro\u017enik trave"}]},{"@type":"WebSite","@id":"https:\/\/potteryart.eu\/#website","url":"https:\/\/potteryart.eu\/","name":"Zajc Polona","description":"","publisher":{"@id":"https:\/\/potteryart.eu\/#\/schema\/person\/819de6034d3dd0bbdcc3a95a0b6c7e4d"},"potentialAction":[{"@type":"SearchAction","target":{"@type":"EntryPoint","urlTemplate":"https:\/\/potteryart.eu\/?s={search_term_string}"},"query-input":{"@type":"PropertyValueSpecification","valueRequired":true,"valueName":"search_term_string"}}],"inLanguage":"en-GB"},{"@type":["Person","Organization"],"@id":"https:\/\/potteryart.eu\/#\/schema\/person\/819de6034d3dd0bbdcc3a95a0b6c7e4d","name":"polonazajc_admin","image":{"@type":"ImageObject","inLanguage":"en-GB","@id":"https:\/\/potteryart.eu\/wp-content\/uploads\/2020\/12\/cropped-Logo-1.png","url":"https:\/\/potteryart.eu\/wp-content\/uploads\/2020\/12\/cropped-Logo-1.png","contentUrl":"https:\/\/potteryart.eu\/wp-content\/uploads\/2020\/12\/cropped-Logo-1.png","width":2113,"height":280,"caption":"polonazajc_admin"},"logo":{"@id":"https:\/\/potteryart.eu\/wp-content\/uploads\/2020\/12\/cropped-Logo-1.png"}}]}},"_links":{"self":[{"href":"https:\/\/potteryart.eu\/en_gb\/wp-json\/wp\/v2\/product\/2512","targetHints":{"allow":["GET"]}}],"collection":[{"href":"https:\/\/potteryart.eu\/en_gb\/wp-json\/wp\/v2\/product"}],"about":[{"href":"https:\/\/potteryart.eu\/en_gb\/wp-json\/wp\/v2\/types\/product"}],"replies":[{"embeddable":true,"href":"https:\/\/potteryart.eu\/en_gb\/wp-json\/wp\/v2\/comments?post=2512"}],"wp:featuredmedia":[{"embeddable":true,"href":"https:\/\/potteryart.eu\/en_gb\/wp-json\/wp\/v2\/media\/3260"}],"wp:attachment":[{"href":"https:\/\/potteryart.eu\/en_gb\/wp-json\/wp\/v2\/media?parent=2512"}],"wp:term":[{"taxonomy":"product_brand","embeddable":true,"href":"https:\/\/potteryart.eu\/en_gb\/wp-json\/wp\/v2\/product_brand?post=2512"},{"taxonomy":"product_cat","embeddable":true,"href":"https:\/\/potteryart.eu\/en_gb\/wp-json\/wp\/v2\/product_cat?post=2512"},{"taxonomy":"product_tag","embeddable":true,"href":"https:\/\/potteryart.eu\/en_gb\/wp-json\/wp\/v2\/product_tag?post=2512"}],"curies":[{"name":"wp","href":"https:\/\/api.w.org\/{rel}","templated":true}]}}