{"id":2525,"date":"2023-05-17T12:35:52","date_gmt":"2023-05-17T10:35:52","guid":{"rendered":"https:\/\/potteryart.eu\/?post_type=product&#038;p=2525"},"modified":"2023-05-17T12:53:19","modified_gmt":"2023-05-17T10:53:19","slug":"valovita-bez-skledica-s-pisanim-robom","status":"publish","type":"product","link":"https:\/\/potteryart.eu\/en_gb\/spletna-trgovina\/unikatni-loncarski-izdelki-iz-kamenine\/unikatni-loncarski-izdelki-iz-keramike\/valovita-bez-skledica-s-pisanim-robom\/","title":{"rendered":"Corrugated beige bowl with coloured rim"},"content":{"rendered":"<h1>Corrugated beige bowl with coloured rim<\/h1>\n<p>Wavy beige bowl with coloured rim is a product of pottery art clay design by Polona Zajc. It is a unique beige bowl, handmade on a pottery spindle from white clay. It has a characteristic pottery art pattern sculpted along the wavy rim, hand-painted with different glazes. The interior is coated with a beige semi-gloss glaze. The bowl is fired at 1050 \u00b0C. It measures 17 cm in diameter and 6 cm in height.<\/p>\n<h2>Pottery art clay design by Polona Zajc<\/h2>\n<p>Pottery art clay design by Polona Zajc has a line of unique clay bowls in its product collection. This line includes unique clay bowls for the home or kitchen.  They can be made as ceramics or as stoneware. Here you will find a wide variety of shapes, colours and sizes of bowls, handmade on a potter's spindle or cast in plaster moulds of your own making. All are hand-painted and some are hand-perforated with holes of various sizes. The result is a beautiful pattern typical of pottery art. Some of the unique clay bowls have details accentuated with real gold, giving them a solemn and, above all, precious touch. The gold is applied by hand, with a brush, and is completely durable, as it is fired with a third firing at 800\u00b0C.<\/p>\n<h3>Clay bowl with wavy coloured rim<\/h3>\n<p>The clay bowl with wavy coloured rim is a unique ceramic bowl. I rolled the white clay on a potter's spindle until the shape of the bowl was formed. While slowly rotating, I slid my fingers around the rim and gently reshaped it into a wavy form. After a short drying time, I carved an interlace of lines around the rim and a distinctive pattern emerged. Later, after the first firing, I hand-painted each space in the pattern with different glazes. Combined with the predominant beige glaze, the result is a beautiful, variegated bowl. The clay bowl with its wavy coloured rim is a decorative bowl that is enough in itself to make a room interesting. But it can also be used to serve or store dry food such as fruit, cakes, nuts, biscuits, etc. With its soft beige colour and its fluted, colourful edge, it is an interesting and completely unique piece of ceramics.<\/p>","protected":false},"excerpt":{"rendered":"<p>Valovita be\u017e skledica s pisanim robom Valovita be\u017e skledica s pisanim robom je izdelek pottery art oblikovanje gline Polone Zajc. To je unikatna be\u017e skledica, ro\u010dno narejena na lon\u010darskem vretenu iz bele gline. Po valovitem robu ima vrezan zna\u010dilen pottery art vzorec, ro\u010dno pobarvan z razli\u010dnimi glazurami. Notranjost je prevle\u010dena z be\u017e pol svetle\u010do glazuro. [&hellip;]<\/p>\n","protected":false},"featured_media":2506,"comment_status":"open","ping_status":"closed","template":"","meta":[],"product_brand":[],"product_cat":[270,262,264],"product_tag":[],"class_list":{"0":"post-2525","1":"product","2":"type-product","3":"status-publish","4":"has-post-thumbnail","6":"product_cat-unikatne-sklede-iz-gline","7":"product_cat-unikatni-loncarski-izdelki-iz-keramike","8":"product_cat-unikatni-loncarski-izdelki-za-dom","10":"first","11":"instock","12":"purchasable","13":"product-type-simple"},"yoast_head":"<!-- This site is optimized with the Yoast SEO Premium plugin v27.4 (Yoast SEO v27.4) - https:\/\/yoast.com\/product\/yoast-seo-premium-wordpress\/ -->\n<title>Valovita be\u017e skledica s pisanim robom<\/title>\n<meta name=\"description\" content=\"Valovita be\u017e skledica s pisanim robom je izdelek pottery art, oblikovanje gline Polone Zajc. To je glinena skledica z valovitim pisanim robom\" \/>\n<meta name=\"robots\" content=\"index, follow, max-snippet:-1, max-image-preview:large, max-video-preview:-1\" \/>\n<link rel=\"canonical\" href=\"https:\/\/potteryart.eu\/en_gb\/spletna-trgovina\/unikatni-loncarski-izdelki-iz-kamenine\/unikatni-loncarski-izdelki-iz-keramike\/valovita-bez-skledica-s-pisanim-robom\/\" \/>\n<meta property=\"og:locale\" content=\"en_GB\" \/>\n<meta property=\"og:type\" content=\"article\" \/>\n<meta property=\"og:title\" content=\"Valovita be\u017e skledica s pisanim robom\" \/>\n<meta property=\"og:description\" content=\"Valovita be\u017e skledica s pisanim robom je izdelek pottery art, oblikovanje gline Polone Zajc. To je glinena skledica z valovitim pisanim robom\" \/>\n<meta property=\"og:url\" content=\"https:\/\/potteryart.eu\/en_gb\/spletna-trgovina\/unikatni-loncarski-izdelki-iz-kamenine\/unikatni-loncarski-izdelki-iz-keramike\/valovita-bez-skledica-s-pisanim-robom\/\" \/>\n<meta property=\"og:site_name\" content=\"Zajc Polona\" \/>\n<meta property=\"article:modified_time\" content=\"2023-05-17T10:53:19+00:00\" \/>\n<meta property=\"og:image\" content=\"https:\/\/potteryart.eu\/wp-content\/uploads\/2023\/05\/skledica-valovita3-scaled.jpg\" \/>\n\t<meta property=\"og:image:width\" content=\"1920\" \/>\n\t<meta property=\"og:image:height\" content=\"2560\" \/>\n\t<meta property=\"og:image:type\" content=\"image\/jpeg\" \/>\n<meta name=\"twitter:card\" content=\"summary_large_image\" \/>\n<meta name=\"twitter:label1\" content=\"Estimated reading time\" \/>\n\t<meta name=\"twitter:data1\" content=\"2 minutes\" \/>\n<script type=\"application\/ld+json\" class=\"yoast-schema-graph\">{\"@context\":\"https:\\\/\\\/schema.org\",\"@graph\":[{\"@type\":\"WebPage\",\"@id\":\"https:\\\/\\\/potteryart.eu\\\/spletna-trgovina\\\/unikatni-loncarski-izdelki-iz-kamenine\\\/unikatni-loncarski-izdelki-iz-keramike\\\/valovita-bez-skledica-s-pisanim-robom\\\/\",\"url\":\"https:\\\/\\\/potteryart.eu\\\/spletna-trgovina\\\/unikatni-loncarski-izdelki-iz-kamenine\\\/unikatni-loncarski-izdelki-iz-keramike\\\/valovita-bez-skledica-s-pisanim-robom\\\/\",\"name\":\"Valovita be\u017e skledica s pisanim robom\",\"isPartOf\":{\"@id\":\"https:\\\/\\\/potteryart.eu\\\/#website\"},\"primaryImageOfPage\":{\"@id\":\"https:\\\/\\\/potteryart.eu\\\/spletna-trgovina\\\/unikatni-loncarski-izdelki-iz-kamenine\\\/unikatni-loncarski-izdelki-iz-keramike\\\/valovita-bez-skledica-s-pisanim-robom\\\/#primaryimage\"},\"image\":{\"@id\":\"https:\\\/\\\/potteryart.eu\\\/spletna-trgovina\\\/unikatni-loncarski-izdelki-iz-kamenine\\\/unikatni-loncarski-izdelki-iz-keramike\\\/valovita-bez-skledica-s-pisanim-robom\\\/#primaryimage\"},\"thumbnailUrl\":\"https:\\\/\\\/potteryart.eu\\\/wp-content\\\/uploads\\\/2023\\\/05\\\/skledica-valovita3-scaled.jpg\",\"datePublished\":\"2023-05-17T10:35:52+00:00\",\"dateModified\":\"2023-05-17T10:53:19+00:00\",\"description\":\"Valovita be\u017e skledica s pisanim robom je izdelek pottery art, oblikovanje gline Polone Zajc. To je glinena skledica z valovitim pisanim robom\",\"breadcrumb\":{\"@id\":\"https:\\\/\\\/potteryart.eu\\\/spletna-trgovina\\\/unikatni-loncarski-izdelki-iz-kamenine\\\/unikatni-loncarski-izdelki-iz-keramike\\\/valovita-bez-skledica-s-pisanim-robom\\\/#breadcrumb\"},\"inLanguage\":\"en-GB\",\"potentialAction\":[{\"@type\":\"ReadAction\",\"target\":[\"https:\\\/\\\/potteryart.eu\\\/spletna-trgovina\\\/unikatni-loncarski-izdelki-iz-kamenine\\\/unikatni-loncarski-izdelki-iz-keramike\\\/valovita-bez-skledica-s-pisanim-robom\\\/\"]}]},{\"@type\":\"ImageObject\",\"inLanguage\":\"en-GB\",\"@id\":\"https:\\\/\\\/potteryart.eu\\\/spletna-trgovina\\\/unikatni-loncarski-izdelki-iz-kamenine\\\/unikatni-loncarski-izdelki-iz-keramike\\\/valovita-bez-skledica-s-pisanim-robom\\\/#primaryimage\",\"url\":\"https:\\\/\\\/potteryart.eu\\\/wp-content\\\/uploads\\\/2023\\\/05\\\/skledica-valovita3-scaled.jpg\",\"contentUrl\":\"https:\\\/\\\/potteryart.eu\\\/wp-content\\\/uploads\\\/2023\\\/05\\\/skledica-valovita3-scaled.jpg\",\"width\":1920,\"height\":2560,\"caption\":\"valovita be\u017e skledica s pisanim robom, pottery art, glinena skledica z valovitim pisanim robom\"},{\"@type\":\"BreadcrumbList\",\"@id\":\"https:\\\/\\\/potteryart.eu\\\/spletna-trgovina\\\/unikatni-loncarski-izdelki-iz-kamenine\\\/unikatni-loncarski-izdelki-iz-keramike\\\/valovita-bez-skledica-s-pisanim-robom\\\/#breadcrumb\",\"itemListElement\":[{\"@type\":\"ListItem\",\"position\":1,\"name\":\"Home\",\"item\":\"https:\\\/\\\/potteryart.eu\\\/\"},{\"@type\":\"ListItem\",\"position\":2,\"name\":\"Spletna trgovina\",\"item\":\"https:\\\/\\\/potteryart.eu\\\/spletna-trgovina\\\/\"},{\"@type\":\"ListItem\",\"position\":3,\"name\":\"Valovita be\u017e skledica s pisanim robom\"}]},{\"@type\":\"WebSite\",\"@id\":\"https:\\\/\\\/potteryart.eu\\\/#website\",\"url\":\"https:\\\/\\\/potteryart.eu\\\/\",\"name\":\"Zajc Polona\",\"description\":\"\",\"publisher\":{\"@id\":\"https:\\\/\\\/potteryart.eu\\\/#\\\/schema\\\/person\\\/819de6034d3dd0bbdcc3a95a0b6c7e4d\"},\"potentialAction\":[{\"@type\":\"SearchAction\",\"target\":{\"@type\":\"EntryPoint\",\"urlTemplate\":\"https:\\\/\\\/potteryart.eu\\\/?s={search_term_string}\"},\"query-input\":{\"@type\":\"PropertyValueSpecification\",\"valueRequired\":true,\"valueName\":\"search_term_string\"}}],\"inLanguage\":\"en-GB\"},{\"@type\":[\"Person\",\"Organization\"],\"@id\":\"https:\\\/\\\/potteryart.eu\\\/#\\\/schema\\\/person\\\/819de6034d3dd0bbdcc3a95a0b6c7e4d\",\"name\":\"polonazajc_admin\",\"image\":{\"@type\":\"ImageObject\",\"inLanguage\":\"en-GB\",\"@id\":\"https:\\\/\\\/potteryart.eu\\\/wp-content\\\/uploads\\\/2020\\\/12\\\/cropped-Logo-1.png\",\"url\":\"https:\\\/\\\/potteryart.eu\\\/wp-content\\\/uploads\\\/2020\\\/12\\\/cropped-Logo-1.png\",\"contentUrl\":\"https:\\\/\\\/potteryart.eu\\\/wp-content\\\/uploads\\\/2020\\\/12\\\/cropped-Logo-1.png\",\"width\":2113,\"height\":280,\"caption\":\"polonazajc_admin\"},\"logo\":{\"@id\":\"https:\\\/\\\/potteryart.eu\\\/wp-content\\\/uploads\\\/2020\\\/12\\\/cropped-Logo-1.png\"}}]}<\/script>\n<!-- \/ Yoast SEO Premium plugin. -->","yoast_head_json":{"title":"Corrugated beige bowl with coloured rim","description":"Valovita be\u017e skledica s pisanim robom je izdelek pottery art, oblikovanje gline Polone Zajc. To je glinena skledica z valovitim pisanim robom","robots":{"index":"index","follow":"follow","max-snippet":"max-snippet:-1","max-image-preview":"max-image-preview:large","max-video-preview":"max-video-preview:-1"},"canonical":"https:\/\/potteryart.eu\/en_gb\/spletna-trgovina\/unikatni-loncarski-izdelki-iz-kamenine\/unikatni-loncarski-izdelki-iz-keramike\/valovita-bez-skledica-s-pisanim-robom\/","og_locale":"en_GB","og_type":"article","og_title":"Valovita be\u017e skledica s pisanim robom","og_description":"Valovita be\u017e skledica s pisanim robom je izdelek pottery art, oblikovanje gline Polone Zajc. To je glinena skledica z valovitim pisanim robom","og_url":"https:\/\/potteryart.eu\/en_gb\/spletna-trgovina\/unikatni-loncarski-izdelki-iz-kamenine\/unikatni-loncarski-izdelki-iz-keramike\/valovita-bez-skledica-s-pisanim-robom\/","og_site_name":"Zajc Polona","article_modified_time":"2023-05-17T10:53:19+00:00","og_image":[{"width":1920,"height":2560,"url":"https:\/\/potteryart.eu\/wp-content\/uploads\/2023\/05\/skledica-valovita3-scaled.jpg","type":"image\/jpeg"}],"twitter_card":"summary_large_image","twitter_misc":{"Estimated reading time":"2 minutes"},"schema":{"@context":"https:\/\/schema.org","@graph":[{"@type":"WebPage","@id":"https:\/\/potteryart.eu\/spletna-trgovina\/unikatni-loncarski-izdelki-iz-kamenine\/unikatni-loncarski-izdelki-iz-keramike\/valovita-bez-skledica-s-pisanim-robom\/","url":"https:\/\/potteryart.eu\/spletna-trgovina\/unikatni-loncarski-izdelki-iz-kamenine\/unikatni-loncarski-izdelki-iz-keramike\/valovita-bez-skledica-s-pisanim-robom\/","name":"Corrugated beige bowl with coloured rim","isPartOf":{"@id":"https:\/\/potteryart.eu\/#website"},"primaryImageOfPage":{"@id":"https:\/\/potteryart.eu\/spletna-trgovina\/unikatni-loncarski-izdelki-iz-kamenine\/unikatni-loncarski-izdelki-iz-keramike\/valovita-bez-skledica-s-pisanim-robom\/#primaryimage"},"image":{"@id":"https:\/\/potteryart.eu\/spletna-trgovina\/unikatni-loncarski-izdelki-iz-kamenine\/unikatni-loncarski-izdelki-iz-keramike\/valovita-bez-skledica-s-pisanim-robom\/#primaryimage"},"thumbnailUrl":"https:\/\/potteryart.eu\/wp-content\/uploads\/2023\/05\/skledica-valovita3-scaled.jpg","datePublished":"2023-05-17T10:35:52+00:00","dateModified":"2023-05-17T10:53:19+00:00","description":"Valovita be\u017e skledica s pisanim robom je izdelek pottery art, oblikovanje gline Polone Zajc. To je glinena skledica z valovitim pisanim robom","breadcrumb":{"@id":"https:\/\/potteryart.eu\/spletna-trgovina\/unikatni-loncarski-izdelki-iz-kamenine\/unikatni-loncarski-izdelki-iz-keramike\/valovita-bez-skledica-s-pisanim-robom\/#breadcrumb"},"inLanguage":"en-GB","potentialAction":[{"@type":"ReadAction","target":["https:\/\/potteryart.eu\/spletna-trgovina\/unikatni-loncarski-izdelki-iz-kamenine\/unikatni-loncarski-izdelki-iz-keramike\/valovita-bez-skledica-s-pisanim-robom\/"]}]},{"@type":"ImageObject","inLanguage":"en-GB","@id":"https:\/\/potteryart.eu\/spletna-trgovina\/unikatni-loncarski-izdelki-iz-kamenine\/unikatni-loncarski-izdelki-iz-keramike\/valovita-bez-skledica-s-pisanim-robom\/#primaryimage","url":"https:\/\/potteryart.eu\/wp-content\/uploads\/2023\/05\/skledica-valovita3-scaled.jpg","contentUrl":"https:\/\/potteryart.eu\/wp-content\/uploads\/2023\/05\/skledica-valovita3-scaled.jpg","width":1920,"height":2560,"caption":"valovita be\u017e skledica s pisanim robom, pottery art, glinena skledica z valovitim pisanim robom"},{"@type":"BreadcrumbList","@id":"https:\/\/potteryart.eu\/spletna-trgovina\/unikatni-loncarski-izdelki-iz-kamenine\/unikatni-loncarski-izdelki-iz-keramike\/valovita-bez-skledica-s-pisanim-robom\/#breadcrumb","itemListElement":[{"@type":"ListItem","position":1,"name":"Home","item":"https:\/\/potteryart.eu\/"},{"@type":"ListItem","position":2,"name":"Spletna trgovina","item":"https:\/\/potteryart.eu\/spletna-trgovina\/"},{"@type":"ListItem","position":3,"name":"Valovita be\u017e skledica s pisanim robom"}]},{"@type":"WebSite","@id":"https:\/\/potteryart.eu\/#website","url":"https:\/\/potteryart.eu\/","name":"Zajc Polona","description":"","publisher":{"@id":"https:\/\/potteryart.eu\/#\/schema\/person\/819de6034d3dd0bbdcc3a95a0b6c7e4d"},"potentialAction":[{"@type":"SearchAction","target":{"@type":"EntryPoint","urlTemplate":"https:\/\/potteryart.eu\/?s={search_term_string}"},"query-input":{"@type":"PropertyValueSpecification","valueRequired":true,"valueName":"search_term_string"}}],"inLanguage":"en-GB"},{"@type":["Person","Organization"],"@id":"https:\/\/potteryart.eu\/#\/schema\/person\/819de6034d3dd0bbdcc3a95a0b6c7e4d","name":"polonazajc_admin","image":{"@type":"ImageObject","inLanguage":"en-GB","@id":"https:\/\/potteryart.eu\/wp-content\/uploads\/2020\/12\/cropped-Logo-1.png","url":"https:\/\/potteryart.eu\/wp-content\/uploads\/2020\/12\/cropped-Logo-1.png","contentUrl":"https:\/\/potteryart.eu\/wp-content\/uploads\/2020\/12\/cropped-Logo-1.png","width":2113,"height":280,"caption":"polonazajc_admin"},"logo":{"@id":"https:\/\/potteryart.eu\/wp-content\/uploads\/2020\/12\/cropped-Logo-1.png"}}]}},"_links":{"self":[{"href":"https:\/\/potteryart.eu\/en_gb\/wp-json\/wp\/v2\/product\/2525","targetHints":{"allow":["GET"]}}],"collection":[{"href":"https:\/\/potteryart.eu\/en_gb\/wp-json\/wp\/v2\/product"}],"about":[{"href":"https:\/\/potteryart.eu\/en_gb\/wp-json\/wp\/v2\/types\/product"}],"replies":[{"embeddable":true,"href":"https:\/\/potteryart.eu\/en_gb\/wp-json\/wp\/v2\/comments?post=2525"}],"wp:featuredmedia":[{"embeddable":true,"href":"https:\/\/potteryart.eu\/en_gb\/wp-json\/wp\/v2\/media\/2506"}],"wp:attachment":[{"href":"https:\/\/potteryart.eu\/en_gb\/wp-json\/wp\/v2\/media?parent=2525"}],"wp:term":[{"taxonomy":"product_brand","embeddable":true,"href":"https:\/\/potteryart.eu\/en_gb\/wp-json\/wp\/v2\/product_brand?post=2525"},{"taxonomy":"product_cat","embeddable":true,"href":"https:\/\/potteryart.eu\/en_gb\/wp-json\/wp\/v2\/product_cat?post=2525"},{"taxonomy":"product_tag","embeddable":true,"href":"https:\/\/potteryart.eu\/en_gb\/wp-json\/wp\/v2\/product_tag?post=2525"}],"curies":[{"name":"wp","href":"https:\/\/api.w.org\/{rel}","templated":true}]}}