{"id":259,"date":"2020-12-27T09:42:58","date_gmt":"2020-12-27T08:42:58","guid":{"rendered":"https:\/\/potteryart.eu\/izdelek\/potinica-1003\/"},"modified":"2024-12-18T14:38:40","modified_gmt":"2024-12-18T13:38:40","slug":"rocno-izdelan-mali-pekac-za-potico-1003","status":"publish","type":"product","link":"https:\/\/potteryart.eu\/en_gb\/spletna-trgovina\/unikatni-loncarski-izdelki-iz-kamenine\/unikatni-loncarski-izdelki-iz-keramike\/rocno-izdelan-mali-pekac-za-potico-1003\/","title":{"rendered":"Handmade small cake pan 1003"},"content":{"rendered":"<h1>Handmade small cake pan<\/h1>\n<p class=\"translation-block\">Handmade small cake pan is a product of pottery art clay design by Polona Zajc. The small clay pot is made in the traditional way, rolled on a potter's spindle. With a diameter of 16 cm, it is the smallest in the series, but it has all the characteristics and purpose of the large pieces.  It is made of dark brown clay, which guarantees the quality of the product, together with a glaze that does not crack or absorb grease. It is fired at 1050 degrees and glazed on the surfaces where it comes into contact with foodstuffs with a glaze suitable for this purpose (traceability mark LOT16). Diameter 16cm.<\/p>\n<h2>Pottery art clay design by Polona Zajc<\/h2>\n<p class=\"translation-block\">Pottery art clay design by Polona Zajc has a line of clay baking trays for baking cakes in the clay oven baking tray series. This is traditional pottery, rolled on a potter's spindle. The hand-painting gives it a distinctive look. There are four different sizes of cake pans in the line. A smaller ceramic cake pan, a small ceramic cake pan, a medium ceramic cake pan and a large ceramic cake pan. All are made from the highest quality clay, using a traditional process, with thin walls so that the cake bakes well. They are also attractive in their decorative appearance.<\/p>\n<h3>Small ceramic cake tin<\/h3>\n<p>The small ceramic cake pan is a small but equally useful traditional clay cake pan. It is made using the same process as all clay baking trays for baking in the oven. It is shaped on a potter's spindle and painted around the edge with a distinctive pottery art pattern. The sides of the baking tray are thin so that the cake bakes well in the tray. The inner surface is smooth so that food does not stick to the surface. The glaze, which blends well with the clay, and the sufficiently high firing temperature ensure that the interior does not absorb grease and remains in use for a long time. It is dishwasher safe. The high quality of the materials and the traditional craftsmanship make this handmade small cake pan unique.<\/p>","protected":false},"excerpt":{"rendered":"<p>Ro\u010dno izdelan mali peka\u010d za potico Ro\u010dno izdelan mali peka\u010d za potico je izdelek pottery art oblikovanje gline Polone Zajc. Mala poti\u010dnica iz gline je narejena na tradicionalen na\u010din, zvrtena je na lon\u010darskem vretenu. S premerom 16 cm je najmanj\u0161a v seriji poti\u010dnic, vendar pa ima vse karakteristike in namembnost kot velike poti\u010dnice.\u00a0 Narejena je [&hellip;]<\/p>\n","protected":false},"featured_media":398,"comment_status":"open","ping_status":"closed","template":"","meta":[],"product_brand":[],"product_cat":[261,262,263],"product_tag":[22,23,24,21,20],"class_list":{"0":"post-259","1":"product","2":"type-product","3":"status-publish","4":"has-post-thumbnail","6":"product_cat-glineni-pekaci","7":"product_cat-unikatni-loncarski-izdelki-iz-keramike","8":"product_cat-unikatni-loncarski-izdelki-za-kuhinjo","9":"product_tag-darilni-izdelki","10":"product_tag-gospodinjstvo","11":"product_tag-hrana","12":"product_tag-pekac","13":"product_tag-poticnica","14":"product_shipping_class-1kg","16":"first","17":"instock","18":"purchasable","19":"product-type-simple"},"yoast_head":"<!-- This site is optimized with the Yoast SEO Premium plugin v27.4 (Yoast SEO v27.4) - https:\/\/yoast.com\/product\/yoast-seo-premium-wordpress\/ -->\n<title>Ro\u010dno izdelan mali peka\u010d za potico<\/title>\n<meta name=\"description\" content=\"Ro\u010dno izdelan mali peka\u010d za potico je izdelek pottery art oblikovanje gline Polone Zajc, to je mali kerami\u010dni peka\u010d za potico\" \/>\n<meta name=\"robots\" content=\"index, follow, max-snippet:-1, max-image-preview:large, max-video-preview:-1\" \/>\n<link rel=\"canonical\" href=\"https:\/\/potteryart.eu\/en_gb\/spletna-trgovina\/unikatni-loncarski-izdelki-iz-kamenine\/unikatni-loncarski-izdelki-iz-keramike\/rocno-izdelan-mali-pekac-za-potico-1003\/\" \/>\n<meta property=\"og:locale\" content=\"en_GB\" \/>\n<meta property=\"og:type\" content=\"article\" \/>\n<meta property=\"og:title\" content=\"Ro\u010dno izdelan mali peka\u010d za potico 1003\" \/>\n<meta property=\"og:description\" content=\"Ro\u010dno izdelan mali peka\u010d za potico je izdelek pottery art oblikovanje gline Polone Zajc, to je mali kerami\u010dni peka\u010d za potico\" \/>\n<meta property=\"og:url\" content=\"https:\/\/potteryart.eu\/en_gb\/spletna-trgovina\/unikatni-loncarski-izdelki-iz-kamenine\/unikatni-loncarski-izdelki-iz-keramike\/rocno-izdelan-mali-pekac-za-potico-1003\/\" \/>\n<meta property=\"og:site_name\" content=\"Zajc Polona\" \/>\n<meta property=\"article:modified_time\" content=\"2024-12-18T13:38:40+00:00\" \/>\n<meta property=\"og:image\" content=\"https:\/\/potteryart.eu\/wp-content\/uploads\/2020\/12\/1003-scaled.jpg\" \/>\n\t<meta property=\"og:image:width\" content=\"2560\" \/>\n\t<meta property=\"og:image:height\" content=\"1920\" \/>\n\t<meta property=\"og:image:type\" content=\"image\/jpeg\" \/>\n<meta name=\"twitter:card\" content=\"summary_large_image\" \/>\n<meta name=\"twitter:label1\" content=\"Estimated reading time\" \/>\n\t<meta name=\"twitter:data1\" content=\"2 minutes\" \/>\n<script type=\"application\/ld+json\" class=\"yoast-schema-graph\">{\"@context\":\"https:\\\/\\\/schema.org\",\"@graph\":[{\"@type\":\"WebPage\",\"@id\":\"https:\\\/\\\/potteryart.eu\\\/spletna-trgovina\\\/unikatni-loncarski-izdelki-iz-kamenine\\\/unikatni-loncarski-izdelki-iz-keramike\\\/rocno-izdelan-mali-pekac-za-potico-1003\\\/\",\"url\":\"https:\\\/\\\/potteryart.eu\\\/spletna-trgovina\\\/unikatni-loncarski-izdelki-iz-kamenine\\\/unikatni-loncarski-izdelki-iz-keramike\\\/rocno-izdelan-mali-pekac-za-potico-1003\\\/\",\"name\":\"Ro\u010dno izdelan mali peka\u010d za potico\",\"isPartOf\":{\"@id\":\"https:\\\/\\\/potteryart.eu\\\/#website\"},\"primaryImageOfPage\":{\"@id\":\"https:\\\/\\\/potteryart.eu\\\/spletna-trgovina\\\/unikatni-loncarski-izdelki-iz-kamenine\\\/unikatni-loncarski-izdelki-iz-keramike\\\/rocno-izdelan-mali-pekac-za-potico-1003\\\/#primaryimage\"},\"image\":{\"@id\":\"https:\\\/\\\/potteryart.eu\\\/spletna-trgovina\\\/unikatni-loncarski-izdelki-iz-kamenine\\\/unikatni-loncarski-izdelki-iz-keramike\\\/rocno-izdelan-mali-pekac-za-potico-1003\\\/#primaryimage\"},\"thumbnailUrl\":\"https:\\\/\\\/potteryart.eu\\\/wp-content\\\/uploads\\\/2020\\\/12\\\/1003-scaled.jpg\",\"datePublished\":\"2020-12-27T08:42:58+00:00\",\"dateModified\":\"2024-12-18T13:38:40+00:00\",\"description\":\"Ro\u010dno izdelan mali peka\u010d za potico je izdelek pottery art oblikovanje gline Polone Zajc, to je mali kerami\u010dni peka\u010d za potico\",\"breadcrumb\":{\"@id\":\"https:\\\/\\\/potteryart.eu\\\/spletna-trgovina\\\/unikatni-loncarski-izdelki-iz-kamenine\\\/unikatni-loncarski-izdelki-iz-keramike\\\/rocno-izdelan-mali-pekac-za-potico-1003\\\/#breadcrumb\"},\"inLanguage\":\"en-GB\",\"potentialAction\":[{\"@type\":\"ReadAction\",\"target\":[\"https:\\\/\\\/potteryart.eu\\\/spletna-trgovina\\\/unikatni-loncarski-izdelki-iz-kamenine\\\/unikatni-loncarski-izdelki-iz-keramike\\\/rocno-izdelan-mali-pekac-za-potico-1003\\\/\"]}]},{\"@type\":\"ImageObject\",\"inLanguage\":\"en-GB\",\"@id\":\"https:\\\/\\\/potteryart.eu\\\/spletna-trgovina\\\/unikatni-loncarski-izdelki-iz-kamenine\\\/unikatni-loncarski-izdelki-iz-keramike\\\/rocno-izdelan-mali-pekac-za-potico-1003\\\/#primaryimage\",\"url\":\"https:\\\/\\\/potteryart.eu\\\/wp-content\\\/uploads\\\/2020\\\/12\\\/1003-scaled.jpg\",\"contentUrl\":\"https:\\\/\\\/potteryart.eu\\\/wp-content\\\/uploads\\\/2020\\\/12\\\/1003-scaled.jpg\",\"width\":2560,\"height\":1920,\"caption\":\"Ro\u010dno izdelan mali peka\u010d za potico, pottery art oblikovanje gline Polone Zajc, mali kerami\u010dni peka\u010d za potico\"},{\"@type\":\"BreadcrumbList\",\"@id\":\"https:\\\/\\\/potteryart.eu\\\/spletna-trgovina\\\/unikatni-loncarski-izdelki-iz-kamenine\\\/unikatni-loncarski-izdelki-iz-keramike\\\/rocno-izdelan-mali-pekac-za-potico-1003\\\/#breadcrumb\",\"itemListElement\":[{\"@type\":\"ListItem\",\"position\":1,\"name\":\"Home\",\"item\":\"https:\\\/\\\/potteryart.eu\\\/\"},{\"@type\":\"ListItem\",\"position\":2,\"name\":\"Spletna trgovina\",\"item\":\"https:\\\/\\\/potteryart.eu\\\/spletna-trgovina\\\/\"},{\"@type\":\"ListItem\",\"position\":3,\"name\":\"Ro\u010dno izdelan mali peka\u010d za potico 1003\"}]},{\"@type\":\"WebSite\",\"@id\":\"https:\\\/\\\/potteryart.eu\\\/#website\",\"url\":\"https:\\\/\\\/potteryart.eu\\\/\",\"name\":\"Zajc Polona\",\"description\":\"\",\"publisher\":{\"@id\":\"https:\\\/\\\/potteryart.eu\\\/#\\\/schema\\\/person\\\/819de6034d3dd0bbdcc3a95a0b6c7e4d\"},\"potentialAction\":[{\"@type\":\"SearchAction\",\"target\":{\"@type\":\"EntryPoint\",\"urlTemplate\":\"https:\\\/\\\/potteryart.eu\\\/?s={search_term_string}\"},\"query-input\":{\"@type\":\"PropertyValueSpecification\",\"valueRequired\":true,\"valueName\":\"search_term_string\"}}],\"inLanguage\":\"en-GB\"},{\"@type\":[\"Person\",\"Organization\"],\"@id\":\"https:\\\/\\\/potteryart.eu\\\/#\\\/schema\\\/person\\\/819de6034d3dd0bbdcc3a95a0b6c7e4d\",\"name\":\"polonazajc_admin\",\"image\":{\"@type\":\"ImageObject\",\"inLanguage\":\"en-GB\",\"@id\":\"https:\\\/\\\/potteryart.eu\\\/wp-content\\\/uploads\\\/2020\\\/12\\\/cropped-Logo-1.png\",\"url\":\"https:\\\/\\\/potteryart.eu\\\/wp-content\\\/uploads\\\/2020\\\/12\\\/cropped-Logo-1.png\",\"contentUrl\":\"https:\\\/\\\/potteryart.eu\\\/wp-content\\\/uploads\\\/2020\\\/12\\\/cropped-Logo-1.png\",\"width\":2113,\"height\":280,\"caption\":\"polonazajc_admin\"},\"logo\":{\"@id\":\"https:\\\/\\\/potteryart.eu\\\/wp-content\\\/uploads\\\/2020\\\/12\\\/cropped-Logo-1.png\"}}]}<\/script>\n<!-- \/ Yoast SEO Premium plugin. -->","yoast_head_json":{"title":"Handmade small cake pan","description":"Ro\u010dno izdelan mali peka\u010d za potico je izdelek pottery art oblikovanje gline Polone Zajc, to je mali kerami\u010dni peka\u010d za potico","robots":{"index":"index","follow":"follow","max-snippet":"max-snippet:-1","max-image-preview":"max-image-preview:large","max-video-preview":"max-video-preview:-1"},"canonical":"https:\/\/potteryart.eu\/en_gb\/spletna-trgovina\/unikatni-loncarski-izdelki-iz-kamenine\/unikatni-loncarski-izdelki-iz-keramike\/rocno-izdelan-mali-pekac-za-potico-1003\/","og_locale":"en_GB","og_type":"article","og_title":"Ro\u010dno izdelan mali peka\u010d za potico 1003","og_description":"Ro\u010dno izdelan mali peka\u010d za potico je izdelek pottery art oblikovanje gline Polone Zajc, to je mali kerami\u010dni peka\u010d za potico","og_url":"https:\/\/potteryart.eu\/en_gb\/spletna-trgovina\/unikatni-loncarski-izdelki-iz-kamenine\/unikatni-loncarski-izdelki-iz-keramike\/rocno-izdelan-mali-pekac-za-potico-1003\/","og_site_name":"Zajc Polona","article_modified_time":"2024-12-18T13:38:40+00:00","og_image":[{"width":2560,"height":1920,"url":"https:\/\/potteryart.eu\/wp-content\/uploads\/2020\/12\/1003-scaled.jpg","type":"image\/jpeg"}],"twitter_card":"summary_large_image","twitter_misc":{"Estimated reading time":"2 minutes"},"schema":{"@context":"https:\/\/schema.org","@graph":[{"@type":"WebPage","@id":"https:\/\/potteryart.eu\/spletna-trgovina\/unikatni-loncarski-izdelki-iz-kamenine\/unikatni-loncarski-izdelki-iz-keramike\/rocno-izdelan-mali-pekac-za-potico-1003\/","url":"https:\/\/potteryart.eu\/spletna-trgovina\/unikatni-loncarski-izdelki-iz-kamenine\/unikatni-loncarski-izdelki-iz-keramike\/rocno-izdelan-mali-pekac-za-potico-1003\/","name":"Handmade small cake pan","isPartOf":{"@id":"https:\/\/potteryart.eu\/#website"},"primaryImageOfPage":{"@id":"https:\/\/potteryart.eu\/spletna-trgovina\/unikatni-loncarski-izdelki-iz-kamenine\/unikatni-loncarski-izdelki-iz-keramike\/rocno-izdelan-mali-pekac-za-potico-1003\/#primaryimage"},"image":{"@id":"https:\/\/potteryart.eu\/spletna-trgovina\/unikatni-loncarski-izdelki-iz-kamenine\/unikatni-loncarski-izdelki-iz-keramike\/rocno-izdelan-mali-pekac-za-potico-1003\/#primaryimage"},"thumbnailUrl":"https:\/\/potteryart.eu\/wp-content\/uploads\/2020\/12\/1003-scaled.jpg","datePublished":"2020-12-27T08:42:58+00:00","dateModified":"2024-12-18T13:38:40+00:00","description":"Ro\u010dno izdelan mali peka\u010d za potico je izdelek pottery art oblikovanje gline Polone Zajc, to je mali kerami\u010dni peka\u010d za potico","breadcrumb":{"@id":"https:\/\/potteryart.eu\/spletna-trgovina\/unikatni-loncarski-izdelki-iz-kamenine\/unikatni-loncarski-izdelki-iz-keramike\/rocno-izdelan-mali-pekac-za-potico-1003\/#breadcrumb"},"inLanguage":"en-GB","potentialAction":[{"@type":"ReadAction","target":["https:\/\/potteryart.eu\/spletna-trgovina\/unikatni-loncarski-izdelki-iz-kamenine\/unikatni-loncarski-izdelki-iz-keramike\/rocno-izdelan-mali-pekac-za-potico-1003\/"]}]},{"@type":"ImageObject","inLanguage":"en-GB","@id":"https:\/\/potteryart.eu\/spletna-trgovina\/unikatni-loncarski-izdelki-iz-kamenine\/unikatni-loncarski-izdelki-iz-keramike\/rocno-izdelan-mali-pekac-za-potico-1003\/#primaryimage","url":"https:\/\/potteryart.eu\/wp-content\/uploads\/2020\/12\/1003-scaled.jpg","contentUrl":"https:\/\/potteryart.eu\/wp-content\/uploads\/2020\/12\/1003-scaled.jpg","width":2560,"height":1920,"caption":"Ro\u010dno izdelan mali peka\u010d za potico, pottery art oblikovanje gline Polone Zajc, mali kerami\u010dni peka\u010d za potico"},{"@type":"BreadcrumbList","@id":"https:\/\/potteryart.eu\/spletna-trgovina\/unikatni-loncarski-izdelki-iz-kamenine\/unikatni-loncarski-izdelki-iz-keramike\/rocno-izdelan-mali-pekac-za-potico-1003\/#breadcrumb","itemListElement":[{"@type":"ListItem","position":1,"name":"Home","item":"https:\/\/potteryart.eu\/"},{"@type":"ListItem","position":2,"name":"Spletna trgovina","item":"https:\/\/potteryart.eu\/spletna-trgovina\/"},{"@type":"ListItem","position":3,"name":"Ro\u010dno izdelan mali peka\u010d za potico 1003"}]},{"@type":"WebSite","@id":"https:\/\/potteryart.eu\/#website","url":"https:\/\/potteryart.eu\/","name":"Zajc Polona","description":"","publisher":{"@id":"https:\/\/potteryart.eu\/#\/schema\/person\/819de6034d3dd0bbdcc3a95a0b6c7e4d"},"potentialAction":[{"@type":"SearchAction","target":{"@type":"EntryPoint","urlTemplate":"https:\/\/potteryart.eu\/?s={search_term_string}"},"query-input":{"@type":"PropertyValueSpecification","valueRequired":true,"valueName":"search_term_string"}}],"inLanguage":"en-GB"},{"@type":["Person","Organization"],"@id":"https:\/\/potteryart.eu\/#\/schema\/person\/819de6034d3dd0bbdcc3a95a0b6c7e4d","name":"polonazajc_admin","image":{"@type":"ImageObject","inLanguage":"en-GB","@id":"https:\/\/potteryart.eu\/wp-content\/uploads\/2020\/12\/cropped-Logo-1.png","url":"https:\/\/potteryart.eu\/wp-content\/uploads\/2020\/12\/cropped-Logo-1.png","contentUrl":"https:\/\/potteryart.eu\/wp-content\/uploads\/2020\/12\/cropped-Logo-1.png","width":2113,"height":280,"caption":"polonazajc_admin"},"logo":{"@id":"https:\/\/potteryart.eu\/wp-content\/uploads\/2020\/12\/cropped-Logo-1.png"}}]}},"_links":{"self":[{"href":"https:\/\/potteryart.eu\/en_gb\/wp-json\/wp\/v2\/product\/259","targetHints":{"allow":["GET"]}}],"collection":[{"href":"https:\/\/potteryart.eu\/en_gb\/wp-json\/wp\/v2\/product"}],"about":[{"href":"https:\/\/potteryart.eu\/en_gb\/wp-json\/wp\/v2\/types\/product"}],"replies":[{"embeddable":true,"href":"https:\/\/potteryart.eu\/en_gb\/wp-json\/wp\/v2\/comments?post=259"}],"wp:featuredmedia":[{"embeddable":true,"href":"https:\/\/potteryart.eu\/en_gb\/wp-json\/wp\/v2\/media\/398"}],"wp:attachment":[{"href":"https:\/\/potteryart.eu\/en_gb\/wp-json\/wp\/v2\/media?parent=259"}],"wp:term":[{"taxonomy":"product_brand","embeddable":true,"href":"https:\/\/potteryart.eu\/en_gb\/wp-json\/wp\/v2\/product_brand?post=259"},{"taxonomy":"product_cat","embeddable":true,"href":"https:\/\/potteryart.eu\/en_gb\/wp-json\/wp\/v2\/product_cat?post=259"},{"taxonomy":"product_tag","embeddable":true,"href":"https:\/\/potteryart.eu\/en_gb\/wp-json\/wp\/v2\/product_tag?post=259"}],"curies":[{"name":"wp","href":"https:\/\/api.w.org\/{rel}","templated":true}]}}