{"id":262,"date":"2020-12-27T09:42:59","date_gmt":"2020-12-27T08:42:59","guid":{"rendered":"https:\/\/potteryart.eu\/izdelek\/peka-1006\/"},"modified":"2023-01-08T14:26:01","modified_gmt":"2023-01-08T13:26:01","slug":"rocno-izdelan-ovalen-pekac-z-roci-1006","status":"publish","type":"product","link":"https:\/\/potteryart.eu\/en_gb\/spletna-trgovina\/unikatni-loncarski-izdelki-iz-kamenine\/unikatni-loncarski-izdelki-iz-keramike\/rocno-izdelan-ovalen-pekac-z-roci-1006\/","title":{"rendered":"Handmade oval baking tray with handles"},"content":{"rendered":"<h1>Handmade oval baking tray with handles<\/h1>\n<p class=\"translation-block\">Handmade oval baking tray with handles is a product of pottery art clay design by Polona Zajc from the series clay baking trays for baking in the oven. The clay baking tray with handles is designed for baking one portion. It is made by hand, on a pottery spindle, from dark brown clay, which tolerates temperature fluctuations well when baked in the oven. It is hand-painted and glazed on the food contact surfaces with a glaze certified for household use (traceability mark LOT 16). It is fired at a temperature of 1050 \u00b0C. It is dishwasher safe. Length 16cm, width 13cm.<\/p>\n<h2>Pottery art clay design by Polona Zajc<\/h2>\n<p>Pottery art clay design by Polona Zajc has a series of clay baking trays for baking in the oven in the ceramic collection. The smallest of them is a small ceramic oval baking tray. The series includes round and oblong cake pans, oval cake pans with or without lids, round cake pans and square cake pans. They are designed for a variety of household applications. With their rustic appearance and high quality, they meet all standards of use.<\/p>\n<h3>Small ceramic oval baking tray<\/h3>\n<p>The small ceramic oval baking tray is the smallest in the clay oven baking tray series. It is designed to prepare food for one person. The small oval baking tray with handles is made in the traditional way. It is spun on a potter's spindle and, after a short drying process, it is transformed into an oval shape. Two handles have been added to make it easier to use. It is made of good quality clay which can withstand the temperature fluctuations of baking in the oven, ensuring that the ceramic does not crack. It is glazed with a glaze adapted to the clay, so the baking tray does not absorb grease and is designed for long-lasting use. The interior of the baking tray is smooth, which prevents food from sticking to it. It is dishwasher safe, which adds to the practicality of use. The small ceramic oval baking tray is hand-painted, with its rustic look and high quality of use it is a unique product of the pottery art clay design of Polona Zajc.<\/p>\n<p>&nbsp;<\/p>","protected":false},"excerpt":{"rendered":"<p>Ro\u010dno izdelan ovalen peka\u010d z ro\u010di Ro\u010dno izdelan ovalen peka\u010d z ro\u010di je izdelek pottery art oblikovanje gline Polone Zajc iz serije glineni peka\u010di za peko v pe\u010dici. Peka\u010d iz gline z ro\u010di je namenjen za peko ene porcije. Narejen je ro\u010dno, na lon\u010darskem vretenu, iz temnorjave gline, ki dobro prena\u0161a temperaturna nihanja pri peki [&hellip;]<\/p>\n","protected":false},"featured_media":401,"comment_status":"open","ping_status":"closed","template":"","meta":[],"product_brand":[],"product_cat":[261,262,263],"product_tag":[22,23,24,21],"class_list":{"0":"post-262","1":"product","2":"type-product","3":"status-publish","4":"has-post-thumbnail","6":"product_cat-glineni-pekaci","7":"product_cat-unikatni-loncarski-izdelki-iz-keramike","8":"product_cat-unikatni-loncarski-izdelki-za-kuhinjo","9":"product_tag-darilni-izdelki","10":"product_tag-gospodinjstvo","11":"product_tag-hrana","12":"product_tag-pekac","13":"product_shipping_class-1kg","15":"first","16":"instock","17":"purchasable","18":"product-type-simple"},"yoast_head":"<!-- This site is optimized with the Yoast SEO Premium plugin v27.4 (Yoast SEO v27.4) - https:\/\/yoast.com\/product\/yoast-seo-premium-wordpress\/ -->\n<title>Ro\u010dno izdelan ovalen peka\u010d z ro\u010di<\/title>\n<meta name=\"description\" content=\"Ro\u010dno izdelan ovalen peka\u010d z ro\u010di je izdelek pottery art oblikovanje gline Polone Zajc, je mali kerami\u010den ovalen peka\u010d, namenjen eni porciji hrane\" \/>\n<meta name=\"robots\" content=\"index, follow, max-snippet:-1, max-image-preview:large, max-video-preview:-1\" \/>\n<link rel=\"canonical\" href=\"https:\/\/potteryart.eu\/en_gb\/spletna-trgovina\/unikatni-loncarski-izdelki-iz-kamenine\/unikatni-loncarski-izdelki-iz-keramike\/rocno-izdelan-ovalen-pekac-z-roci-1006\/\" \/>\n<meta property=\"og:locale\" content=\"en_GB\" \/>\n<meta property=\"og:type\" content=\"article\" \/>\n<meta property=\"og:title\" content=\"Ro\u010dno izdelan ovalen peka\u010d z ro\u010di 1006\" \/>\n<meta property=\"og:description\" content=\"Ro\u010dno izdelan ovalen peka\u010d z ro\u010di je izdelek pottery art oblikovanje gline Polone Zajc, je mali kerami\u010den ovalen peka\u010d, namenjen eni porciji hrane\" \/>\n<meta property=\"og:url\" content=\"https:\/\/potteryart.eu\/en_gb\/spletna-trgovina\/unikatni-loncarski-izdelki-iz-kamenine\/unikatni-loncarski-izdelki-iz-keramike\/rocno-izdelan-ovalen-pekac-z-roci-1006\/\" \/>\n<meta property=\"og:site_name\" content=\"Zajc Polona\" \/>\n<meta property=\"article:modified_time\" content=\"2023-01-08T13:26:01+00:00\" \/>\n<meta property=\"og:image\" content=\"https:\/\/potteryart.eu\/wp-content\/uploads\/2020\/12\/1006-scaled.jpg\" \/>\n\t<meta property=\"og:image:width\" content=\"2560\" \/>\n\t<meta property=\"og:image:height\" content=\"1920\" \/>\n\t<meta property=\"og:image:type\" content=\"image\/jpeg\" \/>\n<meta name=\"twitter:card\" content=\"summary_large_image\" \/>\n<meta name=\"twitter:label1\" content=\"Estimated reading time\" \/>\n\t<meta name=\"twitter:data1\" content=\"2 minutes\" \/>\n<script type=\"application\/ld+json\" class=\"yoast-schema-graph\">{\"@context\":\"https:\\\/\\\/schema.org\",\"@graph\":[{\"@type\":\"WebPage\",\"@id\":\"https:\\\/\\\/potteryart.eu\\\/spletna-trgovina\\\/unikatni-loncarski-izdelki-iz-kamenine\\\/unikatni-loncarski-izdelki-iz-keramike\\\/rocno-izdelan-ovalen-pekac-z-roci-1006\\\/\",\"url\":\"https:\\\/\\\/potteryart.eu\\\/spletna-trgovina\\\/unikatni-loncarski-izdelki-iz-kamenine\\\/unikatni-loncarski-izdelki-iz-keramike\\\/rocno-izdelan-ovalen-pekac-z-roci-1006\\\/\",\"name\":\"Ro\u010dno izdelan ovalen peka\u010d z ro\u010di\",\"isPartOf\":{\"@id\":\"https:\\\/\\\/potteryart.eu\\\/#website\"},\"primaryImageOfPage\":{\"@id\":\"https:\\\/\\\/potteryart.eu\\\/spletna-trgovina\\\/unikatni-loncarski-izdelki-iz-kamenine\\\/unikatni-loncarski-izdelki-iz-keramike\\\/rocno-izdelan-ovalen-pekac-z-roci-1006\\\/#primaryimage\"},\"image\":{\"@id\":\"https:\\\/\\\/potteryart.eu\\\/spletna-trgovina\\\/unikatni-loncarski-izdelki-iz-kamenine\\\/unikatni-loncarski-izdelki-iz-keramike\\\/rocno-izdelan-ovalen-pekac-z-roci-1006\\\/#primaryimage\"},\"thumbnailUrl\":\"https:\\\/\\\/potteryart.eu\\\/wp-content\\\/uploads\\\/2020\\\/12\\\/1006-scaled.jpg\",\"datePublished\":\"2020-12-27T08:42:59+00:00\",\"dateModified\":\"2023-01-08T13:26:01+00:00\",\"description\":\"Ro\u010dno izdelan ovalen peka\u010d z ro\u010di je izdelek pottery art oblikovanje gline Polone Zajc, je mali kerami\u010den ovalen peka\u010d, namenjen eni porciji hrane\",\"breadcrumb\":{\"@id\":\"https:\\\/\\\/potteryart.eu\\\/spletna-trgovina\\\/unikatni-loncarski-izdelki-iz-kamenine\\\/unikatni-loncarski-izdelki-iz-keramike\\\/rocno-izdelan-ovalen-pekac-z-roci-1006\\\/#breadcrumb\"},\"inLanguage\":\"en-GB\",\"potentialAction\":[{\"@type\":\"ReadAction\",\"target\":[\"https:\\\/\\\/potteryart.eu\\\/spletna-trgovina\\\/unikatni-loncarski-izdelki-iz-kamenine\\\/unikatni-loncarski-izdelki-iz-keramike\\\/rocno-izdelan-ovalen-pekac-z-roci-1006\\\/\"]}]},{\"@type\":\"ImageObject\",\"inLanguage\":\"en-GB\",\"@id\":\"https:\\\/\\\/potteryart.eu\\\/spletna-trgovina\\\/unikatni-loncarski-izdelki-iz-kamenine\\\/unikatni-loncarski-izdelki-iz-keramike\\\/rocno-izdelan-ovalen-pekac-z-roci-1006\\\/#primaryimage\",\"url\":\"https:\\\/\\\/potteryart.eu\\\/wp-content\\\/uploads\\\/2020\\\/12\\\/1006-scaled.jpg\",\"contentUrl\":\"https:\\\/\\\/potteryart.eu\\\/wp-content\\\/uploads\\\/2020\\\/12\\\/1006-scaled.jpg\",\"width\":2560,\"height\":1920,\"caption\":\"ro\u010dno izdelan ovalen peka\u010d z ro\u010di, pottery art oblikovanje gline Polone Zajc, peka\u010d iz gline z ro\u010di\"},{\"@type\":\"BreadcrumbList\",\"@id\":\"https:\\\/\\\/potteryart.eu\\\/spletna-trgovina\\\/unikatni-loncarski-izdelki-iz-kamenine\\\/unikatni-loncarski-izdelki-iz-keramike\\\/rocno-izdelan-ovalen-pekac-z-roci-1006\\\/#breadcrumb\",\"itemListElement\":[{\"@type\":\"ListItem\",\"position\":1,\"name\":\"Home\",\"item\":\"https:\\\/\\\/potteryart.eu\\\/\"},{\"@type\":\"ListItem\",\"position\":2,\"name\":\"Spletna trgovina\",\"item\":\"https:\\\/\\\/potteryart.eu\\\/spletna-trgovina\\\/\"},{\"@type\":\"ListItem\",\"position\":3,\"name\":\"Ro\u010dno izdelan ovalen peka\u010d z ro\u010di 1006\"}]},{\"@type\":\"WebSite\",\"@id\":\"https:\\\/\\\/potteryart.eu\\\/#website\",\"url\":\"https:\\\/\\\/potteryart.eu\\\/\",\"name\":\"Zajc Polona\",\"description\":\"\",\"publisher\":{\"@id\":\"https:\\\/\\\/potteryart.eu\\\/#\\\/schema\\\/person\\\/819de6034d3dd0bbdcc3a95a0b6c7e4d\"},\"potentialAction\":[{\"@type\":\"SearchAction\",\"target\":{\"@type\":\"EntryPoint\",\"urlTemplate\":\"https:\\\/\\\/potteryart.eu\\\/?s={search_term_string}\"},\"query-input\":{\"@type\":\"PropertyValueSpecification\",\"valueRequired\":true,\"valueName\":\"search_term_string\"}}],\"inLanguage\":\"en-GB\"},{\"@type\":[\"Person\",\"Organization\"],\"@id\":\"https:\\\/\\\/potteryart.eu\\\/#\\\/schema\\\/person\\\/819de6034d3dd0bbdcc3a95a0b6c7e4d\",\"name\":\"polonazajc_admin\",\"image\":{\"@type\":\"ImageObject\",\"inLanguage\":\"en-GB\",\"@id\":\"https:\\\/\\\/potteryart.eu\\\/wp-content\\\/uploads\\\/2020\\\/12\\\/cropped-Logo-1.png\",\"url\":\"https:\\\/\\\/potteryart.eu\\\/wp-content\\\/uploads\\\/2020\\\/12\\\/cropped-Logo-1.png\",\"contentUrl\":\"https:\\\/\\\/potteryart.eu\\\/wp-content\\\/uploads\\\/2020\\\/12\\\/cropped-Logo-1.png\",\"width\":2113,\"height\":280,\"caption\":\"polonazajc_admin\"},\"logo\":{\"@id\":\"https:\\\/\\\/potteryart.eu\\\/wp-content\\\/uploads\\\/2020\\\/12\\\/cropped-Logo-1.png\"}}]}<\/script>\n<!-- \/ Yoast SEO Premium plugin. -->","yoast_head_json":{"title":"Handmade oval baking tray with handles","description":"Ro\u010dno izdelan ovalen peka\u010d z ro\u010di je izdelek pottery art oblikovanje gline Polone Zajc, je mali kerami\u010den ovalen peka\u010d, namenjen eni porciji hrane","robots":{"index":"index","follow":"follow","max-snippet":"max-snippet:-1","max-image-preview":"max-image-preview:large","max-video-preview":"max-video-preview:-1"},"canonical":"https:\/\/potteryart.eu\/en_gb\/spletna-trgovina\/unikatni-loncarski-izdelki-iz-kamenine\/unikatni-loncarski-izdelki-iz-keramike\/rocno-izdelan-ovalen-pekac-z-roci-1006\/","og_locale":"en_GB","og_type":"article","og_title":"Ro\u010dno izdelan ovalen peka\u010d z ro\u010di 1006","og_description":"Ro\u010dno izdelan ovalen peka\u010d z ro\u010di je izdelek pottery art oblikovanje gline Polone Zajc, je mali kerami\u010den ovalen peka\u010d, namenjen eni porciji hrane","og_url":"https:\/\/potteryart.eu\/en_gb\/spletna-trgovina\/unikatni-loncarski-izdelki-iz-kamenine\/unikatni-loncarski-izdelki-iz-keramike\/rocno-izdelan-ovalen-pekac-z-roci-1006\/","og_site_name":"Zajc Polona","article_modified_time":"2023-01-08T13:26:01+00:00","og_image":[{"width":2560,"height":1920,"url":"https:\/\/potteryart.eu\/wp-content\/uploads\/2020\/12\/1006-scaled.jpg","type":"image\/jpeg"}],"twitter_card":"summary_large_image","twitter_misc":{"Estimated reading time":"2 minutes"},"schema":{"@context":"https:\/\/schema.org","@graph":[{"@type":"WebPage","@id":"https:\/\/potteryart.eu\/spletna-trgovina\/unikatni-loncarski-izdelki-iz-kamenine\/unikatni-loncarski-izdelki-iz-keramike\/rocno-izdelan-ovalen-pekac-z-roci-1006\/","url":"https:\/\/potteryart.eu\/spletna-trgovina\/unikatni-loncarski-izdelki-iz-kamenine\/unikatni-loncarski-izdelki-iz-keramike\/rocno-izdelan-ovalen-pekac-z-roci-1006\/","name":"Handmade oval baking tray with handles","isPartOf":{"@id":"https:\/\/potteryart.eu\/#website"},"primaryImageOfPage":{"@id":"https:\/\/potteryart.eu\/spletna-trgovina\/unikatni-loncarski-izdelki-iz-kamenine\/unikatni-loncarski-izdelki-iz-keramike\/rocno-izdelan-ovalen-pekac-z-roci-1006\/#primaryimage"},"image":{"@id":"https:\/\/potteryart.eu\/spletna-trgovina\/unikatni-loncarski-izdelki-iz-kamenine\/unikatni-loncarski-izdelki-iz-keramike\/rocno-izdelan-ovalen-pekac-z-roci-1006\/#primaryimage"},"thumbnailUrl":"https:\/\/potteryart.eu\/wp-content\/uploads\/2020\/12\/1006-scaled.jpg","datePublished":"2020-12-27T08:42:59+00:00","dateModified":"2023-01-08T13:26:01+00:00","description":"Ro\u010dno izdelan ovalen peka\u010d z ro\u010di je izdelek pottery art oblikovanje gline Polone Zajc, je mali kerami\u010den ovalen peka\u010d, namenjen eni porciji hrane","breadcrumb":{"@id":"https:\/\/potteryart.eu\/spletna-trgovina\/unikatni-loncarski-izdelki-iz-kamenine\/unikatni-loncarski-izdelki-iz-keramike\/rocno-izdelan-ovalen-pekac-z-roci-1006\/#breadcrumb"},"inLanguage":"en-GB","potentialAction":[{"@type":"ReadAction","target":["https:\/\/potteryart.eu\/spletna-trgovina\/unikatni-loncarski-izdelki-iz-kamenine\/unikatni-loncarski-izdelki-iz-keramike\/rocno-izdelan-ovalen-pekac-z-roci-1006\/"]}]},{"@type":"ImageObject","inLanguage":"en-GB","@id":"https:\/\/potteryart.eu\/spletna-trgovina\/unikatni-loncarski-izdelki-iz-kamenine\/unikatni-loncarski-izdelki-iz-keramike\/rocno-izdelan-ovalen-pekac-z-roci-1006\/#primaryimage","url":"https:\/\/potteryart.eu\/wp-content\/uploads\/2020\/12\/1006-scaled.jpg","contentUrl":"https:\/\/potteryart.eu\/wp-content\/uploads\/2020\/12\/1006-scaled.jpg","width":2560,"height":1920,"caption":"ro\u010dno izdelan ovalen peka\u010d z ro\u010di, pottery art oblikovanje gline Polone Zajc, peka\u010d iz gline z ro\u010di"},{"@type":"BreadcrumbList","@id":"https:\/\/potteryart.eu\/spletna-trgovina\/unikatni-loncarski-izdelki-iz-kamenine\/unikatni-loncarski-izdelki-iz-keramike\/rocno-izdelan-ovalen-pekac-z-roci-1006\/#breadcrumb","itemListElement":[{"@type":"ListItem","position":1,"name":"Home","item":"https:\/\/potteryart.eu\/"},{"@type":"ListItem","position":2,"name":"Spletna trgovina","item":"https:\/\/potteryart.eu\/spletna-trgovina\/"},{"@type":"ListItem","position":3,"name":"Ro\u010dno izdelan ovalen peka\u010d z ro\u010di 1006"}]},{"@type":"WebSite","@id":"https:\/\/potteryart.eu\/#website","url":"https:\/\/potteryart.eu\/","name":"Zajc Polona","description":"","publisher":{"@id":"https:\/\/potteryart.eu\/#\/schema\/person\/819de6034d3dd0bbdcc3a95a0b6c7e4d"},"potentialAction":[{"@type":"SearchAction","target":{"@type":"EntryPoint","urlTemplate":"https:\/\/potteryart.eu\/?s={search_term_string}"},"query-input":{"@type":"PropertyValueSpecification","valueRequired":true,"valueName":"search_term_string"}}],"inLanguage":"en-GB"},{"@type":["Person","Organization"],"@id":"https:\/\/potteryart.eu\/#\/schema\/person\/819de6034d3dd0bbdcc3a95a0b6c7e4d","name":"polonazajc_admin","image":{"@type":"ImageObject","inLanguage":"en-GB","@id":"https:\/\/potteryart.eu\/wp-content\/uploads\/2020\/12\/cropped-Logo-1.png","url":"https:\/\/potteryart.eu\/wp-content\/uploads\/2020\/12\/cropped-Logo-1.png","contentUrl":"https:\/\/potteryart.eu\/wp-content\/uploads\/2020\/12\/cropped-Logo-1.png","width":2113,"height":280,"caption":"polonazajc_admin"},"logo":{"@id":"https:\/\/potteryart.eu\/wp-content\/uploads\/2020\/12\/cropped-Logo-1.png"}}]}},"_links":{"self":[{"href":"https:\/\/potteryart.eu\/en_gb\/wp-json\/wp\/v2\/product\/262","targetHints":{"allow":["GET"]}}],"collection":[{"href":"https:\/\/potteryart.eu\/en_gb\/wp-json\/wp\/v2\/product"}],"about":[{"href":"https:\/\/potteryart.eu\/en_gb\/wp-json\/wp\/v2\/types\/product"}],"replies":[{"embeddable":true,"href":"https:\/\/potteryart.eu\/en_gb\/wp-json\/wp\/v2\/comments?post=262"}],"wp:featuredmedia":[{"embeddable":true,"href":"https:\/\/potteryart.eu\/en_gb\/wp-json\/wp\/v2\/media\/401"}],"wp:attachment":[{"href":"https:\/\/potteryart.eu\/en_gb\/wp-json\/wp\/v2\/media?parent=262"}],"wp:term":[{"taxonomy":"product_brand","embeddable":true,"href":"https:\/\/potteryart.eu\/en_gb\/wp-json\/wp\/v2\/product_brand?post=262"},{"taxonomy":"product_cat","embeddable":true,"href":"https:\/\/potteryart.eu\/en_gb\/wp-json\/wp\/v2\/product_cat?post=262"},{"taxonomy":"product_tag","embeddable":true,"href":"https:\/\/potteryart.eu\/en_gb\/wp-json\/wp\/v2\/product_tag?post=262"}],"curies":[{"name":"wp","href":"https:\/\/api.w.org\/{rel}","templated":true}]}}