{"id":2623,"date":"2023-11-06T17:02:34","date_gmt":"2023-11-06T16:02:34","guid":{"rendered":"https:\/\/potteryart.eu\/?post_type=product&#038;p=2623"},"modified":"2024-10-03T19:12:25","modified_gmt":"2024-10-03T17:12:25","slug":"zivopisana-glinena-skodela-za-caj","status":"publish","type":"product","link":"https:\/\/potteryart.eu\/en_gb\/spletna-trgovina\/unikatni-loncarski-izdelki-iz-kamenine\/unikatni-loncarski-izdelki-iz-keramike\/zivopisana-glinena-skodela-za-caj\/","title":{"rendered":"Colorful clay tea cup"},"content":{"rendered":"<h1>Colorful clay tea cup<\/h1>\n<p>Colorful clay tea cup is a product of pottery art clay design by Polona Zajc. It is a handmade ceramic tea cup, made on a pottery spindle from classic red clay. The exterior is painted in vivid colours, while the interior is cast behind white clay and glazed with a transparent glaze certified for food use (traceability code LOT15). The cup is fired at 1030\u00b0C, when the clay turns into ceramic. The height is 12 cm and the diameter at the top is 11 cm.<\/p>\n<h2>Pottery art clay design by Polona Zajc<\/h2>\n<p class=\"translation-block\">Pottery art clay design by Polona Zajc has a variety of unique cups in her collection. Some of them come with a saucer. All of them belong to the series of unique pottery for the kitchen, which means that they are perfectly usable for drinks and can be washed in the dishwasher. They come in different shapes and sizes, fired as ceramic or as stoneware. This is also the case with the coloured ceramic cup, which is a larger cup for tea or any beverage desired by the user. Unique cups can be in a series of several of the same or similar multi-coloured variations, in a set of two together or just one unique specimen.<\/p>\n<h3>Coloured ceramic cup<\/h3>\n<p>The coloured ceramic cup is a larger tea cup. It is made by hand on a potter's spindle and is also completely hand-painted with different glazes. It is perfectly usable for tea or other beverages. The ceramic is fired at a high temperature so it is of high quality and dishwasher safe. Its special feature is its size and, of course, the vivid glazes that decorate it. Each one is completely unique in the pattern of stripes and colours, in the shape of the handle and in the shape of the cup itself. In addition to its utility, the vividly painted tea cup is also a decorative piece of ceramics that brightens up any kitchen or dining room and is a little piece of art with its uniqueness.<\/p>","protected":false},"excerpt":{"rendered":"<p>\u017divopisana glinena skodela za \u010daj \u017divopisana glinena skodela za \u010daj je izdelek pottery art oblikovanje gline Polone Zajc. To je ro\u010dno izdelana kerami\u010dna skodela za \u010daj, narejena na lon\u010darskem vretenu iz klasi\u010dne rde\u010de gline. Zunanjost je poslikana v \u017eivih barvah, notranjost pa prelita za belo glino in glazirana s transparentno glazuro, ki ima certifikat za [&hellip;]<\/p>\n","protected":false},"featured_media":2583,"comment_status":"open","ping_status":"closed","template":"","meta":[],"product_brand":[],"product_cat":[249,262,263],"product_tag":[],"class_list":{"0":"post-2623","1":"product","2":"type-product","3":"status-publish","4":"has-post-thumbnail","6":"product_cat-unikatne-skodelice-iz-gline","7":"product_cat-unikatni-loncarski-izdelki-iz-keramike","8":"product_cat-unikatni-loncarski-izdelki-za-kuhinjo","9":"product_shipping_class-1kg","11":"first","12":"instock","13":"purchasable","14":"product-type-simple"},"yoast_head":"<!-- This site is optimized with the Yoast SEO Premium plugin v27.4 (Yoast SEO v27.4) - https:\/\/yoast.com\/product\/yoast-seo-premium-wordpress\/ -->\n<title>\u017divopisana glinena skodela za \u010daj<\/title>\n<meta name=\"description\" content=\"\u017divopisana glinena skodela za \u010daj je izdelek pottery art oblikovanje gline Polone Zajc. To je barvna kerami\u010dna skodela, ve\u010dja skodela za \u010daj\" \/>\n<meta name=\"robots\" content=\"index, follow, max-snippet:-1, max-image-preview:large, max-video-preview:-1\" \/>\n<link rel=\"canonical\" href=\"https:\/\/potteryart.eu\/en_gb\/spletna-trgovina\/unikatni-loncarski-izdelki-iz-kamenine\/unikatni-loncarski-izdelki-iz-keramike\/zivopisana-glinena-skodela-za-caj\/\" \/>\n<meta property=\"og:locale\" content=\"en_GB\" \/>\n<meta property=\"og:type\" content=\"article\" \/>\n<meta property=\"og:title\" content=\"\u017divopisana glinena skodela za \u010daj\" \/>\n<meta property=\"og:description\" content=\"\u017divopisana glinena skodela za \u010daj je izdelek pottery art oblikovanje gline Polone Zajc. To je barvna kerami\u010dna skodela, ve\u010dja skodela za \u010daj\" \/>\n<meta property=\"og:url\" content=\"https:\/\/potteryart.eu\/en_gb\/spletna-trgovina\/unikatni-loncarski-izdelki-iz-kamenine\/unikatni-loncarski-izdelki-iz-keramike\/zivopisana-glinena-skodela-za-caj\/\" \/>\n<meta property=\"og:site_name\" content=\"Zajc Polona\" \/>\n<meta property=\"article:modified_time\" content=\"2024-10-03T17:12:25+00:00\" \/>\n<meta property=\"og:image\" content=\"https:\/\/potteryart.eu\/wp-content\/uploads\/2023\/10\/fotke-spletna31-scaled.jpg\" \/>\n\t<meta property=\"og:image:width\" content=\"1920\" \/>\n\t<meta property=\"og:image:height\" content=\"2560\" \/>\n\t<meta property=\"og:image:type\" content=\"image\/jpeg\" \/>\n<meta name=\"twitter:card\" content=\"summary_large_image\" \/>\n<meta name=\"twitter:label1\" content=\"Estimated reading time\" \/>\n\t<meta name=\"twitter:data1\" content=\"2 minutes\" \/>\n<script type=\"application\/ld+json\" class=\"yoast-schema-graph\">{\"@context\":\"https:\\\/\\\/schema.org\",\"@graph\":[{\"@type\":\"WebPage\",\"@id\":\"https:\\\/\\\/potteryart.eu\\\/spletna-trgovina\\\/unikatni-loncarski-izdelki-iz-kamenine\\\/unikatni-loncarski-izdelki-iz-keramike\\\/zivopisana-glinena-skodela-za-caj\\\/\",\"url\":\"https:\\\/\\\/potteryart.eu\\\/spletna-trgovina\\\/unikatni-loncarski-izdelki-iz-kamenine\\\/unikatni-loncarski-izdelki-iz-keramike\\\/zivopisana-glinena-skodela-za-caj\\\/\",\"name\":\"\u017divopisana glinena skodela za \u010daj\",\"isPartOf\":{\"@id\":\"https:\\\/\\\/potteryart.eu\\\/#website\"},\"primaryImageOfPage\":{\"@id\":\"https:\\\/\\\/potteryart.eu\\\/spletna-trgovina\\\/unikatni-loncarski-izdelki-iz-kamenine\\\/unikatni-loncarski-izdelki-iz-keramike\\\/zivopisana-glinena-skodela-za-caj\\\/#primaryimage\"},\"image\":{\"@id\":\"https:\\\/\\\/potteryart.eu\\\/spletna-trgovina\\\/unikatni-loncarski-izdelki-iz-kamenine\\\/unikatni-loncarski-izdelki-iz-keramike\\\/zivopisana-glinena-skodela-za-caj\\\/#primaryimage\"},\"thumbnailUrl\":\"https:\\\/\\\/potteryart.eu\\\/wp-content\\\/uploads\\\/2023\\\/10\\\/fotke-spletna31-scaled.jpg\",\"datePublished\":\"2023-11-06T16:02:34+00:00\",\"dateModified\":\"2024-10-03T17:12:25+00:00\",\"description\":\"\u017divopisana glinena skodela za \u010daj je izdelek pottery art oblikovanje gline Polone Zajc. To je barvna kerami\u010dna skodela, ve\u010dja skodela za \u010daj\",\"breadcrumb\":{\"@id\":\"https:\\\/\\\/potteryart.eu\\\/spletna-trgovina\\\/unikatni-loncarski-izdelki-iz-kamenine\\\/unikatni-loncarski-izdelki-iz-keramike\\\/zivopisana-glinena-skodela-za-caj\\\/#breadcrumb\"},\"inLanguage\":\"en-GB\",\"potentialAction\":[{\"@type\":\"ReadAction\",\"target\":[\"https:\\\/\\\/potteryart.eu\\\/spletna-trgovina\\\/unikatni-loncarski-izdelki-iz-kamenine\\\/unikatni-loncarski-izdelki-iz-keramike\\\/zivopisana-glinena-skodela-za-caj\\\/\"]}]},{\"@type\":\"ImageObject\",\"inLanguage\":\"en-GB\",\"@id\":\"https:\\\/\\\/potteryart.eu\\\/spletna-trgovina\\\/unikatni-loncarski-izdelki-iz-kamenine\\\/unikatni-loncarski-izdelki-iz-keramike\\\/zivopisana-glinena-skodela-za-caj\\\/#primaryimage\",\"url\":\"https:\\\/\\\/potteryart.eu\\\/wp-content\\\/uploads\\\/2023\\\/10\\\/fotke-spletna31-scaled.jpg\",\"contentUrl\":\"https:\\\/\\\/potteryart.eu\\\/wp-content\\\/uploads\\\/2023\\\/10\\\/fotke-spletna31-scaled.jpg\",\"width\":1920,\"height\":2560,\"caption\":\"\u017eivopisana glinena skodela za \u010daj, pottery art, barvna kerami\u010dna skodela za \u010daj\"},{\"@type\":\"BreadcrumbList\",\"@id\":\"https:\\\/\\\/potteryart.eu\\\/spletna-trgovina\\\/unikatni-loncarski-izdelki-iz-kamenine\\\/unikatni-loncarski-izdelki-iz-keramike\\\/zivopisana-glinena-skodela-za-caj\\\/#breadcrumb\",\"itemListElement\":[{\"@type\":\"ListItem\",\"position\":1,\"name\":\"Home\",\"item\":\"https:\\\/\\\/potteryart.eu\\\/\"},{\"@type\":\"ListItem\",\"position\":2,\"name\":\"Spletna trgovina\",\"item\":\"https:\\\/\\\/potteryart.eu\\\/spletna-trgovina\\\/\"},{\"@type\":\"ListItem\",\"position\":3,\"name\":\"\u017divopisana glinena skodela za \u010daj\"}]},{\"@type\":\"WebSite\",\"@id\":\"https:\\\/\\\/potteryart.eu\\\/#website\",\"url\":\"https:\\\/\\\/potteryart.eu\\\/\",\"name\":\"Zajc Polona\",\"description\":\"\",\"publisher\":{\"@id\":\"https:\\\/\\\/potteryart.eu\\\/#\\\/schema\\\/person\\\/819de6034d3dd0bbdcc3a95a0b6c7e4d\"},\"potentialAction\":[{\"@type\":\"SearchAction\",\"target\":{\"@type\":\"EntryPoint\",\"urlTemplate\":\"https:\\\/\\\/potteryart.eu\\\/?s={search_term_string}\"},\"query-input\":{\"@type\":\"PropertyValueSpecification\",\"valueRequired\":true,\"valueName\":\"search_term_string\"}}],\"inLanguage\":\"en-GB\"},{\"@type\":[\"Person\",\"Organization\"],\"@id\":\"https:\\\/\\\/potteryart.eu\\\/#\\\/schema\\\/person\\\/819de6034d3dd0bbdcc3a95a0b6c7e4d\",\"name\":\"polonazajc_admin\",\"image\":{\"@type\":\"ImageObject\",\"inLanguage\":\"en-GB\",\"@id\":\"https:\\\/\\\/potteryart.eu\\\/wp-content\\\/uploads\\\/2020\\\/12\\\/cropped-Logo-1.png\",\"url\":\"https:\\\/\\\/potteryart.eu\\\/wp-content\\\/uploads\\\/2020\\\/12\\\/cropped-Logo-1.png\",\"contentUrl\":\"https:\\\/\\\/potteryart.eu\\\/wp-content\\\/uploads\\\/2020\\\/12\\\/cropped-Logo-1.png\",\"width\":2113,\"height\":280,\"caption\":\"polonazajc_admin\"},\"logo\":{\"@id\":\"https:\\\/\\\/potteryart.eu\\\/wp-content\\\/uploads\\\/2020\\\/12\\\/cropped-Logo-1.png\"}}]}<\/script>\n<!-- \/ Yoast SEO Premium plugin. -->","yoast_head_json":{"title":"Colorful clay tea cup","description":"\u017divopisana glinena skodela za \u010daj je izdelek pottery art oblikovanje gline Polone Zajc. To je barvna kerami\u010dna skodela, ve\u010dja skodela za \u010daj","robots":{"index":"index","follow":"follow","max-snippet":"max-snippet:-1","max-image-preview":"max-image-preview:large","max-video-preview":"max-video-preview:-1"},"canonical":"https:\/\/potteryart.eu\/en_gb\/spletna-trgovina\/unikatni-loncarski-izdelki-iz-kamenine\/unikatni-loncarski-izdelki-iz-keramike\/zivopisana-glinena-skodela-za-caj\/","og_locale":"en_GB","og_type":"article","og_title":"\u017divopisana glinena skodela za \u010daj","og_description":"\u017divopisana glinena skodela za \u010daj je izdelek pottery art oblikovanje gline Polone Zajc. To je barvna kerami\u010dna skodela, ve\u010dja skodela za \u010daj","og_url":"https:\/\/potteryart.eu\/en_gb\/spletna-trgovina\/unikatni-loncarski-izdelki-iz-kamenine\/unikatni-loncarski-izdelki-iz-keramike\/zivopisana-glinena-skodela-za-caj\/","og_site_name":"Zajc Polona","article_modified_time":"2024-10-03T17:12:25+00:00","og_image":[{"width":1920,"height":2560,"url":"https:\/\/potteryart.eu\/wp-content\/uploads\/2023\/10\/fotke-spletna31-scaled.jpg","type":"image\/jpeg"}],"twitter_card":"summary_large_image","twitter_misc":{"Estimated reading time":"2 minutes"},"schema":{"@context":"https:\/\/schema.org","@graph":[{"@type":"WebPage","@id":"https:\/\/potteryart.eu\/spletna-trgovina\/unikatni-loncarski-izdelki-iz-kamenine\/unikatni-loncarski-izdelki-iz-keramike\/zivopisana-glinena-skodela-za-caj\/","url":"https:\/\/potteryart.eu\/spletna-trgovina\/unikatni-loncarski-izdelki-iz-kamenine\/unikatni-loncarski-izdelki-iz-keramike\/zivopisana-glinena-skodela-za-caj\/","name":"Colorful clay tea cup","isPartOf":{"@id":"https:\/\/potteryart.eu\/#website"},"primaryImageOfPage":{"@id":"https:\/\/potteryart.eu\/spletna-trgovina\/unikatni-loncarski-izdelki-iz-kamenine\/unikatni-loncarski-izdelki-iz-keramike\/zivopisana-glinena-skodela-za-caj\/#primaryimage"},"image":{"@id":"https:\/\/potteryart.eu\/spletna-trgovina\/unikatni-loncarski-izdelki-iz-kamenine\/unikatni-loncarski-izdelki-iz-keramike\/zivopisana-glinena-skodela-za-caj\/#primaryimage"},"thumbnailUrl":"https:\/\/potteryart.eu\/wp-content\/uploads\/2023\/10\/fotke-spletna31-scaled.jpg","datePublished":"2023-11-06T16:02:34+00:00","dateModified":"2024-10-03T17:12:25+00:00","description":"\u017divopisana glinena skodela za \u010daj je izdelek pottery art oblikovanje gline Polone Zajc. To je barvna kerami\u010dna skodela, ve\u010dja skodela za \u010daj","breadcrumb":{"@id":"https:\/\/potteryart.eu\/spletna-trgovina\/unikatni-loncarski-izdelki-iz-kamenine\/unikatni-loncarski-izdelki-iz-keramike\/zivopisana-glinena-skodela-za-caj\/#breadcrumb"},"inLanguage":"en-GB","potentialAction":[{"@type":"ReadAction","target":["https:\/\/potteryart.eu\/spletna-trgovina\/unikatni-loncarski-izdelki-iz-kamenine\/unikatni-loncarski-izdelki-iz-keramike\/zivopisana-glinena-skodela-za-caj\/"]}]},{"@type":"ImageObject","inLanguage":"en-GB","@id":"https:\/\/potteryart.eu\/spletna-trgovina\/unikatni-loncarski-izdelki-iz-kamenine\/unikatni-loncarski-izdelki-iz-keramike\/zivopisana-glinena-skodela-za-caj\/#primaryimage","url":"https:\/\/potteryart.eu\/wp-content\/uploads\/2023\/10\/fotke-spletna31-scaled.jpg","contentUrl":"https:\/\/potteryart.eu\/wp-content\/uploads\/2023\/10\/fotke-spletna31-scaled.jpg","width":1920,"height":2560,"caption":"\u017eivopisana glinena skodela za \u010daj, pottery art, barvna kerami\u010dna skodela za \u010daj"},{"@type":"BreadcrumbList","@id":"https:\/\/potteryart.eu\/spletna-trgovina\/unikatni-loncarski-izdelki-iz-kamenine\/unikatni-loncarski-izdelki-iz-keramike\/zivopisana-glinena-skodela-za-caj\/#breadcrumb","itemListElement":[{"@type":"ListItem","position":1,"name":"Home","item":"https:\/\/potteryart.eu\/"},{"@type":"ListItem","position":2,"name":"Spletna trgovina","item":"https:\/\/potteryart.eu\/spletna-trgovina\/"},{"@type":"ListItem","position":3,"name":"\u017divopisana glinena skodela za \u010daj"}]},{"@type":"WebSite","@id":"https:\/\/potteryart.eu\/#website","url":"https:\/\/potteryart.eu\/","name":"Zajc Polona","description":"","publisher":{"@id":"https:\/\/potteryart.eu\/#\/schema\/person\/819de6034d3dd0bbdcc3a95a0b6c7e4d"},"potentialAction":[{"@type":"SearchAction","target":{"@type":"EntryPoint","urlTemplate":"https:\/\/potteryart.eu\/?s={search_term_string}"},"query-input":{"@type":"PropertyValueSpecification","valueRequired":true,"valueName":"search_term_string"}}],"inLanguage":"en-GB"},{"@type":["Person","Organization"],"@id":"https:\/\/potteryart.eu\/#\/schema\/person\/819de6034d3dd0bbdcc3a95a0b6c7e4d","name":"polonazajc_admin","image":{"@type":"ImageObject","inLanguage":"en-GB","@id":"https:\/\/potteryart.eu\/wp-content\/uploads\/2020\/12\/cropped-Logo-1.png","url":"https:\/\/potteryart.eu\/wp-content\/uploads\/2020\/12\/cropped-Logo-1.png","contentUrl":"https:\/\/potteryart.eu\/wp-content\/uploads\/2020\/12\/cropped-Logo-1.png","width":2113,"height":280,"caption":"polonazajc_admin"},"logo":{"@id":"https:\/\/potteryart.eu\/wp-content\/uploads\/2020\/12\/cropped-Logo-1.png"}}]}},"_links":{"self":[{"href":"https:\/\/potteryart.eu\/en_gb\/wp-json\/wp\/v2\/product\/2623","targetHints":{"allow":["GET"]}}],"collection":[{"href":"https:\/\/potteryart.eu\/en_gb\/wp-json\/wp\/v2\/product"}],"about":[{"href":"https:\/\/potteryart.eu\/en_gb\/wp-json\/wp\/v2\/types\/product"}],"replies":[{"embeddable":true,"href":"https:\/\/potteryart.eu\/en_gb\/wp-json\/wp\/v2\/comments?post=2623"}],"wp:featuredmedia":[{"embeddable":true,"href":"https:\/\/potteryart.eu\/en_gb\/wp-json\/wp\/v2\/media\/2583"}],"wp:attachment":[{"href":"https:\/\/potteryart.eu\/en_gb\/wp-json\/wp\/v2\/media?parent=2623"}],"wp:term":[{"taxonomy":"product_brand","embeddable":true,"href":"https:\/\/potteryart.eu\/en_gb\/wp-json\/wp\/v2\/product_brand?post=2623"},{"taxonomy":"product_cat","embeddable":true,"href":"https:\/\/potteryart.eu\/en_gb\/wp-json\/wp\/v2\/product_cat?post=2623"},{"taxonomy":"product_tag","embeddable":true,"href":"https:\/\/potteryart.eu\/en_gb\/wp-json\/wp\/v2\/product_tag?post=2623"}],"curies":[{"name":"wp","href":"https:\/\/api.w.org\/{rel}","templated":true}]}}