{"id":2626,"date":"2023-11-09T16:24:40","date_gmt":"2023-11-09T15:24:40","guid":{"rendered":"https:\/\/potteryart.eu\/?post_type=product&#038;p=2626"},"modified":"2025-01-09T12:33:31","modified_gmt":"2025-01-09T11:33:31","slug":"unikaten-moder-kroznik-iz-kamenine","status":"publish","type":"product","link":"https:\/\/potteryart.eu\/en_gb\/spletna-trgovina\/unikatni-loncarski-izdelki-iz-kamenine\/unikatni-izdelki-iz-kamenine-za-dom\/unikaten-moder-kroznik-iz-kamenine\/","title":{"rendered":"Unique blue stoneware plate"},"content":{"rendered":"<h1>Unique blue stoneware plate<\/h1>\n<p>Unique blue stoneware plate is a product of pottery art clay design by Polona Zajc. It is a handmade stoneware plate, spun on a pottery spindle. It has a characteristic pottery art pattern carved on the surface. The grey stoneware is glazed with an iridescent grey-blue glaze, which particularly highlights the stripe pattern. One of these is accentuated with real gold. The plate is fired at 1220\u00b0C, the real gold is applied to a smooth glaze and fired at 800\u00b0C. The diameter is 28 cm.<\/p>\n<h2>Pottery art clay design by Polona Zajc<\/h2>\n<p>Unique clay plates are the products of pottery art clay design Polona Zajc. These are handmade clay plates. They are made on a pottery spindle from different types of clay. They are painted by hand with a typical pottery art pattern of different colours. Some are perforated with holes of different sizes. This produces a beautiful pattern typical of pottery art products. The firing temperature to which the unique clay plates are subjected ranges from 1030\u00b0C when the plate becomes ceramic to 1220\u00b0C when the plate becomes stoneware. The unique blue stoneware plate presented on this page is also part of this product series.<\/p>\n<h3>Blue clay plate with gilt details<\/h3>\n<p class=\"translation-block\">The blue clay plate with gilded details is a piece of stoneware that brightens up any piece of furniture it is placed on. The ridged edge, the surface interspersed with stripes creating a random yet coherent pattern, the beautiful iridescent blue glaze on a grey ground. The gold on the stoneware provides a special detail.  All of this makes for a completely unique, handmade plate. It is designed for serving dry food such as various snacks, biscuits, cakes, nuts, dried fruit, fruit, etc. Combined with the unique blue stoneware cup, it makes a perfect place setting.  Of course, this plate can also be a fully decorative piece that in itself enhances its surroundings. It is made of high-quality grey stoneware that has been fired at a high temperature. All this ensures the product's sustainable quality.<\/p>\n<p>&nbsp;<\/p>","protected":false},"excerpt":{"rendered":"<p>Unikaten moder kro\u017enik iz kamenine Unikaten moder kro\u017enik iz kamenine je izdelek pottery art oblikovanje gline Polone Zajc. To je ro\u010dno izdelan kro\u017enik iz kamenine, vrten na lon\u010darskem vretenu. Po povr\u0161ini ima vrezan zna\u010dilen pottery art vzorec. Siva kamenina je glazirana s prelivajo\u010do sivo modro glazuro, ki \u0161e posebej izpostavi vzorec \u010drt. Ena od teh [&hellip;]<\/p>\n","protected":false},"featured_media":3258,"comment_status":"open","ping_status":"closed","template":"","meta":[],"product_brand":[],"product_cat":[274,269,265],"product_tag":[],"class_list":{"0":"post-2626","1":"product","2":"type-product","3":"status-publish","4":"has-post-thumbnail","6":"product_cat-unikatni-izdelki-iz-kamenine-za-dom","7":"product_cat-unikatni-krozniki-iz-gline","8":"product_cat-unikatni-loncarski-izdelki-iz-kamenine","9":"product_shipping_class-3kg","11":"first","12":"instock","13":"purchasable","14":"product-type-simple"},"yoast_head":"<!-- This site is optimized with the Yoast SEO Premium plugin v27.4 (Yoast SEO v27.4) - https:\/\/yoast.com\/product\/yoast-seo-premium-wordpress\/ -->\n<title>Unikaten moder kro\u017enik iz kamenine<\/title>\n<meta name=\"description\" content=\"Unikaten moder kro\u017enik iz kamenine je izdelek pottery art oblikovanje gline Polone Zajc, to je moder glinen kro\u017enik s pozlatenimi detajli\" \/>\n<meta name=\"robots\" content=\"index, follow, max-snippet:-1, max-image-preview:large, max-video-preview:-1\" \/>\n<link rel=\"canonical\" href=\"https:\/\/potteryart.eu\/en_gb\/spletna-trgovina\/unikatni-loncarski-izdelki-iz-kamenine\/unikatni-izdelki-iz-kamenine-za-dom\/unikaten-moder-kroznik-iz-kamenine\/\" \/>\n<meta property=\"og:locale\" content=\"en_GB\" \/>\n<meta property=\"og:type\" content=\"article\" \/>\n<meta property=\"og:title\" content=\"Unikaten moder kro\u017enik iz kamenine\" \/>\n<meta property=\"og:description\" content=\"Unikaten moder kro\u017enik iz kamenine je izdelek pottery art oblikovanje gline Polone Zajc, to je moder glinen kro\u017enik s pozlatenimi detajli\" \/>\n<meta property=\"og:url\" content=\"https:\/\/potteryart.eu\/en_gb\/spletna-trgovina\/unikatni-loncarski-izdelki-iz-kamenine\/unikatni-izdelki-iz-kamenine-za-dom\/unikaten-moder-kroznik-iz-kamenine\/\" \/>\n<meta property=\"og:site_name\" content=\"Zajc Polona\" \/>\n<meta property=\"article:modified_time\" content=\"2025-01-09T11:33:31+00:00\" \/>\n<meta property=\"og:image\" content=\"https:\/\/potteryart.eu\/wp-content\/uploads\/2023\/11\/20231105_171532-scaled.jpg\" \/>\n\t<meta property=\"og:image:width\" content=\"2560\" \/>\n\t<meta property=\"og:image:height\" content=\"1920\" \/>\n\t<meta property=\"og:image:type\" content=\"image\/jpeg\" \/>\n<meta name=\"twitter:card\" content=\"summary_large_image\" \/>\n<meta name=\"twitter:label1\" content=\"Estimated reading time\" \/>\n\t<meta name=\"twitter:data1\" content=\"2 minutes\" \/>\n<script type=\"application\/ld+json\" class=\"yoast-schema-graph\">{\"@context\":\"https:\\\/\\\/schema.org\",\"@graph\":[{\"@type\":\"WebPage\",\"@id\":\"https:\\\/\\\/potteryart.eu\\\/spletna-trgovina\\\/unikatni-loncarski-izdelki-iz-kamenine\\\/unikatni-izdelki-iz-kamenine-za-dom\\\/unikaten-moder-kroznik-iz-kamenine\\\/\",\"url\":\"https:\\\/\\\/potteryart.eu\\\/spletna-trgovina\\\/unikatni-loncarski-izdelki-iz-kamenine\\\/unikatni-izdelki-iz-kamenine-za-dom\\\/unikaten-moder-kroznik-iz-kamenine\\\/\",\"name\":\"Unikaten moder kro\u017enik iz kamenine\",\"isPartOf\":{\"@id\":\"https:\\\/\\\/potteryart.eu\\\/#website\"},\"primaryImageOfPage\":{\"@id\":\"https:\\\/\\\/potteryart.eu\\\/spletna-trgovina\\\/unikatni-loncarski-izdelki-iz-kamenine\\\/unikatni-izdelki-iz-kamenine-za-dom\\\/unikaten-moder-kroznik-iz-kamenine\\\/#primaryimage\"},\"image\":{\"@id\":\"https:\\\/\\\/potteryart.eu\\\/spletna-trgovina\\\/unikatni-loncarski-izdelki-iz-kamenine\\\/unikatni-izdelki-iz-kamenine-za-dom\\\/unikaten-moder-kroznik-iz-kamenine\\\/#primaryimage\"},\"thumbnailUrl\":\"https:\\\/\\\/potteryart.eu\\\/wp-content\\\/uploads\\\/2023\\\/11\\\/20231105_171532-scaled.jpg\",\"datePublished\":\"2023-11-09T15:24:40+00:00\",\"dateModified\":\"2025-01-09T11:33:31+00:00\",\"description\":\"Unikaten moder kro\u017enik iz kamenine je izdelek pottery art oblikovanje gline Polone Zajc, to je moder glinen kro\u017enik s pozlatenimi detajli\",\"breadcrumb\":{\"@id\":\"https:\\\/\\\/potteryart.eu\\\/spletna-trgovina\\\/unikatni-loncarski-izdelki-iz-kamenine\\\/unikatni-izdelki-iz-kamenine-za-dom\\\/unikaten-moder-kroznik-iz-kamenine\\\/#breadcrumb\"},\"inLanguage\":\"en-GB\",\"potentialAction\":[{\"@type\":\"ReadAction\",\"target\":[\"https:\\\/\\\/potteryart.eu\\\/spletna-trgovina\\\/unikatni-loncarski-izdelki-iz-kamenine\\\/unikatni-izdelki-iz-kamenine-za-dom\\\/unikaten-moder-kroznik-iz-kamenine\\\/\"]}]},{\"@type\":\"ImageObject\",\"inLanguage\":\"en-GB\",\"@id\":\"https:\\\/\\\/potteryart.eu\\\/spletna-trgovina\\\/unikatni-loncarski-izdelki-iz-kamenine\\\/unikatni-izdelki-iz-kamenine-za-dom\\\/unikaten-moder-kroznik-iz-kamenine\\\/#primaryimage\",\"url\":\"https:\\\/\\\/potteryart.eu\\\/wp-content\\\/uploads\\\/2023\\\/11\\\/20231105_171532-scaled.jpg\",\"contentUrl\":\"https:\\\/\\\/potteryart.eu\\\/wp-content\\\/uploads\\\/2023\\\/11\\\/20231105_171532-scaled.jpg\",\"width\":2560,\"height\":1920,\"caption\":\"unikatni kro\u017eniki iz gline, pottery art, unikatni glineni kro\u017eniki za dom, unikatni glineni kro\u017eniki za kuhinjo\"},{\"@type\":\"BreadcrumbList\",\"@id\":\"https:\\\/\\\/potteryart.eu\\\/spletna-trgovina\\\/unikatni-loncarski-izdelki-iz-kamenine\\\/unikatni-izdelki-iz-kamenine-za-dom\\\/unikaten-moder-kroznik-iz-kamenine\\\/#breadcrumb\",\"itemListElement\":[{\"@type\":\"ListItem\",\"position\":1,\"name\":\"Home\",\"item\":\"https:\\\/\\\/potteryart.eu\\\/\"},{\"@type\":\"ListItem\",\"position\":2,\"name\":\"Spletna trgovina\",\"item\":\"https:\\\/\\\/potteryart.eu\\\/spletna-trgovina\\\/\"},{\"@type\":\"ListItem\",\"position\":3,\"name\":\"Unikaten moder kro\u017enik iz kamenine\"}]},{\"@type\":\"WebSite\",\"@id\":\"https:\\\/\\\/potteryart.eu\\\/#website\",\"url\":\"https:\\\/\\\/potteryart.eu\\\/\",\"name\":\"Zajc Polona\",\"description\":\"\",\"publisher\":{\"@id\":\"https:\\\/\\\/potteryart.eu\\\/#\\\/schema\\\/person\\\/819de6034d3dd0bbdcc3a95a0b6c7e4d\"},\"potentialAction\":[{\"@type\":\"SearchAction\",\"target\":{\"@type\":\"EntryPoint\",\"urlTemplate\":\"https:\\\/\\\/potteryart.eu\\\/?s={search_term_string}\"},\"query-input\":{\"@type\":\"PropertyValueSpecification\",\"valueRequired\":true,\"valueName\":\"search_term_string\"}}],\"inLanguage\":\"en-GB\"},{\"@type\":[\"Person\",\"Organization\"],\"@id\":\"https:\\\/\\\/potteryart.eu\\\/#\\\/schema\\\/person\\\/819de6034d3dd0bbdcc3a95a0b6c7e4d\",\"name\":\"polonazajc_admin\",\"image\":{\"@type\":\"ImageObject\",\"inLanguage\":\"en-GB\",\"@id\":\"https:\\\/\\\/potteryart.eu\\\/wp-content\\\/uploads\\\/2020\\\/12\\\/cropped-Logo-1.png\",\"url\":\"https:\\\/\\\/potteryart.eu\\\/wp-content\\\/uploads\\\/2020\\\/12\\\/cropped-Logo-1.png\",\"contentUrl\":\"https:\\\/\\\/potteryart.eu\\\/wp-content\\\/uploads\\\/2020\\\/12\\\/cropped-Logo-1.png\",\"width\":2113,\"height\":280,\"caption\":\"polonazajc_admin\"},\"logo\":{\"@id\":\"https:\\\/\\\/potteryart.eu\\\/wp-content\\\/uploads\\\/2020\\\/12\\\/cropped-Logo-1.png\"}}]}<\/script>\n<!-- \/ Yoast SEO Premium plugin. -->","yoast_head_json":{"title":"Unique blue stoneware plate","description":"Unikaten moder kro\u017enik iz kamenine je izdelek pottery art oblikovanje gline Polone Zajc, to je moder glinen kro\u017enik s pozlatenimi detajli","robots":{"index":"index","follow":"follow","max-snippet":"max-snippet:-1","max-image-preview":"max-image-preview:large","max-video-preview":"max-video-preview:-1"},"canonical":"https:\/\/potteryart.eu\/en_gb\/spletna-trgovina\/unikatni-loncarski-izdelki-iz-kamenine\/unikatni-izdelki-iz-kamenine-za-dom\/unikaten-moder-kroznik-iz-kamenine\/","og_locale":"en_GB","og_type":"article","og_title":"Unikaten moder kro\u017enik iz kamenine","og_description":"Unikaten moder kro\u017enik iz kamenine je izdelek pottery art oblikovanje gline Polone Zajc, to je moder glinen kro\u017enik s pozlatenimi detajli","og_url":"https:\/\/potteryart.eu\/en_gb\/spletna-trgovina\/unikatni-loncarski-izdelki-iz-kamenine\/unikatni-izdelki-iz-kamenine-za-dom\/unikaten-moder-kroznik-iz-kamenine\/","og_site_name":"Zajc Polona","article_modified_time":"2025-01-09T11:33:31+00:00","og_image":[{"width":2560,"height":1920,"url":"https:\/\/potteryart.eu\/wp-content\/uploads\/2023\/11\/20231105_171532-scaled.jpg","type":"image\/jpeg"}],"twitter_card":"summary_large_image","twitter_misc":{"Estimated reading time":"2 minutes"},"schema":{"@context":"https:\/\/schema.org","@graph":[{"@type":"WebPage","@id":"https:\/\/potteryart.eu\/spletna-trgovina\/unikatni-loncarski-izdelki-iz-kamenine\/unikatni-izdelki-iz-kamenine-za-dom\/unikaten-moder-kroznik-iz-kamenine\/","url":"https:\/\/potteryart.eu\/spletna-trgovina\/unikatni-loncarski-izdelki-iz-kamenine\/unikatni-izdelki-iz-kamenine-za-dom\/unikaten-moder-kroznik-iz-kamenine\/","name":"Unique blue stoneware plate","isPartOf":{"@id":"https:\/\/potteryart.eu\/#website"},"primaryImageOfPage":{"@id":"https:\/\/potteryart.eu\/spletna-trgovina\/unikatni-loncarski-izdelki-iz-kamenine\/unikatni-izdelki-iz-kamenine-za-dom\/unikaten-moder-kroznik-iz-kamenine\/#primaryimage"},"image":{"@id":"https:\/\/potteryart.eu\/spletna-trgovina\/unikatni-loncarski-izdelki-iz-kamenine\/unikatni-izdelki-iz-kamenine-za-dom\/unikaten-moder-kroznik-iz-kamenine\/#primaryimage"},"thumbnailUrl":"https:\/\/potteryart.eu\/wp-content\/uploads\/2023\/11\/20231105_171532-scaled.jpg","datePublished":"2023-11-09T15:24:40+00:00","dateModified":"2025-01-09T11:33:31+00:00","description":"Unikaten moder kro\u017enik iz kamenine je izdelek pottery art oblikovanje gline Polone Zajc, to je moder glinen kro\u017enik s pozlatenimi detajli","breadcrumb":{"@id":"https:\/\/potteryart.eu\/spletna-trgovina\/unikatni-loncarski-izdelki-iz-kamenine\/unikatni-izdelki-iz-kamenine-za-dom\/unikaten-moder-kroznik-iz-kamenine\/#breadcrumb"},"inLanguage":"en-GB","potentialAction":[{"@type":"ReadAction","target":["https:\/\/potteryart.eu\/spletna-trgovina\/unikatni-loncarski-izdelki-iz-kamenine\/unikatni-izdelki-iz-kamenine-za-dom\/unikaten-moder-kroznik-iz-kamenine\/"]}]},{"@type":"ImageObject","inLanguage":"en-GB","@id":"https:\/\/potteryart.eu\/spletna-trgovina\/unikatni-loncarski-izdelki-iz-kamenine\/unikatni-izdelki-iz-kamenine-za-dom\/unikaten-moder-kroznik-iz-kamenine\/#primaryimage","url":"https:\/\/potteryart.eu\/wp-content\/uploads\/2023\/11\/20231105_171532-scaled.jpg","contentUrl":"https:\/\/potteryart.eu\/wp-content\/uploads\/2023\/11\/20231105_171532-scaled.jpg","width":2560,"height":1920,"caption":"unikatni kro\u017eniki iz gline, pottery art, unikatni glineni kro\u017eniki za dom, unikatni glineni kro\u017eniki za kuhinjo"},{"@type":"BreadcrumbList","@id":"https:\/\/potteryart.eu\/spletna-trgovina\/unikatni-loncarski-izdelki-iz-kamenine\/unikatni-izdelki-iz-kamenine-za-dom\/unikaten-moder-kroznik-iz-kamenine\/#breadcrumb","itemListElement":[{"@type":"ListItem","position":1,"name":"Home","item":"https:\/\/potteryart.eu\/"},{"@type":"ListItem","position":2,"name":"Spletna trgovina","item":"https:\/\/potteryart.eu\/spletna-trgovina\/"},{"@type":"ListItem","position":3,"name":"Unikaten moder kro\u017enik iz kamenine"}]},{"@type":"WebSite","@id":"https:\/\/potteryart.eu\/#website","url":"https:\/\/potteryart.eu\/","name":"Zajc Polona","description":"","publisher":{"@id":"https:\/\/potteryart.eu\/#\/schema\/person\/819de6034d3dd0bbdcc3a95a0b6c7e4d"},"potentialAction":[{"@type":"SearchAction","target":{"@type":"EntryPoint","urlTemplate":"https:\/\/potteryart.eu\/?s={search_term_string}"},"query-input":{"@type":"PropertyValueSpecification","valueRequired":true,"valueName":"search_term_string"}}],"inLanguage":"en-GB"},{"@type":["Person","Organization"],"@id":"https:\/\/potteryart.eu\/#\/schema\/person\/819de6034d3dd0bbdcc3a95a0b6c7e4d","name":"polonazajc_admin","image":{"@type":"ImageObject","inLanguage":"en-GB","@id":"https:\/\/potteryart.eu\/wp-content\/uploads\/2020\/12\/cropped-Logo-1.png","url":"https:\/\/potteryart.eu\/wp-content\/uploads\/2020\/12\/cropped-Logo-1.png","contentUrl":"https:\/\/potteryart.eu\/wp-content\/uploads\/2020\/12\/cropped-Logo-1.png","width":2113,"height":280,"caption":"polonazajc_admin"},"logo":{"@id":"https:\/\/potteryart.eu\/wp-content\/uploads\/2020\/12\/cropped-Logo-1.png"}}]}},"_links":{"self":[{"href":"https:\/\/potteryart.eu\/en_gb\/wp-json\/wp\/v2\/product\/2626","targetHints":{"allow":["GET"]}}],"collection":[{"href":"https:\/\/potteryart.eu\/en_gb\/wp-json\/wp\/v2\/product"}],"about":[{"href":"https:\/\/potteryart.eu\/en_gb\/wp-json\/wp\/v2\/types\/product"}],"replies":[{"embeddable":true,"href":"https:\/\/potteryart.eu\/en_gb\/wp-json\/wp\/v2\/comments?post=2626"}],"wp:featuredmedia":[{"embeddable":true,"href":"https:\/\/potteryart.eu\/en_gb\/wp-json\/wp\/v2\/media\/3258"}],"wp:attachment":[{"href":"https:\/\/potteryart.eu\/en_gb\/wp-json\/wp\/v2\/media?parent=2626"}],"wp:term":[{"taxonomy":"product_brand","embeddable":true,"href":"https:\/\/potteryart.eu\/en_gb\/wp-json\/wp\/v2\/product_brand?post=2626"},{"taxonomy":"product_cat","embeddable":true,"href":"https:\/\/potteryart.eu\/en_gb\/wp-json\/wp\/v2\/product_cat?post=2626"},{"taxonomy":"product_tag","embeddable":true,"href":"https:\/\/potteryart.eu\/en_gb\/wp-json\/wp\/v2\/product_tag?post=2626"}],"curies":[{"name":"wp","href":"https:\/\/api.w.org\/{rel}","templated":true}]}}