{"id":2633,"date":"2023-11-10T19:21:48","date_gmt":"2023-11-10T18:21:48","guid":{"rendered":"https:\/\/potteryart.eu\/?post_type=product&#038;p=2633"},"modified":"2025-01-09T11:40:54","modified_gmt":"2025-01-09T10:40:54","slug":"unikatna-modra-sladkornica-iz-kamenine","status":"publish","type":"product","link":"https:\/\/potteryart.eu\/en_gb\/spletna-trgovina\/unikatni-loncarski-izdelki-iz-kamenine\/unikatni-izdelki-iz-kamenine-za-kuhinjo\/unikatna-modra-sladkornica-iz-kamenine\/","title":{"rendered":"Unique blue stoneware sugar bowl"},"content":{"rendered":"<h1>Unique blue stoneware sugar bowl<\/h1>\n<p>The unique blue stoneware sugar bowl is a product of pottery art clay design by Polona Zajc. It is a handmade sugar bowl made of grey stoneware, spun on a pottery spindle. Inside it is glazed with a glaze that is certified for food contact (trace mark LOT17). It is therefore perfectly usable, dishwasher safe and dishwasher safe. The exterior is glazed with a translucent blue-grey glaze, which is fired at 1220\u00b0C. The details are hand-applied real gold, fired at 800\u00b0C. The sugar bowl is 12 cm high.<\/p>\n<h2>Pottery art clay design by Polona Zajc<\/h2>\n<p>Unique clay vessels are the products of Pottery Art Clay Design by Polona Zajc. These are handmade clay vessels. They are made on a pottery spindle from different types of clay. They are painted by hand, some of them have a typical pottery art pattern of lines carved into them. The firing temperature to which the handmade clay vessels are subjected ranges from 1030\u00b0C, when the clay becomes ceramic, to 1220\u00b0C, when the clay turns to stoneware. The interior of the vessels is glazed with a glaze designed to come into contact with foodstuffs, so that they are perfectly usable in the household.<\/p>\n<h3>Blue earthenware sugar bowl with gilt details<\/h3>\n<p class=\"translation-block\">The blue clay sugar bowl with gilded details is a beautiful piece of ceramics that belongs in every kitchen. It is both useful and decorative. Grey stoneware, glazed in an iridescent blue glaze, handmade on a potter's spindle and gold on the stoneware in the details.  The workmanship is entirely handmade and unique. All this is a clay sugar bowl whose high firing temperature and the material from which it is made guarantee its lasting quality. To complement the sugar bowl, you can also see the unique blue stoneware cup, the unique blue stoneware teapot and the unique blue stoneware plate, which are all made in the same style, from the same material and can complement each other beautifully in a beautiful tea and cake set. And of course, each individual item is enough to indulge in.<\/p>","protected":false},"excerpt":{"rendered":"<p>Unikatna modra sladkornica iz kamenine Unikatna modra sladkornica iz kamenine je izdelek pottery art oblikovanje gline Polone Zajc. To je ro\u010dno izdelana sladkornica iz sive kamenine, zvrtena na lon\u010darskem vretenu. V notranjosti je glazirana z glazuro, ki ima certifikat za stik z \u017eivili( oznaka sledenja LOT17). Zato je popolnoma uporabna, lahko se pere v pomivalnem [&hellip;]<\/p>\n","protected":false},"featured_media":3252,"comment_status":"open","ping_status":"closed","template":"","meta":[],"product_brand":[],"product_cat":[271,275,265],"product_tag":[],"class_list":{"0":"post-2633","1":"product","2":"type-product","3":"status-publish","4":"has-post-thumbnail","6":"product_cat-glinene-posode","7":"product_cat-unikatni-izdelki-iz-kamenine-za-kuhinjo","8":"product_cat-unikatni-loncarski-izdelki-iz-kamenine","9":"product_shipping_class-2kg","11":"first","12":"instock","13":"purchasable","14":"product-type-simple"},"yoast_head":"<!-- This site is optimized with the Yoast SEO Premium plugin v27.4 (Yoast SEO v27.4) - https:\/\/yoast.com\/product\/yoast-seo-premium-wordpress\/ -->\n<title>Unikatna modra sladkornica iz kamenine<\/title>\n<meta name=\"description\" content=\"Unikatna modra sladkornica iz kamenine je izdelek pottery art oblikovnje gline Polone Zajc, to je modra glinena sladkornica s pozlatenimi detajli.\" \/>\n<meta name=\"robots\" content=\"index, follow, max-snippet:-1, max-image-preview:large, max-video-preview:-1\" \/>\n<link rel=\"canonical\" href=\"https:\/\/potteryart.eu\/en_gb\/spletna-trgovina\/unikatni-loncarski-izdelki-iz-kamenine\/unikatni-izdelki-iz-kamenine-za-kuhinjo\/unikatna-modra-sladkornica-iz-kamenine\/\" \/>\n<meta property=\"og:locale\" content=\"en_GB\" \/>\n<meta property=\"og:type\" content=\"article\" \/>\n<meta property=\"og:title\" content=\"Unikatna modra sladkornica iz kamenine\" \/>\n<meta property=\"og:description\" content=\"Unikatna modra sladkornica iz kamenine je izdelek pottery art oblikovnje gline Polone Zajc, to je modra glinena sladkornica s pozlatenimi detajli.\" \/>\n<meta property=\"og:url\" content=\"https:\/\/potteryart.eu\/en_gb\/spletna-trgovina\/unikatni-loncarski-izdelki-iz-kamenine\/unikatni-izdelki-iz-kamenine-za-kuhinjo\/unikatna-modra-sladkornica-iz-kamenine\/\" \/>\n<meta property=\"og:site_name\" content=\"Zajc Polona\" \/>\n<meta property=\"article:modified_time\" content=\"2025-01-09T10:40:54+00:00\" \/>\n<meta property=\"og:image\" content=\"https:\/\/potteryart.eu\/wp-content\/uploads\/2023\/11\/20231105_172043-scaled.jpg\" \/>\n\t<meta property=\"og:image:width\" content=\"1920\" \/>\n\t<meta property=\"og:image:height\" content=\"2560\" \/>\n\t<meta property=\"og:image:type\" content=\"image\/jpeg\" \/>\n<meta name=\"twitter:card\" content=\"summary_large_image\" \/>\n<meta name=\"twitter:label1\" content=\"Estimated reading time\" \/>\n\t<meta name=\"twitter:data1\" content=\"2 minutes\" \/>\n<script type=\"application\/ld+json\" class=\"yoast-schema-graph\">{\"@context\":\"https:\\\/\\\/schema.org\",\"@graph\":[{\"@type\":\"WebPage\",\"@id\":\"https:\\\/\\\/potteryart.eu\\\/spletna-trgovina\\\/unikatni-loncarski-izdelki-iz-kamenine\\\/unikatni-izdelki-iz-kamenine-za-kuhinjo\\\/unikatna-modra-sladkornica-iz-kamenine\\\/\",\"url\":\"https:\\\/\\\/potteryart.eu\\\/spletna-trgovina\\\/unikatni-loncarski-izdelki-iz-kamenine\\\/unikatni-izdelki-iz-kamenine-za-kuhinjo\\\/unikatna-modra-sladkornica-iz-kamenine\\\/\",\"name\":\"Unikatna modra sladkornica iz kamenine\",\"isPartOf\":{\"@id\":\"https:\\\/\\\/potteryart.eu\\\/#website\"},\"primaryImageOfPage\":{\"@id\":\"https:\\\/\\\/potteryart.eu\\\/spletna-trgovina\\\/unikatni-loncarski-izdelki-iz-kamenine\\\/unikatni-izdelki-iz-kamenine-za-kuhinjo\\\/unikatna-modra-sladkornica-iz-kamenine\\\/#primaryimage\"},\"image\":{\"@id\":\"https:\\\/\\\/potteryart.eu\\\/spletna-trgovina\\\/unikatni-loncarski-izdelki-iz-kamenine\\\/unikatni-izdelki-iz-kamenine-za-kuhinjo\\\/unikatna-modra-sladkornica-iz-kamenine\\\/#primaryimage\"},\"thumbnailUrl\":\"https:\\\/\\\/potteryart.eu\\\/wp-content\\\/uploads\\\/2023\\\/11\\\/20231105_172043-scaled.jpg\",\"datePublished\":\"2023-11-10T18:21:48+00:00\",\"dateModified\":\"2025-01-09T10:40:54+00:00\",\"description\":\"Unikatna modra sladkornica iz kamenine je izdelek pottery art oblikovnje gline Polone Zajc, to je modra glinena sladkornica s pozlatenimi detajli.\",\"breadcrumb\":{\"@id\":\"https:\\\/\\\/potteryart.eu\\\/spletna-trgovina\\\/unikatni-loncarski-izdelki-iz-kamenine\\\/unikatni-izdelki-iz-kamenine-za-kuhinjo\\\/unikatna-modra-sladkornica-iz-kamenine\\\/#breadcrumb\"},\"inLanguage\":\"en-GB\",\"potentialAction\":[{\"@type\":\"ReadAction\",\"target\":[\"https:\\\/\\\/potteryart.eu\\\/spletna-trgovina\\\/unikatni-loncarski-izdelki-iz-kamenine\\\/unikatni-izdelki-iz-kamenine-za-kuhinjo\\\/unikatna-modra-sladkornica-iz-kamenine\\\/\"]}]},{\"@type\":\"ImageObject\",\"inLanguage\":\"en-GB\",\"@id\":\"https:\\\/\\\/potteryart.eu\\\/spletna-trgovina\\\/unikatni-loncarski-izdelki-iz-kamenine\\\/unikatni-izdelki-iz-kamenine-za-kuhinjo\\\/unikatna-modra-sladkornica-iz-kamenine\\\/#primaryimage\",\"url\":\"https:\\\/\\\/potteryart.eu\\\/wp-content\\\/uploads\\\/2023\\\/11\\\/20231105_172043-scaled.jpg\",\"contentUrl\":\"https:\\\/\\\/potteryart.eu\\\/wp-content\\\/uploads\\\/2023\\\/11\\\/20231105_172043-scaled.jpg\",\"width\":1920,\"height\":2560,\"caption\":\"unikatna modra sladkornica iz kamenine, pottery art, modra glinena sladkornica s pozlatenimi detajli\"},{\"@type\":\"BreadcrumbList\",\"@id\":\"https:\\\/\\\/potteryart.eu\\\/spletna-trgovina\\\/unikatni-loncarski-izdelki-iz-kamenine\\\/unikatni-izdelki-iz-kamenine-za-kuhinjo\\\/unikatna-modra-sladkornica-iz-kamenine\\\/#breadcrumb\",\"itemListElement\":[{\"@type\":\"ListItem\",\"position\":1,\"name\":\"Home\",\"item\":\"https:\\\/\\\/potteryart.eu\\\/\"},{\"@type\":\"ListItem\",\"position\":2,\"name\":\"Spletna trgovina\",\"item\":\"https:\\\/\\\/potteryart.eu\\\/spletna-trgovina\\\/\"},{\"@type\":\"ListItem\",\"position\":3,\"name\":\"Unikatna modra sladkornica iz kamenine\"}]},{\"@type\":\"WebSite\",\"@id\":\"https:\\\/\\\/potteryart.eu\\\/#website\",\"url\":\"https:\\\/\\\/potteryart.eu\\\/\",\"name\":\"Zajc Polona\",\"description\":\"\",\"publisher\":{\"@id\":\"https:\\\/\\\/potteryart.eu\\\/#\\\/schema\\\/person\\\/819de6034d3dd0bbdcc3a95a0b6c7e4d\"},\"potentialAction\":[{\"@type\":\"SearchAction\",\"target\":{\"@type\":\"EntryPoint\",\"urlTemplate\":\"https:\\\/\\\/potteryart.eu\\\/?s={search_term_string}\"},\"query-input\":{\"@type\":\"PropertyValueSpecification\",\"valueRequired\":true,\"valueName\":\"search_term_string\"}}],\"inLanguage\":\"en-GB\"},{\"@type\":[\"Person\",\"Organization\"],\"@id\":\"https:\\\/\\\/potteryart.eu\\\/#\\\/schema\\\/person\\\/819de6034d3dd0bbdcc3a95a0b6c7e4d\",\"name\":\"polonazajc_admin\",\"image\":{\"@type\":\"ImageObject\",\"inLanguage\":\"en-GB\",\"@id\":\"https:\\\/\\\/potteryart.eu\\\/wp-content\\\/uploads\\\/2020\\\/12\\\/cropped-Logo-1.png\",\"url\":\"https:\\\/\\\/potteryart.eu\\\/wp-content\\\/uploads\\\/2020\\\/12\\\/cropped-Logo-1.png\",\"contentUrl\":\"https:\\\/\\\/potteryart.eu\\\/wp-content\\\/uploads\\\/2020\\\/12\\\/cropped-Logo-1.png\",\"width\":2113,\"height\":280,\"caption\":\"polonazajc_admin\"},\"logo\":{\"@id\":\"https:\\\/\\\/potteryart.eu\\\/wp-content\\\/uploads\\\/2020\\\/12\\\/cropped-Logo-1.png\"}}]}<\/script>\n<!-- \/ Yoast SEO Premium plugin. -->","yoast_head_json":{"title":"Unique blue stoneware sugar bowl","description":"Unikatna modra sladkornica iz kamenine je izdelek pottery art oblikovnje gline Polone Zajc, to je modra glinena sladkornica s pozlatenimi detajli.","robots":{"index":"index","follow":"follow","max-snippet":"max-snippet:-1","max-image-preview":"max-image-preview:large","max-video-preview":"max-video-preview:-1"},"canonical":"https:\/\/potteryart.eu\/en_gb\/spletna-trgovina\/unikatni-loncarski-izdelki-iz-kamenine\/unikatni-izdelki-iz-kamenine-za-kuhinjo\/unikatna-modra-sladkornica-iz-kamenine\/","og_locale":"en_GB","og_type":"article","og_title":"Unikatna modra sladkornica iz kamenine","og_description":"Unikatna modra sladkornica iz kamenine je izdelek pottery art oblikovnje gline Polone Zajc, to je modra glinena sladkornica s pozlatenimi detajli.","og_url":"https:\/\/potteryart.eu\/en_gb\/spletna-trgovina\/unikatni-loncarski-izdelki-iz-kamenine\/unikatni-izdelki-iz-kamenine-za-kuhinjo\/unikatna-modra-sladkornica-iz-kamenine\/","og_site_name":"Zajc Polona","article_modified_time":"2025-01-09T10:40:54+00:00","og_image":[{"width":1920,"height":2560,"url":"https:\/\/potteryart.eu\/wp-content\/uploads\/2023\/11\/20231105_172043-scaled.jpg","type":"image\/jpeg"}],"twitter_card":"summary_large_image","twitter_misc":{"Estimated reading time":"2 minutes"},"schema":{"@context":"https:\/\/schema.org","@graph":[{"@type":"WebPage","@id":"https:\/\/potteryart.eu\/spletna-trgovina\/unikatni-loncarski-izdelki-iz-kamenine\/unikatni-izdelki-iz-kamenine-za-kuhinjo\/unikatna-modra-sladkornica-iz-kamenine\/","url":"https:\/\/potteryart.eu\/spletna-trgovina\/unikatni-loncarski-izdelki-iz-kamenine\/unikatni-izdelki-iz-kamenine-za-kuhinjo\/unikatna-modra-sladkornica-iz-kamenine\/","name":"Unique blue stoneware sugar bowl","isPartOf":{"@id":"https:\/\/potteryart.eu\/#website"},"primaryImageOfPage":{"@id":"https:\/\/potteryart.eu\/spletna-trgovina\/unikatni-loncarski-izdelki-iz-kamenine\/unikatni-izdelki-iz-kamenine-za-kuhinjo\/unikatna-modra-sladkornica-iz-kamenine\/#primaryimage"},"image":{"@id":"https:\/\/potteryart.eu\/spletna-trgovina\/unikatni-loncarski-izdelki-iz-kamenine\/unikatni-izdelki-iz-kamenine-za-kuhinjo\/unikatna-modra-sladkornica-iz-kamenine\/#primaryimage"},"thumbnailUrl":"https:\/\/potteryart.eu\/wp-content\/uploads\/2023\/11\/20231105_172043-scaled.jpg","datePublished":"2023-11-10T18:21:48+00:00","dateModified":"2025-01-09T10:40:54+00:00","description":"Unikatna modra sladkornica iz kamenine je izdelek pottery art oblikovnje gline Polone Zajc, to je modra glinena sladkornica s pozlatenimi detajli.","breadcrumb":{"@id":"https:\/\/potteryart.eu\/spletna-trgovina\/unikatni-loncarski-izdelki-iz-kamenine\/unikatni-izdelki-iz-kamenine-za-kuhinjo\/unikatna-modra-sladkornica-iz-kamenine\/#breadcrumb"},"inLanguage":"en-GB","potentialAction":[{"@type":"ReadAction","target":["https:\/\/potteryart.eu\/spletna-trgovina\/unikatni-loncarski-izdelki-iz-kamenine\/unikatni-izdelki-iz-kamenine-za-kuhinjo\/unikatna-modra-sladkornica-iz-kamenine\/"]}]},{"@type":"ImageObject","inLanguage":"en-GB","@id":"https:\/\/potteryart.eu\/spletna-trgovina\/unikatni-loncarski-izdelki-iz-kamenine\/unikatni-izdelki-iz-kamenine-za-kuhinjo\/unikatna-modra-sladkornica-iz-kamenine\/#primaryimage","url":"https:\/\/potteryart.eu\/wp-content\/uploads\/2023\/11\/20231105_172043-scaled.jpg","contentUrl":"https:\/\/potteryart.eu\/wp-content\/uploads\/2023\/11\/20231105_172043-scaled.jpg","width":1920,"height":2560,"caption":"unikatna modra sladkornica iz kamenine, pottery art, modra glinena sladkornica s pozlatenimi detajli"},{"@type":"BreadcrumbList","@id":"https:\/\/potteryart.eu\/spletna-trgovina\/unikatni-loncarski-izdelki-iz-kamenine\/unikatni-izdelki-iz-kamenine-za-kuhinjo\/unikatna-modra-sladkornica-iz-kamenine\/#breadcrumb","itemListElement":[{"@type":"ListItem","position":1,"name":"Home","item":"https:\/\/potteryart.eu\/"},{"@type":"ListItem","position":2,"name":"Spletna trgovina","item":"https:\/\/potteryart.eu\/spletna-trgovina\/"},{"@type":"ListItem","position":3,"name":"Unikatna modra sladkornica iz kamenine"}]},{"@type":"WebSite","@id":"https:\/\/potteryart.eu\/#website","url":"https:\/\/potteryart.eu\/","name":"Zajc Polona","description":"","publisher":{"@id":"https:\/\/potteryart.eu\/#\/schema\/person\/819de6034d3dd0bbdcc3a95a0b6c7e4d"},"potentialAction":[{"@type":"SearchAction","target":{"@type":"EntryPoint","urlTemplate":"https:\/\/potteryart.eu\/?s={search_term_string}"},"query-input":{"@type":"PropertyValueSpecification","valueRequired":true,"valueName":"search_term_string"}}],"inLanguage":"en-GB"},{"@type":["Person","Organization"],"@id":"https:\/\/potteryart.eu\/#\/schema\/person\/819de6034d3dd0bbdcc3a95a0b6c7e4d","name":"polonazajc_admin","image":{"@type":"ImageObject","inLanguage":"en-GB","@id":"https:\/\/potteryart.eu\/wp-content\/uploads\/2020\/12\/cropped-Logo-1.png","url":"https:\/\/potteryart.eu\/wp-content\/uploads\/2020\/12\/cropped-Logo-1.png","contentUrl":"https:\/\/potteryart.eu\/wp-content\/uploads\/2020\/12\/cropped-Logo-1.png","width":2113,"height":280,"caption":"polonazajc_admin"},"logo":{"@id":"https:\/\/potteryart.eu\/wp-content\/uploads\/2020\/12\/cropped-Logo-1.png"}}]}},"_links":{"self":[{"href":"https:\/\/potteryart.eu\/en_gb\/wp-json\/wp\/v2\/product\/2633","targetHints":{"allow":["GET"]}}],"collection":[{"href":"https:\/\/potteryart.eu\/en_gb\/wp-json\/wp\/v2\/product"}],"about":[{"href":"https:\/\/potteryart.eu\/en_gb\/wp-json\/wp\/v2\/types\/product"}],"replies":[{"embeddable":true,"href":"https:\/\/potteryart.eu\/en_gb\/wp-json\/wp\/v2\/comments?post=2633"}],"wp:featuredmedia":[{"embeddable":true,"href":"https:\/\/potteryart.eu\/en_gb\/wp-json\/wp\/v2\/media\/3252"}],"wp:attachment":[{"href":"https:\/\/potteryart.eu\/en_gb\/wp-json\/wp\/v2\/media?parent=2633"}],"wp:term":[{"taxonomy":"product_brand","embeddable":true,"href":"https:\/\/potteryart.eu\/en_gb\/wp-json\/wp\/v2\/product_brand?post=2633"},{"taxonomy":"product_cat","embeddable":true,"href":"https:\/\/potteryart.eu\/en_gb\/wp-json\/wp\/v2\/product_cat?post=2633"},{"taxonomy":"product_tag","embeddable":true,"href":"https:\/\/potteryart.eu\/en_gb\/wp-json\/wp\/v2\/product_tag?post=2633"}],"curies":[{"name":"wp","href":"https:\/\/api.w.org\/{rel}","templated":true}]}}