{"id":2660,"date":"2023-11-13T19:10:13","date_gmt":"2023-11-13T18:10:13","guid":{"rendered":"https:\/\/potteryart.eu\/?post_type=product&#038;p=2660"},"modified":"2026-02-19T07:27:19","modified_gmt":"2026-02-19T06:27:19","slug":"kamniska-veronika-na-obesku","status":"publish","type":"product","link":"https:\/\/potteryart.eu\/en_gb\/spletna-trgovina\/unikaten-nakit-iz-gline\/kamniska-veronika-na-obesku\/","title":{"rendered":"Veronica of Kamnik on a pendant"},"content":{"rendered":"<h1>Veronica of Kamnik on a pendant<\/h1>\n<p>Kamni\u0161ka Veronika on a pendant is a product of pottery art clay design by Polona Zajc. This is a handmade pendant with the image of Veronika. The pendant is made of black or grey stoneware and is a relief print. It is glazed in different shades of glazes, which enhance the relief image of Veronica, half snake and half woman, recreating the myth of Veronica of Kamnik. The pendant hangs from a waxed black cord with a clasp for fastening. The diameter is 4cm.<\/p>\n<h2>Pottery art clay design by Polona Zajc<\/h2>\n<p>Clay souvenirs are part of the Pottery Art Clay Design products by Polona Zajc. With their images and characters depicted on them, they recall stories and images from the past from different parts of Slovenia. They are made by hand from several types of clay, in various design techniques. The mementos can be turned on a potter's spindle, as impressions of images in clay or as vessels cast in plaster moulds and the like. Their story is also emphasised and accompanied by a rich palette of coloured glazes.<\/p>\n<h3>Veronica's pendant<\/h3>\n<p class=\"translation-block\">The Veronica Pendant depicts the myth of Veronica of Kamnik. The myth says that Count Veronica lived above Kamnik. She refused the request of the priests to donate money for the church. She cursed herself and decided to turn into a snake. The curse was fulfilled. Veronica, half woman, half snake, is still lying at the foot of the Little Castle above Kamnik, waiting for a saviour.<\/p>\n<p>The figure of Veronika, half woman, half snake, is embossed on a handmade stoneware pendant. The body surrounded by hair and a snake's tail. All this is rounded off by a coronet on the top of the pendant, which suggests that Veronica was a countess. The details are accentuated by the iridescent glaze, which spills over into every detail of the relief. The pendants are made in different shades of colour. They are worn on a black cord fastened with a clasp. Each of Veronika's pendants is thus a unique, special souvenir, a beautiful piece of jewellery which at the same time evokes the legend of Kamnik.<\/p>","protected":false},"excerpt":{"rendered":"<p>Kamni\u0161ka Veronika na obesku Kamni\u0161ka Veronika na obesku je izdelek pottery art oblikovanje gline Polone Zajc. To je ro\u010dno izdelan obesek s podobo Veronike. Obesek je narejen iz \u010drne ali sive kamenine in je reliefni odtis. Glaziran je v razli\u010dnih odtenkih glazur, ki \u0161e poudarjajo reliefno podobo Veronike, pol ka\u010de in pol \u017eenske, ki poustvarja [&hellip;]<\/p>\n","protected":false},"featured_media":3242,"comment_status":"open","ping_status":"closed","template":"","meta":[],"product_brand":[],"product_cat":[260,86,265],"product_tag":[],"class_list":{"0":"post-2660","1":"product","2":"type-product","3":"status-publish","4":"has-post-thumbnail","6":"product_cat-glineni-spominki","7":"product_cat-unikaten-nakit-iz-gline","8":"product_cat-unikatni-loncarski-izdelki-iz-kamenine","10":"first","11":"instock","12":"purchasable","13":"product-type-simple"},"yoast_head":"<!-- This site is optimized with the Yoast SEO Premium plugin v27.4 (Yoast SEO v27.4) - https:\/\/yoast.com\/product\/yoast-seo-premium-wordpress\/ -->\n<title>Kamni\u0161ka Veronika na obesku<\/title>\n<meta name=\"description\" content=\"Kamni\u0161ka Veronika na obesku je pottery art oblikovanje gline Polone Zajc, to je Veronikin obesek, ki predstavlja mit o kamni\u0161ki Veroniki\" \/>\n<meta name=\"robots\" content=\"index, follow, max-snippet:-1, max-image-preview:large, max-video-preview:-1\" \/>\n<link rel=\"canonical\" href=\"https:\/\/potteryart.eu\/en_gb\/spletna-trgovina\/unikaten-nakit-iz-gline\/kamniska-veronika-na-obesku\/\" \/>\n<meta property=\"og:locale\" content=\"en_GB\" \/>\n<meta property=\"og:type\" content=\"article\" \/>\n<meta property=\"og:title\" content=\"Kamni\u0161ka Veronika na obesku\" \/>\n<meta property=\"og:description\" content=\"Kamni\u0161ka Veronika na obesku je pottery art oblikovanje gline Polone Zajc, to je Veronikin obesek, ki predstavlja mit o kamni\u0161ki Veroniki\" \/>\n<meta property=\"og:url\" content=\"https:\/\/potteryart.eu\/en_gb\/spletna-trgovina\/unikaten-nakit-iz-gline\/kamniska-veronika-na-obesku\/\" \/>\n<meta property=\"og:site_name\" content=\"Zajc Polona\" \/>\n<meta property=\"article:modified_time\" content=\"2026-02-19T06:27:19+00:00\" \/>\n<meta property=\"og:image\" content=\"https:\/\/potteryart.eu\/wp-content\/uploads\/2023\/11\/20231113_183156-scaled.jpg\" \/>\n\t<meta property=\"og:image:width\" content=\"2560\" \/>\n\t<meta property=\"og:image:height\" content=\"1920\" \/>\n\t<meta property=\"og:image:type\" content=\"image\/jpeg\" \/>\n<meta name=\"twitter:card\" content=\"summary_large_image\" \/>\n<meta name=\"twitter:label1\" content=\"Estimated reading time\" \/>\n\t<meta name=\"twitter:data1\" content=\"2 minutes\" \/>\n<script type=\"application\/ld+json\" class=\"yoast-schema-graph\">{\"@context\":\"https:\\\/\\\/schema.org\",\"@graph\":[{\"@type\":\"WebPage\",\"@id\":\"https:\\\/\\\/potteryart.eu\\\/spletna-trgovina\\\/unikaten-nakit-iz-gline\\\/kamniska-veronika-na-obesku\\\/\",\"url\":\"https:\\\/\\\/potteryart.eu\\\/spletna-trgovina\\\/unikaten-nakit-iz-gline\\\/kamniska-veronika-na-obesku\\\/\",\"name\":\"Kamni\u0161ka Veronika na obesku\",\"isPartOf\":{\"@id\":\"https:\\\/\\\/potteryart.eu\\\/#website\"},\"primaryImageOfPage\":{\"@id\":\"https:\\\/\\\/potteryart.eu\\\/spletna-trgovina\\\/unikaten-nakit-iz-gline\\\/kamniska-veronika-na-obesku\\\/#primaryimage\"},\"image\":{\"@id\":\"https:\\\/\\\/potteryart.eu\\\/spletna-trgovina\\\/unikaten-nakit-iz-gline\\\/kamniska-veronika-na-obesku\\\/#primaryimage\"},\"thumbnailUrl\":\"https:\\\/\\\/potteryart.eu\\\/wp-content\\\/uploads\\\/2023\\\/11\\\/20231113_183156-scaled.jpg\",\"datePublished\":\"2023-11-13T18:10:13+00:00\",\"dateModified\":\"2026-02-19T06:27:19+00:00\",\"description\":\"Kamni\u0161ka Veronika na obesku je pottery art oblikovanje gline Polone Zajc, to je Veronikin obesek, ki predstavlja mit o kamni\u0161ki Veroniki\",\"breadcrumb\":{\"@id\":\"https:\\\/\\\/potteryart.eu\\\/spletna-trgovina\\\/unikaten-nakit-iz-gline\\\/kamniska-veronika-na-obesku\\\/#breadcrumb\"},\"inLanguage\":\"en-GB\",\"potentialAction\":[{\"@type\":\"ReadAction\",\"target\":[\"https:\\\/\\\/potteryart.eu\\\/spletna-trgovina\\\/unikaten-nakit-iz-gline\\\/kamniska-veronika-na-obesku\\\/\"]}]},{\"@type\":\"ImageObject\",\"inLanguage\":\"en-GB\",\"@id\":\"https:\\\/\\\/potteryart.eu\\\/spletna-trgovina\\\/unikaten-nakit-iz-gline\\\/kamniska-veronika-na-obesku\\\/#primaryimage\",\"url\":\"https:\\\/\\\/potteryart.eu\\\/wp-content\\\/uploads\\\/2023\\\/11\\\/20231113_183156-scaled.jpg\",\"contentUrl\":\"https:\\\/\\\/potteryart.eu\\\/wp-content\\\/uploads\\\/2023\\\/11\\\/20231113_183156-scaled.jpg\",\"width\":2560,\"height\":1920,\"caption\":\"spominki iz gline, pottery art, situle, kamni\u0161ka veronika, lon\u010denka povodni mo\u017e in ur\u0161ka\"},{\"@type\":\"BreadcrumbList\",\"@id\":\"https:\\\/\\\/potteryart.eu\\\/spletna-trgovina\\\/unikaten-nakit-iz-gline\\\/kamniska-veronika-na-obesku\\\/#breadcrumb\",\"itemListElement\":[{\"@type\":\"ListItem\",\"position\":1,\"name\":\"Home\",\"item\":\"https:\\\/\\\/potteryart.eu\\\/\"},{\"@type\":\"ListItem\",\"position\":2,\"name\":\"Spletna trgovina\",\"item\":\"https:\\\/\\\/potteryart.eu\\\/spletna-trgovina\\\/\"},{\"@type\":\"ListItem\",\"position\":3,\"name\":\"Kamni\u0161ka Veronika na obesku\"}]},{\"@type\":\"WebSite\",\"@id\":\"https:\\\/\\\/potteryart.eu\\\/#website\",\"url\":\"https:\\\/\\\/potteryart.eu\\\/\",\"name\":\"Zajc Polona\",\"description\":\"\",\"publisher\":{\"@id\":\"https:\\\/\\\/potteryart.eu\\\/#\\\/schema\\\/person\\\/819de6034d3dd0bbdcc3a95a0b6c7e4d\"},\"potentialAction\":[{\"@type\":\"SearchAction\",\"target\":{\"@type\":\"EntryPoint\",\"urlTemplate\":\"https:\\\/\\\/potteryart.eu\\\/?s={search_term_string}\"},\"query-input\":{\"@type\":\"PropertyValueSpecification\",\"valueRequired\":true,\"valueName\":\"search_term_string\"}}],\"inLanguage\":\"en-GB\"},{\"@type\":[\"Person\",\"Organization\"],\"@id\":\"https:\\\/\\\/potteryart.eu\\\/#\\\/schema\\\/person\\\/819de6034d3dd0bbdcc3a95a0b6c7e4d\",\"name\":\"polonazajc_admin\",\"image\":{\"@type\":\"ImageObject\",\"inLanguage\":\"en-GB\",\"@id\":\"https:\\\/\\\/potteryart.eu\\\/wp-content\\\/uploads\\\/2020\\\/12\\\/cropped-Logo-1.png\",\"url\":\"https:\\\/\\\/potteryart.eu\\\/wp-content\\\/uploads\\\/2020\\\/12\\\/cropped-Logo-1.png\",\"contentUrl\":\"https:\\\/\\\/potteryart.eu\\\/wp-content\\\/uploads\\\/2020\\\/12\\\/cropped-Logo-1.png\",\"width\":2113,\"height\":280,\"caption\":\"polonazajc_admin\"},\"logo\":{\"@id\":\"https:\\\/\\\/potteryart.eu\\\/wp-content\\\/uploads\\\/2020\\\/12\\\/cropped-Logo-1.png\"}}]}<\/script>\n<!-- \/ Yoast SEO Premium plugin. -->","yoast_head_json":{"title":"Veronica of Kamnik on a pendant","description":"Kamni\u0161ka Veronika na obesku je pottery art oblikovanje gline Polone Zajc, to je Veronikin obesek, ki predstavlja mit o kamni\u0161ki Veroniki","robots":{"index":"index","follow":"follow","max-snippet":"max-snippet:-1","max-image-preview":"max-image-preview:large","max-video-preview":"max-video-preview:-1"},"canonical":"https:\/\/potteryart.eu\/en_gb\/spletna-trgovina\/unikaten-nakit-iz-gline\/kamniska-veronika-na-obesku\/","og_locale":"en_GB","og_type":"article","og_title":"Kamni\u0161ka Veronika na obesku","og_description":"Kamni\u0161ka Veronika na obesku je pottery art oblikovanje gline Polone Zajc, to je Veronikin obesek, ki predstavlja mit o kamni\u0161ki Veroniki","og_url":"https:\/\/potteryart.eu\/en_gb\/spletna-trgovina\/unikaten-nakit-iz-gline\/kamniska-veronika-na-obesku\/","og_site_name":"Zajc Polona","article_modified_time":"2026-02-19T06:27:19+00:00","og_image":[{"width":2560,"height":1920,"url":"https:\/\/potteryart.eu\/wp-content\/uploads\/2023\/11\/20231113_183156-scaled.jpg","type":"image\/jpeg"}],"twitter_card":"summary_large_image","twitter_misc":{"Estimated reading time":"2 minutes"},"schema":{"@context":"https:\/\/schema.org","@graph":[{"@type":"WebPage","@id":"https:\/\/potteryart.eu\/spletna-trgovina\/unikaten-nakit-iz-gline\/kamniska-veronika-na-obesku\/","url":"https:\/\/potteryart.eu\/spletna-trgovina\/unikaten-nakit-iz-gline\/kamniska-veronika-na-obesku\/","name":"Veronica of Kamnik on a pendant","isPartOf":{"@id":"https:\/\/potteryart.eu\/#website"},"primaryImageOfPage":{"@id":"https:\/\/potteryart.eu\/spletna-trgovina\/unikaten-nakit-iz-gline\/kamniska-veronika-na-obesku\/#primaryimage"},"image":{"@id":"https:\/\/potteryart.eu\/spletna-trgovina\/unikaten-nakit-iz-gline\/kamniska-veronika-na-obesku\/#primaryimage"},"thumbnailUrl":"https:\/\/potteryart.eu\/wp-content\/uploads\/2023\/11\/20231113_183156-scaled.jpg","datePublished":"2023-11-13T18:10:13+00:00","dateModified":"2026-02-19T06:27:19+00:00","description":"Kamni\u0161ka Veronika na obesku je pottery art oblikovanje gline Polone Zajc, to je Veronikin obesek, ki predstavlja mit o kamni\u0161ki Veroniki","breadcrumb":{"@id":"https:\/\/potteryart.eu\/spletna-trgovina\/unikaten-nakit-iz-gline\/kamniska-veronika-na-obesku\/#breadcrumb"},"inLanguage":"en-GB","potentialAction":[{"@type":"ReadAction","target":["https:\/\/potteryart.eu\/spletna-trgovina\/unikaten-nakit-iz-gline\/kamniska-veronika-na-obesku\/"]}]},{"@type":"ImageObject","inLanguage":"en-GB","@id":"https:\/\/potteryart.eu\/spletna-trgovina\/unikaten-nakit-iz-gline\/kamniska-veronika-na-obesku\/#primaryimage","url":"https:\/\/potteryart.eu\/wp-content\/uploads\/2023\/11\/20231113_183156-scaled.jpg","contentUrl":"https:\/\/potteryart.eu\/wp-content\/uploads\/2023\/11\/20231113_183156-scaled.jpg","width":2560,"height":1920,"caption":"spominki iz gline, pottery art, situle, kamni\u0161ka veronika, lon\u010denka povodni mo\u017e in ur\u0161ka"},{"@type":"BreadcrumbList","@id":"https:\/\/potteryart.eu\/spletna-trgovina\/unikaten-nakit-iz-gline\/kamniska-veronika-na-obesku\/#breadcrumb","itemListElement":[{"@type":"ListItem","position":1,"name":"Home","item":"https:\/\/potteryart.eu\/"},{"@type":"ListItem","position":2,"name":"Spletna trgovina","item":"https:\/\/potteryart.eu\/spletna-trgovina\/"},{"@type":"ListItem","position":3,"name":"Kamni\u0161ka Veronika na obesku"}]},{"@type":"WebSite","@id":"https:\/\/potteryart.eu\/#website","url":"https:\/\/potteryart.eu\/","name":"Zajc Polona","description":"","publisher":{"@id":"https:\/\/potteryart.eu\/#\/schema\/person\/819de6034d3dd0bbdcc3a95a0b6c7e4d"},"potentialAction":[{"@type":"SearchAction","target":{"@type":"EntryPoint","urlTemplate":"https:\/\/potteryart.eu\/?s={search_term_string}"},"query-input":{"@type":"PropertyValueSpecification","valueRequired":true,"valueName":"search_term_string"}}],"inLanguage":"en-GB"},{"@type":["Person","Organization"],"@id":"https:\/\/potteryart.eu\/#\/schema\/person\/819de6034d3dd0bbdcc3a95a0b6c7e4d","name":"polonazajc_admin","image":{"@type":"ImageObject","inLanguage":"en-GB","@id":"https:\/\/potteryart.eu\/wp-content\/uploads\/2020\/12\/cropped-Logo-1.png","url":"https:\/\/potteryart.eu\/wp-content\/uploads\/2020\/12\/cropped-Logo-1.png","contentUrl":"https:\/\/potteryart.eu\/wp-content\/uploads\/2020\/12\/cropped-Logo-1.png","width":2113,"height":280,"caption":"polonazajc_admin"},"logo":{"@id":"https:\/\/potteryart.eu\/wp-content\/uploads\/2020\/12\/cropped-Logo-1.png"}}]}},"_links":{"self":[{"href":"https:\/\/potteryart.eu\/en_gb\/wp-json\/wp\/v2\/product\/2660","targetHints":{"allow":["GET"]}}],"collection":[{"href":"https:\/\/potteryart.eu\/en_gb\/wp-json\/wp\/v2\/product"}],"about":[{"href":"https:\/\/potteryart.eu\/en_gb\/wp-json\/wp\/v2\/types\/product"}],"replies":[{"embeddable":true,"href":"https:\/\/potteryart.eu\/en_gb\/wp-json\/wp\/v2\/comments?post=2660"}],"wp:featuredmedia":[{"embeddable":true,"href":"https:\/\/potteryart.eu\/en_gb\/wp-json\/wp\/v2\/media\/3242"}],"wp:attachment":[{"href":"https:\/\/potteryart.eu\/en_gb\/wp-json\/wp\/v2\/media?parent=2660"}],"wp:term":[{"taxonomy":"product_brand","embeddable":true,"href":"https:\/\/potteryart.eu\/en_gb\/wp-json\/wp\/v2\/product_brand?post=2660"},{"taxonomy":"product_cat","embeddable":true,"href":"https:\/\/potteryart.eu\/en_gb\/wp-json\/wp\/v2\/product_cat?post=2660"},{"taxonomy":"product_tag","embeddable":true,"href":"https:\/\/potteryart.eu\/en_gb\/wp-json\/wp\/v2\/product_tag?post=2660"}],"curies":[{"name":"wp","href":"https:\/\/api.w.org\/{rel}","templated":true}]}}