{"id":271,"date":"2020-12-27T09:43:01","date_gmt":"2020-12-27T08:43:01","guid":{"rendered":"https:\/\/potteryart.eu\/izdelek\/okrasni-jajek-2003\/"},"modified":"2026-02-18T20:06:27","modified_gmt":"2026-02-18T19:06:27","slug":"unikatno-malo-glineno-jajce-2003","status":"publish","type":"product","link":"https:\/\/potteryart.eu\/en_gb\/spletna-trgovina\/unikatni-loncarski-izdelki-iz-kamenine\/unikatni-loncarski-izdelki-iz-keramike\/unikatno-malo-glineno-jajce-2003\/","title":{"rendered":"Unique little clay egg 2003"},"content":{"rendered":"<h1>Unique little clay egg<\/h1>\n<p>Unique little clay egg is a product of pottery art clay design by Polona Zajc. It is made in the technique of pouring liquid clay into a plaster model of her own making. The surface is hand painted with different colours of glazes. Some have the surface hand-perforated with holes, creating a beautiful pattern typical of pottery art clay design.  The small decorative ceramic egg is fired at 1030\u00b0C. The colours are durable, as they are exclusively intended for clay dyeing use and go beyond the firing process. It has a metal loop at the top on which the unique little clay egg can hang. The height of the product is 6 cm.<\/p>\n<h2>Pottery art clay design by Polona Zajc<\/h2>\n<p>Pottery art oblikovanje gline Polone Zajc ima v svoji zbirki unikatni obeski iz gline razli\u010dna unikatna glinena jajca. Narejena so v razli\u010dnih velikostih. Najve\u010dji je narejen v izrezani obliki, po sredini so na vrvici nanizani ro\u010dno izdelani unikatni okraski iz gline. Sledita pa \u0161e <a href=\"https:\/\/potteryart.eu\/en_gb\/spletna-trgovina\/unikatni-loncarski-izdelki-iz-kamenine\/unikatni-izdelki-iz-kamenine-za-dom\/unikatno-srednje-glineno-jajce\/\">unikatno srednje<\/a> in\u00a0<a href=\"https:\/\/potteryart.eu\/en_gb\/spletna-trgovina\/unikatni-loncarski-izdelki-iz-keramike\/unikatni-loncarski-izdelki-za-dom\/unikatno-veliko-glineno-jajce\/\"> unikatno veliko glineno jajce<\/a>. Vsi so narejeni izklju\u010dno ro\u010dno, poslikani v razli\u010dnih barvah, nekateri pa so perforirani z luknjicami, kar daje izdelku \u010dudovit vzorec, zna\u010dilen za pottery art oblikovanje gline.<\/p>\n<h3>Little Easter egg made of clay<\/h3>\n<p>The Little Clay Easter Egg is the smallest in our collection of unique clay eggs. It is hand-painted on the surface with different colours in a typical pottery art pattern, with perforated holes of different sizes. This is a small decorative clay egg, made as a clay pendant to adorn the home at Easter. In fact, the egg is a typical shape that appears at Easter, a holiday that essentially heralds the arrival of spring. At this time, life expands once again into all the pores of our existence, the time of light grows longer and longer, and people become more joyful. It is the time when we decorate our home to make it more beautiful and more pleasant to live in. And that's what the little Easter egg made of clay, in vibrant colours, is all about. Made exclusively by hand, the clay egg is unique because each of its designs is inimitable.<\/p>","protected":false},"excerpt":{"rendered":"<p>Unikatno malo glineno jajce Unikatno malo glineno jajce je izdelek pottery art oblikovanje gline Polone Zajc. Narejeno je v tehniki vlivanja teko\u010de gline v mav\u010dni model lastne izdelave. Povr\u0161ina je ro\u010dno poslikana z razli\u010dnimi barvami glazur. Nekateri\u00a0 imajo povr\u0161ino ro\u010dno perforirano z luknjicami, pri \u010demer nastane \u010dudovit vzorec, zna\u010dilen za pottery art oblikovanje gline.\u00a0 Malo [&hellip;]<\/p>\n","protected":false},"featured_media":2481,"comment_status":"open","ping_status":"closed","template":"","meta":[],"product_brand":[],"product_cat":[262,264,268],"product_tag":[28,30,27,29,26],"class_list":{"0":"post-271","1":"product","2":"type-product","3":"status-publish","4":"has-post-thumbnail","6":"product_cat-unikatni-loncarski-izdelki-iz-keramike","7":"product_cat-unikatni-loncarski-izdelki-za-dom","8":"product_cat-unikatni-obeski-iz-gline","9":"product_tag-dekor","10":"product_tag-jajcek","11":"product_tag-obesanke","12":"product_tag-okraski","13":"product_tag-velika-noc","15":"first","16":"outofstock","17":"purchasable","18":"product-type-simple"},"yoast_head":"<!-- This site is optimized with the Yoast SEO Premium plugin v27.4 (Yoast SEO v27.4) - https:\/\/yoast.com\/product\/yoast-seo-premium-wordpress\/ -->\n<title>Unikatno malo glineno jajce 2003 - Zajc Polona<\/title>\n<meta name=\"description\" content=\"unikatno malo glineno jajce je izdelek pottery art oblikovanje gline Polone Zajc, to je malo velikono\u010dno jajce iz gline, namenjeno dekoraciji doma\" \/>\n<meta name=\"robots\" content=\"index, follow, max-snippet:-1, max-image-preview:large, max-video-preview:-1\" \/>\n<link rel=\"canonical\" href=\"https:\/\/potteryart.eu\/en_gb\/spletna-trgovina\/unikatni-loncarski-izdelki-iz-kamenine\/unikatni-loncarski-izdelki-iz-keramike\/unikatno-malo-glineno-jajce-2003\/\" \/>\n<meta property=\"og:locale\" content=\"en_GB\" \/>\n<meta property=\"og:type\" content=\"article\" \/>\n<meta property=\"og:title\" content=\"Unikatno malo glineno jajce 2003\" \/>\n<meta property=\"og:description\" content=\"unikatno malo glineno jajce je izdelek pottery art oblikovanje gline Polone Zajc, to je malo velikono\u010dno jajce iz gline, namenjeno dekoraciji doma\" \/>\n<meta property=\"og:url\" content=\"https:\/\/potteryart.eu\/en_gb\/spletna-trgovina\/unikatni-loncarski-izdelki-iz-kamenine\/unikatni-loncarski-izdelki-iz-keramike\/unikatno-malo-glineno-jajce-2003\/\" \/>\n<meta property=\"og:site_name\" content=\"Zajc Polona\" \/>\n<meta property=\"article:modified_time\" content=\"2026-02-18T19:06:27+00:00\" \/>\n<meta property=\"og:image\" content=\"https:\/\/potteryart.eu\/wp-content\/uploads\/2023\/05\/jajca2-scaled.jpg\" \/>\n\t<meta property=\"og:image:width\" content=\"1920\" \/>\n\t<meta property=\"og:image:height\" content=\"2560\" \/>\n\t<meta property=\"og:image:type\" content=\"image\/jpeg\" \/>\n<meta name=\"twitter:card\" content=\"summary_large_image\" \/>\n<meta name=\"twitter:label1\" content=\"Estimated reading time\" \/>\n\t<meta name=\"twitter:data1\" content=\"2 minutes\" \/>\n<script type=\"application\/ld+json\" class=\"yoast-schema-graph\">{\"@context\":\"https:\\\/\\\/schema.org\",\"@graph\":[{\"@type\":\"WebPage\",\"@id\":\"https:\\\/\\\/potteryart.eu\\\/spletna-trgovina\\\/unikatni-loncarski-izdelki-iz-kamenine\\\/unikatni-loncarski-izdelki-iz-keramike\\\/unikatno-malo-glineno-jajce-2003\\\/\",\"url\":\"https:\\\/\\\/potteryart.eu\\\/spletna-trgovina\\\/unikatni-loncarski-izdelki-iz-kamenine\\\/unikatni-loncarski-izdelki-iz-keramike\\\/unikatno-malo-glineno-jajce-2003\\\/\",\"name\":\"Unikatno malo glineno jajce 2003 - Zajc Polona\",\"isPartOf\":{\"@id\":\"https:\\\/\\\/potteryart.eu\\\/#website\"},\"primaryImageOfPage\":{\"@id\":\"https:\\\/\\\/potteryart.eu\\\/spletna-trgovina\\\/unikatni-loncarski-izdelki-iz-kamenine\\\/unikatni-loncarski-izdelki-iz-keramike\\\/unikatno-malo-glineno-jajce-2003\\\/#primaryimage\"},\"image\":{\"@id\":\"https:\\\/\\\/potteryart.eu\\\/spletna-trgovina\\\/unikatni-loncarski-izdelki-iz-kamenine\\\/unikatni-loncarski-izdelki-iz-keramike\\\/unikatno-malo-glineno-jajce-2003\\\/#primaryimage\"},\"thumbnailUrl\":\"https:\\\/\\\/potteryart.eu\\\/wp-content\\\/uploads\\\/2023\\\/05\\\/jajca2-scaled.jpg\",\"datePublished\":\"2020-12-27T08:43:01+00:00\",\"dateModified\":\"2026-02-18T19:06:27+00:00\",\"description\":\"unikatno malo glineno jajce je izdelek pottery art oblikovanje gline Polone Zajc, to je malo velikono\u010dno jajce iz gline, namenjeno dekoraciji doma\",\"breadcrumb\":{\"@id\":\"https:\\\/\\\/potteryart.eu\\\/spletna-trgovina\\\/unikatni-loncarski-izdelki-iz-kamenine\\\/unikatni-loncarski-izdelki-iz-keramike\\\/unikatno-malo-glineno-jajce-2003\\\/#breadcrumb\"},\"inLanguage\":\"en-GB\",\"potentialAction\":[{\"@type\":\"ReadAction\",\"target\":[\"https:\\\/\\\/potteryart.eu\\\/spletna-trgovina\\\/unikatni-loncarski-izdelki-iz-kamenine\\\/unikatni-loncarski-izdelki-iz-keramike\\\/unikatno-malo-glineno-jajce-2003\\\/\"]}]},{\"@type\":\"ImageObject\",\"inLanguage\":\"en-GB\",\"@id\":\"https:\\\/\\\/potteryart.eu\\\/spletna-trgovina\\\/unikatni-loncarski-izdelki-iz-kamenine\\\/unikatni-loncarski-izdelki-iz-keramike\\\/unikatno-malo-glineno-jajce-2003\\\/#primaryimage\",\"url\":\"https:\\\/\\\/potteryart.eu\\\/wp-content\\\/uploads\\\/2023\\\/05\\\/jajca2-scaled.jpg\",\"contentUrl\":\"https:\\\/\\\/potteryart.eu\\\/wp-content\\\/uploads\\\/2023\\\/05\\\/jajca2-scaled.jpg\",\"width\":1920,\"height\":2560,\"caption\":\"unikatno malo glineno jajce, pottery art, malo velikono\u010dno jajce iz gline\"},{\"@type\":\"BreadcrumbList\",\"@id\":\"https:\\\/\\\/potteryart.eu\\\/spletna-trgovina\\\/unikatni-loncarski-izdelki-iz-kamenine\\\/unikatni-loncarski-izdelki-iz-keramike\\\/unikatno-malo-glineno-jajce-2003\\\/#breadcrumb\",\"itemListElement\":[{\"@type\":\"ListItem\",\"position\":1,\"name\":\"Home\",\"item\":\"https:\\\/\\\/potteryart.eu\\\/\"},{\"@type\":\"ListItem\",\"position\":2,\"name\":\"Spletna trgovina\",\"item\":\"https:\\\/\\\/potteryart.eu\\\/spletna-trgovina\\\/\"},{\"@type\":\"ListItem\",\"position\":3,\"name\":\"Unikatno malo glineno jajce 2003\"}]},{\"@type\":\"WebSite\",\"@id\":\"https:\\\/\\\/potteryart.eu\\\/#website\",\"url\":\"https:\\\/\\\/potteryart.eu\\\/\",\"name\":\"Zajc Polona\",\"description\":\"\",\"publisher\":{\"@id\":\"https:\\\/\\\/potteryart.eu\\\/#\\\/schema\\\/person\\\/819de6034d3dd0bbdcc3a95a0b6c7e4d\"},\"potentialAction\":[{\"@type\":\"SearchAction\",\"target\":{\"@type\":\"EntryPoint\",\"urlTemplate\":\"https:\\\/\\\/potteryart.eu\\\/?s={search_term_string}\"},\"query-input\":{\"@type\":\"PropertyValueSpecification\",\"valueRequired\":true,\"valueName\":\"search_term_string\"}}],\"inLanguage\":\"en-GB\"},{\"@type\":[\"Person\",\"Organization\"],\"@id\":\"https:\\\/\\\/potteryart.eu\\\/#\\\/schema\\\/person\\\/819de6034d3dd0bbdcc3a95a0b6c7e4d\",\"name\":\"polonazajc_admin\",\"image\":{\"@type\":\"ImageObject\",\"inLanguage\":\"en-GB\",\"@id\":\"https:\\\/\\\/potteryart.eu\\\/wp-content\\\/uploads\\\/2020\\\/12\\\/cropped-Logo-1.png\",\"url\":\"https:\\\/\\\/potteryart.eu\\\/wp-content\\\/uploads\\\/2020\\\/12\\\/cropped-Logo-1.png\",\"contentUrl\":\"https:\\\/\\\/potteryart.eu\\\/wp-content\\\/uploads\\\/2020\\\/12\\\/cropped-Logo-1.png\",\"width\":2113,\"height\":280,\"caption\":\"polonazajc_admin\"},\"logo\":{\"@id\":\"https:\\\/\\\/potteryart.eu\\\/wp-content\\\/uploads\\\/2020\\\/12\\\/cropped-Logo-1.png\"}}]}<\/script>\n<!-- \/ Yoast SEO Premium plugin. -->","yoast_head_json":{"title":"Unikatno malo glineno jajce 2003 - Zajc Polona","description":"unikatno malo glineno jajce je izdelek pottery art oblikovanje gline Polone Zajc, to je malo velikono\u010dno jajce iz gline, namenjeno dekoraciji doma","robots":{"index":"index","follow":"follow","max-snippet":"max-snippet:-1","max-image-preview":"max-image-preview:large","max-video-preview":"max-video-preview:-1"},"canonical":"https:\/\/potteryart.eu\/en_gb\/spletna-trgovina\/unikatni-loncarski-izdelki-iz-kamenine\/unikatni-loncarski-izdelki-iz-keramike\/unikatno-malo-glineno-jajce-2003\/","og_locale":"en_GB","og_type":"article","og_title":"Unikatno malo glineno jajce 2003","og_description":"unikatno malo glineno jajce je izdelek pottery art oblikovanje gline Polone Zajc, to je malo velikono\u010dno jajce iz gline, namenjeno dekoraciji doma","og_url":"https:\/\/potteryart.eu\/en_gb\/spletna-trgovina\/unikatni-loncarski-izdelki-iz-kamenine\/unikatni-loncarski-izdelki-iz-keramike\/unikatno-malo-glineno-jajce-2003\/","og_site_name":"Zajc Polona","article_modified_time":"2026-02-18T19:06:27+00:00","og_image":[{"width":1920,"height":2560,"url":"https:\/\/potteryart.eu\/wp-content\/uploads\/2023\/05\/jajca2-scaled.jpg","type":"image\/jpeg"}],"twitter_card":"summary_large_image","twitter_misc":{"Estimated reading time":"2 minutes"},"schema":{"@context":"https:\/\/schema.org","@graph":[{"@type":"WebPage","@id":"https:\/\/potteryart.eu\/spletna-trgovina\/unikatni-loncarski-izdelki-iz-kamenine\/unikatni-loncarski-izdelki-iz-keramike\/unikatno-malo-glineno-jajce-2003\/","url":"https:\/\/potteryart.eu\/spletna-trgovina\/unikatni-loncarski-izdelki-iz-kamenine\/unikatni-loncarski-izdelki-iz-keramike\/unikatno-malo-glineno-jajce-2003\/","name":"Unikatno malo glineno jajce 2003 - Zajc Polona","isPartOf":{"@id":"https:\/\/potteryart.eu\/#website"},"primaryImageOfPage":{"@id":"https:\/\/potteryart.eu\/spletna-trgovina\/unikatni-loncarski-izdelki-iz-kamenine\/unikatni-loncarski-izdelki-iz-keramike\/unikatno-malo-glineno-jajce-2003\/#primaryimage"},"image":{"@id":"https:\/\/potteryart.eu\/spletna-trgovina\/unikatni-loncarski-izdelki-iz-kamenine\/unikatni-loncarski-izdelki-iz-keramike\/unikatno-malo-glineno-jajce-2003\/#primaryimage"},"thumbnailUrl":"https:\/\/potteryart.eu\/wp-content\/uploads\/2023\/05\/jajca2-scaled.jpg","datePublished":"2020-12-27T08:43:01+00:00","dateModified":"2026-02-18T19:06:27+00:00","description":"unikatno malo glineno jajce je izdelek pottery art oblikovanje gline Polone Zajc, to je malo velikono\u010dno jajce iz gline, namenjeno dekoraciji doma","breadcrumb":{"@id":"https:\/\/potteryart.eu\/spletna-trgovina\/unikatni-loncarski-izdelki-iz-kamenine\/unikatni-loncarski-izdelki-iz-keramike\/unikatno-malo-glineno-jajce-2003\/#breadcrumb"},"inLanguage":"en-GB","potentialAction":[{"@type":"ReadAction","target":["https:\/\/potteryart.eu\/spletna-trgovina\/unikatni-loncarski-izdelki-iz-kamenine\/unikatni-loncarski-izdelki-iz-keramike\/unikatno-malo-glineno-jajce-2003\/"]}]},{"@type":"ImageObject","inLanguage":"en-GB","@id":"https:\/\/potteryart.eu\/spletna-trgovina\/unikatni-loncarski-izdelki-iz-kamenine\/unikatni-loncarski-izdelki-iz-keramike\/unikatno-malo-glineno-jajce-2003\/#primaryimage","url":"https:\/\/potteryart.eu\/wp-content\/uploads\/2023\/05\/jajca2-scaled.jpg","contentUrl":"https:\/\/potteryart.eu\/wp-content\/uploads\/2023\/05\/jajca2-scaled.jpg","width":1920,"height":2560,"caption":"unikatno malo glineno jajce, pottery art, malo velikono\u010dno jajce iz gline"},{"@type":"BreadcrumbList","@id":"https:\/\/potteryart.eu\/spletna-trgovina\/unikatni-loncarski-izdelki-iz-kamenine\/unikatni-loncarski-izdelki-iz-keramike\/unikatno-malo-glineno-jajce-2003\/#breadcrumb","itemListElement":[{"@type":"ListItem","position":1,"name":"Home","item":"https:\/\/potteryart.eu\/"},{"@type":"ListItem","position":2,"name":"Spletna trgovina","item":"https:\/\/potteryart.eu\/spletna-trgovina\/"},{"@type":"ListItem","position":3,"name":"Unikatno malo glineno jajce 2003"}]},{"@type":"WebSite","@id":"https:\/\/potteryart.eu\/#website","url":"https:\/\/potteryart.eu\/","name":"Zajc Polona","description":"","publisher":{"@id":"https:\/\/potteryart.eu\/#\/schema\/person\/819de6034d3dd0bbdcc3a95a0b6c7e4d"},"potentialAction":[{"@type":"SearchAction","target":{"@type":"EntryPoint","urlTemplate":"https:\/\/potteryart.eu\/?s={search_term_string}"},"query-input":{"@type":"PropertyValueSpecification","valueRequired":true,"valueName":"search_term_string"}}],"inLanguage":"en-GB"},{"@type":["Person","Organization"],"@id":"https:\/\/potteryart.eu\/#\/schema\/person\/819de6034d3dd0bbdcc3a95a0b6c7e4d","name":"polonazajc_admin","image":{"@type":"ImageObject","inLanguage":"en-GB","@id":"https:\/\/potteryart.eu\/wp-content\/uploads\/2020\/12\/cropped-Logo-1.png","url":"https:\/\/potteryart.eu\/wp-content\/uploads\/2020\/12\/cropped-Logo-1.png","contentUrl":"https:\/\/potteryart.eu\/wp-content\/uploads\/2020\/12\/cropped-Logo-1.png","width":2113,"height":280,"caption":"polonazajc_admin"},"logo":{"@id":"https:\/\/potteryart.eu\/wp-content\/uploads\/2020\/12\/cropped-Logo-1.png"}}]}},"_links":{"self":[{"href":"https:\/\/potteryart.eu\/en_gb\/wp-json\/wp\/v2\/product\/271","targetHints":{"allow":["GET"]}}],"collection":[{"href":"https:\/\/potteryart.eu\/en_gb\/wp-json\/wp\/v2\/product"}],"about":[{"href":"https:\/\/potteryart.eu\/en_gb\/wp-json\/wp\/v2\/types\/product"}],"replies":[{"embeddable":true,"href":"https:\/\/potteryart.eu\/en_gb\/wp-json\/wp\/v2\/comments?post=271"}],"wp:featuredmedia":[{"embeddable":true,"href":"https:\/\/potteryart.eu\/en_gb\/wp-json\/wp\/v2\/media\/2481"}],"wp:attachment":[{"href":"https:\/\/potteryart.eu\/en_gb\/wp-json\/wp\/v2\/media?parent=271"}],"wp:term":[{"taxonomy":"product_brand","embeddable":true,"href":"https:\/\/potteryart.eu\/en_gb\/wp-json\/wp\/v2\/product_brand?post=271"},{"taxonomy":"product_cat","embeddable":true,"href":"https:\/\/potteryart.eu\/en_gb\/wp-json\/wp\/v2\/product_cat?post=271"},{"taxonomy":"product_tag","embeddable":true,"href":"https:\/\/potteryart.eu\/en_gb\/wp-json\/wp\/v2\/product_tag?post=271"}],"curies":[{"name":"wp","href":"https:\/\/api.w.org\/{rel}","templated":true}]}}