{"id":2744,"date":"2024-05-15T19:24:21","date_gmt":"2024-05-15T17:24:21","guid":{"rendered":"https:\/\/potteryart.eu\/?post_type=product&#038;p=2744"},"modified":"2024-05-15T20:20:01","modified_gmt":"2024-05-15T18:20:01","slug":"unikaten-turkizen-perforiran-kroznik","status":"publish","type":"product","link":"https:\/\/potteryart.eu\/en_gb\/spletna-trgovina\/unikatni-loncarski-izdelki-iz-kamenine\/unikatni-izdelki-iz-kamenine-za-dom\/unikaten-turkizen-perforiran-kroznik\/","title":{"rendered":"Unique turquoise perforated plate"},"content":{"rendered":"<h1>Unique turquoise perforated plate<\/h1>\n<p class=\"translation-block\">Unique turquoise perforated plate is a product of pottery art clay design by Polona Zajc. It is made on a pottery spindle from black stoneware. It has a hand-carved pottery art pattern on the surface, painted with a translucent turquoise glaze. A pattern of perforated holes of different sizes is around the rim.  The turquoise plate with perforations is of high quality, designed for home decoration and can also be used to serve dry food or fruit. It is fired at a temperature of 1220 \u00b0C. The plate has a diameter of 32 cm.<\/p>\n<h2>Pottery art clay design by Polona Zajc<\/h2>\n<p>Pottery art clay design by Polona Zajc also has unique clay plates in her collection. They are made exclusively by hand, in different colours of clay and glazes. Even though some of them are classified as decorative plates, they can be used for serving food. They are made from the finest quality clays and glazes, fired at the appropriate temperature to ensure a high quality product. After use, the unique clay plates can simply be washed in the dishwasher. The unique turquoise perforated plate is one of the plates in this series.<\/p>\n<h3>Handmade turquoise plate with holes<\/h3>\n<p>Handmade turquoise plate with holes is a product made of elegant black stoneware. It has a distinctive pottery art pattern carved in the centre, painted with an iridescent turquoise glaze, in a combination of hand-perforated holes of different sizes. The inimitable rippled rim effect has created a completely unique plate that cannot be recreated in all its details. It is solid, yet its pattern gives an impression of fragility and elegance. It is not only intended for home decoration, but can also be used for serving food, from various snacks to fruit, without any worries. When it is not storing and serving food, the handmade turquoise plate with holes is intended for home decoration. Its beauty and elegance enhance any piece of furniture on which it is placed. It is a precious piece of stoneware because it is completely handmade, unique and therefore inimitable.<\/p>","protected":false},"excerpt":{"rendered":"<p>Unikaten turkizen perforiran kro\u017enik Unikaten turkizen perforiran kro\u017enik je izdelek pottery art oblikovanje gline Polone Zajc. Narejen je na lon\u010darskem vretenu iz \u010drne kamenine. Po povr\u0161ini ima ro\u010dno vrezan pottery art vzorec, pobarvan s prelivajo\u010do se turkizno glazuro. Ob robu je vzorec s perforiranimi luknjicami razli\u010dnih velikosti.\u00a0 Turkizen kro\u017enik z luknjicami je visoko kvaliteten, namenjen [&hellip;]<\/p>\n","protected":false},"featured_media":2732,"comment_status":"open","ping_status":"closed","template":"","meta":[],"product_brand":[],"product_cat":[274,269,265],"product_tag":[],"class_list":{"0":"post-2744","1":"product","2":"type-product","3":"status-publish","4":"has-post-thumbnail","6":"product_cat-unikatni-izdelki-iz-kamenine-za-dom","7":"product_cat-unikatni-krozniki-iz-gline","8":"product_cat-unikatni-loncarski-izdelki-iz-kamenine","9":"product_shipping_class-2kg","11":"first","12":"instock","13":"purchasable","14":"product-type-simple"},"yoast_head":"<!-- This site is optimized with the Yoast SEO Premium plugin v27.4 (Yoast SEO v27.4) - https:\/\/yoast.com\/product\/yoast-seo-premium-wordpress\/ -->\n<title>unikaten turkizen perforiran kro\u017enik<\/title>\n<meta name=\"description\" content=\"Unikaten turkizen perforiran kro\u017enik je izdelek pottery art oblikovanje gline Polone Zajc. To je ro\u010dno izdelan turkizen kro\u017enik z luknjicami.\" \/>\n<meta name=\"robots\" content=\"index, follow, max-snippet:-1, max-image-preview:large, max-video-preview:-1\" \/>\n<link rel=\"canonical\" href=\"https:\/\/potteryart.eu\/en_gb\/spletna-trgovina\/unikatni-loncarski-izdelki-iz-kamenine\/unikatni-izdelki-iz-kamenine-za-dom\/unikaten-turkizen-perforiran-kroznik\/\" \/>\n<meta property=\"og:locale\" content=\"en_GB\" \/>\n<meta property=\"og:type\" content=\"article\" \/>\n<meta property=\"og:title\" content=\"Unikaten turkizen perforiran kro\u017enik\" \/>\n<meta property=\"og:description\" content=\"Unikaten turkizen perforiran kro\u017enik je izdelek pottery art oblikovanje gline Polone Zajc. To je ro\u010dno izdelan turkizen kro\u017enik z luknjicami.\" \/>\n<meta property=\"og:url\" content=\"https:\/\/potteryart.eu\/en_gb\/spletna-trgovina\/unikatni-loncarski-izdelki-iz-kamenine\/unikatni-izdelki-iz-kamenine-za-dom\/unikaten-turkizen-perforiran-kroznik\/\" \/>\n<meta property=\"og:site_name\" content=\"Zajc Polona\" \/>\n<meta property=\"article:modified_time\" content=\"2024-05-15T18:20:01+00:00\" \/>\n<meta property=\"og:image\" content=\"https:\/\/potteryart.eu\/wp-content\/uploads\/2024\/05\/kroznik-turkiz3-scaled.jpg\" \/>\n\t<meta property=\"og:image:width\" content=\"1920\" \/>\n\t<meta property=\"og:image:height\" content=\"2560\" \/>\n\t<meta property=\"og:image:type\" content=\"image\/jpeg\" \/>\n<meta name=\"twitter:card\" content=\"summary_large_image\" \/>\n<meta name=\"twitter:label1\" content=\"Estimated reading time\" \/>\n\t<meta name=\"twitter:data1\" content=\"2 minutes\" \/>\n<script type=\"application\/ld+json\" class=\"yoast-schema-graph\">{\"@context\":\"https:\\\/\\\/schema.org\",\"@graph\":[{\"@type\":\"WebPage\",\"@id\":\"https:\\\/\\\/potteryart.eu\\\/spletna-trgovina\\\/unikatni-loncarski-izdelki-iz-kamenine\\\/unikatni-izdelki-iz-kamenine-za-dom\\\/unikaten-turkizen-perforiran-kroznik\\\/\",\"url\":\"https:\\\/\\\/potteryart.eu\\\/spletna-trgovina\\\/unikatni-loncarski-izdelki-iz-kamenine\\\/unikatni-izdelki-iz-kamenine-za-dom\\\/unikaten-turkizen-perforiran-kroznik\\\/\",\"name\":\"unikaten turkizen perforiran kro\u017enik\",\"isPartOf\":{\"@id\":\"https:\\\/\\\/potteryart.eu\\\/#website\"},\"primaryImageOfPage\":{\"@id\":\"https:\\\/\\\/potteryart.eu\\\/spletna-trgovina\\\/unikatni-loncarski-izdelki-iz-kamenine\\\/unikatni-izdelki-iz-kamenine-za-dom\\\/unikaten-turkizen-perforiran-kroznik\\\/#primaryimage\"},\"image\":{\"@id\":\"https:\\\/\\\/potteryart.eu\\\/spletna-trgovina\\\/unikatni-loncarski-izdelki-iz-kamenine\\\/unikatni-izdelki-iz-kamenine-za-dom\\\/unikaten-turkizen-perforiran-kroznik\\\/#primaryimage\"},\"thumbnailUrl\":\"https:\\\/\\\/potteryart.eu\\\/wp-content\\\/uploads\\\/2024\\\/05\\\/kroznik-turkiz3-scaled.jpg\",\"datePublished\":\"2024-05-15T17:24:21+00:00\",\"dateModified\":\"2024-05-15T18:20:01+00:00\",\"description\":\"Unikaten turkizen perforiran kro\u017enik je izdelek pottery art oblikovanje gline Polone Zajc. To je ro\u010dno izdelan turkizen kro\u017enik z luknjicami.\",\"breadcrumb\":{\"@id\":\"https:\\\/\\\/potteryart.eu\\\/spletna-trgovina\\\/unikatni-loncarski-izdelki-iz-kamenine\\\/unikatni-izdelki-iz-kamenine-za-dom\\\/unikaten-turkizen-perforiran-kroznik\\\/#breadcrumb\"},\"inLanguage\":\"en-GB\",\"potentialAction\":[{\"@type\":\"ReadAction\",\"target\":[\"https:\\\/\\\/potteryart.eu\\\/spletna-trgovina\\\/unikatni-loncarski-izdelki-iz-kamenine\\\/unikatni-izdelki-iz-kamenine-za-dom\\\/unikaten-turkizen-perforiran-kroznik\\\/\"]}]},{\"@type\":\"ImageObject\",\"inLanguage\":\"en-GB\",\"@id\":\"https:\\\/\\\/potteryart.eu\\\/spletna-trgovina\\\/unikatni-loncarski-izdelki-iz-kamenine\\\/unikatni-izdelki-iz-kamenine-za-dom\\\/unikaten-turkizen-perforiran-kroznik\\\/#primaryimage\",\"url\":\"https:\\\/\\\/potteryart.eu\\\/wp-content\\\/uploads\\\/2024\\\/05\\\/kroznik-turkiz3-scaled.jpg\",\"contentUrl\":\"https:\\\/\\\/potteryart.eu\\\/wp-content\\\/uploads\\\/2024\\\/05\\\/kroznik-turkiz3-scaled.jpg\",\"width\":1920,\"height\":2560,\"caption\":\"unikaten turkizen perforiran kro\u017enik, pottery art, ro\u010dno izdelan turkizen kro\u017enik z luknjicami\"},{\"@type\":\"BreadcrumbList\",\"@id\":\"https:\\\/\\\/potteryart.eu\\\/spletna-trgovina\\\/unikatni-loncarski-izdelki-iz-kamenine\\\/unikatni-izdelki-iz-kamenine-za-dom\\\/unikaten-turkizen-perforiran-kroznik\\\/#breadcrumb\",\"itemListElement\":[{\"@type\":\"ListItem\",\"position\":1,\"name\":\"Home\",\"item\":\"https:\\\/\\\/potteryart.eu\\\/\"},{\"@type\":\"ListItem\",\"position\":2,\"name\":\"Spletna trgovina\",\"item\":\"https:\\\/\\\/potteryart.eu\\\/spletna-trgovina\\\/\"},{\"@type\":\"ListItem\",\"position\":3,\"name\":\"Unikaten turkizen perforiran kro\u017enik\"}]},{\"@type\":\"WebSite\",\"@id\":\"https:\\\/\\\/potteryart.eu\\\/#website\",\"url\":\"https:\\\/\\\/potteryart.eu\\\/\",\"name\":\"Zajc Polona\",\"description\":\"\",\"publisher\":{\"@id\":\"https:\\\/\\\/potteryart.eu\\\/#\\\/schema\\\/person\\\/819de6034d3dd0bbdcc3a95a0b6c7e4d\"},\"potentialAction\":[{\"@type\":\"SearchAction\",\"target\":{\"@type\":\"EntryPoint\",\"urlTemplate\":\"https:\\\/\\\/potteryart.eu\\\/?s={search_term_string}\"},\"query-input\":{\"@type\":\"PropertyValueSpecification\",\"valueRequired\":true,\"valueName\":\"search_term_string\"}}],\"inLanguage\":\"en-GB\"},{\"@type\":[\"Person\",\"Organization\"],\"@id\":\"https:\\\/\\\/potteryart.eu\\\/#\\\/schema\\\/person\\\/819de6034d3dd0bbdcc3a95a0b6c7e4d\",\"name\":\"polonazajc_admin\",\"image\":{\"@type\":\"ImageObject\",\"inLanguage\":\"en-GB\",\"@id\":\"https:\\\/\\\/potteryart.eu\\\/wp-content\\\/uploads\\\/2020\\\/12\\\/cropped-Logo-1.png\",\"url\":\"https:\\\/\\\/potteryart.eu\\\/wp-content\\\/uploads\\\/2020\\\/12\\\/cropped-Logo-1.png\",\"contentUrl\":\"https:\\\/\\\/potteryart.eu\\\/wp-content\\\/uploads\\\/2020\\\/12\\\/cropped-Logo-1.png\",\"width\":2113,\"height\":280,\"caption\":\"polonazajc_admin\"},\"logo\":{\"@id\":\"https:\\\/\\\/potteryart.eu\\\/wp-content\\\/uploads\\\/2020\\\/12\\\/cropped-Logo-1.png\"}}]}<\/script>\n<!-- \/ Yoast SEO Premium plugin. -->","yoast_head_json":{"title":"unikaten turkizen perforiran kro\u017enik","description":"Unikaten turkizen perforiran kro\u017enik je izdelek pottery art oblikovanje gline Polone Zajc. To je ro\u010dno izdelan turkizen kro\u017enik z luknjicami.","robots":{"index":"index","follow":"follow","max-snippet":"max-snippet:-1","max-image-preview":"max-image-preview:large","max-video-preview":"max-video-preview:-1"},"canonical":"https:\/\/potteryart.eu\/en_gb\/spletna-trgovina\/unikatni-loncarski-izdelki-iz-kamenine\/unikatni-izdelki-iz-kamenine-za-dom\/unikaten-turkizen-perforiran-kroznik\/","og_locale":"en_GB","og_type":"article","og_title":"Unikaten turkizen perforiran kro\u017enik","og_description":"Unikaten turkizen perforiran kro\u017enik je izdelek pottery art oblikovanje gline Polone Zajc. To je ro\u010dno izdelan turkizen kro\u017enik z luknjicami.","og_url":"https:\/\/potteryart.eu\/en_gb\/spletna-trgovina\/unikatni-loncarski-izdelki-iz-kamenine\/unikatni-izdelki-iz-kamenine-za-dom\/unikaten-turkizen-perforiran-kroznik\/","og_site_name":"Zajc Polona","article_modified_time":"2024-05-15T18:20:01+00:00","og_image":[{"width":1920,"height":2560,"url":"https:\/\/potteryart.eu\/wp-content\/uploads\/2024\/05\/kroznik-turkiz3-scaled.jpg","type":"image\/jpeg"}],"twitter_card":"summary_large_image","twitter_misc":{"Estimated reading time":"2 minutes"},"schema":{"@context":"https:\/\/schema.org","@graph":[{"@type":"WebPage","@id":"https:\/\/potteryart.eu\/spletna-trgovina\/unikatni-loncarski-izdelki-iz-kamenine\/unikatni-izdelki-iz-kamenine-za-dom\/unikaten-turkizen-perforiran-kroznik\/","url":"https:\/\/potteryart.eu\/spletna-trgovina\/unikatni-loncarski-izdelki-iz-kamenine\/unikatni-izdelki-iz-kamenine-za-dom\/unikaten-turkizen-perforiran-kroznik\/","name":"unikaten turkizen perforiran kro\u017enik","isPartOf":{"@id":"https:\/\/potteryart.eu\/#website"},"primaryImageOfPage":{"@id":"https:\/\/potteryart.eu\/spletna-trgovina\/unikatni-loncarski-izdelki-iz-kamenine\/unikatni-izdelki-iz-kamenine-za-dom\/unikaten-turkizen-perforiran-kroznik\/#primaryimage"},"image":{"@id":"https:\/\/potteryart.eu\/spletna-trgovina\/unikatni-loncarski-izdelki-iz-kamenine\/unikatni-izdelki-iz-kamenine-za-dom\/unikaten-turkizen-perforiran-kroznik\/#primaryimage"},"thumbnailUrl":"https:\/\/potteryart.eu\/wp-content\/uploads\/2024\/05\/kroznik-turkiz3-scaled.jpg","datePublished":"2024-05-15T17:24:21+00:00","dateModified":"2024-05-15T18:20:01+00:00","description":"Unikaten turkizen perforiran kro\u017enik je izdelek pottery art oblikovanje gline Polone Zajc. To je ro\u010dno izdelan turkizen kro\u017enik z luknjicami.","breadcrumb":{"@id":"https:\/\/potteryart.eu\/spletna-trgovina\/unikatni-loncarski-izdelki-iz-kamenine\/unikatni-izdelki-iz-kamenine-za-dom\/unikaten-turkizen-perforiran-kroznik\/#breadcrumb"},"inLanguage":"en-GB","potentialAction":[{"@type":"ReadAction","target":["https:\/\/potteryart.eu\/spletna-trgovina\/unikatni-loncarski-izdelki-iz-kamenine\/unikatni-izdelki-iz-kamenine-za-dom\/unikaten-turkizen-perforiran-kroznik\/"]}]},{"@type":"ImageObject","inLanguage":"en-GB","@id":"https:\/\/potteryart.eu\/spletna-trgovina\/unikatni-loncarski-izdelki-iz-kamenine\/unikatni-izdelki-iz-kamenine-za-dom\/unikaten-turkizen-perforiran-kroznik\/#primaryimage","url":"https:\/\/potteryart.eu\/wp-content\/uploads\/2024\/05\/kroznik-turkiz3-scaled.jpg","contentUrl":"https:\/\/potteryart.eu\/wp-content\/uploads\/2024\/05\/kroznik-turkiz3-scaled.jpg","width":1920,"height":2560,"caption":"unikaten turkizen perforiran kro\u017enik, pottery art, ro\u010dno izdelan turkizen kro\u017enik z luknjicami"},{"@type":"BreadcrumbList","@id":"https:\/\/potteryart.eu\/spletna-trgovina\/unikatni-loncarski-izdelki-iz-kamenine\/unikatni-izdelki-iz-kamenine-za-dom\/unikaten-turkizen-perforiran-kroznik\/#breadcrumb","itemListElement":[{"@type":"ListItem","position":1,"name":"Home","item":"https:\/\/potteryart.eu\/"},{"@type":"ListItem","position":2,"name":"Spletna trgovina","item":"https:\/\/potteryart.eu\/spletna-trgovina\/"},{"@type":"ListItem","position":3,"name":"Unikaten turkizen perforiran kro\u017enik"}]},{"@type":"WebSite","@id":"https:\/\/potteryart.eu\/#website","url":"https:\/\/potteryart.eu\/","name":"Zajc Polona","description":"","publisher":{"@id":"https:\/\/potteryart.eu\/#\/schema\/person\/819de6034d3dd0bbdcc3a95a0b6c7e4d"},"potentialAction":[{"@type":"SearchAction","target":{"@type":"EntryPoint","urlTemplate":"https:\/\/potteryart.eu\/?s={search_term_string}"},"query-input":{"@type":"PropertyValueSpecification","valueRequired":true,"valueName":"search_term_string"}}],"inLanguage":"en-GB"},{"@type":["Person","Organization"],"@id":"https:\/\/potteryart.eu\/#\/schema\/person\/819de6034d3dd0bbdcc3a95a0b6c7e4d","name":"polonazajc_admin","image":{"@type":"ImageObject","inLanguage":"en-GB","@id":"https:\/\/potteryart.eu\/wp-content\/uploads\/2020\/12\/cropped-Logo-1.png","url":"https:\/\/potteryart.eu\/wp-content\/uploads\/2020\/12\/cropped-Logo-1.png","contentUrl":"https:\/\/potteryart.eu\/wp-content\/uploads\/2020\/12\/cropped-Logo-1.png","width":2113,"height":280,"caption":"polonazajc_admin"},"logo":{"@id":"https:\/\/potteryart.eu\/wp-content\/uploads\/2020\/12\/cropped-Logo-1.png"}}]}},"_links":{"self":[{"href":"https:\/\/potteryart.eu\/en_gb\/wp-json\/wp\/v2\/product\/2744","targetHints":{"allow":["GET"]}}],"collection":[{"href":"https:\/\/potteryart.eu\/en_gb\/wp-json\/wp\/v2\/product"}],"about":[{"href":"https:\/\/potteryart.eu\/en_gb\/wp-json\/wp\/v2\/types\/product"}],"replies":[{"embeddable":true,"href":"https:\/\/potteryart.eu\/en_gb\/wp-json\/wp\/v2\/comments?post=2744"}],"wp:featuredmedia":[{"embeddable":true,"href":"https:\/\/potteryart.eu\/en_gb\/wp-json\/wp\/v2\/media\/2732"}],"wp:attachment":[{"href":"https:\/\/potteryart.eu\/en_gb\/wp-json\/wp\/v2\/media?parent=2744"}],"wp:term":[{"taxonomy":"product_brand","embeddable":true,"href":"https:\/\/potteryart.eu\/en_gb\/wp-json\/wp\/v2\/product_brand?post=2744"},{"taxonomy":"product_cat","embeddable":true,"href":"https:\/\/potteryart.eu\/en_gb\/wp-json\/wp\/v2\/product_cat?post=2744"},{"taxonomy":"product_tag","embeddable":true,"href":"https:\/\/potteryart.eu\/en_gb\/wp-json\/wp\/v2\/product_tag?post=2744"}],"curies":[{"name":"wp","href":"https:\/\/api.w.org\/{rel}","templated":true}]}}