{"id":2792,"date":"2024-06-13T20:24:19","date_gmt":"2024-06-13T18:24:19","guid":{"rendered":"https:\/\/potteryart.eu\/?post_type=product&#038;p=2792"},"modified":"2024-06-13T20:40:50","modified_gmt":"2024-06-13T18:40:50","slug":"crn-unikaten-kroznik-gozd","status":"publish","type":"product","link":"https:\/\/potteryart.eu\/en_gb\/spletna-trgovina\/unikatni-loncarski-izdelki-iz-kamenine\/unikatni-izdelki-iz-kamenine-za-dom\/crn-unikaten-kroznik-gozd\/","title":{"rendered":"Black unique forest plate"},"content":{"rendered":"<h1><strong>Black unique forest plate<\/strong><\/h1>\n<p class=\"translation-block\">Black unique plate forest is a product of pottery art clay design by Polona Zajc. It is a handmade black plate with a painting, spun on a pottery spindle from black stoneware.  The surface is sculpted with a typical pottery art pattern with trees and birds. The outside of the plate is glazed with a black glaze, the interior is richly painted in various shades. It is fired at a temperature of 1220\u00b0C, when the black clay turns to black stoneware. The diameter of the plate is 26 cm.<\/p>\n<h2>Pottery art clay design by Polona Zajc<\/h2>\n<p>Pottery art clay design by Polona Zajc also has unique clay plates in her collection. They are made exclusively by hand, in different colours of clay and glazes. Some of them have a pattern of holes cut into the rim, which makes them appear fragile. However, all of them are in turn solid due to the high firing temperatures. Some have pure gold applied, which is fired at 800 \u00b0C. Even though some are classified as decorative plates, they can be used for serving food. They are made of the finest clays and glazes, fired at the appropriate temperature to ensure a high quality product. After use, the unique clay plates can simply be washed in the dishwasher. The unique plate with forest motif is one of the plates in this series.<\/p>\n<h3><strong>Unique plate with forest motif<\/strong><\/h3>\n<p>This unique plate with a forest motif is handmade on a pottery spindle. From the centre outwards, I cut lines into the almost dry clay on the surface of the plate. This creates the outlines of a forest with trees and birds. I paint it with different shades of glazes which, after firing, conjure up a fairy-tale image of a forest. The clay plate with its rich surface painting is mainly decorative, as it is a pity to hide it with its contents. However, its quality lies in the fact that it can be used for serving food, as the paint applied is of high quality, fired at a high temperature and therefore durable whatever the use. It can be washed in the dishwasher without any consequences.<\/p>","protected":false},"excerpt":{"rendered":"<p>\u010crn unikaten kro\u017enik gozd \u010crn unikaten kro\u017enik gozd je izdelek pottery art oblikovanje gline Polone Zajc. To je ro\u010dno izdelan \u010drn kro\u017enik s poslikavo, zvrten na lon\u010darskem vretenu iz \u010drne kamenine.\u00a0 Po povr\u0161ini je vrezan zna\u010dilen pottery art vzorec z drevesi in pti\u010dki. Zunaj je kro\u017enik glaziran s \u010drno\u00a0 glazuro, notranjost je bogato poslikana z [&hellip;]<\/p>\n","protected":false},"featured_media":2784,"comment_status":"open","ping_status":"closed","template":"","meta":[],"product_brand":[],"product_cat":[274,269,265],"product_tag":[],"class_list":{"0":"post-2792","1":"product","2":"type-product","3":"status-publish","4":"has-post-thumbnail","6":"product_cat-unikatni-izdelki-iz-kamenine-za-dom","7":"product_cat-unikatni-krozniki-iz-gline","8":"product_cat-unikatni-loncarski-izdelki-iz-kamenine","10":"first","11":"instock","12":"purchasable","13":"product-type-simple"},"yoast_head":"<!-- This site is optimized with the Yoast SEO Premium plugin v27.4 (Yoast SEO v27.4) - https:\/\/yoast.com\/product\/yoast-seo-premium-wordpress\/ -->\n<title>\u010crn unikaten kro\u017enik gozd<\/title>\n<meta name=\"description\" content=\"\u010crn unikaten kro\u017enik gozd je izdelek pottery art oblikovanje gline Polone Zajc. To je unikaten kro\u017enik z motivom gozda iz \u010drne kamenine\" \/>\n<meta name=\"robots\" content=\"index, follow, max-snippet:-1, max-image-preview:large, max-video-preview:-1\" \/>\n<link rel=\"canonical\" href=\"https:\/\/potteryart.eu\/en_gb\/spletna-trgovina\/unikatni-loncarski-izdelki-iz-kamenine\/unikatni-izdelki-iz-kamenine-za-dom\/crn-unikaten-kroznik-gozd\/\" \/>\n<meta property=\"og:locale\" content=\"en_GB\" \/>\n<meta property=\"og:type\" content=\"article\" \/>\n<meta property=\"og:title\" content=\"\u010crn unikaten kro\u017enik gozd\" \/>\n<meta property=\"og:description\" content=\"\u010crn unikaten kro\u017enik gozd je izdelek pottery art oblikovanje gline Polone Zajc. To je unikaten kro\u017enik z motivom gozda iz \u010drne kamenine\" \/>\n<meta property=\"og:url\" content=\"https:\/\/potteryart.eu\/en_gb\/spletna-trgovina\/unikatni-loncarski-izdelki-iz-kamenine\/unikatni-izdelki-iz-kamenine-za-dom\/crn-unikaten-kroznik-gozd\/\" \/>\n<meta property=\"og:site_name\" content=\"Zajc Polona\" \/>\n<meta property=\"article:modified_time\" content=\"2024-06-13T18:40:50+00:00\" \/>\n<meta property=\"og:image\" content=\"https:\/\/potteryart.eu\/wp-content\/uploads\/2024\/06\/slike-izdelkov8-scaled.jpg\" \/>\n\t<meta property=\"og:image:width\" content=\"1920\" \/>\n\t<meta property=\"og:image:height\" content=\"2560\" \/>\n\t<meta property=\"og:image:type\" content=\"image\/jpeg\" \/>\n<meta name=\"twitter:card\" content=\"summary_large_image\" \/>\n<meta name=\"twitter:label1\" content=\"Estimated reading time\" \/>\n\t<meta name=\"twitter:data1\" content=\"2 minutes\" \/>\n<script type=\"application\/ld+json\" class=\"yoast-schema-graph\">{\"@context\":\"https:\\\/\\\/schema.org\",\"@graph\":[{\"@type\":\"WebPage\",\"@id\":\"https:\\\/\\\/potteryart.eu\\\/spletna-trgovina\\\/unikatni-loncarski-izdelki-iz-kamenine\\\/unikatni-izdelki-iz-kamenine-za-dom\\\/crn-unikaten-kroznik-gozd\\\/\",\"url\":\"https:\\\/\\\/potteryart.eu\\\/spletna-trgovina\\\/unikatni-loncarski-izdelki-iz-kamenine\\\/unikatni-izdelki-iz-kamenine-za-dom\\\/crn-unikaten-kroznik-gozd\\\/\",\"name\":\"\u010crn unikaten kro\u017enik gozd\",\"isPartOf\":{\"@id\":\"https:\\\/\\\/potteryart.eu\\\/#website\"},\"primaryImageOfPage\":{\"@id\":\"https:\\\/\\\/potteryart.eu\\\/spletna-trgovina\\\/unikatni-loncarski-izdelki-iz-kamenine\\\/unikatni-izdelki-iz-kamenine-za-dom\\\/crn-unikaten-kroznik-gozd\\\/#primaryimage\"},\"image\":{\"@id\":\"https:\\\/\\\/potteryart.eu\\\/spletna-trgovina\\\/unikatni-loncarski-izdelki-iz-kamenine\\\/unikatni-izdelki-iz-kamenine-za-dom\\\/crn-unikaten-kroznik-gozd\\\/#primaryimage\"},\"thumbnailUrl\":\"https:\\\/\\\/potteryart.eu\\\/wp-content\\\/uploads\\\/2024\\\/06\\\/slike-izdelkov8-scaled.jpg\",\"datePublished\":\"2024-06-13T18:24:19+00:00\",\"dateModified\":\"2024-06-13T18:40:50+00:00\",\"description\":\"\u010crn unikaten kro\u017enik gozd je izdelek pottery art oblikovanje gline Polone Zajc. To je unikaten kro\u017enik z motivom gozda iz \u010drne kamenine\",\"breadcrumb\":{\"@id\":\"https:\\\/\\\/potteryart.eu\\\/spletna-trgovina\\\/unikatni-loncarski-izdelki-iz-kamenine\\\/unikatni-izdelki-iz-kamenine-za-dom\\\/crn-unikaten-kroznik-gozd\\\/#breadcrumb\"},\"inLanguage\":\"en-GB\",\"potentialAction\":[{\"@type\":\"ReadAction\",\"target\":[\"https:\\\/\\\/potteryart.eu\\\/spletna-trgovina\\\/unikatni-loncarski-izdelki-iz-kamenine\\\/unikatni-izdelki-iz-kamenine-za-dom\\\/crn-unikaten-kroznik-gozd\\\/\"]}]},{\"@type\":\"ImageObject\",\"inLanguage\":\"en-GB\",\"@id\":\"https:\\\/\\\/potteryart.eu\\\/spletna-trgovina\\\/unikatni-loncarski-izdelki-iz-kamenine\\\/unikatni-izdelki-iz-kamenine-za-dom\\\/crn-unikaten-kroznik-gozd\\\/#primaryimage\",\"url\":\"https:\\\/\\\/potteryart.eu\\\/wp-content\\\/uploads\\\/2024\\\/06\\\/slike-izdelkov8-scaled.jpg\",\"contentUrl\":\"https:\\\/\\\/potteryart.eu\\\/wp-content\\\/uploads\\\/2024\\\/06\\\/slike-izdelkov8-scaled.jpg\",\"width\":1920,\"height\":2560,\"caption\":\"\u010drn unikaten kro\u017enik gozd, pottery art, unikaten kro\u017enik z motivom gozda\"},{\"@type\":\"BreadcrumbList\",\"@id\":\"https:\\\/\\\/potteryart.eu\\\/spletna-trgovina\\\/unikatni-loncarski-izdelki-iz-kamenine\\\/unikatni-izdelki-iz-kamenine-za-dom\\\/crn-unikaten-kroznik-gozd\\\/#breadcrumb\",\"itemListElement\":[{\"@type\":\"ListItem\",\"position\":1,\"name\":\"Home\",\"item\":\"https:\\\/\\\/potteryart.eu\\\/\"},{\"@type\":\"ListItem\",\"position\":2,\"name\":\"Spletna trgovina\",\"item\":\"https:\\\/\\\/potteryart.eu\\\/spletna-trgovina\\\/\"},{\"@type\":\"ListItem\",\"position\":3,\"name\":\"\u010crn unikaten kro\u017enik gozd\"}]},{\"@type\":\"WebSite\",\"@id\":\"https:\\\/\\\/potteryart.eu\\\/#website\",\"url\":\"https:\\\/\\\/potteryart.eu\\\/\",\"name\":\"Zajc Polona\",\"description\":\"\",\"publisher\":{\"@id\":\"https:\\\/\\\/potteryart.eu\\\/#\\\/schema\\\/person\\\/819de6034d3dd0bbdcc3a95a0b6c7e4d\"},\"potentialAction\":[{\"@type\":\"SearchAction\",\"target\":{\"@type\":\"EntryPoint\",\"urlTemplate\":\"https:\\\/\\\/potteryart.eu\\\/?s={search_term_string}\"},\"query-input\":{\"@type\":\"PropertyValueSpecification\",\"valueRequired\":true,\"valueName\":\"search_term_string\"}}],\"inLanguage\":\"en-GB\"},{\"@type\":[\"Person\",\"Organization\"],\"@id\":\"https:\\\/\\\/potteryart.eu\\\/#\\\/schema\\\/person\\\/819de6034d3dd0bbdcc3a95a0b6c7e4d\",\"name\":\"polonazajc_admin\",\"image\":{\"@type\":\"ImageObject\",\"inLanguage\":\"en-GB\",\"@id\":\"https:\\\/\\\/potteryart.eu\\\/wp-content\\\/uploads\\\/2020\\\/12\\\/cropped-Logo-1.png\",\"url\":\"https:\\\/\\\/potteryart.eu\\\/wp-content\\\/uploads\\\/2020\\\/12\\\/cropped-Logo-1.png\",\"contentUrl\":\"https:\\\/\\\/potteryart.eu\\\/wp-content\\\/uploads\\\/2020\\\/12\\\/cropped-Logo-1.png\",\"width\":2113,\"height\":280,\"caption\":\"polonazajc_admin\"},\"logo\":{\"@id\":\"https:\\\/\\\/potteryart.eu\\\/wp-content\\\/uploads\\\/2020\\\/12\\\/cropped-Logo-1.png\"}}]}<\/script>\n<!-- \/ Yoast SEO Premium plugin. -->","yoast_head_json":{"title":"Black unique forest plate","description":"\u010crn unikaten kro\u017enik gozd je izdelek pottery art oblikovanje gline Polone Zajc. To je unikaten kro\u017enik z motivom gozda iz \u010drne kamenine","robots":{"index":"index","follow":"follow","max-snippet":"max-snippet:-1","max-image-preview":"max-image-preview:large","max-video-preview":"max-video-preview:-1"},"canonical":"https:\/\/potteryart.eu\/en_gb\/spletna-trgovina\/unikatni-loncarski-izdelki-iz-kamenine\/unikatni-izdelki-iz-kamenine-za-dom\/crn-unikaten-kroznik-gozd\/","og_locale":"en_GB","og_type":"article","og_title":"\u010crn unikaten kro\u017enik gozd","og_description":"\u010crn unikaten kro\u017enik gozd je izdelek pottery art oblikovanje gline Polone Zajc. To je unikaten kro\u017enik z motivom gozda iz \u010drne kamenine","og_url":"https:\/\/potteryart.eu\/en_gb\/spletna-trgovina\/unikatni-loncarski-izdelki-iz-kamenine\/unikatni-izdelki-iz-kamenine-za-dom\/crn-unikaten-kroznik-gozd\/","og_site_name":"Zajc Polona","article_modified_time":"2024-06-13T18:40:50+00:00","og_image":[{"width":1920,"height":2560,"url":"https:\/\/potteryart.eu\/wp-content\/uploads\/2024\/06\/slike-izdelkov8-scaled.jpg","type":"image\/jpeg"}],"twitter_card":"summary_large_image","twitter_misc":{"Estimated reading time":"2 minutes"},"schema":{"@context":"https:\/\/schema.org","@graph":[{"@type":"WebPage","@id":"https:\/\/potteryart.eu\/spletna-trgovina\/unikatni-loncarski-izdelki-iz-kamenine\/unikatni-izdelki-iz-kamenine-za-dom\/crn-unikaten-kroznik-gozd\/","url":"https:\/\/potteryart.eu\/spletna-trgovina\/unikatni-loncarski-izdelki-iz-kamenine\/unikatni-izdelki-iz-kamenine-za-dom\/crn-unikaten-kroznik-gozd\/","name":"Black unique forest plate","isPartOf":{"@id":"https:\/\/potteryart.eu\/#website"},"primaryImageOfPage":{"@id":"https:\/\/potteryart.eu\/spletna-trgovina\/unikatni-loncarski-izdelki-iz-kamenine\/unikatni-izdelki-iz-kamenine-za-dom\/crn-unikaten-kroznik-gozd\/#primaryimage"},"image":{"@id":"https:\/\/potteryart.eu\/spletna-trgovina\/unikatni-loncarski-izdelki-iz-kamenine\/unikatni-izdelki-iz-kamenine-za-dom\/crn-unikaten-kroznik-gozd\/#primaryimage"},"thumbnailUrl":"https:\/\/potteryart.eu\/wp-content\/uploads\/2024\/06\/slike-izdelkov8-scaled.jpg","datePublished":"2024-06-13T18:24:19+00:00","dateModified":"2024-06-13T18:40:50+00:00","description":"\u010crn unikaten kro\u017enik gozd je izdelek pottery art oblikovanje gline Polone Zajc. To je unikaten kro\u017enik z motivom gozda iz \u010drne kamenine","breadcrumb":{"@id":"https:\/\/potteryart.eu\/spletna-trgovina\/unikatni-loncarski-izdelki-iz-kamenine\/unikatni-izdelki-iz-kamenine-za-dom\/crn-unikaten-kroznik-gozd\/#breadcrumb"},"inLanguage":"en-GB","potentialAction":[{"@type":"ReadAction","target":["https:\/\/potteryart.eu\/spletna-trgovina\/unikatni-loncarski-izdelki-iz-kamenine\/unikatni-izdelki-iz-kamenine-za-dom\/crn-unikaten-kroznik-gozd\/"]}]},{"@type":"ImageObject","inLanguage":"en-GB","@id":"https:\/\/potteryart.eu\/spletna-trgovina\/unikatni-loncarski-izdelki-iz-kamenine\/unikatni-izdelki-iz-kamenine-za-dom\/crn-unikaten-kroznik-gozd\/#primaryimage","url":"https:\/\/potteryart.eu\/wp-content\/uploads\/2024\/06\/slike-izdelkov8-scaled.jpg","contentUrl":"https:\/\/potteryart.eu\/wp-content\/uploads\/2024\/06\/slike-izdelkov8-scaled.jpg","width":1920,"height":2560,"caption":"\u010drn unikaten kro\u017enik gozd, pottery art, unikaten kro\u017enik z motivom gozda"},{"@type":"BreadcrumbList","@id":"https:\/\/potteryart.eu\/spletna-trgovina\/unikatni-loncarski-izdelki-iz-kamenine\/unikatni-izdelki-iz-kamenine-za-dom\/crn-unikaten-kroznik-gozd\/#breadcrumb","itemListElement":[{"@type":"ListItem","position":1,"name":"Home","item":"https:\/\/potteryart.eu\/"},{"@type":"ListItem","position":2,"name":"Spletna trgovina","item":"https:\/\/potteryart.eu\/spletna-trgovina\/"},{"@type":"ListItem","position":3,"name":"\u010crn unikaten kro\u017enik gozd"}]},{"@type":"WebSite","@id":"https:\/\/potteryart.eu\/#website","url":"https:\/\/potteryart.eu\/","name":"Zajc Polona","description":"","publisher":{"@id":"https:\/\/potteryart.eu\/#\/schema\/person\/819de6034d3dd0bbdcc3a95a0b6c7e4d"},"potentialAction":[{"@type":"SearchAction","target":{"@type":"EntryPoint","urlTemplate":"https:\/\/potteryart.eu\/?s={search_term_string}"},"query-input":{"@type":"PropertyValueSpecification","valueRequired":true,"valueName":"search_term_string"}}],"inLanguage":"en-GB"},{"@type":["Person","Organization"],"@id":"https:\/\/potteryart.eu\/#\/schema\/person\/819de6034d3dd0bbdcc3a95a0b6c7e4d","name":"polonazajc_admin","image":{"@type":"ImageObject","inLanguage":"en-GB","@id":"https:\/\/potteryart.eu\/wp-content\/uploads\/2020\/12\/cropped-Logo-1.png","url":"https:\/\/potteryart.eu\/wp-content\/uploads\/2020\/12\/cropped-Logo-1.png","contentUrl":"https:\/\/potteryart.eu\/wp-content\/uploads\/2020\/12\/cropped-Logo-1.png","width":2113,"height":280,"caption":"polonazajc_admin"},"logo":{"@id":"https:\/\/potteryart.eu\/wp-content\/uploads\/2020\/12\/cropped-Logo-1.png"}}]}},"_links":{"self":[{"href":"https:\/\/potteryart.eu\/en_gb\/wp-json\/wp\/v2\/product\/2792","targetHints":{"allow":["GET"]}}],"collection":[{"href":"https:\/\/potteryart.eu\/en_gb\/wp-json\/wp\/v2\/product"}],"about":[{"href":"https:\/\/potteryart.eu\/en_gb\/wp-json\/wp\/v2\/types\/product"}],"replies":[{"embeddable":true,"href":"https:\/\/potteryart.eu\/en_gb\/wp-json\/wp\/v2\/comments?post=2792"}],"wp:featuredmedia":[{"embeddable":true,"href":"https:\/\/potteryart.eu\/en_gb\/wp-json\/wp\/v2\/media\/2784"}],"wp:attachment":[{"href":"https:\/\/potteryart.eu\/en_gb\/wp-json\/wp\/v2\/media?parent=2792"}],"wp:term":[{"taxonomy":"product_brand","embeddable":true,"href":"https:\/\/potteryart.eu\/en_gb\/wp-json\/wp\/v2\/product_brand?post=2792"},{"taxonomy":"product_cat","embeddable":true,"href":"https:\/\/potteryart.eu\/en_gb\/wp-json\/wp\/v2\/product_cat?post=2792"},{"taxonomy":"product_tag","embeddable":true,"href":"https:\/\/potteryart.eu\/en_gb\/wp-json\/wp\/v2\/product_tag?post=2792"}],"curies":[{"name":"wp","href":"https:\/\/api.w.org\/{rel}","templated":true}]}}