{"id":2881,"date":"2024-10-27T17:39:22","date_gmt":"2024-10-27T16:39:22","guid":{"rendered":"https:\/\/potteryart.eu\/?post_type=product&#038;p=2881"},"modified":"2026-02-19T07:26:33","modified_gmt":"2026-02-19T06:26:33","slug":"unikaten-obesek-z-marsovim-labirintom","status":"publish","type":"product","link":"https:\/\/potteryart.eu\/en_gb\/spletna-trgovina\/labirinti\/labirint-energije-ali-marsov-labirint\/unikaten-obesek-z-marsovim-labirintom\/","title":{"rendered":"Unique Mars Labyrinth pendant"},"content":{"rendered":"<h1>Unique Mars Labyrinth pendant<\/h1>\n<p class=\"translation-block\">Unique Mars Labyrinth Pendant is a product in the series Labyrinth Pendants as ceramic jewellery. It is a pendant with a cord and a clasp, representing the symbol of the Labyrinth of Energy or the Labyrinth of Mars in its natural, expressive form. It is handmade, one piece only, made of black clay, glazed and fired at 1200\u00b0C. Diameter 6,5 cm, length of cord 30 cm. It is the labyrinthine shape of the energy that gives it a special meaning for both the wearer and the surroundings in which it is placed.<\/p>\n<h2>Pottery art clay design by Polona Zajc<\/h2>\n<p>Pottery art clay design by Polona Zajc has a ceramic jewellery series in her collection of ceramic products, which includes pendants with all shapes of labyrinths. Both in their natural forms and in mirrored shapes. Each of the labyrinths carries an energy and a task for the individual who uses it, either to walk through it or to move imaginatively along its paths depicted in ceramics. It is with this purpose in mind that every ceramic piece on this site depicting a labyrinth is made.<\/p>\n<h3>Labyrinth of Energy<\/h3>\n<p>The labyrinth of energy or the labyrinth of Mars is associated with the heart, courage, devotion, ideals, protection and justice. Of course, all this is connected to our action, but if we want to act, we must first lay the foundations and outline the framework of that action within ourselves. Passing through the labyrinth or using it is a preparation for action. This is especially true in situations that require determination, ambition, steadfastness, even a kind of aggressiveness to destroy the negative elements of our lives. The labyrinth of energy will stimulate in us a sense of justice, discipline and protection of the powerless. Athletes, soldiers, lawyers and doctors are typical of the professions that will benefit from the Mars labyrinth. One of the important qualities of this labyrinth is to promote precision and organisation, using logic. There is also a positive dynamism and a rational use of time, which are particularly important in our times. The presence of the energy labyrinth will bring a stimulus for action to the surroundings.<\/p>","protected":false},"excerpt":{"rendered":"<p>Unikaten obesek z Marsovim labirintom Unikaten obesek z Marsovim labirintom je izdelek v seriji obeski z labirinti kot kerami\u010dni nakit. Je obesek z vrvico in sponko, ki predstavlja simbol labirinta Labirint energije ali Marsov labirint v njegovi naravni, ekspresivni obliki. Je ro\u010dno izdelan, samo en kos, narejen iz \u010drne gline, glaziran in \u017egan pri 1200\u00b0C. [&hellip;]<\/p>\n","protected":false},"featured_media":2857,"comment_status":"open","ping_status":"closed","template":"","meta":[],"product_brand":[],"product_cat":[242,38,86],"product_tag":[],"class_list":{"0":"post-2881","1":"product","2":"type-product","3":"status-publish","4":"has-post-thumbnail","6":"product_cat-labirint-energije-ali-marsov-labirint","7":"product_cat-labirinti","8":"product_cat-unikaten-nakit-iz-gline","10":"first","11":"instock","12":"taxable","13":"shipping-taxable","14":"purchasable","15":"product-type-simple"},"yoast_head":"<!-- This site is optimized with the Yoast SEO Premium plugin v27.4 (Yoast SEO v27.4) - https:\/\/yoast.com\/product\/yoast-seo-premium-wordpress\/ -->\n<title>Unikaten obesek z Marsovim labirintom<\/title>\n<meta name=\"description\" content=\"Unikaten obesek z Marsovim labirintom je izdelek pottery art oblikovanje gline Polone Zajc. To je simbol labirinta v glini- labirint energije\" \/>\n<meta name=\"robots\" content=\"index, follow, max-snippet:-1, max-image-preview:large, max-video-preview:-1\" \/>\n<link rel=\"canonical\" href=\"https:\/\/potteryart.eu\/en_gb\/spletna-trgovina\/labirinti\/labirint-energije-ali-marsov-labirint\/unikaten-obesek-z-marsovim-labirintom\/\" \/>\n<meta property=\"og:locale\" content=\"en_GB\" \/>\n<meta property=\"og:type\" content=\"article\" \/>\n<meta property=\"og:title\" content=\"Unikaten obesek z Marsovim labirintom\" \/>\n<meta property=\"og:description\" content=\"Unikaten obesek z Marsovim labirintom je izdelek pottery art oblikovanje gline Polone Zajc. To je simbol labirinta v glini- labirint energije\" \/>\n<meta property=\"og:url\" content=\"https:\/\/potteryart.eu\/en_gb\/spletna-trgovina\/labirinti\/labirint-energije-ali-marsov-labirint\/unikaten-obesek-z-marsovim-labirintom\/\" \/>\n<meta property=\"og:site_name\" content=\"Zajc Polona\" \/>\n<meta property=\"article:modified_time\" content=\"2026-02-19T06:26:33+00:00\" \/>\n<meta property=\"og:image\" content=\"https:\/\/potteryart.eu\/wp-content\/uploads\/2024\/10\/labirint12-scaled.jpg\" \/>\n\t<meta property=\"og:image:width\" content=\"1920\" \/>\n\t<meta property=\"og:image:height\" content=\"2560\" \/>\n\t<meta property=\"og:image:type\" content=\"image\/jpeg\" \/>\n<meta name=\"twitter:card\" content=\"summary_large_image\" \/>\n<meta name=\"twitter:label1\" content=\"Estimated reading time\" \/>\n\t<meta name=\"twitter:data1\" content=\"2 minutes\" \/>\n<script type=\"application\/ld+json\" class=\"yoast-schema-graph\">{\"@context\":\"https:\\\/\\\/schema.org\",\"@graph\":[{\"@type\":\"WebPage\",\"@id\":\"https:\\\/\\\/potteryart.eu\\\/spletna-trgovina\\\/labirinti\\\/labirint-energije-ali-marsov-labirint\\\/unikaten-obesek-z-marsovim-labirintom\\\/\",\"url\":\"https:\\\/\\\/potteryart.eu\\\/spletna-trgovina\\\/labirinti\\\/labirint-energije-ali-marsov-labirint\\\/unikaten-obesek-z-marsovim-labirintom\\\/\",\"name\":\"Unikaten obesek z Marsovim labirintom\",\"isPartOf\":{\"@id\":\"https:\\\/\\\/potteryart.eu\\\/#website\"},\"primaryImageOfPage\":{\"@id\":\"https:\\\/\\\/potteryart.eu\\\/spletna-trgovina\\\/labirinti\\\/labirint-energije-ali-marsov-labirint\\\/unikaten-obesek-z-marsovim-labirintom\\\/#primaryimage\"},\"image\":{\"@id\":\"https:\\\/\\\/potteryart.eu\\\/spletna-trgovina\\\/labirinti\\\/labirint-energije-ali-marsov-labirint\\\/unikaten-obesek-z-marsovim-labirintom\\\/#primaryimage\"},\"thumbnailUrl\":\"https:\\\/\\\/potteryart.eu\\\/wp-content\\\/uploads\\\/2024\\\/10\\\/labirint12-scaled.jpg\",\"datePublished\":\"2024-10-27T16:39:22+00:00\",\"dateModified\":\"2026-02-19T06:26:33+00:00\",\"description\":\"Unikaten obesek z Marsovim labirintom je izdelek pottery art oblikovanje gline Polone Zajc. To je simbol labirinta v glini- labirint energije\",\"breadcrumb\":{\"@id\":\"https:\\\/\\\/potteryart.eu\\\/spletna-trgovina\\\/labirinti\\\/labirint-energije-ali-marsov-labirint\\\/unikaten-obesek-z-marsovim-labirintom\\\/#breadcrumb\"},\"inLanguage\":\"en-GB\",\"potentialAction\":[{\"@type\":\"ReadAction\",\"target\":[\"https:\\\/\\\/potteryart.eu\\\/spletna-trgovina\\\/labirinti\\\/labirint-energije-ali-marsov-labirint\\\/unikaten-obesek-z-marsovim-labirintom\\\/\"]}]},{\"@type\":\"ImageObject\",\"inLanguage\":\"en-GB\",\"@id\":\"https:\\\/\\\/potteryart.eu\\\/spletna-trgovina\\\/labirinti\\\/labirint-energije-ali-marsov-labirint\\\/unikaten-obesek-z-marsovim-labirintom\\\/#primaryimage\",\"url\":\"https:\\\/\\\/potteryart.eu\\\/wp-content\\\/uploads\\\/2024\\\/10\\\/labirint12-scaled.jpg\",\"contentUrl\":\"https:\\\/\\\/potteryart.eu\\\/wp-content\\\/uploads\\\/2024\\\/10\\\/labirint12-scaled.jpg\",\"width\":1920,\"height\":2560,\"caption\":\"Unikaten obesek z Marsovim labirintom, pottery art, labirint energije\"},{\"@type\":\"BreadcrumbList\",\"@id\":\"https:\\\/\\\/potteryart.eu\\\/spletna-trgovina\\\/labirinti\\\/labirint-energije-ali-marsov-labirint\\\/unikaten-obesek-z-marsovim-labirintom\\\/#breadcrumb\",\"itemListElement\":[{\"@type\":\"ListItem\",\"position\":1,\"name\":\"Home\",\"item\":\"https:\\\/\\\/potteryart.eu\\\/\"},{\"@type\":\"ListItem\",\"position\":2,\"name\":\"Spletna trgovina\",\"item\":\"https:\\\/\\\/potteryart.eu\\\/spletna-trgovina\\\/\"},{\"@type\":\"ListItem\",\"position\":3,\"name\":\"Unikaten obesek z Marsovim labirintom\"}]},{\"@type\":\"WebSite\",\"@id\":\"https:\\\/\\\/potteryart.eu\\\/#website\",\"url\":\"https:\\\/\\\/potteryart.eu\\\/\",\"name\":\"Zajc Polona\",\"description\":\"\",\"publisher\":{\"@id\":\"https:\\\/\\\/potteryart.eu\\\/#\\\/schema\\\/person\\\/819de6034d3dd0bbdcc3a95a0b6c7e4d\"},\"potentialAction\":[{\"@type\":\"SearchAction\",\"target\":{\"@type\":\"EntryPoint\",\"urlTemplate\":\"https:\\\/\\\/potteryart.eu\\\/?s={search_term_string}\"},\"query-input\":{\"@type\":\"PropertyValueSpecification\",\"valueRequired\":true,\"valueName\":\"search_term_string\"}}],\"inLanguage\":\"en-GB\"},{\"@type\":[\"Person\",\"Organization\"],\"@id\":\"https:\\\/\\\/potteryart.eu\\\/#\\\/schema\\\/person\\\/819de6034d3dd0bbdcc3a95a0b6c7e4d\",\"name\":\"polonazajc_admin\",\"image\":{\"@type\":\"ImageObject\",\"inLanguage\":\"en-GB\",\"@id\":\"https:\\\/\\\/potteryart.eu\\\/wp-content\\\/uploads\\\/2020\\\/12\\\/cropped-Logo-1.png\",\"url\":\"https:\\\/\\\/potteryart.eu\\\/wp-content\\\/uploads\\\/2020\\\/12\\\/cropped-Logo-1.png\",\"contentUrl\":\"https:\\\/\\\/potteryart.eu\\\/wp-content\\\/uploads\\\/2020\\\/12\\\/cropped-Logo-1.png\",\"width\":2113,\"height\":280,\"caption\":\"polonazajc_admin\"},\"logo\":{\"@id\":\"https:\\\/\\\/potteryart.eu\\\/wp-content\\\/uploads\\\/2020\\\/12\\\/cropped-Logo-1.png\"}}]}<\/script>\n<!-- \/ Yoast SEO Premium plugin. -->","yoast_head_json":{"title":"Unique Mars Labyrinth pendant","description":"Unikaten obesek z Marsovim labirintom je izdelek pottery art oblikovanje gline Polone Zajc. To je simbol labirinta v glini- labirint energije","robots":{"index":"index","follow":"follow","max-snippet":"max-snippet:-1","max-image-preview":"max-image-preview:large","max-video-preview":"max-video-preview:-1"},"canonical":"https:\/\/potteryart.eu\/en_gb\/spletna-trgovina\/labirinti\/labirint-energije-ali-marsov-labirint\/unikaten-obesek-z-marsovim-labirintom\/","og_locale":"en_GB","og_type":"article","og_title":"Unikaten obesek z Marsovim labirintom","og_description":"Unikaten obesek z Marsovim labirintom je izdelek pottery art oblikovanje gline Polone Zajc. To je simbol labirinta v glini- labirint energije","og_url":"https:\/\/potteryart.eu\/en_gb\/spletna-trgovina\/labirinti\/labirint-energije-ali-marsov-labirint\/unikaten-obesek-z-marsovim-labirintom\/","og_site_name":"Zajc Polona","article_modified_time":"2026-02-19T06:26:33+00:00","og_image":[{"width":1920,"height":2560,"url":"https:\/\/potteryart.eu\/wp-content\/uploads\/2024\/10\/labirint12-scaled.jpg","type":"image\/jpeg"}],"twitter_card":"summary_large_image","twitter_misc":{"Estimated reading time":"2 minutes"},"schema":{"@context":"https:\/\/schema.org","@graph":[{"@type":"WebPage","@id":"https:\/\/potteryart.eu\/spletna-trgovina\/labirinti\/labirint-energije-ali-marsov-labirint\/unikaten-obesek-z-marsovim-labirintom\/","url":"https:\/\/potteryart.eu\/spletna-trgovina\/labirinti\/labirint-energije-ali-marsov-labirint\/unikaten-obesek-z-marsovim-labirintom\/","name":"Unique Mars Labyrinth pendant","isPartOf":{"@id":"https:\/\/potteryart.eu\/#website"},"primaryImageOfPage":{"@id":"https:\/\/potteryart.eu\/spletna-trgovina\/labirinti\/labirint-energije-ali-marsov-labirint\/unikaten-obesek-z-marsovim-labirintom\/#primaryimage"},"image":{"@id":"https:\/\/potteryart.eu\/spletna-trgovina\/labirinti\/labirint-energije-ali-marsov-labirint\/unikaten-obesek-z-marsovim-labirintom\/#primaryimage"},"thumbnailUrl":"https:\/\/potteryart.eu\/wp-content\/uploads\/2024\/10\/labirint12-scaled.jpg","datePublished":"2024-10-27T16:39:22+00:00","dateModified":"2026-02-19T06:26:33+00:00","description":"Unikaten obesek z Marsovim labirintom je izdelek pottery art oblikovanje gline Polone Zajc. To je simbol labirinta v glini- labirint energije","breadcrumb":{"@id":"https:\/\/potteryart.eu\/spletna-trgovina\/labirinti\/labirint-energije-ali-marsov-labirint\/unikaten-obesek-z-marsovim-labirintom\/#breadcrumb"},"inLanguage":"en-GB","potentialAction":[{"@type":"ReadAction","target":["https:\/\/potteryart.eu\/spletna-trgovina\/labirinti\/labirint-energije-ali-marsov-labirint\/unikaten-obesek-z-marsovim-labirintom\/"]}]},{"@type":"ImageObject","inLanguage":"en-GB","@id":"https:\/\/potteryart.eu\/spletna-trgovina\/labirinti\/labirint-energije-ali-marsov-labirint\/unikaten-obesek-z-marsovim-labirintom\/#primaryimage","url":"https:\/\/potteryart.eu\/wp-content\/uploads\/2024\/10\/labirint12-scaled.jpg","contentUrl":"https:\/\/potteryart.eu\/wp-content\/uploads\/2024\/10\/labirint12-scaled.jpg","width":1920,"height":2560,"caption":"Unikaten obesek z Marsovim labirintom, pottery art, labirint energije"},{"@type":"BreadcrumbList","@id":"https:\/\/potteryart.eu\/spletna-trgovina\/labirinti\/labirint-energije-ali-marsov-labirint\/unikaten-obesek-z-marsovim-labirintom\/#breadcrumb","itemListElement":[{"@type":"ListItem","position":1,"name":"Home","item":"https:\/\/potteryart.eu\/"},{"@type":"ListItem","position":2,"name":"Spletna trgovina","item":"https:\/\/potteryart.eu\/spletna-trgovina\/"},{"@type":"ListItem","position":3,"name":"Unikaten obesek z Marsovim labirintom"}]},{"@type":"WebSite","@id":"https:\/\/potteryart.eu\/#website","url":"https:\/\/potteryart.eu\/","name":"Zajc Polona","description":"","publisher":{"@id":"https:\/\/potteryart.eu\/#\/schema\/person\/819de6034d3dd0bbdcc3a95a0b6c7e4d"},"potentialAction":[{"@type":"SearchAction","target":{"@type":"EntryPoint","urlTemplate":"https:\/\/potteryart.eu\/?s={search_term_string}"},"query-input":{"@type":"PropertyValueSpecification","valueRequired":true,"valueName":"search_term_string"}}],"inLanguage":"en-GB"},{"@type":["Person","Organization"],"@id":"https:\/\/potteryart.eu\/#\/schema\/person\/819de6034d3dd0bbdcc3a95a0b6c7e4d","name":"polonazajc_admin","image":{"@type":"ImageObject","inLanguage":"en-GB","@id":"https:\/\/potteryart.eu\/wp-content\/uploads\/2020\/12\/cropped-Logo-1.png","url":"https:\/\/potteryart.eu\/wp-content\/uploads\/2020\/12\/cropped-Logo-1.png","contentUrl":"https:\/\/potteryart.eu\/wp-content\/uploads\/2020\/12\/cropped-Logo-1.png","width":2113,"height":280,"caption":"polonazajc_admin"},"logo":{"@id":"https:\/\/potteryart.eu\/wp-content\/uploads\/2020\/12\/cropped-Logo-1.png"}}]}},"_links":{"self":[{"href":"https:\/\/potteryart.eu\/en_gb\/wp-json\/wp\/v2\/product\/2881","targetHints":{"allow":["GET"]}}],"collection":[{"href":"https:\/\/potteryart.eu\/en_gb\/wp-json\/wp\/v2\/product"}],"about":[{"href":"https:\/\/potteryart.eu\/en_gb\/wp-json\/wp\/v2\/types\/product"}],"replies":[{"embeddable":true,"href":"https:\/\/potteryart.eu\/en_gb\/wp-json\/wp\/v2\/comments?post=2881"}],"wp:featuredmedia":[{"embeddable":true,"href":"https:\/\/potteryart.eu\/en_gb\/wp-json\/wp\/v2\/media\/2857"}],"wp:attachment":[{"href":"https:\/\/potteryart.eu\/en_gb\/wp-json\/wp\/v2\/media?parent=2881"}],"wp:term":[{"taxonomy":"product_brand","embeddable":true,"href":"https:\/\/potteryart.eu\/en_gb\/wp-json\/wp\/v2\/product_brand?post=2881"},{"taxonomy":"product_cat","embeddable":true,"href":"https:\/\/potteryart.eu\/en_gb\/wp-json\/wp\/v2\/product_cat?post=2881"},{"taxonomy":"product_tag","embeddable":true,"href":"https:\/\/potteryart.eu\/en_gb\/wp-json\/wp\/v2\/product_tag?post=2881"}],"curies":[{"name":"wp","href":"https:\/\/api.w.org\/{rel}","templated":true}]}}