{"id":2882,"date":"2024-10-27T17:57:01","date_gmt":"2024-10-27T16:57:01","guid":{"rendered":"https:\/\/potteryart.eu\/?post_type=product&#038;p=2882"},"modified":"2024-10-27T18:00:08","modified_gmt":"2024-10-27T17:00:08","slug":"soncev-labirint-na-unikatnem-obesku","status":"publish","type":"product","link":"https:\/\/potteryart.eu\/en_gb\/spletna-trgovina\/labirinti\/labirint-moci-ali-soncev-labirint\/soncev-labirint-na-unikatnem-obesku\/","title":{"rendered":"Sun Labyrinth on a unique pendant"},"content":{"rendered":"<h1>Sun Labyrinth on a unique pendant<\/h1>\n<p class=\"translation-block\">The sun labyrinth on a unique pendant is a product from the series of pendants with labyrinths as ceramic jewellery, pottery art clay design by Polona Zajc. Presented is a pendant with a cord and a clasp, representing the symbol of the Labyrinth of Power or the Sun's Labyrinth in its natural, expressive form. It is made by hand, only one piece.  The base is black clay, it is glazed with its own orange fire glaze and fired at 1200\u00b0C. Diameter 7 cm, length of string 30 cm. The shape of the labyrinth gives the product the special meaning that each individual labyrinth carries.<\/p>\n<h2>Pottery art clay design by Polona Zajc<\/h2>\n<p>Pottery art clay design by Polona Zajc also includes ceramic jewellery featuring labyrinth designs, made by stamping clay into a plaster model, which is also handmade by the artist, or by hand as a single piece. The model gives the clay the relief shape of the individual labyrinth. The finished pendant is glazed in the colours characteristic of each labyrinth shape. This has resulted in a whole series of labyrinth pendants, each with its own meaning and operating characteristics.<\/p>\n<h3>Labyrinth of Power<\/h3>\n<p class=\"translation-block\">The labyrinth of power, or Sun labyrinth, is the most well-known form of labyrinth. It represents and promotes personal power. It is the ability to realise and materialise an idea through a specific activity. And in this we need power, so in this sense the Power Labyrinth will be used by those who are not the most confident and who feel that they lack the personal power for a particular venture. It will also benefit individuals who wish to improve their status in society, at work or in any other area of life. All uses of the labyrinth of power will help with a lack of will and authority. It is for this type of use that the present expressive form of the Power Labyrinth is suitable. This labyrinth is also closely related to health. It will strengthen the body and provide resistance to disease. The Sun labyrinth acts as a kind of receiver and transmitter of energy to the environment in which it is placed.<\/p>","protected":false},"excerpt":{"rendered":"<p>Son\u010dev labirint na unikatnem obesku Son\u010dev labirint na unikatnem obesku je izdelek iz serije obeskov z labirinti kot kerami\u010den nakit, pottery art oblikovanje gline Polone Zajc. Predstavljen je obesek z vrvico in sponko, ki predstavlja simbol labirinta Labirint mo\u010di ali Son\u010dev labirint v njegovi naravni, ekspresivni obliki. Narejen je ro\u010dno, samo en kos.\u00a0 Podlaga je [&hellip;]<\/p>\n","protected":false},"featured_media":2853,"comment_status":"open","ping_status":"closed","template":"","meta":[],"product_brand":[],"product_cat":[240,38,86],"product_tag":[],"class_list":{"0":"post-2882","1":"product","2":"type-product","3":"status-publish","4":"has-post-thumbnail","6":"product_cat-labirint-moci-ali-soncev-labirint","7":"product_cat-labirinti","8":"product_cat-unikaten-nakit-iz-gline","10":"first","11":"instock","12":"purchasable","13":"product-type-simple"},"yoast_head":"<!-- This site is optimized with the Yoast SEO Premium plugin v27.4 (Yoast SEO v27.4) - https:\/\/yoast.com\/product\/yoast-seo-premium-wordpress\/ -->\n<title>Son\u010dev labirint na unikatnem obesku<\/title>\n<meta name=\"description\" content=\"Son\u010dev labirint na unikatnem obesku je izdelek pottery art oblikovanje gline Polone Zajc. To je simbol labirinta- labirint mo\u010di\" \/>\n<meta name=\"robots\" content=\"index, follow, max-snippet:-1, max-image-preview:large, max-video-preview:-1\" \/>\n<link rel=\"canonical\" href=\"https:\/\/potteryart.eu\/en_gb\/spletna-trgovina\/labirinti\/labirint-moci-ali-soncev-labirint\/soncev-labirint-na-unikatnem-obesku\/\" \/>\n<meta property=\"og:locale\" content=\"en_GB\" \/>\n<meta property=\"og:type\" content=\"article\" \/>\n<meta property=\"og:title\" content=\"Son\u010dev labirint na unikatnem obesku\" \/>\n<meta property=\"og:description\" content=\"Son\u010dev labirint na unikatnem obesku je izdelek pottery art oblikovanje gline Polone Zajc. To je simbol labirinta- labirint mo\u010di\" \/>\n<meta property=\"og:url\" content=\"https:\/\/potteryart.eu\/en_gb\/spletna-trgovina\/labirinti\/labirint-moci-ali-soncev-labirint\/soncev-labirint-na-unikatnem-obesku\/\" \/>\n<meta property=\"og:site_name\" content=\"Zajc Polona\" \/>\n<meta property=\"article:modified_time\" content=\"2024-10-27T17:00:08+00:00\" \/>\n<meta property=\"og:image\" content=\"https:\/\/potteryart.eu\/wp-content\/uploads\/2024\/10\/labirint8-scaled.jpg\" \/>\n\t<meta property=\"og:image:width\" content=\"1920\" \/>\n\t<meta property=\"og:image:height\" content=\"2560\" \/>\n\t<meta property=\"og:image:type\" content=\"image\/jpeg\" \/>\n<meta name=\"twitter:card\" content=\"summary_large_image\" \/>\n<meta name=\"twitter:label1\" content=\"Estimated reading time\" \/>\n\t<meta name=\"twitter:data1\" content=\"2 minutes\" \/>\n<script type=\"application\/ld+json\" class=\"yoast-schema-graph\">{\"@context\":\"https:\\\/\\\/schema.org\",\"@graph\":[{\"@type\":\"WebPage\",\"@id\":\"https:\\\/\\\/potteryart.eu\\\/spletna-trgovina\\\/labirinti\\\/labirint-moci-ali-soncev-labirint\\\/soncev-labirint-na-unikatnem-obesku\\\/\",\"url\":\"https:\\\/\\\/potteryart.eu\\\/spletna-trgovina\\\/labirinti\\\/labirint-moci-ali-soncev-labirint\\\/soncev-labirint-na-unikatnem-obesku\\\/\",\"name\":\"Son\u010dev labirint na unikatnem obesku\",\"isPartOf\":{\"@id\":\"https:\\\/\\\/potteryart.eu\\\/#website\"},\"primaryImageOfPage\":{\"@id\":\"https:\\\/\\\/potteryart.eu\\\/spletna-trgovina\\\/labirinti\\\/labirint-moci-ali-soncev-labirint\\\/soncev-labirint-na-unikatnem-obesku\\\/#primaryimage\"},\"image\":{\"@id\":\"https:\\\/\\\/potteryart.eu\\\/spletna-trgovina\\\/labirinti\\\/labirint-moci-ali-soncev-labirint\\\/soncev-labirint-na-unikatnem-obesku\\\/#primaryimage\"},\"thumbnailUrl\":\"https:\\\/\\\/potteryart.eu\\\/wp-content\\\/uploads\\\/2024\\\/10\\\/labirint8-scaled.jpg\",\"datePublished\":\"2024-10-27T16:57:01+00:00\",\"dateModified\":\"2024-10-27T17:00:08+00:00\",\"description\":\"Son\u010dev labirint na unikatnem obesku je izdelek pottery art oblikovanje gline Polone Zajc. To je simbol labirinta- labirint mo\u010di\",\"breadcrumb\":{\"@id\":\"https:\\\/\\\/potteryart.eu\\\/spletna-trgovina\\\/labirinti\\\/labirint-moci-ali-soncev-labirint\\\/soncev-labirint-na-unikatnem-obesku\\\/#breadcrumb\"},\"inLanguage\":\"en-GB\",\"potentialAction\":[{\"@type\":\"ReadAction\",\"target\":[\"https:\\\/\\\/potteryart.eu\\\/spletna-trgovina\\\/labirinti\\\/labirint-moci-ali-soncev-labirint\\\/soncev-labirint-na-unikatnem-obesku\\\/\"]}]},{\"@type\":\"ImageObject\",\"inLanguage\":\"en-GB\",\"@id\":\"https:\\\/\\\/potteryart.eu\\\/spletna-trgovina\\\/labirinti\\\/labirint-moci-ali-soncev-labirint\\\/soncev-labirint-na-unikatnem-obesku\\\/#primaryimage\",\"url\":\"https:\\\/\\\/potteryart.eu\\\/wp-content\\\/uploads\\\/2024\\\/10\\\/labirint8-scaled.jpg\",\"contentUrl\":\"https:\\\/\\\/potteryart.eu\\\/wp-content\\\/uploads\\\/2024\\\/10\\\/labirint8-scaled.jpg\",\"width\":1920,\"height\":2560,\"caption\":\"Son\u010dev labirint na unikatnem obesku, pottery art, labirint mo\u010di\"},{\"@type\":\"BreadcrumbList\",\"@id\":\"https:\\\/\\\/potteryart.eu\\\/spletna-trgovina\\\/labirinti\\\/labirint-moci-ali-soncev-labirint\\\/soncev-labirint-na-unikatnem-obesku\\\/#breadcrumb\",\"itemListElement\":[{\"@type\":\"ListItem\",\"position\":1,\"name\":\"Home\",\"item\":\"https:\\\/\\\/potteryart.eu\\\/\"},{\"@type\":\"ListItem\",\"position\":2,\"name\":\"Spletna trgovina\",\"item\":\"https:\\\/\\\/potteryart.eu\\\/spletna-trgovina\\\/\"},{\"@type\":\"ListItem\",\"position\":3,\"name\":\"Son\u010dev labirint na unikatnem obesku\"}]},{\"@type\":\"WebSite\",\"@id\":\"https:\\\/\\\/potteryart.eu\\\/#website\",\"url\":\"https:\\\/\\\/potteryart.eu\\\/\",\"name\":\"Zajc Polona\",\"description\":\"\",\"publisher\":{\"@id\":\"https:\\\/\\\/potteryart.eu\\\/#\\\/schema\\\/person\\\/819de6034d3dd0bbdcc3a95a0b6c7e4d\"},\"potentialAction\":[{\"@type\":\"SearchAction\",\"target\":{\"@type\":\"EntryPoint\",\"urlTemplate\":\"https:\\\/\\\/potteryart.eu\\\/?s={search_term_string}\"},\"query-input\":{\"@type\":\"PropertyValueSpecification\",\"valueRequired\":true,\"valueName\":\"search_term_string\"}}],\"inLanguage\":\"en-GB\"},{\"@type\":[\"Person\",\"Organization\"],\"@id\":\"https:\\\/\\\/potteryart.eu\\\/#\\\/schema\\\/person\\\/819de6034d3dd0bbdcc3a95a0b6c7e4d\",\"name\":\"polonazajc_admin\",\"image\":{\"@type\":\"ImageObject\",\"inLanguage\":\"en-GB\",\"@id\":\"https:\\\/\\\/potteryart.eu\\\/wp-content\\\/uploads\\\/2020\\\/12\\\/cropped-Logo-1.png\",\"url\":\"https:\\\/\\\/potteryart.eu\\\/wp-content\\\/uploads\\\/2020\\\/12\\\/cropped-Logo-1.png\",\"contentUrl\":\"https:\\\/\\\/potteryart.eu\\\/wp-content\\\/uploads\\\/2020\\\/12\\\/cropped-Logo-1.png\",\"width\":2113,\"height\":280,\"caption\":\"polonazajc_admin\"},\"logo\":{\"@id\":\"https:\\\/\\\/potteryart.eu\\\/wp-content\\\/uploads\\\/2020\\\/12\\\/cropped-Logo-1.png\"}}]}<\/script>\n<!-- \/ Yoast SEO Premium plugin. -->","yoast_head_json":{"title":"Sun Labyrinth on a unique pendant","description":"Son\u010dev labirint na unikatnem obesku je izdelek pottery art oblikovanje gline Polone Zajc. To je simbol labirinta- labirint mo\u010di","robots":{"index":"index","follow":"follow","max-snippet":"max-snippet:-1","max-image-preview":"max-image-preview:large","max-video-preview":"max-video-preview:-1"},"canonical":"https:\/\/potteryart.eu\/en_gb\/spletna-trgovina\/labirinti\/labirint-moci-ali-soncev-labirint\/soncev-labirint-na-unikatnem-obesku\/","og_locale":"en_GB","og_type":"article","og_title":"Son\u010dev labirint na unikatnem obesku","og_description":"Son\u010dev labirint na unikatnem obesku je izdelek pottery art oblikovanje gline Polone Zajc. To je simbol labirinta- labirint mo\u010di","og_url":"https:\/\/potteryart.eu\/en_gb\/spletna-trgovina\/labirinti\/labirint-moci-ali-soncev-labirint\/soncev-labirint-na-unikatnem-obesku\/","og_site_name":"Zajc Polona","article_modified_time":"2024-10-27T17:00:08+00:00","og_image":[{"width":1920,"height":2560,"url":"https:\/\/potteryart.eu\/wp-content\/uploads\/2024\/10\/labirint8-scaled.jpg","type":"image\/jpeg"}],"twitter_card":"summary_large_image","twitter_misc":{"Estimated reading time":"2 minutes"},"schema":{"@context":"https:\/\/schema.org","@graph":[{"@type":"WebPage","@id":"https:\/\/potteryart.eu\/spletna-trgovina\/labirinti\/labirint-moci-ali-soncev-labirint\/soncev-labirint-na-unikatnem-obesku\/","url":"https:\/\/potteryart.eu\/spletna-trgovina\/labirinti\/labirint-moci-ali-soncev-labirint\/soncev-labirint-na-unikatnem-obesku\/","name":"Sun Labyrinth on a unique pendant","isPartOf":{"@id":"https:\/\/potteryart.eu\/#website"},"primaryImageOfPage":{"@id":"https:\/\/potteryart.eu\/spletna-trgovina\/labirinti\/labirint-moci-ali-soncev-labirint\/soncev-labirint-na-unikatnem-obesku\/#primaryimage"},"image":{"@id":"https:\/\/potteryart.eu\/spletna-trgovina\/labirinti\/labirint-moci-ali-soncev-labirint\/soncev-labirint-na-unikatnem-obesku\/#primaryimage"},"thumbnailUrl":"https:\/\/potteryart.eu\/wp-content\/uploads\/2024\/10\/labirint8-scaled.jpg","datePublished":"2024-10-27T16:57:01+00:00","dateModified":"2024-10-27T17:00:08+00:00","description":"Son\u010dev labirint na unikatnem obesku je izdelek pottery art oblikovanje gline Polone Zajc. To je simbol labirinta- labirint mo\u010di","breadcrumb":{"@id":"https:\/\/potteryart.eu\/spletna-trgovina\/labirinti\/labirint-moci-ali-soncev-labirint\/soncev-labirint-na-unikatnem-obesku\/#breadcrumb"},"inLanguage":"en-GB","potentialAction":[{"@type":"ReadAction","target":["https:\/\/potteryart.eu\/spletna-trgovina\/labirinti\/labirint-moci-ali-soncev-labirint\/soncev-labirint-na-unikatnem-obesku\/"]}]},{"@type":"ImageObject","inLanguage":"en-GB","@id":"https:\/\/potteryart.eu\/spletna-trgovina\/labirinti\/labirint-moci-ali-soncev-labirint\/soncev-labirint-na-unikatnem-obesku\/#primaryimage","url":"https:\/\/potteryart.eu\/wp-content\/uploads\/2024\/10\/labirint8-scaled.jpg","contentUrl":"https:\/\/potteryart.eu\/wp-content\/uploads\/2024\/10\/labirint8-scaled.jpg","width":1920,"height":2560,"caption":"Son\u010dev labirint na unikatnem obesku, pottery art, labirint mo\u010di"},{"@type":"BreadcrumbList","@id":"https:\/\/potteryart.eu\/spletna-trgovina\/labirinti\/labirint-moci-ali-soncev-labirint\/soncev-labirint-na-unikatnem-obesku\/#breadcrumb","itemListElement":[{"@type":"ListItem","position":1,"name":"Home","item":"https:\/\/potteryart.eu\/"},{"@type":"ListItem","position":2,"name":"Spletna trgovina","item":"https:\/\/potteryart.eu\/spletna-trgovina\/"},{"@type":"ListItem","position":3,"name":"Son\u010dev labirint na unikatnem obesku"}]},{"@type":"WebSite","@id":"https:\/\/potteryart.eu\/#website","url":"https:\/\/potteryart.eu\/","name":"Zajc Polona","description":"","publisher":{"@id":"https:\/\/potteryart.eu\/#\/schema\/person\/819de6034d3dd0bbdcc3a95a0b6c7e4d"},"potentialAction":[{"@type":"SearchAction","target":{"@type":"EntryPoint","urlTemplate":"https:\/\/potteryart.eu\/?s={search_term_string}"},"query-input":{"@type":"PropertyValueSpecification","valueRequired":true,"valueName":"search_term_string"}}],"inLanguage":"en-GB"},{"@type":["Person","Organization"],"@id":"https:\/\/potteryart.eu\/#\/schema\/person\/819de6034d3dd0bbdcc3a95a0b6c7e4d","name":"polonazajc_admin","image":{"@type":"ImageObject","inLanguage":"en-GB","@id":"https:\/\/potteryart.eu\/wp-content\/uploads\/2020\/12\/cropped-Logo-1.png","url":"https:\/\/potteryart.eu\/wp-content\/uploads\/2020\/12\/cropped-Logo-1.png","contentUrl":"https:\/\/potteryart.eu\/wp-content\/uploads\/2020\/12\/cropped-Logo-1.png","width":2113,"height":280,"caption":"polonazajc_admin"},"logo":{"@id":"https:\/\/potteryart.eu\/wp-content\/uploads\/2020\/12\/cropped-Logo-1.png"}}]}},"_links":{"self":[{"href":"https:\/\/potteryart.eu\/en_gb\/wp-json\/wp\/v2\/product\/2882","targetHints":{"allow":["GET"]}}],"collection":[{"href":"https:\/\/potteryart.eu\/en_gb\/wp-json\/wp\/v2\/product"}],"about":[{"href":"https:\/\/potteryart.eu\/en_gb\/wp-json\/wp\/v2\/types\/product"}],"replies":[{"embeddable":true,"href":"https:\/\/potteryart.eu\/en_gb\/wp-json\/wp\/v2\/comments?post=2882"}],"wp:featuredmedia":[{"embeddable":true,"href":"https:\/\/potteryart.eu\/en_gb\/wp-json\/wp\/v2\/media\/2853"}],"wp:attachment":[{"href":"https:\/\/potteryart.eu\/en_gb\/wp-json\/wp\/v2\/media?parent=2882"}],"wp:term":[{"taxonomy":"product_brand","embeddable":true,"href":"https:\/\/potteryart.eu\/en_gb\/wp-json\/wp\/v2\/product_brand?post=2882"},{"taxonomy":"product_cat","embeddable":true,"href":"https:\/\/potteryart.eu\/en_gb\/wp-json\/wp\/v2\/product_cat?post=2882"},{"taxonomy":"product_tag","embeddable":true,"href":"https:\/\/potteryart.eu\/en_gb\/wp-json\/wp\/v2\/product_tag?post=2882"}],"curies":[{"name":"wp","href":"https:\/\/api.w.org\/{rel}","templated":true}]}}