{"id":2889,"date":"2024-10-27T20:42:16","date_gmt":"2024-10-27T19:42:16","guid":{"rendered":"https:\/\/potteryart.eu\/?post_type=product&#038;p=2889"},"modified":"2025-10-17T17:56:37","modified_gmt":"2025-10-17T15:56:37","slug":"jupitrov-labirint-na-unikatnem-obesku","status":"publish","type":"product","link":"https:\/\/potteryart.eu\/en_gb\/spletna-trgovina\/labirinti\/labirint-modrosti-ali-jupitrov-labirint\/jupitrov-labirint-na-unikatnem-obesku\/","title":{"rendered":"Jupiter's labyrinth on a unique pendant"},"content":{"rendered":"<h1>Jupiter's labyrinth on a unique pendant<\/h1>\n<p class=\"translation-block\">Jupiter's labyrinth on a unique pendant is one of the products of pottery art clay design Polona Zajc. It is a pendant with a cord and a clasp representing the symbol of the Labyrinth of Wisdom or Jupiter's Labyrinth in its natural, expressive form. The ceramic jewellery is a handmade unique piece. It is made of black clay, glazed and fired at 1200\u00b0C. The diameter is 6 cm, the length of the cord is 30 cm. The shape of the wisdom labyrinth gives the pendant a special meaning, as each labyrinth carries within it certain qualities and a purpose of action.<\/p>\n<h2>Pottery art clay design by Polona Zajc<\/h2>\n<p>Pottery art clay design by Polona Zajc has in her collection all forms of labyrinths formed in clay. Each shape also has a distinctive colour, which gives the labyrinth pendants a decorative touch. Each labyrinth is important above all for the energy and power it carries. It has an impact on the individual who uses it, as well as on the surroundings in which it is located. Labyrinth pendants have a positive effect on everyone by their presence. It is only necessary to choose the right one for your needs.<\/p>\n<h3>The Labyrinth of Wisdom<\/h3>\n<p>The Labyrinth of Wisdom or Jupiter's Labyrinth is associated with the acquisition of knowledge. There are different types of knowledge. From the vast amount of information we acquire in schools to deeper levels of knowledge. At the foundation of scholarship is the attitude of affection towards the acquisition of knowledge. And it is this attitude that the Wisdom Labyrinth promotes. It makes sure that we do not stray from the path of our basic task, which is the acquisition of knowledge. If this constant striving for knowledge is absent, various negative qualities begin to manifest themselves in people's lives. In fact, it could be said that the moment people stop learning, they die in a sense. The knowledge labyrinth, as it can also be called, will be particularly useful for pupils and students, as well as for all those who are learning new skills. It will also be excellent for teachers and, in general, for all those who pass on knowledge. The presence of this labyrinth in the environment will stimulate the innate human curiosity, increasing the level of wisdom, scholarship and tolerance.<\/p>","protected":false},"excerpt":{"rendered":"<p>Jupitrov labirint na unikatnem obesku Jupitrov labirint na unikatnem obesku je eden izmed izdelkov pottery art oblikovanje gline Polone Zajc. Je obesek z vrvico in sponko, ki predstavlja simbol labirinta Labirint modrosti ali Jupitrov labirint v njegovi naravni, ekspresivni obliki. Kerami\u010den nakit je ro\u010dno izdelan unikat. Narejen je iz \u010drne gline, glaziran in \u017egan pri [&hellip;]<\/p>\n","protected":false},"featured_media":2855,"comment_status":"open","ping_status":"closed","template":"","meta":[],"product_brand":[],"product_cat":[244,38,86],"product_tag":[],"class_list":{"0":"post-2889","1":"product","2":"type-product","3":"status-publish","4":"has-post-thumbnail","6":"product_cat-labirint-modrosti-ali-jupitrov-labirint","7":"product_cat-labirinti","8":"product_cat-unikaten-nakit-iz-gline","10":"first","11":"outofstock","12":"purchasable","13":"product-type-simple"},"yoast_head":"<!-- This site is optimized with the Yoast SEO Premium plugin v27.4 (Yoast SEO v27.4) - https:\/\/yoast.com\/product\/yoast-seo-premium-wordpress\/ -->\n<title>Jupitrov labirint na unikatnem obesku<\/title>\n<meta name=\"description\" content=\"Jupitrov labirint na unikatnem obesku je izdelk pottery art oblikovanje gline Polone Zajc. To je simbol labirinta v glini- labirint modrosti\" \/>\n<meta name=\"robots\" content=\"index, follow, max-snippet:-1, max-image-preview:large, max-video-preview:-1\" \/>\n<link rel=\"canonical\" href=\"https:\/\/potteryart.eu\/en_gb\/spletna-trgovina\/labirinti\/labirint-modrosti-ali-jupitrov-labirint\/jupitrov-labirint-na-unikatnem-obesku\/\" \/>\n<meta property=\"og:locale\" content=\"en_GB\" \/>\n<meta property=\"og:type\" content=\"article\" \/>\n<meta property=\"og:title\" content=\"Jupitrov labirint na unikatnem obesku\" \/>\n<meta property=\"og:description\" content=\"Jupitrov labirint na unikatnem obesku je izdelk pottery art oblikovanje gline Polone Zajc. To je simbol labirinta v glini- labirint modrosti\" \/>\n<meta property=\"og:url\" content=\"https:\/\/potteryart.eu\/en_gb\/spletna-trgovina\/labirinti\/labirint-modrosti-ali-jupitrov-labirint\/jupitrov-labirint-na-unikatnem-obesku\/\" \/>\n<meta property=\"og:site_name\" content=\"Zajc Polona\" \/>\n<meta property=\"article:modified_time\" content=\"2025-10-17T15:56:37+00:00\" \/>\n<meta property=\"og:image\" content=\"https:\/\/potteryart.eu\/wp-content\/uploads\/2024\/10\/labirint10-scaled.jpg\" \/>\n\t<meta property=\"og:image:width\" content=\"1920\" \/>\n\t<meta property=\"og:image:height\" content=\"2560\" \/>\n\t<meta property=\"og:image:type\" content=\"image\/jpeg\" \/>\n<meta name=\"twitter:card\" content=\"summary_large_image\" \/>\n<meta name=\"twitter:label1\" content=\"Estimated reading time\" \/>\n\t<meta name=\"twitter:data1\" content=\"2 minutes\" \/>\n<script type=\"application\/ld+json\" class=\"yoast-schema-graph\">{\"@context\":\"https:\\\/\\\/schema.org\",\"@graph\":[{\"@type\":\"WebPage\",\"@id\":\"https:\\\/\\\/potteryart.eu\\\/spletna-trgovina\\\/labirinti\\\/labirint-modrosti-ali-jupitrov-labirint\\\/jupitrov-labirint-na-unikatnem-obesku\\\/\",\"url\":\"https:\\\/\\\/potteryart.eu\\\/spletna-trgovina\\\/labirinti\\\/labirint-modrosti-ali-jupitrov-labirint\\\/jupitrov-labirint-na-unikatnem-obesku\\\/\",\"name\":\"Jupitrov labirint na unikatnem obesku\",\"isPartOf\":{\"@id\":\"https:\\\/\\\/potteryart.eu\\\/#website\"},\"primaryImageOfPage\":{\"@id\":\"https:\\\/\\\/potteryart.eu\\\/spletna-trgovina\\\/labirinti\\\/labirint-modrosti-ali-jupitrov-labirint\\\/jupitrov-labirint-na-unikatnem-obesku\\\/#primaryimage\"},\"image\":{\"@id\":\"https:\\\/\\\/potteryart.eu\\\/spletna-trgovina\\\/labirinti\\\/labirint-modrosti-ali-jupitrov-labirint\\\/jupitrov-labirint-na-unikatnem-obesku\\\/#primaryimage\"},\"thumbnailUrl\":\"https:\\\/\\\/potteryart.eu\\\/wp-content\\\/uploads\\\/2024\\\/10\\\/labirint10-scaled.jpg\",\"datePublished\":\"2024-10-27T19:42:16+00:00\",\"dateModified\":\"2025-10-17T15:56:37+00:00\",\"description\":\"Jupitrov labirint na unikatnem obesku je izdelk pottery art oblikovanje gline Polone Zajc. To je simbol labirinta v glini- labirint modrosti\",\"breadcrumb\":{\"@id\":\"https:\\\/\\\/potteryart.eu\\\/spletna-trgovina\\\/labirinti\\\/labirint-modrosti-ali-jupitrov-labirint\\\/jupitrov-labirint-na-unikatnem-obesku\\\/#breadcrumb\"},\"inLanguage\":\"en-GB\",\"potentialAction\":[{\"@type\":\"ReadAction\",\"target\":[\"https:\\\/\\\/potteryart.eu\\\/spletna-trgovina\\\/labirinti\\\/labirint-modrosti-ali-jupitrov-labirint\\\/jupitrov-labirint-na-unikatnem-obesku\\\/\"]}]},{\"@type\":\"ImageObject\",\"inLanguage\":\"en-GB\",\"@id\":\"https:\\\/\\\/potteryart.eu\\\/spletna-trgovina\\\/labirinti\\\/labirint-modrosti-ali-jupitrov-labirint\\\/jupitrov-labirint-na-unikatnem-obesku\\\/#primaryimage\",\"url\":\"https:\\\/\\\/potteryart.eu\\\/wp-content\\\/uploads\\\/2024\\\/10\\\/labirint10-scaled.jpg\",\"contentUrl\":\"https:\\\/\\\/potteryart.eu\\\/wp-content\\\/uploads\\\/2024\\\/10\\\/labirint10-scaled.jpg\",\"width\":1920,\"height\":2560,\"caption\":\"Jupitrov labirint na unikatnem obesku, pottery art, labirint modrosti\"},{\"@type\":\"BreadcrumbList\",\"@id\":\"https:\\\/\\\/potteryart.eu\\\/spletna-trgovina\\\/labirinti\\\/labirint-modrosti-ali-jupitrov-labirint\\\/jupitrov-labirint-na-unikatnem-obesku\\\/#breadcrumb\",\"itemListElement\":[{\"@type\":\"ListItem\",\"position\":1,\"name\":\"Home\",\"item\":\"https:\\\/\\\/potteryart.eu\\\/\"},{\"@type\":\"ListItem\",\"position\":2,\"name\":\"Spletna trgovina\",\"item\":\"https:\\\/\\\/potteryart.eu\\\/spletna-trgovina\\\/\"},{\"@type\":\"ListItem\",\"position\":3,\"name\":\"Jupitrov labirint na unikatnem obesku\"}]},{\"@type\":\"WebSite\",\"@id\":\"https:\\\/\\\/potteryart.eu\\\/#website\",\"url\":\"https:\\\/\\\/potteryart.eu\\\/\",\"name\":\"Zajc Polona\",\"description\":\"\",\"publisher\":{\"@id\":\"https:\\\/\\\/potteryart.eu\\\/#\\\/schema\\\/person\\\/819de6034d3dd0bbdcc3a95a0b6c7e4d\"},\"potentialAction\":[{\"@type\":\"SearchAction\",\"target\":{\"@type\":\"EntryPoint\",\"urlTemplate\":\"https:\\\/\\\/potteryart.eu\\\/?s={search_term_string}\"},\"query-input\":{\"@type\":\"PropertyValueSpecification\",\"valueRequired\":true,\"valueName\":\"search_term_string\"}}],\"inLanguage\":\"en-GB\"},{\"@type\":[\"Person\",\"Organization\"],\"@id\":\"https:\\\/\\\/potteryart.eu\\\/#\\\/schema\\\/person\\\/819de6034d3dd0bbdcc3a95a0b6c7e4d\",\"name\":\"polonazajc_admin\",\"image\":{\"@type\":\"ImageObject\",\"inLanguage\":\"en-GB\",\"@id\":\"https:\\\/\\\/potteryart.eu\\\/wp-content\\\/uploads\\\/2020\\\/12\\\/cropped-Logo-1.png\",\"url\":\"https:\\\/\\\/potteryart.eu\\\/wp-content\\\/uploads\\\/2020\\\/12\\\/cropped-Logo-1.png\",\"contentUrl\":\"https:\\\/\\\/potteryart.eu\\\/wp-content\\\/uploads\\\/2020\\\/12\\\/cropped-Logo-1.png\",\"width\":2113,\"height\":280,\"caption\":\"polonazajc_admin\"},\"logo\":{\"@id\":\"https:\\\/\\\/potteryart.eu\\\/wp-content\\\/uploads\\\/2020\\\/12\\\/cropped-Logo-1.png\"}}]}<\/script>\n<!-- \/ Yoast SEO Premium plugin. -->","yoast_head_json":{"title":"Jupiter's labyrinth on a unique pendant","description":"Jupitrov labirint na unikatnem obesku je izdelk pottery art oblikovanje gline Polone Zajc. To je simbol labirinta v glini- labirint modrosti","robots":{"index":"index","follow":"follow","max-snippet":"max-snippet:-1","max-image-preview":"max-image-preview:large","max-video-preview":"max-video-preview:-1"},"canonical":"https:\/\/potteryart.eu\/en_gb\/spletna-trgovina\/labirinti\/labirint-modrosti-ali-jupitrov-labirint\/jupitrov-labirint-na-unikatnem-obesku\/","og_locale":"en_GB","og_type":"article","og_title":"Jupitrov labirint na unikatnem obesku","og_description":"Jupitrov labirint na unikatnem obesku je izdelk pottery art oblikovanje gline Polone Zajc. To je simbol labirinta v glini- labirint modrosti","og_url":"https:\/\/potteryart.eu\/en_gb\/spletna-trgovina\/labirinti\/labirint-modrosti-ali-jupitrov-labirint\/jupitrov-labirint-na-unikatnem-obesku\/","og_site_name":"Zajc Polona","article_modified_time":"2025-10-17T15:56:37+00:00","og_image":[{"width":1920,"height":2560,"url":"https:\/\/potteryart.eu\/wp-content\/uploads\/2024\/10\/labirint10-scaled.jpg","type":"image\/jpeg"}],"twitter_card":"summary_large_image","twitter_misc":{"Estimated reading time":"2 minutes"},"schema":{"@context":"https:\/\/schema.org","@graph":[{"@type":"WebPage","@id":"https:\/\/potteryart.eu\/spletna-trgovina\/labirinti\/labirint-modrosti-ali-jupitrov-labirint\/jupitrov-labirint-na-unikatnem-obesku\/","url":"https:\/\/potteryart.eu\/spletna-trgovina\/labirinti\/labirint-modrosti-ali-jupitrov-labirint\/jupitrov-labirint-na-unikatnem-obesku\/","name":"Jupiter's labyrinth on a unique pendant","isPartOf":{"@id":"https:\/\/potteryart.eu\/#website"},"primaryImageOfPage":{"@id":"https:\/\/potteryart.eu\/spletna-trgovina\/labirinti\/labirint-modrosti-ali-jupitrov-labirint\/jupitrov-labirint-na-unikatnem-obesku\/#primaryimage"},"image":{"@id":"https:\/\/potteryart.eu\/spletna-trgovina\/labirinti\/labirint-modrosti-ali-jupitrov-labirint\/jupitrov-labirint-na-unikatnem-obesku\/#primaryimage"},"thumbnailUrl":"https:\/\/potteryart.eu\/wp-content\/uploads\/2024\/10\/labirint10-scaled.jpg","datePublished":"2024-10-27T19:42:16+00:00","dateModified":"2025-10-17T15:56:37+00:00","description":"Jupitrov labirint na unikatnem obesku je izdelk pottery art oblikovanje gline Polone Zajc. To je simbol labirinta v glini- labirint modrosti","breadcrumb":{"@id":"https:\/\/potteryart.eu\/spletna-trgovina\/labirinti\/labirint-modrosti-ali-jupitrov-labirint\/jupitrov-labirint-na-unikatnem-obesku\/#breadcrumb"},"inLanguage":"en-GB","potentialAction":[{"@type":"ReadAction","target":["https:\/\/potteryart.eu\/spletna-trgovina\/labirinti\/labirint-modrosti-ali-jupitrov-labirint\/jupitrov-labirint-na-unikatnem-obesku\/"]}]},{"@type":"ImageObject","inLanguage":"en-GB","@id":"https:\/\/potteryart.eu\/spletna-trgovina\/labirinti\/labirint-modrosti-ali-jupitrov-labirint\/jupitrov-labirint-na-unikatnem-obesku\/#primaryimage","url":"https:\/\/potteryart.eu\/wp-content\/uploads\/2024\/10\/labirint10-scaled.jpg","contentUrl":"https:\/\/potteryart.eu\/wp-content\/uploads\/2024\/10\/labirint10-scaled.jpg","width":1920,"height":2560,"caption":"Jupitrov labirint na unikatnem obesku, pottery art, labirint modrosti"},{"@type":"BreadcrumbList","@id":"https:\/\/potteryart.eu\/spletna-trgovina\/labirinti\/labirint-modrosti-ali-jupitrov-labirint\/jupitrov-labirint-na-unikatnem-obesku\/#breadcrumb","itemListElement":[{"@type":"ListItem","position":1,"name":"Home","item":"https:\/\/potteryart.eu\/"},{"@type":"ListItem","position":2,"name":"Spletna trgovina","item":"https:\/\/potteryart.eu\/spletna-trgovina\/"},{"@type":"ListItem","position":3,"name":"Jupitrov labirint na unikatnem obesku"}]},{"@type":"WebSite","@id":"https:\/\/potteryart.eu\/#website","url":"https:\/\/potteryart.eu\/","name":"Zajc Polona","description":"","publisher":{"@id":"https:\/\/potteryart.eu\/#\/schema\/person\/819de6034d3dd0bbdcc3a95a0b6c7e4d"},"potentialAction":[{"@type":"SearchAction","target":{"@type":"EntryPoint","urlTemplate":"https:\/\/potteryart.eu\/?s={search_term_string}"},"query-input":{"@type":"PropertyValueSpecification","valueRequired":true,"valueName":"search_term_string"}}],"inLanguage":"en-GB"},{"@type":["Person","Organization"],"@id":"https:\/\/potteryart.eu\/#\/schema\/person\/819de6034d3dd0bbdcc3a95a0b6c7e4d","name":"polonazajc_admin","image":{"@type":"ImageObject","inLanguage":"en-GB","@id":"https:\/\/potteryart.eu\/wp-content\/uploads\/2020\/12\/cropped-Logo-1.png","url":"https:\/\/potteryart.eu\/wp-content\/uploads\/2020\/12\/cropped-Logo-1.png","contentUrl":"https:\/\/potteryart.eu\/wp-content\/uploads\/2020\/12\/cropped-Logo-1.png","width":2113,"height":280,"caption":"polonazajc_admin"},"logo":{"@id":"https:\/\/potteryart.eu\/wp-content\/uploads\/2020\/12\/cropped-Logo-1.png"}}]}},"_links":{"self":[{"href":"https:\/\/potteryart.eu\/en_gb\/wp-json\/wp\/v2\/product\/2889","targetHints":{"allow":["GET"]}}],"collection":[{"href":"https:\/\/potteryart.eu\/en_gb\/wp-json\/wp\/v2\/product"}],"about":[{"href":"https:\/\/potteryart.eu\/en_gb\/wp-json\/wp\/v2\/types\/product"}],"replies":[{"embeddable":true,"href":"https:\/\/potteryart.eu\/en_gb\/wp-json\/wp\/v2\/comments?post=2889"}],"wp:featuredmedia":[{"embeddable":true,"href":"https:\/\/potteryart.eu\/en_gb\/wp-json\/wp\/v2\/media\/2855"}],"wp:attachment":[{"href":"https:\/\/potteryart.eu\/en_gb\/wp-json\/wp\/v2\/media?parent=2889"}],"wp:term":[{"taxonomy":"product_brand","embeddable":true,"href":"https:\/\/potteryart.eu\/en_gb\/wp-json\/wp\/v2\/product_brand?post=2889"},{"taxonomy":"product_cat","embeddable":true,"href":"https:\/\/potteryart.eu\/en_gb\/wp-json\/wp\/v2\/product_cat?post=2889"},{"taxonomy":"product_tag","embeddable":true,"href":"https:\/\/potteryart.eu\/en_gb\/wp-json\/wp\/v2\/product_tag?post=2889"}],"curies":[{"name":"wp","href":"https:\/\/api.w.org\/{rel}","templated":true}]}}