{"id":2891,"date":"2024-10-27T21:02:00","date_gmt":"2024-10-27T20:02:00","guid":{"rendered":"https:\/\/potteryart.eu\/?post_type=product&#038;p=2891"},"modified":"2026-02-19T07:25:36","modified_gmt":"2026-02-19T06:25:36","slug":"lunin-labirint-na-unikatnem-obesku","status":"publish","type":"product","link":"https:\/\/potteryart.eu\/en_gb\/spletna-trgovina\/labirinti\/labirint-obcutij-ali-lunun-labirint\/lunin-labirint-na-unikatnem-obesku\/","title":{"rendered":"Moon Labyrinth on a unique pendant"},"content":{"rendered":"<h1>Moon Labyrinth on a unique pendant<\/h1>\n<p class=\"translation-block\">The Moon Labyrinth on a unique pendant is a product from the Labyrinths on a pendant series as ceramic jewellery. Pottery art clay design by Polona Zajc also features labyrinths of all kinds. The present one is a labyrinth on a pendant with a cord and a clasp, representing the Labyrinth of Feelings or the Moon Labyrinth in its natural, receptive form. It is made by hand, as a single unique piece. The black clay is glazed and fired at 1200\u00b0C. The diameter is 6 cm, the length of the cord is 30 cm. The shape of the labyrinth gives the product a special meaning, both for the wearer and for the surroundings in which it is placed.<\/p>\n<h2>Pottery art clay design by Polona Zajc<\/h2>\n<p>Pottery art clay design by Polona Zajc has ceramic jewellery in her collection, representing the shapes of labyrinths. These are sources of power that still work. To have power is not to have access to a large amount of energy, but also to have access to a large amount of intelligence. And that is the sense in which labyrinths work. Usually these are built on the ground, so that one walks along their paths. And on these sides there are labyrinths depicted in ceramics. We can walk through these too, following their paths, drawn or carved in clay.<\/p>\n<h3>Labyrinth of feelings<\/h3>\n<p class=\"translation-block\">The Labyrinth of Feelings or Moon Labyrinth is one of the oldest forms of labyrinth. It is based on one of the oldest symbols of mankind, the spiral. Emotions and feelings accompany us throughout our lives. The truth is that we rely on them without exception. That is why balanced emotions are extremely important for successful interaction with other people, as well as for our relationship with ourselves. Instability in this area leads to hypersensitivity, agitation and anxiety. As a consequence, all of this has an impact on our behaviour. The natural, receptive form of the Moon Labyrinth will create inner emotional stability, enhance understanding towards other people, improve subtlety of spirit and multiply heartfulness in behaviour towards and acceptance of others. The labyrinth of feelings will always draw people to itself. It is particularly suited to places in need of healing.<\/p>","protected":false},"excerpt":{"rendered":"<p>Lunin labirint na unikatnem obesku Lunin labirint na unikatnem\u00a0 obesku je izdelek iz serije labirintov na obesku kot kerami\u010den nakit. Kerami\u010dni izdelki Pottery art oblikovanje gline Polone Zajc imajo v svoji vsebini tudi upodobljene labirinte vseh vrst. Pri\u010dujo\u010di je labirint na obesku z vrvico in sponko, ki predstavlja Labirint ob\u010dutij ali Lunin labirint v njegovi [&hellip;]<\/p>\n","protected":false},"featured_media":2863,"comment_status":"open","ping_status":"closed","template":"","meta":[],"product_brand":[],"product_cat":[241,38,86],"product_tag":[],"class_list":{"0":"post-2891","1":"product","2":"type-product","3":"status-publish","4":"has-post-thumbnail","6":"product_cat-labirint-obcutij-ali-lunun-labirint","7":"product_cat-labirinti","8":"product_cat-unikaten-nakit-iz-gline","10":"first","11":"instock","12":"purchasable","13":"product-type-simple"},"yoast_head":"<!-- This site is optimized with the Yoast SEO Premium plugin v27.4 (Yoast SEO v27.4) - https:\/\/yoast.com\/product\/yoast-seo-premium-wordpress\/ -->\n<title>Lunin labirint na unikatnem obesku<\/title>\n<meta name=\"description\" content=\"Lunin labirint na unikatenm obesku je izdelek pottery art oblikovanje gline Polone Zajc. To je ro\u010dno izdelan simbol v glini-labirint ob\u010dutij\" \/>\n<meta name=\"robots\" content=\"index, follow, max-snippet:-1, max-image-preview:large, max-video-preview:-1\" \/>\n<link rel=\"canonical\" href=\"https:\/\/potteryart.eu\/en_gb\/spletna-trgovina\/labirinti\/labirint-obcutij-ali-lunun-labirint\/lunin-labirint-na-unikatnem-obesku\/\" \/>\n<meta property=\"og:locale\" content=\"en_GB\" \/>\n<meta property=\"og:type\" content=\"article\" \/>\n<meta property=\"og:title\" content=\"Lunin labirint na unikatnem obesku\" \/>\n<meta property=\"og:description\" content=\"Lunin labirint na unikatenm obesku je izdelek pottery art oblikovanje gline Polone Zajc. To je ro\u010dno izdelan simbol v glini-labirint ob\u010dutij\" \/>\n<meta property=\"og:url\" content=\"https:\/\/potteryart.eu\/en_gb\/spletna-trgovina\/labirinti\/labirint-obcutij-ali-lunun-labirint\/lunin-labirint-na-unikatnem-obesku\/\" \/>\n<meta property=\"og:site_name\" content=\"Zajc Polona\" \/>\n<meta property=\"article:modified_time\" content=\"2026-02-19T06:25:36+00:00\" \/>\n<meta property=\"og:image\" content=\"https:\/\/potteryart.eu\/wp-content\/uploads\/2024\/10\/labirint18-scaled.jpg\" \/>\n\t<meta property=\"og:image:width\" content=\"1920\" \/>\n\t<meta property=\"og:image:height\" content=\"2560\" \/>\n\t<meta property=\"og:image:type\" content=\"image\/jpeg\" \/>\n<meta name=\"twitter:card\" content=\"summary_large_image\" \/>\n<meta name=\"twitter:label1\" content=\"Estimated reading time\" \/>\n\t<meta name=\"twitter:data1\" content=\"2 minutes\" \/>\n<script type=\"application\/ld+json\" class=\"yoast-schema-graph\">{\"@context\":\"https:\\\/\\\/schema.org\",\"@graph\":[{\"@type\":\"WebPage\",\"@id\":\"https:\\\/\\\/potteryart.eu\\\/spletna-trgovina\\\/labirinti\\\/labirint-obcutij-ali-lunun-labirint\\\/lunin-labirint-na-unikatnem-obesku\\\/\",\"url\":\"https:\\\/\\\/potteryart.eu\\\/spletna-trgovina\\\/labirinti\\\/labirint-obcutij-ali-lunun-labirint\\\/lunin-labirint-na-unikatnem-obesku\\\/\",\"name\":\"Lunin labirint na unikatnem obesku\",\"isPartOf\":{\"@id\":\"https:\\\/\\\/potteryart.eu\\\/#website\"},\"primaryImageOfPage\":{\"@id\":\"https:\\\/\\\/potteryart.eu\\\/spletna-trgovina\\\/labirinti\\\/labirint-obcutij-ali-lunun-labirint\\\/lunin-labirint-na-unikatnem-obesku\\\/#primaryimage\"},\"image\":{\"@id\":\"https:\\\/\\\/potteryart.eu\\\/spletna-trgovina\\\/labirinti\\\/labirint-obcutij-ali-lunun-labirint\\\/lunin-labirint-na-unikatnem-obesku\\\/#primaryimage\"},\"thumbnailUrl\":\"https:\\\/\\\/potteryart.eu\\\/wp-content\\\/uploads\\\/2024\\\/10\\\/labirint18-scaled.jpg\",\"datePublished\":\"2024-10-27T20:02:00+00:00\",\"dateModified\":\"2026-02-19T06:25:36+00:00\",\"description\":\"Lunin labirint na unikatenm obesku je izdelek pottery art oblikovanje gline Polone Zajc. To je ro\u010dno izdelan simbol v glini-labirint ob\u010dutij\",\"breadcrumb\":{\"@id\":\"https:\\\/\\\/potteryart.eu\\\/spletna-trgovina\\\/labirinti\\\/labirint-obcutij-ali-lunun-labirint\\\/lunin-labirint-na-unikatnem-obesku\\\/#breadcrumb\"},\"inLanguage\":\"en-GB\",\"potentialAction\":[{\"@type\":\"ReadAction\",\"target\":[\"https:\\\/\\\/potteryart.eu\\\/spletna-trgovina\\\/labirinti\\\/labirint-obcutij-ali-lunun-labirint\\\/lunin-labirint-na-unikatnem-obesku\\\/\"]}]},{\"@type\":\"ImageObject\",\"inLanguage\":\"en-GB\",\"@id\":\"https:\\\/\\\/potteryart.eu\\\/spletna-trgovina\\\/labirinti\\\/labirint-obcutij-ali-lunun-labirint\\\/lunin-labirint-na-unikatnem-obesku\\\/#primaryimage\",\"url\":\"https:\\\/\\\/potteryart.eu\\\/wp-content\\\/uploads\\\/2024\\\/10\\\/labirint18-scaled.jpg\",\"contentUrl\":\"https:\\\/\\\/potteryart.eu\\\/wp-content\\\/uploads\\\/2024\\\/10\\\/labirint18-scaled.jpg\",\"width\":1920,\"height\":2560,\"caption\":\"Lunin labirint na unikatnem obesku, pottery art, labirint ob\u010dutij\"},{\"@type\":\"BreadcrumbList\",\"@id\":\"https:\\\/\\\/potteryart.eu\\\/spletna-trgovina\\\/labirinti\\\/labirint-obcutij-ali-lunun-labirint\\\/lunin-labirint-na-unikatnem-obesku\\\/#breadcrumb\",\"itemListElement\":[{\"@type\":\"ListItem\",\"position\":1,\"name\":\"Home\",\"item\":\"https:\\\/\\\/potteryart.eu\\\/\"},{\"@type\":\"ListItem\",\"position\":2,\"name\":\"Spletna trgovina\",\"item\":\"https:\\\/\\\/potteryart.eu\\\/spletna-trgovina\\\/\"},{\"@type\":\"ListItem\",\"position\":3,\"name\":\"Lunin labirint na unikatnem obesku\"}]},{\"@type\":\"WebSite\",\"@id\":\"https:\\\/\\\/potteryart.eu\\\/#website\",\"url\":\"https:\\\/\\\/potteryart.eu\\\/\",\"name\":\"Zajc Polona\",\"description\":\"\",\"publisher\":{\"@id\":\"https:\\\/\\\/potteryart.eu\\\/#\\\/schema\\\/person\\\/819de6034d3dd0bbdcc3a95a0b6c7e4d\"},\"potentialAction\":[{\"@type\":\"SearchAction\",\"target\":{\"@type\":\"EntryPoint\",\"urlTemplate\":\"https:\\\/\\\/potteryart.eu\\\/?s={search_term_string}\"},\"query-input\":{\"@type\":\"PropertyValueSpecification\",\"valueRequired\":true,\"valueName\":\"search_term_string\"}}],\"inLanguage\":\"en-GB\"},{\"@type\":[\"Person\",\"Organization\"],\"@id\":\"https:\\\/\\\/potteryart.eu\\\/#\\\/schema\\\/person\\\/819de6034d3dd0bbdcc3a95a0b6c7e4d\",\"name\":\"polonazajc_admin\",\"image\":{\"@type\":\"ImageObject\",\"inLanguage\":\"en-GB\",\"@id\":\"https:\\\/\\\/potteryart.eu\\\/wp-content\\\/uploads\\\/2020\\\/12\\\/cropped-Logo-1.png\",\"url\":\"https:\\\/\\\/potteryart.eu\\\/wp-content\\\/uploads\\\/2020\\\/12\\\/cropped-Logo-1.png\",\"contentUrl\":\"https:\\\/\\\/potteryart.eu\\\/wp-content\\\/uploads\\\/2020\\\/12\\\/cropped-Logo-1.png\",\"width\":2113,\"height\":280,\"caption\":\"polonazajc_admin\"},\"logo\":{\"@id\":\"https:\\\/\\\/potteryart.eu\\\/wp-content\\\/uploads\\\/2020\\\/12\\\/cropped-Logo-1.png\"}}]}<\/script>\n<!-- \/ Yoast SEO Premium plugin. -->","yoast_head_json":{"title":"Moon Labyrinth on a unique pendant","description":"Lunin labirint na unikatenm obesku je izdelek pottery art oblikovanje gline Polone Zajc. To je ro\u010dno izdelan simbol v glini-labirint ob\u010dutij","robots":{"index":"index","follow":"follow","max-snippet":"max-snippet:-1","max-image-preview":"max-image-preview:large","max-video-preview":"max-video-preview:-1"},"canonical":"https:\/\/potteryart.eu\/en_gb\/spletna-trgovina\/labirinti\/labirint-obcutij-ali-lunun-labirint\/lunin-labirint-na-unikatnem-obesku\/","og_locale":"en_GB","og_type":"article","og_title":"Lunin labirint na unikatnem obesku","og_description":"Lunin labirint na unikatenm obesku je izdelek pottery art oblikovanje gline Polone Zajc. To je ro\u010dno izdelan simbol v glini-labirint ob\u010dutij","og_url":"https:\/\/potteryart.eu\/en_gb\/spletna-trgovina\/labirinti\/labirint-obcutij-ali-lunun-labirint\/lunin-labirint-na-unikatnem-obesku\/","og_site_name":"Zajc Polona","article_modified_time":"2026-02-19T06:25:36+00:00","og_image":[{"width":1920,"height":2560,"url":"https:\/\/potteryart.eu\/wp-content\/uploads\/2024\/10\/labirint18-scaled.jpg","type":"image\/jpeg"}],"twitter_card":"summary_large_image","twitter_misc":{"Estimated reading time":"2 minutes"},"schema":{"@context":"https:\/\/schema.org","@graph":[{"@type":"WebPage","@id":"https:\/\/potteryart.eu\/spletna-trgovina\/labirinti\/labirint-obcutij-ali-lunun-labirint\/lunin-labirint-na-unikatnem-obesku\/","url":"https:\/\/potteryart.eu\/spletna-trgovina\/labirinti\/labirint-obcutij-ali-lunun-labirint\/lunin-labirint-na-unikatnem-obesku\/","name":"Moon Labyrinth on a unique pendant","isPartOf":{"@id":"https:\/\/potteryart.eu\/#website"},"primaryImageOfPage":{"@id":"https:\/\/potteryart.eu\/spletna-trgovina\/labirinti\/labirint-obcutij-ali-lunun-labirint\/lunin-labirint-na-unikatnem-obesku\/#primaryimage"},"image":{"@id":"https:\/\/potteryart.eu\/spletna-trgovina\/labirinti\/labirint-obcutij-ali-lunun-labirint\/lunin-labirint-na-unikatnem-obesku\/#primaryimage"},"thumbnailUrl":"https:\/\/potteryart.eu\/wp-content\/uploads\/2024\/10\/labirint18-scaled.jpg","datePublished":"2024-10-27T20:02:00+00:00","dateModified":"2026-02-19T06:25:36+00:00","description":"Lunin labirint na unikatenm obesku je izdelek pottery art oblikovanje gline Polone Zajc. To je ro\u010dno izdelan simbol v glini-labirint ob\u010dutij","breadcrumb":{"@id":"https:\/\/potteryart.eu\/spletna-trgovina\/labirinti\/labirint-obcutij-ali-lunun-labirint\/lunin-labirint-na-unikatnem-obesku\/#breadcrumb"},"inLanguage":"en-GB","potentialAction":[{"@type":"ReadAction","target":["https:\/\/potteryart.eu\/spletna-trgovina\/labirinti\/labirint-obcutij-ali-lunun-labirint\/lunin-labirint-na-unikatnem-obesku\/"]}]},{"@type":"ImageObject","inLanguage":"en-GB","@id":"https:\/\/potteryart.eu\/spletna-trgovina\/labirinti\/labirint-obcutij-ali-lunun-labirint\/lunin-labirint-na-unikatnem-obesku\/#primaryimage","url":"https:\/\/potteryart.eu\/wp-content\/uploads\/2024\/10\/labirint18-scaled.jpg","contentUrl":"https:\/\/potteryart.eu\/wp-content\/uploads\/2024\/10\/labirint18-scaled.jpg","width":1920,"height":2560,"caption":"Lunin labirint na unikatnem obesku, pottery art, labirint ob\u010dutij"},{"@type":"BreadcrumbList","@id":"https:\/\/potteryart.eu\/spletna-trgovina\/labirinti\/labirint-obcutij-ali-lunun-labirint\/lunin-labirint-na-unikatnem-obesku\/#breadcrumb","itemListElement":[{"@type":"ListItem","position":1,"name":"Home","item":"https:\/\/potteryart.eu\/"},{"@type":"ListItem","position":2,"name":"Spletna trgovina","item":"https:\/\/potteryart.eu\/spletna-trgovina\/"},{"@type":"ListItem","position":3,"name":"Lunin labirint na unikatnem obesku"}]},{"@type":"WebSite","@id":"https:\/\/potteryart.eu\/#website","url":"https:\/\/potteryart.eu\/","name":"Zajc Polona","description":"","publisher":{"@id":"https:\/\/potteryart.eu\/#\/schema\/person\/819de6034d3dd0bbdcc3a95a0b6c7e4d"},"potentialAction":[{"@type":"SearchAction","target":{"@type":"EntryPoint","urlTemplate":"https:\/\/potteryart.eu\/?s={search_term_string}"},"query-input":{"@type":"PropertyValueSpecification","valueRequired":true,"valueName":"search_term_string"}}],"inLanguage":"en-GB"},{"@type":["Person","Organization"],"@id":"https:\/\/potteryart.eu\/#\/schema\/person\/819de6034d3dd0bbdcc3a95a0b6c7e4d","name":"polonazajc_admin","image":{"@type":"ImageObject","inLanguage":"en-GB","@id":"https:\/\/potteryart.eu\/wp-content\/uploads\/2020\/12\/cropped-Logo-1.png","url":"https:\/\/potteryart.eu\/wp-content\/uploads\/2020\/12\/cropped-Logo-1.png","contentUrl":"https:\/\/potteryart.eu\/wp-content\/uploads\/2020\/12\/cropped-Logo-1.png","width":2113,"height":280,"caption":"polonazajc_admin"},"logo":{"@id":"https:\/\/potteryart.eu\/wp-content\/uploads\/2020\/12\/cropped-Logo-1.png"}}]}},"_links":{"self":[{"href":"https:\/\/potteryart.eu\/en_gb\/wp-json\/wp\/v2\/product\/2891","targetHints":{"allow":["GET"]}}],"collection":[{"href":"https:\/\/potteryart.eu\/en_gb\/wp-json\/wp\/v2\/product"}],"about":[{"href":"https:\/\/potteryart.eu\/en_gb\/wp-json\/wp\/v2\/types\/product"}],"replies":[{"embeddable":true,"href":"https:\/\/potteryart.eu\/en_gb\/wp-json\/wp\/v2\/comments?post=2891"}],"wp:featuredmedia":[{"embeddable":true,"href":"https:\/\/potteryart.eu\/en_gb\/wp-json\/wp\/v2\/media\/2863"}],"wp:attachment":[{"href":"https:\/\/potteryart.eu\/en_gb\/wp-json\/wp\/v2\/media?parent=2891"}],"wp:term":[{"taxonomy":"product_brand","embeddable":true,"href":"https:\/\/potteryart.eu\/en_gb\/wp-json\/wp\/v2\/product_brand?post=2891"},{"taxonomy":"product_cat","embeddable":true,"href":"https:\/\/potteryart.eu\/en_gb\/wp-json\/wp\/v2\/product_cat?post=2891"},{"taxonomy":"product_tag","embeddable":true,"href":"https:\/\/potteryart.eu\/en_gb\/wp-json\/wp\/v2\/product_tag?post=2891"}],"curies":[{"name":"wp","href":"https:\/\/api.w.org\/{rel}","templated":true}]}}