{"id":293,"date":"2020-12-27T09:43:10","date_gmt":"2020-12-27T08:43:10","guid":{"rendered":"https:\/\/potteryart.eu\/izdelek\/posoda-za-zaimbe-4007\/"},"modified":"2023-01-08T14:23:48","modified_gmt":"2023-01-08T13:23:48","slug":"unikatna-kristalno-modra-posoda-za-zacimbe-4007","status":"publish","type":"product","link":"https:\/\/potteryart.eu\/en_gb\/spletna-trgovina\/unikatni-loncarski-izdelki-iz-kamenine\/unikatni-izdelki-iz-kamenine-za-kuhinjo\/unikatna-kristalno-modra-posoda-za-zacimbe-4007\/","title":{"rendered":"Unique crystal blue spice container"},"content":{"rendered":"<h1>Unique crystal blue spice container<\/h1>\n<p class=\"translation-block\">Unique crystal blue spice jar is a product of pottery art clay design by Polona Zajc. It is made on a pottery spindle from white stoneware. The handmade spice pot is painted with a crystal blue glaze and the details are accentuated with real silver. The interior of the bowl is glazed with a glaze suitable for contact with foodstuffs (traceability mark LOT17). It is fired at 1220\u00b0C and the silver is fired with a third firing at 800\u00b0C. The unique crystal blue spice bowl is 10 cm high.<\/p>\n<h2>Pottery art clay design by Polona Zajc<\/h2>\n<p class=\"translation-block\">Pottery art clay design by Polona Zajc has a variety of unique vessels in her collection of clay products. They can be ceramic or made of stoneware. They are designed for home decoration or for use in the kitchen. The handmade spice jar is part of a series of vessels made in the same style with the same combination of materials. These include a unique crystal blue tea bowl, a unique crystal blue salt\/sugar bowl and a unique crystal blue egg tray. I will continue to add to the series as time goes on. All are made for use in the kitchen. They can easily be washed in the dishwasher after use.<\/p>\n<h3>Silver blue spice dispenser<\/h3>\n<p>The silver blue spice dispenser is an integral part of the handmade kitchen jars. It is designed to store the dry spices and fragrances that are part of any good cooking. Of course, it can be used to store anything. Its rustic look with a slight touch of preciousness, given by real silver, will go with any kitchen. A matt cream base colour, painted with a beautifully iridescent light blue glaze, and details accentuated with real silver. The shape is rounded with a fitting cap. The handmade crystal blue spice jar is a decorative and useful container on a shelf near the stove to keep spices close at hand. With it or several of them, the kitchen becomes a unique space of variety of utensils. Serial and individual handmade one-offs.<\/p>","protected":false},"excerpt":{"rendered":"<p>Unikatna kristalno modra posoda za za\u010dimbe Unikatna kristalno modra posoda za za\u010dimbe je izdelek pottery art oblikovanje gline Polone Zajc. Izdelana je na lon\u010darskem vretenu iz bele kamenine. Ro\u010dno izdelana za\u010dimbnica je poslikana s kristalno modro glazuro, detajli pa so poudarjeni s pravim srebrom. Notranjost posodice je glazirana z glazuro primerno stiku z \u017eivili (oznaka [&hellip;]<\/p>\n","protected":false},"featured_media":437,"comment_status":"open","ping_status":"closed","template":"","meta":[],"product_brand":[],"product_cat":[271,275,265],"product_tag":[36,24,50,58,57,59],"class_list":{"0":"post-293","1":"product","2":"type-product","3":"status-publish","4":"has-post-thumbnail","6":"product_cat-glinene-posode","7":"product_cat-unikatni-izdelki-iz-kamenine-za-kuhinjo","8":"product_cat-unikatni-loncarski-izdelki-iz-kamenine","9":"product_tag-darilo","10":"product_tag-hrana","11":"product_tag-posoda","12":"product_tag-shranjevanje-zacimb","13":"product_tag-zacimbe","14":"product_tag-zacimbnik","15":"product_shipping_class-1kg","17":"first","18":"instock","19":"purchasable","20":"product-type-simple"},"yoast_head":"<!-- This site is optimized with the Yoast SEO Premium plugin v27.4 (Yoast SEO v27.4) - https:\/\/yoast.com\/product\/yoast-seo-premium-wordpress\/ -->\n<title>Unikatna kristalno modra posoda za za\u010dimbe<\/title>\n<meta name=\"description\" content=\"Unikatna kristalno modra posoda za za\u010dimbe je izdelek pottery art oblikovanje gline Polone Zajc, to je srebrno modra dozica za za\u010dimbe\" \/>\n<meta name=\"robots\" content=\"index, follow, max-snippet:-1, max-image-preview:large, max-video-preview:-1\" \/>\n<link rel=\"canonical\" href=\"https:\/\/potteryart.eu\/en_gb\/spletna-trgovina\/unikatni-loncarski-izdelki-iz-kamenine\/unikatni-izdelki-iz-kamenine-za-kuhinjo\/unikatna-kristalno-modra-posoda-za-zacimbe-4007\/\" \/>\n<meta property=\"og:locale\" content=\"en_GB\" \/>\n<meta property=\"og:type\" content=\"article\" \/>\n<meta property=\"og:title\" content=\"Unikatna kristalno modra posoda za za\u010dimbe 4007\" \/>\n<meta property=\"og:description\" content=\"Unikatna kristalno modra posoda za za\u010dimbe je izdelek pottery art oblikovanje gline Polone Zajc, to je srebrno modra dozica za za\u010dimbe\" \/>\n<meta property=\"og:url\" content=\"https:\/\/potteryart.eu\/en_gb\/spletna-trgovina\/unikatni-loncarski-izdelki-iz-kamenine\/unikatni-izdelki-iz-kamenine-za-kuhinjo\/unikatna-kristalno-modra-posoda-za-zacimbe-4007\/\" \/>\n<meta property=\"og:site_name\" content=\"Zajc Polona\" \/>\n<meta property=\"article:modified_time\" content=\"2023-01-08T13:23:48+00:00\" \/>\n<meta property=\"og:image\" content=\"https:\/\/potteryart.eu\/wp-content\/uploads\/2020\/12\/4007-a-scaled.jpg\" \/>\n\t<meta property=\"og:image:width\" content=\"1920\" \/>\n\t<meta property=\"og:image:height\" content=\"2560\" \/>\n\t<meta property=\"og:image:type\" content=\"image\/jpeg\" \/>\n<meta name=\"twitter:card\" content=\"summary_large_image\" \/>\n<meta name=\"twitter:label1\" content=\"Estimated reading time\" \/>\n\t<meta name=\"twitter:data1\" content=\"2 minutes\" \/>\n<script type=\"application\/ld+json\" class=\"yoast-schema-graph\">{\"@context\":\"https:\\\/\\\/schema.org\",\"@graph\":[{\"@type\":\"WebPage\",\"@id\":\"https:\\\/\\\/potteryart.eu\\\/spletna-trgovina\\\/unikatni-loncarski-izdelki-iz-kamenine\\\/unikatni-izdelki-iz-kamenine-za-kuhinjo\\\/unikatna-kristalno-modra-posoda-za-zacimbe-4007\\\/\",\"url\":\"https:\\\/\\\/potteryart.eu\\\/spletna-trgovina\\\/unikatni-loncarski-izdelki-iz-kamenine\\\/unikatni-izdelki-iz-kamenine-za-kuhinjo\\\/unikatna-kristalno-modra-posoda-za-zacimbe-4007\\\/\",\"name\":\"Unikatna kristalno modra posoda za za\u010dimbe\",\"isPartOf\":{\"@id\":\"https:\\\/\\\/potteryart.eu\\\/#website\"},\"primaryImageOfPage\":{\"@id\":\"https:\\\/\\\/potteryart.eu\\\/spletna-trgovina\\\/unikatni-loncarski-izdelki-iz-kamenine\\\/unikatni-izdelki-iz-kamenine-za-kuhinjo\\\/unikatna-kristalno-modra-posoda-za-zacimbe-4007\\\/#primaryimage\"},\"image\":{\"@id\":\"https:\\\/\\\/potteryart.eu\\\/spletna-trgovina\\\/unikatni-loncarski-izdelki-iz-kamenine\\\/unikatni-izdelki-iz-kamenine-za-kuhinjo\\\/unikatna-kristalno-modra-posoda-za-zacimbe-4007\\\/#primaryimage\"},\"thumbnailUrl\":\"https:\\\/\\\/potteryart.eu\\\/wp-content\\\/uploads\\\/2020\\\/12\\\/4007-a-scaled.jpg\",\"datePublished\":\"2020-12-27T08:43:10+00:00\",\"dateModified\":\"2023-01-08T13:23:48+00:00\",\"description\":\"Unikatna kristalno modra posoda za za\u010dimbe je izdelek pottery art oblikovanje gline Polone Zajc, to je srebrno modra dozica za za\u010dimbe\",\"breadcrumb\":{\"@id\":\"https:\\\/\\\/potteryart.eu\\\/spletna-trgovina\\\/unikatni-loncarski-izdelki-iz-kamenine\\\/unikatni-izdelki-iz-kamenine-za-kuhinjo\\\/unikatna-kristalno-modra-posoda-za-zacimbe-4007\\\/#breadcrumb\"},\"inLanguage\":\"en-GB\",\"potentialAction\":[{\"@type\":\"ReadAction\",\"target\":[\"https:\\\/\\\/potteryart.eu\\\/spletna-trgovina\\\/unikatni-loncarski-izdelki-iz-kamenine\\\/unikatni-izdelki-iz-kamenine-za-kuhinjo\\\/unikatna-kristalno-modra-posoda-za-zacimbe-4007\\\/\"]}]},{\"@type\":\"ImageObject\",\"inLanguage\":\"en-GB\",\"@id\":\"https:\\\/\\\/potteryart.eu\\\/spletna-trgovina\\\/unikatni-loncarski-izdelki-iz-kamenine\\\/unikatni-izdelki-iz-kamenine-za-kuhinjo\\\/unikatna-kristalno-modra-posoda-za-zacimbe-4007\\\/#primaryimage\",\"url\":\"https:\\\/\\\/potteryart.eu\\\/wp-content\\\/uploads\\\/2020\\\/12\\\/4007-a-scaled.jpg\",\"contentUrl\":\"https:\\\/\\\/potteryart.eu\\\/wp-content\\\/uploads\\\/2020\\\/12\\\/4007-a-scaled.jpg\",\"width\":1920,\"height\":2560,\"caption\":\"unikatna kristalno modra posoda za za\u010dimbe, pottery art oblikovanje gline Polone Zajc, srebrno modra dozica za za\u010dimbe\"},{\"@type\":\"BreadcrumbList\",\"@id\":\"https:\\\/\\\/potteryart.eu\\\/spletna-trgovina\\\/unikatni-loncarski-izdelki-iz-kamenine\\\/unikatni-izdelki-iz-kamenine-za-kuhinjo\\\/unikatna-kristalno-modra-posoda-za-zacimbe-4007\\\/#breadcrumb\",\"itemListElement\":[{\"@type\":\"ListItem\",\"position\":1,\"name\":\"Home\",\"item\":\"https:\\\/\\\/potteryart.eu\\\/\"},{\"@type\":\"ListItem\",\"position\":2,\"name\":\"Spletna trgovina\",\"item\":\"https:\\\/\\\/potteryart.eu\\\/spletna-trgovina\\\/\"},{\"@type\":\"ListItem\",\"position\":3,\"name\":\"Unikatna kristalno modra posoda za za\u010dimbe 4007\"}]},{\"@type\":\"WebSite\",\"@id\":\"https:\\\/\\\/potteryart.eu\\\/#website\",\"url\":\"https:\\\/\\\/potteryart.eu\\\/\",\"name\":\"Zajc Polona\",\"description\":\"\",\"publisher\":{\"@id\":\"https:\\\/\\\/potteryart.eu\\\/#\\\/schema\\\/person\\\/819de6034d3dd0bbdcc3a95a0b6c7e4d\"},\"potentialAction\":[{\"@type\":\"SearchAction\",\"target\":{\"@type\":\"EntryPoint\",\"urlTemplate\":\"https:\\\/\\\/potteryart.eu\\\/?s={search_term_string}\"},\"query-input\":{\"@type\":\"PropertyValueSpecification\",\"valueRequired\":true,\"valueName\":\"search_term_string\"}}],\"inLanguage\":\"en-GB\"},{\"@type\":[\"Person\",\"Organization\"],\"@id\":\"https:\\\/\\\/potteryart.eu\\\/#\\\/schema\\\/person\\\/819de6034d3dd0bbdcc3a95a0b6c7e4d\",\"name\":\"polonazajc_admin\",\"image\":{\"@type\":\"ImageObject\",\"inLanguage\":\"en-GB\",\"@id\":\"https:\\\/\\\/potteryart.eu\\\/wp-content\\\/uploads\\\/2020\\\/12\\\/cropped-Logo-1.png\",\"url\":\"https:\\\/\\\/potteryart.eu\\\/wp-content\\\/uploads\\\/2020\\\/12\\\/cropped-Logo-1.png\",\"contentUrl\":\"https:\\\/\\\/potteryart.eu\\\/wp-content\\\/uploads\\\/2020\\\/12\\\/cropped-Logo-1.png\",\"width\":2113,\"height\":280,\"caption\":\"polonazajc_admin\"},\"logo\":{\"@id\":\"https:\\\/\\\/potteryart.eu\\\/wp-content\\\/uploads\\\/2020\\\/12\\\/cropped-Logo-1.png\"}}]}<\/script>\n<!-- \/ Yoast SEO Premium plugin. -->","yoast_head_json":{"title":"Unique crystal blue spice container","description":"Unikatna kristalno modra posoda za za\u010dimbe je izdelek pottery art oblikovanje gline Polone Zajc, to je srebrno modra dozica za za\u010dimbe","robots":{"index":"index","follow":"follow","max-snippet":"max-snippet:-1","max-image-preview":"max-image-preview:large","max-video-preview":"max-video-preview:-1"},"canonical":"https:\/\/potteryart.eu\/en_gb\/spletna-trgovina\/unikatni-loncarski-izdelki-iz-kamenine\/unikatni-izdelki-iz-kamenine-za-kuhinjo\/unikatna-kristalno-modra-posoda-za-zacimbe-4007\/","og_locale":"en_GB","og_type":"article","og_title":"Unikatna kristalno modra posoda za za\u010dimbe 4007","og_description":"Unikatna kristalno modra posoda za za\u010dimbe je izdelek pottery art oblikovanje gline Polone Zajc, to je srebrno modra dozica za za\u010dimbe","og_url":"https:\/\/potteryart.eu\/en_gb\/spletna-trgovina\/unikatni-loncarski-izdelki-iz-kamenine\/unikatni-izdelki-iz-kamenine-za-kuhinjo\/unikatna-kristalno-modra-posoda-za-zacimbe-4007\/","og_site_name":"Zajc Polona","article_modified_time":"2023-01-08T13:23:48+00:00","og_image":[{"width":1920,"height":2560,"url":"https:\/\/potteryart.eu\/wp-content\/uploads\/2020\/12\/4007-a-scaled.jpg","type":"image\/jpeg"}],"twitter_card":"summary_large_image","twitter_misc":{"Estimated reading time":"2 minutes"},"schema":{"@context":"https:\/\/schema.org","@graph":[{"@type":"WebPage","@id":"https:\/\/potteryart.eu\/spletna-trgovina\/unikatni-loncarski-izdelki-iz-kamenine\/unikatni-izdelki-iz-kamenine-za-kuhinjo\/unikatna-kristalno-modra-posoda-za-zacimbe-4007\/","url":"https:\/\/potteryart.eu\/spletna-trgovina\/unikatni-loncarski-izdelki-iz-kamenine\/unikatni-izdelki-iz-kamenine-za-kuhinjo\/unikatna-kristalno-modra-posoda-za-zacimbe-4007\/","name":"Unique crystal blue spice container","isPartOf":{"@id":"https:\/\/potteryart.eu\/#website"},"primaryImageOfPage":{"@id":"https:\/\/potteryart.eu\/spletna-trgovina\/unikatni-loncarski-izdelki-iz-kamenine\/unikatni-izdelki-iz-kamenine-za-kuhinjo\/unikatna-kristalno-modra-posoda-za-zacimbe-4007\/#primaryimage"},"image":{"@id":"https:\/\/potteryart.eu\/spletna-trgovina\/unikatni-loncarski-izdelki-iz-kamenine\/unikatni-izdelki-iz-kamenine-za-kuhinjo\/unikatna-kristalno-modra-posoda-za-zacimbe-4007\/#primaryimage"},"thumbnailUrl":"https:\/\/potteryart.eu\/wp-content\/uploads\/2020\/12\/4007-a-scaled.jpg","datePublished":"2020-12-27T08:43:10+00:00","dateModified":"2023-01-08T13:23:48+00:00","description":"Unikatna kristalno modra posoda za za\u010dimbe je izdelek pottery art oblikovanje gline Polone Zajc, to je srebrno modra dozica za za\u010dimbe","breadcrumb":{"@id":"https:\/\/potteryart.eu\/spletna-trgovina\/unikatni-loncarski-izdelki-iz-kamenine\/unikatni-izdelki-iz-kamenine-za-kuhinjo\/unikatna-kristalno-modra-posoda-za-zacimbe-4007\/#breadcrumb"},"inLanguage":"en-GB","potentialAction":[{"@type":"ReadAction","target":["https:\/\/potteryart.eu\/spletna-trgovina\/unikatni-loncarski-izdelki-iz-kamenine\/unikatni-izdelki-iz-kamenine-za-kuhinjo\/unikatna-kristalno-modra-posoda-za-zacimbe-4007\/"]}]},{"@type":"ImageObject","inLanguage":"en-GB","@id":"https:\/\/potteryart.eu\/spletna-trgovina\/unikatni-loncarski-izdelki-iz-kamenine\/unikatni-izdelki-iz-kamenine-za-kuhinjo\/unikatna-kristalno-modra-posoda-za-zacimbe-4007\/#primaryimage","url":"https:\/\/potteryart.eu\/wp-content\/uploads\/2020\/12\/4007-a-scaled.jpg","contentUrl":"https:\/\/potteryart.eu\/wp-content\/uploads\/2020\/12\/4007-a-scaled.jpg","width":1920,"height":2560,"caption":"unikatna kristalno modra posoda za za\u010dimbe, pottery art oblikovanje gline Polone Zajc, srebrno modra dozica za za\u010dimbe"},{"@type":"BreadcrumbList","@id":"https:\/\/potteryart.eu\/spletna-trgovina\/unikatni-loncarski-izdelki-iz-kamenine\/unikatni-izdelki-iz-kamenine-za-kuhinjo\/unikatna-kristalno-modra-posoda-za-zacimbe-4007\/#breadcrumb","itemListElement":[{"@type":"ListItem","position":1,"name":"Home","item":"https:\/\/potteryart.eu\/"},{"@type":"ListItem","position":2,"name":"Spletna trgovina","item":"https:\/\/potteryart.eu\/spletna-trgovina\/"},{"@type":"ListItem","position":3,"name":"Unikatna kristalno modra posoda za za\u010dimbe 4007"}]},{"@type":"WebSite","@id":"https:\/\/potteryart.eu\/#website","url":"https:\/\/potteryart.eu\/","name":"Zajc Polona","description":"","publisher":{"@id":"https:\/\/potteryart.eu\/#\/schema\/person\/819de6034d3dd0bbdcc3a95a0b6c7e4d"},"potentialAction":[{"@type":"SearchAction","target":{"@type":"EntryPoint","urlTemplate":"https:\/\/potteryart.eu\/?s={search_term_string}"},"query-input":{"@type":"PropertyValueSpecification","valueRequired":true,"valueName":"search_term_string"}}],"inLanguage":"en-GB"},{"@type":["Person","Organization"],"@id":"https:\/\/potteryart.eu\/#\/schema\/person\/819de6034d3dd0bbdcc3a95a0b6c7e4d","name":"polonazajc_admin","image":{"@type":"ImageObject","inLanguage":"en-GB","@id":"https:\/\/potteryart.eu\/wp-content\/uploads\/2020\/12\/cropped-Logo-1.png","url":"https:\/\/potteryart.eu\/wp-content\/uploads\/2020\/12\/cropped-Logo-1.png","contentUrl":"https:\/\/potteryart.eu\/wp-content\/uploads\/2020\/12\/cropped-Logo-1.png","width":2113,"height":280,"caption":"polonazajc_admin"},"logo":{"@id":"https:\/\/potteryart.eu\/wp-content\/uploads\/2020\/12\/cropped-Logo-1.png"}}]}},"_links":{"self":[{"href":"https:\/\/potteryart.eu\/en_gb\/wp-json\/wp\/v2\/product\/293","targetHints":{"allow":["GET"]}}],"collection":[{"href":"https:\/\/potteryart.eu\/en_gb\/wp-json\/wp\/v2\/product"}],"about":[{"href":"https:\/\/potteryart.eu\/en_gb\/wp-json\/wp\/v2\/types\/product"}],"replies":[{"embeddable":true,"href":"https:\/\/potteryart.eu\/en_gb\/wp-json\/wp\/v2\/comments?post=293"}],"wp:featuredmedia":[{"embeddable":true,"href":"https:\/\/potteryart.eu\/en_gb\/wp-json\/wp\/v2\/media\/437"}],"wp:attachment":[{"href":"https:\/\/potteryart.eu\/en_gb\/wp-json\/wp\/v2\/media?parent=293"}],"wp:term":[{"taxonomy":"product_brand","embeddable":true,"href":"https:\/\/potteryart.eu\/en_gb\/wp-json\/wp\/v2\/product_brand?post=293"},{"taxonomy":"product_cat","embeddable":true,"href":"https:\/\/potteryart.eu\/en_gb\/wp-json\/wp\/v2\/product_cat?post=293"},{"taxonomy":"product_tag","embeddable":true,"href":"https:\/\/potteryart.eu\/en_gb\/wp-json\/wp\/v2\/product_tag?post=293"}],"curies":[{"name":"wp","href":"https:\/\/api.w.org\/{rel}","templated":true}]}}