{"id":2937,"date":"2024-11-06T18:49:38","date_gmt":"2024-11-06T17:49:38","guid":{"rendered":"https:\/\/potteryart.eu\/?post_type=product&#038;p=2937"},"modified":"2024-11-06T19:29:21","modified_gmt":"2024-11-06T18:29:21","slug":"unikaten-glinen-luster","status":"publish","type":"product","link":"https:\/\/potteryart.eu\/en_gb\/spletna-trgovina\/unikatni-loncarski-izdelki-iz-kamenine\/unikatni-loncarski-izdelki-iz-keramike\/unikaten-glinen-luster\/","title":{"rendered":"Unique clay chandelier"},"content":{"rendered":"<h1>Unique clay chandelier<\/h1>\n<p>Unique clay chandelier is a product of pottery art clay design by Polona Zajc. It is made by hand on a pottery spindle from dark brown clay. The pattern inside is hand-painted. Along the rim there is a pattern of holes, hand drilled in several sizes. The ceramic chandelier already has a fitted bulb holder. An electric wire can be drawn through a tube woven from leather strips. There is also a decorative cover to cover the contact of the electrical conductors on the ceiling where the chandelier is hung. The chandelier has a diameter of 28 cm and a height of 15 cm<\/p>\n<h2><strong>Pottery art clay design by Polona Zajc<\/strong><\/h2>\n<p>Pottery art clay design by Polona Zajc also has a category of unique clay lamps in its collection of clay products. This includes a unique clay chandelier. This category also includes other lighting items such as various candle holders, chandeliers, night or table lights, aroma candle holders and so on. All of them are made exclusively by hand, either as ceramics or as stoneware. They are painted with different clay paints and some have details accentuated with real gold or platinum.<\/p>\n<h3>Handmade clay chandelier<\/h3>\n<p>The handmade clay chandelier is made of dark brown clay. It is not glazed on the outside, so you can see the natural colour of the clay it is made from. Inside it is hand-painted. The chandelier hangs from a rope woven from leather strips which conceal the power conduit. The rustic chandelier is made from natural materials, entirely by hand. It is special, unique, made only one piece. It is designed for home decoration, where it evokes a homely feeling, reminiscent of the traditional chandeliers that used to be made by local potters. It will look best in a room furnished with other natural materials such as wood, but it can also brighten up modern furnishings and thus attract attention with its rustic look. And of course it is fully functional. Screw in a light bulb, connect the power cord, plug into the mains and the handmade clay chandelier is already doing its job.<\/p>","protected":false},"excerpt":{"rendered":"<p>Unikaten glinen luster Unikaten glinen luster je izdelek pottery art oblikovanje gline Polone Zajc. Narejen je ro\u010dno, na lon\u010darskem vretenu iz temno rjave gline. Vzorec v notranjosti je ro\u010dno poslikan. Ob robu je vzorec luknjic, ro\u010dno izvrtanih v ve\u010d velikostih. Kerami\u010den luster ima \u017ee vdelan nastavek za \u017earnico. Skozi cev, spleteno iz usnjenih trakov se [&hellip;]<\/p>\n","protected":false},"featured_media":2930,"comment_status":"open","ping_status":"closed","template":"","meta":[],"product_brand":[],"product_cat":[273,262,264],"product_tag":[],"class_list":{"0":"post-2937","1":"product","2":"type-product","3":"status-publish","4":"has-post-thumbnail","6":"product_cat-glinena-svetila","7":"product_cat-unikatni-loncarski-izdelki-iz-keramike","8":"product_cat-unikatni-loncarski-izdelki-za-dom","9":"product_shipping_class-3kg","11":"first","12":"instock","13":"purchasable","14":"product-type-simple"},"yoast_head":"<!-- This site is optimized with the Yoast SEO Premium plugin v27.4 (Yoast SEO v27.4) - https:\/\/yoast.com\/product\/yoast-seo-premium-wordpress\/ -->\n<title>unikaten glinen luster<\/title>\n<meta name=\"description\" content=\"Unikaten glinen luster je izdelek pottery art oblikovanje gline Polone Zajc, to je ro\u010dno izdelan luster iz gline za dekoracijo doma\" \/>\n<meta name=\"robots\" content=\"index, follow, max-snippet:-1, max-image-preview:large, max-video-preview:-1\" \/>\n<link rel=\"canonical\" href=\"https:\/\/potteryart.eu\/en_gb\/spletna-trgovina\/unikatni-loncarski-izdelki-iz-kamenine\/unikatni-loncarski-izdelki-iz-keramike\/unikaten-glinen-luster\/\" \/>\n<meta property=\"og:locale\" content=\"en_GB\" \/>\n<meta property=\"og:type\" content=\"article\" \/>\n<meta property=\"og:title\" content=\"Unikaten glinen luster\" \/>\n<meta property=\"og:description\" content=\"Unikaten glinen luster je izdelek pottery art oblikovanje gline Polone Zajc, to je ro\u010dno izdelan luster iz gline za dekoracijo doma\" \/>\n<meta property=\"og:url\" content=\"https:\/\/potteryart.eu\/en_gb\/spletna-trgovina\/unikatni-loncarski-izdelki-iz-kamenine\/unikatni-loncarski-izdelki-iz-keramike\/unikaten-glinen-luster\/\" \/>\n<meta property=\"og:site_name\" content=\"Zajc Polona\" \/>\n<meta property=\"article:modified_time\" content=\"2024-11-06T18:29:21+00:00\" \/>\n<meta property=\"og:image\" content=\"https:\/\/potteryart.eu\/wp-content\/uploads\/2024\/11\/20241106_094917-scaled.jpg\" \/>\n\t<meta property=\"og:image:width\" content=\"1920\" \/>\n\t<meta property=\"og:image:height\" content=\"2560\" \/>\n\t<meta property=\"og:image:type\" content=\"image\/jpeg\" \/>\n<meta name=\"twitter:card\" content=\"summary_large_image\" \/>\n<meta name=\"twitter:label1\" content=\"Estimated reading time\" \/>\n\t<meta name=\"twitter:data1\" content=\"2 minutes\" \/>\n<script type=\"application\/ld+json\" class=\"yoast-schema-graph\">{\"@context\":\"https:\\\/\\\/schema.org\",\"@graph\":[{\"@type\":\"WebPage\",\"@id\":\"https:\\\/\\\/potteryart.eu\\\/spletna-trgovina\\\/unikatni-loncarski-izdelki-iz-kamenine\\\/unikatni-loncarski-izdelki-iz-keramike\\\/unikaten-glinen-luster\\\/\",\"url\":\"https:\\\/\\\/potteryart.eu\\\/spletna-trgovina\\\/unikatni-loncarski-izdelki-iz-kamenine\\\/unikatni-loncarski-izdelki-iz-keramike\\\/unikaten-glinen-luster\\\/\",\"name\":\"unikaten glinen luster\",\"isPartOf\":{\"@id\":\"https:\\\/\\\/potteryart.eu\\\/#website\"},\"primaryImageOfPage\":{\"@id\":\"https:\\\/\\\/potteryart.eu\\\/spletna-trgovina\\\/unikatni-loncarski-izdelki-iz-kamenine\\\/unikatni-loncarski-izdelki-iz-keramike\\\/unikaten-glinen-luster\\\/#primaryimage\"},\"image\":{\"@id\":\"https:\\\/\\\/potteryart.eu\\\/spletna-trgovina\\\/unikatni-loncarski-izdelki-iz-kamenine\\\/unikatni-loncarski-izdelki-iz-keramike\\\/unikaten-glinen-luster\\\/#primaryimage\"},\"thumbnailUrl\":\"https:\\\/\\\/potteryart.eu\\\/wp-content\\\/uploads\\\/2024\\\/11\\\/20241106_094917-scaled.jpg\",\"datePublished\":\"2024-11-06T17:49:38+00:00\",\"dateModified\":\"2024-11-06T18:29:21+00:00\",\"description\":\"Unikaten glinen luster je izdelek pottery art oblikovanje gline Polone Zajc, to je ro\u010dno izdelan luster iz gline za dekoracijo doma\",\"breadcrumb\":{\"@id\":\"https:\\\/\\\/potteryart.eu\\\/spletna-trgovina\\\/unikatni-loncarski-izdelki-iz-kamenine\\\/unikatni-loncarski-izdelki-iz-keramike\\\/unikaten-glinen-luster\\\/#breadcrumb\"},\"inLanguage\":\"en-GB\",\"potentialAction\":[{\"@type\":\"ReadAction\",\"target\":[\"https:\\\/\\\/potteryart.eu\\\/spletna-trgovina\\\/unikatni-loncarski-izdelki-iz-kamenine\\\/unikatni-loncarski-izdelki-iz-keramike\\\/unikaten-glinen-luster\\\/\"]}]},{\"@type\":\"ImageObject\",\"inLanguage\":\"en-GB\",\"@id\":\"https:\\\/\\\/potteryart.eu\\\/spletna-trgovina\\\/unikatni-loncarski-izdelki-iz-kamenine\\\/unikatni-loncarski-izdelki-iz-keramike\\\/unikaten-glinen-luster\\\/#primaryimage\",\"url\":\"https:\\\/\\\/potteryart.eu\\\/wp-content\\\/uploads\\\/2024\\\/11\\\/20241106_094917-scaled.jpg\",\"contentUrl\":\"https:\\\/\\\/potteryart.eu\\\/wp-content\\\/uploads\\\/2024\\\/11\\\/20241106_094917-scaled.jpg\",\"width\":1920,\"height\":2560},{\"@type\":\"BreadcrumbList\",\"@id\":\"https:\\\/\\\/potteryart.eu\\\/spletna-trgovina\\\/unikatni-loncarski-izdelki-iz-kamenine\\\/unikatni-loncarski-izdelki-iz-keramike\\\/unikaten-glinen-luster\\\/#breadcrumb\",\"itemListElement\":[{\"@type\":\"ListItem\",\"position\":1,\"name\":\"Home\",\"item\":\"https:\\\/\\\/potteryart.eu\\\/\"},{\"@type\":\"ListItem\",\"position\":2,\"name\":\"Spletna trgovina\",\"item\":\"https:\\\/\\\/potteryart.eu\\\/spletna-trgovina\\\/\"},{\"@type\":\"ListItem\",\"position\":3,\"name\":\"Unikaten glinen luster\"}]},{\"@type\":\"WebSite\",\"@id\":\"https:\\\/\\\/potteryart.eu\\\/#website\",\"url\":\"https:\\\/\\\/potteryart.eu\\\/\",\"name\":\"Zajc Polona\",\"description\":\"\",\"publisher\":{\"@id\":\"https:\\\/\\\/potteryart.eu\\\/#\\\/schema\\\/person\\\/819de6034d3dd0bbdcc3a95a0b6c7e4d\"},\"potentialAction\":[{\"@type\":\"SearchAction\",\"target\":{\"@type\":\"EntryPoint\",\"urlTemplate\":\"https:\\\/\\\/potteryart.eu\\\/?s={search_term_string}\"},\"query-input\":{\"@type\":\"PropertyValueSpecification\",\"valueRequired\":true,\"valueName\":\"search_term_string\"}}],\"inLanguage\":\"en-GB\"},{\"@type\":[\"Person\",\"Organization\"],\"@id\":\"https:\\\/\\\/potteryart.eu\\\/#\\\/schema\\\/person\\\/819de6034d3dd0bbdcc3a95a0b6c7e4d\",\"name\":\"polonazajc_admin\",\"image\":{\"@type\":\"ImageObject\",\"inLanguage\":\"en-GB\",\"@id\":\"https:\\\/\\\/potteryart.eu\\\/wp-content\\\/uploads\\\/2020\\\/12\\\/cropped-Logo-1.png\",\"url\":\"https:\\\/\\\/potteryart.eu\\\/wp-content\\\/uploads\\\/2020\\\/12\\\/cropped-Logo-1.png\",\"contentUrl\":\"https:\\\/\\\/potteryart.eu\\\/wp-content\\\/uploads\\\/2020\\\/12\\\/cropped-Logo-1.png\",\"width\":2113,\"height\":280,\"caption\":\"polonazajc_admin\"},\"logo\":{\"@id\":\"https:\\\/\\\/potteryart.eu\\\/wp-content\\\/uploads\\\/2020\\\/12\\\/cropped-Logo-1.png\"}}]}<\/script>\n<!-- \/ Yoast SEO Premium plugin. -->","yoast_head_json":{"title":"unikaten glinen luster","description":"Unikaten glinen luster je izdelek pottery art oblikovanje gline Polone Zajc, to je ro\u010dno izdelan luster iz gline za dekoracijo doma","robots":{"index":"index","follow":"follow","max-snippet":"max-snippet:-1","max-image-preview":"max-image-preview:large","max-video-preview":"max-video-preview:-1"},"canonical":"https:\/\/potteryart.eu\/en_gb\/spletna-trgovina\/unikatni-loncarski-izdelki-iz-kamenine\/unikatni-loncarski-izdelki-iz-keramike\/unikaten-glinen-luster\/","og_locale":"en_GB","og_type":"article","og_title":"Unikaten glinen luster","og_description":"Unikaten glinen luster je izdelek pottery art oblikovanje gline Polone Zajc, to je ro\u010dno izdelan luster iz gline za dekoracijo doma","og_url":"https:\/\/potteryart.eu\/en_gb\/spletna-trgovina\/unikatni-loncarski-izdelki-iz-kamenine\/unikatni-loncarski-izdelki-iz-keramike\/unikaten-glinen-luster\/","og_site_name":"Zajc Polona","article_modified_time":"2024-11-06T18:29:21+00:00","og_image":[{"width":1920,"height":2560,"url":"https:\/\/potteryart.eu\/wp-content\/uploads\/2024\/11\/20241106_094917-scaled.jpg","type":"image\/jpeg"}],"twitter_card":"summary_large_image","twitter_misc":{"Estimated reading time":"2 minutes"},"schema":{"@context":"https:\/\/schema.org","@graph":[{"@type":"WebPage","@id":"https:\/\/potteryart.eu\/spletna-trgovina\/unikatni-loncarski-izdelki-iz-kamenine\/unikatni-loncarski-izdelki-iz-keramike\/unikaten-glinen-luster\/","url":"https:\/\/potteryart.eu\/spletna-trgovina\/unikatni-loncarski-izdelki-iz-kamenine\/unikatni-loncarski-izdelki-iz-keramike\/unikaten-glinen-luster\/","name":"unikaten glinen luster","isPartOf":{"@id":"https:\/\/potteryart.eu\/#website"},"primaryImageOfPage":{"@id":"https:\/\/potteryart.eu\/spletna-trgovina\/unikatni-loncarski-izdelki-iz-kamenine\/unikatni-loncarski-izdelki-iz-keramike\/unikaten-glinen-luster\/#primaryimage"},"image":{"@id":"https:\/\/potteryart.eu\/spletna-trgovina\/unikatni-loncarski-izdelki-iz-kamenine\/unikatni-loncarski-izdelki-iz-keramike\/unikaten-glinen-luster\/#primaryimage"},"thumbnailUrl":"https:\/\/potteryart.eu\/wp-content\/uploads\/2024\/11\/20241106_094917-scaled.jpg","datePublished":"2024-11-06T17:49:38+00:00","dateModified":"2024-11-06T18:29:21+00:00","description":"Unikaten glinen luster je izdelek pottery art oblikovanje gline Polone Zajc, to je ro\u010dno izdelan luster iz gline za dekoracijo doma","breadcrumb":{"@id":"https:\/\/potteryart.eu\/spletna-trgovina\/unikatni-loncarski-izdelki-iz-kamenine\/unikatni-loncarski-izdelki-iz-keramike\/unikaten-glinen-luster\/#breadcrumb"},"inLanguage":"en-GB","potentialAction":[{"@type":"ReadAction","target":["https:\/\/potteryart.eu\/spletna-trgovina\/unikatni-loncarski-izdelki-iz-kamenine\/unikatni-loncarski-izdelki-iz-keramike\/unikaten-glinen-luster\/"]}]},{"@type":"ImageObject","inLanguage":"en-GB","@id":"https:\/\/potteryart.eu\/spletna-trgovina\/unikatni-loncarski-izdelki-iz-kamenine\/unikatni-loncarski-izdelki-iz-keramike\/unikaten-glinen-luster\/#primaryimage","url":"https:\/\/potteryart.eu\/wp-content\/uploads\/2024\/11\/20241106_094917-scaled.jpg","contentUrl":"https:\/\/potteryart.eu\/wp-content\/uploads\/2024\/11\/20241106_094917-scaled.jpg","width":1920,"height":2560},{"@type":"BreadcrumbList","@id":"https:\/\/potteryart.eu\/spletna-trgovina\/unikatni-loncarski-izdelki-iz-kamenine\/unikatni-loncarski-izdelki-iz-keramike\/unikaten-glinen-luster\/#breadcrumb","itemListElement":[{"@type":"ListItem","position":1,"name":"Home","item":"https:\/\/potteryart.eu\/"},{"@type":"ListItem","position":2,"name":"Spletna trgovina","item":"https:\/\/potteryart.eu\/spletna-trgovina\/"},{"@type":"ListItem","position":3,"name":"Unikaten glinen luster"}]},{"@type":"WebSite","@id":"https:\/\/potteryart.eu\/#website","url":"https:\/\/potteryart.eu\/","name":"Zajc Polona","description":"","publisher":{"@id":"https:\/\/potteryart.eu\/#\/schema\/person\/819de6034d3dd0bbdcc3a95a0b6c7e4d"},"potentialAction":[{"@type":"SearchAction","target":{"@type":"EntryPoint","urlTemplate":"https:\/\/potteryart.eu\/?s={search_term_string}"},"query-input":{"@type":"PropertyValueSpecification","valueRequired":true,"valueName":"search_term_string"}}],"inLanguage":"en-GB"},{"@type":["Person","Organization"],"@id":"https:\/\/potteryart.eu\/#\/schema\/person\/819de6034d3dd0bbdcc3a95a0b6c7e4d","name":"polonazajc_admin","image":{"@type":"ImageObject","inLanguage":"en-GB","@id":"https:\/\/potteryart.eu\/wp-content\/uploads\/2020\/12\/cropped-Logo-1.png","url":"https:\/\/potteryart.eu\/wp-content\/uploads\/2020\/12\/cropped-Logo-1.png","contentUrl":"https:\/\/potteryart.eu\/wp-content\/uploads\/2020\/12\/cropped-Logo-1.png","width":2113,"height":280,"caption":"polonazajc_admin"},"logo":{"@id":"https:\/\/potteryart.eu\/wp-content\/uploads\/2020\/12\/cropped-Logo-1.png"}}]}},"_links":{"self":[{"href":"https:\/\/potteryart.eu\/en_gb\/wp-json\/wp\/v2\/product\/2937","targetHints":{"allow":["GET"]}}],"collection":[{"href":"https:\/\/potteryart.eu\/en_gb\/wp-json\/wp\/v2\/product"}],"about":[{"href":"https:\/\/potteryart.eu\/en_gb\/wp-json\/wp\/v2\/types\/product"}],"replies":[{"embeddable":true,"href":"https:\/\/potteryart.eu\/en_gb\/wp-json\/wp\/v2\/comments?post=2937"}],"wp:featuredmedia":[{"embeddable":true,"href":"https:\/\/potteryart.eu\/en_gb\/wp-json\/wp\/v2\/media\/2930"}],"wp:attachment":[{"href":"https:\/\/potteryart.eu\/en_gb\/wp-json\/wp\/v2\/media?parent=2937"}],"wp:term":[{"taxonomy":"product_brand","embeddable":true,"href":"https:\/\/potteryart.eu\/en_gb\/wp-json\/wp\/v2\/product_brand?post=2937"},{"taxonomy":"product_cat","embeddable":true,"href":"https:\/\/potteryart.eu\/en_gb\/wp-json\/wp\/v2\/product_cat?post=2937"},{"taxonomy":"product_tag","embeddable":true,"href":"https:\/\/potteryart.eu\/en_gb\/wp-json\/wp\/v2\/product_tag?post=2937"}],"curies":[{"name":"wp","href":"https:\/\/api.w.org\/{rel}","templated":true}]}}