{"id":302,"date":"2020-12-27T09:43:13","date_gmt":"2020-12-27T08:43:13","guid":{"rendered":"https:\/\/potteryart.eu\/izdelek\/skodelica-s-kronikom-4016\/"},"modified":"2026-02-19T07:32:39","modified_gmt":"2026-02-19T06:32:39","slug":"temnozelena-skodelica-s-kroznickom-4016","status":"publish","type":"product","link":"https:\/\/potteryart.eu\/en_gb\/spletna-trgovina\/unikatni-loncarski-izdelki-iz-kamenine\/unikatni-izdelki-iz-kamenine-za-kuhinjo\/temnozelena-skodelica-s-kroznickom-4016\/","title":{"rendered":"Dark green cup with saucer"},"content":{"rendered":"<h1>Dark green cup with saucer<\/h1>\n<p class=\"translation-block\">Dark green cup with saucer is a product of pottery art clay design by Polona Zajc. It is a set of a cup and saucer made by hand on a pottery spindle from black stoneware. The inside of the cup is glazed with a glaze suitable for food contact (traceability mark LOT17). The outside of the cup and saucer is glazed with a dark green semi-matt glaze. It is fired at 1220 \u00b0C. The cup is perfectly suitable for a variety of beverages and can be washed in the dishwasher after use. The height of the cup is 8 cm, the diameter of the saucer is 14 cm.<\/p>\n<h2>Pottery art clay design by Polona Zajc<\/h2>\n<p class=\"translation-block\">Pottery art clay design by Polona Zajc\nPottery art clay design by Polona Zajc has a variety of unique cups in her collection. Some of them come with a saucer. All of them belong to the series of unique pottery for the kitchen, which means that they are perfectly usable for drinks and can be washed in the dishwasher. They come in different shapes and sizes, fired as ceramic or as stoneware. The unique cups can be in a series of several identical ones, in a set of two together or just one unique specimen.<\/p>\n<h3>Handmade cup and saucer set<\/h3>\n<p>The handmade cup and saucer set is a completely unique product. This means that it is non-reproducible and will never be produced in this form again. The cup, with its sculpted distinctive pottery art pattern, fluted rim and spiral-finished handle, in a subdued dark green semi-gloss colour, is a perfectly romantic piece of stoneware. The set is completed by a saucer with a pattern of perforated holes giving an impression of fragility and tenderness. Despite its uniqueness and special shape, the dark green cup and saucer is perfectly practical to use, as it is of high quality and made for long-lasting use.  Two sets of cup and saucer are available. The result is a cosy, romantic place setting for two, enjoying good aromatic coffee and pastries in unique, handmade stoneware vessels.<\/p>","protected":false},"excerpt":{"rendered":"<p>Temnozelena skodelica s kro\u017eni\u010dkom Temnozelena skodelica s kro\u017eni\u010dkom je izdelek pottery art oblikovanje gline Polone Zajc. To je komplet skodelice in kro\u017eni\u010dka, ki sta narejena ro\u010dno, na lon\u010darskem vretenu iz \u010drne kamenine. Notranjost skodelice je glazirana z glazuro, primerno stiku z \u017eivili (oznaka sledljivosti LOT17). Zunanjost skodelice in kro\u017eni\u010dka je glazirana z temnozeleno pol mat [&hellip;]<\/p>\n","protected":false},"featured_media":452,"comment_status":"open","ping_status":"closed","template":"","meta":[],"product_brand":[],"product_cat":[249,275,265],"product_tag":[22,24,35,34,33,32,31,25],"class_list":{"0":"post-302","1":"product","2":"type-product","3":"status-publish","4":"has-post-thumbnail","6":"product_cat-unikatne-skodelice-iz-gline","7":"product_cat-unikatni-izdelki-iz-kamenine-za-kuhinjo","8":"product_cat-unikatni-loncarski-izdelki-iz-kamenine","9":"product_tag-darilni-izdelki","10":"product_tag-hrana","11":"product_tag-kava","12":"product_tag-kroznicek","13":"product_tag-kroznik","14":"product_tag-salcka","15":"product_tag-skodelica","16":"product_tag-skodelice","17":"product_shipping_class-1kg","19":"first","20":"instock","21":"purchasable","22":"product-type-simple"},"yoast_head":"<!-- This site is optimized with the Yoast SEO Premium plugin v27.4 (Yoast SEO v27.4) - https:\/\/yoast.com\/product\/yoast-seo-premium-wordpress\/ -->\n<title>Temnozelena skodelica s kro\u017eni\u010dkom<\/title>\n<meta name=\"description\" content=\"Temnozelena skodelica s kro\u017eni\u010dkom je izdelek pottery art oblikovanje gline Polone Zajc, to je ro\u010dno izdelan komplet skodelice in kro\u017eni\u010dka\" \/>\n<meta name=\"robots\" content=\"index, follow, max-snippet:-1, max-image-preview:large, max-video-preview:-1\" \/>\n<link rel=\"canonical\" href=\"https:\/\/potteryart.eu\/en_gb\/spletna-trgovina\/unikatni-loncarski-izdelki-iz-kamenine\/unikatni-izdelki-iz-kamenine-za-kuhinjo\/temnozelena-skodelica-s-kroznickom-4016\/\" \/>\n<meta property=\"og:locale\" content=\"en_GB\" \/>\n<meta property=\"og:type\" content=\"article\" \/>\n<meta property=\"og:title\" content=\"Temnozelena skodelica s kro\u017eni\u010dkom 4016\" \/>\n<meta property=\"og:description\" content=\"Temnozelena skodelica s kro\u017eni\u010dkom je izdelek pottery art oblikovanje gline Polone Zajc, to je ro\u010dno izdelan komplet skodelice in kro\u017eni\u010dka\" \/>\n<meta property=\"og:url\" content=\"https:\/\/potteryart.eu\/en_gb\/spletna-trgovina\/unikatni-loncarski-izdelki-iz-kamenine\/unikatni-izdelki-iz-kamenine-za-kuhinjo\/temnozelena-skodelica-s-kroznickom-4016\/\" \/>\n<meta property=\"og:site_name\" content=\"Zajc Polona\" \/>\n<meta property=\"article:modified_time\" content=\"2026-02-19T06:32:39+00:00\" \/>\n<meta property=\"og:image\" content=\"https:\/\/potteryart.eu\/wp-content\/uploads\/2020\/12\/4016-scaled.jpg\" \/>\n\t<meta property=\"og:image:width\" content=\"1920\" \/>\n\t<meta property=\"og:image:height\" content=\"2560\" \/>\n\t<meta property=\"og:image:type\" content=\"image\/jpeg\" \/>\n<meta name=\"twitter:card\" content=\"summary_large_image\" \/>\n<meta name=\"twitter:label1\" content=\"Estimated reading time\" \/>\n\t<meta name=\"twitter:data1\" content=\"2 minutes\" \/>\n<script type=\"application\/ld+json\" class=\"yoast-schema-graph\">{\"@context\":\"https:\\\/\\\/schema.org\",\"@graph\":[{\"@type\":\"WebPage\",\"@id\":\"https:\\\/\\\/potteryart.eu\\\/spletna-trgovina\\\/unikatni-loncarski-izdelki-iz-kamenine\\\/unikatni-izdelki-iz-kamenine-za-kuhinjo\\\/temnozelena-skodelica-s-kroznickom-4016\\\/\",\"url\":\"https:\\\/\\\/potteryart.eu\\\/spletna-trgovina\\\/unikatni-loncarski-izdelki-iz-kamenine\\\/unikatni-izdelki-iz-kamenine-za-kuhinjo\\\/temnozelena-skodelica-s-kroznickom-4016\\\/\",\"name\":\"Temnozelena skodelica s kro\u017eni\u010dkom\",\"isPartOf\":{\"@id\":\"https:\\\/\\\/potteryart.eu\\\/#website\"},\"primaryImageOfPage\":{\"@id\":\"https:\\\/\\\/potteryart.eu\\\/spletna-trgovina\\\/unikatni-loncarski-izdelki-iz-kamenine\\\/unikatni-izdelki-iz-kamenine-za-kuhinjo\\\/temnozelena-skodelica-s-kroznickom-4016\\\/#primaryimage\"},\"image\":{\"@id\":\"https:\\\/\\\/potteryart.eu\\\/spletna-trgovina\\\/unikatni-loncarski-izdelki-iz-kamenine\\\/unikatni-izdelki-iz-kamenine-za-kuhinjo\\\/temnozelena-skodelica-s-kroznickom-4016\\\/#primaryimage\"},\"thumbnailUrl\":\"https:\\\/\\\/potteryart.eu\\\/wp-content\\\/uploads\\\/2020\\\/12\\\/4016-scaled.jpg\",\"datePublished\":\"2020-12-27T08:43:13+00:00\",\"dateModified\":\"2026-02-19T06:32:39+00:00\",\"description\":\"Temnozelena skodelica s kro\u017eni\u010dkom je izdelek pottery art oblikovanje gline Polone Zajc, to je ro\u010dno izdelan komplet skodelice in kro\u017eni\u010dka\",\"breadcrumb\":{\"@id\":\"https:\\\/\\\/potteryart.eu\\\/spletna-trgovina\\\/unikatni-loncarski-izdelki-iz-kamenine\\\/unikatni-izdelki-iz-kamenine-za-kuhinjo\\\/temnozelena-skodelica-s-kroznickom-4016\\\/#breadcrumb\"},\"inLanguage\":\"en-GB\",\"potentialAction\":[{\"@type\":\"ReadAction\",\"target\":[\"https:\\\/\\\/potteryart.eu\\\/spletna-trgovina\\\/unikatni-loncarski-izdelki-iz-kamenine\\\/unikatni-izdelki-iz-kamenine-za-kuhinjo\\\/temnozelena-skodelica-s-kroznickom-4016\\\/\"]}]},{\"@type\":\"ImageObject\",\"inLanguage\":\"en-GB\",\"@id\":\"https:\\\/\\\/potteryart.eu\\\/spletna-trgovina\\\/unikatni-loncarski-izdelki-iz-kamenine\\\/unikatni-izdelki-iz-kamenine-za-kuhinjo\\\/temnozelena-skodelica-s-kroznickom-4016\\\/#primaryimage\",\"url\":\"https:\\\/\\\/potteryart.eu\\\/wp-content\\\/uploads\\\/2020\\\/12\\\/4016-scaled.jpg\",\"contentUrl\":\"https:\\\/\\\/potteryart.eu\\\/wp-content\\\/uploads\\\/2020\\\/12\\\/4016-scaled.jpg\",\"width\":1920,\"height\":2560,\"caption\":\"temnozelena skodelica s kro\u017eni\u010dkom, pottery art oblikovanje gline Polone Zajc, ro\u010dno izdelan komplet skodelice in kro\u017eni\u010dka\"},{\"@type\":\"BreadcrumbList\",\"@id\":\"https:\\\/\\\/potteryart.eu\\\/spletna-trgovina\\\/unikatni-loncarski-izdelki-iz-kamenine\\\/unikatni-izdelki-iz-kamenine-za-kuhinjo\\\/temnozelena-skodelica-s-kroznickom-4016\\\/#breadcrumb\",\"itemListElement\":[{\"@type\":\"ListItem\",\"position\":1,\"name\":\"Home\",\"item\":\"https:\\\/\\\/potteryart.eu\\\/\"},{\"@type\":\"ListItem\",\"position\":2,\"name\":\"Spletna trgovina\",\"item\":\"https:\\\/\\\/potteryart.eu\\\/spletna-trgovina\\\/\"},{\"@type\":\"ListItem\",\"position\":3,\"name\":\"Temnozelena skodelica s kro\u017eni\u010dkom 4016\"}]},{\"@type\":\"WebSite\",\"@id\":\"https:\\\/\\\/potteryart.eu\\\/#website\",\"url\":\"https:\\\/\\\/potteryart.eu\\\/\",\"name\":\"Zajc Polona\",\"description\":\"\",\"publisher\":{\"@id\":\"https:\\\/\\\/potteryart.eu\\\/#\\\/schema\\\/person\\\/819de6034d3dd0bbdcc3a95a0b6c7e4d\"},\"potentialAction\":[{\"@type\":\"SearchAction\",\"target\":{\"@type\":\"EntryPoint\",\"urlTemplate\":\"https:\\\/\\\/potteryart.eu\\\/?s={search_term_string}\"},\"query-input\":{\"@type\":\"PropertyValueSpecification\",\"valueRequired\":true,\"valueName\":\"search_term_string\"}}],\"inLanguage\":\"en-GB\"},{\"@type\":[\"Person\",\"Organization\"],\"@id\":\"https:\\\/\\\/potteryart.eu\\\/#\\\/schema\\\/person\\\/819de6034d3dd0bbdcc3a95a0b6c7e4d\",\"name\":\"polonazajc_admin\",\"image\":{\"@type\":\"ImageObject\",\"inLanguage\":\"en-GB\",\"@id\":\"https:\\\/\\\/potteryart.eu\\\/wp-content\\\/uploads\\\/2020\\\/12\\\/cropped-Logo-1.png\",\"url\":\"https:\\\/\\\/potteryart.eu\\\/wp-content\\\/uploads\\\/2020\\\/12\\\/cropped-Logo-1.png\",\"contentUrl\":\"https:\\\/\\\/potteryart.eu\\\/wp-content\\\/uploads\\\/2020\\\/12\\\/cropped-Logo-1.png\",\"width\":2113,\"height\":280,\"caption\":\"polonazajc_admin\"},\"logo\":{\"@id\":\"https:\\\/\\\/potteryart.eu\\\/wp-content\\\/uploads\\\/2020\\\/12\\\/cropped-Logo-1.png\"}}]}<\/script>\n<!-- \/ Yoast SEO Premium plugin. -->","yoast_head_json":{"title":"Dark green cup with saucer","description":"Temnozelena skodelica s kro\u017eni\u010dkom je izdelek pottery art oblikovanje gline Polone Zajc, to je ro\u010dno izdelan komplet skodelice in kro\u017eni\u010dka","robots":{"index":"index","follow":"follow","max-snippet":"max-snippet:-1","max-image-preview":"max-image-preview:large","max-video-preview":"max-video-preview:-1"},"canonical":"https:\/\/potteryart.eu\/en_gb\/spletna-trgovina\/unikatni-loncarski-izdelki-iz-kamenine\/unikatni-izdelki-iz-kamenine-za-kuhinjo\/temnozelena-skodelica-s-kroznickom-4016\/","og_locale":"en_GB","og_type":"article","og_title":"Temnozelena skodelica s kro\u017eni\u010dkom 4016","og_description":"Temnozelena skodelica s kro\u017eni\u010dkom je izdelek pottery art oblikovanje gline Polone Zajc, to je ro\u010dno izdelan komplet skodelice in kro\u017eni\u010dka","og_url":"https:\/\/potteryart.eu\/en_gb\/spletna-trgovina\/unikatni-loncarski-izdelki-iz-kamenine\/unikatni-izdelki-iz-kamenine-za-kuhinjo\/temnozelena-skodelica-s-kroznickom-4016\/","og_site_name":"Zajc Polona","article_modified_time":"2026-02-19T06:32:39+00:00","og_image":[{"width":1920,"height":2560,"url":"https:\/\/potteryart.eu\/wp-content\/uploads\/2020\/12\/4016-scaled.jpg","type":"image\/jpeg"}],"twitter_card":"summary_large_image","twitter_misc":{"Estimated reading time":"2 minutes"},"schema":{"@context":"https:\/\/schema.org","@graph":[{"@type":"WebPage","@id":"https:\/\/potteryart.eu\/spletna-trgovina\/unikatni-loncarski-izdelki-iz-kamenine\/unikatni-izdelki-iz-kamenine-za-kuhinjo\/temnozelena-skodelica-s-kroznickom-4016\/","url":"https:\/\/potteryart.eu\/spletna-trgovina\/unikatni-loncarski-izdelki-iz-kamenine\/unikatni-izdelki-iz-kamenine-za-kuhinjo\/temnozelena-skodelica-s-kroznickom-4016\/","name":"Dark green cup with saucer","isPartOf":{"@id":"https:\/\/potteryart.eu\/#website"},"primaryImageOfPage":{"@id":"https:\/\/potteryart.eu\/spletna-trgovina\/unikatni-loncarski-izdelki-iz-kamenine\/unikatni-izdelki-iz-kamenine-za-kuhinjo\/temnozelena-skodelica-s-kroznickom-4016\/#primaryimage"},"image":{"@id":"https:\/\/potteryart.eu\/spletna-trgovina\/unikatni-loncarski-izdelki-iz-kamenine\/unikatni-izdelki-iz-kamenine-za-kuhinjo\/temnozelena-skodelica-s-kroznickom-4016\/#primaryimage"},"thumbnailUrl":"https:\/\/potteryart.eu\/wp-content\/uploads\/2020\/12\/4016-scaled.jpg","datePublished":"2020-12-27T08:43:13+00:00","dateModified":"2026-02-19T06:32:39+00:00","description":"Temnozelena skodelica s kro\u017eni\u010dkom je izdelek pottery art oblikovanje gline Polone Zajc, to je ro\u010dno izdelan komplet skodelice in kro\u017eni\u010dka","breadcrumb":{"@id":"https:\/\/potteryart.eu\/spletna-trgovina\/unikatni-loncarski-izdelki-iz-kamenine\/unikatni-izdelki-iz-kamenine-za-kuhinjo\/temnozelena-skodelica-s-kroznickom-4016\/#breadcrumb"},"inLanguage":"en-GB","potentialAction":[{"@type":"ReadAction","target":["https:\/\/potteryart.eu\/spletna-trgovina\/unikatni-loncarski-izdelki-iz-kamenine\/unikatni-izdelki-iz-kamenine-za-kuhinjo\/temnozelena-skodelica-s-kroznickom-4016\/"]}]},{"@type":"ImageObject","inLanguage":"en-GB","@id":"https:\/\/potteryart.eu\/spletna-trgovina\/unikatni-loncarski-izdelki-iz-kamenine\/unikatni-izdelki-iz-kamenine-za-kuhinjo\/temnozelena-skodelica-s-kroznickom-4016\/#primaryimage","url":"https:\/\/potteryart.eu\/wp-content\/uploads\/2020\/12\/4016-scaled.jpg","contentUrl":"https:\/\/potteryart.eu\/wp-content\/uploads\/2020\/12\/4016-scaled.jpg","width":1920,"height":2560,"caption":"temnozelena skodelica s kro\u017eni\u010dkom, pottery art oblikovanje gline Polone Zajc, ro\u010dno izdelan komplet skodelice in kro\u017eni\u010dka"},{"@type":"BreadcrumbList","@id":"https:\/\/potteryart.eu\/spletna-trgovina\/unikatni-loncarski-izdelki-iz-kamenine\/unikatni-izdelki-iz-kamenine-za-kuhinjo\/temnozelena-skodelica-s-kroznickom-4016\/#breadcrumb","itemListElement":[{"@type":"ListItem","position":1,"name":"Home","item":"https:\/\/potteryart.eu\/"},{"@type":"ListItem","position":2,"name":"Spletna trgovina","item":"https:\/\/potteryart.eu\/spletna-trgovina\/"},{"@type":"ListItem","position":3,"name":"Temnozelena skodelica s kro\u017eni\u010dkom 4016"}]},{"@type":"WebSite","@id":"https:\/\/potteryart.eu\/#website","url":"https:\/\/potteryart.eu\/","name":"Zajc Polona","description":"","publisher":{"@id":"https:\/\/potteryart.eu\/#\/schema\/person\/819de6034d3dd0bbdcc3a95a0b6c7e4d"},"potentialAction":[{"@type":"SearchAction","target":{"@type":"EntryPoint","urlTemplate":"https:\/\/potteryart.eu\/?s={search_term_string}"},"query-input":{"@type":"PropertyValueSpecification","valueRequired":true,"valueName":"search_term_string"}}],"inLanguage":"en-GB"},{"@type":["Person","Organization"],"@id":"https:\/\/potteryart.eu\/#\/schema\/person\/819de6034d3dd0bbdcc3a95a0b6c7e4d","name":"polonazajc_admin","image":{"@type":"ImageObject","inLanguage":"en-GB","@id":"https:\/\/potteryart.eu\/wp-content\/uploads\/2020\/12\/cropped-Logo-1.png","url":"https:\/\/potteryart.eu\/wp-content\/uploads\/2020\/12\/cropped-Logo-1.png","contentUrl":"https:\/\/potteryart.eu\/wp-content\/uploads\/2020\/12\/cropped-Logo-1.png","width":2113,"height":280,"caption":"polonazajc_admin"},"logo":{"@id":"https:\/\/potteryart.eu\/wp-content\/uploads\/2020\/12\/cropped-Logo-1.png"}}]}},"_links":{"self":[{"href":"https:\/\/potteryart.eu\/en_gb\/wp-json\/wp\/v2\/product\/302","targetHints":{"allow":["GET"]}}],"collection":[{"href":"https:\/\/potteryart.eu\/en_gb\/wp-json\/wp\/v2\/product"}],"about":[{"href":"https:\/\/potteryart.eu\/en_gb\/wp-json\/wp\/v2\/types\/product"}],"replies":[{"embeddable":true,"href":"https:\/\/potteryart.eu\/en_gb\/wp-json\/wp\/v2\/comments?post=302"}],"wp:featuredmedia":[{"embeddable":true,"href":"https:\/\/potteryart.eu\/en_gb\/wp-json\/wp\/v2\/media\/452"}],"wp:attachment":[{"href":"https:\/\/potteryart.eu\/en_gb\/wp-json\/wp\/v2\/media?parent=302"}],"wp:term":[{"taxonomy":"product_brand","embeddable":true,"href":"https:\/\/potteryart.eu\/en_gb\/wp-json\/wp\/v2\/product_brand?post=302"},{"taxonomy":"product_cat","embeddable":true,"href":"https:\/\/potteryart.eu\/en_gb\/wp-json\/wp\/v2\/product_cat?post=302"},{"taxonomy":"product_tag","embeddable":true,"href":"https:\/\/potteryart.eu\/en_gb\/wp-json\/wp\/v2\/product_tag?post=302"}],"curies":[{"name":"wp","href":"https:\/\/api.w.org\/{rel}","templated":true}]}}