{"id":304,"date":"2020-12-27T09:43:14","date_gmt":"2020-12-27T08:43:14","guid":{"rendered":"https:\/\/potteryart.eu\/izdelek\/aa-4018\/"},"modified":"2025-02-13T12:52:24","modified_gmt":"2025-02-13T11:52:24","slug":"velika-unikatna-glinena-casa-4018","status":"publish","type":"product","link":"https:\/\/potteryart.eu\/en_gb\/spletna-trgovina\/unikatni-loncarski-izdelki-iz-kamenine\/unikatni-izdelki-iz-kamenine-za-kuhinjo\/velika-unikatna-glinena-casa-4018\/","title":{"rendered":"Large unique clay goblet"},"content":{"rendered":"<h1>Large unique clay goblet<\/h1>\n<p class=\"translation-block\">Large unique clay goblet is a product of pottery art clay design by Polona Zajc. It is made on a pottery spindle from black stoneware. The hand-painted details are accentuated with real gold. The exterior is glazed with a lilac matt glaze, which fades into a beautiful brilliant blue in the details. The interior is glazed with a glaze suitable for contact with foodstuffs (traceability mark LOT17). It is fired at 1220\u00b0C, the gold is fired with a third firing at 800\u00b0C. The handmade lilac goblet is 14 cm high and 6 cm in diameter at the top.<\/p>\n<h2>Pottery art clay design by Polona Zajc<\/h2>\n<p>Pottery art clay design by Polona Zajc has clay jars of various shapes and colours in her collection of clay products. These can be large water glasses, small spirit glasses, beakers of many sizes and shapes. They are designed for different drinks and occasions, but of course it is up to each user to decide how and when to use the unique clay glasses. Some are made in a series of several identical ones, but most of the time each piece is different and completely unique. But they are all made from the highest quality clay and the inside is glazed with a glaze that is certified fit for food and beverage use. After use, they can be easily washed in the dishwasher<\/p>\n<h3>Large lilac clay goblet<\/h3>\n<p>The Large Lilac Clay Goblet is an elegant black goblet, handmade and completely inimitable. Its shape is reminiscent of champagne flutes, so a large, unique clay goblet could also be designed for this purpose. Lilac matt finish with a shimmering glitter glaze and real gold in the details. These are all features that distinguish the handmade lilac clay goblet from all similar products. That is why it is unique and inimitable. For the user, it is a unique challenge to exchange a standard glass champagne flute for an unusual clay goblet. This can create a whole new story for special occasions, a unique one.<\/p>\n<p>&nbsp;<\/p>","protected":false},"excerpt":{"rendered":"<p>Velika unikatna glinena \u010da\u0161a Velika unikatna glinena \u010da\u0161a je izdelek pottery art oblikovanje gline Polone Zajc. Zvrtena je na lon\u010darskem vretenu iz \u010drne kamenine. Ro\u010dno poslikani detajli so poudarjeni s pravim zlatom. Zunanjost je glazirana z lila mat glazuro, ki se v detajlih preliva v \u010dudovito ble\u0161\u010de\u010de modro barvo. Notranjost je glazirana z glazuro, primerno [&hellip;]<\/p>\n","protected":false},"featured_media":3433,"comment_status":"open","ping_status":"closed","template":"","meta":[],"product_brand":[],"product_cat":[275,272,265],"product_tag":[70,36,66,24,71,69,67,68],"class_list":{"0":"post-304","1":"product","2":"type-product","3":"status-publish","4":"has-post-thumbnail","6":"product_cat-unikatni-izdelki-iz-kamenine-za-kuhinjo","7":"product_cat-unikatni-kozarci-iz-gline","8":"product_cat-unikatni-loncarski-izdelki-iz-kamenine","9":"product_tag-casa","10":"product_tag-darilo","11":"product_tag-gospodinjska-keramika","12":"product_tag-hrana","13":"product_tag-kamenina","14":"product_tag-kelih","15":"product_tag-pijaca","16":"product_tag-vino","17":"product_shipping_class-1kg","19":"first","20":"instock","21":"purchasable","22":"product-type-simple"},"yoast_head":"<!-- This site is optimized with the Yoast SEO Premium plugin v27.4 (Yoast SEO v27.4) - https:\/\/yoast.com\/product\/yoast-seo-premium-wordpress\/ -->\n<title>Velika unikatna glinena \u010da\u0161a<\/title>\n<meta name=\"description\" content=\"Velika unikatna glinena \u010da\u0161a je izdelek pottery art oblikovanje gline Polone Zajc, to je velika lila \u010da\u0161a iz gline, popolnoma ro\u010dno izdelana\" \/>\n<meta name=\"robots\" content=\"index, follow, max-snippet:-1, max-image-preview:large, max-video-preview:-1\" \/>\n<link rel=\"canonical\" href=\"https:\/\/potteryart.eu\/en_gb\/spletna-trgovina\/unikatni-loncarski-izdelki-iz-kamenine\/unikatni-izdelki-iz-kamenine-za-kuhinjo\/velika-unikatna-glinena-casa-4018\/\" \/>\n<meta property=\"og:locale\" content=\"en_GB\" \/>\n<meta property=\"og:type\" content=\"article\" \/>\n<meta property=\"og:title\" content=\"Velika unikatna glinena \u010da\u0161a 4018\" \/>\n<meta property=\"og:description\" content=\"Velika unikatna glinena \u010da\u0161a je izdelek pottery art oblikovanje gline Polone Zajc, to je velika lila \u010da\u0161a iz gline, popolnoma ro\u010dno izdelana\" \/>\n<meta property=\"og:url\" content=\"https:\/\/potteryart.eu\/en_gb\/spletna-trgovina\/unikatni-loncarski-izdelki-iz-kamenine\/unikatni-izdelki-iz-kamenine-za-kuhinjo\/velika-unikatna-glinena-casa-4018\/\" \/>\n<meta property=\"og:site_name\" content=\"Zajc Polona\" \/>\n<meta property=\"article:modified_time\" content=\"2025-02-13T11:52:24+00:00\" \/>\n<meta property=\"og:image\" content=\"https:\/\/potteryart.eu\/wp-content\/uploads\/2021\/06\/20250213_100802-scaled.jpg\" \/>\n\t<meta property=\"og:image:width\" content=\"1920\" \/>\n\t<meta property=\"og:image:height\" content=\"2560\" \/>\n\t<meta property=\"og:image:type\" content=\"image\/jpeg\" \/>\n<meta name=\"twitter:card\" content=\"summary_large_image\" \/>\n<meta name=\"twitter:label1\" content=\"Estimated reading time\" \/>\n\t<meta name=\"twitter:data1\" content=\"2 minutes\" \/>\n<script type=\"application\/ld+json\" class=\"yoast-schema-graph\">{\"@context\":\"https:\\\/\\\/schema.org\",\"@graph\":[{\"@type\":\"WebPage\",\"@id\":\"https:\\\/\\\/potteryart.eu\\\/spletna-trgovina\\\/unikatni-loncarski-izdelki-iz-kamenine\\\/unikatni-izdelki-iz-kamenine-za-kuhinjo\\\/velika-unikatna-glinena-casa-4018\\\/\",\"url\":\"https:\\\/\\\/potteryart.eu\\\/spletna-trgovina\\\/unikatni-loncarski-izdelki-iz-kamenine\\\/unikatni-izdelki-iz-kamenine-za-kuhinjo\\\/velika-unikatna-glinena-casa-4018\\\/\",\"name\":\"Velika unikatna glinena \u010da\u0161a\",\"isPartOf\":{\"@id\":\"https:\\\/\\\/potteryart.eu\\\/#website\"},\"primaryImageOfPage\":{\"@id\":\"https:\\\/\\\/potteryart.eu\\\/spletna-trgovina\\\/unikatni-loncarski-izdelki-iz-kamenine\\\/unikatni-izdelki-iz-kamenine-za-kuhinjo\\\/velika-unikatna-glinena-casa-4018\\\/#primaryimage\"},\"image\":{\"@id\":\"https:\\\/\\\/potteryart.eu\\\/spletna-trgovina\\\/unikatni-loncarski-izdelki-iz-kamenine\\\/unikatni-izdelki-iz-kamenine-za-kuhinjo\\\/velika-unikatna-glinena-casa-4018\\\/#primaryimage\"},\"thumbnailUrl\":\"https:\\\/\\\/potteryart.eu\\\/wp-content\\\/uploads\\\/2021\\\/06\\\/20250213_100802-scaled.jpg\",\"datePublished\":\"2020-12-27T08:43:14+00:00\",\"dateModified\":\"2025-02-13T11:52:24+00:00\",\"description\":\"Velika unikatna glinena \u010da\u0161a je izdelek pottery art oblikovanje gline Polone Zajc, to je velika lila \u010da\u0161a iz gline, popolnoma ro\u010dno izdelana\",\"breadcrumb\":{\"@id\":\"https:\\\/\\\/potteryart.eu\\\/spletna-trgovina\\\/unikatni-loncarski-izdelki-iz-kamenine\\\/unikatni-izdelki-iz-kamenine-za-kuhinjo\\\/velika-unikatna-glinena-casa-4018\\\/#breadcrumb\"},\"inLanguage\":\"en-GB\",\"potentialAction\":[{\"@type\":\"ReadAction\",\"target\":[\"https:\\\/\\\/potteryart.eu\\\/spletna-trgovina\\\/unikatni-loncarski-izdelki-iz-kamenine\\\/unikatni-izdelki-iz-kamenine-za-kuhinjo\\\/velika-unikatna-glinena-casa-4018\\\/\"]}]},{\"@type\":\"ImageObject\",\"inLanguage\":\"en-GB\",\"@id\":\"https:\\\/\\\/potteryart.eu\\\/spletna-trgovina\\\/unikatni-loncarski-izdelki-iz-kamenine\\\/unikatni-izdelki-iz-kamenine-za-kuhinjo\\\/velika-unikatna-glinena-casa-4018\\\/#primaryimage\",\"url\":\"https:\\\/\\\/potteryart.eu\\\/wp-content\\\/uploads\\\/2021\\\/06\\\/20250213_100802-scaled.jpg\",\"contentUrl\":\"https:\\\/\\\/potteryart.eu\\\/wp-content\\\/uploads\\\/2021\\\/06\\\/20250213_100802-scaled.jpg\",\"width\":1920,\"height\":2560,\"caption\":\"unikatni kozarci iz gline, pottery art, kerami\u010dni kozarci, kozarci iz kamenine\"},{\"@type\":\"BreadcrumbList\",\"@id\":\"https:\\\/\\\/potteryart.eu\\\/spletna-trgovina\\\/unikatni-loncarski-izdelki-iz-kamenine\\\/unikatni-izdelki-iz-kamenine-za-kuhinjo\\\/velika-unikatna-glinena-casa-4018\\\/#breadcrumb\",\"itemListElement\":[{\"@type\":\"ListItem\",\"position\":1,\"name\":\"Home\",\"item\":\"https:\\\/\\\/potteryart.eu\\\/\"},{\"@type\":\"ListItem\",\"position\":2,\"name\":\"Spletna trgovina\",\"item\":\"https:\\\/\\\/potteryart.eu\\\/spletna-trgovina\\\/\"},{\"@type\":\"ListItem\",\"position\":3,\"name\":\"Velika unikatna glinena \u010da\u0161a 4018\"}]},{\"@type\":\"WebSite\",\"@id\":\"https:\\\/\\\/potteryart.eu\\\/#website\",\"url\":\"https:\\\/\\\/potteryart.eu\\\/\",\"name\":\"Zajc Polona\",\"description\":\"\",\"publisher\":{\"@id\":\"https:\\\/\\\/potteryart.eu\\\/#\\\/schema\\\/person\\\/819de6034d3dd0bbdcc3a95a0b6c7e4d\"},\"potentialAction\":[{\"@type\":\"SearchAction\",\"target\":{\"@type\":\"EntryPoint\",\"urlTemplate\":\"https:\\\/\\\/potteryart.eu\\\/?s={search_term_string}\"},\"query-input\":{\"@type\":\"PropertyValueSpecification\",\"valueRequired\":true,\"valueName\":\"search_term_string\"}}],\"inLanguage\":\"en-GB\"},{\"@type\":[\"Person\",\"Organization\"],\"@id\":\"https:\\\/\\\/potteryart.eu\\\/#\\\/schema\\\/person\\\/819de6034d3dd0bbdcc3a95a0b6c7e4d\",\"name\":\"polonazajc_admin\",\"image\":{\"@type\":\"ImageObject\",\"inLanguage\":\"en-GB\",\"@id\":\"https:\\\/\\\/potteryart.eu\\\/wp-content\\\/uploads\\\/2020\\\/12\\\/cropped-Logo-1.png\",\"url\":\"https:\\\/\\\/potteryart.eu\\\/wp-content\\\/uploads\\\/2020\\\/12\\\/cropped-Logo-1.png\",\"contentUrl\":\"https:\\\/\\\/potteryart.eu\\\/wp-content\\\/uploads\\\/2020\\\/12\\\/cropped-Logo-1.png\",\"width\":2113,\"height\":280,\"caption\":\"polonazajc_admin\"},\"logo\":{\"@id\":\"https:\\\/\\\/potteryart.eu\\\/wp-content\\\/uploads\\\/2020\\\/12\\\/cropped-Logo-1.png\"}}]}<\/script>\n<!-- \/ Yoast SEO Premium plugin. -->","yoast_head_json":{"title":"Large unique clay goblet","description":"Velika unikatna glinena \u010da\u0161a je izdelek pottery art oblikovanje gline Polone Zajc, to je velika lila \u010da\u0161a iz gline, popolnoma ro\u010dno izdelana","robots":{"index":"index","follow":"follow","max-snippet":"max-snippet:-1","max-image-preview":"max-image-preview:large","max-video-preview":"max-video-preview:-1"},"canonical":"https:\/\/potteryart.eu\/en_gb\/spletna-trgovina\/unikatni-loncarski-izdelki-iz-kamenine\/unikatni-izdelki-iz-kamenine-za-kuhinjo\/velika-unikatna-glinena-casa-4018\/","og_locale":"en_GB","og_type":"article","og_title":"Velika unikatna glinena \u010da\u0161a 4018","og_description":"Velika unikatna glinena \u010da\u0161a je izdelek pottery art oblikovanje gline Polone Zajc, to je velika lila \u010da\u0161a iz gline, popolnoma ro\u010dno izdelana","og_url":"https:\/\/potteryart.eu\/en_gb\/spletna-trgovina\/unikatni-loncarski-izdelki-iz-kamenine\/unikatni-izdelki-iz-kamenine-za-kuhinjo\/velika-unikatna-glinena-casa-4018\/","og_site_name":"Zajc Polona","article_modified_time":"2025-02-13T11:52:24+00:00","og_image":[{"width":1920,"height":2560,"url":"https:\/\/potteryart.eu\/wp-content\/uploads\/2021\/06\/20250213_100802-scaled.jpg","type":"image\/jpeg"}],"twitter_card":"summary_large_image","twitter_misc":{"Estimated reading time":"2 minutes"},"schema":{"@context":"https:\/\/schema.org","@graph":[{"@type":"WebPage","@id":"https:\/\/potteryart.eu\/spletna-trgovina\/unikatni-loncarski-izdelki-iz-kamenine\/unikatni-izdelki-iz-kamenine-za-kuhinjo\/velika-unikatna-glinena-casa-4018\/","url":"https:\/\/potteryart.eu\/spletna-trgovina\/unikatni-loncarski-izdelki-iz-kamenine\/unikatni-izdelki-iz-kamenine-za-kuhinjo\/velika-unikatna-glinena-casa-4018\/","name":"Large unique clay goblet","isPartOf":{"@id":"https:\/\/potteryart.eu\/#website"},"primaryImageOfPage":{"@id":"https:\/\/potteryart.eu\/spletna-trgovina\/unikatni-loncarski-izdelki-iz-kamenine\/unikatni-izdelki-iz-kamenine-za-kuhinjo\/velika-unikatna-glinena-casa-4018\/#primaryimage"},"image":{"@id":"https:\/\/potteryart.eu\/spletna-trgovina\/unikatni-loncarski-izdelki-iz-kamenine\/unikatni-izdelki-iz-kamenine-za-kuhinjo\/velika-unikatna-glinena-casa-4018\/#primaryimage"},"thumbnailUrl":"https:\/\/potteryart.eu\/wp-content\/uploads\/2021\/06\/20250213_100802-scaled.jpg","datePublished":"2020-12-27T08:43:14+00:00","dateModified":"2025-02-13T11:52:24+00:00","description":"Velika unikatna glinena \u010da\u0161a je izdelek pottery art oblikovanje gline Polone Zajc, to je velika lila \u010da\u0161a iz gline, popolnoma ro\u010dno izdelana","breadcrumb":{"@id":"https:\/\/potteryart.eu\/spletna-trgovina\/unikatni-loncarski-izdelki-iz-kamenine\/unikatni-izdelki-iz-kamenine-za-kuhinjo\/velika-unikatna-glinena-casa-4018\/#breadcrumb"},"inLanguage":"en-GB","potentialAction":[{"@type":"ReadAction","target":["https:\/\/potteryart.eu\/spletna-trgovina\/unikatni-loncarski-izdelki-iz-kamenine\/unikatni-izdelki-iz-kamenine-za-kuhinjo\/velika-unikatna-glinena-casa-4018\/"]}]},{"@type":"ImageObject","inLanguage":"en-GB","@id":"https:\/\/potteryart.eu\/spletna-trgovina\/unikatni-loncarski-izdelki-iz-kamenine\/unikatni-izdelki-iz-kamenine-za-kuhinjo\/velika-unikatna-glinena-casa-4018\/#primaryimage","url":"https:\/\/potteryart.eu\/wp-content\/uploads\/2021\/06\/20250213_100802-scaled.jpg","contentUrl":"https:\/\/potteryart.eu\/wp-content\/uploads\/2021\/06\/20250213_100802-scaled.jpg","width":1920,"height":2560,"caption":"unikatni kozarci iz gline, pottery art, kerami\u010dni kozarci, kozarci iz kamenine"},{"@type":"BreadcrumbList","@id":"https:\/\/potteryart.eu\/spletna-trgovina\/unikatni-loncarski-izdelki-iz-kamenine\/unikatni-izdelki-iz-kamenine-za-kuhinjo\/velika-unikatna-glinena-casa-4018\/#breadcrumb","itemListElement":[{"@type":"ListItem","position":1,"name":"Home","item":"https:\/\/potteryart.eu\/"},{"@type":"ListItem","position":2,"name":"Spletna trgovina","item":"https:\/\/potteryart.eu\/spletna-trgovina\/"},{"@type":"ListItem","position":3,"name":"Velika unikatna glinena \u010da\u0161a 4018"}]},{"@type":"WebSite","@id":"https:\/\/potteryart.eu\/#website","url":"https:\/\/potteryart.eu\/","name":"Zajc Polona","description":"","publisher":{"@id":"https:\/\/potteryart.eu\/#\/schema\/person\/819de6034d3dd0bbdcc3a95a0b6c7e4d"},"potentialAction":[{"@type":"SearchAction","target":{"@type":"EntryPoint","urlTemplate":"https:\/\/potteryart.eu\/?s={search_term_string}"},"query-input":{"@type":"PropertyValueSpecification","valueRequired":true,"valueName":"search_term_string"}}],"inLanguage":"en-GB"},{"@type":["Person","Organization"],"@id":"https:\/\/potteryart.eu\/#\/schema\/person\/819de6034d3dd0bbdcc3a95a0b6c7e4d","name":"polonazajc_admin","image":{"@type":"ImageObject","inLanguage":"en-GB","@id":"https:\/\/potteryart.eu\/wp-content\/uploads\/2020\/12\/cropped-Logo-1.png","url":"https:\/\/potteryart.eu\/wp-content\/uploads\/2020\/12\/cropped-Logo-1.png","contentUrl":"https:\/\/potteryart.eu\/wp-content\/uploads\/2020\/12\/cropped-Logo-1.png","width":2113,"height":280,"caption":"polonazajc_admin"},"logo":{"@id":"https:\/\/potteryart.eu\/wp-content\/uploads\/2020\/12\/cropped-Logo-1.png"}}]}},"_links":{"self":[{"href":"https:\/\/potteryart.eu\/en_gb\/wp-json\/wp\/v2\/product\/304","targetHints":{"allow":["GET"]}}],"collection":[{"href":"https:\/\/potteryart.eu\/en_gb\/wp-json\/wp\/v2\/product"}],"about":[{"href":"https:\/\/potteryart.eu\/en_gb\/wp-json\/wp\/v2\/types\/product"}],"replies":[{"embeddable":true,"href":"https:\/\/potteryart.eu\/en_gb\/wp-json\/wp\/v2\/comments?post=304"}],"wp:featuredmedia":[{"embeddable":true,"href":"https:\/\/potteryart.eu\/en_gb\/wp-json\/wp\/v2\/media\/3433"}],"wp:attachment":[{"href":"https:\/\/potteryart.eu\/en_gb\/wp-json\/wp\/v2\/media?parent=304"}],"wp:term":[{"taxonomy":"product_brand","embeddable":true,"href":"https:\/\/potteryart.eu\/en_gb\/wp-json\/wp\/v2\/product_brand?post=304"},{"taxonomy":"product_cat","embeddable":true,"href":"https:\/\/potteryart.eu\/en_gb\/wp-json\/wp\/v2\/product_cat?post=304"},{"taxonomy":"product_tag","embeddable":true,"href":"https:\/\/potteryart.eu\/en_gb\/wp-json\/wp\/v2\/product_tag?post=304"}],"curies":[{"name":"wp","href":"https:\/\/api.w.org\/{rel}","templated":true}]}}