{"id":3053,"date":"2024-12-10T20:10:14","date_gmt":"2024-12-10T19:10:14","guid":{"rendered":"https:\/\/potteryart.eu\/?post_type=product&#038;p=3053"},"modified":"2024-12-11T07:16:30","modified_gmt":"2024-12-11T06:16:30","slug":"unikaten-glinen-cajni-komplet","status":"publish","type":"product","link":"https:\/\/potteryart.eu\/en_gb\/spletna-trgovina\/unikatni-loncarski-izdelki-iz-kamenine\/unikatni-izdelki-iz-kamenine-za-kuhinjo\/unikaten-glinen-cajni-komplet\/","title":{"rendered":"Unique clay tea set"},"content":{"rendered":"<h1>Unique clay tea set<\/h1>\n<p>Unique clay tea set is a product of pottery art clay design by Polona Zajc. The clay tea bowls consist of two cups with saucers, a teapot, a sugar bowl and a spoon. All the vessels are handmade from grey clay, which turns into solid rock at high firing temperatures. They are therefore extremely high quality, durable and dishwasher safe. The exterior is glazed in a translucent green-grey glaze. Inside, the dishes are glazed with a glaze suitable for contact with foodstuffs.<\/p>\n<h2>Pottery art clay design by Polona Zajc<\/h2>\n<p>Pottery art clay design by Polona Zajc has a variety of unique clay vessels in her collection.  The handmade clay tea set belongs to the series of unique stoneware products for the kitchen. This means that it is perfectly food-safe and all the dishes are dishwasher safe. The unique clay pots can be of different shapes and sizes, fired as ceramic or as stoneware. They can also be decorative vessels, such as ornamental flower pots and the like. Unique vessels can be in a series of several identical vessels in a set or just one unique specimen <a href=\"https:\/\/potteryart.eu\/en_gb\/keramika\/\">keramika<\/a> ali kot <a href=\"https:\/\/potteryart.eu\/en_gb\/kamenina\/\">kamenina<\/a>. Lahko so to tudi dekorativne posode, kot so okrasni lonci za ro\u017ee in podobno. Unikatne posode so lahko v seriji po ve\u010d enakih\u00a0 v kompletu ali pa samo po en unikaten primerek.<\/p>\n<h3>Set of clay tea pots<\/h3>\n<p>A set of clay tea pots is something special. The two cups are hemispherical with a saucer. The matching saucers are studded with a beautiful pinhole pattern. The sugar bowl is a sphere with a base, as is the teapot. All the details are spheres or hemispheres. All these shapes are beautifully accentuated by the beautiful green-blue iridescent glaze. This unique clay tea set is designed for afternoon tea for two. As well as being useful, it also delights us with its shape and colour. When you serve tea in them, you will feel the incredible energy that is built into these handmade clay vessels. The stoneware material of the pots guarantees high quality and durability of use. Enjoy unique moments of drinking tea from unique pots.<\/p>","protected":false},"excerpt":{"rendered":"<p>Unikaten glinen \u010dajni komplet Unikaten glinen \u010dajni komplet je izdelek pottery art oblikovanje gline Polone Zajc. Glinene posode za \u010daj sestavljata dve skodelici s kro\u017eni\u010dkoma, \u010dajnik, posodica za sladkor in \u017eli\u010dka. Vse posode so narejene ro\u010dno iz sive gline, ki se pri visoki temperaturi \u017eganja spremeni v trdno kamenino. Zato so izredno kvalitetne in obstojne, [&hellip;]<\/p>\n","protected":false},"featured_media":2992,"comment_status":"open","ping_status":"closed","template":"","meta":[],"product_brand":[],"product_cat":[271,275,265],"product_tag":[],"class_list":{"0":"post-3053","1":"product","2":"type-product","3":"status-publish","4":"has-post-thumbnail","6":"product_cat-glinene-posode","7":"product_cat-unikatni-izdelki-iz-kamenine-za-kuhinjo","8":"product_cat-unikatni-loncarski-izdelki-iz-kamenine","9":"product_shipping_class-3kg","11":"first","12":"instock","13":"purchasable","14":"product-type-simple"},"yoast_head":"<!-- This site is optimized with the Yoast SEO Premium plugin v27.4 (Yoast SEO v27.4) - https:\/\/yoast.com\/product\/yoast-seo-premium-wordpress\/ -->\n<title>Unikaten glinen \u010dajni komplet<\/title>\n<meta name=\"description\" content=\"Unikaten glinen \u010dajni komplet je izdelek pottery art oblikovanje gline Polone Zajc. To je komplet glinenih posod za \u010daj, ki so ro\u010dno izdelane\" \/>\n<meta name=\"robots\" content=\"index, follow, max-snippet:-1, max-image-preview:large, max-video-preview:-1\" \/>\n<link rel=\"canonical\" href=\"https:\/\/potteryart.eu\/en_gb\/spletna-trgovina\/unikatni-loncarski-izdelki-iz-kamenine\/unikatni-izdelki-iz-kamenine-za-kuhinjo\/unikaten-glinen-cajni-komplet\/\" \/>\n<meta property=\"og:locale\" content=\"en_GB\" \/>\n<meta property=\"og:type\" content=\"article\" \/>\n<meta property=\"og:title\" content=\"Unikaten glinen \u010dajni komplet\" \/>\n<meta property=\"og:description\" content=\"Unikaten glinen \u010dajni komplet je izdelek pottery art oblikovanje gline Polone Zajc. To je komplet glinenih posod za \u010daj, ki so ro\u010dno izdelane\" \/>\n<meta property=\"og:url\" content=\"https:\/\/potteryart.eu\/en_gb\/spletna-trgovina\/unikatni-loncarski-izdelki-iz-kamenine\/unikatni-izdelki-iz-kamenine-za-kuhinjo\/unikaten-glinen-cajni-komplet\/\" \/>\n<meta property=\"og:site_name\" content=\"Zajc Polona\" \/>\n<meta property=\"article:modified_time\" content=\"2024-12-11T06:16:30+00:00\" \/>\n<meta property=\"og:image\" content=\"https:\/\/potteryart.eu\/wp-content\/uploads\/2024\/12\/20241203_171814-scaled.jpg\" \/>\n\t<meta property=\"og:image:width\" content=\"1920\" \/>\n\t<meta property=\"og:image:height\" content=\"2560\" \/>\n\t<meta property=\"og:image:type\" content=\"image\/jpeg\" \/>\n<meta name=\"twitter:card\" content=\"summary_large_image\" \/>\n<meta name=\"twitter:label1\" content=\"Estimated reading time\" \/>\n\t<meta name=\"twitter:data1\" content=\"2 minutes\" \/>\n<script type=\"application\/ld+json\" class=\"yoast-schema-graph\">{\"@context\":\"https:\\\/\\\/schema.org\",\"@graph\":[{\"@type\":\"WebPage\",\"@id\":\"https:\\\/\\\/potteryart.eu\\\/spletna-trgovina\\\/unikatni-loncarski-izdelki-iz-kamenine\\\/unikatni-izdelki-iz-kamenine-za-kuhinjo\\\/unikaten-glinen-cajni-komplet\\\/\",\"url\":\"https:\\\/\\\/potteryart.eu\\\/spletna-trgovina\\\/unikatni-loncarski-izdelki-iz-kamenine\\\/unikatni-izdelki-iz-kamenine-za-kuhinjo\\\/unikaten-glinen-cajni-komplet\\\/\",\"name\":\"Unikaten glinen \u010dajni komplet\",\"isPartOf\":{\"@id\":\"https:\\\/\\\/potteryart.eu\\\/#website\"},\"primaryImageOfPage\":{\"@id\":\"https:\\\/\\\/potteryart.eu\\\/spletna-trgovina\\\/unikatni-loncarski-izdelki-iz-kamenine\\\/unikatni-izdelki-iz-kamenine-za-kuhinjo\\\/unikaten-glinen-cajni-komplet\\\/#primaryimage\"},\"image\":{\"@id\":\"https:\\\/\\\/potteryart.eu\\\/spletna-trgovina\\\/unikatni-loncarski-izdelki-iz-kamenine\\\/unikatni-izdelki-iz-kamenine-za-kuhinjo\\\/unikaten-glinen-cajni-komplet\\\/#primaryimage\"},\"thumbnailUrl\":\"https:\\\/\\\/potteryart.eu\\\/wp-content\\\/uploads\\\/2024\\\/12\\\/20241203_171814-scaled.jpg\",\"datePublished\":\"2024-12-10T19:10:14+00:00\",\"dateModified\":\"2024-12-11T06:16:30+00:00\",\"description\":\"Unikaten glinen \u010dajni komplet je izdelek pottery art oblikovanje gline Polone Zajc. To je komplet glinenih posod za \u010daj, ki so ro\u010dno izdelane\",\"breadcrumb\":{\"@id\":\"https:\\\/\\\/potteryart.eu\\\/spletna-trgovina\\\/unikatni-loncarski-izdelki-iz-kamenine\\\/unikatni-izdelki-iz-kamenine-za-kuhinjo\\\/unikaten-glinen-cajni-komplet\\\/#breadcrumb\"},\"inLanguage\":\"en-GB\",\"potentialAction\":[{\"@type\":\"ReadAction\",\"target\":[\"https:\\\/\\\/potteryart.eu\\\/spletna-trgovina\\\/unikatni-loncarski-izdelki-iz-kamenine\\\/unikatni-izdelki-iz-kamenine-za-kuhinjo\\\/unikaten-glinen-cajni-komplet\\\/\"]}]},{\"@type\":\"ImageObject\",\"inLanguage\":\"en-GB\",\"@id\":\"https:\\\/\\\/potteryart.eu\\\/spletna-trgovina\\\/unikatni-loncarski-izdelki-iz-kamenine\\\/unikatni-izdelki-iz-kamenine-za-kuhinjo\\\/unikaten-glinen-cajni-komplet\\\/#primaryimage\",\"url\":\"https:\\\/\\\/potteryart.eu\\\/wp-content\\\/uploads\\\/2024\\\/12\\\/20241203_171814-scaled.jpg\",\"contentUrl\":\"https:\\\/\\\/potteryart.eu\\\/wp-content\\\/uploads\\\/2024\\\/12\\\/20241203_171814-scaled.jpg\",\"width\":1920,\"height\":2560,\"caption\":\"unikaten glinen \u010dajni komplet, pottery art, komplet glinenih posod za \u010daj\"},{\"@type\":\"BreadcrumbList\",\"@id\":\"https:\\\/\\\/potteryart.eu\\\/spletna-trgovina\\\/unikatni-loncarski-izdelki-iz-kamenine\\\/unikatni-izdelki-iz-kamenine-za-kuhinjo\\\/unikaten-glinen-cajni-komplet\\\/#breadcrumb\",\"itemListElement\":[{\"@type\":\"ListItem\",\"position\":1,\"name\":\"Home\",\"item\":\"https:\\\/\\\/potteryart.eu\\\/\"},{\"@type\":\"ListItem\",\"position\":2,\"name\":\"Spletna trgovina\",\"item\":\"https:\\\/\\\/potteryart.eu\\\/spletna-trgovina\\\/\"},{\"@type\":\"ListItem\",\"position\":3,\"name\":\"Unikaten glinen \u010dajni komplet\"}]},{\"@type\":\"WebSite\",\"@id\":\"https:\\\/\\\/potteryart.eu\\\/#website\",\"url\":\"https:\\\/\\\/potteryart.eu\\\/\",\"name\":\"Zajc Polona\",\"description\":\"\",\"publisher\":{\"@id\":\"https:\\\/\\\/potteryart.eu\\\/#\\\/schema\\\/person\\\/819de6034d3dd0bbdcc3a95a0b6c7e4d\"},\"potentialAction\":[{\"@type\":\"SearchAction\",\"target\":{\"@type\":\"EntryPoint\",\"urlTemplate\":\"https:\\\/\\\/potteryart.eu\\\/?s={search_term_string}\"},\"query-input\":{\"@type\":\"PropertyValueSpecification\",\"valueRequired\":true,\"valueName\":\"search_term_string\"}}],\"inLanguage\":\"en-GB\"},{\"@type\":[\"Person\",\"Organization\"],\"@id\":\"https:\\\/\\\/potteryart.eu\\\/#\\\/schema\\\/person\\\/819de6034d3dd0bbdcc3a95a0b6c7e4d\",\"name\":\"polonazajc_admin\",\"image\":{\"@type\":\"ImageObject\",\"inLanguage\":\"en-GB\",\"@id\":\"https:\\\/\\\/potteryart.eu\\\/wp-content\\\/uploads\\\/2020\\\/12\\\/cropped-Logo-1.png\",\"url\":\"https:\\\/\\\/potteryart.eu\\\/wp-content\\\/uploads\\\/2020\\\/12\\\/cropped-Logo-1.png\",\"contentUrl\":\"https:\\\/\\\/potteryart.eu\\\/wp-content\\\/uploads\\\/2020\\\/12\\\/cropped-Logo-1.png\",\"width\":2113,\"height\":280,\"caption\":\"polonazajc_admin\"},\"logo\":{\"@id\":\"https:\\\/\\\/potteryart.eu\\\/wp-content\\\/uploads\\\/2020\\\/12\\\/cropped-Logo-1.png\"}}]}<\/script>\n<!-- \/ Yoast SEO Premium plugin. -->","yoast_head_json":{"title":"Unique clay tea set","description":"Unikaten glinen \u010dajni komplet je izdelek pottery art oblikovanje gline Polone Zajc. To je komplet glinenih posod za \u010daj, ki so ro\u010dno izdelane","robots":{"index":"index","follow":"follow","max-snippet":"max-snippet:-1","max-image-preview":"max-image-preview:large","max-video-preview":"max-video-preview:-1"},"canonical":"https:\/\/potteryart.eu\/en_gb\/spletna-trgovina\/unikatni-loncarski-izdelki-iz-kamenine\/unikatni-izdelki-iz-kamenine-za-kuhinjo\/unikaten-glinen-cajni-komplet\/","og_locale":"en_GB","og_type":"article","og_title":"Unikaten glinen \u010dajni komplet","og_description":"Unikaten glinen \u010dajni komplet je izdelek pottery art oblikovanje gline Polone Zajc. To je komplet glinenih posod za \u010daj, ki so ro\u010dno izdelane","og_url":"https:\/\/potteryart.eu\/en_gb\/spletna-trgovina\/unikatni-loncarski-izdelki-iz-kamenine\/unikatni-izdelki-iz-kamenine-za-kuhinjo\/unikaten-glinen-cajni-komplet\/","og_site_name":"Zajc Polona","article_modified_time":"2024-12-11T06:16:30+00:00","og_image":[{"width":1920,"height":2560,"url":"https:\/\/potteryart.eu\/wp-content\/uploads\/2024\/12\/20241203_171814-scaled.jpg","type":"image\/jpeg"}],"twitter_card":"summary_large_image","twitter_misc":{"Estimated reading time":"2 minutes"},"schema":{"@context":"https:\/\/schema.org","@graph":[{"@type":"WebPage","@id":"https:\/\/potteryart.eu\/spletna-trgovina\/unikatni-loncarski-izdelki-iz-kamenine\/unikatni-izdelki-iz-kamenine-za-kuhinjo\/unikaten-glinen-cajni-komplet\/","url":"https:\/\/potteryart.eu\/spletna-trgovina\/unikatni-loncarski-izdelki-iz-kamenine\/unikatni-izdelki-iz-kamenine-za-kuhinjo\/unikaten-glinen-cajni-komplet\/","name":"Unique clay tea set","isPartOf":{"@id":"https:\/\/potteryart.eu\/#website"},"primaryImageOfPage":{"@id":"https:\/\/potteryart.eu\/spletna-trgovina\/unikatni-loncarski-izdelki-iz-kamenine\/unikatni-izdelki-iz-kamenine-za-kuhinjo\/unikaten-glinen-cajni-komplet\/#primaryimage"},"image":{"@id":"https:\/\/potteryart.eu\/spletna-trgovina\/unikatni-loncarski-izdelki-iz-kamenine\/unikatni-izdelki-iz-kamenine-za-kuhinjo\/unikaten-glinen-cajni-komplet\/#primaryimage"},"thumbnailUrl":"https:\/\/potteryart.eu\/wp-content\/uploads\/2024\/12\/20241203_171814-scaled.jpg","datePublished":"2024-12-10T19:10:14+00:00","dateModified":"2024-12-11T06:16:30+00:00","description":"Unikaten glinen \u010dajni komplet je izdelek pottery art oblikovanje gline Polone Zajc. To je komplet glinenih posod za \u010daj, ki so ro\u010dno izdelane","breadcrumb":{"@id":"https:\/\/potteryart.eu\/spletna-trgovina\/unikatni-loncarski-izdelki-iz-kamenine\/unikatni-izdelki-iz-kamenine-za-kuhinjo\/unikaten-glinen-cajni-komplet\/#breadcrumb"},"inLanguage":"en-GB","potentialAction":[{"@type":"ReadAction","target":["https:\/\/potteryart.eu\/spletna-trgovina\/unikatni-loncarski-izdelki-iz-kamenine\/unikatni-izdelki-iz-kamenine-za-kuhinjo\/unikaten-glinen-cajni-komplet\/"]}]},{"@type":"ImageObject","inLanguage":"en-GB","@id":"https:\/\/potteryart.eu\/spletna-trgovina\/unikatni-loncarski-izdelki-iz-kamenine\/unikatni-izdelki-iz-kamenine-za-kuhinjo\/unikaten-glinen-cajni-komplet\/#primaryimage","url":"https:\/\/potteryart.eu\/wp-content\/uploads\/2024\/12\/20241203_171814-scaled.jpg","contentUrl":"https:\/\/potteryart.eu\/wp-content\/uploads\/2024\/12\/20241203_171814-scaled.jpg","width":1920,"height":2560,"caption":"unikaten glinen \u010dajni komplet, pottery art, komplet glinenih posod za \u010daj"},{"@type":"BreadcrumbList","@id":"https:\/\/potteryart.eu\/spletna-trgovina\/unikatni-loncarski-izdelki-iz-kamenine\/unikatni-izdelki-iz-kamenine-za-kuhinjo\/unikaten-glinen-cajni-komplet\/#breadcrumb","itemListElement":[{"@type":"ListItem","position":1,"name":"Home","item":"https:\/\/potteryart.eu\/"},{"@type":"ListItem","position":2,"name":"Spletna trgovina","item":"https:\/\/potteryart.eu\/spletna-trgovina\/"},{"@type":"ListItem","position":3,"name":"Unikaten glinen \u010dajni komplet"}]},{"@type":"WebSite","@id":"https:\/\/potteryart.eu\/#website","url":"https:\/\/potteryart.eu\/","name":"Zajc Polona","description":"","publisher":{"@id":"https:\/\/potteryart.eu\/#\/schema\/person\/819de6034d3dd0bbdcc3a95a0b6c7e4d"},"potentialAction":[{"@type":"SearchAction","target":{"@type":"EntryPoint","urlTemplate":"https:\/\/potteryart.eu\/?s={search_term_string}"},"query-input":{"@type":"PropertyValueSpecification","valueRequired":true,"valueName":"search_term_string"}}],"inLanguage":"en-GB"},{"@type":["Person","Organization"],"@id":"https:\/\/potteryart.eu\/#\/schema\/person\/819de6034d3dd0bbdcc3a95a0b6c7e4d","name":"polonazajc_admin","image":{"@type":"ImageObject","inLanguage":"en-GB","@id":"https:\/\/potteryart.eu\/wp-content\/uploads\/2020\/12\/cropped-Logo-1.png","url":"https:\/\/potteryart.eu\/wp-content\/uploads\/2020\/12\/cropped-Logo-1.png","contentUrl":"https:\/\/potteryart.eu\/wp-content\/uploads\/2020\/12\/cropped-Logo-1.png","width":2113,"height":280,"caption":"polonazajc_admin"},"logo":{"@id":"https:\/\/potteryart.eu\/wp-content\/uploads\/2020\/12\/cropped-Logo-1.png"}}]}},"_links":{"self":[{"href":"https:\/\/potteryart.eu\/en_gb\/wp-json\/wp\/v2\/product\/3053","targetHints":{"allow":["GET"]}}],"collection":[{"href":"https:\/\/potteryart.eu\/en_gb\/wp-json\/wp\/v2\/product"}],"about":[{"href":"https:\/\/potteryart.eu\/en_gb\/wp-json\/wp\/v2\/types\/product"}],"replies":[{"embeddable":true,"href":"https:\/\/potteryart.eu\/en_gb\/wp-json\/wp\/v2\/comments?post=3053"}],"wp:featuredmedia":[{"embeddable":true,"href":"https:\/\/potteryart.eu\/en_gb\/wp-json\/wp\/v2\/media\/2992"}],"wp:attachment":[{"href":"https:\/\/potteryart.eu\/en_gb\/wp-json\/wp\/v2\/media?parent=3053"}],"wp:term":[{"taxonomy":"product_brand","embeddable":true,"href":"https:\/\/potteryart.eu\/en_gb\/wp-json\/wp\/v2\/product_brand?post=3053"},{"taxonomy":"product_cat","embeddable":true,"href":"https:\/\/potteryart.eu\/en_gb\/wp-json\/wp\/v2\/product_cat?post=3053"},{"taxonomy":"product_tag","embeddable":true,"href":"https:\/\/potteryart.eu\/en_gb\/wp-json\/wp\/v2\/product_tag?post=3053"}],"curies":[{"name":"wp","href":"https:\/\/api.w.org\/{rel}","templated":true}]}}