{"id":3059,"date":"2024-12-15T10:11:04","date_gmt":"2024-12-15T09:11:04","guid":{"rendered":"https:\/\/potteryart.eu\/?post_type=product&#038;p=3059"},"modified":"2026-02-19T07:24:43","modified_gmt":"2026-02-19T06:24:43","slug":"unikaten-nakit-glinena-kroglica","status":"publish","type":"product","link":"https:\/\/potteryart.eu\/en_gb\/spletna-trgovina\/unikaten-nakit-iz-gline\/unikaten-nakit-glinena-kroglica\/","title":{"rendered":"Unique clay bead jewellery"},"content":{"rendered":"<h1>Unique clay bead jewellery<\/h1>\n<p>Unique clay bead jewellery is a product of pottery art clay design by Polona Zajc. It is a handmade clay bead suspended from a black waxed cord, held together by a metal clasp. The beads are made of different colours of clay. They are fired at a temperature of 1200\u00b0C and are therefore extremely hard. Each bead is a different colour as they are glazed with different glazes. Some have a pattern of incised lines, others have different sized holes and some have a combination of lines and holes. The handmade clay bead has a diameter of 2,5 cm.<\/p>\n<h2>Pottery art clay design by Polona Zajc<\/h2>\n<p>Pottery art clay design by Polona Zajc also has a category of unique clay jewellery in its collection of clay products. Here you will find different shapes of pendants made of clay. A special type of pendants are labyrinth shapes that are sculpted in clay. This category also includes unique clay bead jewellery. Clay balls also appear on other pottery art products, but here they are presented on their own, as clay jewellery. Each pendant in the unique clay jewellery category is suspended from a waxed cord with a metal clasp.<\/p>\n<h3>Clay spheres<\/h3>\n<p>Clay balls appear in various products in the Pottery Art workshop. The smallest are made as clay jewellery. It can be a clay ball suspended on a string, smaller beads as a complement, strung on a string. Half-beads are made as pendants or buttons, i.e. as jewellery for clothes. The larger beads are usually made as various lighting fixtures. These are candlesticks of different shapes and sizes. Or an electric light can be made from a clay ball. Clay balls are also used to make a variety of bowls, cups, teapots and other vessels.  Unique clay ball jewellery is made from different colours of clay. They are also glazed in different shades of matt and iridescent glazes. Choose your own and send a picture of your chosen bead when you buy. Let them speak to you with their colours and patterns to bring to life their purpose as unique clay jewellery.<\/p>\n<p>&nbsp;<\/p>","protected":false},"excerpt":{"rendered":"<p>Unikaten nakit glinena kroglica Unikaten nakit glinena kroglica je izdelek pottery art oblikovanje gline Polone Zajc. To je ro\u010dno izdelana kroglica iz gline, obe\u0161ena na \u010drni povo\u0161\u010deni vrvici, ki jo spaja kovinska sponka. Kroglice so narejene iz razli\u010dnih barv gline. \u017dgane so pri temperaturi 1200\u00b0C in so zato izredno trdne. Vsaka je druga\u010dne barve, saj [&hellip;]<\/p>\n","protected":false},"featured_media":3029,"comment_status":"open","ping_status":"closed","template":"","meta":[],"product_brand":[],"product_cat":[86,265],"product_tag":[],"class_list":{"0":"post-3059","1":"product","2":"type-product","3":"status-publish","4":"has-post-thumbnail","6":"product_cat-unikaten-nakit-iz-gline","7":"product_cat-unikatni-loncarski-izdelki-iz-kamenine","9":"first","10":"instock","11":"purchasable","12":"product-type-simple"},"yoast_head":"<!-- This site is optimized with the Yoast SEO Premium plugin v27.4 (Yoast SEO v27.4) - https:\/\/yoast.com\/product\/yoast-seo-premium-wordpress\/ -->\n<title>Unikaten nakit glinena kroglica<\/title>\n<meta name=\"description\" content=\"Unikaten nakit glinena kroglica je izdelek pottery art oblikovanje gline Polone Zajc. To so ro\u010dno izdelane glinene krogle na vrvici.\" \/>\n<meta name=\"robots\" content=\"index, follow, max-snippet:-1, max-image-preview:large, max-video-preview:-1\" \/>\n<link rel=\"canonical\" href=\"https:\/\/potteryart.eu\/en_gb\/spletna-trgovina\/unikaten-nakit-iz-gline\/unikaten-nakit-glinena-kroglica\/\" \/>\n<meta property=\"og:locale\" content=\"en_GB\" \/>\n<meta property=\"og:type\" content=\"article\" \/>\n<meta property=\"og:title\" content=\"Unikaten nakit glinena kroglica\" \/>\n<meta property=\"og:description\" content=\"Unikaten nakit glinena kroglica je izdelek pottery art oblikovanje gline Polone Zajc. To so ro\u010dno izdelane glinene krogle na vrvici.\" \/>\n<meta property=\"og:url\" content=\"https:\/\/potteryart.eu\/en_gb\/spletna-trgovina\/unikaten-nakit-iz-gline\/unikaten-nakit-glinena-kroglica\/\" \/>\n<meta property=\"og:site_name\" content=\"Zajc Polona\" \/>\n<meta property=\"article:modified_time\" content=\"2026-02-19T06:24:43+00:00\" \/>\n<meta property=\"og:image\" content=\"https:\/\/potteryart.eu\/wp-content\/uploads\/2024\/12\/20241203_185205-scaled.jpg\" \/>\n\t<meta property=\"og:image:width\" content=\"2560\" \/>\n\t<meta property=\"og:image:height\" content=\"1920\" \/>\n\t<meta property=\"og:image:type\" content=\"image\/jpeg\" \/>\n<meta name=\"twitter:card\" content=\"summary_large_image\" \/>\n<meta name=\"twitter:label1\" content=\"Estimated reading time\" \/>\n\t<meta name=\"twitter:data1\" content=\"2 minutes\" \/>\n<script type=\"application\/ld+json\" class=\"yoast-schema-graph\">{\"@context\":\"https:\\\/\\\/schema.org\",\"@graph\":[{\"@type\":\"WebPage\",\"@id\":\"https:\\\/\\\/potteryart.eu\\\/spletna-trgovina\\\/unikaten-nakit-iz-gline\\\/unikaten-nakit-glinena-kroglica\\\/\",\"url\":\"https:\\\/\\\/potteryart.eu\\\/spletna-trgovina\\\/unikaten-nakit-iz-gline\\\/unikaten-nakit-glinena-kroglica\\\/\",\"name\":\"Unikaten nakit glinena kroglica\",\"isPartOf\":{\"@id\":\"https:\\\/\\\/potteryart.eu\\\/#website\"},\"primaryImageOfPage\":{\"@id\":\"https:\\\/\\\/potteryart.eu\\\/spletna-trgovina\\\/unikaten-nakit-iz-gline\\\/unikaten-nakit-glinena-kroglica\\\/#primaryimage\"},\"image\":{\"@id\":\"https:\\\/\\\/potteryart.eu\\\/spletna-trgovina\\\/unikaten-nakit-iz-gline\\\/unikaten-nakit-glinena-kroglica\\\/#primaryimage\"},\"thumbnailUrl\":\"https:\\\/\\\/potteryart.eu\\\/wp-content\\\/uploads\\\/2024\\\/12\\\/20241203_185205-scaled.jpg\",\"datePublished\":\"2024-12-15T09:11:04+00:00\",\"dateModified\":\"2026-02-19T06:24:43+00:00\",\"description\":\"Unikaten nakit glinena kroglica je izdelek pottery art oblikovanje gline Polone Zajc. To so ro\u010dno izdelane glinene krogle na vrvici.\",\"breadcrumb\":{\"@id\":\"https:\\\/\\\/potteryart.eu\\\/spletna-trgovina\\\/unikaten-nakit-iz-gline\\\/unikaten-nakit-glinena-kroglica\\\/#breadcrumb\"},\"inLanguage\":\"en-GB\",\"potentialAction\":[{\"@type\":\"ReadAction\",\"target\":[\"https:\\\/\\\/potteryart.eu\\\/spletna-trgovina\\\/unikaten-nakit-iz-gline\\\/unikaten-nakit-glinena-kroglica\\\/\"]}]},{\"@type\":\"ImageObject\",\"inLanguage\":\"en-GB\",\"@id\":\"https:\\\/\\\/potteryart.eu\\\/spletna-trgovina\\\/unikaten-nakit-iz-gline\\\/unikaten-nakit-glinena-kroglica\\\/#primaryimage\",\"url\":\"https:\\\/\\\/potteryart.eu\\\/wp-content\\\/uploads\\\/2024\\\/12\\\/20241203_185205-scaled.jpg\",\"contentUrl\":\"https:\\\/\\\/potteryart.eu\\\/wp-content\\\/uploads\\\/2024\\\/12\\\/20241203_185205-scaled.jpg\",\"width\":2560,\"height\":1920,\"caption\":\"unikaten nakit glinene kroglice, pottery art, glinene krogle\"},{\"@type\":\"BreadcrumbList\",\"@id\":\"https:\\\/\\\/potteryart.eu\\\/spletna-trgovina\\\/unikaten-nakit-iz-gline\\\/unikaten-nakit-glinena-kroglica\\\/#breadcrumb\",\"itemListElement\":[{\"@type\":\"ListItem\",\"position\":1,\"name\":\"Home\",\"item\":\"https:\\\/\\\/potteryart.eu\\\/\"},{\"@type\":\"ListItem\",\"position\":2,\"name\":\"Spletna trgovina\",\"item\":\"https:\\\/\\\/potteryart.eu\\\/spletna-trgovina\\\/\"},{\"@type\":\"ListItem\",\"position\":3,\"name\":\"Unikaten nakit glinena kroglica\"}]},{\"@type\":\"WebSite\",\"@id\":\"https:\\\/\\\/potteryart.eu\\\/#website\",\"url\":\"https:\\\/\\\/potteryart.eu\\\/\",\"name\":\"Zajc Polona\",\"description\":\"\",\"publisher\":{\"@id\":\"https:\\\/\\\/potteryart.eu\\\/#\\\/schema\\\/person\\\/819de6034d3dd0bbdcc3a95a0b6c7e4d\"},\"potentialAction\":[{\"@type\":\"SearchAction\",\"target\":{\"@type\":\"EntryPoint\",\"urlTemplate\":\"https:\\\/\\\/potteryart.eu\\\/?s={search_term_string}\"},\"query-input\":{\"@type\":\"PropertyValueSpecification\",\"valueRequired\":true,\"valueName\":\"search_term_string\"}}],\"inLanguage\":\"en-GB\"},{\"@type\":[\"Person\",\"Organization\"],\"@id\":\"https:\\\/\\\/potteryart.eu\\\/#\\\/schema\\\/person\\\/819de6034d3dd0bbdcc3a95a0b6c7e4d\",\"name\":\"polonazajc_admin\",\"image\":{\"@type\":\"ImageObject\",\"inLanguage\":\"en-GB\",\"@id\":\"https:\\\/\\\/potteryart.eu\\\/wp-content\\\/uploads\\\/2020\\\/12\\\/cropped-Logo-1.png\",\"url\":\"https:\\\/\\\/potteryart.eu\\\/wp-content\\\/uploads\\\/2020\\\/12\\\/cropped-Logo-1.png\",\"contentUrl\":\"https:\\\/\\\/potteryart.eu\\\/wp-content\\\/uploads\\\/2020\\\/12\\\/cropped-Logo-1.png\",\"width\":2113,\"height\":280,\"caption\":\"polonazajc_admin\"},\"logo\":{\"@id\":\"https:\\\/\\\/potteryart.eu\\\/wp-content\\\/uploads\\\/2020\\\/12\\\/cropped-Logo-1.png\"}}]}<\/script>\n<!-- \/ Yoast SEO Premium plugin. -->","yoast_head_json":{"title":"Unique clay bead jewellery","description":"Unikaten nakit glinena kroglica je izdelek pottery art oblikovanje gline Polone Zajc. To so ro\u010dno izdelane glinene krogle na vrvici.","robots":{"index":"index","follow":"follow","max-snippet":"max-snippet:-1","max-image-preview":"max-image-preview:large","max-video-preview":"max-video-preview:-1"},"canonical":"https:\/\/potteryart.eu\/en_gb\/spletna-trgovina\/unikaten-nakit-iz-gline\/unikaten-nakit-glinena-kroglica\/","og_locale":"en_GB","og_type":"article","og_title":"Unikaten nakit glinena kroglica","og_description":"Unikaten nakit glinena kroglica je izdelek pottery art oblikovanje gline Polone Zajc. To so ro\u010dno izdelane glinene krogle na vrvici.","og_url":"https:\/\/potteryart.eu\/en_gb\/spletna-trgovina\/unikaten-nakit-iz-gline\/unikaten-nakit-glinena-kroglica\/","og_site_name":"Zajc Polona","article_modified_time":"2026-02-19T06:24:43+00:00","og_image":[{"width":2560,"height":1920,"url":"https:\/\/potteryart.eu\/wp-content\/uploads\/2024\/12\/20241203_185205-scaled.jpg","type":"image\/jpeg"}],"twitter_card":"summary_large_image","twitter_misc":{"Estimated reading time":"2 minutes"},"schema":{"@context":"https:\/\/schema.org","@graph":[{"@type":"WebPage","@id":"https:\/\/potteryart.eu\/spletna-trgovina\/unikaten-nakit-iz-gline\/unikaten-nakit-glinena-kroglica\/","url":"https:\/\/potteryart.eu\/spletna-trgovina\/unikaten-nakit-iz-gline\/unikaten-nakit-glinena-kroglica\/","name":"Unique clay bead jewellery","isPartOf":{"@id":"https:\/\/potteryart.eu\/#website"},"primaryImageOfPage":{"@id":"https:\/\/potteryart.eu\/spletna-trgovina\/unikaten-nakit-iz-gline\/unikaten-nakit-glinena-kroglica\/#primaryimage"},"image":{"@id":"https:\/\/potteryart.eu\/spletna-trgovina\/unikaten-nakit-iz-gline\/unikaten-nakit-glinena-kroglica\/#primaryimage"},"thumbnailUrl":"https:\/\/potteryart.eu\/wp-content\/uploads\/2024\/12\/20241203_185205-scaled.jpg","datePublished":"2024-12-15T09:11:04+00:00","dateModified":"2026-02-19T06:24:43+00:00","description":"Unikaten nakit glinena kroglica je izdelek pottery art oblikovanje gline Polone Zajc. To so ro\u010dno izdelane glinene krogle na vrvici.","breadcrumb":{"@id":"https:\/\/potteryart.eu\/spletna-trgovina\/unikaten-nakit-iz-gline\/unikaten-nakit-glinena-kroglica\/#breadcrumb"},"inLanguage":"en-GB","potentialAction":[{"@type":"ReadAction","target":["https:\/\/potteryart.eu\/spletna-trgovina\/unikaten-nakit-iz-gline\/unikaten-nakit-glinena-kroglica\/"]}]},{"@type":"ImageObject","inLanguage":"en-GB","@id":"https:\/\/potteryart.eu\/spletna-trgovina\/unikaten-nakit-iz-gline\/unikaten-nakit-glinena-kroglica\/#primaryimage","url":"https:\/\/potteryart.eu\/wp-content\/uploads\/2024\/12\/20241203_185205-scaled.jpg","contentUrl":"https:\/\/potteryart.eu\/wp-content\/uploads\/2024\/12\/20241203_185205-scaled.jpg","width":2560,"height":1920,"caption":"unikaten nakit glinene kroglice, pottery art, glinene krogle"},{"@type":"BreadcrumbList","@id":"https:\/\/potteryart.eu\/spletna-trgovina\/unikaten-nakit-iz-gline\/unikaten-nakit-glinena-kroglica\/#breadcrumb","itemListElement":[{"@type":"ListItem","position":1,"name":"Home","item":"https:\/\/potteryart.eu\/"},{"@type":"ListItem","position":2,"name":"Spletna trgovina","item":"https:\/\/potteryart.eu\/spletna-trgovina\/"},{"@type":"ListItem","position":3,"name":"Unikaten nakit glinena kroglica"}]},{"@type":"WebSite","@id":"https:\/\/potteryart.eu\/#website","url":"https:\/\/potteryart.eu\/","name":"Zajc Polona","description":"","publisher":{"@id":"https:\/\/potteryart.eu\/#\/schema\/person\/819de6034d3dd0bbdcc3a95a0b6c7e4d"},"potentialAction":[{"@type":"SearchAction","target":{"@type":"EntryPoint","urlTemplate":"https:\/\/potteryart.eu\/?s={search_term_string}"},"query-input":{"@type":"PropertyValueSpecification","valueRequired":true,"valueName":"search_term_string"}}],"inLanguage":"en-GB"},{"@type":["Person","Organization"],"@id":"https:\/\/potteryart.eu\/#\/schema\/person\/819de6034d3dd0bbdcc3a95a0b6c7e4d","name":"polonazajc_admin","image":{"@type":"ImageObject","inLanguage":"en-GB","@id":"https:\/\/potteryart.eu\/wp-content\/uploads\/2020\/12\/cropped-Logo-1.png","url":"https:\/\/potteryart.eu\/wp-content\/uploads\/2020\/12\/cropped-Logo-1.png","contentUrl":"https:\/\/potteryart.eu\/wp-content\/uploads\/2020\/12\/cropped-Logo-1.png","width":2113,"height":280,"caption":"polonazajc_admin"},"logo":{"@id":"https:\/\/potteryart.eu\/wp-content\/uploads\/2020\/12\/cropped-Logo-1.png"}}]}},"_links":{"self":[{"href":"https:\/\/potteryart.eu\/en_gb\/wp-json\/wp\/v2\/product\/3059","targetHints":{"allow":["GET"]}}],"collection":[{"href":"https:\/\/potteryart.eu\/en_gb\/wp-json\/wp\/v2\/product"}],"about":[{"href":"https:\/\/potteryart.eu\/en_gb\/wp-json\/wp\/v2\/types\/product"}],"replies":[{"embeddable":true,"href":"https:\/\/potteryart.eu\/en_gb\/wp-json\/wp\/v2\/comments?post=3059"}],"wp:featuredmedia":[{"embeddable":true,"href":"https:\/\/potteryart.eu\/en_gb\/wp-json\/wp\/v2\/media\/3029"}],"wp:attachment":[{"href":"https:\/\/potteryart.eu\/en_gb\/wp-json\/wp\/v2\/media?parent=3059"}],"wp:term":[{"taxonomy":"product_brand","embeddable":true,"href":"https:\/\/potteryart.eu\/en_gb\/wp-json\/wp\/v2\/product_brand?post=3059"},{"taxonomy":"product_cat","embeddable":true,"href":"https:\/\/potteryart.eu\/en_gb\/wp-json\/wp\/v2\/product_cat?post=3059"},{"taxonomy":"product_tag","embeddable":true,"href":"https:\/\/potteryart.eu\/en_gb\/wp-json\/wp\/v2\/product_tag?post=3059"}],"curies":[{"name":"wp","href":"https:\/\/api.w.org\/{rel}","templated":true}]}}