{"id":310,"date":"2020-12-27T09:43:16","date_gmt":"2020-12-27T08:43:16","guid":{"rendered":"https:\/\/potteryart.eu\/izdelek\/skleda-4024\/"},"modified":"2023-05-16T11:00:56","modified_gmt":"2023-05-16T09:00:56","slug":"unikatna-modrozelena-skleda-z-luknjicami-4024","status":"publish","type":"product","link":"https:\/\/potteryart.eu\/en_gb\/spletna-trgovina\/unikatni-loncarski-izdelki-iz-kamenine\/unikatni-izdelki-iz-kamenine-za-dom\/unikatna-modrozelena-skleda-z-luknjicami-4024\/","title":{"rendered":"Unique blue-green bowl with holes"},"content":{"rendered":"<h1>Unique blue-green bowl with holes<\/h1>\n<p class=\"translation-block\">Unique blue-green bowl with holes is a product of pottery art clay design by Polona Zajc. The technique of production is casting liquid clay into a plaster model of her own making. The handmade blue-green bowl with holes is made of black clay, fired at a temperature of 1220\u00b0C, turning the clay into stoneware. The surface is hand-carved with a pattern of holes and lines, typical of pottery art clay design. It is glazed in a blue-green glaze and the details are highlighted with real gold fired at 800\u00b0C.<\/p>\n<p>&nbsp;<\/p>\n<h2>Pottery art clay design by Polona Zajc<\/h2>\n<p>Pottery art clay design by Polona Zajc has a line of unique clay bowls in its product collection. This line includes unique clay bowls for the home. And this includes a blue-green bowl with holes. They can be made as ceramic or as stoneware. Here you will find a wide variety of bowl shapes, colours and sizes, handmade on a potter's spindle or cast in plaster moulds of your own making. All are hand-painted and some are hand-perforated with holes of various sizes. The result is a beautiful pattern typical of pottery art. Some of the unique clay bowls have details accentuated with real gold, giving them a solemn and, above all, precious touch. The gold is applied by hand, with a brush, and is completely durable, as it is fired with a third firing at 800\u00b0C.<\/p>\n<h3>Handmade teal bowl with holes<\/h3>\n<p>The handmade teal bowl with holes is an elegant black bowl in the shape of a hemisphere. A beautiful pattern of stripes and holes stretches across the surface, the black base intertwined with a blue-green iridescent glaze, changing to a blue shimmering shade inside. To add to the elegance, it has real gold applied in the details. The bowl is designed for home decoration, as well as for serving and storing dry food. The unique blue-green bowl with holes is just that. A unique, inimitable handmade piece of stoneware that will bring a piece of beauty to any room it is placed in.<\/p>","protected":false},"excerpt":{"rendered":"<p>Unikatna modrozelena skleda z luknjicami Unikatna modrozelena skleda z luknjicami je izdelek pottery art oblikovanje gline Polone Zajc. Tehnika izdelave je vlivanje teko\u010de gline v mav\u010dni model lastne izdelave. Ro\u010dno izdelana modrozelena skleda z luknjicami je narejena iz \u010drne gline, \u017egana pri temperaturi 1220\u00b0C, pri \u010demer se glina spremeni v kamenino. V povr\u0161ino je ro\u010dno [&hellip;]<\/p>\n","protected":false},"featured_media":483,"comment_status":"open","ping_status":"closed","template":"","meta":[],"product_brand":[],"product_cat":[270,274,265],"product_tag":[22,36,24,34,33,37],"class_list":{"0":"post-310","1":"product","2":"type-product","3":"status-publish","4":"has-post-thumbnail","6":"product_cat-unikatne-sklede-iz-gline","7":"product_cat-unikatni-izdelki-iz-kamenine-za-dom","8":"product_cat-unikatni-loncarski-izdelki-iz-kamenine","9":"product_tag-darilni-izdelki","10":"product_tag-darilo","11":"product_tag-hrana","12":"product_tag-kroznicek","13":"product_tag-kroznik","14":"product_tag-skleda","15":"product_shipping_class-1kg","17":"first","18":"instock","19":"purchasable","20":"product-type-simple"},"yoast_head":"<!-- This site is optimized with the Yoast SEO Premium plugin v27.5 (Yoast SEO v27.5) - https:\/\/yoast.com\/product\/yoast-seo-premium-wordpress\/ -->\n<title>Unikatna modrozelena skleda z luknjicami<\/title>\n<meta name=\"description\" content=\"Unikatna modrozelena skleda z luknjicami je izdelek pottery art oblikovanje gline Polone Zajc, to je ro\u010dno izdelana modrozelena skleda z luknjicami\" \/>\n<meta name=\"robots\" content=\"index, follow, max-snippet:-1, max-image-preview:large, max-video-preview:-1\" \/>\n<link rel=\"canonical\" href=\"https:\/\/potteryart.eu\/en_gb\/spletna-trgovina\/unikatni-loncarski-izdelki-iz-kamenine\/unikatni-izdelki-iz-kamenine-za-dom\/unikatna-modrozelena-skleda-z-luknjicami-4024\/\" \/>\n<meta property=\"og:locale\" content=\"en_GB\" \/>\n<meta property=\"og:type\" content=\"article\" \/>\n<meta property=\"og:title\" content=\"Unikatna modrozelena skleda z luknjicami 4024\" \/>\n<meta property=\"og:description\" content=\"Unikatna modrozelena skleda z luknjicami je izdelek pottery art oblikovanje gline Polone Zajc, to je ro\u010dno izdelana modrozelena skleda z luknjicami\" \/>\n<meta property=\"og:url\" content=\"https:\/\/potteryart.eu\/en_gb\/spletna-trgovina\/unikatni-loncarski-izdelki-iz-kamenine\/unikatni-izdelki-iz-kamenine-za-dom\/unikatna-modrozelena-skleda-z-luknjicami-4024\/\" \/>\n<meta property=\"og:site_name\" content=\"Zajc Polona\" \/>\n<meta property=\"article:modified_time\" content=\"2023-05-16T09:00:56+00:00\" \/>\n<meta property=\"og:image\" content=\"https:\/\/potteryart.eu\/wp-content\/uploads\/2021\/01\/4024-q-scaled.jpg\" \/>\n\t<meta property=\"og:image:width\" content=\"1920\" \/>\n\t<meta property=\"og:image:height\" content=\"2560\" \/>\n\t<meta property=\"og:image:type\" content=\"image\/jpeg\" \/>\n<meta name=\"twitter:card\" content=\"summary_large_image\" \/>\n<meta name=\"twitter:label1\" content=\"Estimated reading time\" \/>\n\t<meta name=\"twitter:data1\" content=\"2 minutes\" \/>\n<script type=\"application\/ld+json\" class=\"yoast-schema-graph\">{\"@context\":\"https:\\\/\\\/schema.org\",\"@graph\":[{\"@type\":\"WebPage\",\"@id\":\"https:\\\/\\\/potteryart.eu\\\/spletna-trgovina\\\/unikatni-loncarski-izdelki-iz-kamenine\\\/unikatni-izdelki-iz-kamenine-za-dom\\\/unikatna-modrozelena-skleda-z-luknjicami-4024\\\/\",\"url\":\"https:\\\/\\\/potteryart.eu\\\/spletna-trgovina\\\/unikatni-loncarski-izdelki-iz-kamenine\\\/unikatni-izdelki-iz-kamenine-za-dom\\\/unikatna-modrozelena-skleda-z-luknjicami-4024\\\/\",\"name\":\"Unikatna modrozelena skleda z luknjicami\",\"isPartOf\":{\"@id\":\"https:\\\/\\\/potteryart.eu\\\/#website\"},\"primaryImageOfPage\":{\"@id\":\"https:\\\/\\\/potteryart.eu\\\/spletna-trgovina\\\/unikatni-loncarski-izdelki-iz-kamenine\\\/unikatni-izdelki-iz-kamenine-za-dom\\\/unikatna-modrozelena-skleda-z-luknjicami-4024\\\/#primaryimage\"},\"image\":{\"@id\":\"https:\\\/\\\/potteryart.eu\\\/spletna-trgovina\\\/unikatni-loncarski-izdelki-iz-kamenine\\\/unikatni-izdelki-iz-kamenine-za-dom\\\/unikatna-modrozelena-skleda-z-luknjicami-4024\\\/#primaryimage\"},\"thumbnailUrl\":\"https:\\\/\\\/potteryart.eu\\\/wp-content\\\/uploads\\\/2021\\\/01\\\/4024-q-scaled.jpg\",\"datePublished\":\"2020-12-27T08:43:16+00:00\",\"dateModified\":\"2023-05-16T09:00:56+00:00\",\"description\":\"Unikatna modrozelena skleda z luknjicami je izdelek pottery art oblikovanje gline Polone Zajc, to je ro\u010dno izdelana modrozelena skleda z luknjicami\",\"breadcrumb\":{\"@id\":\"https:\\\/\\\/potteryart.eu\\\/spletna-trgovina\\\/unikatni-loncarski-izdelki-iz-kamenine\\\/unikatni-izdelki-iz-kamenine-za-dom\\\/unikatna-modrozelena-skleda-z-luknjicami-4024\\\/#breadcrumb\"},\"inLanguage\":\"en-GB\",\"potentialAction\":[{\"@type\":\"ReadAction\",\"target\":[\"https:\\\/\\\/potteryart.eu\\\/spletna-trgovina\\\/unikatni-loncarski-izdelki-iz-kamenine\\\/unikatni-izdelki-iz-kamenine-za-dom\\\/unikatna-modrozelena-skleda-z-luknjicami-4024\\\/\"]}]},{\"@type\":\"ImageObject\",\"inLanguage\":\"en-GB\",\"@id\":\"https:\\\/\\\/potteryart.eu\\\/spletna-trgovina\\\/unikatni-loncarski-izdelki-iz-kamenine\\\/unikatni-izdelki-iz-kamenine-za-dom\\\/unikatna-modrozelena-skleda-z-luknjicami-4024\\\/#primaryimage\",\"url\":\"https:\\\/\\\/potteryart.eu\\\/wp-content\\\/uploads\\\/2021\\\/01\\\/4024-q-scaled.jpg\",\"contentUrl\":\"https:\\\/\\\/potteryart.eu\\\/wp-content\\\/uploads\\\/2021\\\/01\\\/4024-q-scaled.jpg\",\"width\":1920,\"height\":2560,\"caption\":\"unikatna modrozelena skleda z luknjicami, pottery art oblikovanje gline Polone Zajc, ro\u010dno izdelana modrozelena skleda z luknjicami\"},{\"@type\":\"BreadcrumbList\",\"@id\":\"https:\\\/\\\/potteryart.eu\\\/spletna-trgovina\\\/unikatni-loncarski-izdelki-iz-kamenine\\\/unikatni-izdelki-iz-kamenine-za-dom\\\/unikatna-modrozelena-skleda-z-luknjicami-4024\\\/#breadcrumb\",\"itemListElement\":[{\"@type\":\"ListItem\",\"position\":1,\"name\":\"Home\",\"item\":\"https:\\\/\\\/potteryart.eu\\\/\"},{\"@type\":\"ListItem\",\"position\":2,\"name\":\"Spletna trgovina\",\"item\":\"https:\\\/\\\/potteryart.eu\\\/spletna-trgovina\\\/\"},{\"@type\":\"ListItem\",\"position\":3,\"name\":\"Unikatna modrozelena skleda z luknjicami 4024\"}]},{\"@type\":\"WebSite\",\"@id\":\"https:\\\/\\\/potteryart.eu\\\/#website\",\"url\":\"https:\\\/\\\/potteryart.eu\\\/\",\"name\":\"Zajc Polona\",\"description\":\"\",\"publisher\":{\"@id\":\"https:\\\/\\\/potteryart.eu\\\/#\\\/schema\\\/person\\\/819de6034d3dd0bbdcc3a95a0b6c7e4d\"},\"potentialAction\":[{\"@type\":\"SearchAction\",\"target\":{\"@type\":\"EntryPoint\",\"urlTemplate\":\"https:\\\/\\\/potteryart.eu\\\/?s={search_term_string}\"},\"query-input\":{\"@type\":\"PropertyValueSpecification\",\"valueRequired\":true,\"valueName\":\"search_term_string\"}}],\"inLanguage\":\"en-GB\"},{\"@type\":[\"Person\",\"Organization\"],\"@id\":\"https:\\\/\\\/potteryart.eu\\\/#\\\/schema\\\/person\\\/819de6034d3dd0bbdcc3a95a0b6c7e4d\",\"name\":\"polonazajc_admin\",\"image\":{\"@type\":\"ImageObject\",\"inLanguage\":\"en-GB\",\"@id\":\"https:\\\/\\\/potteryart.eu\\\/wp-content\\\/uploads\\\/2020\\\/12\\\/cropped-Logo-1.png\",\"url\":\"https:\\\/\\\/potteryart.eu\\\/wp-content\\\/uploads\\\/2020\\\/12\\\/cropped-Logo-1.png\",\"contentUrl\":\"https:\\\/\\\/potteryart.eu\\\/wp-content\\\/uploads\\\/2020\\\/12\\\/cropped-Logo-1.png\",\"width\":2113,\"height\":280,\"caption\":\"polonazajc_admin\"},\"logo\":{\"@id\":\"https:\\\/\\\/potteryart.eu\\\/wp-content\\\/uploads\\\/2020\\\/12\\\/cropped-Logo-1.png\"}}]}<\/script>\n<!-- \/ Yoast SEO Premium plugin. -->","yoast_head_json":{"title":"Unique blue-green bowl with holes","description":"Unikatna modrozelena skleda z luknjicami je izdelek pottery art oblikovanje gline Polone Zajc, to je ro\u010dno izdelana modrozelena skleda z luknjicami","robots":{"index":"index","follow":"follow","max-snippet":"max-snippet:-1","max-image-preview":"max-image-preview:large","max-video-preview":"max-video-preview:-1"},"canonical":"https:\/\/potteryart.eu\/en_gb\/spletna-trgovina\/unikatni-loncarski-izdelki-iz-kamenine\/unikatni-izdelki-iz-kamenine-za-dom\/unikatna-modrozelena-skleda-z-luknjicami-4024\/","og_locale":"en_GB","og_type":"article","og_title":"Unikatna modrozelena skleda z luknjicami 4024","og_description":"Unikatna modrozelena skleda z luknjicami je izdelek pottery art oblikovanje gline Polone Zajc, to je ro\u010dno izdelana modrozelena skleda z luknjicami","og_url":"https:\/\/potteryart.eu\/en_gb\/spletna-trgovina\/unikatni-loncarski-izdelki-iz-kamenine\/unikatni-izdelki-iz-kamenine-za-dom\/unikatna-modrozelena-skleda-z-luknjicami-4024\/","og_site_name":"Zajc Polona","article_modified_time":"2023-05-16T09:00:56+00:00","og_image":[{"width":1920,"height":2560,"url":"https:\/\/potteryart.eu\/wp-content\/uploads\/2021\/01\/4024-q-scaled.jpg","type":"image\/jpeg"}],"twitter_card":"summary_large_image","twitter_misc":{"Estimated reading time":"2 minutes"},"schema":{"@context":"https:\/\/schema.org","@graph":[{"@type":"WebPage","@id":"https:\/\/potteryart.eu\/spletna-trgovina\/unikatni-loncarski-izdelki-iz-kamenine\/unikatni-izdelki-iz-kamenine-za-dom\/unikatna-modrozelena-skleda-z-luknjicami-4024\/","url":"https:\/\/potteryart.eu\/spletna-trgovina\/unikatni-loncarski-izdelki-iz-kamenine\/unikatni-izdelki-iz-kamenine-za-dom\/unikatna-modrozelena-skleda-z-luknjicami-4024\/","name":"Unique blue-green bowl with holes","isPartOf":{"@id":"https:\/\/potteryart.eu\/#website"},"primaryImageOfPage":{"@id":"https:\/\/potteryart.eu\/spletna-trgovina\/unikatni-loncarski-izdelki-iz-kamenine\/unikatni-izdelki-iz-kamenine-za-dom\/unikatna-modrozelena-skleda-z-luknjicami-4024\/#primaryimage"},"image":{"@id":"https:\/\/potteryart.eu\/spletna-trgovina\/unikatni-loncarski-izdelki-iz-kamenine\/unikatni-izdelki-iz-kamenine-za-dom\/unikatna-modrozelena-skleda-z-luknjicami-4024\/#primaryimage"},"thumbnailUrl":"https:\/\/potteryart.eu\/wp-content\/uploads\/2021\/01\/4024-q-scaled.jpg","datePublished":"2020-12-27T08:43:16+00:00","dateModified":"2023-05-16T09:00:56+00:00","description":"Unikatna modrozelena skleda z luknjicami je izdelek pottery art oblikovanje gline Polone Zajc, to je ro\u010dno izdelana modrozelena skleda z luknjicami","breadcrumb":{"@id":"https:\/\/potteryart.eu\/spletna-trgovina\/unikatni-loncarski-izdelki-iz-kamenine\/unikatni-izdelki-iz-kamenine-za-dom\/unikatna-modrozelena-skleda-z-luknjicami-4024\/#breadcrumb"},"inLanguage":"en-GB","potentialAction":[{"@type":"ReadAction","target":["https:\/\/potteryart.eu\/spletna-trgovina\/unikatni-loncarski-izdelki-iz-kamenine\/unikatni-izdelki-iz-kamenine-za-dom\/unikatna-modrozelena-skleda-z-luknjicami-4024\/"]}]},{"@type":"ImageObject","inLanguage":"en-GB","@id":"https:\/\/potteryart.eu\/spletna-trgovina\/unikatni-loncarski-izdelki-iz-kamenine\/unikatni-izdelki-iz-kamenine-za-dom\/unikatna-modrozelena-skleda-z-luknjicami-4024\/#primaryimage","url":"https:\/\/potteryart.eu\/wp-content\/uploads\/2021\/01\/4024-q-scaled.jpg","contentUrl":"https:\/\/potteryart.eu\/wp-content\/uploads\/2021\/01\/4024-q-scaled.jpg","width":1920,"height":2560,"caption":"unikatna modrozelena skleda z luknjicami, pottery art oblikovanje gline Polone Zajc, ro\u010dno izdelana modrozelena skleda z luknjicami"},{"@type":"BreadcrumbList","@id":"https:\/\/potteryart.eu\/spletna-trgovina\/unikatni-loncarski-izdelki-iz-kamenine\/unikatni-izdelki-iz-kamenine-za-dom\/unikatna-modrozelena-skleda-z-luknjicami-4024\/#breadcrumb","itemListElement":[{"@type":"ListItem","position":1,"name":"Home","item":"https:\/\/potteryart.eu\/"},{"@type":"ListItem","position":2,"name":"Spletna trgovina","item":"https:\/\/potteryart.eu\/spletna-trgovina\/"},{"@type":"ListItem","position":3,"name":"Unikatna modrozelena skleda z luknjicami 4024"}]},{"@type":"WebSite","@id":"https:\/\/potteryart.eu\/#website","url":"https:\/\/potteryart.eu\/","name":"Zajc Polona","description":"","publisher":{"@id":"https:\/\/potteryart.eu\/#\/schema\/person\/819de6034d3dd0bbdcc3a95a0b6c7e4d"},"potentialAction":[{"@type":"SearchAction","target":{"@type":"EntryPoint","urlTemplate":"https:\/\/potteryart.eu\/?s={search_term_string}"},"query-input":{"@type":"PropertyValueSpecification","valueRequired":true,"valueName":"search_term_string"}}],"inLanguage":"en-GB"},{"@type":["Person","Organization"],"@id":"https:\/\/potteryart.eu\/#\/schema\/person\/819de6034d3dd0bbdcc3a95a0b6c7e4d","name":"polonazajc_admin","image":{"@type":"ImageObject","inLanguage":"en-GB","@id":"https:\/\/potteryart.eu\/wp-content\/uploads\/2020\/12\/cropped-Logo-1.png","url":"https:\/\/potteryart.eu\/wp-content\/uploads\/2020\/12\/cropped-Logo-1.png","contentUrl":"https:\/\/potteryart.eu\/wp-content\/uploads\/2020\/12\/cropped-Logo-1.png","width":2113,"height":280,"caption":"polonazajc_admin"},"logo":{"@id":"https:\/\/potteryart.eu\/wp-content\/uploads\/2020\/12\/cropped-Logo-1.png"}}]}},"_links":{"self":[{"href":"https:\/\/potteryart.eu\/en_gb\/wp-json\/wp\/v2\/product\/310","targetHints":{"allow":["GET"]}}],"collection":[{"href":"https:\/\/potteryart.eu\/en_gb\/wp-json\/wp\/v2\/product"}],"about":[{"href":"https:\/\/potteryart.eu\/en_gb\/wp-json\/wp\/v2\/types\/product"}],"replies":[{"embeddable":true,"href":"https:\/\/potteryart.eu\/en_gb\/wp-json\/wp\/v2\/comments?post=310"}],"wp:featuredmedia":[{"embeddable":true,"href":"https:\/\/potteryart.eu\/en_gb\/wp-json\/wp\/v2\/media\/483"}],"wp:attachment":[{"href":"https:\/\/potteryart.eu\/en_gb\/wp-json\/wp\/v2\/media?parent=310"}],"wp:term":[{"taxonomy":"product_brand","embeddable":true,"href":"https:\/\/potteryart.eu\/en_gb\/wp-json\/wp\/v2\/product_brand?post=310"},{"taxonomy":"product_cat","embeddable":true,"href":"https:\/\/potteryart.eu\/en_gb\/wp-json\/wp\/v2\/product_cat?post=310"},{"taxonomy":"product_tag","embeddable":true,"href":"https:\/\/potteryart.eu\/en_gb\/wp-json\/wp\/v2\/product_tag?post=310"}],"curies":[{"name":"wp","href":"https:\/\/api.w.org\/{rel}","templated":true}]}}