{"id":3131,"date":"2024-12-18T12:26:03","date_gmt":"2024-12-18T11:26:03","guid":{"rendered":"https:\/\/potteryart.eu\/?post_type=product&#038;p=3131"},"modified":"2026-03-31T19:06:34","modified_gmt":"2026-03-31T17:06:34","slug":"rocno-izdelan-velik-pekac-za-potico","status":"publish","type":"product","link":"https:\/\/potteryart.eu\/en_gb\/spletna-trgovina\/unikatni-loncarski-izdelki-iz-kamenine\/unikatni-izdelki-iz-kamenine-za-kuhinjo\/rocno-izdelan-velik-pekac-za-potico\/","title":{"rendered":"Handmade large cake pan"},"content":{"rendered":"<h1>Handmade large cake pan<\/h1>\n<p>Handmade large cake pan is a product of pottery art clay design by Polona Zajc. It is part of the series clay baking trays for baking in the oven. The clay pot pie pan, as it is also called, is made in the traditional way. It is made on a pottery spindle from dark brown stoneware, which withstands temperature fluctuations well during the baking process in the oven. It is fired at 1220 \u00b0C.  It is glazed on the food contact surfaces with a glaze which is certified for household use (traceability mark LOT17). Diameter 32-34 cm. <a href=\"https:\/\/potteryart.eu\/wp-content\/uploads\/2021\/02\/certifikat_glazure.pdf\">(oznaka sledljivosti LOT17<\/a>). Premer 32-34cm.<\/p>\n<h2>Pottery art clay design by Polona Zajc<\/h2>\n<p class=\"translation-block\">Pottery art clay design by Polona Zajc has a traditional clay pottery in its collection of ceramic products. There are four sizes or four diameters of clay pottery pans in the series. The large ceramic cake pan has a diameter of 34 cm, the smaller ceramic cake pan has a diameter of 24-26 cm, the medium ceramic cake pan has a diameter of 28-30 cm and the small ceramic cake pan has a diameter of 16 cm. All the potpourri are handmade, on a potter's spindle, in the traditional shape, with hand-painting around the rim.<\/p>\n<h3>Large ceramic cake pan<\/h3>\n<p>The large ceramic cake pan is the largest in the cake pan series. It is designed for baking the traditional Slovenian cake called potica. It is a traditional poi\u010dnica with a distinctive shape. The double fluted rim and the inner sleeve give the potica the shape as it has always been known. The outer diameter of the baking pan is 32-34 cm. It is made of the highest quality clay, which withstands temperature fluctuations well when baked in the oven. The walls of the baking tray are thin so that the cake bakes nicely over the entire surface. A flexible glaze makes the inner surface smooth so that the cake rolls out of the pan. The high firing temperature ensures that the baking tray does not absorb grease. Thus, the handmade large cake pan remains of good quality for long-lasting use. The traditional rustic look with a distinctive pattern around the edge, the high quality of workmanship and the material make the clay pot bake unique in every way.<\/p>","protected":false},"excerpt":{"rendered":"<p>Ro\u010dno izdelan velik peka\u010d za potico Ro\u010dno izdelan velik peka\u010d za potico je izdelek pottery art oblikovanje gline Polone Zajc. Je del serije glineni peka\u010di za peko v pe\u010dici. Poti\u010dnica iz gline, kot se tudi imenuje, je narejena na tradicionalen na\u010din. Zvrtena je na lon\u010darskem vretenu iz temno rjave kamenine, ki dobro prenese nihanje temperature [&hellip;]<\/p>\n","protected":false},"featured_media":3982,"comment_status":"open","ping_status":"closed","template":"","meta":[],"product_brand":[],"product_cat":[261,275,265],"product_tag":[],"class_list":{"0":"post-3131","1":"product","2":"type-product","3":"status-publish","4":"has-post-thumbnail","6":"product_cat-glineni-pekaci","7":"product_cat-unikatni-izdelki-iz-kamenine-za-kuhinjo","8":"product_cat-unikatni-loncarski-izdelki-iz-kamenine","9":"product_shipping_class-4kg","11":"first","12":"instock","13":"purchasable","14":"product-type-simple"},"yoast_head":"<!-- This site is optimized with the Yoast SEO Premium plugin v27.4 (Yoast SEO v27.4) - https:\/\/yoast.com\/product\/yoast-seo-premium-wordpress\/ -->\n<title>ro\u010dno izdelan velik peka\u010d za potico<\/title>\n<meta name=\"description\" content=\"Ro\u010dno izdelan velik peka\u010d za potico je izdelek pottery art oblikovanje gline Polone Zajc. To je velik kerami\u010dni peka\u010d za potico.\" \/>\n<meta name=\"robots\" content=\"index, follow, max-snippet:-1, max-image-preview:large, max-video-preview:-1\" \/>\n<link rel=\"canonical\" href=\"https:\/\/potteryart.eu\/en_gb\/spletna-trgovina\/unikatni-loncarski-izdelki-iz-kamenine\/unikatni-izdelki-iz-kamenine-za-kuhinjo\/rocno-izdelan-velik-pekac-za-potico\/\" \/>\n<meta property=\"og:locale\" content=\"en_GB\" \/>\n<meta property=\"og:type\" content=\"article\" \/>\n<meta property=\"og:title\" content=\"Ro\u010dno izdelan velik peka\u010d za potico\" \/>\n<meta property=\"og:description\" content=\"Ro\u010dno izdelan velik peka\u010d za potico je izdelek pottery art oblikovanje gline Polone Zajc. To je velik kerami\u010dni peka\u010d za potico.\" \/>\n<meta property=\"og:url\" content=\"https:\/\/potteryart.eu\/en_gb\/spletna-trgovina\/unikatni-loncarski-izdelki-iz-kamenine\/unikatni-izdelki-iz-kamenine-za-kuhinjo\/rocno-izdelan-velik-pekac-za-potico\/\" \/>\n<meta property=\"og:site_name\" content=\"Zajc Polona\" \/>\n<meta property=\"article:modified_time\" content=\"2026-03-31T17:06:34+00:00\" \/>\n<meta property=\"og:image\" content=\"https:\/\/potteryart.eu\/wp-content\/uploads\/2025\/01\/20251128_175809-scaled.jpg\" \/>\n\t<meta property=\"og:image:width\" content=\"2560\" \/>\n\t<meta property=\"og:image:height\" content=\"2371\" \/>\n\t<meta property=\"og:image:type\" content=\"image\/jpeg\" \/>\n<meta name=\"twitter:card\" content=\"summary_large_image\" \/>\n<meta name=\"twitter:label1\" content=\"Estimated reading time\" \/>\n\t<meta name=\"twitter:data1\" content=\"2 minutes\" \/>\n<script type=\"application\/ld+json\" class=\"yoast-schema-graph\">{\"@context\":\"https:\\\/\\\/schema.org\",\"@graph\":[{\"@type\":\"WebPage\",\"@id\":\"https:\\\/\\\/potteryart.eu\\\/spletna-trgovina\\\/unikatni-loncarski-izdelki-iz-kamenine\\\/unikatni-izdelki-iz-kamenine-za-kuhinjo\\\/rocno-izdelan-velik-pekac-za-potico\\\/\",\"url\":\"https:\\\/\\\/potteryart.eu\\\/spletna-trgovina\\\/unikatni-loncarski-izdelki-iz-kamenine\\\/unikatni-izdelki-iz-kamenine-za-kuhinjo\\\/rocno-izdelan-velik-pekac-za-potico\\\/\",\"name\":\"ro\u010dno izdelan velik peka\u010d za potico\",\"isPartOf\":{\"@id\":\"https:\\\/\\\/potteryart.eu\\\/#website\"},\"primaryImageOfPage\":{\"@id\":\"https:\\\/\\\/potteryart.eu\\\/spletna-trgovina\\\/unikatni-loncarski-izdelki-iz-kamenine\\\/unikatni-izdelki-iz-kamenine-za-kuhinjo\\\/rocno-izdelan-velik-pekac-za-potico\\\/#primaryimage\"},\"image\":{\"@id\":\"https:\\\/\\\/potteryart.eu\\\/spletna-trgovina\\\/unikatni-loncarski-izdelki-iz-kamenine\\\/unikatni-izdelki-iz-kamenine-za-kuhinjo\\\/rocno-izdelan-velik-pekac-za-potico\\\/#primaryimage\"},\"thumbnailUrl\":\"https:\\\/\\\/potteryart.eu\\\/wp-content\\\/uploads\\\/2025\\\/01\\\/20251128_175809-scaled.jpg\",\"datePublished\":\"2024-12-18T11:26:03+00:00\",\"dateModified\":\"2026-03-31T17:06:34+00:00\",\"description\":\"Ro\u010dno izdelan velik peka\u010d za potico je izdelek pottery art oblikovanje gline Polone Zajc. To je velik kerami\u010dni peka\u010d za potico.\",\"breadcrumb\":{\"@id\":\"https:\\\/\\\/potteryart.eu\\\/spletna-trgovina\\\/unikatni-loncarski-izdelki-iz-kamenine\\\/unikatni-izdelki-iz-kamenine-za-kuhinjo\\\/rocno-izdelan-velik-pekac-za-potico\\\/#breadcrumb\"},\"inLanguage\":\"en-GB\",\"potentialAction\":[{\"@type\":\"ReadAction\",\"target\":[\"https:\\\/\\\/potteryart.eu\\\/spletna-trgovina\\\/unikatni-loncarski-izdelki-iz-kamenine\\\/unikatni-izdelki-iz-kamenine-za-kuhinjo\\\/rocno-izdelan-velik-pekac-za-potico\\\/\"]}]},{\"@type\":\"ImageObject\",\"inLanguage\":\"en-GB\",\"@id\":\"https:\\\/\\\/potteryart.eu\\\/spletna-trgovina\\\/unikatni-loncarski-izdelki-iz-kamenine\\\/unikatni-izdelki-iz-kamenine-za-kuhinjo\\\/rocno-izdelan-velik-pekac-za-potico\\\/#primaryimage\",\"url\":\"https:\\\/\\\/potteryart.eu\\\/wp-content\\\/uploads\\\/2025\\\/01\\\/20251128_175809-scaled.jpg\",\"contentUrl\":\"https:\\\/\\\/potteryart.eu\\\/wp-content\\\/uploads\\\/2025\\\/01\\\/20251128_175809-scaled.jpg\",\"width\":2560,\"height\":2371,\"caption\":\"ro\u010dno izdelan velik peka\u010d za potico, pottery art, velik kerami\u010dni peka\u010d za potico\"},{\"@type\":\"BreadcrumbList\",\"@id\":\"https:\\\/\\\/potteryart.eu\\\/spletna-trgovina\\\/unikatni-loncarski-izdelki-iz-kamenine\\\/unikatni-izdelki-iz-kamenine-za-kuhinjo\\\/rocno-izdelan-velik-pekac-za-potico\\\/#breadcrumb\",\"itemListElement\":[{\"@type\":\"ListItem\",\"position\":1,\"name\":\"Home\",\"item\":\"https:\\\/\\\/potteryart.eu\\\/\"},{\"@type\":\"ListItem\",\"position\":2,\"name\":\"Spletna trgovina\",\"item\":\"https:\\\/\\\/potteryart.eu\\\/spletna-trgovina\\\/\"},{\"@type\":\"ListItem\",\"position\":3,\"name\":\"Ro\u010dno izdelan velik peka\u010d za potico\"}]},{\"@type\":\"WebSite\",\"@id\":\"https:\\\/\\\/potteryart.eu\\\/#website\",\"url\":\"https:\\\/\\\/potteryart.eu\\\/\",\"name\":\"Zajc Polona\",\"description\":\"\",\"publisher\":{\"@id\":\"https:\\\/\\\/potteryart.eu\\\/#\\\/schema\\\/person\\\/819de6034d3dd0bbdcc3a95a0b6c7e4d\"},\"potentialAction\":[{\"@type\":\"SearchAction\",\"target\":{\"@type\":\"EntryPoint\",\"urlTemplate\":\"https:\\\/\\\/potteryart.eu\\\/?s={search_term_string}\"},\"query-input\":{\"@type\":\"PropertyValueSpecification\",\"valueRequired\":true,\"valueName\":\"search_term_string\"}}],\"inLanguage\":\"en-GB\"},{\"@type\":[\"Person\",\"Organization\"],\"@id\":\"https:\\\/\\\/potteryart.eu\\\/#\\\/schema\\\/person\\\/819de6034d3dd0bbdcc3a95a0b6c7e4d\",\"name\":\"polonazajc_admin\",\"image\":{\"@type\":\"ImageObject\",\"inLanguage\":\"en-GB\",\"@id\":\"https:\\\/\\\/potteryart.eu\\\/wp-content\\\/uploads\\\/2020\\\/12\\\/cropped-Logo-1.png\",\"url\":\"https:\\\/\\\/potteryart.eu\\\/wp-content\\\/uploads\\\/2020\\\/12\\\/cropped-Logo-1.png\",\"contentUrl\":\"https:\\\/\\\/potteryart.eu\\\/wp-content\\\/uploads\\\/2020\\\/12\\\/cropped-Logo-1.png\",\"width\":2113,\"height\":280,\"caption\":\"polonazajc_admin\"},\"logo\":{\"@id\":\"https:\\\/\\\/potteryart.eu\\\/wp-content\\\/uploads\\\/2020\\\/12\\\/cropped-Logo-1.png\"}}]}<\/script>\n<!-- \/ Yoast SEO Premium plugin. -->","yoast_head_json":{"title":"ro\u010dno izdelan velik peka\u010d za potico","description":"Ro\u010dno izdelan velik peka\u010d za potico je izdelek pottery art oblikovanje gline Polone Zajc. To je velik kerami\u010dni peka\u010d za potico.","robots":{"index":"index","follow":"follow","max-snippet":"max-snippet:-1","max-image-preview":"max-image-preview:large","max-video-preview":"max-video-preview:-1"},"canonical":"https:\/\/potteryart.eu\/en_gb\/spletna-trgovina\/unikatni-loncarski-izdelki-iz-kamenine\/unikatni-izdelki-iz-kamenine-za-kuhinjo\/rocno-izdelan-velik-pekac-za-potico\/","og_locale":"en_GB","og_type":"article","og_title":"Ro\u010dno izdelan velik peka\u010d za potico","og_description":"Ro\u010dno izdelan velik peka\u010d za potico je izdelek pottery art oblikovanje gline Polone Zajc. To je velik kerami\u010dni peka\u010d za potico.","og_url":"https:\/\/potteryart.eu\/en_gb\/spletna-trgovina\/unikatni-loncarski-izdelki-iz-kamenine\/unikatni-izdelki-iz-kamenine-za-kuhinjo\/rocno-izdelan-velik-pekac-za-potico\/","og_site_name":"Zajc Polona","article_modified_time":"2026-03-31T17:06:34+00:00","og_image":[{"width":2560,"height":2371,"url":"https:\/\/potteryart.eu\/wp-content\/uploads\/2025\/01\/20251128_175809-scaled.jpg","type":"image\/jpeg"}],"twitter_card":"summary_large_image","twitter_misc":{"Estimated reading time":"2 minutes"},"schema":{"@context":"https:\/\/schema.org","@graph":[{"@type":"WebPage","@id":"https:\/\/potteryart.eu\/spletna-trgovina\/unikatni-loncarski-izdelki-iz-kamenine\/unikatni-izdelki-iz-kamenine-za-kuhinjo\/rocno-izdelan-velik-pekac-za-potico\/","url":"https:\/\/potteryart.eu\/spletna-trgovina\/unikatni-loncarski-izdelki-iz-kamenine\/unikatni-izdelki-iz-kamenine-za-kuhinjo\/rocno-izdelan-velik-pekac-za-potico\/","name":"ro\u010dno izdelan velik peka\u010d za potico","isPartOf":{"@id":"https:\/\/potteryart.eu\/#website"},"primaryImageOfPage":{"@id":"https:\/\/potteryart.eu\/spletna-trgovina\/unikatni-loncarski-izdelki-iz-kamenine\/unikatni-izdelki-iz-kamenine-za-kuhinjo\/rocno-izdelan-velik-pekac-za-potico\/#primaryimage"},"image":{"@id":"https:\/\/potteryart.eu\/spletna-trgovina\/unikatni-loncarski-izdelki-iz-kamenine\/unikatni-izdelki-iz-kamenine-za-kuhinjo\/rocno-izdelan-velik-pekac-za-potico\/#primaryimage"},"thumbnailUrl":"https:\/\/potteryart.eu\/wp-content\/uploads\/2025\/01\/20251128_175809-scaled.jpg","datePublished":"2024-12-18T11:26:03+00:00","dateModified":"2026-03-31T17:06:34+00:00","description":"Ro\u010dno izdelan velik peka\u010d za potico je izdelek pottery art oblikovanje gline Polone Zajc. To je velik kerami\u010dni peka\u010d za potico.","breadcrumb":{"@id":"https:\/\/potteryart.eu\/spletna-trgovina\/unikatni-loncarski-izdelki-iz-kamenine\/unikatni-izdelki-iz-kamenine-za-kuhinjo\/rocno-izdelan-velik-pekac-za-potico\/#breadcrumb"},"inLanguage":"en-GB","potentialAction":[{"@type":"ReadAction","target":["https:\/\/potteryart.eu\/spletna-trgovina\/unikatni-loncarski-izdelki-iz-kamenine\/unikatni-izdelki-iz-kamenine-za-kuhinjo\/rocno-izdelan-velik-pekac-za-potico\/"]}]},{"@type":"ImageObject","inLanguage":"en-GB","@id":"https:\/\/potteryart.eu\/spletna-trgovina\/unikatni-loncarski-izdelki-iz-kamenine\/unikatni-izdelki-iz-kamenine-za-kuhinjo\/rocno-izdelan-velik-pekac-za-potico\/#primaryimage","url":"https:\/\/potteryart.eu\/wp-content\/uploads\/2025\/01\/20251128_175809-scaled.jpg","contentUrl":"https:\/\/potteryart.eu\/wp-content\/uploads\/2025\/01\/20251128_175809-scaled.jpg","width":2560,"height":2371,"caption":"ro\u010dno izdelan velik peka\u010d za potico, pottery art, velik kerami\u010dni peka\u010d za potico"},{"@type":"BreadcrumbList","@id":"https:\/\/potteryart.eu\/spletna-trgovina\/unikatni-loncarski-izdelki-iz-kamenine\/unikatni-izdelki-iz-kamenine-za-kuhinjo\/rocno-izdelan-velik-pekac-za-potico\/#breadcrumb","itemListElement":[{"@type":"ListItem","position":1,"name":"Home","item":"https:\/\/potteryart.eu\/"},{"@type":"ListItem","position":2,"name":"Spletna trgovina","item":"https:\/\/potteryart.eu\/spletna-trgovina\/"},{"@type":"ListItem","position":3,"name":"Ro\u010dno izdelan velik peka\u010d za potico"}]},{"@type":"WebSite","@id":"https:\/\/potteryart.eu\/#website","url":"https:\/\/potteryart.eu\/","name":"Zajc Polona","description":"","publisher":{"@id":"https:\/\/potteryart.eu\/#\/schema\/person\/819de6034d3dd0bbdcc3a95a0b6c7e4d"},"potentialAction":[{"@type":"SearchAction","target":{"@type":"EntryPoint","urlTemplate":"https:\/\/potteryart.eu\/?s={search_term_string}"},"query-input":{"@type":"PropertyValueSpecification","valueRequired":true,"valueName":"search_term_string"}}],"inLanguage":"en-GB"},{"@type":["Person","Organization"],"@id":"https:\/\/potteryart.eu\/#\/schema\/person\/819de6034d3dd0bbdcc3a95a0b6c7e4d","name":"polonazajc_admin","image":{"@type":"ImageObject","inLanguage":"en-GB","@id":"https:\/\/potteryart.eu\/wp-content\/uploads\/2020\/12\/cropped-Logo-1.png","url":"https:\/\/potteryart.eu\/wp-content\/uploads\/2020\/12\/cropped-Logo-1.png","contentUrl":"https:\/\/potteryart.eu\/wp-content\/uploads\/2020\/12\/cropped-Logo-1.png","width":2113,"height":280,"caption":"polonazajc_admin"},"logo":{"@id":"https:\/\/potteryart.eu\/wp-content\/uploads\/2020\/12\/cropped-Logo-1.png"}}]}},"_links":{"self":[{"href":"https:\/\/potteryart.eu\/en_gb\/wp-json\/wp\/v2\/product\/3131","targetHints":{"allow":["GET"]}}],"collection":[{"href":"https:\/\/potteryart.eu\/en_gb\/wp-json\/wp\/v2\/product"}],"about":[{"href":"https:\/\/potteryart.eu\/en_gb\/wp-json\/wp\/v2\/types\/product"}],"replies":[{"embeddable":true,"href":"https:\/\/potteryart.eu\/en_gb\/wp-json\/wp\/v2\/comments?post=3131"}],"wp:featuredmedia":[{"embeddable":true,"href":"https:\/\/potteryart.eu\/en_gb\/wp-json\/wp\/v2\/media\/3982"}],"wp:attachment":[{"href":"https:\/\/potteryart.eu\/en_gb\/wp-json\/wp\/v2\/media?parent=3131"}],"wp:term":[{"taxonomy":"product_brand","embeddable":true,"href":"https:\/\/potteryart.eu\/en_gb\/wp-json\/wp\/v2\/product_brand?post=3131"},{"taxonomy":"product_cat","embeddable":true,"href":"https:\/\/potteryart.eu\/en_gb\/wp-json\/wp\/v2\/product_cat?post=3131"},{"taxonomy":"product_tag","embeddable":true,"href":"https:\/\/potteryart.eu\/en_gb\/wp-json\/wp\/v2\/product_tag?post=3131"}],"curies":[{"name":"wp","href":"https:\/\/api.w.org\/{rel}","templated":true}]}}