{"id":319,"date":"2020-12-27T09:43:20","date_gmt":"2020-12-27T08:43:20","guid":{"rendered":"https:\/\/potteryart.eu\/izdelek\/labirint-modrosti-3014\/"},"modified":"2026-02-19T07:31:35","modified_gmt":"2026-02-19T06:31:35","slug":"jupitrov-labirint-na-nobesku-3014","status":"publish","type":"product","link":"https:\/\/potteryart.eu\/en_gb\/spletna-trgovina\/labirinti\/labirint-modrosti-ali-jupitrov-labirint\/jupitrov-labirint-na-nobesku-3014\/","title":{"rendered":"Jupiter's labyrinth on pendant 3014"},"content":{"rendered":"<h1>Jupiter's Labyrinth on a pendant<\/h1>\n<p class=\"translation-block\">Jupiter's Labyrinth on a pendant is one of the products of the pottery art clay design Polona Zajc. It is a pendant with a cord and a clasp representing the Labyrinth of Wisdom or Jupiter's Labyrinth in its natural, expressive form. The ceramic jewellery is a relief clay impression from a plaster model of her own making. It is made of red clay, glazed and fired at 1040\u00b0C. Diameter 3,5 cm, cord length 22 or 27 cm. The shape of the wisdom labyrinth gives the pendant a special meaning, as each labyrinth carries within it certain qualities and a purpose of action.<\/p>\n<h2>Pottery art clay design by Polona Zajc<\/h2>\n<p>Pottery art clay design by Polona Zajc has in her collection all the shapes of labyrinths stamped in clay. Each shape also has a distinctive colour, which gives the labyrinth pendants a decorative touch. Each labyrinth is important above all for its energy and the power it carries. It has an impact on the individual who uses it, as well as on the surroundings in which it is located. Labyrinth pendants have a positive effect on everyone by their presence. It is only necessary to choose the right one for your needs.<\/p>\n<h3>The Labyrinth of Wisdom<\/h3>\n<p>The Labyrinth of Wisdom or Jupiter's Labyrinth is associated with the acquisition of knowledge. There are different types of knowledge. From the vast amount of information we acquire in schools to deeper levels of knowledge. At the foundation of scholarship is the attitude of affection towards the acquisition of knowledge. And it is this attitude that the Wisdom Labyrinth promotes. It makes sure that we do not stray from the path of our basic task, which is the acquisition of knowledge. If this constant striving for knowledge is absent, various negative qualities begin to manifest themselves in people's lives. In fact, it could be said that the moment people stop learning, they die in a sense. The knowledge labyrinth, as it can also be called, will be particularly useful for pupils and students, as well as for all those who are learning new skills. It will also be excellent for teachers and, in general, for all those who pass on knowledge. The presence of this labyrinth in the environment will stimulate the innate human curiosity, increasing the level of wisdom, scholarship and tolerance.<\/p>\n<p>&nbsp;<\/p>\n<p>&nbsp;<\/p>","protected":false},"excerpt":{"rendered":"<p>Jupitrov labirint na obesku Jupitrov labirint na obesku je eden izmed izdelkov pottery art oblikovanje gline Polone Zajc. Je obesek z vrvico in sponko, ki predstavlja Labirint modrosti ali Jupitrov labirint v njegovi naravni, ekspresivni obliki. Kerami\u010den nakit je reliefen odtis gline z mav\u010dnega modela lastne izdelave. Narejen je iz rde\u010de gline, glaziran in \u017egan [&hellip;]<\/p>\n","protected":false},"featured_media":3327,"comment_status":"open","ping_status":"closed","template":"","meta":[],"product_brand":[],"product_cat":[244,38,86],"product_tag":[41,36,34,39,40,43,45,44,42],"class_list":{"0":"post-319","1":"product","2":"type-product","3":"status-publish","4":"has-post-thumbnail","6":"product_cat-labirint-modrosti-ali-jupitrov-labirint","7":"product_cat-labirinti","8":"product_cat-unikaten-nakit-iz-gline","9":"product_tag-amulet","10":"product_tag-darilo","11":"product_tag-kroznicek","12":"product_tag-labirint","13":"product_tag-labirinti","14":"product_tag-obesenka","15":"product_tag-osebno-darilo","16":"product_tag-personalizirano-darilo","17":"product_tag-sreca","19":"first","20":"instock","21":"purchasable","22":"product-type-simple"},"yoast_head":"<!-- This site is optimized with the Yoast SEO Premium plugin v27.4 (Yoast SEO v27.4) - https:\/\/yoast.com\/product\/yoast-seo-premium-wordpress\/ -->\n<title>jupitrov labirint na obesku<\/title>\n<meta name=\"description\" content=\"Jupitrov labirint na obesku je izdelek pottery art oblikovanje gline Polone Zajc, imenujemo ga tudi Labirint modrosti. Izdelek je ro\u010dno delo.\" \/>\n<meta name=\"robots\" content=\"index, follow, max-snippet:-1, max-image-preview:large, max-video-preview:-1\" \/>\n<link rel=\"canonical\" href=\"https:\/\/potteryart.eu\/en_gb\/spletna-trgovina\/labirinti\/labirint-modrosti-ali-jupitrov-labirint\/jupitrov-labirint-na-nobesku-3014\/\" \/>\n<meta property=\"og:locale\" content=\"en_GB\" \/>\n<meta property=\"og:type\" content=\"article\" \/>\n<meta property=\"og:title\" content=\"Jupitrov labirint na obesku 3014\" \/>\n<meta property=\"og:description\" content=\"Jupitrov labirint na obesku je izdelek pottery art oblikovanje gline Polone Zajc, imenujemo ga tudi Labirint modrosti. Izdelek je ro\u010dno delo.\" \/>\n<meta property=\"og:url\" content=\"https:\/\/potteryart.eu\/en_gb\/spletna-trgovina\/labirinti\/labirint-modrosti-ali-jupitrov-labirint\/jupitrov-labirint-na-nobesku-3014\/\" \/>\n<meta property=\"og:site_name\" content=\"Zajc Polona\" \/>\n<meta property=\"article:modified_time\" content=\"2026-02-19T06:31:35+00:00\" \/>\n<meta property=\"og:image\" content=\"https:\/\/potteryart.eu\/wp-content\/uploads\/2021\/03\/20240904_184907-scaled.jpg\" \/>\n\t<meta property=\"og:image:width\" content=\"1920\" \/>\n\t<meta property=\"og:image:height\" content=\"2560\" \/>\n\t<meta property=\"og:image:type\" content=\"image\/jpeg\" \/>\n<meta name=\"twitter:card\" content=\"summary_large_image\" \/>\n<meta name=\"twitter:label1\" content=\"Estimated reading time\" \/>\n\t<meta name=\"twitter:data1\" content=\"2 minutes\" \/>\n<script type=\"application\/ld+json\" class=\"yoast-schema-graph\">{\"@context\":\"https:\\\/\\\/schema.org\",\"@graph\":[{\"@type\":\"WebPage\",\"@id\":\"https:\\\/\\\/potteryart.eu\\\/spletna-trgovina\\\/labirinti\\\/labirint-modrosti-ali-jupitrov-labirint\\\/jupitrov-labirint-na-nobesku-3014\\\/\",\"url\":\"https:\\\/\\\/potteryart.eu\\\/spletna-trgovina\\\/labirinti\\\/labirint-modrosti-ali-jupitrov-labirint\\\/jupitrov-labirint-na-nobesku-3014\\\/\",\"name\":\"jupitrov labirint na obesku\",\"isPartOf\":{\"@id\":\"https:\\\/\\\/potteryart.eu\\\/#website\"},\"primaryImageOfPage\":{\"@id\":\"https:\\\/\\\/potteryart.eu\\\/spletna-trgovina\\\/labirinti\\\/labirint-modrosti-ali-jupitrov-labirint\\\/jupitrov-labirint-na-nobesku-3014\\\/#primaryimage\"},\"image\":{\"@id\":\"https:\\\/\\\/potteryart.eu\\\/spletna-trgovina\\\/labirinti\\\/labirint-modrosti-ali-jupitrov-labirint\\\/jupitrov-labirint-na-nobesku-3014\\\/#primaryimage\"},\"thumbnailUrl\":\"https:\\\/\\\/potteryart.eu\\\/wp-content\\\/uploads\\\/2021\\\/03\\\/20240904_184907-scaled.jpg\",\"datePublished\":\"2020-12-27T08:43:20+00:00\",\"dateModified\":\"2026-02-19T06:31:35+00:00\",\"description\":\"Jupitrov labirint na obesku je izdelek pottery art oblikovanje gline Polone Zajc, imenujemo ga tudi Labirint modrosti. Izdelek je ro\u010dno delo.\",\"breadcrumb\":{\"@id\":\"https:\\\/\\\/potteryart.eu\\\/spletna-trgovina\\\/labirinti\\\/labirint-modrosti-ali-jupitrov-labirint\\\/jupitrov-labirint-na-nobesku-3014\\\/#breadcrumb\"},\"inLanguage\":\"en-GB\",\"potentialAction\":[{\"@type\":\"ReadAction\",\"target\":[\"https:\\\/\\\/potteryart.eu\\\/spletna-trgovina\\\/labirinti\\\/labirint-modrosti-ali-jupitrov-labirint\\\/jupitrov-labirint-na-nobesku-3014\\\/\"]}]},{\"@type\":\"ImageObject\",\"inLanguage\":\"en-GB\",\"@id\":\"https:\\\/\\\/potteryart.eu\\\/spletna-trgovina\\\/labirinti\\\/labirint-modrosti-ali-jupitrov-labirint\\\/jupitrov-labirint-na-nobesku-3014\\\/#primaryimage\",\"url\":\"https:\\\/\\\/potteryart.eu\\\/wp-content\\\/uploads\\\/2021\\\/03\\\/20240904_184907-scaled.jpg\",\"contentUrl\":\"https:\\\/\\\/potteryart.eu\\\/wp-content\\\/uploads\\\/2021\\\/03\\\/20240904_184907-scaled.jpg\",\"width\":1920,\"height\":2560,\"caption\":\"unikaten nakit iz gline, pottery art, obeski iz gline\"},{\"@type\":\"BreadcrumbList\",\"@id\":\"https:\\\/\\\/potteryart.eu\\\/spletna-trgovina\\\/labirinti\\\/labirint-modrosti-ali-jupitrov-labirint\\\/jupitrov-labirint-na-nobesku-3014\\\/#breadcrumb\",\"itemListElement\":[{\"@type\":\"ListItem\",\"position\":1,\"name\":\"Home\",\"item\":\"https:\\\/\\\/potteryart.eu\\\/\"},{\"@type\":\"ListItem\",\"position\":2,\"name\":\"Spletna trgovina\",\"item\":\"https:\\\/\\\/potteryart.eu\\\/spletna-trgovina\\\/\"},{\"@type\":\"ListItem\",\"position\":3,\"name\":\"Jupitrov labirint na obesku 3014\"}]},{\"@type\":\"WebSite\",\"@id\":\"https:\\\/\\\/potteryart.eu\\\/#website\",\"url\":\"https:\\\/\\\/potteryart.eu\\\/\",\"name\":\"Zajc Polona\",\"description\":\"\",\"publisher\":{\"@id\":\"https:\\\/\\\/potteryart.eu\\\/#\\\/schema\\\/person\\\/819de6034d3dd0bbdcc3a95a0b6c7e4d\"},\"potentialAction\":[{\"@type\":\"SearchAction\",\"target\":{\"@type\":\"EntryPoint\",\"urlTemplate\":\"https:\\\/\\\/potteryart.eu\\\/?s={search_term_string}\"},\"query-input\":{\"@type\":\"PropertyValueSpecification\",\"valueRequired\":true,\"valueName\":\"search_term_string\"}}],\"inLanguage\":\"en-GB\"},{\"@type\":[\"Person\",\"Organization\"],\"@id\":\"https:\\\/\\\/potteryart.eu\\\/#\\\/schema\\\/person\\\/819de6034d3dd0bbdcc3a95a0b6c7e4d\",\"name\":\"polonazajc_admin\",\"image\":{\"@type\":\"ImageObject\",\"inLanguage\":\"en-GB\",\"@id\":\"https:\\\/\\\/potteryart.eu\\\/wp-content\\\/uploads\\\/2020\\\/12\\\/cropped-Logo-1.png\",\"url\":\"https:\\\/\\\/potteryart.eu\\\/wp-content\\\/uploads\\\/2020\\\/12\\\/cropped-Logo-1.png\",\"contentUrl\":\"https:\\\/\\\/potteryart.eu\\\/wp-content\\\/uploads\\\/2020\\\/12\\\/cropped-Logo-1.png\",\"width\":2113,\"height\":280,\"caption\":\"polonazajc_admin\"},\"logo\":{\"@id\":\"https:\\\/\\\/potteryart.eu\\\/wp-content\\\/uploads\\\/2020\\\/12\\\/cropped-Logo-1.png\"}}]}<\/script>\n<!-- \/ Yoast SEO Premium plugin. -->","yoast_head_json":{"title":"jupitrov labirint na obesku","description":"Jupitrov labirint na obesku je izdelek pottery art oblikovanje gline Polone Zajc, imenujemo ga tudi Labirint modrosti. Izdelek je ro\u010dno delo.","robots":{"index":"index","follow":"follow","max-snippet":"max-snippet:-1","max-image-preview":"max-image-preview:large","max-video-preview":"max-video-preview:-1"},"canonical":"https:\/\/potteryart.eu\/en_gb\/spletna-trgovina\/labirinti\/labirint-modrosti-ali-jupitrov-labirint\/jupitrov-labirint-na-nobesku-3014\/","og_locale":"en_GB","og_type":"article","og_title":"Jupitrov labirint na obesku 3014","og_description":"Jupitrov labirint na obesku je izdelek pottery art oblikovanje gline Polone Zajc, imenujemo ga tudi Labirint modrosti. Izdelek je ro\u010dno delo.","og_url":"https:\/\/potteryart.eu\/en_gb\/spletna-trgovina\/labirinti\/labirint-modrosti-ali-jupitrov-labirint\/jupitrov-labirint-na-nobesku-3014\/","og_site_name":"Zajc Polona","article_modified_time":"2026-02-19T06:31:35+00:00","og_image":[{"width":1920,"height":2560,"url":"https:\/\/potteryart.eu\/wp-content\/uploads\/2021\/03\/20240904_184907-scaled.jpg","type":"image\/jpeg"}],"twitter_card":"summary_large_image","twitter_misc":{"Estimated reading time":"2 minutes"},"schema":{"@context":"https:\/\/schema.org","@graph":[{"@type":"WebPage","@id":"https:\/\/potteryart.eu\/spletna-trgovina\/labirinti\/labirint-modrosti-ali-jupitrov-labirint\/jupitrov-labirint-na-nobesku-3014\/","url":"https:\/\/potteryart.eu\/spletna-trgovina\/labirinti\/labirint-modrosti-ali-jupitrov-labirint\/jupitrov-labirint-na-nobesku-3014\/","name":"jupitrov labirint na obesku","isPartOf":{"@id":"https:\/\/potteryart.eu\/#website"},"primaryImageOfPage":{"@id":"https:\/\/potteryart.eu\/spletna-trgovina\/labirinti\/labirint-modrosti-ali-jupitrov-labirint\/jupitrov-labirint-na-nobesku-3014\/#primaryimage"},"image":{"@id":"https:\/\/potteryart.eu\/spletna-trgovina\/labirinti\/labirint-modrosti-ali-jupitrov-labirint\/jupitrov-labirint-na-nobesku-3014\/#primaryimage"},"thumbnailUrl":"https:\/\/potteryart.eu\/wp-content\/uploads\/2021\/03\/20240904_184907-scaled.jpg","datePublished":"2020-12-27T08:43:20+00:00","dateModified":"2026-02-19T06:31:35+00:00","description":"Jupitrov labirint na obesku je izdelek pottery art oblikovanje gline Polone Zajc, imenujemo ga tudi Labirint modrosti. Izdelek je ro\u010dno delo.","breadcrumb":{"@id":"https:\/\/potteryart.eu\/spletna-trgovina\/labirinti\/labirint-modrosti-ali-jupitrov-labirint\/jupitrov-labirint-na-nobesku-3014\/#breadcrumb"},"inLanguage":"en-GB","potentialAction":[{"@type":"ReadAction","target":["https:\/\/potteryart.eu\/spletna-trgovina\/labirinti\/labirint-modrosti-ali-jupitrov-labirint\/jupitrov-labirint-na-nobesku-3014\/"]}]},{"@type":"ImageObject","inLanguage":"en-GB","@id":"https:\/\/potteryart.eu\/spletna-trgovina\/labirinti\/labirint-modrosti-ali-jupitrov-labirint\/jupitrov-labirint-na-nobesku-3014\/#primaryimage","url":"https:\/\/potteryart.eu\/wp-content\/uploads\/2021\/03\/20240904_184907-scaled.jpg","contentUrl":"https:\/\/potteryart.eu\/wp-content\/uploads\/2021\/03\/20240904_184907-scaled.jpg","width":1920,"height":2560,"caption":"unikaten nakit iz gline, pottery art, obeski iz gline"},{"@type":"BreadcrumbList","@id":"https:\/\/potteryart.eu\/spletna-trgovina\/labirinti\/labirint-modrosti-ali-jupitrov-labirint\/jupitrov-labirint-na-nobesku-3014\/#breadcrumb","itemListElement":[{"@type":"ListItem","position":1,"name":"Home","item":"https:\/\/potteryart.eu\/"},{"@type":"ListItem","position":2,"name":"Spletna trgovina","item":"https:\/\/potteryart.eu\/spletna-trgovina\/"},{"@type":"ListItem","position":3,"name":"Jupitrov labirint na obesku 3014"}]},{"@type":"WebSite","@id":"https:\/\/potteryart.eu\/#website","url":"https:\/\/potteryart.eu\/","name":"Zajc Polona","description":"","publisher":{"@id":"https:\/\/potteryart.eu\/#\/schema\/person\/819de6034d3dd0bbdcc3a95a0b6c7e4d"},"potentialAction":[{"@type":"SearchAction","target":{"@type":"EntryPoint","urlTemplate":"https:\/\/potteryart.eu\/?s={search_term_string}"},"query-input":{"@type":"PropertyValueSpecification","valueRequired":true,"valueName":"search_term_string"}}],"inLanguage":"en-GB"},{"@type":["Person","Organization"],"@id":"https:\/\/potteryart.eu\/#\/schema\/person\/819de6034d3dd0bbdcc3a95a0b6c7e4d","name":"polonazajc_admin","image":{"@type":"ImageObject","inLanguage":"en-GB","@id":"https:\/\/potteryart.eu\/wp-content\/uploads\/2020\/12\/cropped-Logo-1.png","url":"https:\/\/potteryart.eu\/wp-content\/uploads\/2020\/12\/cropped-Logo-1.png","contentUrl":"https:\/\/potteryart.eu\/wp-content\/uploads\/2020\/12\/cropped-Logo-1.png","width":2113,"height":280,"caption":"polonazajc_admin"},"logo":{"@id":"https:\/\/potteryart.eu\/wp-content\/uploads\/2020\/12\/cropped-Logo-1.png"}}]}},"_links":{"self":[{"href":"https:\/\/potteryart.eu\/en_gb\/wp-json\/wp\/v2\/product\/319","targetHints":{"allow":["GET"]}}],"collection":[{"href":"https:\/\/potteryart.eu\/en_gb\/wp-json\/wp\/v2\/product"}],"about":[{"href":"https:\/\/potteryart.eu\/en_gb\/wp-json\/wp\/v2\/types\/product"}],"replies":[{"embeddable":true,"href":"https:\/\/potteryart.eu\/en_gb\/wp-json\/wp\/v2\/comments?post=319"}],"wp:featuredmedia":[{"embeddable":true,"href":"https:\/\/potteryart.eu\/en_gb\/wp-json\/wp\/v2\/media\/3327"}],"wp:attachment":[{"href":"https:\/\/potteryart.eu\/en_gb\/wp-json\/wp\/v2\/media?parent=319"}],"wp:term":[{"taxonomy":"product_brand","embeddable":true,"href":"https:\/\/potteryart.eu\/en_gb\/wp-json\/wp\/v2\/product_brand?post=319"},{"taxonomy":"product_cat","embeddable":true,"href":"https:\/\/potteryart.eu\/en_gb\/wp-json\/wp\/v2\/product_cat?post=319"},{"taxonomy":"product_tag","embeddable":true,"href":"https:\/\/potteryart.eu\/en_gb\/wp-json\/wp\/v2\/product_tag?post=319"}],"curies":[{"name":"wp","href":"https:\/\/api.w.org\/{rel}","templated":true}]}}