{"id":323,"date":"2020-12-27T09:43:22","date_gmt":"2020-12-27T08:43:22","guid":{"rendered":"https:\/\/potteryart.eu\/izdelek\/labirint-moi-3018\/"},"modified":"2026-02-19T07:29:51","modified_gmt":"2026-02-19T06:29:51","slug":"soncev-labirint-na-obesku-3018","status":"publish","type":"product","link":"https:\/\/potteryart.eu\/en_gb\/spletna-trgovina\/labirinti\/labirint-moci-ali-soncev-labirint\/soncev-labirint-na-obesku-3018\/","title":{"rendered":"Pendant with Sun Labyrinth 3019"},"content":{"rendered":"<h1>Pendant with Sun Labyrinth<\/h1>\n<p class=\"translation-block\">The Sun Labyrinth pendant is one of the pendants as ceramic jewellery from the Labyrinth pendants series. The present pendant with cord and clasp represents the Labyrinth of Power or the Sun Labyrinth in a receptive form. It is made in the technique of impressing clay into a plaster model, which is of our own manufacture. The pendant is made of black clay, glazed in the colours representing this labyrinth and fired at 1040\u00b0C. Diameter 4 cm, cord length 22 or 27 cm. The shape of the labyrinth presented on this pendant gives the jewellery a special touch, as each individual labyrinth carries its own characteristics and functions, which have an impact on the person who uses it, as well as on the surroundings in which it is located.<\/p>\n<h2>Pottery art clay design by Polona Zajc<\/h2>\n<p>Pottery art clay design by Polona Zajc also includes ceramic jewellery featuring the shapes of all the labyrinths. Both in expressive and receptive versions. They are made of different colours of clay and painted in glazes specific to each individual labyrinth. The pendants are impressions of a plaster model which gives the maze its relief form. The jewellery is special because of the role and function that the labyrinths carry.<\/p>\n<h3>Labyrinth of Power<\/h3>\n<p class=\"translation-block\">The labyrinth of power, or Sun labyrinth, is the most well-known form of labyrinth. It represents and promotes personal power. It is the ability to realise and materialise an idea through a specific activity. And in this we need power, so in this sense the Power Labyrinth will be used by those who are not the most confident and who feel that they lack the personal power for a particular venture. It will also benefit individuals who wish to improve their status in society, at work or in any other area of life. All uses of the labyrinth of power will help with a lack of will and authority. It is for this type of use that the present expressive form of the Power Labyrinth is suitable. This labyrinth is also closely related to health. It will strengthen the body and provide resistance to disease. The Sun labyrinth acts as a kind of receiver and transmitter of energy to the environment in which it is placed.<\/p>","protected":false},"excerpt":{"rendered":"<p>Son\u010dev labirint na obesku Son\u010dev labirint na obesku je izdelek iz serije obeskov z labirinti kot kerami\u010den nakit, pottery art oblikovanje gline Polone Zajc. Predstavljen je obesek z vrvico in sponko, ki predstavlja Labirint mo\u010di ali Son\u010dev labirint v njegovi naravni, ekspresivni obliki. Narejen je kot odtis mav\u010dnega modela lastne izdelave.\u00a0 Podlaga je \u010drna glina, [&hellip;]<\/p>\n","protected":false},"featured_media":3308,"comment_status":"open","ping_status":"closed","template":"","meta":[],"product_brand":[],"product_cat":[240,38,86],"product_tag":[41,36,34,39,40,43,45,44,42],"class_list":{"0":"post-323","1":"product","2":"type-product","3":"status-publish","4":"has-post-thumbnail","6":"product_cat-labirint-moci-ali-soncev-labirint","7":"product_cat-labirinti","8":"product_cat-unikaten-nakit-iz-gline","9":"product_tag-amulet","10":"product_tag-darilo","11":"product_tag-kroznicek","12":"product_tag-labirint","13":"product_tag-labirinti","14":"product_tag-obesenka","15":"product_tag-osebno-darilo","16":"product_tag-personalizirano-darilo","17":"product_tag-sreca","19":"first","20":"instock","21":"purchasable","22":"product-type-simple"},"yoast_head":"<!-- This site is optimized with the Yoast SEO Premium plugin v27.4 (Yoast SEO v27.4) - https:\/\/yoast.com\/product\/yoast-seo-premium-wordpress\/ -->\n<title>Son\u010dev labirint na obesku<\/title>\n<meta name=\"description\" content=\"Son\u010dev labirint na obesku je izdelek pottery art oblikovanje gline Polone Zajc, drugo ime zanj je Labirint mo\u010di. Izdelek je ro\u010dno delo.\" \/>\n<meta name=\"robots\" content=\"index, follow, max-snippet:-1, max-image-preview:large, max-video-preview:-1\" \/>\n<link rel=\"canonical\" href=\"https:\/\/potteryart.eu\/en_gb\/spletna-trgovina\/labirinti\/labirint-moci-ali-soncev-labirint\/soncev-labirint-na-obesku-3018\/\" \/>\n<meta property=\"og:locale\" content=\"en_GB\" \/>\n<meta property=\"og:type\" content=\"article\" \/>\n<meta property=\"og:title\" content=\"Son\u010dev labirint na obesku 3018\" \/>\n<meta property=\"og:description\" content=\"Son\u010dev labirint na obesku je izdelek pottery art oblikovanje gline Polone Zajc, drugo ime zanj je Labirint mo\u010di. Izdelek je ro\u010dno delo.\" \/>\n<meta property=\"og:url\" content=\"https:\/\/potteryart.eu\/en_gb\/spletna-trgovina\/labirinti\/labirint-moci-ali-soncev-labirint\/soncev-labirint-na-obesku-3018\/\" \/>\n<meta property=\"og:site_name\" content=\"Zajc Polona\" \/>\n<meta property=\"article:modified_time\" content=\"2026-02-19T06:29:51+00:00\" \/>\n<meta property=\"og:image\" content=\"https:\/\/potteryart.eu\/wp-content\/uploads\/2021\/03\/20240904_185518-scaled.jpg\" \/>\n\t<meta property=\"og:image:width\" content=\"1920\" \/>\n\t<meta property=\"og:image:height\" content=\"2560\" \/>\n\t<meta property=\"og:image:type\" content=\"image\/jpeg\" \/>\n<meta name=\"twitter:card\" content=\"summary_large_image\" \/>\n<meta name=\"twitter:label1\" content=\"Estimated reading time\" \/>\n\t<meta name=\"twitter:data1\" content=\"2 minutes\" \/>\n<script type=\"application\/ld+json\" class=\"yoast-schema-graph\">{\"@context\":\"https:\\\/\\\/schema.org\",\"@graph\":[{\"@type\":\"WebPage\",\"@id\":\"https:\\\/\\\/potteryart.eu\\\/spletna-trgovina\\\/labirinti\\\/labirint-moci-ali-soncev-labirint\\\/soncev-labirint-na-obesku-3018\\\/\",\"url\":\"https:\\\/\\\/potteryart.eu\\\/spletna-trgovina\\\/labirinti\\\/labirint-moci-ali-soncev-labirint\\\/soncev-labirint-na-obesku-3018\\\/\",\"name\":\"Son\u010dev labirint na obesku\",\"isPartOf\":{\"@id\":\"https:\\\/\\\/potteryart.eu\\\/#website\"},\"primaryImageOfPage\":{\"@id\":\"https:\\\/\\\/potteryart.eu\\\/spletna-trgovina\\\/labirinti\\\/labirint-moci-ali-soncev-labirint\\\/soncev-labirint-na-obesku-3018\\\/#primaryimage\"},\"image\":{\"@id\":\"https:\\\/\\\/potteryart.eu\\\/spletna-trgovina\\\/labirinti\\\/labirint-moci-ali-soncev-labirint\\\/soncev-labirint-na-obesku-3018\\\/#primaryimage\"},\"thumbnailUrl\":\"https:\\\/\\\/potteryart.eu\\\/wp-content\\\/uploads\\\/2021\\\/03\\\/20240904_185518-scaled.jpg\",\"datePublished\":\"2020-12-27T08:43:22+00:00\",\"dateModified\":\"2026-02-19T06:29:51+00:00\",\"description\":\"Son\u010dev labirint na obesku je izdelek pottery art oblikovanje gline Polone Zajc, drugo ime zanj je Labirint mo\u010di. Izdelek je ro\u010dno delo.\",\"breadcrumb\":{\"@id\":\"https:\\\/\\\/potteryart.eu\\\/spletna-trgovina\\\/labirinti\\\/labirint-moci-ali-soncev-labirint\\\/soncev-labirint-na-obesku-3018\\\/#breadcrumb\"},\"inLanguage\":\"en-GB\",\"potentialAction\":[{\"@type\":\"ReadAction\",\"target\":[\"https:\\\/\\\/potteryart.eu\\\/spletna-trgovina\\\/labirinti\\\/labirint-moci-ali-soncev-labirint\\\/soncev-labirint-na-obesku-3018\\\/\"]}]},{\"@type\":\"ImageObject\",\"inLanguage\":\"en-GB\",\"@id\":\"https:\\\/\\\/potteryart.eu\\\/spletna-trgovina\\\/labirinti\\\/labirint-moci-ali-soncev-labirint\\\/soncev-labirint-na-obesku-3018\\\/#primaryimage\",\"url\":\"https:\\\/\\\/potteryart.eu\\\/wp-content\\\/uploads\\\/2021\\\/03\\\/20240904_185518-scaled.jpg\",\"contentUrl\":\"https:\\\/\\\/potteryart.eu\\\/wp-content\\\/uploads\\\/2021\\\/03\\\/20240904_185518-scaled.jpg\",\"width\":1920,\"height\":2560},{\"@type\":\"BreadcrumbList\",\"@id\":\"https:\\\/\\\/potteryart.eu\\\/spletna-trgovina\\\/labirinti\\\/labirint-moci-ali-soncev-labirint\\\/soncev-labirint-na-obesku-3018\\\/#breadcrumb\",\"itemListElement\":[{\"@type\":\"ListItem\",\"position\":1,\"name\":\"Home\",\"item\":\"https:\\\/\\\/potteryart.eu\\\/\"},{\"@type\":\"ListItem\",\"position\":2,\"name\":\"Spletna trgovina\",\"item\":\"https:\\\/\\\/potteryart.eu\\\/spletna-trgovina\\\/\"},{\"@type\":\"ListItem\",\"position\":3,\"name\":\"Son\u010dev labirint na obesku 3018\"}]},{\"@type\":\"WebSite\",\"@id\":\"https:\\\/\\\/potteryart.eu\\\/#website\",\"url\":\"https:\\\/\\\/potteryart.eu\\\/\",\"name\":\"Zajc Polona\",\"description\":\"\",\"publisher\":{\"@id\":\"https:\\\/\\\/potteryart.eu\\\/#\\\/schema\\\/person\\\/819de6034d3dd0bbdcc3a95a0b6c7e4d\"},\"potentialAction\":[{\"@type\":\"SearchAction\",\"target\":{\"@type\":\"EntryPoint\",\"urlTemplate\":\"https:\\\/\\\/potteryart.eu\\\/?s={search_term_string}\"},\"query-input\":{\"@type\":\"PropertyValueSpecification\",\"valueRequired\":true,\"valueName\":\"search_term_string\"}}],\"inLanguage\":\"en-GB\"},{\"@type\":[\"Person\",\"Organization\"],\"@id\":\"https:\\\/\\\/potteryart.eu\\\/#\\\/schema\\\/person\\\/819de6034d3dd0bbdcc3a95a0b6c7e4d\",\"name\":\"polonazajc_admin\",\"image\":{\"@type\":\"ImageObject\",\"inLanguage\":\"en-GB\",\"@id\":\"https:\\\/\\\/potteryart.eu\\\/wp-content\\\/uploads\\\/2020\\\/12\\\/cropped-Logo-1.png\",\"url\":\"https:\\\/\\\/potteryart.eu\\\/wp-content\\\/uploads\\\/2020\\\/12\\\/cropped-Logo-1.png\",\"contentUrl\":\"https:\\\/\\\/potteryart.eu\\\/wp-content\\\/uploads\\\/2020\\\/12\\\/cropped-Logo-1.png\",\"width\":2113,\"height\":280,\"caption\":\"polonazajc_admin\"},\"logo\":{\"@id\":\"https:\\\/\\\/potteryart.eu\\\/wp-content\\\/uploads\\\/2020\\\/12\\\/cropped-Logo-1.png\"}}]}<\/script>\n<!-- \/ Yoast SEO Premium plugin. -->","yoast_head_json":{"title":"Pendant with Sun Labyrinth","description":"Son\u010dev labirint na obesku je izdelek pottery art oblikovanje gline Polone Zajc, drugo ime zanj je Labirint mo\u010di. Izdelek je ro\u010dno delo.","robots":{"index":"index","follow":"follow","max-snippet":"max-snippet:-1","max-image-preview":"max-image-preview:large","max-video-preview":"max-video-preview:-1"},"canonical":"https:\/\/potteryart.eu\/en_gb\/spletna-trgovina\/labirinti\/labirint-moci-ali-soncev-labirint\/soncev-labirint-na-obesku-3018\/","og_locale":"en_GB","og_type":"article","og_title":"Son\u010dev labirint na obesku 3018","og_description":"Son\u010dev labirint na obesku je izdelek pottery art oblikovanje gline Polone Zajc, drugo ime zanj je Labirint mo\u010di. Izdelek je ro\u010dno delo.","og_url":"https:\/\/potteryart.eu\/en_gb\/spletna-trgovina\/labirinti\/labirint-moci-ali-soncev-labirint\/soncev-labirint-na-obesku-3018\/","og_site_name":"Zajc Polona","article_modified_time":"2026-02-19T06:29:51+00:00","og_image":[{"width":1920,"height":2560,"url":"https:\/\/potteryart.eu\/wp-content\/uploads\/2021\/03\/20240904_185518-scaled.jpg","type":"image\/jpeg"}],"twitter_card":"summary_large_image","twitter_misc":{"Estimated reading time":"2 minutes"},"schema":{"@context":"https:\/\/schema.org","@graph":[{"@type":"WebPage","@id":"https:\/\/potteryart.eu\/spletna-trgovina\/labirinti\/labirint-moci-ali-soncev-labirint\/soncev-labirint-na-obesku-3018\/","url":"https:\/\/potteryart.eu\/spletna-trgovina\/labirinti\/labirint-moci-ali-soncev-labirint\/soncev-labirint-na-obesku-3018\/","name":"Pendant with Sun Labyrinth","isPartOf":{"@id":"https:\/\/potteryart.eu\/#website"},"primaryImageOfPage":{"@id":"https:\/\/potteryart.eu\/spletna-trgovina\/labirinti\/labirint-moci-ali-soncev-labirint\/soncev-labirint-na-obesku-3018\/#primaryimage"},"image":{"@id":"https:\/\/potteryart.eu\/spletna-trgovina\/labirinti\/labirint-moci-ali-soncev-labirint\/soncev-labirint-na-obesku-3018\/#primaryimage"},"thumbnailUrl":"https:\/\/potteryart.eu\/wp-content\/uploads\/2021\/03\/20240904_185518-scaled.jpg","datePublished":"2020-12-27T08:43:22+00:00","dateModified":"2026-02-19T06:29:51+00:00","description":"Son\u010dev labirint na obesku je izdelek pottery art oblikovanje gline Polone Zajc, drugo ime zanj je Labirint mo\u010di. Izdelek je ro\u010dno delo.","breadcrumb":{"@id":"https:\/\/potteryart.eu\/spletna-trgovina\/labirinti\/labirint-moci-ali-soncev-labirint\/soncev-labirint-na-obesku-3018\/#breadcrumb"},"inLanguage":"en-GB","potentialAction":[{"@type":"ReadAction","target":["https:\/\/potteryart.eu\/spletna-trgovina\/labirinti\/labirint-moci-ali-soncev-labirint\/soncev-labirint-na-obesku-3018\/"]}]},{"@type":"ImageObject","inLanguage":"en-GB","@id":"https:\/\/potteryart.eu\/spletna-trgovina\/labirinti\/labirint-moci-ali-soncev-labirint\/soncev-labirint-na-obesku-3018\/#primaryimage","url":"https:\/\/potteryart.eu\/wp-content\/uploads\/2021\/03\/20240904_185518-scaled.jpg","contentUrl":"https:\/\/potteryart.eu\/wp-content\/uploads\/2021\/03\/20240904_185518-scaled.jpg","width":1920,"height":2560},{"@type":"BreadcrumbList","@id":"https:\/\/potteryart.eu\/spletna-trgovina\/labirinti\/labirint-moci-ali-soncev-labirint\/soncev-labirint-na-obesku-3018\/#breadcrumb","itemListElement":[{"@type":"ListItem","position":1,"name":"Home","item":"https:\/\/potteryart.eu\/"},{"@type":"ListItem","position":2,"name":"Spletna trgovina","item":"https:\/\/potteryart.eu\/spletna-trgovina\/"},{"@type":"ListItem","position":3,"name":"Son\u010dev labirint na obesku 3018"}]},{"@type":"WebSite","@id":"https:\/\/potteryart.eu\/#website","url":"https:\/\/potteryart.eu\/","name":"Zajc Polona","description":"","publisher":{"@id":"https:\/\/potteryart.eu\/#\/schema\/person\/819de6034d3dd0bbdcc3a95a0b6c7e4d"},"potentialAction":[{"@type":"SearchAction","target":{"@type":"EntryPoint","urlTemplate":"https:\/\/potteryart.eu\/?s={search_term_string}"},"query-input":{"@type":"PropertyValueSpecification","valueRequired":true,"valueName":"search_term_string"}}],"inLanguage":"en-GB"},{"@type":["Person","Organization"],"@id":"https:\/\/potteryart.eu\/#\/schema\/person\/819de6034d3dd0bbdcc3a95a0b6c7e4d","name":"polonazajc_admin","image":{"@type":"ImageObject","inLanguage":"en-GB","@id":"https:\/\/potteryart.eu\/wp-content\/uploads\/2020\/12\/cropped-Logo-1.png","url":"https:\/\/potteryart.eu\/wp-content\/uploads\/2020\/12\/cropped-Logo-1.png","contentUrl":"https:\/\/potteryart.eu\/wp-content\/uploads\/2020\/12\/cropped-Logo-1.png","width":2113,"height":280,"caption":"polonazajc_admin"},"logo":{"@id":"https:\/\/potteryart.eu\/wp-content\/uploads\/2020\/12\/cropped-Logo-1.png"}}]}},"_links":{"self":[{"href":"https:\/\/potteryart.eu\/en_gb\/wp-json\/wp\/v2\/product\/323","targetHints":{"allow":["GET"]}}],"collection":[{"href":"https:\/\/potteryart.eu\/en_gb\/wp-json\/wp\/v2\/product"}],"about":[{"href":"https:\/\/potteryart.eu\/en_gb\/wp-json\/wp\/v2\/types\/product"}],"replies":[{"embeddable":true,"href":"https:\/\/potteryart.eu\/en_gb\/wp-json\/wp\/v2\/comments?post=323"}],"wp:featuredmedia":[{"embeddable":true,"href":"https:\/\/potteryart.eu\/en_gb\/wp-json\/wp\/v2\/media\/3308"}],"wp:attachment":[{"href":"https:\/\/potteryart.eu\/en_gb\/wp-json\/wp\/v2\/media?parent=323"}],"wp:term":[{"taxonomy":"product_brand","embeddable":true,"href":"https:\/\/potteryart.eu\/en_gb\/wp-json\/wp\/v2\/product_brand?post=323"},{"taxonomy":"product_cat","embeddable":true,"href":"https:\/\/potteryart.eu\/en_gb\/wp-json\/wp\/v2\/product_cat?post=323"},{"taxonomy":"product_tag","embeddable":true,"href":"https:\/\/potteryart.eu\/en_gb\/wp-json\/wp\/v2\/product_tag?post=323"}],"curies":[{"name":"wp","href":"https:\/\/api.w.org\/{rel}","templated":true}]}}