{"id":3232,"date":"2025-01-08T11:21:03","date_gmt":"2025-01-08T10:21:03","guid":{"rendered":"https:\/\/potteryart.eu\/?post_type=product&#038;p=3232"},"modified":"2026-02-19T07:24:21","modified_gmt":"2026-02-19T06:24:21","slug":"mala-glinena-krogla-svecnik","status":"publish","type":"product","link":"https:\/\/potteryart.eu\/en_gb\/spletna-trgovina\/unikatni-loncarski-izdelki-iz-kamenine\/unikatni-izdelki-iz-kamenine-za-dom\/mala-glinena-krogla-svecnik\/","title":{"rendered":"Small clay ball-candlestick"},"content":{"rendered":"<h1><strong>Small clay ball-candlestick<\/strong><\/h1>\n<p class=\"translation-block\">Small clay ball-candle holder is a product of pottery art clay design by Polona Zajc. It is a unique round pottery bowl. It is made of black grey stoneware, with a beautiful pattern of stripes and holes. The pattern and the holes are hand sculpted and accentuated by a shimmering glossy glaze.  Place the tea light candle in the bowl and the light will reflect off the brilliant colours of the glaze through the holes, creating a pattern of shadows in the surrounding area. The handmade small candle bead is fired at 1200\u00b0C. The diameter is 6 cm.<\/p>\n<h2><strong>Pottery art clay design by Polona Zajc<\/strong><\/h2>\n<p>Pottery art clay design by Polona Zajc also has a category of unique clay lamps in its collection of clay products. This includes a small clay ball candle holder. Each candle holder in this series is unique and inimitable, as the pottery art pattern of lines and holes is made by hand and completely random. This category also includes other lighting products such as various candle holders, chandeliers, night or table lights, aroma candle holders and so on. All of them are made exclusively by hand, either as ceramics or as stoneware. They are painted with different clay paints and some have details accentuated with real gold or platinum.<\/p>\n<h3><strong>\u00a0Unikatna mala kroglica iz gline- sve\u010dnik<\/strong><\/h3>\n<p>The unique small clay candlestick bead is handmade in every detail. We place it in the room where we spend the most pleasant moments in our home. The light emitted by the candle shines through the bowl, which is glazed in different shades of colours. This gives the room in which the candle is lit in the small clay ball an intimate and very special charm of the play of light and shadow. In daylight, when it is not performing its primary function, the handmade small candle ball, with its round shape, its pattern of lines and holes, accentuated by the shimmering hues of the glazes, beautifully enlivens the room in which it is placed. The unique small clay candle ball is a totally unique, handmade piece of stoneware that belongs in every home to cheer us up and create a pleasant feeling.<\/p>","protected":false},"excerpt":{"rendered":"<p>Mala glinena krogla-sve\u010dnik Mala glinena krogla-sve\u010dnik je izdelek pottery art oblikovanje gline Polone Zajc. To je unikatna okrogla posodica. Narejena je iz \u010drn sive\u00a0kamenine, s \u010dudovitim vzorcem \u010drt in luknjic. Vzorec in luknjice ro\u010dno vrezane, poudarja pa jih prelivajo\u010da se svetle\u010da glazura.\u00a0 \u010cajno sve\u010dko damo v posodico, soj svetlobe se bo odbijal od ble\u0161\u010de\u010dih barv [&hellip;]<\/p>\n","protected":false},"featured_media":4000,"comment_status":"open","ping_status":"closed","template":"","meta":[],"product_brand":[],"product_cat":[273,274,265],"product_tag":[],"class_list":{"0":"post-3232","1":"product","2":"type-product","3":"status-publish","4":"has-post-thumbnail","6":"product_cat-glinena-svetila","7":"product_cat-unikatni-izdelki-iz-kamenine-za-dom","8":"product_cat-unikatni-loncarski-izdelki-iz-kamenine","10":"first","11":"instock","12":"purchasable","13":"product-type-simple"},"yoast_head":"<!-- This site is optimized with the Yoast SEO Premium plugin v27.4 (Yoast SEO v27.4) - https:\/\/yoast.com\/product\/yoast-seo-premium-wordpress\/ -->\n<title>mala glinena krogla-sve\u010dnik<\/title>\n<meta name=\"description\" content=\"Mala glinena krogla-sve\u010dnik je izdelek pottery art oblikovanje gline Polone Zajc. To je unikatna mala kroglica iz gline-sve\u010dnik.\" \/>\n<meta name=\"robots\" content=\"index, follow, max-snippet:-1, max-image-preview:large, max-video-preview:-1\" \/>\n<link rel=\"canonical\" href=\"https:\/\/potteryart.eu\/en_gb\/spletna-trgovina\/unikatni-loncarski-izdelki-iz-kamenine\/unikatni-izdelki-iz-kamenine-za-dom\/mala-glinena-krogla-svecnik\/\" \/>\n<meta property=\"og:locale\" content=\"en_GB\" \/>\n<meta property=\"og:type\" content=\"article\" \/>\n<meta property=\"og:title\" content=\"Mala glinena krogla-sve\u010dnik\" \/>\n<meta property=\"og:description\" content=\"Mala glinena krogla-sve\u010dnik je izdelek pottery art oblikovanje gline Polone Zajc. To je unikatna mala kroglica iz gline-sve\u010dnik.\" \/>\n<meta property=\"og:url\" content=\"https:\/\/potteryart.eu\/en_gb\/spletna-trgovina\/unikatni-loncarski-izdelki-iz-kamenine\/unikatni-izdelki-iz-kamenine-za-dom\/mala-glinena-krogla-svecnik\/\" \/>\n<meta property=\"og:site_name\" content=\"Zajc Polona\" \/>\n<meta property=\"article:modified_time\" content=\"2026-02-19T06:24:21+00:00\" \/>\n<meta property=\"og:image\" content=\"https:\/\/potteryart.eu\/wp-content\/uploads\/2025\/01\/20251128_171423-scaled.jpg\" \/>\n\t<meta property=\"og:image:width\" content=\"2496\" \/>\n\t<meta property=\"og:image:height\" content=\"2560\" \/>\n\t<meta property=\"og:image:type\" content=\"image\/jpeg\" \/>\n<meta name=\"twitter:card\" content=\"summary_large_image\" \/>\n<meta name=\"twitter:label1\" content=\"Estimated reading time\" \/>\n\t<meta name=\"twitter:data1\" content=\"2 minutes\" \/>\n<script type=\"application\/ld+json\" class=\"yoast-schema-graph\">{\"@context\":\"https:\\\/\\\/schema.org\",\"@graph\":[{\"@type\":\"WebPage\",\"@id\":\"https:\\\/\\\/potteryart.eu\\\/spletna-trgovina\\\/unikatni-loncarski-izdelki-iz-kamenine\\\/unikatni-izdelki-iz-kamenine-za-dom\\\/mala-glinena-krogla-svecnik\\\/\",\"url\":\"https:\\\/\\\/potteryart.eu\\\/spletna-trgovina\\\/unikatni-loncarski-izdelki-iz-kamenine\\\/unikatni-izdelki-iz-kamenine-za-dom\\\/mala-glinena-krogla-svecnik\\\/\",\"name\":\"mala glinena krogla-sve\u010dnik\",\"isPartOf\":{\"@id\":\"https:\\\/\\\/potteryart.eu\\\/#website\"},\"primaryImageOfPage\":{\"@id\":\"https:\\\/\\\/potteryart.eu\\\/spletna-trgovina\\\/unikatni-loncarski-izdelki-iz-kamenine\\\/unikatni-izdelki-iz-kamenine-za-dom\\\/mala-glinena-krogla-svecnik\\\/#primaryimage\"},\"image\":{\"@id\":\"https:\\\/\\\/potteryart.eu\\\/spletna-trgovina\\\/unikatni-loncarski-izdelki-iz-kamenine\\\/unikatni-izdelki-iz-kamenine-za-dom\\\/mala-glinena-krogla-svecnik\\\/#primaryimage\"},\"thumbnailUrl\":\"https:\\\/\\\/potteryart.eu\\\/wp-content\\\/uploads\\\/2025\\\/01\\\/20251128_171423-scaled.jpg\",\"datePublished\":\"2025-01-08T10:21:03+00:00\",\"dateModified\":\"2026-02-19T06:24:21+00:00\",\"description\":\"Mala glinena krogla-sve\u010dnik je izdelek pottery art oblikovanje gline Polone Zajc. To je unikatna mala kroglica iz gline-sve\u010dnik.\",\"breadcrumb\":{\"@id\":\"https:\\\/\\\/potteryart.eu\\\/spletna-trgovina\\\/unikatni-loncarski-izdelki-iz-kamenine\\\/unikatni-izdelki-iz-kamenine-za-dom\\\/mala-glinena-krogla-svecnik\\\/#breadcrumb\"},\"inLanguage\":\"en-GB\",\"potentialAction\":[{\"@type\":\"ReadAction\",\"target\":[\"https:\\\/\\\/potteryart.eu\\\/spletna-trgovina\\\/unikatni-loncarski-izdelki-iz-kamenine\\\/unikatni-izdelki-iz-kamenine-za-dom\\\/mala-glinena-krogla-svecnik\\\/\"]}]},{\"@type\":\"ImageObject\",\"inLanguage\":\"en-GB\",\"@id\":\"https:\\\/\\\/potteryart.eu\\\/spletna-trgovina\\\/unikatni-loncarski-izdelki-iz-kamenine\\\/unikatni-izdelki-iz-kamenine-za-dom\\\/mala-glinena-krogla-svecnik\\\/#primaryimage\",\"url\":\"https:\\\/\\\/potteryart.eu\\\/wp-content\\\/uploads\\\/2025\\\/01\\\/20251128_171423-scaled.jpg\",\"contentUrl\":\"https:\\\/\\\/potteryart.eu\\\/wp-content\\\/uploads\\\/2025\\\/01\\\/20251128_171423-scaled.jpg\",\"width\":2496,\"height\":2560,\"caption\":\"mala glinena krogla-sve\u010dnik, pottery art, unikatna mala kroglica iz gline-sve\u010dnik\"},{\"@type\":\"BreadcrumbList\",\"@id\":\"https:\\\/\\\/potteryart.eu\\\/spletna-trgovina\\\/unikatni-loncarski-izdelki-iz-kamenine\\\/unikatni-izdelki-iz-kamenine-za-dom\\\/mala-glinena-krogla-svecnik\\\/#breadcrumb\",\"itemListElement\":[{\"@type\":\"ListItem\",\"position\":1,\"name\":\"Home\",\"item\":\"https:\\\/\\\/potteryart.eu\\\/\"},{\"@type\":\"ListItem\",\"position\":2,\"name\":\"Spletna trgovina\",\"item\":\"https:\\\/\\\/potteryart.eu\\\/spletna-trgovina\\\/\"},{\"@type\":\"ListItem\",\"position\":3,\"name\":\"Mala glinena krogla-sve\u010dnik\"}]},{\"@type\":\"WebSite\",\"@id\":\"https:\\\/\\\/potteryart.eu\\\/#website\",\"url\":\"https:\\\/\\\/potteryart.eu\\\/\",\"name\":\"Zajc Polona\",\"description\":\"\",\"publisher\":{\"@id\":\"https:\\\/\\\/potteryart.eu\\\/#\\\/schema\\\/person\\\/819de6034d3dd0bbdcc3a95a0b6c7e4d\"},\"potentialAction\":[{\"@type\":\"SearchAction\",\"target\":{\"@type\":\"EntryPoint\",\"urlTemplate\":\"https:\\\/\\\/potteryart.eu\\\/?s={search_term_string}\"},\"query-input\":{\"@type\":\"PropertyValueSpecification\",\"valueRequired\":true,\"valueName\":\"search_term_string\"}}],\"inLanguage\":\"en-GB\"},{\"@type\":[\"Person\",\"Organization\"],\"@id\":\"https:\\\/\\\/potteryart.eu\\\/#\\\/schema\\\/person\\\/819de6034d3dd0bbdcc3a95a0b6c7e4d\",\"name\":\"polonazajc_admin\",\"image\":{\"@type\":\"ImageObject\",\"inLanguage\":\"en-GB\",\"@id\":\"https:\\\/\\\/potteryart.eu\\\/wp-content\\\/uploads\\\/2020\\\/12\\\/cropped-Logo-1.png\",\"url\":\"https:\\\/\\\/potteryart.eu\\\/wp-content\\\/uploads\\\/2020\\\/12\\\/cropped-Logo-1.png\",\"contentUrl\":\"https:\\\/\\\/potteryart.eu\\\/wp-content\\\/uploads\\\/2020\\\/12\\\/cropped-Logo-1.png\",\"width\":2113,\"height\":280,\"caption\":\"polonazajc_admin\"},\"logo\":{\"@id\":\"https:\\\/\\\/potteryart.eu\\\/wp-content\\\/uploads\\\/2020\\\/12\\\/cropped-Logo-1.png\"}}]}<\/script>\n<!-- \/ Yoast SEO Premium plugin. -->","yoast_head_json":{"title":"mala glinena krogla-sve\u010dnik","description":"Mala glinena krogla-sve\u010dnik je izdelek pottery art oblikovanje gline Polone Zajc. To je unikatna mala kroglica iz gline-sve\u010dnik.","robots":{"index":"index","follow":"follow","max-snippet":"max-snippet:-1","max-image-preview":"max-image-preview:large","max-video-preview":"max-video-preview:-1"},"canonical":"https:\/\/potteryart.eu\/en_gb\/spletna-trgovina\/unikatni-loncarski-izdelki-iz-kamenine\/unikatni-izdelki-iz-kamenine-za-dom\/mala-glinena-krogla-svecnik\/","og_locale":"en_GB","og_type":"article","og_title":"Mala glinena krogla-sve\u010dnik","og_description":"Mala glinena krogla-sve\u010dnik je izdelek pottery art oblikovanje gline Polone Zajc. To je unikatna mala kroglica iz gline-sve\u010dnik.","og_url":"https:\/\/potteryart.eu\/en_gb\/spletna-trgovina\/unikatni-loncarski-izdelki-iz-kamenine\/unikatni-izdelki-iz-kamenine-za-dom\/mala-glinena-krogla-svecnik\/","og_site_name":"Zajc Polona","article_modified_time":"2026-02-19T06:24:21+00:00","og_image":[{"width":2496,"height":2560,"url":"https:\/\/potteryart.eu\/wp-content\/uploads\/2025\/01\/20251128_171423-scaled.jpg","type":"image\/jpeg"}],"twitter_card":"summary_large_image","twitter_misc":{"Estimated reading time":"2 minutes"},"schema":{"@context":"https:\/\/schema.org","@graph":[{"@type":"WebPage","@id":"https:\/\/potteryart.eu\/spletna-trgovina\/unikatni-loncarski-izdelki-iz-kamenine\/unikatni-izdelki-iz-kamenine-za-dom\/mala-glinena-krogla-svecnik\/","url":"https:\/\/potteryart.eu\/spletna-trgovina\/unikatni-loncarski-izdelki-iz-kamenine\/unikatni-izdelki-iz-kamenine-za-dom\/mala-glinena-krogla-svecnik\/","name":"mala glinena krogla-sve\u010dnik","isPartOf":{"@id":"https:\/\/potteryart.eu\/#website"},"primaryImageOfPage":{"@id":"https:\/\/potteryart.eu\/spletna-trgovina\/unikatni-loncarski-izdelki-iz-kamenine\/unikatni-izdelki-iz-kamenine-za-dom\/mala-glinena-krogla-svecnik\/#primaryimage"},"image":{"@id":"https:\/\/potteryart.eu\/spletna-trgovina\/unikatni-loncarski-izdelki-iz-kamenine\/unikatni-izdelki-iz-kamenine-za-dom\/mala-glinena-krogla-svecnik\/#primaryimage"},"thumbnailUrl":"https:\/\/potteryart.eu\/wp-content\/uploads\/2025\/01\/20251128_171423-scaled.jpg","datePublished":"2025-01-08T10:21:03+00:00","dateModified":"2026-02-19T06:24:21+00:00","description":"Mala glinena krogla-sve\u010dnik je izdelek pottery art oblikovanje gline Polone Zajc. To je unikatna mala kroglica iz gline-sve\u010dnik.","breadcrumb":{"@id":"https:\/\/potteryart.eu\/spletna-trgovina\/unikatni-loncarski-izdelki-iz-kamenine\/unikatni-izdelki-iz-kamenine-za-dom\/mala-glinena-krogla-svecnik\/#breadcrumb"},"inLanguage":"en-GB","potentialAction":[{"@type":"ReadAction","target":["https:\/\/potteryart.eu\/spletna-trgovina\/unikatni-loncarski-izdelki-iz-kamenine\/unikatni-izdelki-iz-kamenine-za-dom\/mala-glinena-krogla-svecnik\/"]}]},{"@type":"ImageObject","inLanguage":"en-GB","@id":"https:\/\/potteryart.eu\/spletna-trgovina\/unikatni-loncarski-izdelki-iz-kamenine\/unikatni-izdelki-iz-kamenine-za-dom\/mala-glinena-krogla-svecnik\/#primaryimage","url":"https:\/\/potteryart.eu\/wp-content\/uploads\/2025\/01\/20251128_171423-scaled.jpg","contentUrl":"https:\/\/potteryart.eu\/wp-content\/uploads\/2025\/01\/20251128_171423-scaled.jpg","width":2496,"height":2560,"caption":"mala glinena krogla-sve\u010dnik, pottery art, unikatna mala kroglica iz gline-sve\u010dnik"},{"@type":"BreadcrumbList","@id":"https:\/\/potteryart.eu\/spletna-trgovina\/unikatni-loncarski-izdelki-iz-kamenine\/unikatni-izdelki-iz-kamenine-za-dom\/mala-glinena-krogla-svecnik\/#breadcrumb","itemListElement":[{"@type":"ListItem","position":1,"name":"Home","item":"https:\/\/potteryart.eu\/"},{"@type":"ListItem","position":2,"name":"Spletna trgovina","item":"https:\/\/potteryart.eu\/spletna-trgovina\/"},{"@type":"ListItem","position":3,"name":"Mala glinena krogla-sve\u010dnik"}]},{"@type":"WebSite","@id":"https:\/\/potteryart.eu\/#website","url":"https:\/\/potteryart.eu\/","name":"Zajc Polona","description":"","publisher":{"@id":"https:\/\/potteryart.eu\/#\/schema\/person\/819de6034d3dd0bbdcc3a95a0b6c7e4d"},"potentialAction":[{"@type":"SearchAction","target":{"@type":"EntryPoint","urlTemplate":"https:\/\/potteryart.eu\/?s={search_term_string}"},"query-input":{"@type":"PropertyValueSpecification","valueRequired":true,"valueName":"search_term_string"}}],"inLanguage":"en-GB"},{"@type":["Person","Organization"],"@id":"https:\/\/potteryart.eu\/#\/schema\/person\/819de6034d3dd0bbdcc3a95a0b6c7e4d","name":"polonazajc_admin","image":{"@type":"ImageObject","inLanguage":"en-GB","@id":"https:\/\/potteryart.eu\/wp-content\/uploads\/2020\/12\/cropped-Logo-1.png","url":"https:\/\/potteryart.eu\/wp-content\/uploads\/2020\/12\/cropped-Logo-1.png","contentUrl":"https:\/\/potteryart.eu\/wp-content\/uploads\/2020\/12\/cropped-Logo-1.png","width":2113,"height":280,"caption":"polonazajc_admin"},"logo":{"@id":"https:\/\/potteryart.eu\/wp-content\/uploads\/2020\/12\/cropped-Logo-1.png"}}]}},"_links":{"self":[{"href":"https:\/\/potteryart.eu\/en_gb\/wp-json\/wp\/v2\/product\/3232","targetHints":{"allow":["GET"]}}],"collection":[{"href":"https:\/\/potteryart.eu\/en_gb\/wp-json\/wp\/v2\/product"}],"about":[{"href":"https:\/\/potteryart.eu\/en_gb\/wp-json\/wp\/v2\/types\/product"}],"replies":[{"embeddable":true,"href":"https:\/\/potteryart.eu\/en_gb\/wp-json\/wp\/v2\/comments?post=3232"}],"wp:featuredmedia":[{"embeddable":true,"href":"https:\/\/potteryart.eu\/en_gb\/wp-json\/wp\/v2\/media\/4000"}],"wp:attachment":[{"href":"https:\/\/potteryart.eu\/en_gb\/wp-json\/wp\/v2\/media?parent=3232"}],"wp:term":[{"taxonomy":"product_brand","embeddable":true,"href":"https:\/\/potteryart.eu\/en_gb\/wp-json\/wp\/v2\/product_brand?post=3232"},{"taxonomy":"product_cat","embeddable":true,"href":"https:\/\/potteryart.eu\/en_gb\/wp-json\/wp\/v2\/product_cat?post=3232"},{"taxonomy":"product_tag","embeddable":true,"href":"https:\/\/potteryart.eu\/en_gb\/wp-json\/wp\/v2\/product_tag?post=3232"}],"curies":[{"name":"wp","href":"https:\/\/api.w.org\/{rel}","templated":true}]}}