{"id":324,"date":"2020-12-27T09:43:22","date_gmt":"2020-12-27T08:43:22","guid":{"rendered":"https:\/\/potteryart.eu\/izdelek\/labirint-moi-3019\/"},"modified":"2026-02-19T07:30:07","modified_gmt":"2026-02-19T06:30:07","slug":"obesek-s-soncevim-labirintom3019","status":"publish","type":"product","link":"https:\/\/potteryart.eu\/en_gb\/spletna-trgovina\/labirinti\/labirint-moci-ali-soncev-labirint\/obesek-s-soncevim-labirintom3019\/","title":{"rendered":"Pendant with Sun Labyrinth 3019"},"content":{"rendered":"<h1>Pendant with Sun Labyrinth<\/h1>\n<p class=\"translation-block\">The Sun Labyrinth pendant is one of the pendants as ceramic jewellery from the Labyrinth pendants series. The present pendant with cord and clasp represents the Labyrinth of Power or the Sun Labyrinth in a receptive form. It is made in the technique of impressing clay into a plaster model, which is of our own manufacture. The pendant is made of black clay, glazed in the colours representing this labyrinth and fired at 1040\u00b0C. Diameter 4 cm, cord length 22 or 27 cm. The shape of the labyrinth presented on this pendant gives the jewellery a special touch, as each individual labyrinth carries its own characteristics and functions, which have an impact on the person who uses it, as well as on the surroundings in which it is located.<\/p>\n<h2>Pottery art clay design by Polona Zajc<\/h2>\n<p>Pottery art clay design by Polona Zajc also includes ceramic jewellery featuring the shapes of all the labyrinths. Both in expressive and receptive versions. They are made of different colours of clay and painted in glazes specific to each individual labyrinth. The pendants are impressions of a plaster model which gives the maze its relief form. The jewellery is special because of the role and function that the labyrinths carry.<\/p>\n<h3>Labyrinth of Power<\/h3>\n<p class=\"translation-block\">The Labyrinth of Power  is the most famous form of maze. As the name suggests, it represents and promotes personal power. However, it is not about promoting the power to dominate and manipulate people, but about the ability to realise an idea through a specific action. Its receptive form is primarily intended for people in positions of influence to eliminate the negative aspects of their status through the Power Labyrinth. To smooth the sharp edges of their personal power that are distracting to others. They can also use the Sun Labyrinth to limit their self-centredness and become more cooperative, while maintaining their authority. A truly authoritative individual will always motivate, support and be able to draw out the personal power of his subordinates so that they act from within themselves rather than according to his commands.<\/p>","protected":false},"excerpt":{"rendered":"<p>Obesek s Son\u010devim labirintom Obesek s Son\u010devim labirintom je eden od obeskov kot kerami\u010den nakit iz serije obeski z labirinti. Pri\u010dujo\u010d obesek z vrvico in sponko predstavlja Labirint mo\u010di ali Son\u010dev labirint v receptivni obliki. Narejen je v tehniki odtiskovanja gline v mav\u010dni model, ki je lastne izdelave. Obesek je narejen iz \u010drne gline, glaziran [&hellip;]<\/p>\n","protected":false},"featured_media":3309,"comment_status":"open","ping_status":"closed","template":"","meta":[],"product_brand":[],"product_cat":[240,38,86],"product_tag":[41,36,34,39,40,43,45,44,42],"class_list":{"0":"post-324","1":"product","2":"type-product","3":"status-publish","4":"has-post-thumbnail","6":"product_cat-labirint-moci-ali-soncev-labirint","7":"product_cat-labirinti","8":"product_cat-unikaten-nakit-iz-gline","9":"product_tag-amulet","10":"product_tag-darilo","11":"product_tag-kroznicek","12":"product_tag-labirint","13":"product_tag-labirinti","14":"product_tag-obesenka","15":"product_tag-osebno-darilo","16":"product_tag-personalizirano-darilo","17":"product_tag-sreca","19":"first","20":"instock","21":"purchasable","22":"product-type-simple"},"yoast_head":"<!-- This site is optimized with the Yoast SEO Premium plugin v27.4 (Yoast SEO v27.4) - https:\/\/yoast.com\/product\/yoast-seo-premium-wordpress\/ -->\n<title>Obesek s Son\u010devim labirintom<\/title>\n<meta name=\"description\" content=\"Obesek s Son\u010devim labirintom je izdelek pottery art oblikovanje gline Polone Zajc, imenujemo ga tudi Labirint mo\u010di. Izdelek je ro\u010dno delo.\" \/>\n<meta name=\"robots\" content=\"index, follow, max-snippet:-1, max-image-preview:large, max-video-preview:-1\" \/>\n<link rel=\"canonical\" href=\"https:\/\/potteryart.eu\/en_gb\/spletna-trgovina\/labirinti\/labirint-moci-ali-soncev-labirint\/obesek-s-soncevim-labirintom3019\/\" \/>\n<meta property=\"og:locale\" content=\"en_GB\" \/>\n<meta property=\"og:type\" content=\"article\" \/>\n<meta property=\"og:title\" content=\"Obesek s Son\u010devim labirintom 3019\" \/>\n<meta property=\"og:description\" content=\"Obesek s Son\u010devim labirintom je izdelek pottery art oblikovanje gline Polone Zajc, imenujemo ga tudi Labirint mo\u010di. Izdelek je ro\u010dno delo.\" \/>\n<meta property=\"og:url\" content=\"https:\/\/potteryart.eu\/en_gb\/spletna-trgovina\/labirinti\/labirint-moci-ali-soncev-labirint\/obesek-s-soncevim-labirintom3019\/\" \/>\n<meta property=\"og:site_name\" content=\"Zajc Polona\" \/>\n<meta property=\"article:modified_time\" content=\"2026-02-19T06:30:07+00:00\" \/>\n<meta property=\"og:image\" content=\"https:\/\/potteryart.eu\/wp-content\/uploads\/2021\/03\/20240904_185603-scaled.jpg\" \/>\n\t<meta property=\"og:image:width\" content=\"1920\" \/>\n\t<meta property=\"og:image:height\" content=\"2560\" \/>\n\t<meta property=\"og:image:type\" content=\"image\/jpeg\" \/>\n<meta name=\"twitter:card\" content=\"summary_large_image\" \/>\n<meta name=\"twitter:label1\" content=\"Estimated reading time\" \/>\n\t<meta name=\"twitter:data1\" content=\"2 minutes\" \/>\n<script type=\"application\/ld+json\" class=\"yoast-schema-graph\">{\"@context\":\"https:\\\/\\\/schema.org\",\"@graph\":[{\"@type\":\"WebPage\",\"@id\":\"https:\\\/\\\/potteryart.eu\\\/spletna-trgovina\\\/labirinti\\\/labirint-moci-ali-soncev-labirint\\\/obesek-s-soncevim-labirintom3019\\\/\",\"url\":\"https:\\\/\\\/potteryart.eu\\\/spletna-trgovina\\\/labirinti\\\/labirint-moci-ali-soncev-labirint\\\/obesek-s-soncevim-labirintom3019\\\/\",\"name\":\"Obesek s Son\u010devim labirintom\",\"isPartOf\":{\"@id\":\"https:\\\/\\\/potteryart.eu\\\/#website\"},\"primaryImageOfPage\":{\"@id\":\"https:\\\/\\\/potteryart.eu\\\/spletna-trgovina\\\/labirinti\\\/labirint-moci-ali-soncev-labirint\\\/obesek-s-soncevim-labirintom3019\\\/#primaryimage\"},\"image\":{\"@id\":\"https:\\\/\\\/potteryart.eu\\\/spletna-trgovina\\\/labirinti\\\/labirint-moci-ali-soncev-labirint\\\/obesek-s-soncevim-labirintom3019\\\/#primaryimage\"},\"thumbnailUrl\":\"https:\\\/\\\/potteryart.eu\\\/wp-content\\\/uploads\\\/2021\\\/03\\\/20240904_185603-scaled.jpg\",\"datePublished\":\"2020-12-27T08:43:22+00:00\",\"dateModified\":\"2026-02-19T06:30:07+00:00\",\"description\":\"Obesek s Son\u010devim labirintom je izdelek pottery art oblikovanje gline Polone Zajc, imenujemo ga tudi Labirint mo\u010di. Izdelek je ro\u010dno delo.\",\"breadcrumb\":{\"@id\":\"https:\\\/\\\/potteryart.eu\\\/spletna-trgovina\\\/labirinti\\\/labirint-moci-ali-soncev-labirint\\\/obesek-s-soncevim-labirintom3019\\\/#breadcrumb\"},\"inLanguage\":\"en-GB\",\"potentialAction\":[{\"@type\":\"ReadAction\",\"target\":[\"https:\\\/\\\/potteryart.eu\\\/spletna-trgovina\\\/labirinti\\\/labirint-moci-ali-soncev-labirint\\\/obesek-s-soncevim-labirintom3019\\\/\"]}]},{\"@type\":\"ImageObject\",\"inLanguage\":\"en-GB\",\"@id\":\"https:\\\/\\\/potteryart.eu\\\/spletna-trgovina\\\/labirinti\\\/labirint-moci-ali-soncev-labirint\\\/obesek-s-soncevim-labirintom3019\\\/#primaryimage\",\"url\":\"https:\\\/\\\/potteryart.eu\\\/wp-content\\\/uploads\\\/2021\\\/03\\\/20240904_185603-scaled.jpg\",\"contentUrl\":\"https:\\\/\\\/potteryart.eu\\\/wp-content\\\/uploads\\\/2021\\\/03\\\/20240904_185603-scaled.jpg\",\"width\":1920,\"height\":2560,\"caption\":\"obesek s son\u010devim labirintom, pottery art, labirint mo\u010di\"},{\"@type\":\"BreadcrumbList\",\"@id\":\"https:\\\/\\\/potteryart.eu\\\/spletna-trgovina\\\/labirinti\\\/labirint-moci-ali-soncev-labirint\\\/obesek-s-soncevim-labirintom3019\\\/#breadcrumb\",\"itemListElement\":[{\"@type\":\"ListItem\",\"position\":1,\"name\":\"Home\",\"item\":\"https:\\\/\\\/potteryart.eu\\\/\"},{\"@type\":\"ListItem\",\"position\":2,\"name\":\"Spletna trgovina\",\"item\":\"https:\\\/\\\/potteryart.eu\\\/spletna-trgovina\\\/\"},{\"@type\":\"ListItem\",\"position\":3,\"name\":\"Obesek s Son\u010devim labirintom 3019\"}]},{\"@type\":\"WebSite\",\"@id\":\"https:\\\/\\\/potteryart.eu\\\/#website\",\"url\":\"https:\\\/\\\/potteryart.eu\\\/\",\"name\":\"Zajc Polona\",\"description\":\"\",\"publisher\":{\"@id\":\"https:\\\/\\\/potteryart.eu\\\/#\\\/schema\\\/person\\\/819de6034d3dd0bbdcc3a95a0b6c7e4d\"},\"potentialAction\":[{\"@type\":\"SearchAction\",\"target\":{\"@type\":\"EntryPoint\",\"urlTemplate\":\"https:\\\/\\\/potteryart.eu\\\/?s={search_term_string}\"},\"query-input\":{\"@type\":\"PropertyValueSpecification\",\"valueRequired\":true,\"valueName\":\"search_term_string\"}}],\"inLanguage\":\"en-GB\"},{\"@type\":[\"Person\",\"Organization\"],\"@id\":\"https:\\\/\\\/potteryart.eu\\\/#\\\/schema\\\/person\\\/819de6034d3dd0bbdcc3a95a0b6c7e4d\",\"name\":\"polonazajc_admin\",\"image\":{\"@type\":\"ImageObject\",\"inLanguage\":\"en-GB\",\"@id\":\"https:\\\/\\\/potteryart.eu\\\/wp-content\\\/uploads\\\/2020\\\/12\\\/cropped-Logo-1.png\",\"url\":\"https:\\\/\\\/potteryart.eu\\\/wp-content\\\/uploads\\\/2020\\\/12\\\/cropped-Logo-1.png\",\"contentUrl\":\"https:\\\/\\\/potteryart.eu\\\/wp-content\\\/uploads\\\/2020\\\/12\\\/cropped-Logo-1.png\",\"width\":2113,\"height\":280,\"caption\":\"polonazajc_admin\"},\"logo\":{\"@id\":\"https:\\\/\\\/potteryart.eu\\\/wp-content\\\/uploads\\\/2020\\\/12\\\/cropped-Logo-1.png\"}}]}<\/script>\n<!-- \/ Yoast SEO Premium plugin. -->","yoast_head_json":{"title":"Pendant with Sun Labyrinth","description":"Obesek s Son\u010devim labirintom je izdelek pottery art oblikovanje gline Polone Zajc, imenujemo ga tudi Labirint mo\u010di. Izdelek je ro\u010dno delo.","robots":{"index":"index","follow":"follow","max-snippet":"max-snippet:-1","max-image-preview":"max-image-preview:large","max-video-preview":"max-video-preview:-1"},"canonical":"https:\/\/potteryart.eu\/en_gb\/spletna-trgovina\/labirinti\/labirint-moci-ali-soncev-labirint\/obesek-s-soncevim-labirintom3019\/","og_locale":"en_GB","og_type":"article","og_title":"Obesek s Son\u010devim labirintom 3019","og_description":"Obesek s Son\u010devim labirintom je izdelek pottery art oblikovanje gline Polone Zajc, imenujemo ga tudi Labirint mo\u010di. Izdelek je ro\u010dno delo.","og_url":"https:\/\/potteryart.eu\/en_gb\/spletna-trgovina\/labirinti\/labirint-moci-ali-soncev-labirint\/obesek-s-soncevim-labirintom3019\/","og_site_name":"Zajc Polona","article_modified_time":"2026-02-19T06:30:07+00:00","og_image":[{"width":1920,"height":2560,"url":"https:\/\/potteryart.eu\/wp-content\/uploads\/2021\/03\/20240904_185603-scaled.jpg","type":"image\/jpeg"}],"twitter_card":"summary_large_image","twitter_misc":{"Estimated reading time":"2 minutes"},"schema":{"@context":"https:\/\/schema.org","@graph":[{"@type":"WebPage","@id":"https:\/\/potteryart.eu\/spletna-trgovina\/labirinti\/labirint-moci-ali-soncev-labirint\/obesek-s-soncevim-labirintom3019\/","url":"https:\/\/potteryart.eu\/spletna-trgovina\/labirinti\/labirint-moci-ali-soncev-labirint\/obesek-s-soncevim-labirintom3019\/","name":"Pendant with Sun Labyrinth","isPartOf":{"@id":"https:\/\/potteryart.eu\/#website"},"primaryImageOfPage":{"@id":"https:\/\/potteryart.eu\/spletna-trgovina\/labirinti\/labirint-moci-ali-soncev-labirint\/obesek-s-soncevim-labirintom3019\/#primaryimage"},"image":{"@id":"https:\/\/potteryart.eu\/spletna-trgovina\/labirinti\/labirint-moci-ali-soncev-labirint\/obesek-s-soncevim-labirintom3019\/#primaryimage"},"thumbnailUrl":"https:\/\/potteryart.eu\/wp-content\/uploads\/2021\/03\/20240904_185603-scaled.jpg","datePublished":"2020-12-27T08:43:22+00:00","dateModified":"2026-02-19T06:30:07+00:00","description":"Obesek s Son\u010devim labirintom je izdelek pottery art oblikovanje gline Polone Zajc, imenujemo ga tudi Labirint mo\u010di. Izdelek je ro\u010dno delo.","breadcrumb":{"@id":"https:\/\/potteryart.eu\/spletna-trgovina\/labirinti\/labirint-moci-ali-soncev-labirint\/obesek-s-soncevim-labirintom3019\/#breadcrumb"},"inLanguage":"en-GB","potentialAction":[{"@type":"ReadAction","target":["https:\/\/potteryart.eu\/spletna-trgovina\/labirinti\/labirint-moci-ali-soncev-labirint\/obesek-s-soncevim-labirintom3019\/"]}]},{"@type":"ImageObject","inLanguage":"en-GB","@id":"https:\/\/potteryart.eu\/spletna-trgovina\/labirinti\/labirint-moci-ali-soncev-labirint\/obesek-s-soncevim-labirintom3019\/#primaryimage","url":"https:\/\/potteryart.eu\/wp-content\/uploads\/2021\/03\/20240904_185603-scaled.jpg","contentUrl":"https:\/\/potteryart.eu\/wp-content\/uploads\/2021\/03\/20240904_185603-scaled.jpg","width":1920,"height":2560,"caption":"obesek s son\u010devim labirintom, pottery art, labirint mo\u010di"},{"@type":"BreadcrumbList","@id":"https:\/\/potteryart.eu\/spletna-trgovina\/labirinti\/labirint-moci-ali-soncev-labirint\/obesek-s-soncevim-labirintom3019\/#breadcrumb","itemListElement":[{"@type":"ListItem","position":1,"name":"Home","item":"https:\/\/potteryart.eu\/"},{"@type":"ListItem","position":2,"name":"Spletna trgovina","item":"https:\/\/potteryart.eu\/spletna-trgovina\/"},{"@type":"ListItem","position":3,"name":"Obesek s Son\u010devim labirintom 3019"}]},{"@type":"WebSite","@id":"https:\/\/potteryart.eu\/#website","url":"https:\/\/potteryart.eu\/","name":"Zajc Polona","description":"","publisher":{"@id":"https:\/\/potteryart.eu\/#\/schema\/person\/819de6034d3dd0bbdcc3a95a0b6c7e4d"},"potentialAction":[{"@type":"SearchAction","target":{"@type":"EntryPoint","urlTemplate":"https:\/\/potteryart.eu\/?s={search_term_string}"},"query-input":{"@type":"PropertyValueSpecification","valueRequired":true,"valueName":"search_term_string"}}],"inLanguage":"en-GB"},{"@type":["Person","Organization"],"@id":"https:\/\/potteryart.eu\/#\/schema\/person\/819de6034d3dd0bbdcc3a95a0b6c7e4d","name":"polonazajc_admin","image":{"@type":"ImageObject","inLanguage":"en-GB","@id":"https:\/\/potteryart.eu\/wp-content\/uploads\/2020\/12\/cropped-Logo-1.png","url":"https:\/\/potteryart.eu\/wp-content\/uploads\/2020\/12\/cropped-Logo-1.png","contentUrl":"https:\/\/potteryart.eu\/wp-content\/uploads\/2020\/12\/cropped-Logo-1.png","width":2113,"height":280,"caption":"polonazajc_admin"},"logo":{"@id":"https:\/\/potteryart.eu\/wp-content\/uploads\/2020\/12\/cropped-Logo-1.png"}}]}},"_links":{"self":[{"href":"https:\/\/potteryart.eu\/en_gb\/wp-json\/wp\/v2\/product\/324","targetHints":{"allow":["GET"]}}],"collection":[{"href":"https:\/\/potteryart.eu\/en_gb\/wp-json\/wp\/v2\/product"}],"about":[{"href":"https:\/\/potteryart.eu\/en_gb\/wp-json\/wp\/v2\/types\/product"}],"replies":[{"embeddable":true,"href":"https:\/\/potteryart.eu\/en_gb\/wp-json\/wp\/v2\/comments?post=324"}],"wp:featuredmedia":[{"embeddable":true,"href":"https:\/\/potteryart.eu\/en_gb\/wp-json\/wp\/v2\/media\/3309"}],"wp:attachment":[{"href":"https:\/\/potteryart.eu\/en_gb\/wp-json\/wp\/v2\/media?parent=324"}],"wp:term":[{"taxonomy":"product_brand","embeddable":true,"href":"https:\/\/potteryart.eu\/en_gb\/wp-json\/wp\/v2\/product_brand?post=324"},{"taxonomy":"product_cat","embeddable":true,"href":"https:\/\/potteryart.eu\/en_gb\/wp-json\/wp\/v2\/product_cat?post=324"},{"taxonomy":"product_tag","embeddable":true,"href":"https:\/\/potteryart.eu\/en_gb\/wp-json\/wp\/v2\/product_tag?post=324"}],"curies":[{"name":"wp","href":"https:\/\/api.w.org\/{rel}","templated":true}]}}