{"id":326,"date":"2020-12-27T09:43:23","date_gmt":"2020-12-27T08:43:23","guid":{"rendered":"https:\/\/potteryart.eu\/izdelek\/labirint-povezanosti-3021\/"},"modified":"2026-02-19T07:29:35","modified_gmt":"2026-02-19T06:29:35","slug":"obesek-z-merkurjevim-labirintom3021","status":"publish","type":"product","link":"https:\/\/potteryart.eu\/en_gb\/spletna-trgovina\/labirinti\/labirint-povezanosti-ali-merkurjev-labirint\/obesek-z-merkurjevim-labirintom3021\/","title":{"rendered":"Pendant with Mercury Labyrinth 3021"},"content":{"rendered":"<h1>Mercury Labyrinth pendant<\/h1>\n<p class=\"translation-block\">Mercury Labyrinth pendant is one of the products of pottery art design Polona Zajc. The labyrinths are depicted on pendants in the collection. The pendant has a cord and a clasp. The Labyrinth of Connection or Mercury's Labyrinth is presented in a receptive form. The pendant is a cast of a plaster model of her own making, made of red clay, glazed and fired at 1040\u00b0C. Diameter 4 cm, cord length 22 or 27 cm. It is painted in the green colour of the Labyrinth of Connection. It is this shape that gives the pendant, which is essentially ceramic jewellery, a special meaning for the wearer and for the environment in which it is placed.<\/p>\n<h2>Pottery art clay design by Polona Zajc<\/h2>\n<p>Labyrinth pendants are one of the Pottery art clay design series by Polona Zajc. The series depicts all forms of labyrinths, both expressive and receptive. They are made by stamping clay into a pre-made plaster model of her own making. After the impression is made, a relief print of the labyrinth is created, which is fired in a ceramic kiln after drying. The colour of the glaze to be applied depends on the characteristics of the individual labyrinth. After firing the glaze, the product is formed. This is how the Mercury Labyrinth pendant was made.<\/p>\n<h3>The labyrinth of connection<\/h3>\n<p class=\"translation-block\">The Labyrinth of Connection, or Mercury's Labyrinth, has the task of connecting things and people that are seemingly disconnected. Passing through it encourages all forms of communication, from speech to writing. Better communication naturally leads to better relationships, friendship and cordiality. It could also be called the labyrinth of playfulness, indifference or even youth. It eliminates anxiety and helps to see life from a more cheerful point of view. Its receptive form, depicted here, has the priority of eliminating such vices as deceit, dishonesty, insincerity, duplicity, irresponsibility, carelessness and forgetfulness. This is why the Labyrinth of Connection is suitable for young people who are still forming and maturing. On a physical level it represents growth and development, and on a spiritual level it represents knowledge and learning, as well as the transmission of knowledge. The presence of the labyrinth in the neighbourhood will improve the closeness and understanding between people.<\/p>","protected":false},"excerpt":{"rendered":"<p>Obesek z Merkurjevim labirintom Obesek z Merkurjevim labirintom je eden od izdelkov pottery art oblikovanje Polone Zajc. V zbirki so labirinti upodobljeni na obeskih. Obesek je z vrvico in sponko. Labirint povezanosti ali Merkurjev labirint je predstavljen v receptivni obliki. Obesek je odtis mav\u010dnega modela lastne izdelave, narejen iz rde\u010de gline, glaziran in \u017egan pri [&hellip;]<\/p>\n","protected":false},"featured_media":3319,"comment_status":"open","ping_status":"closed","template":"","meta":[],"product_brand":[],"product_cat":[243,38,86],"product_tag":[41,36,34,39,40,43,45,44,42],"class_list":{"0":"post-326","1":"product","2":"type-product","3":"status-publish","4":"has-post-thumbnail","6":"product_cat-labirint-povezanosti-ali-merkurjev-labirint","7":"product_cat-labirinti","8":"product_cat-unikaten-nakit-iz-gline","9":"product_tag-amulet","10":"product_tag-darilo","11":"product_tag-kroznicek","12":"product_tag-labirint","13":"product_tag-labirinti","14":"product_tag-obesenka","15":"product_tag-osebno-darilo","16":"product_tag-personalizirano-darilo","17":"product_tag-sreca","19":"first","20":"instock","21":"purchasable","22":"product-type-simple"},"yoast_head":"<!-- This site is optimized with the Yoast SEO Premium plugin v27.4 (Yoast SEO v27.4) - https:\/\/yoast.com\/product\/yoast-seo-premium-wordpress\/ -->\n<title>Obesek z Merkurjevim labirintom<\/title>\n<meta name=\"description\" content=\"Obesek z Merkurjevim labirintom je izdelek pottery art oblikovanje gline Polone Zajc, imenujemo ga Labirint povezanosti. Izdelek je ro\u010dno narejen.\" \/>\n<meta name=\"robots\" content=\"index, follow, max-snippet:-1, max-image-preview:large, max-video-preview:-1\" \/>\n<link rel=\"canonical\" href=\"https:\/\/potteryart.eu\/en_gb\/spletna-trgovina\/labirinti\/labirint-povezanosti-ali-merkurjev-labirint\/obesek-z-merkurjevim-labirintom3021\/\" \/>\n<meta property=\"og:locale\" content=\"en_GB\" \/>\n<meta property=\"og:type\" content=\"article\" \/>\n<meta property=\"og:title\" content=\"Obesek z Merkurjevim labirintom 3021\" \/>\n<meta property=\"og:description\" content=\"Obesek z Merkurjevim labirintom je izdelek pottery art oblikovanje gline Polone Zajc, imenujemo ga Labirint povezanosti. Izdelek je ro\u010dno narejen.\" \/>\n<meta property=\"og:url\" content=\"https:\/\/potteryart.eu\/en_gb\/spletna-trgovina\/labirinti\/labirint-povezanosti-ali-merkurjev-labirint\/obesek-z-merkurjevim-labirintom3021\/\" \/>\n<meta property=\"og:site_name\" content=\"Zajc Polona\" \/>\n<meta property=\"article:modified_time\" content=\"2026-02-19T06:29:35+00:00\" \/>\n<meta property=\"og:image\" content=\"https:\/\/potteryart.eu\/wp-content\/uploads\/2021\/03\/20240904_185121-scaled.jpg\" \/>\n\t<meta property=\"og:image:width\" content=\"1920\" \/>\n\t<meta property=\"og:image:height\" content=\"2560\" \/>\n\t<meta property=\"og:image:type\" content=\"image\/jpeg\" \/>\n<meta name=\"twitter:card\" content=\"summary_large_image\" \/>\n<meta name=\"twitter:label1\" content=\"Estimated reading time\" \/>\n\t<meta name=\"twitter:data1\" content=\"2 minutes\" \/>\n<script type=\"application\/ld+json\" class=\"yoast-schema-graph\">{\"@context\":\"https:\\\/\\\/schema.org\",\"@graph\":[{\"@type\":\"WebPage\",\"@id\":\"https:\\\/\\\/potteryart.eu\\\/spletna-trgovina\\\/labirinti\\\/labirint-povezanosti-ali-merkurjev-labirint\\\/obesek-z-merkurjevim-labirintom3021\\\/\",\"url\":\"https:\\\/\\\/potteryart.eu\\\/spletna-trgovina\\\/labirinti\\\/labirint-povezanosti-ali-merkurjev-labirint\\\/obesek-z-merkurjevim-labirintom3021\\\/\",\"name\":\"Obesek z Merkurjevim labirintom\",\"isPartOf\":{\"@id\":\"https:\\\/\\\/potteryart.eu\\\/#website\"},\"primaryImageOfPage\":{\"@id\":\"https:\\\/\\\/potteryart.eu\\\/spletna-trgovina\\\/labirinti\\\/labirint-povezanosti-ali-merkurjev-labirint\\\/obesek-z-merkurjevim-labirintom3021\\\/#primaryimage\"},\"image\":{\"@id\":\"https:\\\/\\\/potteryart.eu\\\/spletna-trgovina\\\/labirinti\\\/labirint-povezanosti-ali-merkurjev-labirint\\\/obesek-z-merkurjevim-labirintom3021\\\/#primaryimage\"},\"thumbnailUrl\":\"https:\\\/\\\/potteryart.eu\\\/wp-content\\\/uploads\\\/2021\\\/03\\\/20240904_185121-scaled.jpg\",\"datePublished\":\"2020-12-27T08:43:23+00:00\",\"dateModified\":\"2026-02-19T06:29:35+00:00\",\"description\":\"Obesek z Merkurjevim labirintom je izdelek pottery art oblikovanje gline Polone Zajc, imenujemo ga Labirint povezanosti. Izdelek je ro\u010dno narejen.\",\"breadcrumb\":{\"@id\":\"https:\\\/\\\/potteryart.eu\\\/spletna-trgovina\\\/labirinti\\\/labirint-povezanosti-ali-merkurjev-labirint\\\/obesek-z-merkurjevim-labirintom3021\\\/#breadcrumb\"},\"inLanguage\":\"en-GB\",\"potentialAction\":[{\"@type\":\"ReadAction\",\"target\":[\"https:\\\/\\\/potteryart.eu\\\/spletna-trgovina\\\/labirinti\\\/labirint-povezanosti-ali-merkurjev-labirint\\\/obesek-z-merkurjevim-labirintom3021\\\/\"]}]},{\"@type\":\"ImageObject\",\"inLanguage\":\"en-GB\",\"@id\":\"https:\\\/\\\/potteryart.eu\\\/spletna-trgovina\\\/labirinti\\\/labirint-povezanosti-ali-merkurjev-labirint\\\/obesek-z-merkurjevim-labirintom3021\\\/#primaryimage\",\"url\":\"https:\\\/\\\/potteryart.eu\\\/wp-content\\\/uploads\\\/2021\\\/03\\\/20240904_185121-scaled.jpg\",\"contentUrl\":\"https:\\\/\\\/potteryart.eu\\\/wp-content\\\/uploads\\\/2021\\\/03\\\/20240904_185121-scaled.jpg\",\"width\":1920,\"height\":2560},{\"@type\":\"BreadcrumbList\",\"@id\":\"https:\\\/\\\/potteryart.eu\\\/spletna-trgovina\\\/labirinti\\\/labirint-povezanosti-ali-merkurjev-labirint\\\/obesek-z-merkurjevim-labirintom3021\\\/#breadcrumb\",\"itemListElement\":[{\"@type\":\"ListItem\",\"position\":1,\"name\":\"Home\",\"item\":\"https:\\\/\\\/potteryart.eu\\\/\"},{\"@type\":\"ListItem\",\"position\":2,\"name\":\"Spletna trgovina\",\"item\":\"https:\\\/\\\/potteryart.eu\\\/spletna-trgovina\\\/\"},{\"@type\":\"ListItem\",\"position\":3,\"name\":\"Obesek z Merkurjevim labirintom 3021\"}]},{\"@type\":\"WebSite\",\"@id\":\"https:\\\/\\\/potteryart.eu\\\/#website\",\"url\":\"https:\\\/\\\/potteryart.eu\\\/\",\"name\":\"Zajc Polona\",\"description\":\"\",\"publisher\":{\"@id\":\"https:\\\/\\\/potteryart.eu\\\/#\\\/schema\\\/person\\\/819de6034d3dd0bbdcc3a95a0b6c7e4d\"},\"potentialAction\":[{\"@type\":\"SearchAction\",\"target\":{\"@type\":\"EntryPoint\",\"urlTemplate\":\"https:\\\/\\\/potteryart.eu\\\/?s={search_term_string}\"},\"query-input\":{\"@type\":\"PropertyValueSpecification\",\"valueRequired\":true,\"valueName\":\"search_term_string\"}}],\"inLanguage\":\"en-GB\"},{\"@type\":[\"Person\",\"Organization\"],\"@id\":\"https:\\\/\\\/potteryart.eu\\\/#\\\/schema\\\/person\\\/819de6034d3dd0bbdcc3a95a0b6c7e4d\",\"name\":\"polonazajc_admin\",\"image\":{\"@type\":\"ImageObject\",\"inLanguage\":\"en-GB\",\"@id\":\"https:\\\/\\\/potteryart.eu\\\/wp-content\\\/uploads\\\/2020\\\/12\\\/cropped-Logo-1.png\",\"url\":\"https:\\\/\\\/potteryart.eu\\\/wp-content\\\/uploads\\\/2020\\\/12\\\/cropped-Logo-1.png\",\"contentUrl\":\"https:\\\/\\\/potteryart.eu\\\/wp-content\\\/uploads\\\/2020\\\/12\\\/cropped-Logo-1.png\",\"width\":2113,\"height\":280,\"caption\":\"polonazajc_admin\"},\"logo\":{\"@id\":\"https:\\\/\\\/potteryart.eu\\\/wp-content\\\/uploads\\\/2020\\\/12\\\/cropped-Logo-1.png\"}}]}<\/script>\n<!-- \/ Yoast SEO Premium plugin. -->","yoast_head_json":{"title":"Mercury Labyrinth pendant","description":"Obesek z Merkurjevim labirintom je izdelek pottery art oblikovanje gline Polone Zajc, imenujemo ga Labirint povezanosti. Izdelek je ro\u010dno narejen.","robots":{"index":"index","follow":"follow","max-snippet":"max-snippet:-1","max-image-preview":"max-image-preview:large","max-video-preview":"max-video-preview:-1"},"canonical":"https:\/\/potteryart.eu\/en_gb\/spletna-trgovina\/labirinti\/labirint-povezanosti-ali-merkurjev-labirint\/obesek-z-merkurjevim-labirintom3021\/","og_locale":"en_GB","og_type":"article","og_title":"Obesek z Merkurjevim labirintom 3021","og_description":"Obesek z Merkurjevim labirintom je izdelek pottery art oblikovanje gline Polone Zajc, imenujemo ga Labirint povezanosti. Izdelek je ro\u010dno narejen.","og_url":"https:\/\/potteryart.eu\/en_gb\/spletna-trgovina\/labirinti\/labirint-povezanosti-ali-merkurjev-labirint\/obesek-z-merkurjevim-labirintom3021\/","og_site_name":"Zajc Polona","article_modified_time":"2026-02-19T06:29:35+00:00","og_image":[{"width":1920,"height":2560,"url":"https:\/\/potteryart.eu\/wp-content\/uploads\/2021\/03\/20240904_185121-scaled.jpg","type":"image\/jpeg"}],"twitter_card":"summary_large_image","twitter_misc":{"Estimated reading time":"2 minutes"},"schema":{"@context":"https:\/\/schema.org","@graph":[{"@type":"WebPage","@id":"https:\/\/potteryart.eu\/spletna-trgovina\/labirinti\/labirint-povezanosti-ali-merkurjev-labirint\/obesek-z-merkurjevim-labirintom3021\/","url":"https:\/\/potteryart.eu\/spletna-trgovina\/labirinti\/labirint-povezanosti-ali-merkurjev-labirint\/obesek-z-merkurjevim-labirintom3021\/","name":"Mercury Labyrinth pendant","isPartOf":{"@id":"https:\/\/potteryart.eu\/#website"},"primaryImageOfPage":{"@id":"https:\/\/potteryart.eu\/spletna-trgovina\/labirinti\/labirint-povezanosti-ali-merkurjev-labirint\/obesek-z-merkurjevim-labirintom3021\/#primaryimage"},"image":{"@id":"https:\/\/potteryart.eu\/spletna-trgovina\/labirinti\/labirint-povezanosti-ali-merkurjev-labirint\/obesek-z-merkurjevim-labirintom3021\/#primaryimage"},"thumbnailUrl":"https:\/\/potteryart.eu\/wp-content\/uploads\/2021\/03\/20240904_185121-scaled.jpg","datePublished":"2020-12-27T08:43:23+00:00","dateModified":"2026-02-19T06:29:35+00:00","description":"Obesek z Merkurjevim labirintom je izdelek pottery art oblikovanje gline Polone Zajc, imenujemo ga Labirint povezanosti. Izdelek je ro\u010dno narejen.","breadcrumb":{"@id":"https:\/\/potteryart.eu\/spletna-trgovina\/labirinti\/labirint-povezanosti-ali-merkurjev-labirint\/obesek-z-merkurjevim-labirintom3021\/#breadcrumb"},"inLanguage":"en-GB","potentialAction":[{"@type":"ReadAction","target":["https:\/\/potteryart.eu\/spletna-trgovina\/labirinti\/labirint-povezanosti-ali-merkurjev-labirint\/obesek-z-merkurjevim-labirintom3021\/"]}]},{"@type":"ImageObject","inLanguage":"en-GB","@id":"https:\/\/potteryart.eu\/spletna-trgovina\/labirinti\/labirint-povezanosti-ali-merkurjev-labirint\/obesek-z-merkurjevim-labirintom3021\/#primaryimage","url":"https:\/\/potteryart.eu\/wp-content\/uploads\/2021\/03\/20240904_185121-scaled.jpg","contentUrl":"https:\/\/potteryart.eu\/wp-content\/uploads\/2021\/03\/20240904_185121-scaled.jpg","width":1920,"height":2560},{"@type":"BreadcrumbList","@id":"https:\/\/potteryart.eu\/spletna-trgovina\/labirinti\/labirint-povezanosti-ali-merkurjev-labirint\/obesek-z-merkurjevim-labirintom3021\/#breadcrumb","itemListElement":[{"@type":"ListItem","position":1,"name":"Home","item":"https:\/\/potteryart.eu\/"},{"@type":"ListItem","position":2,"name":"Spletna trgovina","item":"https:\/\/potteryart.eu\/spletna-trgovina\/"},{"@type":"ListItem","position":3,"name":"Obesek z Merkurjevim labirintom 3021"}]},{"@type":"WebSite","@id":"https:\/\/potteryart.eu\/#website","url":"https:\/\/potteryart.eu\/","name":"Zajc Polona","description":"","publisher":{"@id":"https:\/\/potteryart.eu\/#\/schema\/person\/819de6034d3dd0bbdcc3a95a0b6c7e4d"},"potentialAction":[{"@type":"SearchAction","target":{"@type":"EntryPoint","urlTemplate":"https:\/\/potteryart.eu\/?s={search_term_string}"},"query-input":{"@type":"PropertyValueSpecification","valueRequired":true,"valueName":"search_term_string"}}],"inLanguage":"en-GB"},{"@type":["Person","Organization"],"@id":"https:\/\/potteryart.eu\/#\/schema\/person\/819de6034d3dd0bbdcc3a95a0b6c7e4d","name":"polonazajc_admin","image":{"@type":"ImageObject","inLanguage":"en-GB","@id":"https:\/\/potteryart.eu\/wp-content\/uploads\/2020\/12\/cropped-Logo-1.png","url":"https:\/\/potteryart.eu\/wp-content\/uploads\/2020\/12\/cropped-Logo-1.png","contentUrl":"https:\/\/potteryart.eu\/wp-content\/uploads\/2020\/12\/cropped-Logo-1.png","width":2113,"height":280,"caption":"polonazajc_admin"},"logo":{"@id":"https:\/\/potteryart.eu\/wp-content\/uploads\/2020\/12\/cropped-Logo-1.png"}}]}},"_links":{"self":[{"href":"https:\/\/potteryart.eu\/en_gb\/wp-json\/wp\/v2\/product\/326","targetHints":{"allow":["GET"]}}],"collection":[{"href":"https:\/\/potteryart.eu\/en_gb\/wp-json\/wp\/v2\/product"}],"about":[{"href":"https:\/\/potteryart.eu\/en_gb\/wp-json\/wp\/v2\/types\/product"}],"replies":[{"embeddable":true,"href":"https:\/\/potteryart.eu\/en_gb\/wp-json\/wp\/v2\/comments?post=326"}],"wp:featuredmedia":[{"embeddable":true,"href":"https:\/\/potteryart.eu\/en_gb\/wp-json\/wp\/v2\/media\/3319"}],"wp:attachment":[{"href":"https:\/\/potteryart.eu\/en_gb\/wp-json\/wp\/v2\/media?parent=326"}],"wp:term":[{"taxonomy":"product_brand","embeddable":true,"href":"https:\/\/potteryart.eu\/en_gb\/wp-json\/wp\/v2\/product_brand?post=326"},{"taxonomy":"product_cat","embeddable":true,"href":"https:\/\/potteryart.eu\/en_gb\/wp-json\/wp\/v2\/product_cat?post=326"},{"taxonomy":"product_tag","embeddable":true,"href":"https:\/\/potteryart.eu\/en_gb\/wp-json\/wp\/v2\/product_tag?post=326"}],"curies":[{"name":"wp","href":"https:\/\/api.w.org\/{rel}","templated":true}]}}