{"id":328,"date":"2020-12-27T09:43:23","date_gmt":"2020-12-27T08:43:23","guid":{"rendered":"https:\/\/potteryart.eu\/izdelek\/labirint-energije-3023\/"},"modified":"2026-02-19T07:29:03","modified_gmt":"2026-02-19T06:29:03","slug":"marsov-labirint-na-obesku-3023","status":"publish","type":"product","link":"https:\/\/potteryart.eu\/en_gb\/spletna-trgovina\/labirinti\/labirint-energije-ali-marsov-labirint\/marsov-labirint-na-obesku-3023\/","title":{"rendered":"Mars Labyrinth on a pendant 3023"},"content":{"rendered":"<h1>Mars Labyrinth on a pendant<\/h1>\n<p class=\"translation-block\">Mars Labyrinth on a Pendant is a ceramic jewellery from the Pottery Art ceramic series by Polona Zajc. It is a pendant with a cord and a clasp, representing the Labyrinth of Energy or the Labyrinth of Mars in receptive form. It is made as a plaster cast of a model of her own making, made of red clay, glazed and fired at 1040\u00b0C. Diameter 3,5 cm, cord length 22 or 27 cm. The relief of the labyrinth in the characteristic red colour gives the jewellery meaning for the wearer as well as for the surroundings in which it is placed.<\/p>\n<h2>Pottery art clay design by Polona Zajc<\/h2>\n<p class=\"translation-block\">Ceramic jewellery in the form of pendants with relief prints of all the labyrinths is a series of Pottery art clay design by Polona Zajc. In this series, all the labyrinth shapes are represented in both expressive and receptive form. This means that everyone can find a suitable shape for themselves. Each labyrinth shape has its own meaning and task, its own peculiarities and functions. By using them, we can solve problems that arise in a preventive way, or we can strengthen positive actions. They also have an effect on the surroundings in which they are located.<\/p>\n<h3>Labyrinth of Energy<\/h3>\n<p>The Labyrinth of Energy, or Mars Labyrinth, has a heart-shaped centre. And the essence of this labyrinth is really about the heart, courage, commitment, ideals, protection and justice. Every now and then we all find ourselves in a situation where we need to throw off old clothes, uproot old patterns and abandon old ways of living. If we are to embrace the new, the old must die in some way. To do this we need strength and courage, and in this sense the Energy Labyrinth helps us. Its expressive form will stimulate all these positive qualities, but since there are many negative factors, it is wiser to choose the receptive form, as presented in the present labyrinth. This eliminates them, for we all know the problems of restlessness, tension, inner insecurity, aggression, destructiveness and quarrelsomeness. In the area of relationships, the Mars labyrinth will drive away strife and violence, and spiritually it will stimulate an inner willingness to raise consciousness.<\/p>","protected":false},"excerpt":{"rendered":"<p>Marsov labirint na obesku Marsov labirint na obesku je kerami\u010den nakit iz serije kerami\u010dnih izdelkov pottery art oblikovanje gline Polone Zajc. Je obesek z vrvico in sponko, ki predstavlja Labirint energije ali Marsov labirint v receptivni obliki. Izdelan je kot odtis mav\u010dnega modela lastne izdelave, narejen iz rde\u010de gline, glaziran in \u017egan pri 1040\u00b0C. Premer [&hellip;]<\/p>\n","protected":false},"featured_media":3333,"comment_status":"open","ping_status":"closed","template":"","meta":[],"product_brand":[],"product_cat":[242,38,86],"product_tag":[41,36,34,39,40,43,45,44,42],"class_list":{"0":"post-328","1":"product","2":"type-product","3":"status-publish","4":"has-post-thumbnail","6":"product_cat-labirint-energije-ali-marsov-labirint","7":"product_cat-labirinti","8":"product_cat-unikaten-nakit-iz-gline","9":"product_tag-amulet","10":"product_tag-darilo","11":"product_tag-kroznicek","12":"product_tag-labirint","13":"product_tag-labirinti","14":"product_tag-obesenka","15":"product_tag-osebno-darilo","16":"product_tag-personalizirano-darilo","17":"product_tag-sreca","19":"first","20":"instock","21":"purchasable","22":"product-type-simple"},"yoast_head":"<!-- This site is optimized with the Yoast SEO Premium plugin v27.4 (Yoast SEO v27.4) - https:\/\/yoast.com\/product\/yoast-seo-premium-wordpress\/ -->\n<title>Marsov labirint na obesku<\/title>\n<meta name=\"description\" content=\"Marsov labirint na obesku je izdelek pottery art oblikovanje gline Polone Zajc, imenujemo ga tudi Labirint energije. izdelek je unikaten nakit iz gline.\" \/>\n<meta name=\"robots\" content=\"index, follow, max-snippet:-1, max-image-preview:large, max-video-preview:-1\" \/>\n<link rel=\"canonical\" href=\"https:\/\/potteryart.eu\/en_gb\/spletna-trgovina\/labirinti\/labirint-energije-ali-marsov-labirint\/marsov-labirint-na-obesku-3023\/\" \/>\n<meta property=\"og:locale\" content=\"en_GB\" \/>\n<meta property=\"og:type\" content=\"article\" \/>\n<meta property=\"og:title\" content=\"Marsov labirint na obesku 3023\" \/>\n<meta property=\"og:description\" content=\"Marsov labirint na obesku je izdelek pottery art oblikovanje gline Polone Zajc, imenujemo ga tudi Labirint energije. izdelek je unikaten nakit iz gline.\" \/>\n<meta property=\"og:url\" content=\"https:\/\/potteryart.eu\/en_gb\/spletna-trgovina\/labirinti\/labirint-energije-ali-marsov-labirint\/marsov-labirint-na-obesku-3023\/\" \/>\n<meta property=\"og:site_name\" content=\"Zajc Polona\" \/>\n<meta property=\"article:modified_time\" content=\"2026-02-19T06:29:03+00:00\" \/>\n<meta property=\"og:image\" content=\"https:\/\/potteryart.eu\/wp-content\/uploads\/2021\/03\/20240904_184717-scaled.jpg\" \/>\n\t<meta property=\"og:image:width\" content=\"1920\" \/>\n\t<meta property=\"og:image:height\" content=\"2560\" \/>\n\t<meta property=\"og:image:type\" content=\"image\/jpeg\" \/>\n<meta name=\"twitter:card\" content=\"summary_large_image\" \/>\n<meta name=\"twitter:label1\" content=\"Estimated reading time\" \/>\n\t<meta name=\"twitter:data1\" content=\"2 minutes\" \/>\n<script type=\"application\/ld+json\" class=\"yoast-schema-graph\">{\"@context\":\"https:\\\/\\\/schema.org\",\"@graph\":[{\"@type\":\"WebPage\",\"@id\":\"https:\\\/\\\/potteryart.eu\\\/spletna-trgovina\\\/labirinti\\\/labirint-energije-ali-marsov-labirint\\\/marsov-labirint-na-obesku-3023\\\/\",\"url\":\"https:\\\/\\\/potteryart.eu\\\/spletna-trgovina\\\/labirinti\\\/labirint-energije-ali-marsov-labirint\\\/marsov-labirint-na-obesku-3023\\\/\",\"name\":\"Marsov labirint na obesku\",\"isPartOf\":{\"@id\":\"https:\\\/\\\/potteryart.eu\\\/#website\"},\"primaryImageOfPage\":{\"@id\":\"https:\\\/\\\/potteryart.eu\\\/spletna-trgovina\\\/labirinti\\\/labirint-energije-ali-marsov-labirint\\\/marsov-labirint-na-obesku-3023\\\/#primaryimage\"},\"image\":{\"@id\":\"https:\\\/\\\/potteryart.eu\\\/spletna-trgovina\\\/labirinti\\\/labirint-energije-ali-marsov-labirint\\\/marsov-labirint-na-obesku-3023\\\/#primaryimage\"},\"thumbnailUrl\":\"https:\\\/\\\/potteryart.eu\\\/wp-content\\\/uploads\\\/2021\\\/03\\\/20240904_184717-scaled.jpg\",\"datePublished\":\"2020-12-27T08:43:23+00:00\",\"dateModified\":\"2026-02-19T06:29:03+00:00\",\"description\":\"Marsov labirint na obesku je izdelek pottery art oblikovanje gline Polone Zajc, imenujemo ga tudi Labirint energije. izdelek je unikaten nakit iz gline.\",\"breadcrumb\":{\"@id\":\"https:\\\/\\\/potteryart.eu\\\/spletna-trgovina\\\/labirinti\\\/labirint-energije-ali-marsov-labirint\\\/marsov-labirint-na-obesku-3023\\\/#breadcrumb\"},\"inLanguage\":\"en-GB\",\"potentialAction\":[{\"@type\":\"ReadAction\",\"target\":[\"https:\\\/\\\/potteryart.eu\\\/spletna-trgovina\\\/labirinti\\\/labirint-energije-ali-marsov-labirint\\\/marsov-labirint-na-obesku-3023\\\/\"]}]},{\"@type\":\"ImageObject\",\"inLanguage\":\"en-GB\",\"@id\":\"https:\\\/\\\/potteryart.eu\\\/spletna-trgovina\\\/labirinti\\\/labirint-energije-ali-marsov-labirint\\\/marsov-labirint-na-obesku-3023\\\/#primaryimage\",\"url\":\"https:\\\/\\\/potteryart.eu\\\/wp-content\\\/uploads\\\/2021\\\/03\\\/20240904_184717-scaled.jpg\",\"contentUrl\":\"https:\\\/\\\/potteryart.eu\\\/wp-content\\\/uploads\\\/2021\\\/03\\\/20240904_184717-scaled.jpg\",\"width\":1920,\"height\":2560},{\"@type\":\"BreadcrumbList\",\"@id\":\"https:\\\/\\\/potteryart.eu\\\/spletna-trgovina\\\/labirinti\\\/labirint-energije-ali-marsov-labirint\\\/marsov-labirint-na-obesku-3023\\\/#breadcrumb\",\"itemListElement\":[{\"@type\":\"ListItem\",\"position\":1,\"name\":\"Home\",\"item\":\"https:\\\/\\\/potteryart.eu\\\/\"},{\"@type\":\"ListItem\",\"position\":2,\"name\":\"Spletna trgovina\",\"item\":\"https:\\\/\\\/potteryart.eu\\\/spletna-trgovina\\\/\"},{\"@type\":\"ListItem\",\"position\":3,\"name\":\"Marsov labirint na obesku 3023\"}]},{\"@type\":\"WebSite\",\"@id\":\"https:\\\/\\\/potteryart.eu\\\/#website\",\"url\":\"https:\\\/\\\/potteryart.eu\\\/\",\"name\":\"Zajc Polona\",\"description\":\"\",\"publisher\":{\"@id\":\"https:\\\/\\\/potteryart.eu\\\/#\\\/schema\\\/person\\\/819de6034d3dd0bbdcc3a95a0b6c7e4d\"},\"potentialAction\":[{\"@type\":\"SearchAction\",\"target\":{\"@type\":\"EntryPoint\",\"urlTemplate\":\"https:\\\/\\\/potteryart.eu\\\/?s={search_term_string}\"},\"query-input\":{\"@type\":\"PropertyValueSpecification\",\"valueRequired\":true,\"valueName\":\"search_term_string\"}}],\"inLanguage\":\"en-GB\"},{\"@type\":[\"Person\",\"Organization\"],\"@id\":\"https:\\\/\\\/potteryart.eu\\\/#\\\/schema\\\/person\\\/819de6034d3dd0bbdcc3a95a0b6c7e4d\",\"name\":\"polonazajc_admin\",\"image\":{\"@type\":\"ImageObject\",\"inLanguage\":\"en-GB\",\"@id\":\"https:\\\/\\\/potteryart.eu\\\/wp-content\\\/uploads\\\/2020\\\/12\\\/cropped-Logo-1.png\",\"url\":\"https:\\\/\\\/potteryart.eu\\\/wp-content\\\/uploads\\\/2020\\\/12\\\/cropped-Logo-1.png\",\"contentUrl\":\"https:\\\/\\\/potteryart.eu\\\/wp-content\\\/uploads\\\/2020\\\/12\\\/cropped-Logo-1.png\",\"width\":2113,\"height\":280,\"caption\":\"polonazajc_admin\"},\"logo\":{\"@id\":\"https:\\\/\\\/potteryart.eu\\\/wp-content\\\/uploads\\\/2020\\\/12\\\/cropped-Logo-1.png\"}}]}<\/script>\n<!-- \/ Yoast SEO Premium plugin. -->","yoast_head_json":{"title":"Mars Labyrinth on a pendant","description":"Marsov labirint na obesku je izdelek pottery art oblikovanje gline Polone Zajc, imenujemo ga tudi Labirint energije. izdelek je unikaten nakit iz gline.","robots":{"index":"index","follow":"follow","max-snippet":"max-snippet:-1","max-image-preview":"max-image-preview:large","max-video-preview":"max-video-preview:-1"},"canonical":"https:\/\/potteryart.eu\/en_gb\/spletna-trgovina\/labirinti\/labirint-energije-ali-marsov-labirint\/marsov-labirint-na-obesku-3023\/","og_locale":"en_GB","og_type":"article","og_title":"Marsov labirint na obesku 3023","og_description":"Marsov labirint na obesku je izdelek pottery art oblikovanje gline Polone Zajc, imenujemo ga tudi Labirint energije. izdelek je unikaten nakit iz gline.","og_url":"https:\/\/potteryart.eu\/en_gb\/spletna-trgovina\/labirinti\/labirint-energije-ali-marsov-labirint\/marsov-labirint-na-obesku-3023\/","og_site_name":"Zajc Polona","article_modified_time":"2026-02-19T06:29:03+00:00","og_image":[{"width":1920,"height":2560,"url":"https:\/\/potteryart.eu\/wp-content\/uploads\/2021\/03\/20240904_184717-scaled.jpg","type":"image\/jpeg"}],"twitter_card":"summary_large_image","twitter_misc":{"Estimated reading time":"2 minutes"},"schema":{"@context":"https:\/\/schema.org","@graph":[{"@type":"WebPage","@id":"https:\/\/potteryart.eu\/spletna-trgovina\/labirinti\/labirint-energije-ali-marsov-labirint\/marsov-labirint-na-obesku-3023\/","url":"https:\/\/potteryart.eu\/spletna-trgovina\/labirinti\/labirint-energije-ali-marsov-labirint\/marsov-labirint-na-obesku-3023\/","name":"Mars Labyrinth on a pendant","isPartOf":{"@id":"https:\/\/potteryart.eu\/#website"},"primaryImageOfPage":{"@id":"https:\/\/potteryart.eu\/spletna-trgovina\/labirinti\/labirint-energije-ali-marsov-labirint\/marsov-labirint-na-obesku-3023\/#primaryimage"},"image":{"@id":"https:\/\/potteryart.eu\/spletna-trgovina\/labirinti\/labirint-energije-ali-marsov-labirint\/marsov-labirint-na-obesku-3023\/#primaryimage"},"thumbnailUrl":"https:\/\/potteryart.eu\/wp-content\/uploads\/2021\/03\/20240904_184717-scaled.jpg","datePublished":"2020-12-27T08:43:23+00:00","dateModified":"2026-02-19T06:29:03+00:00","description":"Marsov labirint na obesku je izdelek pottery art oblikovanje gline Polone Zajc, imenujemo ga tudi Labirint energije. izdelek je unikaten nakit iz gline.","breadcrumb":{"@id":"https:\/\/potteryart.eu\/spletna-trgovina\/labirinti\/labirint-energije-ali-marsov-labirint\/marsov-labirint-na-obesku-3023\/#breadcrumb"},"inLanguage":"en-GB","potentialAction":[{"@type":"ReadAction","target":["https:\/\/potteryart.eu\/spletna-trgovina\/labirinti\/labirint-energije-ali-marsov-labirint\/marsov-labirint-na-obesku-3023\/"]}]},{"@type":"ImageObject","inLanguage":"en-GB","@id":"https:\/\/potteryart.eu\/spletna-trgovina\/labirinti\/labirint-energije-ali-marsov-labirint\/marsov-labirint-na-obesku-3023\/#primaryimage","url":"https:\/\/potteryart.eu\/wp-content\/uploads\/2021\/03\/20240904_184717-scaled.jpg","contentUrl":"https:\/\/potteryart.eu\/wp-content\/uploads\/2021\/03\/20240904_184717-scaled.jpg","width":1920,"height":2560},{"@type":"BreadcrumbList","@id":"https:\/\/potteryart.eu\/spletna-trgovina\/labirinti\/labirint-energije-ali-marsov-labirint\/marsov-labirint-na-obesku-3023\/#breadcrumb","itemListElement":[{"@type":"ListItem","position":1,"name":"Home","item":"https:\/\/potteryart.eu\/"},{"@type":"ListItem","position":2,"name":"Spletna trgovina","item":"https:\/\/potteryart.eu\/spletna-trgovina\/"},{"@type":"ListItem","position":3,"name":"Marsov labirint na obesku 3023"}]},{"@type":"WebSite","@id":"https:\/\/potteryart.eu\/#website","url":"https:\/\/potteryart.eu\/","name":"Zajc Polona","description":"","publisher":{"@id":"https:\/\/potteryart.eu\/#\/schema\/person\/819de6034d3dd0bbdcc3a95a0b6c7e4d"},"potentialAction":[{"@type":"SearchAction","target":{"@type":"EntryPoint","urlTemplate":"https:\/\/potteryart.eu\/?s={search_term_string}"},"query-input":{"@type":"PropertyValueSpecification","valueRequired":true,"valueName":"search_term_string"}}],"inLanguage":"en-GB"},{"@type":["Person","Organization"],"@id":"https:\/\/potteryart.eu\/#\/schema\/person\/819de6034d3dd0bbdcc3a95a0b6c7e4d","name":"polonazajc_admin","image":{"@type":"ImageObject","inLanguage":"en-GB","@id":"https:\/\/potteryart.eu\/wp-content\/uploads\/2020\/12\/cropped-Logo-1.png","url":"https:\/\/potteryart.eu\/wp-content\/uploads\/2020\/12\/cropped-Logo-1.png","contentUrl":"https:\/\/potteryart.eu\/wp-content\/uploads\/2020\/12\/cropped-Logo-1.png","width":2113,"height":280,"caption":"polonazajc_admin"},"logo":{"@id":"https:\/\/potteryart.eu\/wp-content\/uploads\/2020\/12\/cropped-Logo-1.png"}}]}},"_links":{"self":[{"href":"https:\/\/potteryart.eu\/en_gb\/wp-json\/wp\/v2\/product\/328","targetHints":{"allow":["GET"]}}],"collection":[{"href":"https:\/\/potteryart.eu\/en_gb\/wp-json\/wp\/v2\/product"}],"about":[{"href":"https:\/\/potteryart.eu\/en_gb\/wp-json\/wp\/v2\/types\/product"}],"replies":[{"embeddable":true,"href":"https:\/\/potteryart.eu\/en_gb\/wp-json\/wp\/v2\/comments?post=328"}],"wp:featuredmedia":[{"embeddable":true,"href":"https:\/\/potteryart.eu\/en_gb\/wp-json\/wp\/v2\/media\/3333"}],"wp:attachment":[{"href":"https:\/\/potteryart.eu\/en_gb\/wp-json\/wp\/v2\/media?parent=328"}],"wp:term":[{"taxonomy":"product_brand","embeddable":true,"href":"https:\/\/potteryart.eu\/en_gb\/wp-json\/wp\/v2\/product_brand?post=328"},{"taxonomy":"product_cat","embeddable":true,"href":"https:\/\/potteryart.eu\/en_gb\/wp-json\/wp\/v2\/product_cat?post=328"},{"taxonomy":"product_tag","embeddable":true,"href":"https:\/\/potteryart.eu\/en_gb\/wp-json\/wp\/v2\/product_tag?post=328"}],"curies":[{"name":"wp","href":"https:\/\/api.w.org\/{rel}","templated":true}]}}