{"id":329,"date":"2020-12-27T09:43:24","date_gmt":"2020-12-27T08:43:24","guid":{"rendered":"https:\/\/potteryart.eu\/izdelek\/labirint-ivljenja-in-smrti-3024\/"},"modified":"2026-02-19T07:28:46","modified_gmt":"2026-02-19T06:28:46","slug":"saturnov-labirint-na-obesku-3024","status":"publish","type":"product","link":"https:\/\/potteryart.eu\/en_gb\/spletna-trgovina\/labirinti\/labirint-zivljenja-in-smrti\/saturnov-labirint-na-obesku-3024\/","title":{"rendered":"Saturn's Labyrinth on a pendant 3024"},"content":{"rendered":"<h1>Saturn's Labyrinth on a pendant<\/h1>\n<p class=\"translation-block\">Saturn's Labyrinth on a pendant is a product of pottery art clay design by Polona Zajc. It is a ceramic jewellery piece, with a cord and a clasp. It is made by the process of stamping clay into a plaster model of her own making. Made of black clay, glazed in blue-black, which is a feature of the Labyrinth of Life and Death, as this labyrinth is also called.  It is fired at 1040 \u00b0C. Diameter 4,5 cm, length of cord 22 or 27 cm. Ceramic jewellery with a labyrinth has a special meaning and purpose for each individual.<\/p>\n<h2>Pottery art clay design by Polona Zajc<\/h2>\n<p>Pottery art clay design by Polona Zajc has pendants in the shape of different mazes in her collection. There are 16 different mazes in the collection. Each one is made by hand, in colours that are specific to each individual labyrinth. They are embossed impressions of symbols. Each one has its own meaning and influence, both on the surroundings in which it is placed and on the individual who wears it. The prints are made from different clays and glazes and show the authentic colour and shape of each labyrinth. They are of high quality and easy to use.<\/p>\n<h3>Labyrinth of life and death<\/h3>\n<p class=\"translation-block\">The labyrinth of life and death, or Saturn's labyrinth, is one of the most fundamental and most necessary labyrinths. It also carries in its name the concept of death, which is the only experience we will all have. Unfortunately, death is still a taboo subject nowadays. It is rarely spoken of as a personal experience. The labyrinth of life and death, with its symbolism, depicts death as a process rather than an end. Death becomes part of life and is not a cause for fear. It is a reason to appreciate the extraordinary importance of the experience for each one of us. Saturn's labyrinth on a pendant bearing his expressive form will nullify certain negative qualities such as selfishness, insensitivity, laziness, inconsideration, even wickedness and dishonesty. The energy that the labyrinth holds within itself and redirects to its surroundings will make people who come into contact with it more thorough, reliable and long-lived.<\/p>\n<p>&nbsp;<\/p>","protected":false},"excerpt":{"rendered":"<p>Saturnov labirint na obesku Saturnov labirint na obesku je izdelek pottery art oblikovanje gline Polone Zajc. Je kerami\u010den nakit, z vrvico in sponko. Narejen je po postopku odtiskovanja gline v mav\u010dni model lastne izdelave. Narejen iz \u010drne gline, glaziran v modro \u010drni barvi, ki je lastnost Labirinta \u017eivljenja in smrti, kot tudi imenujemo ta labirint.\u00a0 [&hellip;]<\/p>\n","protected":false},"featured_media":3316,"comment_status":"open","ping_status":"closed","template":"","meta":[],"product_brand":[],"product_cat":[246,38,86],"product_tag":[41,36,34,39,40,43,45,44,42],"class_list":{"0":"post-329","1":"product","2":"type-product","3":"status-publish","4":"has-post-thumbnail","6":"product_cat-labirint-zivljenja-in-smrti","7":"product_cat-labirinti","8":"product_cat-unikaten-nakit-iz-gline","9":"product_tag-amulet","10":"product_tag-darilo","11":"product_tag-kroznicek","12":"product_tag-labirint","13":"product_tag-labirinti","14":"product_tag-obesenka","15":"product_tag-osebno-darilo","16":"product_tag-personalizirano-darilo","17":"product_tag-sreca","19":"first","20":"instock","21":"purchasable","22":"product-type-simple"},"yoast_head":"<!-- This site is optimized with the Yoast SEO Premium plugin v27.4 (Yoast SEO v27.4) - https:\/\/yoast.com\/product\/yoast-seo-premium-wordpress\/ -->\n<title>Saturnov labirint na obesku<\/title>\n<meta name=\"description\" content=\"Saturnov labirint na obesku je izdelek pottery art oblikovanje gline Polone Zajc, Labirint \u017eivljenja in smrti. To je ro\u010dno izdelan nakit iz gline.\" \/>\n<meta name=\"robots\" content=\"index, follow, max-snippet:-1, max-image-preview:large, max-video-preview:-1\" \/>\n<link rel=\"canonical\" href=\"https:\/\/potteryart.eu\/en_gb\/spletna-trgovina\/labirinti\/labirint-zivljenja-in-smrti\/saturnov-labirint-na-obesku-3024\/\" \/>\n<meta property=\"og:locale\" content=\"en_GB\" \/>\n<meta property=\"og:type\" content=\"article\" \/>\n<meta property=\"og:title\" content=\"Saturnov labirint na obesku 3024\" \/>\n<meta property=\"og:description\" content=\"Saturnov labirint na obesku je izdelek pottery art oblikovanje gline Polone Zajc, Labirint \u017eivljenja in smrti. To je ro\u010dno izdelan nakit iz gline.\" \/>\n<meta property=\"og:url\" content=\"https:\/\/potteryart.eu\/en_gb\/spletna-trgovina\/labirinti\/labirint-zivljenja-in-smrti\/saturnov-labirint-na-obesku-3024\/\" \/>\n<meta property=\"og:site_name\" content=\"Zajc Polona\" \/>\n<meta property=\"article:modified_time\" content=\"2026-02-19T06:28:46+00:00\" \/>\n<meta property=\"og:image\" content=\"https:\/\/potteryart.eu\/wp-content\/uploads\/2021\/03\/20240904_185648-scaled.jpg\" \/>\n\t<meta property=\"og:image:width\" content=\"1920\" \/>\n\t<meta property=\"og:image:height\" content=\"2560\" \/>\n\t<meta property=\"og:image:type\" content=\"image\/jpeg\" \/>\n<meta name=\"twitter:card\" content=\"summary_large_image\" \/>\n<meta name=\"twitter:label1\" content=\"Estimated reading time\" \/>\n\t<meta name=\"twitter:data1\" content=\"2 minutes\" \/>\n<script type=\"application\/ld+json\" class=\"yoast-schema-graph\">{\"@context\":\"https:\\\/\\\/schema.org\",\"@graph\":[{\"@type\":\"WebPage\",\"@id\":\"https:\\\/\\\/potteryart.eu\\\/spletna-trgovina\\\/labirinti\\\/labirint-zivljenja-in-smrti\\\/saturnov-labirint-na-obesku-3024\\\/\",\"url\":\"https:\\\/\\\/potteryart.eu\\\/spletna-trgovina\\\/labirinti\\\/labirint-zivljenja-in-smrti\\\/saturnov-labirint-na-obesku-3024\\\/\",\"name\":\"Saturnov labirint na obesku\",\"isPartOf\":{\"@id\":\"https:\\\/\\\/potteryart.eu\\\/#website\"},\"primaryImageOfPage\":{\"@id\":\"https:\\\/\\\/potteryart.eu\\\/spletna-trgovina\\\/labirinti\\\/labirint-zivljenja-in-smrti\\\/saturnov-labirint-na-obesku-3024\\\/#primaryimage\"},\"image\":{\"@id\":\"https:\\\/\\\/potteryart.eu\\\/spletna-trgovina\\\/labirinti\\\/labirint-zivljenja-in-smrti\\\/saturnov-labirint-na-obesku-3024\\\/#primaryimage\"},\"thumbnailUrl\":\"https:\\\/\\\/potteryart.eu\\\/wp-content\\\/uploads\\\/2021\\\/03\\\/20240904_185648-scaled.jpg\",\"datePublished\":\"2020-12-27T08:43:24+00:00\",\"dateModified\":\"2026-02-19T06:28:46+00:00\",\"description\":\"Saturnov labirint na obesku je izdelek pottery art oblikovanje gline Polone Zajc, Labirint \u017eivljenja in smrti. To je ro\u010dno izdelan nakit iz gline.\",\"breadcrumb\":{\"@id\":\"https:\\\/\\\/potteryart.eu\\\/spletna-trgovina\\\/labirinti\\\/labirint-zivljenja-in-smrti\\\/saturnov-labirint-na-obesku-3024\\\/#breadcrumb\"},\"inLanguage\":\"en-GB\",\"potentialAction\":[{\"@type\":\"ReadAction\",\"target\":[\"https:\\\/\\\/potteryart.eu\\\/spletna-trgovina\\\/labirinti\\\/labirint-zivljenja-in-smrti\\\/saturnov-labirint-na-obesku-3024\\\/\"]}]},{\"@type\":\"ImageObject\",\"inLanguage\":\"en-GB\",\"@id\":\"https:\\\/\\\/potteryart.eu\\\/spletna-trgovina\\\/labirinti\\\/labirint-zivljenja-in-smrti\\\/saturnov-labirint-na-obesku-3024\\\/#primaryimage\",\"url\":\"https:\\\/\\\/potteryart.eu\\\/wp-content\\\/uploads\\\/2021\\\/03\\\/20240904_185648-scaled.jpg\",\"contentUrl\":\"https:\\\/\\\/potteryart.eu\\\/wp-content\\\/uploads\\\/2021\\\/03\\\/20240904_185648-scaled.jpg\",\"width\":1920,\"height\":2560},{\"@type\":\"BreadcrumbList\",\"@id\":\"https:\\\/\\\/potteryart.eu\\\/spletna-trgovina\\\/labirinti\\\/labirint-zivljenja-in-smrti\\\/saturnov-labirint-na-obesku-3024\\\/#breadcrumb\",\"itemListElement\":[{\"@type\":\"ListItem\",\"position\":1,\"name\":\"Home\",\"item\":\"https:\\\/\\\/potteryart.eu\\\/\"},{\"@type\":\"ListItem\",\"position\":2,\"name\":\"Spletna trgovina\",\"item\":\"https:\\\/\\\/potteryart.eu\\\/spletna-trgovina\\\/\"},{\"@type\":\"ListItem\",\"position\":3,\"name\":\"Saturnov labirint na obesku 3024\"}]},{\"@type\":\"WebSite\",\"@id\":\"https:\\\/\\\/potteryart.eu\\\/#website\",\"url\":\"https:\\\/\\\/potteryart.eu\\\/\",\"name\":\"Zajc Polona\",\"description\":\"\",\"publisher\":{\"@id\":\"https:\\\/\\\/potteryart.eu\\\/#\\\/schema\\\/person\\\/819de6034d3dd0bbdcc3a95a0b6c7e4d\"},\"potentialAction\":[{\"@type\":\"SearchAction\",\"target\":{\"@type\":\"EntryPoint\",\"urlTemplate\":\"https:\\\/\\\/potteryart.eu\\\/?s={search_term_string}\"},\"query-input\":{\"@type\":\"PropertyValueSpecification\",\"valueRequired\":true,\"valueName\":\"search_term_string\"}}],\"inLanguage\":\"en-GB\"},{\"@type\":[\"Person\",\"Organization\"],\"@id\":\"https:\\\/\\\/potteryart.eu\\\/#\\\/schema\\\/person\\\/819de6034d3dd0bbdcc3a95a0b6c7e4d\",\"name\":\"polonazajc_admin\",\"image\":{\"@type\":\"ImageObject\",\"inLanguage\":\"en-GB\",\"@id\":\"https:\\\/\\\/potteryart.eu\\\/wp-content\\\/uploads\\\/2020\\\/12\\\/cropped-Logo-1.png\",\"url\":\"https:\\\/\\\/potteryart.eu\\\/wp-content\\\/uploads\\\/2020\\\/12\\\/cropped-Logo-1.png\",\"contentUrl\":\"https:\\\/\\\/potteryart.eu\\\/wp-content\\\/uploads\\\/2020\\\/12\\\/cropped-Logo-1.png\",\"width\":2113,\"height\":280,\"caption\":\"polonazajc_admin\"},\"logo\":{\"@id\":\"https:\\\/\\\/potteryart.eu\\\/wp-content\\\/uploads\\\/2020\\\/12\\\/cropped-Logo-1.png\"}}]}<\/script>\n<!-- \/ Yoast SEO Premium plugin. -->","yoast_head_json":{"title":"Saturn's Labyrinth on a pendant","description":"Saturnov labirint na obesku je izdelek pottery art oblikovanje gline Polone Zajc, Labirint \u017eivljenja in smrti. To je ro\u010dno izdelan nakit iz gline.","robots":{"index":"index","follow":"follow","max-snippet":"max-snippet:-1","max-image-preview":"max-image-preview:large","max-video-preview":"max-video-preview:-1"},"canonical":"https:\/\/potteryart.eu\/en_gb\/spletna-trgovina\/labirinti\/labirint-zivljenja-in-smrti\/saturnov-labirint-na-obesku-3024\/","og_locale":"en_GB","og_type":"article","og_title":"Saturnov labirint na obesku 3024","og_description":"Saturnov labirint na obesku je izdelek pottery art oblikovanje gline Polone Zajc, Labirint \u017eivljenja in smrti. To je ro\u010dno izdelan nakit iz gline.","og_url":"https:\/\/potteryart.eu\/en_gb\/spletna-trgovina\/labirinti\/labirint-zivljenja-in-smrti\/saturnov-labirint-na-obesku-3024\/","og_site_name":"Zajc Polona","article_modified_time":"2026-02-19T06:28:46+00:00","og_image":[{"width":1920,"height":2560,"url":"https:\/\/potteryart.eu\/wp-content\/uploads\/2021\/03\/20240904_185648-scaled.jpg","type":"image\/jpeg"}],"twitter_card":"summary_large_image","twitter_misc":{"Estimated reading time":"2 minutes"},"schema":{"@context":"https:\/\/schema.org","@graph":[{"@type":"WebPage","@id":"https:\/\/potteryart.eu\/spletna-trgovina\/labirinti\/labirint-zivljenja-in-smrti\/saturnov-labirint-na-obesku-3024\/","url":"https:\/\/potteryart.eu\/spletna-trgovina\/labirinti\/labirint-zivljenja-in-smrti\/saturnov-labirint-na-obesku-3024\/","name":"Saturn's Labyrinth on a pendant","isPartOf":{"@id":"https:\/\/potteryart.eu\/#website"},"primaryImageOfPage":{"@id":"https:\/\/potteryart.eu\/spletna-trgovina\/labirinti\/labirint-zivljenja-in-smrti\/saturnov-labirint-na-obesku-3024\/#primaryimage"},"image":{"@id":"https:\/\/potteryart.eu\/spletna-trgovina\/labirinti\/labirint-zivljenja-in-smrti\/saturnov-labirint-na-obesku-3024\/#primaryimage"},"thumbnailUrl":"https:\/\/potteryart.eu\/wp-content\/uploads\/2021\/03\/20240904_185648-scaled.jpg","datePublished":"2020-12-27T08:43:24+00:00","dateModified":"2026-02-19T06:28:46+00:00","description":"Saturnov labirint na obesku je izdelek pottery art oblikovanje gline Polone Zajc, Labirint \u017eivljenja in smrti. To je ro\u010dno izdelan nakit iz gline.","breadcrumb":{"@id":"https:\/\/potteryart.eu\/spletna-trgovina\/labirinti\/labirint-zivljenja-in-smrti\/saturnov-labirint-na-obesku-3024\/#breadcrumb"},"inLanguage":"en-GB","potentialAction":[{"@type":"ReadAction","target":["https:\/\/potteryart.eu\/spletna-trgovina\/labirinti\/labirint-zivljenja-in-smrti\/saturnov-labirint-na-obesku-3024\/"]}]},{"@type":"ImageObject","inLanguage":"en-GB","@id":"https:\/\/potteryart.eu\/spletna-trgovina\/labirinti\/labirint-zivljenja-in-smrti\/saturnov-labirint-na-obesku-3024\/#primaryimage","url":"https:\/\/potteryart.eu\/wp-content\/uploads\/2021\/03\/20240904_185648-scaled.jpg","contentUrl":"https:\/\/potteryart.eu\/wp-content\/uploads\/2021\/03\/20240904_185648-scaled.jpg","width":1920,"height":2560},{"@type":"BreadcrumbList","@id":"https:\/\/potteryart.eu\/spletna-trgovina\/labirinti\/labirint-zivljenja-in-smrti\/saturnov-labirint-na-obesku-3024\/#breadcrumb","itemListElement":[{"@type":"ListItem","position":1,"name":"Home","item":"https:\/\/potteryart.eu\/"},{"@type":"ListItem","position":2,"name":"Spletna trgovina","item":"https:\/\/potteryart.eu\/spletna-trgovina\/"},{"@type":"ListItem","position":3,"name":"Saturnov labirint na obesku 3024"}]},{"@type":"WebSite","@id":"https:\/\/potteryart.eu\/#website","url":"https:\/\/potteryart.eu\/","name":"Zajc Polona","description":"","publisher":{"@id":"https:\/\/potteryart.eu\/#\/schema\/person\/819de6034d3dd0bbdcc3a95a0b6c7e4d"},"potentialAction":[{"@type":"SearchAction","target":{"@type":"EntryPoint","urlTemplate":"https:\/\/potteryart.eu\/?s={search_term_string}"},"query-input":{"@type":"PropertyValueSpecification","valueRequired":true,"valueName":"search_term_string"}}],"inLanguage":"en-GB"},{"@type":["Person","Organization"],"@id":"https:\/\/potteryart.eu\/#\/schema\/person\/819de6034d3dd0bbdcc3a95a0b6c7e4d","name":"polonazajc_admin","image":{"@type":"ImageObject","inLanguage":"en-GB","@id":"https:\/\/potteryart.eu\/wp-content\/uploads\/2020\/12\/cropped-Logo-1.png","url":"https:\/\/potteryart.eu\/wp-content\/uploads\/2020\/12\/cropped-Logo-1.png","contentUrl":"https:\/\/potteryart.eu\/wp-content\/uploads\/2020\/12\/cropped-Logo-1.png","width":2113,"height":280,"caption":"polonazajc_admin"},"logo":{"@id":"https:\/\/potteryart.eu\/wp-content\/uploads\/2020\/12\/cropped-Logo-1.png"}}]}},"_links":{"self":[{"href":"https:\/\/potteryart.eu\/en_gb\/wp-json\/wp\/v2\/product\/329","targetHints":{"allow":["GET"]}}],"collection":[{"href":"https:\/\/potteryart.eu\/en_gb\/wp-json\/wp\/v2\/product"}],"about":[{"href":"https:\/\/potteryart.eu\/en_gb\/wp-json\/wp\/v2\/types\/product"}],"replies":[{"embeddable":true,"href":"https:\/\/potteryart.eu\/en_gb\/wp-json\/wp\/v2\/comments?post=329"}],"wp:featuredmedia":[{"embeddable":true,"href":"https:\/\/potteryart.eu\/en_gb\/wp-json\/wp\/v2\/media\/3316"}],"wp:attachment":[{"href":"https:\/\/potteryart.eu\/en_gb\/wp-json\/wp\/v2\/media?parent=329"}],"wp:term":[{"taxonomy":"product_brand","embeddable":true,"href":"https:\/\/potteryart.eu\/en_gb\/wp-json\/wp\/v2\/product_brand?post=329"},{"taxonomy":"product_cat","embeddable":true,"href":"https:\/\/potteryart.eu\/en_gb\/wp-json\/wp\/v2\/product_cat?post=329"},{"taxonomy":"product_tag","embeddable":true,"href":"https:\/\/potteryart.eu\/en_gb\/wp-json\/wp\/v2\/product_tag?post=329"}],"curies":[{"name":"wp","href":"https:\/\/api.w.org\/{rel}","templated":true}]}}