{"id":3514,"date":"2025-05-06T17:25:08","date_gmt":"2025-05-06T15:25:08","guid":{"rendered":"https:\/\/potteryart.eu\/?post_type=product&#038;p=3514"},"modified":"2026-02-09T14:40:41","modified_gmt":"2026-02-09T13:40:41","slug":"glinen-pekac-za-potico-z-roci","status":"publish","type":"product","link":"https:\/\/potteryart.eu\/en_gb\/spletna-trgovina\/unikatni-loncarski-izdelki-iz-kamenine\/unikatni-izdelki-iz-kamenine-za-kuhinjo\/glinen-pekac-za-potico-z-roci\/","title":{"rendered":"Clay cake tin with handles"},"content":{"rendered":"<h1>\u00a0Clay cake tin with handles<\/h1>\n<p class=\"translation-block\">The clay baking dish for potica with handles is a pottery art product designed by Polona Zajc. It is part of a series of clay baking dishes for oven baking. The elongated clay potica dish, as it is also called, is made in the traditional way. It is turned on a potter's wheel and shaped into an elongated form. Handles are added on each side to make it easier to remove from the oven. It is made of red stoneware, and the interior is coated with white clay. It is fired at 1220\u00b0C.  The surfaces that come into contact with food are glazed with a glaze that is certified for household use (traceability mark LOT17). The baking dish is 30 cm long, 23 cm without handles, 12 cm wide, and 9 cm high.<\/p>\n<h2>Pottery art clay design by Polona Zajc<\/h2>\n<p class=\"translation-block\">Pottery art clay design by Polona Zajc has a traditional clay pottery in its collection of ceramic products. There are four sizes or four diameters of clay pottery pans in the series. The large ceramic cake pan has a diameter of 34 cm, the smaller ceramic cake pan has a diameter of 24-26 cm, the medium ceramic cake pan has a diameter of 28-30 cm and the small ceramic cake pan has a diameter of 16 cm. Elongated cake pans also fall into this category. All the cake pans are handmade on a potter's spindle and are traditional in shape, with hand-painting around the edges.<\/p>\n<h3>\u00a0Clay baker with handles<\/h3>\n<p>The clay baker with handles is different in the potsticker series. It is designed for baking a traditional Slovenian cake called potica with an elongated shape, which in some places is called sharkelj.  It is made of the highest quality clay, which withstands temperature fluctuations well when baked in the oven. The sides of the baking tray are thin so that the cake bakes nicely all over. A flexible glaze makes the inner surface smooth so that the cake rolls out of the pan. The high firing temperature ensures that the baking tray does not absorb grease. For ease of use, the baking tray has a handle on each side. This way, the handmade ceramic cake pan remains of good quality for long-lasting use. The traditional rustic look with a distinctive pattern around the edge, the high quality of workmanship and the material make the clay pot pie pan unique in every respect.<\/p>","protected":false},"excerpt":{"rendered":"<p>\u00a0Glinen peka\u010d za potico z ro\u010di Glinen peka\u010d za potico z ro\u010di je izdelek pottery art oblikovanje gline Polone Zajc. Je del serije glineni peka\u010di za peko v pe\u010dici. Podolgovat poti\u010dnik iz gline, kot se tudi imenuje, je narejen na tradicionalen na\u010din. Zvrten je na lon\u010darskem vretenu in predelan v podolgovato obliko. Dodana sta mu [&hellip;]<\/p>\n","protected":false},"featured_media":4237,"comment_status":"open","ping_status":"closed","template":"","meta":[],"product_brand":[],"product_cat":[261,275,265],"product_tag":[],"class_list":{"0":"post-3514","1":"product","2":"type-product","3":"status-publish","4":"has-post-thumbnail","6":"product_cat-glineni-pekaci","7":"product_cat-unikatni-izdelki-iz-kamenine-za-kuhinjo","8":"product_cat-unikatni-loncarski-izdelki-iz-kamenine","9":"product_shipping_class-3kg","11":"first","12":"instock","13":"purchasable","14":"product-type-simple"},"yoast_head":"<!-- This site is optimized with the Yoast SEO Premium plugin v27.4 (Yoast SEO v27.4) - https:\/\/yoast.com\/product\/yoast-seo-premium-wordpress\/ -->\n<title>Glinen peka\u010d za potico z ro\u010di<\/title>\n<meta name=\"description\" content=\"Glinen peka\u010d za potico z ro\u010di je izdelek pottery art oblikovanje gline Polone Zajc. To je glinen peka\u010d za \u0161arkelj z ro\u010di, podolgovat poti\u010dnik iz gline.\" \/>\n<meta name=\"robots\" content=\"index, follow, max-snippet:-1, max-image-preview:large, max-video-preview:-1\" \/>\n<link rel=\"canonical\" href=\"https:\/\/potteryart.eu\/en_gb\/spletna-trgovina\/unikatni-loncarski-izdelki-iz-kamenine\/unikatni-izdelki-iz-kamenine-za-kuhinjo\/glinen-pekac-za-potico-z-roci\/\" \/>\n<meta property=\"og:locale\" content=\"en_GB\" \/>\n<meta property=\"og:type\" content=\"article\" \/>\n<meta property=\"og:title\" content=\"Glinen peka\u010d za potico z ro\u010di\" \/>\n<meta property=\"og:description\" content=\"Glinen peka\u010d za potico z ro\u010di je izdelek pottery art oblikovanje gline Polone Zajc. To je glinen peka\u010d za \u0161arkelj z ro\u010di, podolgovat poti\u010dnik iz gline.\" \/>\n<meta property=\"og:url\" content=\"https:\/\/potteryart.eu\/en_gb\/spletna-trgovina\/unikatni-loncarski-izdelki-iz-kamenine\/unikatni-izdelki-iz-kamenine-za-kuhinjo\/glinen-pekac-za-potico-z-roci\/\" \/>\n<meta property=\"og:site_name\" content=\"Zajc Polona\" \/>\n<meta property=\"article:modified_time\" content=\"2026-02-09T13:40:41+00:00\" \/>\n<meta property=\"og:image\" content=\"https:\/\/potteryart.eu\/wp-content\/uploads\/2025\/05\/20260204_072648-scaled.jpg\" \/>\n\t<meta property=\"og:image:width\" content=\"2560\" \/>\n\t<meta property=\"og:image:height\" content=\"2028\" \/>\n\t<meta property=\"og:image:type\" content=\"image\/jpeg\" \/>\n<meta name=\"twitter:card\" content=\"summary_large_image\" \/>\n<meta name=\"twitter:label1\" content=\"Estimated reading time\" \/>\n\t<meta name=\"twitter:data1\" content=\"3 minutes\" \/>\n<script type=\"application\/ld+json\" class=\"yoast-schema-graph\">{\"@context\":\"https:\\\/\\\/schema.org\",\"@graph\":[{\"@type\":\"WebPage\",\"@id\":\"https:\\\/\\\/potteryart.eu\\\/spletna-trgovina\\\/unikatni-loncarski-izdelki-iz-kamenine\\\/unikatni-izdelki-iz-kamenine-za-kuhinjo\\\/glinen-pekac-za-potico-z-roci\\\/\",\"url\":\"https:\\\/\\\/potteryart.eu\\\/spletna-trgovina\\\/unikatni-loncarski-izdelki-iz-kamenine\\\/unikatni-izdelki-iz-kamenine-za-kuhinjo\\\/glinen-pekac-za-potico-z-roci\\\/\",\"name\":\"Glinen peka\u010d za potico z ro\u010di\",\"isPartOf\":{\"@id\":\"https:\\\/\\\/potteryart.eu\\\/#website\"},\"primaryImageOfPage\":{\"@id\":\"https:\\\/\\\/potteryart.eu\\\/spletna-trgovina\\\/unikatni-loncarski-izdelki-iz-kamenine\\\/unikatni-izdelki-iz-kamenine-za-kuhinjo\\\/glinen-pekac-za-potico-z-roci\\\/#primaryimage\"},\"image\":{\"@id\":\"https:\\\/\\\/potteryart.eu\\\/spletna-trgovina\\\/unikatni-loncarski-izdelki-iz-kamenine\\\/unikatni-izdelki-iz-kamenine-za-kuhinjo\\\/glinen-pekac-za-potico-z-roci\\\/#primaryimage\"},\"thumbnailUrl\":\"https:\\\/\\\/potteryart.eu\\\/wp-content\\\/uploads\\\/2025\\\/05\\\/20260204_072648-scaled.jpg\",\"datePublished\":\"2025-05-06T15:25:08+00:00\",\"dateModified\":\"2026-02-09T13:40:41+00:00\",\"description\":\"Glinen peka\u010d za potico z ro\u010di je izdelek pottery art oblikovanje gline Polone Zajc. To je glinen peka\u010d za \u0161arkelj z ro\u010di, podolgovat poti\u010dnik iz gline.\",\"breadcrumb\":{\"@id\":\"https:\\\/\\\/potteryart.eu\\\/spletna-trgovina\\\/unikatni-loncarski-izdelki-iz-kamenine\\\/unikatni-izdelki-iz-kamenine-za-kuhinjo\\\/glinen-pekac-za-potico-z-roci\\\/#breadcrumb\"},\"inLanguage\":\"en-GB\",\"potentialAction\":[{\"@type\":\"ReadAction\",\"target\":[\"https:\\\/\\\/potteryart.eu\\\/spletna-trgovina\\\/unikatni-loncarski-izdelki-iz-kamenine\\\/unikatni-izdelki-iz-kamenine-za-kuhinjo\\\/glinen-pekac-za-potico-z-roci\\\/\"]}]},{\"@type\":\"ImageObject\",\"inLanguage\":\"en-GB\",\"@id\":\"https:\\\/\\\/potteryart.eu\\\/spletna-trgovina\\\/unikatni-loncarski-izdelki-iz-kamenine\\\/unikatni-izdelki-iz-kamenine-za-kuhinjo\\\/glinen-pekac-za-potico-z-roci\\\/#primaryimage\",\"url\":\"https:\\\/\\\/potteryart.eu\\\/wp-content\\\/uploads\\\/2025\\\/05\\\/20260204_072648-scaled.jpg\",\"contentUrl\":\"https:\\\/\\\/potteryart.eu\\\/wp-content\\\/uploads\\\/2025\\\/05\\\/20260204_072648-scaled.jpg\",\"width\":2560,\"height\":2028,\"caption\":\"glinen peka\u010d za potico z ro\u010di, pottery art, glinen peka\u010d za \u0161arkelj z ro\u010di\"},{\"@type\":\"BreadcrumbList\",\"@id\":\"https:\\\/\\\/potteryart.eu\\\/spletna-trgovina\\\/unikatni-loncarski-izdelki-iz-kamenine\\\/unikatni-izdelki-iz-kamenine-za-kuhinjo\\\/glinen-pekac-za-potico-z-roci\\\/#breadcrumb\",\"itemListElement\":[{\"@type\":\"ListItem\",\"position\":1,\"name\":\"Home\",\"item\":\"https:\\\/\\\/potteryart.eu\\\/\"},{\"@type\":\"ListItem\",\"position\":2,\"name\":\"Spletna trgovina\",\"item\":\"https:\\\/\\\/potteryart.eu\\\/spletna-trgovina\\\/\"},{\"@type\":\"ListItem\",\"position\":3,\"name\":\"Glinen peka\u010d za potico z ro\u010di\"}]},{\"@type\":\"WebSite\",\"@id\":\"https:\\\/\\\/potteryart.eu\\\/#website\",\"url\":\"https:\\\/\\\/potteryart.eu\\\/\",\"name\":\"Zajc Polona\",\"description\":\"\",\"publisher\":{\"@id\":\"https:\\\/\\\/potteryart.eu\\\/#\\\/schema\\\/person\\\/819de6034d3dd0bbdcc3a95a0b6c7e4d\"},\"potentialAction\":[{\"@type\":\"SearchAction\",\"target\":{\"@type\":\"EntryPoint\",\"urlTemplate\":\"https:\\\/\\\/potteryart.eu\\\/?s={search_term_string}\"},\"query-input\":{\"@type\":\"PropertyValueSpecification\",\"valueRequired\":true,\"valueName\":\"search_term_string\"}}],\"inLanguage\":\"en-GB\"},{\"@type\":[\"Person\",\"Organization\"],\"@id\":\"https:\\\/\\\/potteryart.eu\\\/#\\\/schema\\\/person\\\/819de6034d3dd0bbdcc3a95a0b6c7e4d\",\"name\":\"polonazajc_admin\",\"image\":{\"@type\":\"ImageObject\",\"inLanguage\":\"en-GB\",\"@id\":\"https:\\\/\\\/potteryart.eu\\\/wp-content\\\/uploads\\\/2020\\\/12\\\/cropped-Logo-1.png\",\"url\":\"https:\\\/\\\/potteryart.eu\\\/wp-content\\\/uploads\\\/2020\\\/12\\\/cropped-Logo-1.png\",\"contentUrl\":\"https:\\\/\\\/potteryart.eu\\\/wp-content\\\/uploads\\\/2020\\\/12\\\/cropped-Logo-1.png\",\"width\":2113,\"height\":280,\"caption\":\"polonazajc_admin\"},\"logo\":{\"@id\":\"https:\\\/\\\/potteryart.eu\\\/wp-content\\\/uploads\\\/2020\\\/12\\\/cropped-Logo-1.png\"}}]}<\/script>\n<!-- \/ Yoast SEO Premium plugin. -->","yoast_head_json":{"title":"Clay cake tin with handles","description":"Glinen peka\u010d za potico z ro\u010di je izdelek pottery art oblikovanje gline Polone Zajc. To je glinen peka\u010d za \u0161arkelj z ro\u010di, podolgovat poti\u010dnik iz gline.","robots":{"index":"index","follow":"follow","max-snippet":"max-snippet:-1","max-image-preview":"max-image-preview:large","max-video-preview":"max-video-preview:-1"},"canonical":"https:\/\/potteryart.eu\/en_gb\/spletna-trgovina\/unikatni-loncarski-izdelki-iz-kamenine\/unikatni-izdelki-iz-kamenine-za-kuhinjo\/glinen-pekac-za-potico-z-roci\/","og_locale":"en_GB","og_type":"article","og_title":"Glinen peka\u010d za potico z ro\u010di","og_description":"Glinen peka\u010d za potico z ro\u010di je izdelek pottery art oblikovanje gline Polone Zajc. To je glinen peka\u010d za \u0161arkelj z ro\u010di, podolgovat poti\u010dnik iz gline.","og_url":"https:\/\/potteryart.eu\/en_gb\/spletna-trgovina\/unikatni-loncarski-izdelki-iz-kamenine\/unikatni-izdelki-iz-kamenine-za-kuhinjo\/glinen-pekac-za-potico-z-roci\/","og_site_name":"Zajc Polona","article_modified_time":"2026-02-09T13:40:41+00:00","og_image":[{"width":2560,"height":2028,"url":"https:\/\/potteryart.eu\/wp-content\/uploads\/2025\/05\/20260204_072648-scaled.jpg","type":"image\/jpeg"}],"twitter_card":"summary_large_image","twitter_misc":{"Estimated reading time":"3 minutes"},"schema":{"@context":"https:\/\/schema.org","@graph":[{"@type":"WebPage","@id":"https:\/\/potteryart.eu\/spletna-trgovina\/unikatni-loncarski-izdelki-iz-kamenine\/unikatni-izdelki-iz-kamenine-za-kuhinjo\/glinen-pekac-za-potico-z-roci\/","url":"https:\/\/potteryart.eu\/spletna-trgovina\/unikatni-loncarski-izdelki-iz-kamenine\/unikatni-izdelki-iz-kamenine-za-kuhinjo\/glinen-pekac-za-potico-z-roci\/","name":"Clay cake tin with handles","isPartOf":{"@id":"https:\/\/potteryart.eu\/#website"},"primaryImageOfPage":{"@id":"https:\/\/potteryart.eu\/spletna-trgovina\/unikatni-loncarski-izdelki-iz-kamenine\/unikatni-izdelki-iz-kamenine-za-kuhinjo\/glinen-pekac-za-potico-z-roci\/#primaryimage"},"image":{"@id":"https:\/\/potteryart.eu\/spletna-trgovina\/unikatni-loncarski-izdelki-iz-kamenine\/unikatni-izdelki-iz-kamenine-za-kuhinjo\/glinen-pekac-za-potico-z-roci\/#primaryimage"},"thumbnailUrl":"https:\/\/potteryart.eu\/wp-content\/uploads\/2025\/05\/20260204_072648-scaled.jpg","datePublished":"2025-05-06T15:25:08+00:00","dateModified":"2026-02-09T13:40:41+00:00","description":"Glinen peka\u010d za potico z ro\u010di je izdelek pottery art oblikovanje gline Polone Zajc. To je glinen peka\u010d za \u0161arkelj z ro\u010di, podolgovat poti\u010dnik iz gline.","breadcrumb":{"@id":"https:\/\/potteryart.eu\/spletna-trgovina\/unikatni-loncarski-izdelki-iz-kamenine\/unikatni-izdelki-iz-kamenine-za-kuhinjo\/glinen-pekac-za-potico-z-roci\/#breadcrumb"},"inLanguage":"en-GB","potentialAction":[{"@type":"ReadAction","target":["https:\/\/potteryart.eu\/spletna-trgovina\/unikatni-loncarski-izdelki-iz-kamenine\/unikatni-izdelki-iz-kamenine-za-kuhinjo\/glinen-pekac-za-potico-z-roci\/"]}]},{"@type":"ImageObject","inLanguage":"en-GB","@id":"https:\/\/potteryart.eu\/spletna-trgovina\/unikatni-loncarski-izdelki-iz-kamenine\/unikatni-izdelki-iz-kamenine-za-kuhinjo\/glinen-pekac-za-potico-z-roci\/#primaryimage","url":"https:\/\/potteryart.eu\/wp-content\/uploads\/2025\/05\/20260204_072648-scaled.jpg","contentUrl":"https:\/\/potteryart.eu\/wp-content\/uploads\/2025\/05\/20260204_072648-scaled.jpg","width":2560,"height":2028,"caption":"glinen peka\u010d za potico z ro\u010di, pottery art, glinen peka\u010d za \u0161arkelj z ro\u010di"},{"@type":"BreadcrumbList","@id":"https:\/\/potteryart.eu\/spletna-trgovina\/unikatni-loncarski-izdelki-iz-kamenine\/unikatni-izdelki-iz-kamenine-za-kuhinjo\/glinen-pekac-za-potico-z-roci\/#breadcrumb","itemListElement":[{"@type":"ListItem","position":1,"name":"Home","item":"https:\/\/potteryart.eu\/"},{"@type":"ListItem","position":2,"name":"Spletna trgovina","item":"https:\/\/potteryart.eu\/spletna-trgovina\/"},{"@type":"ListItem","position":3,"name":"Glinen peka\u010d za potico z ro\u010di"}]},{"@type":"WebSite","@id":"https:\/\/potteryart.eu\/#website","url":"https:\/\/potteryart.eu\/","name":"Zajc Polona","description":"","publisher":{"@id":"https:\/\/potteryart.eu\/#\/schema\/person\/819de6034d3dd0bbdcc3a95a0b6c7e4d"},"potentialAction":[{"@type":"SearchAction","target":{"@type":"EntryPoint","urlTemplate":"https:\/\/potteryart.eu\/?s={search_term_string}"},"query-input":{"@type":"PropertyValueSpecification","valueRequired":true,"valueName":"search_term_string"}}],"inLanguage":"en-GB"},{"@type":["Person","Organization"],"@id":"https:\/\/potteryart.eu\/#\/schema\/person\/819de6034d3dd0bbdcc3a95a0b6c7e4d","name":"polonazajc_admin","image":{"@type":"ImageObject","inLanguage":"en-GB","@id":"https:\/\/potteryart.eu\/wp-content\/uploads\/2020\/12\/cropped-Logo-1.png","url":"https:\/\/potteryart.eu\/wp-content\/uploads\/2020\/12\/cropped-Logo-1.png","contentUrl":"https:\/\/potteryart.eu\/wp-content\/uploads\/2020\/12\/cropped-Logo-1.png","width":2113,"height":280,"caption":"polonazajc_admin"},"logo":{"@id":"https:\/\/potteryart.eu\/wp-content\/uploads\/2020\/12\/cropped-Logo-1.png"}}]}},"_links":{"self":[{"href":"https:\/\/potteryart.eu\/en_gb\/wp-json\/wp\/v2\/product\/3514","targetHints":{"allow":["GET"]}}],"collection":[{"href":"https:\/\/potteryart.eu\/en_gb\/wp-json\/wp\/v2\/product"}],"about":[{"href":"https:\/\/potteryart.eu\/en_gb\/wp-json\/wp\/v2\/types\/product"}],"replies":[{"embeddable":true,"href":"https:\/\/potteryart.eu\/en_gb\/wp-json\/wp\/v2\/comments?post=3514"}],"wp:featuredmedia":[{"embeddable":true,"href":"https:\/\/potteryart.eu\/en_gb\/wp-json\/wp\/v2\/media\/4237"}],"wp:attachment":[{"href":"https:\/\/potteryart.eu\/en_gb\/wp-json\/wp\/v2\/media?parent=3514"}],"wp:term":[{"taxonomy":"product_brand","embeddable":true,"href":"https:\/\/potteryart.eu\/en_gb\/wp-json\/wp\/v2\/product_brand?post=3514"},{"taxonomy":"product_cat","embeddable":true,"href":"https:\/\/potteryart.eu\/en_gb\/wp-json\/wp\/v2\/product_cat?post=3514"},{"taxonomy":"product_tag","embeddable":true,"href":"https:\/\/potteryart.eu\/en_gb\/wp-json\/wp\/v2\/product_tag?post=3514"}],"curies":[{"name":"wp","href":"https:\/\/api.w.org\/{rel}","templated":true}]}}