{"id":3547,"date":"2025-06-09T07:11:18","date_gmt":"2025-06-09T05:11:18","guid":{"rendered":"https:\/\/potteryart.eu\/?post_type=product&#038;p=3547"},"modified":"2025-06-20T06:56:42","modified_gmt":"2025-06-20T04:56:42","slug":"glinene-sklede-s-cvetlicnim-motivom","status":"publish","type":"product","link":"https:\/\/potteryart.eu\/en_gb\/spletna-trgovina\/unikatni-loncarski-izdelki-iz-kamenine\/unikatni-izdelki-iz-kamenine-za-kuhinjo\/glinene-sklede-s-cvetlicnim-motivom\/","title":{"rendered":"Clay bowls with floral motifs"},"content":{"rendered":"<h1><strong>Clay bowls with floral motifs<\/strong><\/h1>\n<p class=\"translation-block\">Clay bowls with floral motif are products of pottery art clay design by Polona Zajc. They are made on a pottery spindle from grey clay. Each one has a differently shaped handle. The floral clay bowls are glazed with an iridescent soft blue-grey glaze. The rim is hand-painted with a floral motif. The interior is glazed with a transparent glaze, which is certified suitable for contact with foodstuffs. They are decorative clay bowls and can also be used in the household. The bowls are fired at a temperature of 1220\u00b0C, when the clay is transformed into high-quality stoneware. The diameter is 16 cm.<\/p>\n<h2><strong>Pottery art clay design by Polona Zajc<\/strong><\/h2>\n<p>Pottery art clay design by Polona Zajc has a line of unique clay bowls in its product collection. This line includes unique clay bowls for the home or kitchen.  They can be made as ceramics or as stoneware. Here you will find a wide variety of shapes, colours and sizes of bowls, handmade on a potter's spindle or cast in plaster moulds of your own making. All are hand-painted and some are hand-perforated with holes of various sizes. The result is a beautiful pattern typical of pottery art. Some of the unique clay bowls have details accentuated with real gold, giving them a solemn and, above all, precious touch. The gold is applied by hand, with a brush, and is completely durable, as it is fired with a third firing at 800\u00b0C.<\/p>\n<h3><strong>Clay flower pots\u00a0<\/strong><\/h3>\n<p><strong>Clay flower pots are useful and decorative deep bowls. They have different shaped handles around the rim for a better grip. The earthenware bowls are decorated with a sculpted floral pattern, which is hand-painted with different glazes. The rest is covered with a soft blue-grey iridescent glaze. Inside, a transparent glaze ensures that the earthenware bowls are also food-safe. As they are fired at a high temperature, they are of high quality and durability and can be washed in the dishwasher. At the same time, the clay flower bowls in themselves brighten up any piece of furniture on which they are placed.\u00a0<\/strong><\/p>","protected":false},"excerpt":{"rendered":"<p>Glinene sklede s cvetli\u010dnim motivom Glinene sklede s cvetli\u010dnim motivom so izdelki pottery art oblikovanje gline Polone Zajc. Izdelane so na lon\u010darskem vretenu iz sive gline. Vsaka ima razli\u010dno oblikovan ro\u010d. Ro\u017ene posode iz gline so glazirane\u00a0 s prelivajo\u010do se ne\u017eno modro-sivo glazuro. Ob robu pa so ro\u010dno poslikane s cvetli\u010dnim motivom. Notranjost je glazirana [&hellip;]<\/p>\n","protected":false},"featured_media":3551,"comment_status":"open","ping_status":"closed","template":"","meta":[],"product_brand":[],"product_cat":[270,275,265],"product_tag":[],"class_list":{"0":"post-3547","1":"product","2":"type-product","3":"status-publish","4":"has-post-thumbnail","6":"product_cat-unikatne-sklede-iz-gline","7":"product_cat-unikatni-izdelki-iz-kamenine-za-kuhinjo","8":"product_cat-unikatni-loncarski-izdelki-iz-kamenine","9":"product_shipping_class-1kg","11":"first","12":"instock","13":"purchasable","14":"product-type-simple"},"yoast_head":"<!-- This site is optimized with the Yoast SEO Premium plugin v27.4 (Yoast SEO v27.4) - https:\/\/yoast.com\/product\/yoast-seo-premium-wordpress\/ -->\n<title>glinene sklede s cvetli\u010dnim motivom<\/title>\n<meta name=\"description\" content=\"Glinene sklede s cvetli\u010dnim motivom so izdelki pottery art oblikovanje gline Polone Zajc. To so ro\u017ene posode iz gline, sklede iz kamenine.\" \/>\n<meta name=\"robots\" content=\"index, follow, max-snippet:-1, max-image-preview:large, max-video-preview:-1\" \/>\n<link rel=\"canonical\" href=\"https:\/\/potteryart.eu\/en_gb\/spletna-trgovina\/unikatni-loncarski-izdelki-iz-kamenine\/unikatni-izdelki-iz-kamenine-za-kuhinjo\/glinene-sklede-s-cvetlicnim-motivom\/\" \/>\n<meta property=\"og:locale\" content=\"en_GB\" \/>\n<meta property=\"og:type\" content=\"article\" \/>\n<meta property=\"og:title\" content=\"Glinene sklede s cvetli\u010dnim motivom\" \/>\n<meta property=\"og:description\" content=\"Glinene sklede s cvetli\u010dnim motivom so izdelki pottery art oblikovanje gline Polone Zajc. To so ro\u017ene posode iz gline, sklede iz kamenine.\" \/>\n<meta property=\"og:url\" content=\"https:\/\/potteryart.eu\/en_gb\/spletna-trgovina\/unikatni-loncarski-izdelki-iz-kamenine\/unikatni-izdelki-iz-kamenine-za-kuhinjo\/glinene-sklede-s-cvetlicnim-motivom\/\" \/>\n<meta property=\"og:site_name\" content=\"Zajc Polona\" \/>\n<meta property=\"article:modified_time\" content=\"2025-06-20T04:56:42+00:00\" \/>\n<meta property=\"og:image\" content=\"https:\/\/potteryart.eu\/wp-content\/uploads\/2025\/06\/20250604_112258-scaled.jpg\" \/>\n\t<meta property=\"og:image:width\" content=\"1920\" \/>\n\t<meta property=\"og:image:height\" content=\"2560\" \/>\n\t<meta property=\"og:image:type\" content=\"image\/jpeg\" \/>\n<meta name=\"twitter:card\" content=\"summary_large_image\" \/>\n<meta name=\"twitter:label1\" content=\"Estimated reading time\" \/>\n\t<meta name=\"twitter:data1\" content=\"2 minutes\" \/>\n<script type=\"application\/ld+json\" class=\"yoast-schema-graph\">{\"@context\":\"https:\\\/\\\/schema.org\",\"@graph\":[{\"@type\":\"WebPage\",\"@id\":\"https:\\\/\\\/potteryart.eu\\\/en_gb\\\/spletna-trgovina\\\/unikatni-loncarski-izdelki-iz-kamenine\\\/unikatni-izdelki-iz-kamenine-za-kuhinjo\\\/glinene-sklede-s-cvetlicnim-motivom\\\/\",\"url\":\"https:\\\/\\\/potteryart.eu\\\/en_gb\\\/spletna-trgovina\\\/unikatni-loncarski-izdelki-iz-kamenine\\\/unikatni-izdelki-iz-kamenine-za-kuhinjo\\\/glinene-sklede-s-cvetlicnim-motivom\\\/\",\"name\":\"glinene sklede s cvetli\u010dnim motivom\",\"isPartOf\":{\"@id\":\"https:\\\/\\\/potteryart.eu\\\/#website\"},\"primaryImageOfPage\":{\"@id\":\"https:\\\/\\\/potteryart.eu\\\/en_gb\\\/spletna-trgovina\\\/unikatni-loncarski-izdelki-iz-kamenine\\\/unikatni-izdelki-iz-kamenine-za-kuhinjo\\\/glinene-sklede-s-cvetlicnim-motivom\\\/#primaryimage\"},\"image\":{\"@id\":\"https:\\\/\\\/potteryart.eu\\\/en_gb\\\/spletna-trgovina\\\/unikatni-loncarski-izdelki-iz-kamenine\\\/unikatni-izdelki-iz-kamenine-za-kuhinjo\\\/glinene-sklede-s-cvetlicnim-motivom\\\/#primaryimage\"},\"thumbnailUrl\":\"https:\\\/\\\/potteryart.eu\\\/wp-content\\\/uploads\\\/2025\\\/06\\\/20250604_112258-scaled.jpg\",\"datePublished\":\"2025-06-09T05:11:18+00:00\",\"dateModified\":\"2025-06-20T04:56:42+00:00\",\"description\":\"Glinene sklede s cvetli\u010dnim motivom so izdelki pottery art oblikovanje gline Polone Zajc. To so ro\u017ene posode iz gline, sklede iz kamenine.\",\"breadcrumb\":{\"@id\":\"https:\\\/\\\/potteryart.eu\\\/en_gb\\\/spletna-trgovina\\\/unikatni-loncarski-izdelki-iz-kamenine\\\/unikatni-izdelki-iz-kamenine-za-kuhinjo\\\/glinene-sklede-s-cvetlicnim-motivom\\\/#breadcrumb\"},\"inLanguage\":\"en-GB\",\"potentialAction\":[{\"@type\":\"ReadAction\",\"target\":[\"https:\\\/\\\/potteryart.eu\\\/en_gb\\\/spletna-trgovina\\\/unikatni-loncarski-izdelki-iz-kamenine\\\/unikatni-izdelki-iz-kamenine-za-kuhinjo\\\/glinene-sklede-s-cvetlicnim-motivom\\\/\"]}]},{\"@type\":\"ImageObject\",\"inLanguage\":\"en-GB\",\"@id\":\"https:\\\/\\\/potteryart.eu\\\/en_gb\\\/spletna-trgovina\\\/unikatni-loncarski-izdelki-iz-kamenine\\\/unikatni-izdelki-iz-kamenine-za-kuhinjo\\\/glinene-sklede-s-cvetlicnim-motivom\\\/#primaryimage\",\"url\":\"https:\\\/\\\/potteryart.eu\\\/wp-content\\\/uploads\\\/2025\\\/06\\\/20250604_112258-scaled.jpg\",\"contentUrl\":\"https:\\\/\\\/potteryart.eu\\\/wp-content\\\/uploads\\\/2025\\\/06\\\/20250604_112258-scaled.jpg\",\"width\":1920,\"height\":2560,\"caption\":\"glinene sklede s cvetli\u010dnim motivom, pottery art, ro\u017ene posode iz gline\"},{\"@type\":\"BreadcrumbList\",\"@id\":\"https:\\\/\\\/potteryart.eu\\\/en_gb\\\/spletna-trgovina\\\/unikatni-loncarski-izdelki-iz-kamenine\\\/unikatni-izdelki-iz-kamenine-za-kuhinjo\\\/glinene-sklede-s-cvetlicnim-motivom\\\/#breadcrumb\",\"itemListElement\":[{\"@type\":\"ListItem\",\"position\":1,\"name\":\"Home\",\"item\":\"https:\\\/\\\/potteryart.eu\\\/\"},{\"@type\":\"ListItem\",\"position\":2,\"name\":\"Spletna trgovina\",\"item\":\"https:\\\/\\\/potteryart.eu\\\/spletna-trgovina\\\/\"},{\"@type\":\"ListItem\",\"position\":3,\"name\":\"Glinene sklede s cvetli\u010dnim motivom\"}]},{\"@type\":\"WebSite\",\"@id\":\"https:\\\/\\\/potteryart.eu\\\/#website\",\"url\":\"https:\\\/\\\/potteryart.eu\\\/\",\"name\":\"Zajc Polona\",\"description\":\"\",\"publisher\":{\"@id\":\"https:\\\/\\\/potteryart.eu\\\/#\\\/schema\\\/person\\\/819de6034d3dd0bbdcc3a95a0b6c7e4d\"},\"potentialAction\":[{\"@type\":\"SearchAction\",\"target\":{\"@type\":\"EntryPoint\",\"urlTemplate\":\"https:\\\/\\\/potteryart.eu\\\/?s={search_term_string}\"},\"query-input\":{\"@type\":\"PropertyValueSpecification\",\"valueRequired\":true,\"valueName\":\"search_term_string\"}}],\"inLanguage\":\"en-GB\"},{\"@type\":[\"Person\",\"Organization\"],\"@id\":\"https:\\\/\\\/potteryart.eu\\\/#\\\/schema\\\/person\\\/819de6034d3dd0bbdcc3a95a0b6c7e4d\",\"name\":\"polonazajc_admin\",\"image\":{\"@type\":\"ImageObject\",\"inLanguage\":\"en-GB\",\"@id\":\"https:\\\/\\\/potteryart.eu\\\/wp-content\\\/uploads\\\/2020\\\/12\\\/cropped-Logo-1.png\",\"url\":\"https:\\\/\\\/potteryart.eu\\\/wp-content\\\/uploads\\\/2020\\\/12\\\/cropped-Logo-1.png\",\"contentUrl\":\"https:\\\/\\\/potteryart.eu\\\/wp-content\\\/uploads\\\/2020\\\/12\\\/cropped-Logo-1.png\",\"width\":2113,\"height\":280,\"caption\":\"polonazajc_admin\"},\"logo\":{\"@id\":\"https:\\\/\\\/potteryart.eu\\\/wp-content\\\/uploads\\\/2020\\\/12\\\/cropped-Logo-1.png\"}}]}<\/script>\n<!-- \/ Yoast SEO Premium plugin. -->","yoast_head_json":{"title":"glinene sklede s cvetli\u010dnim motivom","description":"Glinene sklede s cvetli\u010dnim motivom so izdelki pottery art oblikovanje gline Polone Zajc. To so ro\u017ene posode iz gline, sklede iz kamenine.","robots":{"index":"index","follow":"follow","max-snippet":"max-snippet:-1","max-image-preview":"max-image-preview:large","max-video-preview":"max-video-preview:-1"},"canonical":"https:\/\/potteryart.eu\/en_gb\/spletna-trgovina\/unikatni-loncarski-izdelki-iz-kamenine\/unikatni-izdelki-iz-kamenine-za-kuhinjo\/glinene-sklede-s-cvetlicnim-motivom\/","og_locale":"en_GB","og_type":"article","og_title":"Glinene sklede s cvetli\u010dnim motivom","og_description":"Glinene sklede s cvetli\u010dnim motivom so izdelki pottery art oblikovanje gline Polone Zajc. To so ro\u017ene posode iz gline, sklede iz kamenine.","og_url":"https:\/\/potteryart.eu\/en_gb\/spletna-trgovina\/unikatni-loncarski-izdelki-iz-kamenine\/unikatni-izdelki-iz-kamenine-za-kuhinjo\/glinene-sklede-s-cvetlicnim-motivom\/","og_site_name":"Zajc Polona","article_modified_time":"2025-06-20T04:56:42+00:00","og_image":[{"width":1920,"height":2560,"url":"https:\/\/potteryart.eu\/wp-content\/uploads\/2025\/06\/20250604_112258-scaled.jpg","type":"image\/jpeg"}],"twitter_card":"summary_large_image","twitter_misc":{"Estimated reading time":"2 minutes"},"schema":{"@context":"https:\/\/schema.org","@graph":[{"@type":"WebPage","@id":"https:\/\/potteryart.eu\/en_gb\/spletna-trgovina\/unikatni-loncarski-izdelki-iz-kamenine\/unikatni-izdelki-iz-kamenine-za-kuhinjo\/glinene-sklede-s-cvetlicnim-motivom\/","url":"https:\/\/potteryart.eu\/en_gb\/spletna-trgovina\/unikatni-loncarski-izdelki-iz-kamenine\/unikatni-izdelki-iz-kamenine-za-kuhinjo\/glinene-sklede-s-cvetlicnim-motivom\/","name":"glinene sklede s cvetli\u010dnim motivom","isPartOf":{"@id":"https:\/\/potteryart.eu\/#website"},"primaryImageOfPage":{"@id":"https:\/\/potteryart.eu\/en_gb\/spletna-trgovina\/unikatni-loncarski-izdelki-iz-kamenine\/unikatni-izdelki-iz-kamenine-za-kuhinjo\/glinene-sklede-s-cvetlicnim-motivom\/#primaryimage"},"image":{"@id":"https:\/\/potteryart.eu\/en_gb\/spletna-trgovina\/unikatni-loncarski-izdelki-iz-kamenine\/unikatni-izdelki-iz-kamenine-za-kuhinjo\/glinene-sklede-s-cvetlicnim-motivom\/#primaryimage"},"thumbnailUrl":"https:\/\/potteryart.eu\/wp-content\/uploads\/2025\/06\/20250604_112258-scaled.jpg","datePublished":"2025-06-09T05:11:18+00:00","dateModified":"2025-06-20T04:56:42+00:00","description":"Glinene sklede s cvetli\u010dnim motivom so izdelki pottery art oblikovanje gline Polone Zajc. To so ro\u017ene posode iz gline, sklede iz kamenine.","breadcrumb":{"@id":"https:\/\/potteryart.eu\/en_gb\/spletna-trgovina\/unikatni-loncarski-izdelki-iz-kamenine\/unikatni-izdelki-iz-kamenine-za-kuhinjo\/glinene-sklede-s-cvetlicnim-motivom\/#breadcrumb"},"inLanguage":"en-GB","potentialAction":[{"@type":"ReadAction","target":["https:\/\/potteryart.eu\/en_gb\/spletna-trgovina\/unikatni-loncarski-izdelki-iz-kamenine\/unikatni-izdelki-iz-kamenine-za-kuhinjo\/glinene-sklede-s-cvetlicnim-motivom\/"]}]},{"@type":"ImageObject","inLanguage":"en-GB","@id":"https:\/\/potteryart.eu\/en_gb\/spletna-trgovina\/unikatni-loncarski-izdelki-iz-kamenine\/unikatni-izdelki-iz-kamenine-za-kuhinjo\/glinene-sklede-s-cvetlicnim-motivom\/#primaryimage","url":"https:\/\/potteryart.eu\/wp-content\/uploads\/2025\/06\/20250604_112258-scaled.jpg","contentUrl":"https:\/\/potteryart.eu\/wp-content\/uploads\/2025\/06\/20250604_112258-scaled.jpg","width":1920,"height":2560,"caption":"glinene sklede s cvetli\u010dnim motivom, pottery art, ro\u017ene posode iz gline"},{"@type":"BreadcrumbList","@id":"https:\/\/potteryart.eu\/en_gb\/spletna-trgovina\/unikatni-loncarski-izdelki-iz-kamenine\/unikatni-izdelki-iz-kamenine-za-kuhinjo\/glinene-sklede-s-cvetlicnim-motivom\/#breadcrumb","itemListElement":[{"@type":"ListItem","position":1,"name":"Home","item":"https:\/\/potteryart.eu\/"},{"@type":"ListItem","position":2,"name":"Spletna trgovina","item":"https:\/\/potteryart.eu\/spletna-trgovina\/"},{"@type":"ListItem","position":3,"name":"Glinene sklede s cvetli\u010dnim motivom"}]},{"@type":"WebSite","@id":"https:\/\/potteryart.eu\/#website","url":"https:\/\/potteryart.eu\/","name":"Zajc Polona","description":"","publisher":{"@id":"https:\/\/potteryart.eu\/#\/schema\/person\/819de6034d3dd0bbdcc3a95a0b6c7e4d"},"potentialAction":[{"@type":"SearchAction","target":{"@type":"EntryPoint","urlTemplate":"https:\/\/potteryart.eu\/?s={search_term_string}"},"query-input":{"@type":"PropertyValueSpecification","valueRequired":true,"valueName":"search_term_string"}}],"inLanguage":"en-GB"},{"@type":["Person","Organization"],"@id":"https:\/\/potteryart.eu\/#\/schema\/person\/819de6034d3dd0bbdcc3a95a0b6c7e4d","name":"polonazajc_admin","image":{"@type":"ImageObject","inLanguage":"en-GB","@id":"https:\/\/potteryart.eu\/wp-content\/uploads\/2020\/12\/cropped-Logo-1.png","url":"https:\/\/potteryart.eu\/wp-content\/uploads\/2020\/12\/cropped-Logo-1.png","contentUrl":"https:\/\/potteryart.eu\/wp-content\/uploads\/2020\/12\/cropped-Logo-1.png","width":2113,"height":280,"caption":"polonazajc_admin"},"logo":{"@id":"https:\/\/potteryart.eu\/wp-content\/uploads\/2020\/12\/cropped-Logo-1.png"}}]}},"_links":{"self":[{"href":"https:\/\/potteryart.eu\/en_gb\/wp-json\/wp\/v2\/product\/3547","targetHints":{"allow":["GET"]}}],"collection":[{"href":"https:\/\/potteryart.eu\/en_gb\/wp-json\/wp\/v2\/product"}],"about":[{"href":"https:\/\/potteryart.eu\/en_gb\/wp-json\/wp\/v2\/types\/product"}],"replies":[{"embeddable":true,"href":"https:\/\/potteryart.eu\/en_gb\/wp-json\/wp\/v2\/comments?post=3547"}],"wp:featuredmedia":[{"embeddable":true,"href":"https:\/\/potteryart.eu\/en_gb\/wp-json\/wp\/v2\/media\/3551"}],"wp:attachment":[{"href":"https:\/\/potteryart.eu\/en_gb\/wp-json\/wp\/v2\/media?parent=3547"}],"wp:term":[{"taxonomy":"product_brand","embeddable":true,"href":"https:\/\/potteryart.eu\/en_gb\/wp-json\/wp\/v2\/product_brand?post=3547"},{"taxonomy":"product_cat","embeddable":true,"href":"https:\/\/potteryart.eu\/en_gb\/wp-json\/wp\/v2\/product_cat?post=3547"},{"taxonomy":"product_tag","embeddable":true,"href":"https:\/\/potteryart.eu\/en_gb\/wp-json\/wp\/v2\/product_tag?post=3547"}],"curies":[{"name":"wp","href":"https:\/\/api.w.org\/{rel}","templated":true}]}}