{"id":3571,"date":"2025-06-21T09:14:18","date_gmt":"2025-06-21T07:14:18","guid":{"rendered":"https:\/\/potteryart.eu\/?post_type=product&#038;p=3571"},"modified":"2026-02-19T07:34:22","modified_gmt":"2026-02-19T06:34:22","slug":"glinen-nakit-listi-v-vetru","status":"publish","type":"product","link":"https:\/\/potteryart.eu\/en_gb\/spletna-trgovina\/unikaten-nakit-iz-gline\/glinen-nakit-listi-v-vetru\/","title":{"rendered":"Clay jewelry Leaves in the Wind"},"content":{"rendered":"<h1>Clay jewelry Leaves in the Wind<\/h1>\n<p>Clay jewelry Leaves in the Wind is a pottery art product designed by Polona Zajc. This series of clay jewelry depicts leaves from various trees. The ceramic tree leaves are impressions of plaster models made by the artist herself. The leaves are made of black clay and painted in various shades of glaze, which offer beautiful effects of flowing colors. Pure gold is applied around the edge. They are fired at 1220\u00b0C, and the gold is fired with a third firing at 800\u00b0C.<\/p>\n<h2>Pottery art clay design by Polona Zajc<\/h2>\n<p>Pottery art clay design by Polona Zajc also includes a category of unique clay jewelry in her collection of clay products. Here we find various shapes of pendants made of clay. A special type of pendants are shapes of labyrinths carved into clay. The clay jewelry Leaves in the Wind also belongs to this category. Leaf prints also appear on other products on these pages. In this series, however, they appear independently as clay jewelry. Each pendant in the unique clay jewelry category is hung on a waxed cord with a metal clasp.<\/p>\n<h3>Leaf prints in clay<\/h3>\n<p>Leaf prints in clay represent various shapes of tree leaves. Have you ever closely observed the beautiful shape of every single leaf that grows on a tree? Each tree leaf has a unique network of veins that form a unique surface structure. Leaf pendants in ceramics emphasize this wonderful play of nature. Leaf prints in clay are painted in various shades of glaze, which offer iridescent effects precisely because of the interesting surface of the leaves. Real gold is applied to the edge, which further emphasizes the shiny effects of the glaze and enhances the nobility of the clay jewelry. The pendants are solid due to the high firing temperature, despite their very thin surface.<\/p>\n<p>The series features various shapes of leaves from trees that grow in our region. As the leaves come in different shapes and colors, please specify which one you prefer when ordering. All of them are attached to a waxed cord with a metal clasp.<\/p>","protected":false},"excerpt":{"rendered":"<p>Glinen nakit Listi v vetru Glinen nakit Listi v vetru je izdelek pottery art oblikovanje gline Polone Zajc. V tej seriji glinenega nakita so upodobljeni listi razli\u010dnih dreves. Kerami\u010den list drevesa je odtis mav\u010dnega modela lastne izdelave. Listi so narejeni iz \u010drne gline in pobarvani v razli\u010dnih odtenkih glazur, ki ponujajo \u010dudovite u\u010dinke prelivajo\u010dih barv. [&hellip;]<\/p>\n","protected":false},"featured_media":3586,"comment_status":"open","ping_status":"closed","template":"","meta":[],"product_brand":[],"product_cat":[86,265],"product_tag":[],"class_list":{"0":"post-3571","1":"product","2":"type-product","3":"status-publish","4":"has-post-thumbnail","6":"product_cat-unikaten-nakit-iz-gline","7":"product_cat-unikatni-loncarski-izdelki-iz-kamenine","9":"first","10":"instock","11":"purchasable","12":"product-type-simple"},"yoast_head":"<!-- This site is optimized with the Yoast SEO Premium plugin v27.4 (Yoast SEO v27.4) - https:\/\/yoast.com\/product\/yoast-seo-premium-wordpress\/ -->\n<title>Glinen nakit listi v vetru<\/title>\n<meta name=\"description\" content=\"Glinen nakit Listi v vetru je izdelek pottery art oblikovanje gline Polone Zajc. To so odtisi listov v glini, izdelani kot kerami\u010den nakit.\" \/>\n<meta name=\"robots\" content=\"index, follow, max-snippet:-1, max-image-preview:large, max-video-preview:-1\" \/>\n<link rel=\"canonical\" href=\"https:\/\/potteryart.eu\/en_gb\/spletna-trgovina\/unikaten-nakit-iz-gline\/glinen-nakit-listi-v-vetru\/\" \/>\n<meta property=\"og:locale\" content=\"en_GB\" \/>\n<meta property=\"og:type\" content=\"article\" \/>\n<meta property=\"og:title\" content=\"Glinen nakit Listi v vetru\" \/>\n<meta property=\"og:description\" content=\"Glinen nakit Listi v vetru je izdelek pottery art oblikovanje gline Polone Zajc. To so odtisi listov v glini, izdelani kot kerami\u010den nakit.\" \/>\n<meta property=\"og:url\" content=\"https:\/\/potteryart.eu\/en_gb\/spletna-trgovina\/unikaten-nakit-iz-gline\/glinen-nakit-listi-v-vetru\/\" \/>\n<meta property=\"og:site_name\" content=\"Zajc Polona\" \/>\n<meta property=\"article:modified_time\" content=\"2026-02-19T06:34:22+00:00\" \/>\n<meta property=\"og:image\" content=\"https:\/\/potteryart.eu\/wp-content\/uploads\/2025\/06\/20250621_074536-1-scaled.jpg\" \/>\n\t<meta property=\"og:image:width\" content=\"1920\" \/>\n\t<meta property=\"og:image:height\" content=\"2560\" \/>\n\t<meta property=\"og:image:type\" content=\"image\/jpeg\" \/>\n<meta name=\"twitter:card\" content=\"summary_large_image\" \/>\n<meta name=\"twitter:label1\" content=\"Estimated reading time\" \/>\n\t<meta name=\"twitter:data1\" content=\"2 minutes\" \/>\n<script type=\"application\/ld+json\" class=\"yoast-schema-graph\">{\"@context\":\"https:\\\/\\\/schema.org\",\"@graph\":[{\"@type\":\"WebPage\",\"@id\":\"https:\\\/\\\/potteryart.eu\\\/spletna-trgovina\\\/unikaten-nakit-iz-gline\\\/glinen-nakit-listi-v-vetru\\\/\",\"url\":\"https:\\\/\\\/potteryart.eu\\\/spletna-trgovina\\\/unikaten-nakit-iz-gline\\\/glinen-nakit-listi-v-vetru\\\/\",\"name\":\"Glinen nakit listi v vetru\",\"isPartOf\":{\"@id\":\"https:\\\/\\\/potteryart.eu\\\/#website\"},\"primaryImageOfPage\":{\"@id\":\"https:\\\/\\\/potteryart.eu\\\/spletna-trgovina\\\/unikaten-nakit-iz-gline\\\/glinen-nakit-listi-v-vetru\\\/#primaryimage\"},\"image\":{\"@id\":\"https:\\\/\\\/potteryart.eu\\\/spletna-trgovina\\\/unikaten-nakit-iz-gline\\\/glinen-nakit-listi-v-vetru\\\/#primaryimage\"},\"thumbnailUrl\":\"https:\\\/\\\/potteryart.eu\\\/wp-content\\\/uploads\\\/2025\\\/06\\\/20250621_074536-1-scaled.jpg\",\"datePublished\":\"2025-06-21T07:14:18+00:00\",\"dateModified\":\"2026-02-19T06:34:22+00:00\",\"description\":\"Glinen nakit Listi v vetru je izdelek pottery art oblikovanje gline Polone Zajc. To so odtisi listov v glini, izdelani kot kerami\u010den nakit.\",\"breadcrumb\":{\"@id\":\"https:\\\/\\\/potteryart.eu\\\/spletna-trgovina\\\/unikaten-nakit-iz-gline\\\/glinen-nakit-listi-v-vetru\\\/#breadcrumb\"},\"inLanguage\":\"en-GB\",\"potentialAction\":[{\"@type\":\"ReadAction\",\"target\":[\"https:\\\/\\\/potteryart.eu\\\/spletna-trgovina\\\/unikaten-nakit-iz-gline\\\/glinen-nakit-listi-v-vetru\\\/\"]}]},{\"@type\":\"ImageObject\",\"inLanguage\":\"en-GB\",\"@id\":\"https:\\\/\\\/potteryart.eu\\\/spletna-trgovina\\\/unikaten-nakit-iz-gline\\\/glinen-nakit-listi-v-vetru\\\/#primaryimage\",\"url\":\"https:\\\/\\\/potteryart.eu\\\/wp-content\\\/uploads\\\/2025\\\/06\\\/20250621_074536-1-scaled.jpg\",\"contentUrl\":\"https:\\\/\\\/potteryart.eu\\\/wp-content\\\/uploads\\\/2025\\\/06\\\/20250621_074536-1-scaled.jpg\",\"width\":1920,\"height\":2560,\"caption\":\"glinen nakit listi v vetru, pottery art, odtisi listov v glini\"},{\"@type\":\"BreadcrumbList\",\"@id\":\"https:\\\/\\\/potteryart.eu\\\/spletna-trgovina\\\/unikaten-nakit-iz-gline\\\/glinen-nakit-listi-v-vetru\\\/#breadcrumb\",\"itemListElement\":[{\"@type\":\"ListItem\",\"position\":1,\"name\":\"Home\",\"item\":\"https:\\\/\\\/potteryart.eu\\\/\"},{\"@type\":\"ListItem\",\"position\":2,\"name\":\"Spletna trgovina\",\"item\":\"https:\\\/\\\/potteryart.eu\\\/spletna-trgovina\\\/\"},{\"@type\":\"ListItem\",\"position\":3,\"name\":\"Glinen nakit Listi v vetru\"}]},{\"@type\":\"WebSite\",\"@id\":\"https:\\\/\\\/potteryart.eu\\\/#website\",\"url\":\"https:\\\/\\\/potteryart.eu\\\/\",\"name\":\"Zajc Polona\",\"description\":\"\",\"publisher\":{\"@id\":\"https:\\\/\\\/potteryart.eu\\\/#\\\/schema\\\/person\\\/819de6034d3dd0bbdcc3a95a0b6c7e4d\"},\"potentialAction\":[{\"@type\":\"SearchAction\",\"target\":{\"@type\":\"EntryPoint\",\"urlTemplate\":\"https:\\\/\\\/potteryart.eu\\\/?s={search_term_string}\"},\"query-input\":{\"@type\":\"PropertyValueSpecification\",\"valueRequired\":true,\"valueName\":\"search_term_string\"}}],\"inLanguage\":\"en-GB\"},{\"@type\":[\"Person\",\"Organization\"],\"@id\":\"https:\\\/\\\/potteryart.eu\\\/#\\\/schema\\\/person\\\/819de6034d3dd0bbdcc3a95a0b6c7e4d\",\"name\":\"polonazajc_admin\",\"image\":{\"@type\":\"ImageObject\",\"inLanguage\":\"en-GB\",\"@id\":\"https:\\\/\\\/potteryart.eu\\\/wp-content\\\/uploads\\\/2020\\\/12\\\/cropped-Logo-1.png\",\"url\":\"https:\\\/\\\/potteryart.eu\\\/wp-content\\\/uploads\\\/2020\\\/12\\\/cropped-Logo-1.png\",\"contentUrl\":\"https:\\\/\\\/potteryart.eu\\\/wp-content\\\/uploads\\\/2020\\\/12\\\/cropped-Logo-1.png\",\"width\":2113,\"height\":280,\"caption\":\"polonazajc_admin\"},\"logo\":{\"@id\":\"https:\\\/\\\/potteryart.eu\\\/wp-content\\\/uploads\\\/2020\\\/12\\\/cropped-Logo-1.png\"}}]}<\/script>\n<!-- \/ Yoast SEO Premium plugin. -->","yoast_head_json":{"title":"Glinen nakit listi v vetru","description":"Glinen nakit Listi v vetru je izdelek pottery art oblikovanje gline Polone Zajc. To so odtisi listov v glini, izdelani kot kerami\u010den nakit.","robots":{"index":"index","follow":"follow","max-snippet":"max-snippet:-1","max-image-preview":"max-image-preview:large","max-video-preview":"max-video-preview:-1"},"canonical":"https:\/\/potteryart.eu\/en_gb\/spletna-trgovina\/unikaten-nakit-iz-gline\/glinen-nakit-listi-v-vetru\/","og_locale":"en_GB","og_type":"article","og_title":"Glinen nakit Listi v vetru","og_description":"Glinen nakit Listi v vetru je izdelek pottery art oblikovanje gline Polone Zajc. To so odtisi listov v glini, izdelani kot kerami\u010den nakit.","og_url":"https:\/\/potteryart.eu\/en_gb\/spletna-trgovina\/unikaten-nakit-iz-gline\/glinen-nakit-listi-v-vetru\/","og_site_name":"Zajc Polona","article_modified_time":"2026-02-19T06:34:22+00:00","og_image":[{"width":1920,"height":2560,"url":"https:\/\/potteryart.eu\/wp-content\/uploads\/2025\/06\/20250621_074536-1-scaled.jpg","type":"image\/jpeg"}],"twitter_card":"summary_large_image","twitter_misc":{"Estimated reading time":"2 minutes"},"schema":{"@context":"https:\/\/schema.org","@graph":[{"@type":"WebPage","@id":"https:\/\/potteryart.eu\/spletna-trgovina\/unikaten-nakit-iz-gline\/glinen-nakit-listi-v-vetru\/","url":"https:\/\/potteryart.eu\/spletna-trgovina\/unikaten-nakit-iz-gline\/glinen-nakit-listi-v-vetru\/","name":"Glinen nakit listi v vetru","isPartOf":{"@id":"https:\/\/potteryart.eu\/#website"},"primaryImageOfPage":{"@id":"https:\/\/potteryart.eu\/spletna-trgovina\/unikaten-nakit-iz-gline\/glinen-nakit-listi-v-vetru\/#primaryimage"},"image":{"@id":"https:\/\/potteryart.eu\/spletna-trgovina\/unikaten-nakit-iz-gline\/glinen-nakit-listi-v-vetru\/#primaryimage"},"thumbnailUrl":"https:\/\/potteryart.eu\/wp-content\/uploads\/2025\/06\/20250621_074536-1-scaled.jpg","datePublished":"2025-06-21T07:14:18+00:00","dateModified":"2026-02-19T06:34:22+00:00","description":"Glinen nakit Listi v vetru je izdelek pottery art oblikovanje gline Polone Zajc. To so odtisi listov v glini, izdelani kot kerami\u010den nakit.","breadcrumb":{"@id":"https:\/\/potteryart.eu\/spletna-trgovina\/unikaten-nakit-iz-gline\/glinen-nakit-listi-v-vetru\/#breadcrumb"},"inLanguage":"en-GB","potentialAction":[{"@type":"ReadAction","target":["https:\/\/potteryart.eu\/spletna-trgovina\/unikaten-nakit-iz-gline\/glinen-nakit-listi-v-vetru\/"]}]},{"@type":"ImageObject","inLanguage":"en-GB","@id":"https:\/\/potteryart.eu\/spletna-trgovina\/unikaten-nakit-iz-gline\/glinen-nakit-listi-v-vetru\/#primaryimage","url":"https:\/\/potteryart.eu\/wp-content\/uploads\/2025\/06\/20250621_074536-1-scaled.jpg","contentUrl":"https:\/\/potteryart.eu\/wp-content\/uploads\/2025\/06\/20250621_074536-1-scaled.jpg","width":1920,"height":2560,"caption":"glinen nakit listi v vetru, pottery art, odtisi listov v glini"},{"@type":"BreadcrumbList","@id":"https:\/\/potteryart.eu\/spletna-trgovina\/unikaten-nakit-iz-gline\/glinen-nakit-listi-v-vetru\/#breadcrumb","itemListElement":[{"@type":"ListItem","position":1,"name":"Home","item":"https:\/\/potteryart.eu\/"},{"@type":"ListItem","position":2,"name":"Spletna trgovina","item":"https:\/\/potteryart.eu\/spletna-trgovina\/"},{"@type":"ListItem","position":3,"name":"Glinen nakit Listi v vetru"}]},{"@type":"WebSite","@id":"https:\/\/potteryart.eu\/#website","url":"https:\/\/potteryart.eu\/","name":"Zajc Polona","description":"","publisher":{"@id":"https:\/\/potteryart.eu\/#\/schema\/person\/819de6034d3dd0bbdcc3a95a0b6c7e4d"},"potentialAction":[{"@type":"SearchAction","target":{"@type":"EntryPoint","urlTemplate":"https:\/\/potteryart.eu\/?s={search_term_string}"},"query-input":{"@type":"PropertyValueSpecification","valueRequired":true,"valueName":"search_term_string"}}],"inLanguage":"en-GB"},{"@type":["Person","Organization"],"@id":"https:\/\/potteryart.eu\/#\/schema\/person\/819de6034d3dd0bbdcc3a95a0b6c7e4d","name":"polonazajc_admin","image":{"@type":"ImageObject","inLanguage":"en-GB","@id":"https:\/\/potteryart.eu\/wp-content\/uploads\/2020\/12\/cropped-Logo-1.png","url":"https:\/\/potteryart.eu\/wp-content\/uploads\/2020\/12\/cropped-Logo-1.png","contentUrl":"https:\/\/potteryart.eu\/wp-content\/uploads\/2020\/12\/cropped-Logo-1.png","width":2113,"height":280,"caption":"polonazajc_admin"},"logo":{"@id":"https:\/\/potteryart.eu\/wp-content\/uploads\/2020\/12\/cropped-Logo-1.png"}}]}},"_links":{"self":[{"href":"https:\/\/potteryart.eu\/en_gb\/wp-json\/wp\/v2\/product\/3571","targetHints":{"allow":["GET"]}}],"collection":[{"href":"https:\/\/potteryart.eu\/en_gb\/wp-json\/wp\/v2\/product"}],"about":[{"href":"https:\/\/potteryart.eu\/en_gb\/wp-json\/wp\/v2\/types\/product"}],"replies":[{"embeddable":true,"href":"https:\/\/potteryart.eu\/en_gb\/wp-json\/wp\/v2\/comments?post=3571"}],"wp:featuredmedia":[{"embeddable":true,"href":"https:\/\/potteryart.eu\/en_gb\/wp-json\/wp\/v2\/media\/3586"}],"wp:attachment":[{"href":"https:\/\/potteryart.eu\/en_gb\/wp-json\/wp\/v2\/media?parent=3571"}],"wp:term":[{"taxonomy":"product_brand","embeddable":true,"href":"https:\/\/potteryart.eu\/en_gb\/wp-json\/wp\/v2\/product_brand?post=3571"},{"taxonomy":"product_cat","embeddable":true,"href":"https:\/\/potteryart.eu\/en_gb\/wp-json\/wp\/v2\/product_cat?post=3571"},{"taxonomy":"product_tag","embeddable":true,"href":"https:\/\/potteryart.eu\/en_gb\/wp-json\/wp\/v2\/product_tag?post=3571"}],"curies":[{"name":"wp","href":"https:\/\/api.w.org\/{rel}","templated":true}]}}