{"id":3941,"date":"2025-11-08T11:08:44","date_gmt":"2025-11-08T10:08:44","guid":{"rendered":"https:\/\/potteryart.eu\/?post_type=product&#038;p=3941"},"modified":"2026-03-31T19:09:34","modified_gmt":"2026-03-31T17:09:34","slug":"manjsi-keramicni-pekac-za-potico","status":"publish","type":"product","link":"https:\/\/potteryart.eu\/en_gb\/spletna-trgovina\/unikatni-loncarski-izdelki-iz-kamenine\/unikatni-izdelki-iz-kamenine-za-kuhinjo\/manjsi-keramicni-pekac-za-potico\/","title":{"rendered":"Smaller ceramic cake tin"},"content":{"rendered":"<h1><strong>\u00a0Smaller ceramic cake tin <\/strong><\/h1>\n<p class=\"translation-block\">This small ceramic pot for baking potica is a pottery art product designed by Polona Zajc. It is part of a series of clay pots for baking in the oven. The clay pot, as it is also called, is made in the traditional way. It is turned on a potter's wheel from red stoneware, which withstands temperature fluctuations during the baking process in the oven. It is fired at 1220\u00b0C.  The surfaces that come into contact with food are glazed with a glaze that is certified for household use (traceability mark LOT17). Diameter 24-26 cm.<\/p>\n<h2><strong>Pottery art clay design by Polona Zajc<\/strong><\/h2>\n<p class=\"translation-block\">Pottery art clay design Polona Zajc also has a traditional clay pot for potica in her collection of ceramic products. The series includes four sizes or four diameters of clay baking pans for potica. The large ceramic potica baking pan has a diameter of 32-34 cm, the smaller ceramic potica baking pan has a diameter of 24-26 cm, the medium ceramic potica baking pan has a diameter of 28-30 cm, and the small ceramic baking pan has a diameter of 16 cm. Each traditional potica pan is handmade on a potter's wheel, with hand-painted decoration around the rim.<\/p>\n<h3><strong>Small clay pot for potica<\/strong><\/h3>\n<p>The small clay pot for potica is the smallest usable pot in the potica pot series. It is intended for baking a traditional Slovenian cake called potica. This is a traditional  pot with a characteristic shape. The double-pleated rim and inner sleeve give the potica its traditional shape. The outer diameter of the baking dish is 24-26 cm. It is made of the highest quality clay, which withstands temperature fluctuations during baking in the oven. The walls of the baking pan are thin, so that the potica bakes evenly across the entire surface. The flexible glaze makes the inner surface smooth, so that the potica turns out of the baking pan nicely. The high firing temperature ensures that the baking dish does not absorb fat. This handmade clay potica baking dish remains high quality for long-term use.  The rustic appearance with a distinctive pattern around the edge, high-quality workmanship, and material make this clay potica baking dish unique in every way.<\/p>","protected":false},"excerpt":{"rendered":"<p>\u00a0Manj\u0161i kerami\u010dni peka\u010d za potico Manj\u0161i kerami\u010dni peka\u010d za potico je izdelek pottery art oblikovanje gline Polone Zajc. Je del serije glineni peka\u010di za peko v pe\u010dici. Poti\u010dnik iz gline, kot se tudi imenuje, je narejen na tradicionalen na\u010din. Zvrten je na lon\u010darskem vretenu iz rde\u010de kamenine, ki dobro prenese nihanje temperature med procesom peke [&hellip;]<\/p>\n","protected":false},"featured_media":3945,"comment_status":"open","ping_status":"closed","template":"","meta":[],"product_brand":[],"product_cat":[261,275,265],"product_tag":[],"class_list":{"0":"post-3941","1":"product","2":"type-product","3":"status-publish","4":"has-post-thumbnail","6":"product_cat-glineni-pekaci","7":"product_cat-unikatni-izdelki-iz-kamenine-za-kuhinjo","8":"product_cat-unikatni-loncarski-izdelki-iz-kamenine","9":"product_shipping_class-2kg","11":"first","12":"instock","13":"purchasable","14":"product-type-simple"},"yoast_head":"<!-- This site is optimized with the Yoast SEO Premium plugin v27.4 (Yoast SEO v27.4) - https:\/\/yoast.com\/product\/yoast-seo-premium-wordpress\/ -->\n<title>manj\u0161i kerami\u010dni peka\u010d za potico<\/title>\n<meta name=\"description\" content=\"Manj\u0161i kerami\u010dni peka\u010d za potico je izdelek pottery art, oblikovanje gline Polone Zajc. To je manj\u0161i glinen peka\u010d za potico ali tradicionalna poti\u010dnica\" \/>\n<meta name=\"robots\" content=\"index, follow, max-snippet:-1, max-image-preview:large, max-video-preview:-1\" \/>\n<link rel=\"canonical\" href=\"https:\/\/potteryart.eu\/en_gb\/spletna-trgovina\/unikatni-loncarski-izdelki-iz-kamenine\/unikatni-izdelki-iz-kamenine-za-kuhinjo\/manjsi-keramicni-pekac-za-potico\/\" \/>\n<meta property=\"og:locale\" content=\"en_GB\" \/>\n<meta property=\"og:type\" content=\"article\" \/>\n<meta property=\"og:title\" content=\"Manj\u0161i kerami\u010dni peka\u010d za potico\" \/>\n<meta property=\"og:description\" content=\"Manj\u0161i kerami\u010dni peka\u010d za potico je izdelek pottery art, oblikovanje gline Polone Zajc. To je manj\u0161i glinen peka\u010d za potico ali tradicionalna poti\u010dnica\" \/>\n<meta property=\"og:url\" content=\"https:\/\/potteryart.eu\/en_gb\/spletna-trgovina\/unikatni-loncarski-izdelki-iz-kamenine\/unikatni-izdelki-iz-kamenine-za-kuhinjo\/manjsi-keramicni-pekac-za-potico\/\" \/>\n<meta property=\"og:site_name\" content=\"Zajc Polona\" \/>\n<meta property=\"article:modified_time\" content=\"2026-03-31T17:09:34+00:00\" \/>\n<meta property=\"og:image\" content=\"https:\/\/potteryart.eu\/wp-content\/uploads\/2025\/11\/20251108_110236-2-scaled.jpg\" \/>\n\t<meta property=\"og:image:width\" content=\"2560\" \/>\n\t<meta property=\"og:image:height\" content=\"2195\" \/>\n\t<meta property=\"og:image:type\" content=\"image\/jpeg\" \/>\n<meta name=\"twitter:card\" content=\"summary_large_image\" \/>\n<meta name=\"twitter:label1\" content=\"Estimated reading time\" \/>\n\t<meta name=\"twitter:data1\" content=\"2 minutes\" \/>\n<script type=\"application\/ld+json\" class=\"yoast-schema-graph\">{\"@context\":\"https:\\\/\\\/schema.org\",\"@graph\":[{\"@type\":\"WebPage\",\"@id\":\"https:\\\/\\\/potteryart.eu\\\/spletna-trgovina\\\/unikatni-loncarski-izdelki-iz-kamenine\\\/unikatni-izdelki-iz-kamenine-za-kuhinjo\\\/manjsi-keramicni-pekac-za-potico\\\/\",\"url\":\"https:\\\/\\\/potteryart.eu\\\/spletna-trgovina\\\/unikatni-loncarski-izdelki-iz-kamenine\\\/unikatni-izdelki-iz-kamenine-za-kuhinjo\\\/manjsi-keramicni-pekac-za-potico\\\/\",\"name\":\"manj\u0161i kerami\u010dni peka\u010d za potico\",\"isPartOf\":{\"@id\":\"https:\\\/\\\/potteryart.eu\\\/#website\"},\"primaryImageOfPage\":{\"@id\":\"https:\\\/\\\/potteryart.eu\\\/spletna-trgovina\\\/unikatni-loncarski-izdelki-iz-kamenine\\\/unikatni-izdelki-iz-kamenine-za-kuhinjo\\\/manjsi-keramicni-pekac-za-potico\\\/#primaryimage\"},\"image\":{\"@id\":\"https:\\\/\\\/potteryart.eu\\\/spletna-trgovina\\\/unikatni-loncarski-izdelki-iz-kamenine\\\/unikatni-izdelki-iz-kamenine-za-kuhinjo\\\/manjsi-keramicni-pekac-za-potico\\\/#primaryimage\"},\"thumbnailUrl\":\"https:\\\/\\\/potteryart.eu\\\/wp-content\\\/uploads\\\/2025\\\/11\\\/20251108_110236-2-scaled.jpg\",\"datePublished\":\"2025-11-08T10:08:44+00:00\",\"dateModified\":\"2026-03-31T17:09:34+00:00\",\"description\":\"Manj\u0161i kerami\u010dni peka\u010d za potico je izdelek pottery art, oblikovanje gline Polone Zajc. To je manj\u0161i glinen peka\u010d za potico ali tradicionalna poti\u010dnica\",\"breadcrumb\":{\"@id\":\"https:\\\/\\\/potteryart.eu\\\/spletna-trgovina\\\/unikatni-loncarski-izdelki-iz-kamenine\\\/unikatni-izdelki-iz-kamenine-za-kuhinjo\\\/manjsi-keramicni-pekac-za-potico\\\/#breadcrumb\"},\"inLanguage\":\"en-GB\",\"potentialAction\":[{\"@type\":\"ReadAction\",\"target\":[\"https:\\\/\\\/potteryart.eu\\\/spletna-trgovina\\\/unikatni-loncarski-izdelki-iz-kamenine\\\/unikatni-izdelki-iz-kamenine-za-kuhinjo\\\/manjsi-keramicni-pekac-za-potico\\\/\"]}]},{\"@type\":\"ImageObject\",\"inLanguage\":\"en-GB\",\"@id\":\"https:\\\/\\\/potteryart.eu\\\/spletna-trgovina\\\/unikatni-loncarski-izdelki-iz-kamenine\\\/unikatni-izdelki-iz-kamenine-za-kuhinjo\\\/manjsi-keramicni-pekac-za-potico\\\/#primaryimage\",\"url\":\"https:\\\/\\\/potteryart.eu\\\/wp-content\\\/uploads\\\/2025\\\/11\\\/20251108_110236-2-scaled.jpg\",\"contentUrl\":\"https:\\\/\\\/potteryart.eu\\\/wp-content\\\/uploads\\\/2025\\\/11\\\/20251108_110236-2-scaled.jpg\",\"width\":2560,\"height\":2195,\"caption\":\"manj\u0161i kerami\u010dni peka\u010d za potico, pottery art, manj\u0161i glinen peka\u010d za potico\"},{\"@type\":\"BreadcrumbList\",\"@id\":\"https:\\\/\\\/potteryart.eu\\\/spletna-trgovina\\\/unikatni-loncarski-izdelki-iz-kamenine\\\/unikatni-izdelki-iz-kamenine-za-kuhinjo\\\/manjsi-keramicni-pekac-za-potico\\\/#breadcrumb\",\"itemListElement\":[{\"@type\":\"ListItem\",\"position\":1,\"name\":\"Home\",\"item\":\"https:\\\/\\\/potteryart.eu\\\/\"},{\"@type\":\"ListItem\",\"position\":2,\"name\":\"Spletna trgovina\",\"item\":\"https:\\\/\\\/potteryart.eu\\\/spletna-trgovina\\\/\"},{\"@type\":\"ListItem\",\"position\":3,\"name\":\"Manj\u0161i kerami\u010dni peka\u010d za potico\"}]},{\"@type\":\"WebSite\",\"@id\":\"https:\\\/\\\/potteryart.eu\\\/#website\",\"url\":\"https:\\\/\\\/potteryart.eu\\\/\",\"name\":\"Zajc Polona\",\"description\":\"\",\"publisher\":{\"@id\":\"https:\\\/\\\/potteryart.eu\\\/#\\\/schema\\\/person\\\/819de6034d3dd0bbdcc3a95a0b6c7e4d\"},\"potentialAction\":[{\"@type\":\"SearchAction\",\"target\":{\"@type\":\"EntryPoint\",\"urlTemplate\":\"https:\\\/\\\/potteryart.eu\\\/?s={search_term_string}\"},\"query-input\":{\"@type\":\"PropertyValueSpecification\",\"valueRequired\":true,\"valueName\":\"search_term_string\"}}],\"inLanguage\":\"en-GB\"},{\"@type\":[\"Person\",\"Organization\"],\"@id\":\"https:\\\/\\\/potteryart.eu\\\/#\\\/schema\\\/person\\\/819de6034d3dd0bbdcc3a95a0b6c7e4d\",\"name\":\"polonazajc_admin\",\"image\":{\"@type\":\"ImageObject\",\"inLanguage\":\"en-GB\",\"@id\":\"https:\\\/\\\/potteryart.eu\\\/wp-content\\\/uploads\\\/2020\\\/12\\\/cropped-Logo-1.png\",\"url\":\"https:\\\/\\\/potteryart.eu\\\/wp-content\\\/uploads\\\/2020\\\/12\\\/cropped-Logo-1.png\",\"contentUrl\":\"https:\\\/\\\/potteryart.eu\\\/wp-content\\\/uploads\\\/2020\\\/12\\\/cropped-Logo-1.png\",\"width\":2113,\"height\":280,\"caption\":\"polonazajc_admin\"},\"logo\":{\"@id\":\"https:\\\/\\\/potteryart.eu\\\/wp-content\\\/uploads\\\/2020\\\/12\\\/cropped-Logo-1.png\"}}]}<\/script>\n<!-- \/ Yoast SEO Premium plugin. -->","yoast_head_json":{"title":"manj\u0161i kerami\u010dni peka\u010d za potico","description":"Manj\u0161i kerami\u010dni peka\u010d za potico je izdelek pottery art, oblikovanje gline Polone Zajc. To je manj\u0161i glinen peka\u010d za potico ali tradicionalna poti\u010dnica","robots":{"index":"index","follow":"follow","max-snippet":"max-snippet:-1","max-image-preview":"max-image-preview:large","max-video-preview":"max-video-preview:-1"},"canonical":"https:\/\/potteryart.eu\/en_gb\/spletna-trgovina\/unikatni-loncarski-izdelki-iz-kamenine\/unikatni-izdelki-iz-kamenine-za-kuhinjo\/manjsi-keramicni-pekac-za-potico\/","og_locale":"en_GB","og_type":"article","og_title":"Manj\u0161i kerami\u010dni peka\u010d za potico","og_description":"Manj\u0161i kerami\u010dni peka\u010d za potico je izdelek pottery art, oblikovanje gline Polone Zajc. To je manj\u0161i glinen peka\u010d za potico ali tradicionalna poti\u010dnica","og_url":"https:\/\/potteryart.eu\/en_gb\/spletna-trgovina\/unikatni-loncarski-izdelki-iz-kamenine\/unikatni-izdelki-iz-kamenine-za-kuhinjo\/manjsi-keramicni-pekac-za-potico\/","og_site_name":"Zajc Polona","article_modified_time":"2026-03-31T17:09:34+00:00","og_image":[{"width":2560,"height":2195,"url":"https:\/\/potteryart.eu\/wp-content\/uploads\/2025\/11\/20251108_110236-2-scaled.jpg","type":"image\/jpeg"}],"twitter_card":"summary_large_image","twitter_misc":{"Estimated reading time":"2 minutes"},"schema":{"@context":"https:\/\/schema.org","@graph":[{"@type":"WebPage","@id":"https:\/\/potteryart.eu\/spletna-trgovina\/unikatni-loncarski-izdelki-iz-kamenine\/unikatni-izdelki-iz-kamenine-za-kuhinjo\/manjsi-keramicni-pekac-za-potico\/","url":"https:\/\/potteryart.eu\/spletna-trgovina\/unikatni-loncarski-izdelki-iz-kamenine\/unikatni-izdelki-iz-kamenine-za-kuhinjo\/manjsi-keramicni-pekac-za-potico\/","name":"manj\u0161i kerami\u010dni peka\u010d za potico","isPartOf":{"@id":"https:\/\/potteryart.eu\/#website"},"primaryImageOfPage":{"@id":"https:\/\/potteryart.eu\/spletna-trgovina\/unikatni-loncarski-izdelki-iz-kamenine\/unikatni-izdelki-iz-kamenine-za-kuhinjo\/manjsi-keramicni-pekac-za-potico\/#primaryimage"},"image":{"@id":"https:\/\/potteryart.eu\/spletna-trgovina\/unikatni-loncarski-izdelki-iz-kamenine\/unikatni-izdelki-iz-kamenine-za-kuhinjo\/manjsi-keramicni-pekac-za-potico\/#primaryimage"},"thumbnailUrl":"https:\/\/potteryart.eu\/wp-content\/uploads\/2025\/11\/20251108_110236-2-scaled.jpg","datePublished":"2025-11-08T10:08:44+00:00","dateModified":"2026-03-31T17:09:34+00:00","description":"Manj\u0161i kerami\u010dni peka\u010d za potico je izdelek pottery art, oblikovanje gline Polone Zajc. To je manj\u0161i glinen peka\u010d za potico ali tradicionalna poti\u010dnica","breadcrumb":{"@id":"https:\/\/potteryart.eu\/spletna-trgovina\/unikatni-loncarski-izdelki-iz-kamenine\/unikatni-izdelki-iz-kamenine-za-kuhinjo\/manjsi-keramicni-pekac-za-potico\/#breadcrumb"},"inLanguage":"en-GB","potentialAction":[{"@type":"ReadAction","target":["https:\/\/potteryart.eu\/spletna-trgovina\/unikatni-loncarski-izdelki-iz-kamenine\/unikatni-izdelki-iz-kamenine-za-kuhinjo\/manjsi-keramicni-pekac-za-potico\/"]}]},{"@type":"ImageObject","inLanguage":"en-GB","@id":"https:\/\/potteryart.eu\/spletna-trgovina\/unikatni-loncarski-izdelki-iz-kamenine\/unikatni-izdelki-iz-kamenine-za-kuhinjo\/manjsi-keramicni-pekac-za-potico\/#primaryimage","url":"https:\/\/potteryart.eu\/wp-content\/uploads\/2025\/11\/20251108_110236-2-scaled.jpg","contentUrl":"https:\/\/potteryart.eu\/wp-content\/uploads\/2025\/11\/20251108_110236-2-scaled.jpg","width":2560,"height":2195,"caption":"manj\u0161i kerami\u010dni peka\u010d za potico, pottery art, manj\u0161i glinen peka\u010d za potico"},{"@type":"BreadcrumbList","@id":"https:\/\/potteryart.eu\/spletna-trgovina\/unikatni-loncarski-izdelki-iz-kamenine\/unikatni-izdelki-iz-kamenine-za-kuhinjo\/manjsi-keramicni-pekac-za-potico\/#breadcrumb","itemListElement":[{"@type":"ListItem","position":1,"name":"Home","item":"https:\/\/potteryart.eu\/"},{"@type":"ListItem","position":2,"name":"Spletna trgovina","item":"https:\/\/potteryart.eu\/spletna-trgovina\/"},{"@type":"ListItem","position":3,"name":"Manj\u0161i kerami\u010dni peka\u010d za potico"}]},{"@type":"WebSite","@id":"https:\/\/potteryart.eu\/#website","url":"https:\/\/potteryart.eu\/","name":"Zajc Polona","description":"","publisher":{"@id":"https:\/\/potteryart.eu\/#\/schema\/person\/819de6034d3dd0bbdcc3a95a0b6c7e4d"},"potentialAction":[{"@type":"SearchAction","target":{"@type":"EntryPoint","urlTemplate":"https:\/\/potteryart.eu\/?s={search_term_string}"},"query-input":{"@type":"PropertyValueSpecification","valueRequired":true,"valueName":"search_term_string"}}],"inLanguage":"en-GB"},{"@type":["Person","Organization"],"@id":"https:\/\/potteryart.eu\/#\/schema\/person\/819de6034d3dd0bbdcc3a95a0b6c7e4d","name":"polonazajc_admin","image":{"@type":"ImageObject","inLanguage":"en-GB","@id":"https:\/\/potteryart.eu\/wp-content\/uploads\/2020\/12\/cropped-Logo-1.png","url":"https:\/\/potteryart.eu\/wp-content\/uploads\/2020\/12\/cropped-Logo-1.png","contentUrl":"https:\/\/potteryart.eu\/wp-content\/uploads\/2020\/12\/cropped-Logo-1.png","width":2113,"height":280,"caption":"polonazajc_admin"},"logo":{"@id":"https:\/\/potteryart.eu\/wp-content\/uploads\/2020\/12\/cropped-Logo-1.png"}}]}},"_links":{"self":[{"href":"https:\/\/potteryart.eu\/en_gb\/wp-json\/wp\/v2\/product\/3941","targetHints":{"allow":["GET"]}}],"collection":[{"href":"https:\/\/potteryart.eu\/en_gb\/wp-json\/wp\/v2\/product"}],"about":[{"href":"https:\/\/potteryart.eu\/en_gb\/wp-json\/wp\/v2\/types\/product"}],"replies":[{"embeddable":true,"href":"https:\/\/potteryart.eu\/en_gb\/wp-json\/wp\/v2\/comments?post=3941"}],"wp:featuredmedia":[{"embeddable":true,"href":"https:\/\/potteryart.eu\/en_gb\/wp-json\/wp\/v2\/media\/3945"}],"wp:attachment":[{"href":"https:\/\/potteryart.eu\/en_gb\/wp-json\/wp\/v2\/media?parent=3941"}],"wp:term":[{"taxonomy":"product_brand","embeddable":true,"href":"https:\/\/potteryart.eu\/en_gb\/wp-json\/wp\/v2\/product_brand?post=3941"},{"taxonomy":"product_cat","embeddable":true,"href":"https:\/\/potteryart.eu\/en_gb\/wp-json\/wp\/v2\/product_cat?post=3941"},{"taxonomy":"product_tag","embeddable":true,"href":"https:\/\/potteryart.eu\/en_gb\/wp-json\/wp\/v2\/product_tag?post=3941"}],"curies":[{"name":"wp","href":"https:\/\/api.w.org\/{rel}","templated":true}]}}