{"id":4017,"date":"2025-12-18T16:40:36","date_gmt":"2025-12-18T15:40:36","guid":{"rendered":"https:\/\/potteryart.eu\/?post_type=product&#038;p=4017"},"modified":"2026-04-29T06:06:40","modified_gmt":"2026-04-29T04:06:40","slug":"glinen-pekac-s-pokrovom","status":"publish","type":"product","link":"https:\/\/potteryart.eu\/en_gb\/spletna-trgovina\/unikatni-loncarski-izdelki-iz-kamenine\/unikatni-izdelki-iz-kamenine-za-kuhinjo\/glinen-pekac-s-pokrovom\/","title":{"rendered":"Clay baking dish with lid"},"content":{"rendered":"<h1>Clay baking dish with lid<\/h1>\n<p>The clay baking dish with lid is a pottery art product designed by Polona Zajc. It is handmade on a potter's wheel from dark brown clay. It is fired at a temperature of 1200\u00b0C. At this temperature, the clay turns into a high-quality stoneware material. It is non-porous and does not absorb fat. The inside of the baking dish is glazed with a transparent glaze that is suitable for contact with food (traceability mark LOT 17).   The round clay baking dish consists of a bottom part and a lid. The lid can also be used as a separate container. Both have handles for easier handling when the baking dish is hot. The height of the baking dish with the lid is 16 cm, and the diameter is 32 cm.<\/p>\n<h2>Pottery art clay design by Polona Zajc<\/h2>\n<p>Pottery art clay design by Polona Zajc also has a line of clay baking trays for baking in the oven in her collection of products. They come in different shapes and sizes. They are designed for baking different dishes in the kitchen oven. Here you will find a variety of clay baking trays for baking cakes, pies and other sweet dishes. There are also elongated, round or square baking trays for baking meat, vegetables or potatoes. For the whole family or just one person. Of course, it is up to the user to choose how to use each baking tray. The clay baking trays are made from the highest quality clay and glazed with glazes that are certified for household use. The high firing temperature of the clay ensures that the baking trays are of good quality, are non-porous and consequently do not absorb grease. They are made for long-lasting use.<\/p>\n<h3>Round ceramic baking dish with lid<\/h3>\n<p>The round ceramic baking dish with lid is a unique, handmade baking dish. Both parts, the lower dish and the upper lid, can be used separately. They also have two handles on each side to make them easier to handle when hot. The clay baking dish with lid is large enough for the whole family. The smooth, non-porous interior surface does not absorb fat, making the baking dish suitable for long-term use. The exterior is glazed with a dark matte glaze, and the details are highlighted with a light brown glaze. You will love its practicality and rustic look.<\/p>","protected":false},"excerpt":{"rendered":"<p>Glinen peka\u010d s pokrovom Glinen peka\u010d s pokrovom je izdelek pottery art oblikovanje gline Polone Zajc. Narejen je ro\u010dno, na lon\u010darskem vretenu iz temnorjave gline. \u017dgan je pri temperaturi 1200\u00b0C. Pri tej temperaturi se glina spremeni v kakovosten material kamenino. Ta ni porozna in ne vpija ma\u0161\u010dobe. Notranjost peka\u010da je glazirana s transparentno glazuro, ki [&hellip;]<\/p>\n","protected":false},"featured_media":4015,"comment_status":"open","ping_status":"closed","template":"","meta":[],"product_brand":[],"product_cat":[261,275,265],"product_tag":[],"class_list":{"0":"post-4017","1":"product","2":"type-product","3":"status-publish","4":"has-post-thumbnail","6":"product_cat-glineni-pekaci","7":"product_cat-unikatni-izdelki-iz-kamenine-za-kuhinjo","8":"product_cat-unikatni-loncarski-izdelki-iz-kamenine","9":"product_shipping_class-3kg","11":"first","12":"instock","13":"purchasable","14":"product-type-simple"},"yoast_head":"<!-- This site is optimized with the Yoast SEO Premium plugin v27.5 (Yoast SEO v27.5) - https:\/\/yoast.com\/product\/yoast-seo-premium-wordpress\/ -->\n<title>Glinen peka\u010d s pokrovom<\/title>\n<meta name=\"description\" content=\"glinen peka\u010d s pokrovom je izdelek pottery art oblikovanje gline Polone Zajc. To je okrogel, kerami\u010den peka\u010d s pokrovom. Je ro\u010dno izdelan.\" \/>\n<meta name=\"robots\" content=\"index, follow, max-snippet:-1, max-image-preview:large, max-video-preview:-1\" \/>\n<link rel=\"canonical\" href=\"https:\/\/potteryart.eu\/en_gb\/spletna-trgovina\/unikatni-loncarski-izdelki-iz-kamenine\/unikatni-izdelki-iz-kamenine-za-kuhinjo\/glinen-pekac-s-pokrovom\/\" \/>\n<meta property=\"og:locale\" content=\"en_GB\" \/>\n<meta property=\"og:type\" content=\"article\" \/>\n<meta property=\"og:title\" content=\"Glinen peka\u010d s pokrovom\" \/>\n<meta property=\"og:description\" content=\"glinen peka\u010d s pokrovom je izdelek pottery art oblikovanje gline Polone Zajc. To je okrogel, kerami\u010den peka\u010d s pokrovom. Je ro\u010dno izdelan.\" \/>\n<meta property=\"og:url\" content=\"https:\/\/potteryart.eu\/en_gb\/spletna-trgovina\/unikatni-loncarski-izdelki-iz-kamenine\/unikatni-izdelki-iz-kamenine-za-kuhinjo\/glinen-pekac-s-pokrovom\/\" \/>\n<meta property=\"og:site_name\" content=\"Zajc Polona\" \/>\n<meta property=\"article:modified_time\" content=\"2026-04-29T04:06:40+00:00\" \/>\n<meta property=\"og:image\" content=\"https:\/\/potteryart.eu\/wp-content\/uploads\/2025\/12\/20251218_085412-scaled.jpg\" \/>\n\t<meta property=\"og:image:width\" content=\"2447\" \/>\n\t<meta property=\"og:image:height\" content=\"2560\" \/>\n\t<meta property=\"og:image:type\" content=\"image\/jpeg\" \/>\n<meta name=\"twitter:card\" content=\"summary_large_image\" \/>\n<meta name=\"twitter:label1\" content=\"Estimated reading time\" \/>\n\t<meta name=\"twitter:data1\" content=\"2 minutes\" \/>\n<script type=\"application\/ld+json\" class=\"yoast-schema-graph\">{\"@context\":\"https:\\\/\\\/schema.org\",\"@graph\":[{\"@type\":\"WebPage\",\"@id\":\"https:\\\/\\\/potteryart.eu\\\/spletna-trgovina\\\/unikatni-loncarski-izdelki-iz-kamenine\\\/unikatni-izdelki-iz-kamenine-za-kuhinjo\\\/glinen-pekac-s-pokrovom\\\/\",\"url\":\"https:\\\/\\\/potteryart.eu\\\/spletna-trgovina\\\/unikatni-loncarski-izdelki-iz-kamenine\\\/unikatni-izdelki-iz-kamenine-za-kuhinjo\\\/glinen-pekac-s-pokrovom\\\/\",\"name\":\"Glinen peka\u010d s pokrovom\",\"isPartOf\":{\"@id\":\"https:\\\/\\\/potteryart.eu\\\/#website\"},\"primaryImageOfPage\":{\"@id\":\"https:\\\/\\\/potteryart.eu\\\/spletna-trgovina\\\/unikatni-loncarski-izdelki-iz-kamenine\\\/unikatni-izdelki-iz-kamenine-za-kuhinjo\\\/glinen-pekac-s-pokrovom\\\/#primaryimage\"},\"image\":{\"@id\":\"https:\\\/\\\/potteryart.eu\\\/spletna-trgovina\\\/unikatni-loncarski-izdelki-iz-kamenine\\\/unikatni-izdelki-iz-kamenine-za-kuhinjo\\\/glinen-pekac-s-pokrovom\\\/#primaryimage\"},\"thumbnailUrl\":\"https:\\\/\\\/potteryart.eu\\\/wp-content\\\/uploads\\\/2025\\\/12\\\/20251218_085412-scaled.jpg\",\"datePublished\":\"2025-12-18T15:40:36+00:00\",\"dateModified\":\"2026-04-29T04:06:40+00:00\",\"description\":\"glinen peka\u010d s pokrovom je izdelek pottery art oblikovanje gline Polone Zajc. To je okrogel, kerami\u010den peka\u010d s pokrovom. Je ro\u010dno izdelan.\",\"breadcrumb\":{\"@id\":\"https:\\\/\\\/potteryart.eu\\\/spletna-trgovina\\\/unikatni-loncarski-izdelki-iz-kamenine\\\/unikatni-izdelki-iz-kamenine-za-kuhinjo\\\/glinen-pekac-s-pokrovom\\\/#breadcrumb\"},\"inLanguage\":\"en-GB\",\"potentialAction\":[{\"@type\":\"ReadAction\",\"target\":[\"https:\\\/\\\/potteryart.eu\\\/spletna-trgovina\\\/unikatni-loncarski-izdelki-iz-kamenine\\\/unikatni-izdelki-iz-kamenine-za-kuhinjo\\\/glinen-pekac-s-pokrovom\\\/\"]}]},{\"@type\":\"ImageObject\",\"inLanguage\":\"en-GB\",\"@id\":\"https:\\\/\\\/potteryart.eu\\\/spletna-trgovina\\\/unikatni-loncarski-izdelki-iz-kamenine\\\/unikatni-izdelki-iz-kamenine-za-kuhinjo\\\/glinen-pekac-s-pokrovom\\\/#primaryimage\",\"url\":\"https:\\\/\\\/potteryart.eu\\\/wp-content\\\/uploads\\\/2025\\\/12\\\/20251218_085412-scaled.jpg\",\"contentUrl\":\"https:\\\/\\\/potteryart.eu\\\/wp-content\\\/uploads\\\/2025\\\/12\\\/20251218_085412-scaled.jpg\",\"width\":2447,\"height\":2560,\"caption\":\"glinen peka\u010d s pokrovom, pottery art, okrogel kerami\u010den peka\u010d s pokrovom\"},{\"@type\":\"BreadcrumbList\",\"@id\":\"https:\\\/\\\/potteryart.eu\\\/spletna-trgovina\\\/unikatni-loncarski-izdelki-iz-kamenine\\\/unikatni-izdelki-iz-kamenine-za-kuhinjo\\\/glinen-pekac-s-pokrovom\\\/#breadcrumb\",\"itemListElement\":[{\"@type\":\"ListItem\",\"position\":1,\"name\":\"Home\",\"item\":\"https:\\\/\\\/potteryart.eu\\\/\"},{\"@type\":\"ListItem\",\"position\":2,\"name\":\"Spletna trgovina\",\"item\":\"https:\\\/\\\/potteryart.eu\\\/spletna-trgovina\\\/\"},{\"@type\":\"ListItem\",\"position\":3,\"name\":\"Glinen peka\u010d s pokrovom\"}]},{\"@type\":\"WebSite\",\"@id\":\"https:\\\/\\\/potteryart.eu\\\/#website\",\"url\":\"https:\\\/\\\/potteryart.eu\\\/\",\"name\":\"Zajc Polona\",\"description\":\"\",\"publisher\":{\"@id\":\"https:\\\/\\\/potteryart.eu\\\/#\\\/schema\\\/person\\\/819de6034d3dd0bbdcc3a95a0b6c7e4d\"},\"potentialAction\":[{\"@type\":\"SearchAction\",\"target\":{\"@type\":\"EntryPoint\",\"urlTemplate\":\"https:\\\/\\\/potteryart.eu\\\/?s={search_term_string}\"},\"query-input\":{\"@type\":\"PropertyValueSpecification\",\"valueRequired\":true,\"valueName\":\"search_term_string\"}}],\"inLanguage\":\"en-GB\"},{\"@type\":[\"Person\",\"Organization\"],\"@id\":\"https:\\\/\\\/potteryart.eu\\\/#\\\/schema\\\/person\\\/819de6034d3dd0bbdcc3a95a0b6c7e4d\",\"name\":\"polonazajc_admin\",\"image\":{\"@type\":\"ImageObject\",\"inLanguage\":\"en-GB\",\"@id\":\"https:\\\/\\\/potteryart.eu\\\/wp-content\\\/uploads\\\/2020\\\/12\\\/cropped-Logo-1.png\",\"url\":\"https:\\\/\\\/potteryart.eu\\\/wp-content\\\/uploads\\\/2020\\\/12\\\/cropped-Logo-1.png\",\"contentUrl\":\"https:\\\/\\\/potteryart.eu\\\/wp-content\\\/uploads\\\/2020\\\/12\\\/cropped-Logo-1.png\",\"width\":2113,\"height\":280,\"caption\":\"polonazajc_admin\"},\"logo\":{\"@id\":\"https:\\\/\\\/potteryart.eu\\\/wp-content\\\/uploads\\\/2020\\\/12\\\/cropped-Logo-1.png\"}}]}<\/script>\n<!-- \/ Yoast SEO Premium plugin. -->","yoast_head_json":{"title":"Clay baking dish with lid","description":"glinen peka\u010d s pokrovom je izdelek pottery art oblikovanje gline Polone Zajc. To je okrogel, kerami\u010den peka\u010d s pokrovom. Je ro\u010dno izdelan.","robots":{"index":"index","follow":"follow","max-snippet":"max-snippet:-1","max-image-preview":"max-image-preview:large","max-video-preview":"max-video-preview:-1"},"canonical":"https:\/\/potteryart.eu\/en_gb\/spletna-trgovina\/unikatni-loncarski-izdelki-iz-kamenine\/unikatni-izdelki-iz-kamenine-za-kuhinjo\/glinen-pekac-s-pokrovom\/","og_locale":"en_GB","og_type":"article","og_title":"Glinen peka\u010d s pokrovom","og_description":"glinen peka\u010d s pokrovom je izdelek pottery art oblikovanje gline Polone Zajc. To je okrogel, kerami\u010den peka\u010d s pokrovom. Je ro\u010dno izdelan.","og_url":"https:\/\/potteryart.eu\/en_gb\/spletna-trgovina\/unikatni-loncarski-izdelki-iz-kamenine\/unikatni-izdelki-iz-kamenine-za-kuhinjo\/glinen-pekac-s-pokrovom\/","og_site_name":"Zajc Polona","article_modified_time":"2026-04-29T04:06:40+00:00","og_image":[{"width":2447,"height":2560,"url":"https:\/\/potteryart.eu\/wp-content\/uploads\/2025\/12\/20251218_085412-scaled.jpg","type":"image\/jpeg"}],"twitter_card":"summary_large_image","twitter_misc":{"Estimated reading time":"2 minutes"},"schema":{"@context":"https:\/\/schema.org","@graph":[{"@type":"WebPage","@id":"https:\/\/potteryart.eu\/spletna-trgovina\/unikatni-loncarski-izdelki-iz-kamenine\/unikatni-izdelki-iz-kamenine-za-kuhinjo\/glinen-pekac-s-pokrovom\/","url":"https:\/\/potteryart.eu\/spletna-trgovina\/unikatni-loncarski-izdelki-iz-kamenine\/unikatni-izdelki-iz-kamenine-za-kuhinjo\/glinen-pekac-s-pokrovom\/","name":"Clay baking dish with lid","isPartOf":{"@id":"https:\/\/potteryart.eu\/#website"},"primaryImageOfPage":{"@id":"https:\/\/potteryart.eu\/spletna-trgovina\/unikatni-loncarski-izdelki-iz-kamenine\/unikatni-izdelki-iz-kamenine-za-kuhinjo\/glinen-pekac-s-pokrovom\/#primaryimage"},"image":{"@id":"https:\/\/potteryart.eu\/spletna-trgovina\/unikatni-loncarski-izdelki-iz-kamenine\/unikatni-izdelki-iz-kamenine-za-kuhinjo\/glinen-pekac-s-pokrovom\/#primaryimage"},"thumbnailUrl":"https:\/\/potteryart.eu\/wp-content\/uploads\/2025\/12\/20251218_085412-scaled.jpg","datePublished":"2025-12-18T15:40:36+00:00","dateModified":"2026-04-29T04:06:40+00:00","description":"glinen peka\u010d s pokrovom je izdelek pottery art oblikovanje gline Polone Zajc. To je okrogel, kerami\u010den peka\u010d s pokrovom. Je ro\u010dno izdelan.","breadcrumb":{"@id":"https:\/\/potteryart.eu\/spletna-trgovina\/unikatni-loncarski-izdelki-iz-kamenine\/unikatni-izdelki-iz-kamenine-za-kuhinjo\/glinen-pekac-s-pokrovom\/#breadcrumb"},"inLanguage":"en-GB","potentialAction":[{"@type":"ReadAction","target":["https:\/\/potteryart.eu\/spletna-trgovina\/unikatni-loncarski-izdelki-iz-kamenine\/unikatni-izdelki-iz-kamenine-za-kuhinjo\/glinen-pekac-s-pokrovom\/"]}]},{"@type":"ImageObject","inLanguage":"en-GB","@id":"https:\/\/potteryart.eu\/spletna-trgovina\/unikatni-loncarski-izdelki-iz-kamenine\/unikatni-izdelki-iz-kamenine-za-kuhinjo\/glinen-pekac-s-pokrovom\/#primaryimage","url":"https:\/\/potteryart.eu\/wp-content\/uploads\/2025\/12\/20251218_085412-scaled.jpg","contentUrl":"https:\/\/potteryart.eu\/wp-content\/uploads\/2025\/12\/20251218_085412-scaled.jpg","width":2447,"height":2560,"caption":"glinen peka\u010d s pokrovom, pottery art, okrogel kerami\u010den peka\u010d s pokrovom"},{"@type":"BreadcrumbList","@id":"https:\/\/potteryart.eu\/spletna-trgovina\/unikatni-loncarski-izdelki-iz-kamenine\/unikatni-izdelki-iz-kamenine-za-kuhinjo\/glinen-pekac-s-pokrovom\/#breadcrumb","itemListElement":[{"@type":"ListItem","position":1,"name":"Home","item":"https:\/\/potteryart.eu\/"},{"@type":"ListItem","position":2,"name":"Spletna trgovina","item":"https:\/\/potteryart.eu\/spletna-trgovina\/"},{"@type":"ListItem","position":3,"name":"Glinen peka\u010d s pokrovom"}]},{"@type":"WebSite","@id":"https:\/\/potteryart.eu\/#website","url":"https:\/\/potteryart.eu\/","name":"Zajc Polona","description":"","publisher":{"@id":"https:\/\/potteryart.eu\/#\/schema\/person\/819de6034d3dd0bbdcc3a95a0b6c7e4d"},"potentialAction":[{"@type":"SearchAction","target":{"@type":"EntryPoint","urlTemplate":"https:\/\/potteryart.eu\/?s={search_term_string}"},"query-input":{"@type":"PropertyValueSpecification","valueRequired":true,"valueName":"search_term_string"}}],"inLanguage":"en-GB"},{"@type":["Person","Organization"],"@id":"https:\/\/potteryart.eu\/#\/schema\/person\/819de6034d3dd0bbdcc3a95a0b6c7e4d","name":"polonazajc_admin","image":{"@type":"ImageObject","inLanguage":"en-GB","@id":"https:\/\/potteryart.eu\/wp-content\/uploads\/2020\/12\/cropped-Logo-1.png","url":"https:\/\/potteryart.eu\/wp-content\/uploads\/2020\/12\/cropped-Logo-1.png","contentUrl":"https:\/\/potteryart.eu\/wp-content\/uploads\/2020\/12\/cropped-Logo-1.png","width":2113,"height":280,"caption":"polonazajc_admin"},"logo":{"@id":"https:\/\/potteryart.eu\/wp-content\/uploads\/2020\/12\/cropped-Logo-1.png"}}]}},"_links":{"self":[{"href":"https:\/\/potteryart.eu\/en_gb\/wp-json\/wp\/v2\/product\/4017","targetHints":{"allow":["GET"]}}],"collection":[{"href":"https:\/\/potteryart.eu\/en_gb\/wp-json\/wp\/v2\/product"}],"about":[{"href":"https:\/\/potteryart.eu\/en_gb\/wp-json\/wp\/v2\/types\/product"}],"replies":[{"embeddable":true,"href":"https:\/\/potteryart.eu\/en_gb\/wp-json\/wp\/v2\/comments?post=4017"}],"wp:featuredmedia":[{"embeddable":true,"href":"https:\/\/potteryart.eu\/en_gb\/wp-json\/wp\/v2\/media\/4015"}],"wp:attachment":[{"href":"https:\/\/potteryart.eu\/en_gb\/wp-json\/wp\/v2\/media?parent=4017"}],"wp:term":[{"taxonomy":"product_brand","embeddable":true,"href":"https:\/\/potteryart.eu\/en_gb\/wp-json\/wp\/v2\/product_brand?post=4017"},{"taxonomy":"product_cat","embeddable":true,"href":"https:\/\/potteryart.eu\/en_gb\/wp-json\/wp\/v2\/product_cat?post=4017"},{"taxonomy":"product_tag","embeddable":true,"href":"https:\/\/potteryart.eu\/en_gb\/wp-json\/wp\/v2\/product_tag?post=4017"}],"curies":[{"name":"wp","href":"https:\/\/api.w.org\/{rel}","templated":true}]}}