{"id":4019,"date":"2025-12-19T08:10:30","date_gmt":"2025-12-19T07:10:30","guid":{"rendered":"https:\/\/potteryart.eu\/?post_type=product&#038;p=4019"},"modified":"2026-02-11T17:31:05","modified_gmt":"2026-02-11T16:31:05","slug":"glinen-rocno-izdelan-aroma-svecnik","status":"publish","type":"product","link":"https:\/\/potteryart.eu\/en_gb\/spletna-trgovina\/unikatni-loncarski-izdelki-iz-kamenine\/unikatni-izdelki-iz-kamenine-za-dom\/glinen-rocno-izdelan-aroma-svecnik\/","title":{"rendered":"Handmade clay aroma candle holder"},"content":{"rendered":"<h1>Handmade clay aroma candle holder<\/h1>\n<p>Glinen ro\u010dno izdelan aroma sve\u010dnik je izdelek pottery art oblikovanje gline Polone Zajc. To je sivo modra di\u0161avna lu\u010dka. Narejena je kot krogla iz sive<a href=\"https:\/\/potteryart.eu\/en_gb\/kamenina\/\">\u00a0kamenine<\/a>The handmade clay aroma candle holder is a pottery art product designed by Polona Zajc. It is a gray-blue scented candle holder. It is made as a gray stoneware ball with hand-perforated holes through which the light of the candle shines. It is glazed in a gray matte color, and the engraved pattern is highlighted in some places with a shiny blue iridescent glaze. Insert the candle into the lower base, place the perforated sphere on top, and cover it with a bowl of water and your chosen aroma. The Aroma Candle Holder is fired at a temperature of 1220\u00b0C. It is 16 cm high<\/p>\n<h2><strong>Pottery art clay design by Polona Zajc<\/strong><\/h2>\n<p>Pottery art clay design by Polona Zajc also includes a category of unique clay lamps in its collection of clay products. This includes the gray-blue scented lamp. Each aroma candle holder in this series is unique and unrepeatable, as the pattern of holes is made by hand and completely random. This category also includes other lamps such as candle holders, chandeliers, night lights, and the like. All are made exclusively by hand, either as ceramics or stoneware. They are painted with various colors for clay, and some have accented details with real gold or platinum.<\/p>\n<h3><strong>Unique ceramic scented lamp<\/strong><\/h3>\n<p>The unique ceramic scented lamp is a sphere through which the light from a candle shines. The unique pattern of holes gives the space in which the clay sphere is lit an intimate and very special charm. At the same time, the aroma emitted by the gray-blue candle holder creates a good mood and relaxation. The light and scent together create a pleasant atmosphere in any space where the clay sphere is located. When not performing its primary function, the scented lamp, with its round shape, pattern of holes, and intertwining lines accentuated by a flowing blue glaze, beautifully adorns the space in which it is placed. It is a completely unique, handmade, precious piece of pottery that belongs in every home to delight us and create a pleasant atmosphere.<\/p>","protected":false},"excerpt":{"rendered":"<p>Glinen ro\u010dno izdelan aroma sve\u010dnik Glinen ro\u010dno izdelan aroma sve\u010dnik je izdelek pottery art oblikovanje gline Polone Zajc. To je sivo modra di\u0161avna lu\u010dka. Narejena je kot krogla iz sive\u00a0kamenine, z ro\u010dno perforiranimi luknjicami, skozi katere sije svetloba sve\u010de. Glazirana je v sivi mat barvi, vrezan vzorec je na nekaterih mestih poudarjen s svetle\u010do modro [&hellip;]<\/p>\n","protected":false},"featured_media":4012,"comment_status":"open","ping_status":"closed","template":"","meta":[],"product_brand":[],"product_cat":[273,274,265],"product_tag":[],"class_list":{"0":"post-4019","1":"product","2":"type-product","3":"status-publish","4":"has-post-thumbnail","6":"product_cat-glinena-svetila","7":"product_cat-unikatni-izdelki-iz-kamenine-za-dom","8":"product_cat-unikatni-loncarski-izdelki-iz-kamenine","9":"product_shipping_class-1kg","11":"first","12":"instock","13":"purchasable","14":"product-type-simple"},"yoast_head":"<!-- This site is optimized with the Yoast SEO Premium plugin v27.4 (Yoast SEO v27.4) - https:\/\/yoast.com\/product\/yoast-seo-premium-wordpress\/ -->\n<title>Glinen ro\u010dno izdelan aroma sve\u010dnik<\/title>\n<meta name=\"description\" content=\"Glinen ro\u010dno izdelan aroma sve\u010dnik je izdelek pottery art oblikovanje gline Polone Zajc. To je unikatna kerami\u010dna di\u0161avna lu\u010dka.\" \/>\n<meta name=\"robots\" content=\"index, follow, max-snippet:-1, max-image-preview:large, max-video-preview:-1\" \/>\n<link rel=\"canonical\" href=\"https:\/\/potteryart.eu\/en_gb\/spletna-trgovina\/unikatni-loncarski-izdelki-iz-kamenine\/unikatni-izdelki-iz-kamenine-za-dom\/glinen-rocno-izdelan-aroma-svecnik\/\" \/>\n<meta property=\"og:locale\" content=\"en_GB\" \/>\n<meta property=\"og:type\" content=\"article\" \/>\n<meta property=\"og:title\" content=\"Glinen ro\u010dno izdelan aroma sve\u010dnik\" \/>\n<meta property=\"og:description\" content=\"Glinen ro\u010dno izdelan aroma sve\u010dnik je izdelek pottery art oblikovanje gline Polone Zajc. To je unikatna kerami\u010dna di\u0161avna lu\u010dka.\" \/>\n<meta property=\"og:url\" content=\"https:\/\/potteryart.eu\/en_gb\/spletna-trgovina\/unikatni-loncarski-izdelki-iz-kamenine\/unikatni-izdelki-iz-kamenine-za-dom\/glinen-rocno-izdelan-aroma-svecnik\/\" \/>\n<meta property=\"og:site_name\" content=\"Zajc Polona\" \/>\n<meta property=\"article:modified_time\" content=\"2026-02-11T16:31:05+00:00\" \/>\n<meta property=\"og:image\" content=\"https:\/\/potteryart.eu\/wp-content\/uploads\/2025\/12\/20251218_085650-scaled.jpg\" \/>\n\t<meta property=\"og:image:width\" content=\"2073\" \/>\n\t<meta property=\"og:image:height\" content=\"2560\" \/>\n\t<meta property=\"og:image:type\" content=\"image\/jpeg\" \/>\n<meta name=\"twitter:card\" content=\"summary_large_image\" \/>\n<meta name=\"twitter:label1\" content=\"Estimated reading time\" \/>\n\t<meta name=\"twitter:data1\" content=\"2 minutes\" \/>\n<script type=\"application\/ld+json\" class=\"yoast-schema-graph\">{\"@context\":\"https:\\\/\\\/schema.org\",\"@graph\":[{\"@type\":\"WebPage\",\"@id\":\"https:\\\/\\\/potteryart.eu\\\/spletna-trgovina\\\/unikatni-loncarski-izdelki-iz-kamenine\\\/unikatni-izdelki-iz-kamenine-za-dom\\\/glinen-rocno-izdelan-aroma-svecnik\\\/\",\"url\":\"https:\\\/\\\/potteryart.eu\\\/spletna-trgovina\\\/unikatni-loncarski-izdelki-iz-kamenine\\\/unikatni-izdelki-iz-kamenine-za-dom\\\/glinen-rocno-izdelan-aroma-svecnik\\\/\",\"name\":\"Glinen ro\u010dno izdelan aroma sve\u010dnik\",\"isPartOf\":{\"@id\":\"https:\\\/\\\/potteryart.eu\\\/#website\"},\"primaryImageOfPage\":{\"@id\":\"https:\\\/\\\/potteryart.eu\\\/spletna-trgovina\\\/unikatni-loncarski-izdelki-iz-kamenine\\\/unikatni-izdelki-iz-kamenine-za-dom\\\/glinen-rocno-izdelan-aroma-svecnik\\\/#primaryimage\"},\"image\":{\"@id\":\"https:\\\/\\\/potteryart.eu\\\/spletna-trgovina\\\/unikatni-loncarski-izdelki-iz-kamenine\\\/unikatni-izdelki-iz-kamenine-za-dom\\\/glinen-rocno-izdelan-aroma-svecnik\\\/#primaryimage\"},\"thumbnailUrl\":\"https:\\\/\\\/potteryart.eu\\\/wp-content\\\/uploads\\\/2025\\\/12\\\/20251218_085650-scaled.jpg\",\"datePublished\":\"2025-12-19T07:10:30+00:00\",\"dateModified\":\"2026-02-11T16:31:05+00:00\",\"description\":\"Glinen ro\u010dno izdelan aroma sve\u010dnik je izdelek pottery art oblikovanje gline Polone Zajc. To je unikatna kerami\u010dna di\u0161avna lu\u010dka.\",\"breadcrumb\":{\"@id\":\"https:\\\/\\\/potteryart.eu\\\/spletna-trgovina\\\/unikatni-loncarski-izdelki-iz-kamenine\\\/unikatni-izdelki-iz-kamenine-za-dom\\\/glinen-rocno-izdelan-aroma-svecnik\\\/#breadcrumb\"},\"inLanguage\":\"en-GB\",\"potentialAction\":[{\"@type\":\"ReadAction\",\"target\":[\"https:\\\/\\\/potteryart.eu\\\/spletna-trgovina\\\/unikatni-loncarski-izdelki-iz-kamenine\\\/unikatni-izdelki-iz-kamenine-za-dom\\\/glinen-rocno-izdelan-aroma-svecnik\\\/\"]}]},{\"@type\":\"ImageObject\",\"inLanguage\":\"en-GB\",\"@id\":\"https:\\\/\\\/potteryart.eu\\\/spletna-trgovina\\\/unikatni-loncarski-izdelki-iz-kamenine\\\/unikatni-izdelki-iz-kamenine-za-dom\\\/glinen-rocno-izdelan-aroma-svecnik\\\/#primaryimage\",\"url\":\"https:\\\/\\\/potteryart.eu\\\/wp-content\\\/uploads\\\/2025\\\/12\\\/20251218_085650-scaled.jpg\",\"contentUrl\":\"https:\\\/\\\/potteryart.eu\\\/wp-content\\\/uploads\\\/2025\\\/12\\\/20251218_085650-scaled.jpg\",\"width\":2073,\"height\":2560,\"caption\":\"glinen ro\u010dno izdelan aroma sve\u010dnik, pottery art, unikatna kerami\u010dna di\u0161avna lu\u010dka\"},{\"@type\":\"BreadcrumbList\",\"@id\":\"https:\\\/\\\/potteryart.eu\\\/spletna-trgovina\\\/unikatni-loncarski-izdelki-iz-kamenine\\\/unikatni-izdelki-iz-kamenine-za-dom\\\/glinen-rocno-izdelan-aroma-svecnik\\\/#breadcrumb\",\"itemListElement\":[{\"@type\":\"ListItem\",\"position\":1,\"name\":\"Home\",\"item\":\"https:\\\/\\\/potteryart.eu\\\/\"},{\"@type\":\"ListItem\",\"position\":2,\"name\":\"Spletna trgovina\",\"item\":\"https:\\\/\\\/potteryart.eu\\\/spletna-trgovina\\\/\"},{\"@type\":\"ListItem\",\"position\":3,\"name\":\"Glinen ro\u010dno izdelan aroma sve\u010dnik\"}]},{\"@type\":\"WebSite\",\"@id\":\"https:\\\/\\\/potteryart.eu\\\/#website\",\"url\":\"https:\\\/\\\/potteryart.eu\\\/\",\"name\":\"Zajc Polona\",\"description\":\"\",\"publisher\":{\"@id\":\"https:\\\/\\\/potteryart.eu\\\/#\\\/schema\\\/person\\\/819de6034d3dd0bbdcc3a95a0b6c7e4d\"},\"potentialAction\":[{\"@type\":\"SearchAction\",\"target\":{\"@type\":\"EntryPoint\",\"urlTemplate\":\"https:\\\/\\\/potteryart.eu\\\/?s={search_term_string}\"},\"query-input\":{\"@type\":\"PropertyValueSpecification\",\"valueRequired\":true,\"valueName\":\"search_term_string\"}}],\"inLanguage\":\"en-GB\"},{\"@type\":[\"Person\",\"Organization\"],\"@id\":\"https:\\\/\\\/potteryart.eu\\\/#\\\/schema\\\/person\\\/819de6034d3dd0bbdcc3a95a0b6c7e4d\",\"name\":\"polonazajc_admin\",\"image\":{\"@type\":\"ImageObject\",\"inLanguage\":\"en-GB\",\"@id\":\"https:\\\/\\\/potteryart.eu\\\/wp-content\\\/uploads\\\/2020\\\/12\\\/cropped-Logo-1.png\",\"url\":\"https:\\\/\\\/potteryart.eu\\\/wp-content\\\/uploads\\\/2020\\\/12\\\/cropped-Logo-1.png\",\"contentUrl\":\"https:\\\/\\\/potteryart.eu\\\/wp-content\\\/uploads\\\/2020\\\/12\\\/cropped-Logo-1.png\",\"width\":2113,\"height\":280,\"caption\":\"polonazajc_admin\"},\"logo\":{\"@id\":\"https:\\\/\\\/potteryart.eu\\\/wp-content\\\/uploads\\\/2020\\\/12\\\/cropped-Logo-1.png\"}}]}<\/script>\n<!-- \/ Yoast SEO Premium plugin. -->","yoast_head_json":{"title":"Handmade clay aroma candle holder","description":"Glinen ro\u010dno izdelan aroma sve\u010dnik je izdelek pottery art oblikovanje gline Polone Zajc. To je unikatna kerami\u010dna di\u0161avna lu\u010dka.","robots":{"index":"index","follow":"follow","max-snippet":"max-snippet:-1","max-image-preview":"max-image-preview:large","max-video-preview":"max-video-preview:-1"},"canonical":"https:\/\/potteryart.eu\/en_gb\/spletna-trgovina\/unikatni-loncarski-izdelki-iz-kamenine\/unikatni-izdelki-iz-kamenine-za-dom\/glinen-rocno-izdelan-aroma-svecnik\/","og_locale":"en_GB","og_type":"article","og_title":"Glinen ro\u010dno izdelan aroma sve\u010dnik","og_description":"Glinen ro\u010dno izdelan aroma sve\u010dnik je izdelek pottery art oblikovanje gline Polone Zajc. To je unikatna kerami\u010dna di\u0161avna lu\u010dka.","og_url":"https:\/\/potteryart.eu\/en_gb\/spletna-trgovina\/unikatni-loncarski-izdelki-iz-kamenine\/unikatni-izdelki-iz-kamenine-za-dom\/glinen-rocno-izdelan-aroma-svecnik\/","og_site_name":"Zajc Polona","article_modified_time":"2026-02-11T16:31:05+00:00","og_image":[{"width":2073,"height":2560,"url":"https:\/\/potteryart.eu\/wp-content\/uploads\/2025\/12\/20251218_085650-scaled.jpg","type":"image\/jpeg"}],"twitter_card":"summary_large_image","twitter_misc":{"Estimated reading time":"2 minutes"},"schema":{"@context":"https:\/\/schema.org","@graph":[{"@type":"WebPage","@id":"https:\/\/potteryart.eu\/spletna-trgovina\/unikatni-loncarski-izdelki-iz-kamenine\/unikatni-izdelki-iz-kamenine-za-dom\/glinen-rocno-izdelan-aroma-svecnik\/","url":"https:\/\/potteryart.eu\/spletna-trgovina\/unikatni-loncarski-izdelki-iz-kamenine\/unikatni-izdelki-iz-kamenine-za-dom\/glinen-rocno-izdelan-aroma-svecnik\/","name":"Handmade clay aroma candle holder","isPartOf":{"@id":"https:\/\/potteryart.eu\/#website"},"primaryImageOfPage":{"@id":"https:\/\/potteryart.eu\/spletna-trgovina\/unikatni-loncarski-izdelki-iz-kamenine\/unikatni-izdelki-iz-kamenine-za-dom\/glinen-rocno-izdelan-aroma-svecnik\/#primaryimage"},"image":{"@id":"https:\/\/potteryart.eu\/spletna-trgovina\/unikatni-loncarski-izdelki-iz-kamenine\/unikatni-izdelki-iz-kamenine-za-dom\/glinen-rocno-izdelan-aroma-svecnik\/#primaryimage"},"thumbnailUrl":"https:\/\/potteryart.eu\/wp-content\/uploads\/2025\/12\/20251218_085650-scaled.jpg","datePublished":"2025-12-19T07:10:30+00:00","dateModified":"2026-02-11T16:31:05+00:00","description":"Glinen ro\u010dno izdelan aroma sve\u010dnik je izdelek pottery art oblikovanje gline Polone Zajc. To je unikatna kerami\u010dna di\u0161avna lu\u010dka.","breadcrumb":{"@id":"https:\/\/potteryart.eu\/spletna-trgovina\/unikatni-loncarski-izdelki-iz-kamenine\/unikatni-izdelki-iz-kamenine-za-dom\/glinen-rocno-izdelan-aroma-svecnik\/#breadcrumb"},"inLanguage":"en-GB","potentialAction":[{"@type":"ReadAction","target":["https:\/\/potteryart.eu\/spletna-trgovina\/unikatni-loncarski-izdelki-iz-kamenine\/unikatni-izdelki-iz-kamenine-za-dom\/glinen-rocno-izdelan-aroma-svecnik\/"]}]},{"@type":"ImageObject","inLanguage":"en-GB","@id":"https:\/\/potteryart.eu\/spletna-trgovina\/unikatni-loncarski-izdelki-iz-kamenine\/unikatni-izdelki-iz-kamenine-za-dom\/glinen-rocno-izdelan-aroma-svecnik\/#primaryimage","url":"https:\/\/potteryart.eu\/wp-content\/uploads\/2025\/12\/20251218_085650-scaled.jpg","contentUrl":"https:\/\/potteryart.eu\/wp-content\/uploads\/2025\/12\/20251218_085650-scaled.jpg","width":2073,"height":2560,"caption":"glinen ro\u010dno izdelan aroma sve\u010dnik, pottery art, unikatna kerami\u010dna di\u0161avna lu\u010dka"},{"@type":"BreadcrumbList","@id":"https:\/\/potteryart.eu\/spletna-trgovina\/unikatni-loncarski-izdelki-iz-kamenine\/unikatni-izdelki-iz-kamenine-za-dom\/glinen-rocno-izdelan-aroma-svecnik\/#breadcrumb","itemListElement":[{"@type":"ListItem","position":1,"name":"Home","item":"https:\/\/potteryart.eu\/"},{"@type":"ListItem","position":2,"name":"Spletna trgovina","item":"https:\/\/potteryart.eu\/spletna-trgovina\/"},{"@type":"ListItem","position":3,"name":"Glinen ro\u010dno izdelan aroma sve\u010dnik"}]},{"@type":"WebSite","@id":"https:\/\/potteryart.eu\/#website","url":"https:\/\/potteryart.eu\/","name":"Zajc Polona","description":"","publisher":{"@id":"https:\/\/potteryart.eu\/#\/schema\/person\/819de6034d3dd0bbdcc3a95a0b6c7e4d"},"potentialAction":[{"@type":"SearchAction","target":{"@type":"EntryPoint","urlTemplate":"https:\/\/potteryart.eu\/?s={search_term_string}"},"query-input":{"@type":"PropertyValueSpecification","valueRequired":true,"valueName":"search_term_string"}}],"inLanguage":"en-GB"},{"@type":["Person","Organization"],"@id":"https:\/\/potteryart.eu\/#\/schema\/person\/819de6034d3dd0bbdcc3a95a0b6c7e4d","name":"polonazajc_admin","image":{"@type":"ImageObject","inLanguage":"en-GB","@id":"https:\/\/potteryart.eu\/wp-content\/uploads\/2020\/12\/cropped-Logo-1.png","url":"https:\/\/potteryart.eu\/wp-content\/uploads\/2020\/12\/cropped-Logo-1.png","contentUrl":"https:\/\/potteryart.eu\/wp-content\/uploads\/2020\/12\/cropped-Logo-1.png","width":2113,"height":280,"caption":"polonazajc_admin"},"logo":{"@id":"https:\/\/potteryart.eu\/wp-content\/uploads\/2020\/12\/cropped-Logo-1.png"}}]}},"_links":{"self":[{"href":"https:\/\/potteryart.eu\/en_gb\/wp-json\/wp\/v2\/product\/4019","targetHints":{"allow":["GET"]}}],"collection":[{"href":"https:\/\/potteryart.eu\/en_gb\/wp-json\/wp\/v2\/product"}],"about":[{"href":"https:\/\/potteryart.eu\/en_gb\/wp-json\/wp\/v2\/types\/product"}],"replies":[{"embeddable":true,"href":"https:\/\/potteryart.eu\/en_gb\/wp-json\/wp\/v2\/comments?post=4019"}],"wp:featuredmedia":[{"embeddable":true,"href":"https:\/\/potteryart.eu\/en_gb\/wp-json\/wp\/v2\/media\/4012"}],"wp:attachment":[{"href":"https:\/\/potteryart.eu\/en_gb\/wp-json\/wp\/v2\/media?parent=4019"}],"wp:term":[{"taxonomy":"product_brand","embeddable":true,"href":"https:\/\/potteryart.eu\/en_gb\/wp-json\/wp\/v2\/product_brand?post=4019"},{"taxonomy":"product_cat","embeddable":true,"href":"https:\/\/potteryart.eu\/en_gb\/wp-json\/wp\/v2\/product_cat?post=4019"},{"taxonomy":"product_tag","embeddable":true,"href":"https:\/\/potteryart.eu\/en_gb\/wp-json\/wp\/v2\/product_tag?post=4019"}],"curies":[{"name":"wp","href":"https:\/\/api.w.org\/{rel}","templated":true}]}}