{"id":4024,"date":"2025-12-20T08:29:41","date_gmt":"2025-12-20T07:29:41","guid":{"rendered":"https:\/\/potteryart.eu\/?post_type=product&#038;p=4024"},"modified":"2025-12-20T08:39:59","modified_gmt":"2025-12-20T07:39:59","slug":"keramicen-rocno-izdelan-aroma-svecnik","status":"publish","type":"product","link":"https:\/\/potteryart.eu\/en_gb\/spletna-trgovina\/unikatni-loncarski-izdelki-iz-kamenine\/unikatni-izdelki-iz-kamenine-za-dom\/keramicen-rocno-izdelan-aroma-svecnik\/","title":{"rendered":"Kerami\u010den ro\u010dno izdelan aroma sve\u010dnik"},"content":{"rendered":"<h1>Kerami\u010den ro\u010dno izdelan aroma sve\u010dnik<\/h1>\n<p>Kerami\u010den ro\u010dno izdelan aroma sve\u010dnik je izdelek pottery art oblikovanje gline Polone Zajc. To je zeleno modra di\u0161avna lu\u010dka. Narejena je kot krogla iz sive<a href=\"https:\/\/potteryart.eu\/en_gb\/kamenina\/\">\u00a0kamenine<\/a>, z ro\u010dno perforiranimi luknjicami, skozi katere sije svetloba sve\u010de. Glazirana je v modro zeleni pol mat barvi, vrezan vzorec je na nekaterih mestih poudarjen s svetle\u010do modro prelivajo\u010do se glazuro. Sve\u010dko vstavimo v spodnji podstavek, nanj polo\u017eimo perforirano kroglo in jo pokrijemo s posodico z vodo in izbrano aromo. Aroma sve\u010dnik je \u017egan pri temperaturi 1220\u00b0C. Visok je 16 cm.<\/p>\n<h2><strong>Pottery art clay design by Polona Zajc<\/strong><\/h2>\n<p>Pottery art clay design by Polona Zajc also includes a category of unique clay lamps in its collection of clay products. This includes the gray-blue scented lamp. Each aroma candle holder in this series is unique and unrepeatable, as the pattern of holes is made by hand and completely random. This category also includes other lamps such as candle holders, chandeliers, night lights, and the like. All are made exclusively by hand, either as ceramics or stoneware. They are painted with various colors for clay, and some have accented details with real gold or platinum.<\/p>\n<h3><strong>Unikatna glinena di\u0161avna lu\u010dka<\/strong><\/h3>\n<p>Unikatna glinena di\u0161avna lu\u010dka je krogla, skozi katero proseva soj svetlobe, ki jo daje sve\u010da. Neponovljiv vzorec luknjic daje prostoru, v katerem je pri\u017egana glinena krogla intimen in zelo poseben \u010dar. Hkrati pa aroma, ki jo oddaja zeleno moder aroma sve\u010dnik pri\u010dara dobro razpolo\u017eenje in sprostitev. Svetloba in vonj skupaj ustvarjata prijetno atmosfero v vsakem prostoru, kjer se nahaja glinena krogla. Ko pa ne opravlja svoje primarne funkcije, di\u0161avna lu\u010dka s svojo okroglo obliko, vzorcem luknjic in prepletom linij, ki so poudarjeni s prelivajo\u010do se modro zeleno glazuro lepotno razvaja prostor v katerem se nahaja. Je povsem unikaten, ro\u010dno izdelan, dragocen kos kamenine, ki spada v vsak dom, da nas razveseljuje in ustvarja prijetno po\u010dutje.<\/p>","protected":false},"excerpt":{"rendered":"<p>Kerami\u010den ro\u010dno izdelan aroma sve\u010dnik Kerami\u010den ro\u010dno izdelan aroma sve\u010dnik je izdelek pottery art oblikovanje gline Polone Zajc. To je zeleno modra di\u0161avna lu\u010dka. Narejena je kot krogla iz sive\u00a0kamenine, z ro\u010dno perforiranimi luknjicami, skozi katere sije svetloba sve\u010de. Glazirana je v modro zeleni pol mat barvi, vrezan vzorec je na nekaterih mestih poudarjen s [&hellip;]<\/p>\n","protected":false},"featured_media":3995,"comment_status":"open","ping_status":"closed","template":"","meta":[],"product_brand":[],"product_cat":[273,274,265],"product_tag":[],"class_list":{"0":"post-4024","1":"product","2":"type-product","3":"status-publish","4":"has-post-thumbnail","6":"product_cat-glinena-svetila","7":"product_cat-unikatni-izdelki-iz-kamenine-za-dom","8":"product_cat-unikatni-loncarski-izdelki-iz-kamenine","9":"product_shipping_class-1kg","11":"first","12":"instock","13":"purchasable","14":"product-type-simple"},"yoast_head":"<!-- This site is optimized with the Yoast SEO Premium plugin v27.4 (Yoast SEO v27.4) - https:\/\/yoast.com\/product\/yoast-seo-premium-wordpress\/ -->\n<title>Kerami\u010den ro\u010dno izdelan aroma sve\u010dnik<\/title>\n<meta name=\"description\" content=\"Kerami\u010den ro\u010dno izdelan aroma sve\u010dnik je izdelek pottery art oblikovanje gline Polone Zajc. To je unikatna glinena di\u0161avna lu\u010dka.\" \/>\n<meta name=\"robots\" content=\"index, follow, max-snippet:-1, max-image-preview:large, max-video-preview:-1\" \/>\n<link rel=\"canonical\" href=\"https:\/\/potteryart.eu\/en_gb\/spletna-trgovina\/unikatni-loncarski-izdelki-iz-kamenine\/unikatni-izdelki-iz-kamenine-za-dom\/keramicen-rocno-izdelan-aroma-svecnik\/\" \/>\n<meta property=\"og:locale\" content=\"en_GB\" \/>\n<meta property=\"og:type\" content=\"article\" \/>\n<meta property=\"og:title\" content=\"Kerami\u010den ro\u010dno izdelan aroma sve\u010dnik\" \/>\n<meta property=\"og:description\" content=\"Kerami\u010den ro\u010dno izdelan aroma sve\u010dnik je izdelek pottery art oblikovanje gline Polone Zajc. To je unikatna glinena di\u0161avna lu\u010dka.\" \/>\n<meta property=\"og:url\" content=\"https:\/\/potteryart.eu\/en_gb\/spletna-trgovina\/unikatni-loncarski-izdelki-iz-kamenine\/unikatni-izdelki-iz-kamenine-za-dom\/keramicen-rocno-izdelan-aroma-svecnik\/\" \/>\n<meta property=\"og:site_name\" content=\"Zajc Polona\" \/>\n<meta property=\"article:modified_time\" content=\"2025-12-20T07:39:59+00:00\" \/>\n<meta property=\"og:image\" content=\"https:\/\/potteryart.eu\/wp-content\/uploads\/2025\/01\/20251128_171340-scaled.jpg\" \/>\n\t<meta property=\"og:image:width\" content=\"1920\" \/>\n\t<meta property=\"og:image:height\" content=\"2560\" \/>\n\t<meta property=\"og:image:type\" content=\"image\/jpeg\" \/>\n<meta name=\"twitter:card\" content=\"summary_large_image\" \/>\n<meta name=\"twitter:label1\" content=\"Estimated reading time\" \/>\n\t<meta name=\"twitter:data1\" content=\"2 minutes\" \/>\n<script type=\"application\/ld+json\" class=\"yoast-schema-graph\">{\"@context\":\"https:\\\/\\\/schema.org\",\"@graph\":[{\"@type\":\"WebPage\",\"@id\":\"https:\\\/\\\/potteryart.eu\\\/spletna-trgovina\\\/unikatni-loncarski-izdelki-iz-kamenine\\\/unikatni-izdelki-iz-kamenine-za-dom\\\/keramicen-rocno-izdelan-aroma-svecnik\\\/\",\"url\":\"https:\\\/\\\/potteryart.eu\\\/spletna-trgovina\\\/unikatni-loncarski-izdelki-iz-kamenine\\\/unikatni-izdelki-iz-kamenine-za-dom\\\/keramicen-rocno-izdelan-aroma-svecnik\\\/\",\"name\":\"Kerami\u010den ro\u010dno izdelan aroma sve\u010dnik\",\"isPartOf\":{\"@id\":\"https:\\\/\\\/potteryart.eu\\\/#website\"},\"primaryImageOfPage\":{\"@id\":\"https:\\\/\\\/potteryart.eu\\\/spletna-trgovina\\\/unikatni-loncarski-izdelki-iz-kamenine\\\/unikatni-izdelki-iz-kamenine-za-dom\\\/keramicen-rocno-izdelan-aroma-svecnik\\\/#primaryimage\"},\"image\":{\"@id\":\"https:\\\/\\\/potteryart.eu\\\/spletna-trgovina\\\/unikatni-loncarski-izdelki-iz-kamenine\\\/unikatni-izdelki-iz-kamenine-za-dom\\\/keramicen-rocno-izdelan-aroma-svecnik\\\/#primaryimage\"},\"thumbnailUrl\":\"https:\\\/\\\/potteryart.eu\\\/wp-content\\\/uploads\\\/2025\\\/01\\\/20251128_171340-scaled.jpg\",\"datePublished\":\"2025-12-20T07:29:41+00:00\",\"dateModified\":\"2025-12-20T07:39:59+00:00\",\"description\":\"Kerami\u010den ro\u010dno izdelan aroma sve\u010dnik je izdelek pottery art oblikovanje gline Polone Zajc. To je unikatna glinena di\u0161avna lu\u010dka.\",\"breadcrumb\":{\"@id\":\"https:\\\/\\\/potteryart.eu\\\/spletna-trgovina\\\/unikatni-loncarski-izdelki-iz-kamenine\\\/unikatni-izdelki-iz-kamenine-za-dom\\\/keramicen-rocno-izdelan-aroma-svecnik\\\/#breadcrumb\"},\"inLanguage\":\"en-GB\",\"potentialAction\":[{\"@type\":\"ReadAction\",\"target\":[\"https:\\\/\\\/potteryart.eu\\\/spletna-trgovina\\\/unikatni-loncarski-izdelki-iz-kamenine\\\/unikatni-izdelki-iz-kamenine-za-dom\\\/keramicen-rocno-izdelan-aroma-svecnik\\\/\"]}]},{\"@type\":\"ImageObject\",\"inLanguage\":\"en-GB\",\"@id\":\"https:\\\/\\\/potteryart.eu\\\/spletna-trgovina\\\/unikatni-loncarski-izdelki-iz-kamenine\\\/unikatni-izdelki-iz-kamenine-za-dom\\\/keramicen-rocno-izdelan-aroma-svecnik\\\/#primaryimage\",\"url\":\"https:\\\/\\\/potteryart.eu\\\/wp-content\\\/uploads\\\/2025\\\/01\\\/20251128_171340-scaled.jpg\",\"contentUrl\":\"https:\\\/\\\/potteryart.eu\\\/wp-content\\\/uploads\\\/2025\\\/01\\\/20251128_171340-scaled.jpg\",\"width\":1920,\"height\":2560,\"caption\":\"kerami\u010den ro\u010dno izdelan aroma sve\u010dnik, pottery art, unikatna glinena di\u0161avna lu\u010dka\"},{\"@type\":\"BreadcrumbList\",\"@id\":\"https:\\\/\\\/potteryart.eu\\\/spletna-trgovina\\\/unikatni-loncarski-izdelki-iz-kamenine\\\/unikatni-izdelki-iz-kamenine-za-dom\\\/keramicen-rocno-izdelan-aroma-svecnik\\\/#breadcrumb\",\"itemListElement\":[{\"@type\":\"ListItem\",\"position\":1,\"name\":\"Home\",\"item\":\"https:\\\/\\\/potteryart.eu\\\/\"},{\"@type\":\"ListItem\",\"position\":2,\"name\":\"Spletna trgovina\",\"item\":\"https:\\\/\\\/potteryart.eu\\\/spletna-trgovina\\\/\"},{\"@type\":\"ListItem\",\"position\":3,\"name\":\"Kerami\u010den ro\u010dno izdelan aroma sve\u010dnik\"}]},{\"@type\":\"WebSite\",\"@id\":\"https:\\\/\\\/potteryart.eu\\\/#website\",\"url\":\"https:\\\/\\\/potteryart.eu\\\/\",\"name\":\"Zajc Polona\",\"description\":\"\",\"publisher\":{\"@id\":\"https:\\\/\\\/potteryart.eu\\\/#\\\/schema\\\/person\\\/819de6034d3dd0bbdcc3a95a0b6c7e4d\"},\"potentialAction\":[{\"@type\":\"SearchAction\",\"target\":{\"@type\":\"EntryPoint\",\"urlTemplate\":\"https:\\\/\\\/potteryart.eu\\\/?s={search_term_string}\"},\"query-input\":{\"@type\":\"PropertyValueSpecification\",\"valueRequired\":true,\"valueName\":\"search_term_string\"}}],\"inLanguage\":\"en-GB\"},{\"@type\":[\"Person\",\"Organization\"],\"@id\":\"https:\\\/\\\/potteryart.eu\\\/#\\\/schema\\\/person\\\/819de6034d3dd0bbdcc3a95a0b6c7e4d\",\"name\":\"polonazajc_admin\",\"image\":{\"@type\":\"ImageObject\",\"inLanguage\":\"en-GB\",\"@id\":\"https:\\\/\\\/potteryart.eu\\\/wp-content\\\/uploads\\\/2020\\\/12\\\/cropped-Logo-1.png\",\"url\":\"https:\\\/\\\/potteryart.eu\\\/wp-content\\\/uploads\\\/2020\\\/12\\\/cropped-Logo-1.png\",\"contentUrl\":\"https:\\\/\\\/potteryart.eu\\\/wp-content\\\/uploads\\\/2020\\\/12\\\/cropped-Logo-1.png\",\"width\":2113,\"height\":280,\"caption\":\"polonazajc_admin\"},\"logo\":{\"@id\":\"https:\\\/\\\/potteryart.eu\\\/wp-content\\\/uploads\\\/2020\\\/12\\\/cropped-Logo-1.png\"}}]}<\/script>\n<!-- \/ Yoast SEO Premium plugin. -->","yoast_head_json":{"title":"Kerami\u010den ro\u010dno izdelan aroma sve\u010dnik","description":"Kerami\u010den ro\u010dno izdelan aroma sve\u010dnik je izdelek pottery art oblikovanje gline Polone Zajc. To je unikatna glinena di\u0161avna lu\u010dka.","robots":{"index":"index","follow":"follow","max-snippet":"max-snippet:-1","max-image-preview":"max-image-preview:large","max-video-preview":"max-video-preview:-1"},"canonical":"https:\/\/potteryart.eu\/en_gb\/spletna-trgovina\/unikatni-loncarski-izdelki-iz-kamenine\/unikatni-izdelki-iz-kamenine-za-dom\/keramicen-rocno-izdelan-aroma-svecnik\/","og_locale":"en_GB","og_type":"article","og_title":"Kerami\u010den ro\u010dno izdelan aroma sve\u010dnik","og_description":"Kerami\u010den ro\u010dno izdelan aroma sve\u010dnik je izdelek pottery art oblikovanje gline Polone Zajc. To je unikatna glinena di\u0161avna lu\u010dka.","og_url":"https:\/\/potteryart.eu\/en_gb\/spletna-trgovina\/unikatni-loncarski-izdelki-iz-kamenine\/unikatni-izdelki-iz-kamenine-za-dom\/keramicen-rocno-izdelan-aroma-svecnik\/","og_site_name":"Zajc Polona","article_modified_time":"2025-12-20T07:39:59+00:00","og_image":[{"width":1920,"height":2560,"url":"https:\/\/potteryart.eu\/wp-content\/uploads\/2025\/01\/20251128_171340-scaled.jpg","type":"image\/jpeg"}],"twitter_card":"summary_large_image","twitter_misc":{"Estimated reading time":"2 minutes"},"schema":{"@context":"https:\/\/schema.org","@graph":[{"@type":"WebPage","@id":"https:\/\/potteryart.eu\/spletna-trgovina\/unikatni-loncarski-izdelki-iz-kamenine\/unikatni-izdelki-iz-kamenine-za-dom\/keramicen-rocno-izdelan-aroma-svecnik\/","url":"https:\/\/potteryart.eu\/spletna-trgovina\/unikatni-loncarski-izdelki-iz-kamenine\/unikatni-izdelki-iz-kamenine-za-dom\/keramicen-rocno-izdelan-aroma-svecnik\/","name":"Kerami\u010den ro\u010dno izdelan aroma sve\u010dnik","isPartOf":{"@id":"https:\/\/potteryart.eu\/#website"},"primaryImageOfPage":{"@id":"https:\/\/potteryart.eu\/spletna-trgovina\/unikatni-loncarski-izdelki-iz-kamenine\/unikatni-izdelki-iz-kamenine-za-dom\/keramicen-rocno-izdelan-aroma-svecnik\/#primaryimage"},"image":{"@id":"https:\/\/potteryart.eu\/spletna-trgovina\/unikatni-loncarski-izdelki-iz-kamenine\/unikatni-izdelki-iz-kamenine-za-dom\/keramicen-rocno-izdelan-aroma-svecnik\/#primaryimage"},"thumbnailUrl":"https:\/\/potteryart.eu\/wp-content\/uploads\/2025\/01\/20251128_171340-scaled.jpg","datePublished":"2025-12-20T07:29:41+00:00","dateModified":"2025-12-20T07:39:59+00:00","description":"Kerami\u010den ro\u010dno izdelan aroma sve\u010dnik je izdelek pottery art oblikovanje gline Polone Zajc. To je unikatna glinena di\u0161avna lu\u010dka.","breadcrumb":{"@id":"https:\/\/potteryart.eu\/spletna-trgovina\/unikatni-loncarski-izdelki-iz-kamenine\/unikatni-izdelki-iz-kamenine-za-dom\/keramicen-rocno-izdelan-aroma-svecnik\/#breadcrumb"},"inLanguage":"en-GB","potentialAction":[{"@type":"ReadAction","target":["https:\/\/potteryart.eu\/spletna-trgovina\/unikatni-loncarski-izdelki-iz-kamenine\/unikatni-izdelki-iz-kamenine-za-dom\/keramicen-rocno-izdelan-aroma-svecnik\/"]}]},{"@type":"ImageObject","inLanguage":"en-GB","@id":"https:\/\/potteryart.eu\/spletna-trgovina\/unikatni-loncarski-izdelki-iz-kamenine\/unikatni-izdelki-iz-kamenine-za-dom\/keramicen-rocno-izdelan-aroma-svecnik\/#primaryimage","url":"https:\/\/potteryart.eu\/wp-content\/uploads\/2025\/01\/20251128_171340-scaled.jpg","contentUrl":"https:\/\/potteryart.eu\/wp-content\/uploads\/2025\/01\/20251128_171340-scaled.jpg","width":1920,"height":2560,"caption":"kerami\u010den ro\u010dno izdelan aroma sve\u010dnik, pottery art, unikatna glinena di\u0161avna lu\u010dka"},{"@type":"BreadcrumbList","@id":"https:\/\/potteryart.eu\/spletna-trgovina\/unikatni-loncarski-izdelki-iz-kamenine\/unikatni-izdelki-iz-kamenine-za-dom\/keramicen-rocno-izdelan-aroma-svecnik\/#breadcrumb","itemListElement":[{"@type":"ListItem","position":1,"name":"Home","item":"https:\/\/potteryart.eu\/"},{"@type":"ListItem","position":2,"name":"Spletna trgovina","item":"https:\/\/potteryart.eu\/spletna-trgovina\/"},{"@type":"ListItem","position":3,"name":"Kerami\u010den ro\u010dno izdelan aroma sve\u010dnik"}]},{"@type":"WebSite","@id":"https:\/\/potteryart.eu\/#website","url":"https:\/\/potteryart.eu\/","name":"Zajc Polona","description":"","publisher":{"@id":"https:\/\/potteryart.eu\/#\/schema\/person\/819de6034d3dd0bbdcc3a95a0b6c7e4d"},"potentialAction":[{"@type":"SearchAction","target":{"@type":"EntryPoint","urlTemplate":"https:\/\/potteryart.eu\/?s={search_term_string}"},"query-input":{"@type":"PropertyValueSpecification","valueRequired":true,"valueName":"search_term_string"}}],"inLanguage":"en-GB"},{"@type":["Person","Organization"],"@id":"https:\/\/potteryart.eu\/#\/schema\/person\/819de6034d3dd0bbdcc3a95a0b6c7e4d","name":"polonazajc_admin","image":{"@type":"ImageObject","inLanguage":"en-GB","@id":"https:\/\/potteryart.eu\/wp-content\/uploads\/2020\/12\/cropped-Logo-1.png","url":"https:\/\/potteryart.eu\/wp-content\/uploads\/2020\/12\/cropped-Logo-1.png","contentUrl":"https:\/\/potteryart.eu\/wp-content\/uploads\/2020\/12\/cropped-Logo-1.png","width":2113,"height":280,"caption":"polonazajc_admin"},"logo":{"@id":"https:\/\/potteryart.eu\/wp-content\/uploads\/2020\/12\/cropped-Logo-1.png"}}]}},"_links":{"self":[{"href":"https:\/\/potteryart.eu\/en_gb\/wp-json\/wp\/v2\/product\/4024","targetHints":{"allow":["GET"]}}],"collection":[{"href":"https:\/\/potteryart.eu\/en_gb\/wp-json\/wp\/v2\/product"}],"about":[{"href":"https:\/\/potteryart.eu\/en_gb\/wp-json\/wp\/v2\/types\/product"}],"replies":[{"embeddable":true,"href":"https:\/\/potteryart.eu\/en_gb\/wp-json\/wp\/v2\/comments?post=4024"}],"wp:featuredmedia":[{"embeddable":true,"href":"https:\/\/potteryart.eu\/en_gb\/wp-json\/wp\/v2\/media\/3995"}],"wp:attachment":[{"href":"https:\/\/potteryart.eu\/en_gb\/wp-json\/wp\/v2\/media?parent=4024"}],"wp:term":[{"taxonomy":"product_brand","embeddable":true,"href":"https:\/\/potteryart.eu\/en_gb\/wp-json\/wp\/v2\/product_brand?post=4024"},{"taxonomy":"product_cat","embeddable":true,"href":"https:\/\/potteryart.eu\/en_gb\/wp-json\/wp\/v2\/product_cat?post=4024"},{"taxonomy":"product_tag","embeddable":true,"href":"https:\/\/potteryart.eu\/en_gb\/wp-json\/wp\/v2\/product_tag?post=4024"}],"curies":[{"name":"wp","href":"https:\/\/api.w.org\/{rel}","templated":true}]}}