{"id":4183,"date":"2026-01-10T07:56:32","date_gmt":"2026-01-10T06:56:32","guid":{"rendered":"https:\/\/potteryart.eu\/?post_type=product&#038;p=4183"},"modified":"2026-01-10T08:40:45","modified_gmt":"2026-01-10T07:40:45","slug":"unikaten-glinen-kozarec","status":"publish","type":"product","link":"https:\/\/potteryart.eu\/en_gb\/spletna-trgovina\/unikatni-loncarski-izdelki-iz-kamenine\/unikatni-izdelki-iz-kamenine-za-kuhinjo\/unikaten-glinen-kozarec\/","title":{"rendered":"Unique clay cup"},"content":{"rendered":"<h1>\u00a0Unique clay cup<\/h1>\n<p class=\"translation-block\">This unique clay cup is a pottery art creation by Polona Zajc. It is thrown on a potter's wheel from black stoneware. The exterior is glazed with a matte glaze, which in detail flows into a beautiful shiny color of various shades. The interior is glazed with food-safe glaze (traceability mark LOT17). The stoneware cup is fired at a temperature of 1220\u00b0C.  The picture and gallery show a series of clay glasses in various shapes and colors. Send your selection to info@potteryart.eu. The volume of the glasses is 200 ml.<\/p>\n<h2>Pottery art clay design by Polona Zajc<\/h2>\n<p>Pottery art clay design by Polona Zajc also includes clay glasses of various shapes and colors in its collection of clay products. These include large water glasses, small shot glasses, cups, and many other sizes and shapes. They are intended for various beverages and occasions, but of course, each user decides for themselves how and when to use these unique clay glasses. Some are made in series of several identical pieces, but most are different and completely unique. All are made from the highest quality clay and glazed on the inside with a glaze that is certified for use with food and beverages. After use, they can be easily washed in the dishwasher.<\/p>\n<h3>Series of clay glasses<\/h3>\n<p>Serija kozarcev, narejenih na lon\u010darskem vretenu vsebuje ve\u010d razli\u010dnih kozarcev, narejenih iz kamenine. Ro\u010dno izdelani kozarci iz gline so unikatni. Vsak ima svojo obliko in vrezan vzorec \u010drt.\u00a0 Neponovljiv vzorec poudarjajo razli\u010dni odtenki glazure, ki prehajajo iz ble\u0161\u010de\u010de do mat povr\u0161ine. V zbirki so popolnoma razli\u010dni kozarci, po naro\u010dilu pa lahko izdelamo tudi ve\u010d enakih. \u010crna kamenina oblikovana v razli\u010dne forme, z vrezanim unikatnim vzorcem in \u010dudovitimi odtenki glazur, vse to so unikatni glineni kozarci. Zbrani so v seriji, kjer si lahko izberete enega, ve\u010d razli\u010dnih ali pa si naro\u010dite serijo enakih. Na na\u0161ih straneh pa lahko najdete tudi serijo malih glinenih kozarcev in si izberete \u0161e<a href=\"https:\/\/potteryart.eu\/en_gb\/spletna-trgovina\/unikatni-loncarski-izdelki-iz-kamenine\/unikatni-izdelki-iz-kamenine-za-kuhinjo\/unikaten-mali-glinen-kozarec\/\"> unikaten mali glinen kozarec<\/a> ali ve\u010d njih.<\/p>","protected":false},"excerpt":{"rendered":"<p>\u00a0Unikaten glinen kozarec Unikaten glinen kozarec je izdelek pottery art oblikovanje gline Polone Zajc. Zvrten je na lon\u010darskem vretenu iz \u010drne kamenine. Zunanjost je glazirana z mat glazuro, ki se v detajlih preliva v \u010dudovito ble\u0161\u010de\u010do barvo razli\u010dnih odtenkov. Notranjost je glazirana z glazuro, primerno stiku z \u017eivili (oznaka sledljivosti LOT17). Kozarec iz kamenine je [&hellip;]<\/p>\n","protected":false},"featured_media":4167,"comment_status":"open","ping_status":"closed","template":"","meta":[],"product_brand":[],"product_cat":[275,272,265],"product_tag":[],"class_list":{"0":"post-4183","1":"product","2":"type-product","3":"status-publish","4":"has-post-thumbnail","6":"product_cat-unikatni-izdelki-iz-kamenine-za-kuhinjo","7":"product_cat-unikatni-kozarci-iz-gline","8":"product_cat-unikatni-loncarski-izdelki-iz-kamenine","9":"product_shipping_class-1kg","11":"first","12":"instock","13":"purchasable","14":"product-type-simple"},"yoast_head":"<!-- This site is optimized with the Yoast SEO Premium plugin v27.4 (Yoast SEO v27.4) - https:\/\/yoast.com\/product\/yoast-seo-premium-wordpress\/ -->\n<title>Unikaten glinen kozarec - Zajc Polona<\/title>\n<meta name=\"description\" content=\"Unikaten glinen kozarec je izdelek pottery art oblikovanje gline Polone Zajc. To je serija glinenih kozarcev, razli\u010dnih oblik in odtenkov.\" \/>\n<meta name=\"robots\" content=\"index, follow, max-snippet:-1, max-image-preview:large, max-video-preview:-1\" \/>\n<link rel=\"canonical\" href=\"https:\/\/potteryart.eu\/en_gb\/spletna-trgovina\/unikatni-loncarski-izdelki-iz-kamenine\/unikatni-izdelki-iz-kamenine-za-kuhinjo\/unikaten-glinen-kozarec\/\" \/>\n<meta property=\"og:locale\" content=\"en_GB\" \/>\n<meta property=\"og:type\" content=\"article\" \/>\n<meta property=\"og:title\" content=\"Unikaten glinen kozarec\" \/>\n<meta property=\"og:description\" content=\"Unikaten glinen kozarec je izdelek pottery art oblikovanje gline Polone Zajc. To je serija glinenih kozarcev, razli\u010dnih oblik in odtenkov.\" \/>\n<meta property=\"og:url\" content=\"https:\/\/potteryart.eu\/en_gb\/spletna-trgovina\/unikatni-loncarski-izdelki-iz-kamenine\/unikatni-izdelki-iz-kamenine-za-kuhinjo\/unikaten-glinen-kozarec\/\" \/>\n<meta property=\"og:site_name\" content=\"Zajc Polona\" \/>\n<meta property=\"article:modified_time\" content=\"2026-01-10T07:40:45+00:00\" \/>\n<meta property=\"og:image\" content=\"https:\/\/potteryart.eu\/wp-content\/uploads\/2026\/01\/91da6c53-4885-4b5c-a09b-780f5a323287-scaled.jpg\" \/>\n\t<meta property=\"og:image:width\" content=\"1623\" \/>\n\t<meta property=\"og:image:height\" content=\"2560\" \/>\n\t<meta property=\"og:image:type\" content=\"image\/jpeg\" \/>\n<meta name=\"twitter:card\" content=\"summary_large_image\" \/>\n<meta name=\"twitter:label1\" content=\"Estimated reading time\" \/>\n\t<meta name=\"twitter:data1\" content=\"2 minutes\" \/>\n<script type=\"application\/ld+json\" class=\"yoast-schema-graph\">{\"@context\":\"https:\\\/\\\/schema.org\",\"@graph\":[{\"@type\":\"WebPage\",\"@id\":\"https:\\\/\\\/potteryart.eu\\\/spletna-trgovina\\\/unikatni-loncarski-izdelki-iz-kamenine\\\/unikatni-izdelki-iz-kamenine-za-kuhinjo\\\/unikaten-glinen-kozarec\\\/\",\"url\":\"https:\\\/\\\/potteryart.eu\\\/spletna-trgovina\\\/unikatni-loncarski-izdelki-iz-kamenine\\\/unikatni-izdelki-iz-kamenine-za-kuhinjo\\\/unikaten-glinen-kozarec\\\/\",\"name\":\"Unikaten glinen kozarec - Zajc Polona\",\"isPartOf\":{\"@id\":\"https:\\\/\\\/potteryart.eu\\\/#website\"},\"primaryImageOfPage\":{\"@id\":\"https:\\\/\\\/potteryart.eu\\\/spletna-trgovina\\\/unikatni-loncarski-izdelki-iz-kamenine\\\/unikatni-izdelki-iz-kamenine-za-kuhinjo\\\/unikaten-glinen-kozarec\\\/#primaryimage\"},\"image\":{\"@id\":\"https:\\\/\\\/potteryart.eu\\\/spletna-trgovina\\\/unikatni-loncarski-izdelki-iz-kamenine\\\/unikatni-izdelki-iz-kamenine-za-kuhinjo\\\/unikaten-glinen-kozarec\\\/#primaryimage\"},\"thumbnailUrl\":\"https:\\\/\\\/potteryart.eu\\\/wp-content\\\/uploads\\\/2026\\\/01\\\/91da6c53-4885-4b5c-a09b-780f5a323287-scaled.jpg\",\"datePublished\":\"2026-01-10T06:56:32+00:00\",\"dateModified\":\"2026-01-10T07:40:45+00:00\",\"description\":\"Unikaten glinen kozarec je izdelek pottery art oblikovanje gline Polone Zajc. To je serija glinenih kozarcev, razli\u010dnih oblik in odtenkov.\",\"breadcrumb\":{\"@id\":\"https:\\\/\\\/potteryart.eu\\\/spletna-trgovina\\\/unikatni-loncarski-izdelki-iz-kamenine\\\/unikatni-izdelki-iz-kamenine-za-kuhinjo\\\/unikaten-glinen-kozarec\\\/#breadcrumb\"},\"inLanguage\":\"en-GB\",\"potentialAction\":[{\"@type\":\"ReadAction\",\"target\":[\"https:\\\/\\\/potteryart.eu\\\/spletna-trgovina\\\/unikatni-loncarski-izdelki-iz-kamenine\\\/unikatni-izdelki-iz-kamenine-za-kuhinjo\\\/unikaten-glinen-kozarec\\\/\"]}]},{\"@type\":\"ImageObject\",\"inLanguage\":\"en-GB\",\"@id\":\"https:\\\/\\\/potteryart.eu\\\/spletna-trgovina\\\/unikatni-loncarski-izdelki-iz-kamenine\\\/unikatni-izdelki-iz-kamenine-za-kuhinjo\\\/unikaten-glinen-kozarec\\\/#primaryimage\",\"url\":\"https:\\\/\\\/potteryart.eu\\\/wp-content\\\/uploads\\\/2026\\\/01\\\/91da6c53-4885-4b5c-a09b-780f5a323287-scaled.jpg\",\"contentUrl\":\"https:\\\/\\\/potteryart.eu\\\/wp-content\\\/uploads\\\/2026\\\/01\\\/91da6c53-4885-4b5c-a09b-780f5a323287-scaled.jpg\",\"width\":1623,\"height\":2560,\"caption\":\"unikaten glinen kozarec, pottery art, serija glinenih kozarcev\"},{\"@type\":\"BreadcrumbList\",\"@id\":\"https:\\\/\\\/potteryart.eu\\\/spletna-trgovina\\\/unikatni-loncarski-izdelki-iz-kamenine\\\/unikatni-izdelki-iz-kamenine-za-kuhinjo\\\/unikaten-glinen-kozarec\\\/#breadcrumb\",\"itemListElement\":[{\"@type\":\"ListItem\",\"position\":1,\"name\":\"Home\",\"item\":\"https:\\\/\\\/potteryart.eu\\\/\"},{\"@type\":\"ListItem\",\"position\":2,\"name\":\"Spletna trgovina\",\"item\":\"https:\\\/\\\/potteryart.eu\\\/spletna-trgovina\\\/\"},{\"@type\":\"ListItem\",\"position\":3,\"name\":\"Unikaten glinen kozarec\"}]},{\"@type\":\"WebSite\",\"@id\":\"https:\\\/\\\/potteryart.eu\\\/#website\",\"url\":\"https:\\\/\\\/potteryart.eu\\\/\",\"name\":\"Zajc Polona\",\"description\":\"\",\"publisher\":{\"@id\":\"https:\\\/\\\/potteryart.eu\\\/#\\\/schema\\\/person\\\/819de6034d3dd0bbdcc3a95a0b6c7e4d\"},\"potentialAction\":[{\"@type\":\"SearchAction\",\"target\":{\"@type\":\"EntryPoint\",\"urlTemplate\":\"https:\\\/\\\/potteryart.eu\\\/?s={search_term_string}\"},\"query-input\":{\"@type\":\"PropertyValueSpecification\",\"valueRequired\":true,\"valueName\":\"search_term_string\"}}],\"inLanguage\":\"en-GB\"},{\"@type\":[\"Person\",\"Organization\"],\"@id\":\"https:\\\/\\\/potteryart.eu\\\/#\\\/schema\\\/person\\\/819de6034d3dd0bbdcc3a95a0b6c7e4d\",\"name\":\"polonazajc_admin\",\"image\":{\"@type\":\"ImageObject\",\"inLanguage\":\"en-GB\",\"@id\":\"https:\\\/\\\/potteryart.eu\\\/wp-content\\\/uploads\\\/2020\\\/12\\\/cropped-Logo-1.png\",\"url\":\"https:\\\/\\\/potteryart.eu\\\/wp-content\\\/uploads\\\/2020\\\/12\\\/cropped-Logo-1.png\",\"contentUrl\":\"https:\\\/\\\/potteryart.eu\\\/wp-content\\\/uploads\\\/2020\\\/12\\\/cropped-Logo-1.png\",\"width\":2113,\"height\":280,\"caption\":\"polonazajc_admin\"},\"logo\":{\"@id\":\"https:\\\/\\\/potteryart.eu\\\/wp-content\\\/uploads\\\/2020\\\/12\\\/cropped-Logo-1.png\"}}]}<\/script>\n<!-- \/ Yoast SEO Premium plugin. -->","yoast_head_json":{"title":"Unikaten glinen kozarec - Zajc Polona","description":"Unikaten glinen kozarec je izdelek pottery art oblikovanje gline Polone Zajc. To je serija glinenih kozarcev, razli\u010dnih oblik in odtenkov.","robots":{"index":"index","follow":"follow","max-snippet":"max-snippet:-1","max-image-preview":"max-image-preview:large","max-video-preview":"max-video-preview:-1"},"canonical":"https:\/\/potteryart.eu\/en_gb\/spletna-trgovina\/unikatni-loncarski-izdelki-iz-kamenine\/unikatni-izdelki-iz-kamenine-za-kuhinjo\/unikaten-glinen-kozarec\/","og_locale":"en_GB","og_type":"article","og_title":"Unikaten glinen kozarec","og_description":"Unikaten glinen kozarec je izdelek pottery art oblikovanje gline Polone Zajc. To je serija glinenih kozarcev, razli\u010dnih oblik in odtenkov.","og_url":"https:\/\/potteryart.eu\/en_gb\/spletna-trgovina\/unikatni-loncarski-izdelki-iz-kamenine\/unikatni-izdelki-iz-kamenine-za-kuhinjo\/unikaten-glinen-kozarec\/","og_site_name":"Zajc Polona","article_modified_time":"2026-01-10T07:40:45+00:00","og_image":[{"width":1623,"height":2560,"url":"https:\/\/potteryart.eu\/wp-content\/uploads\/2026\/01\/91da6c53-4885-4b5c-a09b-780f5a323287-scaled.jpg","type":"image\/jpeg"}],"twitter_card":"summary_large_image","twitter_misc":{"Estimated reading time":"2 minutes"},"schema":{"@context":"https:\/\/schema.org","@graph":[{"@type":"WebPage","@id":"https:\/\/potteryart.eu\/spletna-trgovina\/unikatni-loncarski-izdelki-iz-kamenine\/unikatni-izdelki-iz-kamenine-za-kuhinjo\/unikaten-glinen-kozarec\/","url":"https:\/\/potteryart.eu\/spletna-trgovina\/unikatni-loncarski-izdelki-iz-kamenine\/unikatni-izdelki-iz-kamenine-za-kuhinjo\/unikaten-glinen-kozarec\/","name":"Unikaten glinen kozarec - Zajc Polona","isPartOf":{"@id":"https:\/\/potteryart.eu\/#website"},"primaryImageOfPage":{"@id":"https:\/\/potteryart.eu\/spletna-trgovina\/unikatni-loncarski-izdelki-iz-kamenine\/unikatni-izdelki-iz-kamenine-za-kuhinjo\/unikaten-glinen-kozarec\/#primaryimage"},"image":{"@id":"https:\/\/potteryart.eu\/spletna-trgovina\/unikatni-loncarski-izdelki-iz-kamenine\/unikatni-izdelki-iz-kamenine-za-kuhinjo\/unikaten-glinen-kozarec\/#primaryimage"},"thumbnailUrl":"https:\/\/potteryart.eu\/wp-content\/uploads\/2026\/01\/91da6c53-4885-4b5c-a09b-780f5a323287-scaled.jpg","datePublished":"2026-01-10T06:56:32+00:00","dateModified":"2026-01-10T07:40:45+00:00","description":"Unikaten glinen kozarec je izdelek pottery art oblikovanje gline Polone Zajc. To je serija glinenih kozarcev, razli\u010dnih oblik in odtenkov.","breadcrumb":{"@id":"https:\/\/potteryart.eu\/spletna-trgovina\/unikatni-loncarski-izdelki-iz-kamenine\/unikatni-izdelki-iz-kamenine-za-kuhinjo\/unikaten-glinen-kozarec\/#breadcrumb"},"inLanguage":"en-GB","potentialAction":[{"@type":"ReadAction","target":["https:\/\/potteryart.eu\/spletna-trgovina\/unikatni-loncarski-izdelki-iz-kamenine\/unikatni-izdelki-iz-kamenine-za-kuhinjo\/unikaten-glinen-kozarec\/"]}]},{"@type":"ImageObject","inLanguage":"en-GB","@id":"https:\/\/potteryart.eu\/spletna-trgovina\/unikatni-loncarski-izdelki-iz-kamenine\/unikatni-izdelki-iz-kamenine-za-kuhinjo\/unikaten-glinen-kozarec\/#primaryimage","url":"https:\/\/potteryart.eu\/wp-content\/uploads\/2026\/01\/91da6c53-4885-4b5c-a09b-780f5a323287-scaled.jpg","contentUrl":"https:\/\/potteryart.eu\/wp-content\/uploads\/2026\/01\/91da6c53-4885-4b5c-a09b-780f5a323287-scaled.jpg","width":1623,"height":2560,"caption":"unikaten glinen kozarec, pottery art, serija glinenih kozarcev"},{"@type":"BreadcrumbList","@id":"https:\/\/potteryart.eu\/spletna-trgovina\/unikatni-loncarski-izdelki-iz-kamenine\/unikatni-izdelki-iz-kamenine-za-kuhinjo\/unikaten-glinen-kozarec\/#breadcrumb","itemListElement":[{"@type":"ListItem","position":1,"name":"Home","item":"https:\/\/potteryart.eu\/"},{"@type":"ListItem","position":2,"name":"Spletna trgovina","item":"https:\/\/potteryart.eu\/spletna-trgovina\/"},{"@type":"ListItem","position":3,"name":"Unikaten glinen kozarec"}]},{"@type":"WebSite","@id":"https:\/\/potteryart.eu\/#website","url":"https:\/\/potteryart.eu\/","name":"Zajc Polona","description":"","publisher":{"@id":"https:\/\/potteryart.eu\/#\/schema\/person\/819de6034d3dd0bbdcc3a95a0b6c7e4d"},"potentialAction":[{"@type":"SearchAction","target":{"@type":"EntryPoint","urlTemplate":"https:\/\/potteryart.eu\/?s={search_term_string}"},"query-input":{"@type":"PropertyValueSpecification","valueRequired":true,"valueName":"search_term_string"}}],"inLanguage":"en-GB"},{"@type":["Person","Organization"],"@id":"https:\/\/potteryart.eu\/#\/schema\/person\/819de6034d3dd0bbdcc3a95a0b6c7e4d","name":"polonazajc_admin","image":{"@type":"ImageObject","inLanguage":"en-GB","@id":"https:\/\/potteryart.eu\/wp-content\/uploads\/2020\/12\/cropped-Logo-1.png","url":"https:\/\/potteryart.eu\/wp-content\/uploads\/2020\/12\/cropped-Logo-1.png","contentUrl":"https:\/\/potteryart.eu\/wp-content\/uploads\/2020\/12\/cropped-Logo-1.png","width":2113,"height":280,"caption":"polonazajc_admin"},"logo":{"@id":"https:\/\/potteryart.eu\/wp-content\/uploads\/2020\/12\/cropped-Logo-1.png"}}]}},"_links":{"self":[{"href":"https:\/\/potteryart.eu\/en_gb\/wp-json\/wp\/v2\/product\/4183","targetHints":{"allow":["GET"]}}],"collection":[{"href":"https:\/\/potteryart.eu\/en_gb\/wp-json\/wp\/v2\/product"}],"about":[{"href":"https:\/\/potteryart.eu\/en_gb\/wp-json\/wp\/v2\/types\/product"}],"replies":[{"embeddable":true,"href":"https:\/\/potteryart.eu\/en_gb\/wp-json\/wp\/v2\/comments?post=4183"}],"wp:featuredmedia":[{"embeddable":true,"href":"https:\/\/potteryart.eu\/en_gb\/wp-json\/wp\/v2\/media\/4167"}],"wp:attachment":[{"href":"https:\/\/potteryart.eu\/en_gb\/wp-json\/wp\/v2\/media?parent=4183"}],"wp:term":[{"taxonomy":"product_brand","embeddable":true,"href":"https:\/\/potteryart.eu\/en_gb\/wp-json\/wp\/v2\/product_brand?post=4183"},{"taxonomy":"product_cat","embeddable":true,"href":"https:\/\/potteryart.eu\/en_gb\/wp-json\/wp\/v2\/product_cat?post=4183"},{"taxonomy":"product_tag","embeddable":true,"href":"https:\/\/potteryart.eu\/en_gb\/wp-json\/wp\/v2\/product_tag?post=4183"}],"curies":[{"name":"wp","href":"https:\/\/api.w.org\/{rel}","templated":true}]}}