{"id":4188,"date":"2026-01-11T07:43:31","date_gmt":"2026-01-11T06:43:31","guid":{"rendered":"https:\/\/potteryart.eu\/?post_type=product&#038;p=4188"},"modified":"2026-01-13T06:20:39","modified_gmt":"2026-01-13T05:20:39","slug":"unikatno-srednje-glineno-jajce","status":"publish","type":"product","link":"https:\/\/potteryart.eu\/en_gb\/spletna-trgovina\/unikatni-loncarski-izdelki-iz-kamenine\/unikatni-izdelki-iz-kamenine-za-dom\/unikatno-srednje-glineno-jajce\/","title":{"rendered":"Unique medium-sized clay egg"},"content":{"rendered":"<h1>Unique medium-sized clay egg<\/h1>\n<p>This unique medium-sized clay egg is a product of Polona Zajc's pottery art clay design. It is made using the technique of pouring liquid clay into a plaster mold of her own design. The surface is hand-painted with various colors of glaze. Some have a surface perforated by hand with holes or various patterns characteristic of pottery art clay design. The medium decorative ceramic egg is fired at a temperature of 1200\u00b0C. The colors are durable, as they are intended exclusively for use in coloring clay and go through the firing process. At the top, there is a metal loop on which the unique medium clay egg can be hung. The height of the product is 9 cm.<\/p>\n<h2>Pottery art clay design by Polona Zajc<\/h2>\n<p class=\"translation-block\">Pottery art clay design by Polona Zajc has unique clay pendants and various unique clay eggs in its collection. They are made in different sizes. The largest is carved, with unique handmade clay decorations strung on a string in the middle. This is followed by a unique large and unique small clay egg. All are made exclusively by hand, painted in different colors, and some are perforated with holes, which gives the product a beautiful pattern characteristic of pottery art clay design.<\/p>\n<h3>Medium-sized clay Easter egg<\/h3>\n<p>This medium-sized clay Easter egg is part of a series of unique clay eggs. Its surface is hand-painted with various colors in a characteristic pottery art pattern. This medium-sized decorative clay egg is made as a clay pendant that adorns the home during the Easter holidays. The egg is a characteristic shape that appears at Easter, a holiday that essentially heralds the arrival of spring. At this time, life spreads once again into every pore of our existence, the days grow longer, and people become happier. It is a time when we decorate our homes to make them more beautiful and pleasant to live in. This is also the purpose of the medium-sized Easter egg made of clay in vibrant colors. The clay egg is made exclusively by hand and is unique, as each of its patterns is unrepeatable.<\/p>","protected":false},"excerpt":{"rendered":"<p>Unikatno srednje glineno jajce Unikatno srednje glineno jajce je izdelek pottery art oblikovanje gline Polone Zajc. Narejeno je v tehniki vlivanja teko\u010de gline v mav\u010dni model lastne izdelave. Povr\u0161ina je ro\u010dno poslikana z razli\u010dnimi barvami glazur. Nekateri imajo povr\u0161ino ro\u010dno perforirano z luknjicami ali razli\u010dnimi vzorci, zna\u010dilnimi za pottery art oblikovanje gline.\u00a0 Srednje dekorativno kerami\u010dno [&hellip;]<\/p>\n","protected":false},"featured_media":4181,"comment_status":"open","ping_status":"closed","template":"","meta":[],"product_brand":[],"product_cat":[274,265,268],"product_tag":[],"class_list":{"0":"post-4188","1":"product","2":"type-product","3":"status-publish","4":"has-post-thumbnail","6":"product_cat-unikatni-izdelki-iz-kamenine-za-dom","7":"product_cat-unikatni-loncarski-izdelki-iz-kamenine","8":"product_cat-unikatni-obeski-iz-gline","10":"first","11":"instock","12":"purchasable","13":"product-type-simple"},"yoast_head":"<!-- This site is optimized with the Yoast SEO Premium plugin v27.4 (Yoast SEO v27.4) - https:\/\/yoast.com\/product\/yoast-seo-premium-wordpress\/ -->\n<title>Unikatno srednje glineno jajce - Zajc Polona<\/title>\n<meta name=\"description\" content=\"Unikatno srednje glineno jajce je izdelek pottery art oblikovanje gline Polone Zajc. To je srednje velikono\u010dno jajce iz gline.\" \/>\n<meta name=\"robots\" content=\"index, follow, max-snippet:-1, max-image-preview:large, max-video-preview:-1\" \/>\n<link rel=\"canonical\" href=\"https:\/\/potteryart.eu\/en_gb\/spletna-trgovina\/unikatni-loncarski-izdelki-iz-kamenine\/unikatni-izdelki-iz-kamenine-za-dom\/unikatno-srednje-glineno-jajce\/\" \/>\n<meta property=\"og:locale\" content=\"en_GB\" \/>\n<meta property=\"og:type\" content=\"article\" \/>\n<meta property=\"og:title\" content=\"Unikatno srednje glineno jajce\" \/>\n<meta property=\"og:description\" content=\"Unikatno srednje glineno jajce je izdelek pottery art oblikovanje gline Polone Zajc. To je srednje velikono\u010dno jajce iz gline.\" \/>\n<meta property=\"og:url\" content=\"https:\/\/potteryart.eu\/en_gb\/spletna-trgovina\/unikatni-loncarski-izdelki-iz-kamenine\/unikatni-izdelki-iz-kamenine-za-dom\/unikatno-srednje-glineno-jajce\/\" \/>\n<meta property=\"og:site_name\" content=\"Zajc Polona\" \/>\n<meta property=\"article:modified_time\" content=\"2026-01-13T05:20:39+00:00\" \/>\n<meta property=\"og:image\" content=\"https:\/\/potteryart.eu\/wp-content\/uploads\/2026\/01\/1fa25ac7-f2d3-4dbf-a82e-6a4f8c11c725.jpg\" \/>\n\t<meta property=\"og:image:width\" content=\"1487\" \/>\n\t<meta property=\"og:image:height\" content=\"2044\" \/>\n\t<meta property=\"og:image:type\" content=\"image\/jpeg\" \/>\n<meta name=\"twitter:card\" content=\"summary_large_image\" \/>\n<meta name=\"twitter:label1\" content=\"Estimated reading time\" \/>\n\t<meta name=\"twitter:data1\" content=\"2 minutes\" \/>\n<script type=\"application\/ld+json\" class=\"yoast-schema-graph\">{\"@context\":\"https:\\\/\\\/schema.org\",\"@graph\":[{\"@type\":\"WebPage\",\"@id\":\"https:\\\/\\\/potteryart.eu\\\/spletna-trgovina\\\/unikatni-loncarski-izdelki-iz-kamenine\\\/unikatni-izdelki-iz-kamenine-za-dom\\\/unikatno-srednje-glineno-jajce\\\/\",\"url\":\"https:\\\/\\\/potteryart.eu\\\/spletna-trgovina\\\/unikatni-loncarski-izdelki-iz-kamenine\\\/unikatni-izdelki-iz-kamenine-za-dom\\\/unikatno-srednje-glineno-jajce\\\/\",\"name\":\"Unikatno srednje glineno jajce - Zajc Polona\",\"isPartOf\":{\"@id\":\"https:\\\/\\\/potteryart.eu\\\/#website\"},\"primaryImageOfPage\":{\"@id\":\"https:\\\/\\\/potteryart.eu\\\/spletna-trgovina\\\/unikatni-loncarski-izdelki-iz-kamenine\\\/unikatni-izdelki-iz-kamenine-za-dom\\\/unikatno-srednje-glineno-jajce\\\/#primaryimage\"},\"image\":{\"@id\":\"https:\\\/\\\/potteryart.eu\\\/spletna-trgovina\\\/unikatni-loncarski-izdelki-iz-kamenine\\\/unikatni-izdelki-iz-kamenine-za-dom\\\/unikatno-srednje-glineno-jajce\\\/#primaryimage\"},\"thumbnailUrl\":\"https:\\\/\\\/potteryart.eu\\\/wp-content\\\/uploads\\\/2026\\\/01\\\/1fa25ac7-f2d3-4dbf-a82e-6a4f8c11c725.jpg\",\"datePublished\":\"2026-01-11T06:43:31+00:00\",\"dateModified\":\"2026-01-13T05:20:39+00:00\",\"description\":\"Unikatno srednje glineno jajce je izdelek pottery art oblikovanje gline Polone Zajc. To je srednje velikono\u010dno jajce iz gline.\",\"breadcrumb\":{\"@id\":\"https:\\\/\\\/potteryart.eu\\\/spletna-trgovina\\\/unikatni-loncarski-izdelki-iz-kamenine\\\/unikatni-izdelki-iz-kamenine-za-dom\\\/unikatno-srednje-glineno-jajce\\\/#breadcrumb\"},\"inLanguage\":\"en-GB\",\"potentialAction\":[{\"@type\":\"ReadAction\",\"target\":[\"https:\\\/\\\/potteryart.eu\\\/spletna-trgovina\\\/unikatni-loncarski-izdelki-iz-kamenine\\\/unikatni-izdelki-iz-kamenine-za-dom\\\/unikatno-srednje-glineno-jajce\\\/\"]}]},{\"@type\":\"ImageObject\",\"inLanguage\":\"en-GB\",\"@id\":\"https:\\\/\\\/potteryart.eu\\\/spletna-trgovina\\\/unikatni-loncarski-izdelki-iz-kamenine\\\/unikatni-izdelki-iz-kamenine-za-dom\\\/unikatno-srednje-glineno-jajce\\\/#primaryimage\",\"url\":\"https:\\\/\\\/potteryart.eu\\\/wp-content\\\/uploads\\\/2026\\\/01\\\/1fa25ac7-f2d3-4dbf-a82e-6a4f8c11c725.jpg\",\"contentUrl\":\"https:\\\/\\\/potteryart.eu\\\/wp-content\\\/uploads\\\/2026\\\/01\\\/1fa25ac7-f2d3-4dbf-a82e-6a4f8c11c725.jpg\",\"width\":1487,\"height\":2044,\"caption\":\"Unikatno srednje glineno jajce, pottery art, srednje velikono\u010dno jajce iz gline\"},{\"@type\":\"BreadcrumbList\",\"@id\":\"https:\\\/\\\/potteryart.eu\\\/spletna-trgovina\\\/unikatni-loncarski-izdelki-iz-kamenine\\\/unikatni-izdelki-iz-kamenine-za-dom\\\/unikatno-srednje-glineno-jajce\\\/#breadcrumb\",\"itemListElement\":[{\"@type\":\"ListItem\",\"position\":1,\"name\":\"Home\",\"item\":\"https:\\\/\\\/potteryart.eu\\\/\"},{\"@type\":\"ListItem\",\"position\":2,\"name\":\"Spletna trgovina\",\"item\":\"https:\\\/\\\/potteryart.eu\\\/spletna-trgovina\\\/\"},{\"@type\":\"ListItem\",\"position\":3,\"name\":\"Unikatno srednje glineno jajce\"}]},{\"@type\":\"WebSite\",\"@id\":\"https:\\\/\\\/potteryart.eu\\\/#website\",\"url\":\"https:\\\/\\\/potteryart.eu\\\/\",\"name\":\"Zajc Polona\",\"description\":\"\",\"publisher\":{\"@id\":\"https:\\\/\\\/potteryart.eu\\\/#\\\/schema\\\/person\\\/819de6034d3dd0bbdcc3a95a0b6c7e4d\"},\"potentialAction\":[{\"@type\":\"SearchAction\",\"target\":{\"@type\":\"EntryPoint\",\"urlTemplate\":\"https:\\\/\\\/potteryart.eu\\\/?s={search_term_string}\"},\"query-input\":{\"@type\":\"PropertyValueSpecification\",\"valueRequired\":true,\"valueName\":\"search_term_string\"}}],\"inLanguage\":\"en-GB\"},{\"@type\":[\"Person\",\"Organization\"],\"@id\":\"https:\\\/\\\/potteryart.eu\\\/#\\\/schema\\\/person\\\/819de6034d3dd0bbdcc3a95a0b6c7e4d\",\"name\":\"polonazajc_admin\",\"image\":{\"@type\":\"ImageObject\",\"inLanguage\":\"en-GB\",\"@id\":\"https:\\\/\\\/potteryart.eu\\\/wp-content\\\/uploads\\\/2020\\\/12\\\/cropped-Logo-1.png\",\"url\":\"https:\\\/\\\/potteryart.eu\\\/wp-content\\\/uploads\\\/2020\\\/12\\\/cropped-Logo-1.png\",\"contentUrl\":\"https:\\\/\\\/potteryart.eu\\\/wp-content\\\/uploads\\\/2020\\\/12\\\/cropped-Logo-1.png\",\"width\":2113,\"height\":280,\"caption\":\"polonazajc_admin\"},\"logo\":{\"@id\":\"https:\\\/\\\/potteryart.eu\\\/wp-content\\\/uploads\\\/2020\\\/12\\\/cropped-Logo-1.png\"}}]}<\/script>\n<!-- \/ Yoast SEO Premium plugin. -->","yoast_head_json":{"title":"Unikatno srednje glineno jajce - Zajc Polona","description":"Unikatno srednje glineno jajce je izdelek pottery art oblikovanje gline Polone Zajc. To je srednje velikono\u010dno jajce iz gline.","robots":{"index":"index","follow":"follow","max-snippet":"max-snippet:-1","max-image-preview":"max-image-preview:large","max-video-preview":"max-video-preview:-1"},"canonical":"https:\/\/potteryart.eu\/en_gb\/spletna-trgovina\/unikatni-loncarski-izdelki-iz-kamenine\/unikatni-izdelki-iz-kamenine-za-dom\/unikatno-srednje-glineno-jajce\/","og_locale":"en_GB","og_type":"article","og_title":"Unikatno srednje glineno jajce","og_description":"Unikatno srednje glineno jajce je izdelek pottery art oblikovanje gline Polone Zajc. To je srednje velikono\u010dno jajce iz gline.","og_url":"https:\/\/potteryart.eu\/en_gb\/spletna-trgovina\/unikatni-loncarski-izdelki-iz-kamenine\/unikatni-izdelki-iz-kamenine-za-dom\/unikatno-srednje-glineno-jajce\/","og_site_name":"Zajc Polona","article_modified_time":"2026-01-13T05:20:39+00:00","og_image":[{"width":1487,"height":2044,"url":"https:\/\/potteryart.eu\/wp-content\/uploads\/2026\/01\/1fa25ac7-f2d3-4dbf-a82e-6a4f8c11c725.jpg","type":"image\/jpeg"}],"twitter_card":"summary_large_image","twitter_misc":{"Estimated reading time":"2 minutes"},"schema":{"@context":"https:\/\/schema.org","@graph":[{"@type":"WebPage","@id":"https:\/\/potteryart.eu\/spletna-trgovina\/unikatni-loncarski-izdelki-iz-kamenine\/unikatni-izdelki-iz-kamenine-za-dom\/unikatno-srednje-glineno-jajce\/","url":"https:\/\/potteryart.eu\/spletna-trgovina\/unikatni-loncarski-izdelki-iz-kamenine\/unikatni-izdelki-iz-kamenine-za-dom\/unikatno-srednje-glineno-jajce\/","name":"Unikatno srednje glineno jajce - Zajc Polona","isPartOf":{"@id":"https:\/\/potteryart.eu\/#website"},"primaryImageOfPage":{"@id":"https:\/\/potteryart.eu\/spletna-trgovina\/unikatni-loncarski-izdelki-iz-kamenine\/unikatni-izdelki-iz-kamenine-za-dom\/unikatno-srednje-glineno-jajce\/#primaryimage"},"image":{"@id":"https:\/\/potteryart.eu\/spletna-trgovina\/unikatni-loncarski-izdelki-iz-kamenine\/unikatni-izdelki-iz-kamenine-za-dom\/unikatno-srednje-glineno-jajce\/#primaryimage"},"thumbnailUrl":"https:\/\/potteryart.eu\/wp-content\/uploads\/2026\/01\/1fa25ac7-f2d3-4dbf-a82e-6a4f8c11c725.jpg","datePublished":"2026-01-11T06:43:31+00:00","dateModified":"2026-01-13T05:20:39+00:00","description":"Unikatno srednje glineno jajce je izdelek pottery art oblikovanje gline Polone Zajc. To je srednje velikono\u010dno jajce iz gline.","breadcrumb":{"@id":"https:\/\/potteryart.eu\/spletna-trgovina\/unikatni-loncarski-izdelki-iz-kamenine\/unikatni-izdelki-iz-kamenine-za-dom\/unikatno-srednje-glineno-jajce\/#breadcrumb"},"inLanguage":"en-GB","potentialAction":[{"@type":"ReadAction","target":["https:\/\/potteryart.eu\/spletna-trgovina\/unikatni-loncarski-izdelki-iz-kamenine\/unikatni-izdelki-iz-kamenine-za-dom\/unikatno-srednje-glineno-jajce\/"]}]},{"@type":"ImageObject","inLanguage":"en-GB","@id":"https:\/\/potteryart.eu\/spletna-trgovina\/unikatni-loncarski-izdelki-iz-kamenine\/unikatni-izdelki-iz-kamenine-za-dom\/unikatno-srednje-glineno-jajce\/#primaryimage","url":"https:\/\/potteryart.eu\/wp-content\/uploads\/2026\/01\/1fa25ac7-f2d3-4dbf-a82e-6a4f8c11c725.jpg","contentUrl":"https:\/\/potteryart.eu\/wp-content\/uploads\/2026\/01\/1fa25ac7-f2d3-4dbf-a82e-6a4f8c11c725.jpg","width":1487,"height":2044,"caption":"Unikatno srednje glineno jajce, pottery art, srednje velikono\u010dno jajce iz gline"},{"@type":"BreadcrumbList","@id":"https:\/\/potteryart.eu\/spletna-trgovina\/unikatni-loncarski-izdelki-iz-kamenine\/unikatni-izdelki-iz-kamenine-za-dom\/unikatno-srednje-glineno-jajce\/#breadcrumb","itemListElement":[{"@type":"ListItem","position":1,"name":"Home","item":"https:\/\/potteryart.eu\/"},{"@type":"ListItem","position":2,"name":"Spletna trgovina","item":"https:\/\/potteryart.eu\/spletna-trgovina\/"},{"@type":"ListItem","position":3,"name":"Unikatno srednje glineno jajce"}]},{"@type":"WebSite","@id":"https:\/\/potteryart.eu\/#website","url":"https:\/\/potteryart.eu\/","name":"Zajc Polona","description":"","publisher":{"@id":"https:\/\/potteryart.eu\/#\/schema\/person\/819de6034d3dd0bbdcc3a95a0b6c7e4d"},"potentialAction":[{"@type":"SearchAction","target":{"@type":"EntryPoint","urlTemplate":"https:\/\/potteryart.eu\/?s={search_term_string}"},"query-input":{"@type":"PropertyValueSpecification","valueRequired":true,"valueName":"search_term_string"}}],"inLanguage":"en-GB"},{"@type":["Person","Organization"],"@id":"https:\/\/potteryart.eu\/#\/schema\/person\/819de6034d3dd0bbdcc3a95a0b6c7e4d","name":"polonazajc_admin","image":{"@type":"ImageObject","inLanguage":"en-GB","@id":"https:\/\/potteryart.eu\/wp-content\/uploads\/2020\/12\/cropped-Logo-1.png","url":"https:\/\/potteryart.eu\/wp-content\/uploads\/2020\/12\/cropped-Logo-1.png","contentUrl":"https:\/\/potteryart.eu\/wp-content\/uploads\/2020\/12\/cropped-Logo-1.png","width":2113,"height":280,"caption":"polonazajc_admin"},"logo":{"@id":"https:\/\/potteryart.eu\/wp-content\/uploads\/2020\/12\/cropped-Logo-1.png"}}]}},"_links":{"self":[{"href":"https:\/\/potteryart.eu\/en_gb\/wp-json\/wp\/v2\/product\/4188","targetHints":{"allow":["GET"]}}],"collection":[{"href":"https:\/\/potteryart.eu\/en_gb\/wp-json\/wp\/v2\/product"}],"about":[{"href":"https:\/\/potteryart.eu\/en_gb\/wp-json\/wp\/v2\/types\/product"}],"replies":[{"embeddable":true,"href":"https:\/\/potteryart.eu\/en_gb\/wp-json\/wp\/v2\/comments?post=4188"}],"wp:featuredmedia":[{"embeddable":true,"href":"https:\/\/potteryart.eu\/en_gb\/wp-json\/wp\/v2\/media\/4181"}],"wp:attachment":[{"href":"https:\/\/potteryart.eu\/en_gb\/wp-json\/wp\/v2\/media?parent=4188"}],"wp:term":[{"taxonomy":"product_brand","embeddable":true,"href":"https:\/\/potteryart.eu\/en_gb\/wp-json\/wp\/v2\/product_brand?post=4188"},{"taxonomy":"product_cat","embeddable":true,"href":"https:\/\/potteryart.eu\/en_gb\/wp-json\/wp\/v2\/product_cat?post=4188"},{"taxonomy":"product_tag","embeddable":true,"href":"https:\/\/potteryart.eu\/en_gb\/wp-json\/wp\/v2\/product_tag?post=4188"}],"curies":[{"name":"wp","href":"https:\/\/api.w.org\/{rel}","templated":true}]}}